{"id":207750,"date":"2018-08-31T15:17:24","date_gmt":"2018-08-31T15:17:24","guid":{"rendered":"https:\/\/iha-race.com\/producto\/6-leds-esc-clracing-anschluss-4-stueck\/"},"modified":"2025-04-06T01:11:44","modified_gmt":"2025-04-05T23:11:44","slug":"6-leitende-verbindung-esc-clracing-4-teilig","status":"publish","type":"product","link":"https:\/\/iha-race.com\/de\/producto\/6-leitende-verbindung-esc-clracing-4-teilig\/","title":{"rendered":"6 LEDs + ESC CLRACING Anschluss (4 St\u00fcck)"},"content":{"rendered":"<h2>6 LEDs + ESC CLRACING Anschluss (4 St\u00fcck) &#8211; Verschiedene Farben<\/h2>\n<h2>Spezifikationen:<\/h2>\n<ul>\n<li>Gewicht: 1,1g<\/li>\n<li>Anzahl der LEDs: 6<\/li>\n<li>Gr\u00f6\u00dfe: 9x35x1,6mm<\/li>\n<li>Lipo-Eingang: 3-6S<\/li>\n<li>Farbe: Rot, Wei\u00df, Blau, Blau, Gr\u00fcn, Lila und Gelb<\/li>\n<li>Anzahl der Einheiten: 4 Einheiten<\/li>\n<\/ul>\n<p><a href=\"https:\/\/iha-race.com\/wp-content\/uploads\/2018\/08\/clracing-race-led-4pcs-1-1-1024x1024.jpg\"><img fetchpriority=\"high\" decoding=\"async\" class=\"size-large wp-image-2504\" src=\"https:\/\/iha-race.com\/wp-content\/uploads\/2018\/08\/clracing-race-led-4pcs-1-1-1024x1024.jpg\" alt=\"Led + ESC CLRACING Anschluss (4 St\u00fcck)\" width=\"840\" height=\"840\" srcset=\"https:\/\/iha-race.com\/wp-content\/uploads\/2018\/08\/clracing-race-led-4pcs-1-1-1024x1024.jpg 1024w, https:\/\/iha-race.com\/wp-content\/uploads\/2018\/08\/clracing-race-led-4pcs-1-1-300x300.jpg 300w, https:\/\/iha-race.com\/wp-content\/uploads\/2018\/08\/clracing-race-led-4pcs-1-1-100x100.jpg 100w, https:\/\/iha-race.com\/wp-content\/uploads\/2018\/08\/clracing-race-led-4pcs-1-1-600x600.jpg 600w, https:\/\/iha-race.com\/wp-content\/uploads\/2018\/08\/clracing-race-led-4pcs-1-1-150x150.jpg 150w, https:\/\/iha-race.com\/wp-content\/uploads\/2018\/08\/clracing-race-led-4pcs-1-1-768x768.jpg 768w, https:\/\/iha-race.com\/wp-content\/uploads\/2018\/08\/clracing-race-led-4pcs-1-1-788x788.jpg 788w, https:\/\/iha-race.com\/wp-content\/uploads\/2018\/08\/clracing-race-led-4pcs-1-1.jpg 800w\" sizes=\"(max-width: 840px) 100vw, 840px\" \/><\/a><\/p>\n<p><a href=\"https:\/\/iha-race.com\/wp-content\/uploads\/2018\/08\/Capture-869x1024.jpg\"><img decoding=\"async\" class=\"size-large wp-image-2506\" src=\"https:\/\/iha-race.com\/wp-content\/uploads\/2018\/08\/Capture-869x1024.jpg\" alt=\"Led + ESC CLRACING Anschluss (4 St\u00fcck)\" width=\"840\" height=\"990\" srcset=\"https:\/\/iha-race.com\/wp-content\/uploads\/2018\/08\/Capture-869x1024.jpg 869w, https:\/\/iha-race.com\/wp-content\/uploads\/2018\/08\/Capture-599x706.jpg 599w, https:\/\/iha-race.com\/wp-content\/uploads\/2018\/08\/Capture-255x300.jpg 255w, https:\/\/iha-race.com\/wp-content\/uploads\/2018\/08\/Capture-767x904.jpg 767w, https:\/\/iha-race.com\/wp-content\/uploads\/2018\/08\/Capture-788x928.jpg 788w, https:\/\/iha-race.com\/wp-content\/uploads\/2018\/08\/Capture.jpg 662w\" sizes=\"(max-width: 840px) 100vw, 840px\" \/><\/a><\/p>\n","protected":false},"excerpt":{"rendered":"<p>6 LEDs + ESC CLRACING Anschluss (4 St\u00fcck) &#8211; Verschiedene Farben Spezifikationen: Gewicht: 1,1g Anzahl der LEDs: 6 Gr\u00f6\u00dfe: 9x35x1,6mm Lipo-Eingang: 3-6S Farbe: Rot, Wei\u00df, Blau, Blau, Gr\u00fcn, Lila und<\/p>\n","protected":false},"featured_media":120156,"comment_status":"open","ping_status":"closed","template":"","meta":{"_joinchat":[]},"pwb-brand":[],"product_cat":[2537,2513],"product_tag":[],"class_list":{"0":"post-207750","1":"product","2":"type-product","3":"status-publish","4":"has-post-thumbnail","6":"product_cat-leds-und-buzzer","7":"product_cat-zubehor","9":"first","10":"outofstock","11":"taxable","12":"shipping-taxable","13":"purchasable","14":"product-type-variable"},"barcode":null,"atum_controlled":true,"out_stock_date":null,"out_stock_threshold":null,"inheritable":true,"stock_on_hold":0,"sold_today":0,"sales_last_days":0,"out_stock_days":0,"lost_sales":0,"update_date":"2025-11-10T17:48:01","atum_locations":[],"atum_stock_status":"outofstock","restock_status":false,"low_stock_amount":"","sales_update_date":"2025-11-10T17:48:01","calc_backorders":null,"yoast_head":"<!-- This site is optimized with the Yoast SEO plugin v27.3 - https:\/\/yoast.com\/product\/yoast-seo-wordpress\/ -->\n<title>6 LEDs + ESC CLRACING Anschluss (4 St\u00fcck) - Iha Race<\/title>\n<meta name=\"robots\" content=\"index, follow, max-snippet:-1, max-image-preview:large, max-video-preview:-1\" \/>\n<link rel=\"canonical\" href=\"https:\/\/iha-race.com\/de\/producto\/6-leitende-verbindung-esc-clracing-4-teilig\/\" \/>\n<meta property=\"og:locale\" content=\"de_DE\" \/>\n<meta property=\"og:type\" content=\"article\" \/>\n<meta property=\"og:title\" content=\"6 LEDs + ESC CLRACING Anschluss (4 St\u00fcck) - Iha Race\" \/>\n<meta property=\"og:description\" content=\"6 LEDs + ESC CLRACING Anschluss (4 St\u00fcck) &#8211; Verschiedene Farben Spezifikationen: Gewicht: 1,1g Anzahl der LEDs: 6 Gr\u00f6\u00dfe: 9x35x1,6mm Lipo-Eingang: 3-6S Farbe: Rot, Wei\u00df, Blau, Blau, Gr\u00fcn, Lila und\" \/>\n<meta property=\"og:url\" content=\"https:\/\/iha-race.com\/de\/producto\/6-leitende-verbindung-esc-clracing-4-teilig\/\" \/>\n<meta property=\"og:site_name\" content=\"Iha Race\" \/>\n<meta property=\"article:modified_time\" content=\"2025-04-05T23:11:44+00:00\" \/>\n<meta property=\"og:image\" content=\"https:\/\/iha-race.com\/wp-content\/uploads\/2018\/08\/RACE_LED_2-800x600.jpg\" \/>\n\t<meta property=\"og:image:width\" content=\"800\" \/>\n\t<meta property=\"og:image:height\" content=\"600\" \/>\n\t<meta property=\"og:image:type\" content=\"image\/jpeg\" \/>\n<meta name=\"twitter:card\" content=\"summary_large_image\" \/>\n<script type=\"application\/ld+json\" class=\"yoast-schema-graph\">{\"@context\":\"https:\\\/\\\/schema.org\",\"@graph\":[{\"@type\":\"WebPage\",\"@id\":\"https:\\\/\\\/iha-race.com\\\/de\\\/producto\\\/6-leitende-verbindung-esc-clracing-4-teilig\\\/\",\"url\":\"https:\\\/\\\/iha-race.com\\\/de\\\/producto\\\/6-leitende-verbindung-esc-clracing-4-teilig\\\/\",\"name\":\"6 LEDs + ESC CLRACING Anschluss (4 St\u00fcck) - Iha Race\",\"isPartOf\":{\"@id\":\"https:\\\/\\\/iha-race.com\\\/de\\\/#website\"},\"primaryImageOfPage\":{\"@id\":\"https:\\\/\\\/iha-race.com\\\/de\\\/producto\\\/6-leitende-verbindung-esc-clracing-4-teilig\\\/#primaryimage\"},\"image\":{\"@id\":\"https:\\\/\\\/iha-race.com\\\/de\\\/producto\\\/6-leitende-verbindung-esc-clracing-4-teilig\\\/#primaryimage\"},\"thumbnailUrl\":\"https:\\\/\\\/iha-race.com\\\/wp-content\\\/uploads\\\/2018\\\/08\\\/RACE_LED_2-800x600.jpg\",\"datePublished\":\"2018-08-31T15:17:24+00:00\",\"dateModified\":\"2025-04-05T23:11:44+00:00\",\"breadcrumb\":{\"@id\":\"https:\\\/\\\/iha-race.com\\\/de\\\/producto\\\/6-leitende-verbindung-esc-clracing-4-teilig\\\/#breadcrumb\"},\"inLanguage\":\"de\",\"potentialAction\":[{\"@type\":\"ReadAction\",\"target\":[\"https:\\\/\\\/iha-race.com\\\/de\\\/producto\\\/6-leitende-verbindung-esc-clracing-4-teilig\\\/\"]}]},{\"@type\":\"ImageObject\",\"inLanguage\":\"de\",\"@id\":\"https:\\\/\\\/iha-race.com\\\/de\\\/producto\\\/6-leitende-verbindung-esc-clracing-4-teilig\\\/#primaryimage\",\"url\":\"https:\\\/\\\/iha-race.com\\\/wp-content\\\/uploads\\\/2018\\\/08\\\/RACE_LED_2-800x600.jpg\",\"contentUrl\":\"https:\\\/\\\/iha-race.com\\\/wp-content\\\/uploads\\\/2018\\\/08\\\/RACE_LED_2-800x600.jpg\",\"width\":800,\"height\":600,\"caption\":\"Led + conexi\u00f3n ESC CLRACING comprar en tienda online baratos\"},{\"@type\":\"BreadcrumbList\",\"@id\":\"https:\\\/\\\/iha-race.com\\\/de\\\/producto\\\/6-leitende-verbindung-esc-clracing-4-teilig\\\/#breadcrumb\",\"itemListElement\":[{\"@type\":\"ListItem\",\"position\":1,\"name\":\"Portada\",\"item\":\"https:\\\/\\\/iha-race.com\\\/de\\\/elementor-499\\\/\"},{\"@type\":\"ListItem\",\"position\":2,\"name\":\"Shop\",\"item\":\"https:\\\/\\\/iha-race.com\\\/de\\\/shop\\\/\"},{\"@type\":\"ListItem\",\"position\":3,\"name\":\"6 LEDs + ESC CLRACING Anschluss (4 St\u00fcck)\"}]},{\"@type\":\"WebSite\",\"@id\":\"https:\\\/\\\/iha-race.com\\\/de\\\/#website\",\"url\":\"https:\\\/\\\/iha-race.com\\\/de\\\/\",\"name\":\"Iha Race\",\"description\":\"Comprar drones de carreras FPV env\u00edos en un d\u00eda desde Espa\u00f1a\",\"publisher\":{\"@id\":\"https:\\\/\\\/iha-race.com\\\/de\\\/#organization\"},\"potentialAction\":[{\"@type\":\"SearchAction\",\"target\":{\"@type\":\"EntryPoint\",\"urlTemplate\":\"https:\\\/\\\/iha-race.com\\\/de\\\/?s={search_term_string}\"},\"query-input\":{\"@type\":\"PropertyValueSpecification\",\"valueRequired\":true,\"valueName\":\"search_term_string\"}}],\"inLanguage\":\"de\"},{\"@type\":\"Organization\",\"@id\":\"https:\\\/\\\/iha-race.com\\\/de\\\/#organization\",\"name\":\"Iha Race\",\"url\":\"https:\\\/\\\/iha-race.com\\\/de\\\/\",\"logo\":{\"@type\":\"ImageObject\",\"inLanguage\":\"de\",\"@id\":\"https:\\\/\\\/iha-race.com\\\/de\\\/#\\\/schema\\\/logo\\\/image\\\/\",\"url\":\"https:\\\/\\\/iha-race.com\\\/wp-content\\\/uploads\\\/2018\\\/07\\\/iha-race-drones-de-carreras-tienda-comprar-drones.png\",\"contentUrl\":\"https:\\\/\\\/iha-race.com\\\/wp-content\\\/uploads\\\/2018\\\/07\\\/iha-race-drones-de-carreras-tienda-comprar-drones.png\",\"width\":300,\"height\":100,\"caption\":\"Iha Race\"},\"image\":{\"@id\":\"https:\\\/\\\/iha-race.com\\\/de\\\/#\\\/schema\\\/logo\\\/image\\\/\"}}]}<\/script>\n<!-- \/ Yoast SEO plugin. -->","yoast_head_json":{"title":"6 LEDs + ESC CLRACING Anschluss (4 St\u00fcck) - Iha Race","robots":{"index":"index","follow":"follow","max-snippet":"max-snippet:-1","max-image-preview":"max-image-preview:large","max-video-preview":"max-video-preview:-1"},"canonical":"https:\/\/iha-race.com\/de\/producto\/6-leitende-verbindung-esc-clracing-4-teilig\/","og_locale":"de_DE","og_type":"article","og_title":"6 LEDs + ESC CLRACING Anschluss (4 St\u00fcck) - Iha Race","og_description":"6 LEDs + ESC CLRACING Anschluss (4 St\u00fcck) &#8211; Verschiedene Farben Spezifikationen: Gewicht: 1,1g Anzahl der LEDs: 6 Gr\u00f6\u00dfe: 9x35x1,6mm Lipo-Eingang: 3-6S Farbe: Rot, Wei\u00df, Blau, Blau, Gr\u00fcn, Lila und","og_url":"https:\/\/iha-race.com\/de\/producto\/6-leitende-verbindung-esc-clracing-4-teilig\/","og_site_name":"Iha Race","article_modified_time":"2025-04-05T23:11:44+00:00","og_image":[{"width":800,"height":600,"url":"https:\/\/iha-race.com\/wp-content\/uploads\/2018\/08\/RACE_LED_2-800x600.jpg","type":"image\/jpeg"}],"twitter_card":"summary_large_image","schema":{"@context":"https:\/\/schema.org","@graph":[{"@type":"WebPage","@id":"https:\/\/iha-race.com\/de\/producto\/6-leitende-verbindung-esc-clracing-4-teilig\/","url":"https:\/\/iha-race.com\/de\/producto\/6-leitende-verbindung-esc-clracing-4-teilig\/","name":"6 LEDs + ESC CLRACING Anschluss (4 St\u00fcck) - Iha Race","isPartOf":{"@id":"https:\/\/iha-race.com\/de\/#website"},"primaryImageOfPage":{"@id":"https:\/\/iha-race.com\/de\/producto\/6-leitende-verbindung-esc-clracing-4-teilig\/#primaryimage"},"image":{"@id":"https:\/\/iha-race.com\/de\/producto\/6-leitende-verbindung-esc-clracing-4-teilig\/#primaryimage"},"thumbnailUrl":"https:\/\/iha-race.com\/wp-content\/uploads\/2018\/08\/RACE_LED_2-800x600.jpg","datePublished":"2018-08-31T15:17:24+00:00","dateModified":"2025-04-05T23:11:44+00:00","breadcrumb":{"@id":"https:\/\/iha-race.com\/de\/producto\/6-leitende-verbindung-esc-clracing-4-teilig\/#breadcrumb"},"inLanguage":"de","potentialAction":[{"@type":"ReadAction","target":["https:\/\/iha-race.com\/de\/producto\/6-leitende-verbindung-esc-clracing-4-teilig\/"]}]},{"@type":"ImageObject","inLanguage":"de","@id":"https:\/\/iha-race.com\/de\/producto\/6-leitende-verbindung-esc-clracing-4-teilig\/#primaryimage","url":"https:\/\/iha-race.com\/wp-content\/uploads\/2018\/08\/RACE_LED_2-800x600.jpg","contentUrl":"https:\/\/iha-race.com\/wp-content\/uploads\/2018\/08\/RACE_LED_2-800x600.jpg","width":800,"height":600,"caption":"Led + conexi\u00f3n ESC CLRACING comprar en tienda online baratos"},{"@type":"BreadcrumbList","@id":"https:\/\/iha-race.com\/de\/producto\/6-leitende-verbindung-esc-clracing-4-teilig\/#breadcrumb","itemListElement":[{"@type":"ListItem","position":1,"name":"Portada","item":"https:\/\/iha-race.com\/de\/elementor-499\/"},{"@type":"ListItem","position":2,"name":"Shop","item":"https:\/\/iha-race.com\/de\/shop\/"},{"@type":"ListItem","position":3,"name":"6 LEDs + ESC CLRACING Anschluss (4 St\u00fcck)"}]},{"@type":"WebSite","@id":"https:\/\/iha-race.com\/de\/#website","url":"https:\/\/iha-race.com\/de\/","name":"Iha Race","description":"Comprar drones de carreras FPV env\u00edos en un d\u00eda desde Espa\u00f1a","publisher":{"@id":"https:\/\/iha-race.com\/de\/#organization"},"potentialAction":[{"@type":"SearchAction","target":{"@type":"EntryPoint","urlTemplate":"https:\/\/iha-race.com\/de\/?s={search_term_string}"},"query-input":{"@type":"PropertyValueSpecification","valueRequired":true,"valueName":"search_term_string"}}],"inLanguage":"de"},{"@type":"Organization","@id":"https:\/\/iha-race.com\/de\/#organization","name":"Iha Race","url":"https:\/\/iha-race.com\/de\/","logo":{"@type":"ImageObject","inLanguage":"de","@id":"https:\/\/iha-race.com\/de\/#\/schema\/logo\/image\/","url":"https:\/\/iha-race.com\/wp-content\/uploads\/2018\/07\/iha-race-drones-de-carreras-tienda-comprar-drones.png","contentUrl":"https:\/\/iha-race.com\/wp-content\/uploads\/2018\/07\/iha-race-drones-de-carreras-tienda-comprar-drones.png","width":300,"height":100,"caption":"Iha Race"},"image":{"@id":"https:\/\/iha-race.com\/de\/#\/schema\/logo\/image\/"}}]}},"jetpack_sharing_enabled":true,"brands":[],"_links":{"self":[{"href":"https:\/\/iha-race.com\/de\/wp-json\/wp\/v2\/product\/207750","targetHints":{"allow":["GET"]}}],"collection":[{"href":"https:\/\/iha-race.com\/de\/wp-json\/wp\/v2\/product"}],"about":[{"href":"https:\/\/iha-race.com\/de\/wp-json\/wp\/v2\/types\/product"}],"replies":[{"embeddable":true,"href":"https:\/\/iha-race.com\/de\/wp-json\/wp\/v2\/comments?post=207750"}],"version-history":[{"count":1,"href":"https:\/\/iha-race.com\/de\/wp-json\/wp\/v2\/product\/207750\/revisions"}],"predecessor-version":[{"id":250431,"href":"https:\/\/iha-race.com\/de\/wp-json\/wp\/v2\/product\/207750\/revisions\/250431"}],"wp:featuredmedia":[{"embeddable":true,"href":"https:\/\/iha-race.com\/de\/wp-json\/wp\/v2\/media\/120156"}],"wp:attachment":[{"href":"https:\/\/iha-race.com\/de\/wp-json\/wp\/v2\/media?parent=207750"}],"wp:term":[{"taxonomy":"pwb-brand","embeddable":true,"href":"https:\/\/iha-race.com\/de\/wp-json\/wp\/v2\/pwb-brand?post=207750"},{"taxonomy":"product_cat","embeddable":true,"href":"https:\/\/iha-race.com\/de\/wp-json\/wp\/v2\/product_cat?post=207750"},{"taxonomy":"product_tag","embeddable":true,"href":"https:\/\/iha-race.com\/de\/wp-json\/wp\/v2\/product_tag?post=207750"}],"curies":[{"name":"wp","href":"https:\/\/api.w.org\/{rel}","templated":true}]}}