{"id":207720,"date":"2018-09-07T20:23:48","date_gmt":"2018-09-07T18:23:48","guid":{"rendered":"https:\/\/iha-race.com\/producto\/tbs-oblivion-rahmensatz\/"},"modified":"2024-08-29T16:33:01","modified_gmt":"2024-08-29T14:33:01","slug":"tbs-oblivion-frame-set","status":"publish","type":"product","link":"https:\/\/iha-race.com\/de\/producto\/tbs-oblivion-frame-set\/","title":{"rendered":"TBS Oblivion Rahmensatz"},"content":{"rendered":"<h2>TBS VERGESSENHEIT RAHMENSATZ<\/h2>\n<p>  Der TBS Oblivion Frame kann f\u00fcr den Bau dieses gro\u00dfartigen Ger\u00e4ts oder als Ersatzteilkauf verwendet werden.  <\/p>\n<h3>Eigenschaften des TBS Oblivion Frame SET<\/h3>\n<p>  Hergestellt aus einer praktisch unzerbrechlichen, ma\u00dfgeschneiderten Materialmischung, die nicht nur alle Ihre elektronischen Komponenten sch\u00fctzt, sondern auch ihre Form nach einem Aufprall beibeh\u00e4lt. Der Herstellungsprozess war ein Prozess langwieriger Forschung und sorgf\u00e4ltiger Abw\u00e4gung von Steifigkeit, Haltbarkeit und Gewicht. Das Endergebnis ist eine schlanke, aerodynamisch gestaltete, ultra-robuste Drohne f\u00fcr Rennen, Langstrecken oder Freestyle, die Sie nicht entt\u00e4uschen wird.  <\/p>\n<h3><strong>Wenn Sie das TBS Oblivion kaufen, ist es im Lieferumfang enthalten:<\/strong><\/h3>\n<ul>\n<li>1 x Hauptrahmen<\/li>\n<li>1 x Vordach Rennen<\/li>\n<li>1 x Motortr\u00e4ger<\/li>\n<li>1 x St\u00fctzwerkzeug<\/li>\n<li>1 x Batterieschutz<\/li>\n<li>1 x Kamerahalterung f\u00fcr Anf\u00e4nger<\/li>\n<li>1 x Experten-Kamerahalterung<\/li>\n<li>1 x Batterieband<\/li>\n<\/ul>\n<h3>Tipps f\u00fcr TBS Oblivion Frame SET Piloten<\/h3>\n<p>  Um Ihren eigenen Rahmen zu bauen, m\u00fcssen Sie zus\u00e4tzlich das TBS OBLIVION SCREW SET kaufen. Die Motorbefestigungsl\u00f6cher sind mit Motoren im Cobra-Stil oder mit Motoren mit offenem Boden kompatibel. F\u00fcr Motoren mit 16&#215;16- oder 19&#215;19-Montagemuster k\u00f6nnen nur 2 Schraubenl\u00f6cher verwendet werden. 230x-Motoren passen, aber nur knapp. Schleifen kann erforderlich sein<\/p>\n","protected":false},"excerpt":{"rendered":"<p>Ein kompletter Satz von Rahmen f\u00fcr das TBS Oblivion. F\u00fcr den Fall, dass Sie etwas kaputt machen oder sich inspiriert f\u00fchlen, selbst etwas zu bauen!<\/p>\n","protected":false},"featured_media":124393,"comment_status":"open","ping_status":"closed","template":"","meta":{"_joinchat":[]},"pwb-brand":[],"product_cat":[2579,2670,3669],"product_tag":[],"class_list":{"0":"post-207720","1":"product","2":"type-product","3":"status-publish","4":"has-post-thumbnail","6":"product_cat-fpv-drohnen","7":"product_cat-grose-reichweite","8":"product_cat-rahmen","10":"first","11":"instock","12":"sale","13":"taxable","14":"shipping-taxable","15":"purchasable","16":"product-type-simple"},"barcode":null,"atum_controlled":true,"out_stock_date":null,"out_stock_threshold":null,"inheritable":false,"stock_on_hold":0,"sold_today":0,"sales_last_days":0,"out_stock_days":0,"lost_sales":0,"update_date":"2026-04-25T20:29:13","atum_locations":[],"atum_stock_status":"instock","restock_status":false,"low_stock_amount":0,"sales_update_date":"2026-04-25T20:29:13","calc_backorders":null,"yoast_head":"<!-- This site is optimized with the Yoast SEO plugin v27.3 - https:\/\/yoast.com\/product\/yoast-seo-wordpress\/ -->\n<title>&quot;&quot; TBS OBLIVION FRAME SET &quot;&quot; TeamBlackSheep &amp; Iha-Race<\/title>\n<meta name=\"description\" content=\"Entdecken Sie\u261d den praktisch unzerbrechlichen Rahmen von TBS. Es beh\u00e4lt nach dem Aufprall seine Form und sch\u00fctzt Ihre Bauteile. 24-Stunden-Versand\u2708\ufe0f\u3010 OBLIVION \u3011\" \/>\n<meta name=\"robots\" content=\"index, follow, max-snippet:-1, max-image-preview:large, max-video-preview:-1\" \/>\n<link rel=\"canonical\" href=\"https:\/\/iha-race.com\/de\/producto\/tbs-oblivion-frame-set\/\" \/>\n<meta property=\"og:locale\" content=\"de_DE\" \/>\n<meta property=\"og:type\" content=\"article\" \/>\n<meta property=\"og:title\" content=\"&quot;&quot; TBS OBLIVION FRAME SET &quot;&quot; TeamBlackSheep &amp; Iha-Race\" \/>\n<meta property=\"og:description\" content=\"Entdecken Sie\u261d den praktisch unzerbrechlichen Rahmen von TBS. Es beh\u00e4lt nach dem Aufprall seine Form und sch\u00fctzt Ihre Bauteile. 24-Stunden-Versand\u2708\ufe0f\u3010 OBLIVION \u3011\" \/>\n<meta property=\"og:url\" content=\"https:\/\/iha-race.com\/de\/producto\/tbs-oblivion-frame-set\/\" \/>\n<meta property=\"og:site_name\" content=\"Iha Race\" \/>\n<meta property=\"article:modified_time\" content=\"2024-08-29T14:33:01+00:00\" \/>\n<meta property=\"og:image\" content=\"https:\/\/iha-race.com\/wp-content\/uploads\/2018\/09\/TBS-OBLIVION-FRAME-SET-1.jpg\" \/>\n\t<meta property=\"og:image:width\" content=\"800\" \/>\n\t<meta property=\"og:image:height\" content=\"800\" \/>\n\t<meta property=\"og:image:type\" content=\"image\/jpeg\" \/>\n<meta name=\"twitter:card\" content=\"summary_large_image\" \/>\n<meta name=\"twitter:label1\" content=\"Gesch\u00e4tzte Lesezeit\" \/>\n\t<meta name=\"twitter:data1\" content=\"1\u00a0Minute\" \/>\n<script type=\"application\/ld+json\" class=\"yoast-schema-graph\">{\"@context\":\"https:\\\/\\\/schema.org\",\"@graph\":[{\"@type\":\"WebPage\",\"@id\":\"https:\\\/\\\/iha-race.com\\\/de\\\/producto\\\/tbs-oblivion-frame-set\\\/\",\"url\":\"https:\\\/\\\/iha-race.com\\\/de\\\/producto\\\/tbs-oblivion-frame-set\\\/\",\"name\":\"\\\"\\\" TBS OBLIVION FRAME SET \\\"\\\" TeamBlackSheep & Iha-Race\",\"isPartOf\":{\"@id\":\"https:\\\/\\\/iha-race.com\\\/de\\\/#website\"},\"primaryImageOfPage\":{\"@id\":\"https:\\\/\\\/iha-race.com\\\/de\\\/producto\\\/tbs-oblivion-frame-set\\\/#primaryimage\"},\"image\":{\"@id\":\"https:\\\/\\\/iha-race.com\\\/de\\\/producto\\\/tbs-oblivion-frame-set\\\/#primaryimage\"},\"thumbnailUrl\":\"https:\\\/\\\/iha-race.com\\\/wp-content\\\/uploads\\\/2018\\\/09\\\/TBS-OBLIVION-FRAME-SET-1.jpg\",\"datePublished\":\"2018-09-07T18:23:48+00:00\",\"dateModified\":\"2024-08-29T14:33:01+00:00\",\"description\":\"Entdecken Sie\u261d den praktisch unzerbrechlichen Rahmen von TBS. Es beh\u00e4lt nach dem Aufprall seine Form und sch\u00fctzt Ihre Bauteile. 24-Stunden-Versand\u2708\ufe0f\u3010 OBLIVION \u3011\",\"breadcrumb\":{\"@id\":\"https:\\\/\\\/iha-race.com\\\/de\\\/producto\\\/tbs-oblivion-frame-set\\\/#breadcrumb\"},\"inLanguage\":\"de\",\"potentialAction\":[{\"@type\":\"ReadAction\",\"target\":[\"https:\\\/\\\/iha-race.com\\\/de\\\/producto\\\/tbs-oblivion-frame-set\\\/\"]}]},{\"@type\":\"ImageObject\",\"inLanguage\":\"de\",\"@id\":\"https:\\\/\\\/iha-race.com\\\/de\\\/producto\\\/tbs-oblivion-frame-set\\\/#primaryimage\",\"url\":\"https:\\\/\\\/iha-race.com\\\/wp-content\\\/uploads\\\/2018\\\/09\\\/TBS-OBLIVION-FRAME-SET-1.jpg\",\"contentUrl\":\"https:\\\/\\\/iha-race.com\\\/wp-content\\\/uploads\\\/2018\\\/09\\\/TBS-OBLIVION-FRAME-SET-1.jpg\",\"width\":800,\"height\":800},{\"@type\":\"BreadcrumbList\",\"@id\":\"https:\\\/\\\/iha-race.com\\\/de\\\/producto\\\/tbs-oblivion-frame-set\\\/#breadcrumb\",\"itemListElement\":[{\"@type\":\"ListItem\",\"position\":1,\"name\":\"Portada\",\"item\":\"https:\\\/\\\/iha-race.com\\\/de\\\/elementor-499\\\/\"},{\"@type\":\"ListItem\",\"position\":2,\"name\":\"Shop\",\"item\":\"https:\\\/\\\/iha-race.com\\\/de\\\/shop\\\/\"},{\"@type\":\"ListItem\",\"position\":3,\"name\":\"TBS Oblivion Rahmensatz\"}]},{\"@type\":\"WebSite\",\"@id\":\"https:\\\/\\\/iha-race.com\\\/de\\\/#website\",\"url\":\"https:\\\/\\\/iha-race.com\\\/de\\\/\",\"name\":\"Iha Race\",\"description\":\"Comprar drones de carreras FPV env\u00edos en un d\u00eda desde Espa\u00f1a\",\"publisher\":{\"@id\":\"https:\\\/\\\/iha-race.com\\\/de\\\/#organization\"},\"potentialAction\":[{\"@type\":\"SearchAction\",\"target\":{\"@type\":\"EntryPoint\",\"urlTemplate\":\"https:\\\/\\\/iha-race.com\\\/de\\\/?s={search_term_string}\"},\"query-input\":{\"@type\":\"PropertyValueSpecification\",\"valueRequired\":true,\"valueName\":\"search_term_string\"}}],\"inLanguage\":\"de\"},{\"@type\":\"Organization\",\"@id\":\"https:\\\/\\\/iha-race.com\\\/de\\\/#organization\",\"name\":\"Iha Race\",\"url\":\"https:\\\/\\\/iha-race.com\\\/de\\\/\",\"logo\":{\"@type\":\"ImageObject\",\"inLanguage\":\"de\",\"@id\":\"https:\\\/\\\/iha-race.com\\\/de\\\/#\\\/schema\\\/logo\\\/image\\\/\",\"url\":\"https:\\\/\\\/iha-race.com\\\/wp-content\\\/uploads\\\/2018\\\/07\\\/iha-race-drones-de-carreras-tienda-comprar-drones.png\",\"contentUrl\":\"https:\\\/\\\/iha-race.com\\\/wp-content\\\/uploads\\\/2018\\\/07\\\/iha-race-drones-de-carreras-tienda-comprar-drones.png\",\"width\":300,\"height\":100,\"caption\":\"Iha Race\"},\"image\":{\"@id\":\"https:\\\/\\\/iha-race.com\\\/de\\\/#\\\/schema\\\/logo\\\/image\\\/\"}}]}<\/script>\n<!-- \/ Yoast SEO plugin. -->","yoast_head_json":{"title":"\"\" TBS OBLIVION FRAME SET \"\" TeamBlackSheep & Iha-Race","description":"Entdecken Sie\u261d den praktisch unzerbrechlichen Rahmen von TBS. Es beh\u00e4lt nach dem Aufprall seine Form und sch\u00fctzt Ihre Bauteile. 24-Stunden-Versand\u2708\ufe0f\u3010 OBLIVION \u3011","robots":{"index":"index","follow":"follow","max-snippet":"max-snippet:-1","max-image-preview":"max-image-preview:large","max-video-preview":"max-video-preview:-1"},"canonical":"https:\/\/iha-race.com\/de\/producto\/tbs-oblivion-frame-set\/","og_locale":"de_DE","og_type":"article","og_title":"\"\" TBS OBLIVION FRAME SET \"\" TeamBlackSheep & Iha-Race","og_description":"Entdecken Sie\u261d den praktisch unzerbrechlichen Rahmen von TBS. Es beh\u00e4lt nach dem Aufprall seine Form und sch\u00fctzt Ihre Bauteile. 24-Stunden-Versand\u2708\ufe0f\u3010 OBLIVION \u3011","og_url":"https:\/\/iha-race.com\/de\/producto\/tbs-oblivion-frame-set\/","og_site_name":"Iha Race","article_modified_time":"2024-08-29T14:33:01+00:00","og_image":[{"width":800,"height":800,"url":"https:\/\/iha-race.com\/wp-content\/uploads\/2018\/09\/TBS-OBLIVION-FRAME-SET-1.jpg","type":"image\/jpeg"}],"twitter_card":"summary_large_image","twitter_misc":{"Gesch\u00e4tzte Lesezeit":"1\u00a0Minute"},"schema":{"@context":"https:\/\/schema.org","@graph":[{"@type":"WebPage","@id":"https:\/\/iha-race.com\/de\/producto\/tbs-oblivion-frame-set\/","url":"https:\/\/iha-race.com\/de\/producto\/tbs-oblivion-frame-set\/","name":"\"\" TBS OBLIVION FRAME SET \"\" TeamBlackSheep & Iha-Race","isPartOf":{"@id":"https:\/\/iha-race.com\/de\/#website"},"primaryImageOfPage":{"@id":"https:\/\/iha-race.com\/de\/producto\/tbs-oblivion-frame-set\/#primaryimage"},"image":{"@id":"https:\/\/iha-race.com\/de\/producto\/tbs-oblivion-frame-set\/#primaryimage"},"thumbnailUrl":"https:\/\/iha-race.com\/wp-content\/uploads\/2018\/09\/TBS-OBLIVION-FRAME-SET-1.jpg","datePublished":"2018-09-07T18:23:48+00:00","dateModified":"2024-08-29T14:33:01+00:00","description":"Entdecken Sie\u261d den praktisch unzerbrechlichen Rahmen von TBS. Es beh\u00e4lt nach dem Aufprall seine Form und sch\u00fctzt Ihre Bauteile. 24-Stunden-Versand\u2708\ufe0f\u3010 OBLIVION \u3011","breadcrumb":{"@id":"https:\/\/iha-race.com\/de\/producto\/tbs-oblivion-frame-set\/#breadcrumb"},"inLanguage":"de","potentialAction":[{"@type":"ReadAction","target":["https:\/\/iha-race.com\/de\/producto\/tbs-oblivion-frame-set\/"]}]},{"@type":"ImageObject","inLanguage":"de","@id":"https:\/\/iha-race.com\/de\/producto\/tbs-oblivion-frame-set\/#primaryimage","url":"https:\/\/iha-race.com\/wp-content\/uploads\/2018\/09\/TBS-OBLIVION-FRAME-SET-1.jpg","contentUrl":"https:\/\/iha-race.com\/wp-content\/uploads\/2018\/09\/TBS-OBLIVION-FRAME-SET-1.jpg","width":800,"height":800},{"@type":"BreadcrumbList","@id":"https:\/\/iha-race.com\/de\/producto\/tbs-oblivion-frame-set\/#breadcrumb","itemListElement":[{"@type":"ListItem","position":1,"name":"Portada","item":"https:\/\/iha-race.com\/de\/elementor-499\/"},{"@type":"ListItem","position":2,"name":"Shop","item":"https:\/\/iha-race.com\/de\/shop\/"},{"@type":"ListItem","position":3,"name":"TBS Oblivion Rahmensatz"}]},{"@type":"WebSite","@id":"https:\/\/iha-race.com\/de\/#website","url":"https:\/\/iha-race.com\/de\/","name":"Iha Race","description":"Comprar drones de carreras FPV env\u00edos en un d\u00eda desde Espa\u00f1a","publisher":{"@id":"https:\/\/iha-race.com\/de\/#organization"},"potentialAction":[{"@type":"SearchAction","target":{"@type":"EntryPoint","urlTemplate":"https:\/\/iha-race.com\/de\/?s={search_term_string}"},"query-input":{"@type":"PropertyValueSpecification","valueRequired":true,"valueName":"search_term_string"}}],"inLanguage":"de"},{"@type":"Organization","@id":"https:\/\/iha-race.com\/de\/#organization","name":"Iha Race","url":"https:\/\/iha-race.com\/de\/","logo":{"@type":"ImageObject","inLanguage":"de","@id":"https:\/\/iha-race.com\/de\/#\/schema\/logo\/image\/","url":"https:\/\/iha-race.com\/wp-content\/uploads\/2018\/07\/iha-race-drones-de-carreras-tienda-comprar-drones.png","contentUrl":"https:\/\/iha-race.com\/wp-content\/uploads\/2018\/07\/iha-race-drones-de-carreras-tienda-comprar-drones.png","width":300,"height":100,"caption":"Iha Race"},"image":{"@id":"https:\/\/iha-race.com\/de\/#\/schema\/logo\/image\/"}}]}},"jetpack_sharing_enabled":true,"brands":[],"_links":{"self":[{"href":"https:\/\/iha-race.com\/de\/wp-json\/wp\/v2\/product\/207720","targetHints":{"allow":["GET"]}}],"collection":[{"href":"https:\/\/iha-race.com\/de\/wp-json\/wp\/v2\/product"}],"about":[{"href":"https:\/\/iha-race.com\/de\/wp-json\/wp\/v2\/types\/product"}],"replies":[{"embeddable":true,"href":"https:\/\/iha-race.com\/de\/wp-json\/wp\/v2\/comments?post=207720"}],"version-history":[{"count":2,"href":"https:\/\/iha-race.com\/de\/wp-json\/wp\/v2\/product\/207720\/revisions"}],"predecessor-version":[{"id":250387,"href":"https:\/\/iha-race.com\/de\/wp-json\/wp\/v2\/product\/207720\/revisions\/250387"}],"wp:featuredmedia":[{"embeddable":true,"href":"https:\/\/iha-race.com\/de\/wp-json\/wp\/v2\/media\/124393"}],"wp:attachment":[{"href":"https:\/\/iha-race.com\/de\/wp-json\/wp\/v2\/media?parent=207720"}],"wp:term":[{"taxonomy":"pwb-brand","embeddable":true,"href":"https:\/\/iha-race.com\/de\/wp-json\/wp\/v2\/pwb-brand?post=207720"},{"taxonomy":"product_cat","embeddable":true,"href":"https:\/\/iha-race.com\/de\/wp-json\/wp\/v2\/product_cat?post=207720"},{"taxonomy":"product_tag","embeddable":true,"href":"https:\/\/iha-race.com\/de\/wp-json\/wp\/v2\/product_tag?post=207720"}],"curies":[{"name":"wp","href":"https:\/\/api.w.org\/{rel}","templated":true}]}}