{"id":207719,"date":"2018-07-25T07:44:56","date_gmt":"2018-07-25T05:44:56","guid":{"rendered":"https:\/\/iha-race.com\/producto\/fpv-antennenanschluss-45o-alle-modelle-2-stueck\/"},"modified":"2026-03-21T19:38:55","modified_gmt":"2026-03-21T18:38:55","slug":"antennenanschluss-fpv-45-alle-modelle-2-einheiten","status":"publish","type":"product","link":"https:\/\/iha-race.com\/de\/producto\/antennenanschluss-fpv-45-alle-modelle-2-einheiten\/","title":{"rendered":"FPV-Antennenanschluss 45\u00ba Alle Modelle (2 St\u00fcck)"},"content":{"rendered":"<h3>FPV-Antennenanschluss 45\u00ba Alle Modelle (2 St\u00fcck)<\/h3>\n<p>  Ein v\u00f6llig neues Design, 5.8G Antennenanschluss f\u00fcr FPV-Luftaufnahmen. Alle Produkte unterliegen einer strengen Qualit\u00e4tskontrolle, das Stehwellenverh\u00e4ltnis ist kleiner als 1,5. Dies ist genau die erste Wahl f\u00fcr FPV, und es kann die Startdistanz und den Winkel effektiv verl\u00e4ngern. <strong>Spezifikationen:<\/strong> Gesamtgewicht: 15g\/500oz<\/p>\n","protected":false},"excerpt":{"rendered":"<p>FPV-Antennenanschluss 45\u00ba Alle Modelle (2 St\u00fcck) Ein v\u00f6llig neues Design, 5.8G Antennenanschluss f\u00fcr FPV-Luftaufnahmen. Alle Produkte unterliegen einer strengen Qualit\u00e4tskontrolle, das Stehwellenverh\u00e4ltnis ist kleiner als 1,5. Dies ist genau die<\/p>\n","protected":false},"featured_media":124588,"comment_status":"open","ping_status":"closed","template":"","meta":{"_joinchat":[]},"pwb-brand":[3586],"product_cat":[2591,2515,2513],"product_tag":[],"class_list":{"0":"post-207719","1":"product","2":"type-product","3":"status-publish","4":"has-post-thumbnail","6":"pwb-brand-iha-race","7":"product_cat-antennen-zubehor","8":"product_cat-steckverbinder","9":"product_cat-zubehor","11":"first","12":"instock","13":"taxable","14":"shipping-taxable","15":"purchasable","16":"product-type-variable"},"barcode":null,"atum_controlled":true,"out_stock_date":null,"out_stock_threshold":null,"inheritable":true,"stock_on_hold":0,"sold_today":0,"sales_last_days":1,"out_stock_days":0,"lost_sales":0,"update_date":"2026-04-08T10:17:16","atum_locations":[],"atum_stock_status":"instock","restock_status":false,"low_stock_amount":"","sales_update_date":"2026-04-08T10:17:16","calc_backorders":null,"yoast_head":"<!-- This site is optimized with the Yoast SEO plugin v27.3 - https:\/\/yoast.com\/product\/yoast-seo-wordpress\/ -->\n<title>FPV-Antennenanschluss 45\u00ba Alle Modelle (2 St\u00fcck) - Iha Race<\/title>\n<meta name=\"robots\" content=\"noindex, follow\" \/>\n<meta property=\"og:locale\" content=\"de_DE\" \/>\n<meta property=\"og:type\" content=\"article\" \/>\n<meta property=\"og:title\" content=\"FPV-Antennenanschluss 45\u00ba Alle Modelle (2 St\u00fcck) - Iha Race\" \/>\n<meta property=\"og:description\" content=\"FPV-Antennenanschluss 45\u00ba Alle Modelle (2 St\u00fcck) Ein v\u00f6llig neues Design, 5.8G Antennenanschluss f\u00fcr FPV-Luftaufnahmen. Alle Produkte unterliegen einer strengen Qualit\u00e4tskontrolle, das Stehwellenverh\u00e4ltnis ist kleiner als 1,5. Dies ist genau die\" \/>\n<meta property=\"og:url\" content=\"https:\/\/iha-race.com\/de\/producto\/antennenanschluss-fpv-45-alle-modelle-2-einheiten\/\" \/>\n<meta property=\"og:site_name\" content=\"Iha Race\" \/>\n<meta property=\"article:modified_time\" content=\"2026-03-21T18:38:55+00:00\" \/>\n<meta property=\"og:image\" content=\"https:\/\/iha-race.com\/wp-content\/uploads\/2018\/07\/conector-de-antenas-fpv-45-1.jpg\" \/>\n\t<meta property=\"og:image:width\" content=\"800\" \/>\n\t<meta property=\"og:image:height\" content=\"800\" \/>\n\t<meta property=\"og:image:type\" content=\"image\/jpeg\" \/>\n<meta name=\"twitter:card\" content=\"summary_large_image\" \/>\n<script type=\"application\/ld+json\" class=\"yoast-schema-graph\">{\"@context\":\"https:\\\/\\\/schema.org\",\"@graph\":[{\"@type\":\"WebPage\",\"@id\":\"https:\\\/\\\/iha-race.com\\\/de\\\/producto\\\/antennenanschluss-fpv-45-alle-modelle-2-einheiten\\\/\",\"url\":\"https:\\\/\\\/iha-race.com\\\/de\\\/producto\\\/antennenanschluss-fpv-45-alle-modelle-2-einheiten\\\/\",\"name\":\"FPV-Antennenanschluss 45\u00ba Alle Modelle (2 St\u00fcck) - Iha Race\",\"isPartOf\":{\"@id\":\"https:\\\/\\\/iha-race.com\\\/de\\\/#website\"},\"primaryImageOfPage\":{\"@id\":\"https:\\\/\\\/iha-race.com\\\/de\\\/producto\\\/antennenanschluss-fpv-45-alle-modelle-2-einheiten\\\/#primaryimage\"},\"image\":{\"@id\":\"https:\\\/\\\/iha-race.com\\\/de\\\/producto\\\/antennenanschluss-fpv-45-alle-modelle-2-einheiten\\\/#primaryimage\"},\"thumbnailUrl\":\"https:\\\/\\\/iha-race.com\\\/wp-content\\\/uploads\\\/2018\\\/07\\\/conector-de-antenas-fpv-45-1.jpg\",\"datePublished\":\"2018-07-25T05:44:56+00:00\",\"dateModified\":\"2026-03-21T18:38:55+00:00\",\"breadcrumb\":{\"@id\":\"https:\\\/\\\/iha-race.com\\\/de\\\/producto\\\/antennenanschluss-fpv-45-alle-modelle-2-einheiten\\\/#breadcrumb\"},\"inLanguage\":\"de\",\"potentialAction\":[{\"@type\":\"ReadAction\",\"target\":[\"https:\\\/\\\/iha-race.com\\\/de\\\/producto\\\/antennenanschluss-fpv-45-alle-modelle-2-einheiten\\\/\"]}]},{\"@type\":\"ImageObject\",\"inLanguage\":\"de\",\"@id\":\"https:\\\/\\\/iha-race.com\\\/de\\\/producto\\\/antennenanschluss-fpv-45-alle-modelle-2-einheiten\\\/#primaryimage\",\"url\":\"https:\\\/\\\/iha-race.com\\\/wp-content\\\/uploads\\\/2018\\\/07\\\/conector-de-antenas-fpv-45-1.jpg\",\"contentUrl\":\"https:\\\/\\\/iha-race.com\\\/wp-content\\\/uploads\\\/2018\\\/07\\\/conector-de-antenas-fpv-45-1.jpg\",\"width\":800,\"height\":800},{\"@type\":\"BreadcrumbList\",\"@id\":\"https:\\\/\\\/iha-race.com\\\/de\\\/producto\\\/antennenanschluss-fpv-45-alle-modelle-2-einheiten\\\/#breadcrumb\",\"itemListElement\":[{\"@type\":\"ListItem\",\"position\":1,\"name\":\"Portada\",\"item\":\"https:\\\/\\\/iha-race.com\\\/de\\\/elementor-499\\\/\"},{\"@type\":\"ListItem\",\"position\":2,\"name\":\"Shop\",\"item\":\"https:\\\/\\\/iha-race.com\\\/de\\\/shop\\\/\"},{\"@type\":\"ListItem\",\"position\":3,\"name\":\"FPV-Antennenanschluss 45\u00ba Alle Modelle (2 St\u00fcck)\"}]},{\"@type\":\"WebSite\",\"@id\":\"https:\\\/\\\/iha-race.com\\\/de\\\/#website\",\"url\":\"https:\\\/\\\/iha-race.com\\\/de\\\/\",\"name\":\"Iha Race\",\"description\":\"Comprar drones de carreras FPV env\u00edos en un d\u00eda desde Espa\u00f1a\",\"publisher\":{\"@id\":\"https:\\\/\\\/iha-race.com\\\/de\\\/#organization\"},\"potentialAction\":[{\"@type\":\"SearchAction\",\"target\":{\"@type\":\"EntryPoint\",\"urlTemplate\":\"https:\\\/\\\/iha-race.com\\\/de\\\/?s={search_term_string}\"},\"query-input\":{\"@type\":\"PropertyValueSpecification\",\"valueRequired\":true,\"valueName\":\"search_term_string\"}}],\"inLanguage\":\"de\"},{\"@type\":\"Organization\",\"@id\":\"https:\\\/\\\/iha-race.com\\\/de\\\/#organization\",\"name\":\"Iha Race\",\"url\":\"https:\\\/\\\/iha-race.com\\\/de\\\/\",\"logo\":{\"@type\":\"ImageObject\",\"inLanguage\":\"de\",\"@id\":\"https:\\\/\\\/iha-race.com\\\/de\\\/#\\\/schema\\\/logo\\\/image\\\/\",\"url\":\"https:\\\/\\\/iha-race.com\\\/wp-content\\\/uploads\\\/2018\\\/07\\\/iha-race-drones-de-carreras-tienda-comprar-drones.png\",\"contentUrl\":\"https:\\\/\\\/iha-race.com\\\/wp-content\\\/uploads\\\/2018\\\/07\\\/iha-race-drones-de-carreras-tienda-comprar-drones.png\",\"width\":300,\"height\":100,\"caption\":\"Iha Race\"},\"image\":{\"@id\":\"https:\\\/\\\/iha-race.com\\\/de\\\/#\\\/schema\\\/logo\\\/image\\\/\"}}]}<\/script>\n<!-- \/ Yoast SEO plugin. -->","yoast_head_json":{"title":"FPV-Antennenanschluss 45\u00ba Alle Modelle (2 St\u00fcck) - Iha Race","robots":{"index":"noindex","follow":"follow"},"og_locale":"de_DE","og_type":"article","og_title":"FPV-Antennenanschluss 45\u00ba Alle Modelle (2 St\u00fcck) - Iha Race","og_description":"FPV-Antennenanschluss 45\u00ba Alle Modelle (2 St\u00fcck) Ein v\u00f6llig neues Design, 5.8G Antennenanschluss f\u00fcr FPV-Luftaufnahmen. Alle Produkte unterliegen einer strengen Qualit\u00e4tskontrolle, das Stehwellenverh\u00e4ltnis ist kleiner als 1,5. Dies ist genau die","og_url":"https:\/\/iha-race.com\/de\/producto\/antennenanschluss-fpv-45-alle-modelle-2-einheiten\/","og_site_name":"Iha Race","article_modified_time":"2026-03-21T18:38:55+00:00","og_image":[{"width":800,"height":800,"url":"https:\/\/iha-race.com\/wp-content\/uploads\/2018\/07\/conector-de-antenas-fpv-45-1.jpg","type":"image\/jpeg"}],"twitter_card":"summary_large_image","schema":{"@context":"https:\/\/schema.org","@graph":[{"@type":"WebPage","@id":"https:\/\/iha-race.com\/de\/producto\/antennenanschluss-fpv-45-alle-modelle-2-einheiten\/","url":"https:\/\/iha-race.com\/de\/producto\/antennenanschluss-fpv-45-alle-modelle-2-einheiten\/","name":"FPV-Antennenanschluss 45\u00ba Alle Modelle (2 St\u00fcck) - Iha Race","isPartOf":{"@id":"https:\/\/iha-race.com\/de\/#website"},"primaryImageOfPage":{"@id":"https:\/\/iha-race.com\/de\/producto\/antennenanschluss-fpv-45-alle-modelle-2-einheiten\/#primaryimage"},"image":{"@id":"https:\/\/iha-race.com\/de\/producto\/antennenanschluss-fpv-45-alle-modelle-2-einheiten\/#primaryimage"},"thumbnailUrl":"https:\/\/iha-race.com\/wp-content\/uploads\/2018\/07\/conector-de-antenas-fpv-45-1.jpg","datePublished":"2018-07-25T05:44:56+00:00","dateModified":"2026-03-21T18:38:55+00:00","breadcrumb":{"@id":"https:\/\/iha-race.com\/de\/producto\/antennenanschluss-fpv-45-alle-modelle-2-einheiten\/#breadcrumb"},"inLanguage":"de","potentialAction":[{"@type":"ReadAction","target":["https:\/\/iha-race.com\/de\/producto\/antennenanschluss-fpv-45-alle-modelle-2-einheiten\/"]}]},{"@type":"ImageObject","inLanguage":"de","@id":"https:\/\/iha-race.com\/de\/producto\/antennenanschluss-fpv-45-alle-modelle-2-einheiten\/#primaryimage","url":"https:\/\/iha-race.com\/wp-content\/uploads\/2018\/07\/conector-de-antenas-fpv-45-1.jpg","contentUrl":"https:\/\/iha-race.com\/wp-content\/uploads\/2018\/07\/conector-de-antenas-fpv-45-1.jpg","width":800,"height":800},{"@type":"BreadcrumbList","@id":"https:\/\/iha-race.com\/de\/producto\/antennenanschluss-fpv-45-alle-modelle-2-einheiten\/#breadcrumb","itemListElement":[{"@type":"ListItem","position":1,"name":"Portada","item":"https:\/\/iha-race.com\/de\/elementor-499\/"},{"@type":"ListItem","position":2,"name":"Shop","item":"https:\/\/iha-race.com\/de\/shop\/"},{"@type":"ListItem","position":3,"name":"FPV-Antennenanschluss 45\u00ba Alle Modelle (2 St\u00fcck)"}]},{"@type":"WebSite","@id":"https:\/\/iha-race.com\/de\/#website","url":"https:\/\/iha-race.com\/de\/","name":"Iha Race","description":"Comprar drones de carreras FPV env\u00edos en un d\u00eda desde Espa\u00f1a","publisher":{"@id":"https:\/\/iha-race.com\/de\/#organization"},"potentialAction":[{"@type":"SearchAction","target":{"@type":"EntryPoint","urlTemplate":"https:\/\/iha-race.com\/de\/?s={search_term_string}"},"query-input":{"@type":"PropertyValueSpecification","valueRequired":true,"valueName":"search_term_string"}}],"inLanguage":"de"},{"@type":"Organization","@id":"https:\/\/iha-race.com\/de\/#organization","name":"Iha Race","url":"https:\/\/iha-race.com\/de\/","logo":{"@type":"ImageObject","inLanguage":"de","@id":"https:\/\/iha-race.com\/de\/#\/schema\/logo\/image\/","url":"https:\/\/iha-race.com\/wp-content\/uploads\/2018\/07\/iha-race-drones-de-carreras-tienda-comprar-drones.png","contentUrl":"https:\/\/iha-race.com\/wp-content\/uploads\/2018\/07\/iha-race-drones-de-carreras-tienda-comprar-drones.png","width":300,"height":100,"caption":"Iha Race"},"image":{"@id":"https:\/\/iha-race.com\/de\/#\/schema\/logo\/image\/"}}]}},"brands":[{"id":3586,"name":"IHA Race","slug":"iha-race"}],"_links":{"self":[{"href":"https:\/\/iha-race.com\/de\/wp-json\/wp\/v2\/product\/207719","targetHints":{"allow":["GET"]}}],"collection":[{"href":"https:\/\/iha-race.com\/de\/wp-json\/wp\/v2\/product"}],"about":[{"href":"https:\/\/iha-race.com\/de\/wp-json\/wp\/v2\/types\/product"}],"replies":[{"embeddable":true,"href":"https:\/\/iha-race.com\/de\/wp-json\/wp\/v2\/comments?post=207719"}],"version-history":[{"count":2,"href":"https:\/\/iha-race.com\/de\/wp-json\/wp\/v2\/product\/207719\/revisions"}],"predecessor-version":[{"id":250467,"href":"https:\/\/iha-race.com\/de\/wp-json\/wp\/v2\/product\/207719\/revisions\/250467"}],"wp:featuredmedia":[{"embeddable":true,"href":"https:\/\/iha-race.com\/de\/wp-json\/wp\/v2\/media\/124588"}],"wp:attachment":[{"href":"https:\/\/iha-race.com\/de\/wp-json\/wp\/v2\/media?parent=207719"}],"wp:term":[{"taxonomy":"pwb-brand","embeddable":true,"href":"https:\/\/iha-race.com\/de\/wp-json\/wp\/v2\/pwb-brand?post=207719"},{"taxonomy":"product_cat","embeddable":true,"href":"https:\/\/iha-race.com\/de\/wp-json\/wp\/v2\/product_cat?post=207719"},{"taxonomy":"product_tag","embeddable":true,"href":"https:\/\/iha-race.com\/de\/wp-json\/wp\/v2\/product_tag?post=207719"}],"curies":[{"name":"wp","href":"https:\/\/api.w.org\/{rel}","templated":true}]}}