{"id":207713,"date":"2018-07-26T18:50:47","date_gmt":"2018-07-26T16:50:47","guid":{"rendered":"https:\/\/iha-race.com\/producto\/mateksys-f405-wte-flugregler\/"},"modified":"2024-08-29T16:35:26","modified_gmt":"2024-08-29T14:35:26","slug":"flug-steuerung-mateksys-f405-wte","status":"publish","type":"product","link":"https:\/\/iha-race.com\/de\/producto\/flug-steuerung-mateksys-f405-wte\/","title":{"rendered":"Mateksys F405-WTE Flugregler"},"content":{"rendered":"<h2><span data-sheets-value=\"{\"1\":2,\"2\":\"Control de Vuelo Mateksys F405-WTE\"}\" data-sheets-userformat=\"{\"2\":11009,\"3\":{\"1\":0},\"11\":4,\"12\":0,\"14\":{\"1\":2,\"2\":1118481},\"16\":12}\">Mateksys F405-WTE Flugregler<\/span><\/h2>\n<p>&nbsp;<\/p>\n<p><img fetchpriority=\"high\" decoding=\"async\" class=\"alignnone size-full wp-image-10146\" src=\"http:\/\/www.mateksys.com\/wp-content\/uploads\/2022\/04\/F405-WTE_2.jpg\" alt=\"\" width=\"1500\" height=\"600\"> <img decoding=\"async\" class=\"alignnone size-full wp-image-10147\" src=\"http:\/\/www.mateksys.com\/wp-content\/uploads\/2022\/04\/F405-WTE_3.jpg\" alt=\"\" width=\"1500\" height=\"600\"><\/p>\n<h3><a href=\"http:\/\/www.mateksys.com\/downloads\/Manual\/F405-WTE_Manual.pdf\" target=\"_blank\" rel=\"noopener noreferrer\">F405-WTE Schnellstartanleitung<\/a> PDF<\/h3>\n<hr>\n<p><strong>FC-Spezifikationen<\/strong><\/p>\n<ul>\n<li>MCU: STM32F405RGT6, 168MHz , 1MB Flash<\/li>\n<li>IMU: ICM42688-P<\/li>\n<li>Baro: SPL06-001<\/li>\n<li>OSD: AT7456E<\/li>\n<li>Blackbox: MicroSD-Kartensteckplatz<\/li>\n<li>ESP WiFi Telemetrie (MAVLink, 14dBm)<\/li>\n<li>ExpressLRS 2.4G Empf\u00e4nger (CRSF Protokoll, Telemetrie 12dBm)<\/li>\n<li>6x UARTs, 1x Softserial_Tx Option (INAV)<\/li>\n<li>12x PWM-Ausg\u00e4nge<\/li>\n<li>1x I2C<\/li>\n<li>4x ADC (VBAT, Strom, RSSI, Fluggeschwindigkeit)<\/li>\n<li>USB\/Beep Extender mit Typ-C (USB2.0)<\/li>\n<li>Schalter f\u00fcr zwei Kameraeing\u00e4nge<\/li>\n<li>9V(12V) f\u00fcr VTX-Schalter<\/li>\n<\/ul>\n<p><strong>FC-Firmware<\/strong><\/p>\n<ul>\n<li>ArduPilot: MatekF405-TE<\/li>\n<li>INAV: MATEKF405TE_SD (nicht verf\u00fcgbar im INAV-Konfigurator 4.x)<\/li>\n<\/ul>\n<p><strong>PDB<\/strong><\/p>\n<ul>\n<li>Eingangsspannungsbereich: 6,8~30V (2~6S LiPo)<\/li>\n<li>1x ESC-Leistungspads<\/li>\n<li>Batteriespannungsteiler 1K:20K (Skala 2100 in INAV, BATT_VOLT_MULT 21.0 in ArduPilot)<\/li>\n<li>Stromsenor: 220A, 3,3V ADC (Skala 150 in INAV, 66,7 A\/V in ArduPilot)<\/li>\n<li>Messwiderstand: 90A kontinuierlich, 220A Spitze<\/li>\n<\/ul>\n<p><strong>BEC 5V Ausgang<\/strong><\/p>\n<ul>\n<li>Entwickelt f\u00fcr Flugsteuerung, Empf\u00e4nger, OSD, Kamera, Summer, 2812 LED_Strip, Summer, GPS-Modul, AirSpeed<\/li>\n<li>Dauerstrom: 2 Ampere, max. 3A<\/li>\n<\/ul>\n<p><strong>BEC 9V \/12V Ausgang<\/strong><\/p>\n<ul>\n<li>Konzipiert f\u00fcr Video-Sender, Kamera, Gimbal usw.<\/li>\n<li>Dauerstrom: 2 Ampere, max. 3A<\/li>\n<li>12V-Option mit Jumper-Pad<\/li>\n<li>f\u00fcr einen stabilen 9V\/12V-Ausgang sollte die Eingangsspannung &gt; Ausgangsspannung +1V<\/li>\n<\/ul>\n<p><strong>BEC Vx Ausgang<\/strong><\/p>\n<ul>\n<li>Entwickelt f\u00fcr Servos<\/li>\n<li>Spannung einstellbar, 5V Standard, 6V oder 7,2V \u00fcber Jumper<\/li>\n<li>Dauerstrom: 8 Ampere, max.10A<\/li>\n<li>f\u00fcr einen stabilen Vx-Ausgang sollte die Eingangsspannung &gt; Vx-Spannung +1V<\/li>\n<\/ul>\n<p><strong>BEC 3,3V Ausgang<\/strong><\/p>\n<ul>\n<li>Entwickelt f\u00fcr Baro\/Kompass-Modul und externe 3,3V-Peripherieger\u00e4te<\/li>\n<li>Linearer Regler<\/li>\n<li>Kontinuierlicher Strom: 200mA<\/li>\n<\/ul>\n<p><strong>Physikalisch<\/strong><\/p>\n<ul>\n<li>Befestigung: 25 x 25mm, \u03a62mm<\/li>\n<li>Abmessungen: 44 x 29 x 12,7 mm<\/li>\n<li>Gewicht: 22 g mit USB-\/Summer-Adapter<\/li>\n<\/ul>\n<p><strong>Einschlie\u00dflich<\/strong><\/p>\n<ul>\n<li>1x F405-WTE<\/li>\n<li>1x USB(Typ-C)\/Beep (Passiver Summer) Extender + 20cm JST-SH-6P auf JST-SH-6P Kabel f\u00fcr USB Extender.<\/li>\n<li>2x IPEX-MHF1 2.4G Antennen<\/li>\n<li>1x Rubycon ZLH 35V 470uF Kondensator<\/li>\n<li>Dupont 2.54 Pins <strong>(Platine wird unausgel\u00f6tet geliefert)<\/strong><\/li>\n<\/ul>\n<p><img decoding=\"async\" src=\"http:\/\/www.mateksys.com\/wp-content\/uploads\/2022\/04\/F405-WTE_Wiring.jpg\"><\/p>\n<p>&nbsp;<\/p>\n<p>&nbsp;<\/p>\n","protected":false},"excerpt":{"rendered":"<p>Mateksys F405-WTE Flugregler &nbsp; F405-WTE Schnellstartanleitung PDF FC-Spezifikationen MCU: STM32F405RGT6, 168MHz , 1MB Flash IMU: ICM42688-P Baro: SPL06-001 OSD: AT7456E Blackbox: MicroSD-Kartensteckplatz ESP WiFi Telemetrie (MAVLink, 14dBm) ExpressLRS 2.4G Empf\u00e4nger<\/p>\n","protected":false},"featured_media":128440,"comment_status":"open","ping_status":"closed","template":"","meta":{"_joinchat":[]},"pwb-brand":[],"product_cat":[2664],"product_tag":[],"class_list":{"0":"post-207713","1":"product","2":"type-product","3":"status-publish","4":"has-post-thumbnail","6":"product_cat-drohnen-controller","8":"first","9":"instock","10":"taxable","11":"shipping-taxable","12":"purchasable","13":"product-type-simple"},"barcode":null,"atum_controlled":true,"out_stock_date":null,"out_stock_threshold":null,"inheritable":false,"stock_on_hold":0,"sold_today":0,"sales_last_days":0,"out_stock_days":0,"lost_sales":0,"update_date":"2026-04-16T08:17:08","atum_locations":[],"atum_stock_status":"instock","restock_status":false,"low_stock_amount":0,"sales_update_date":"2026-04-16T08:17:08","calc_backorders":null,"yoast_head":"<!-- This site is optimized with the Yoast SEO plugin v27.3 - https:\/\/yoast.com\/product\/yoast-seo-wordpress\/ -->\n<title>\u25b7 Mateksys F405-Fl\u00fcgel &quot; STM32 Flugsteuerung INAVOSD MPU6000 BMP280<\/title>\n<meta name=\"description\" content=\"Hier kaufen\u261d.\u3010 Matek SYS F405 - Wing Flight Controller \u3011\u2705 Iha Race Experten f\u00fcr FPV Renndrohnen. Wir versenden in 24H aus Spanien. \u260e676757149\" \/>\n<meta name=\"robots\" content=\"index, follow, max-snippet:-1, max-image-preview:large, max-video-preview:-1\" \/>\n<link rel=\"canonical\" href=\"https:\/\/iha-race.com\/de\/producto\/flug-steuerung-mateksys-f405-wte\/\" \/>\n<meta property=\"og:locale\" content=\"de_DE\" \/>\n<meta property=\"og:type\" content=\"article\" \/>\n<meta property=\"og:title\" content=\"\u25b7 Mateksys F405-Fl\u00fcgel &quot; STM32 Flugsteuerung INAVOSD MPU6000 BMP280\" \/>\n<meta property=\"og:description\" content=\"Hier kaufen\u261d.\u3010 Matek SYS F405 - Wing Flight Controller \u3011\u2705 Iha Race Experten f\u00fcr FPV Renndrohnen. Wir versenden in 24H aus Spanien. \u260e676757149\" \/>\n<meta property=\"og:url\" content=\"https:\/\/iha-race.com\/de\/producto\/flug-steuerung-mateksys-f405-wte\/\" \/>\n<meta property=\"og:site_name\" content=\"Iha Race\" \/>\n<meta property=\"article:modified_time\" content=\"2024-08-29T14:35:26+00:00\" \/>\n<meta property=\"og:image\" content=\"https:\/\/iha-race.com\/wp-content\/uploads\/2018\/07\/S398245dbd6c7462baf80e5b075e3a8dbh.jpg\" \/>\n\t<meta property=\"og:image:width\" content=\"800\" \/>\n\t<meta property=\"og:image:height\" content=\"800\" \/>\n\t<meta property=\"og:image:type\" content=\"image\/jpeg\" \/>\n<meta name=\"twitter:card\" content=\"summary_large_image\" \/>\n<meta name=\"twitter:label1\" content=\"Gesch\u00e4tzte Lesezeit\" \/>\n\t<meta name=\"twitter:data1\" content=\"1\u00a0Minute\" \/>\n<script type=\"application\/ld+json\" class=\"yoast-schema-graph\">{\"@context\":\"https:\\\/\\\/schema.org\",\"@graph\":[{\"@type\":\"WebPage\",\"@id\":\"https:\\\/\\\/iha-race.com\\\/de\\\/producto\\\/flug-steuerung-mateksys-f405-wte\\\/\",\"url\":\"https:\\\/\\\/iha-race.com\\\/de\\\/producto\\\/flug-steuerung-mateksys-f405-wte\\\/\",\"name\":\"\u25b7 Mateksys F405-Fl\u00fcgel \\\" STM32 Flugsteuerung INAVOSD MPU6000 BMP280\",\"isPartOf\":{\"@id\":\"https:\\\/\\\/iha-race.com\\\/de\\\/#website\"},\"primaryImageOfPage\":{\"@id\":\"https:\\\/\\\/iha-race.com\\\/de\\\/producto\\\/flug-steuerung-mateksys-f405-wte\\\/#primaryimage\"},\"image\":{\"@id\":\"https:\\\/\\\/iha-race.com\\\/de\\\/producto\\\/flug-steuerung-mateksys-f405-wte\\\/#primaryimage\"},\"thumbnailUrl\":\"https:\\\/\\\/iha-race.com\\\/wp-content\\\/uploads\\\/2018\\\/07\\\/S398245dbd6c7462baf80e5b075e3a8dbh.jpg\",\"datePublished\":\"2018-07-26T16:50:47+00:00\",\"dateModified\":\"2024-08-29T14:35:26+00:00\",\"description\":\"Hier kaufen\u261d.\u3010 Matek SYS F405 - Wing Flight Controller \u3011\u2705 Iha Race Experten f\u00fcr FPV Renndrohnen. Wir versenden in 24H aus Spanien. \u260e676757149\",\"breadcrumb\":{\"@id\":\"https:\\\/\\\/iha-race.com\\\/de\\\/producto\\\/flug-steuerung-mateksys-f405-wte\\\/#breadcrumb\"},\"inLanguage\":\"de\",\"potentialAction\":[{\"@type\":\"ReadAction\",\"target\":[\"https:\\\/\\\/iha-race.com\\\/de\\\/producto\\\/flug-steuerung-mateksys-f405-wte\\\/\"]}]},{\"@type\":\"ImageObject\",\"inLanguage\":\"de\",\"@id\":\"https:\\\/\\\/iha-race.com\\\/de\\\/producto\\\/flug-steuerung-mateksys-f405-wte\\\/#primaryimage\",\"url\":\"https:\\\/\\\/iha-race.com\\\/wp-content\\\/uploads\\\/2018\\\/07\\\/S398245dbd6c7462baf80e5b075e3a8dbh.jpg\",\"contentUrl\":\"https:\\\/\\\/iha-race.com\\\/wp-content\\\/uploads\\\/2018\\\/07\\\/S398245dbd6c7462baf80e5b075e3a8dbh.jpg\",\"width\":800,\"height\":800},{\"@type\":\"BreadcrumbList\",\"@id\":\"https:\\\/\\\/iha-race.com\\\/de\\\/producto\\\/flug-steuerung-mateksys-f405-wte\\\/#breadcrumb\",\"itemListElement\":[{\"@type\":\"ListItem\",\"position\":1,\"name\":\"Portada\",\"item\":\"https:\\\/\\\/iha-race.com\\\/de\\\/elementor-499\\\/\"},{\"@type\":\"ListItem\",\"position\":2,\"name\":\"Shop\",\"item\":\"https:\\\/\\\/iha-race.com\\\/de\\\/shop\\\/\"},{\"@type\":\"ListItem\",\"position\":3,\"name\":\"Mateksys F405-WTE Flugregler\"}]},{\"@type\":\"WebSite\",\"@id\":\"https:\\\/\\\/iha-race.com\\\/de\\\/#website\",\"url\":\"https:\\\/\\\/iha-race.com\\\/de\\\/\",\"name\":\"Iha Race\",\"description\":\"Comprar drones de carreras FPV env\u00edos en un d\u00eda desde Espa\u00f1a\",\"publisher\":{\"@id\":\"https:\\\/\\\/iha-race.com\\\/de\\\/#organization\"},\"potentialAction\":[{\"@type\":\"SearchAction\",\"target\":{\"@type\":\"EntryPoint\",\"urlTemplate\":\"https:\\\/\\\/iha-race.com\\\/de\\\/?s={search_term_string}\"},\"query-input\":{\"@type\":\"PropertyValueSpecification\",\"valueRequired\":true,\"valueName\":\"search_term_string\"}}],\"inLanguage\":\"de\"},{\"@type\":\"Organization\",\"@id\":\"https:\\\/\\\/iha-race.com\\\/de\\\/#organization\",\"name\":\"Iha Race\",\"url\":\"https:\\\/\\\/iha-race.com\\\/de\\\/\",\"logo\":{\"@type\":\"ImageObject\",\"inLanguage\":\"de\",\"@id\":\"https:\\\/\\\/iha-race.com\\\/de\\\/#\\\/schema\\\/logo\\\/image\\\/\",\"url\":\"https:\\\/\\\/iha-race.com\\\/wp-content\\\/uploads\\\/2018\\\/07\\\/iha-race-drones-de-carreras-tienda-comprar-drones.png\",\"contentUrl\":\"https:\\\/\\\/iha-race.com\\\/wp-content\\\/uploads\\\/2018\\\/07\\\/iha-race-drones-de-carreras-tienda-comprar-drones.png\",\"width\":300,\"height\":100,\"caption\":\"Iha Race\"},\"image\":{\"@id\":\"https:\\\/\\\/iha-race.com\\\/de\\\/#\\\/schema\\\/logo\\\/image\\\/\"}}]}<\/script>\n<!-- \/ Yoast SEO plugin. -->","yoast_head_json":{"title":"\u25b7 Mateksys F405-Fl\u00fcgel \" STM32 Flugsteuerung INAVOSD MPU6000 BMP280","description":"Hier kaufen\u261d.\u3010 Matek SYS F405 - Wing Flight Controller \u3011\u2705 Iha Race Experten f\u00fcr FPV Renndrohnen. Wir versenden in 24H aus Spanien. \u260e676757149","robots":{"index":"index","follow":"follow","max-snippet":"max-snippet:-1","max-image-preview":"max-image-preview:large","max-video-preview":"max-video-preview:-1"},"canonical":"https:\/\/iha-race.com\/de\/producto\/flug-steuerung-mateksys-f405-wte\/","og_locale":"de_DE","og_type":"article","og_title":"\u25b7 Mateksys F405-Fl\u00fcgel \" STM32 Flugsteuerung INAVOSD MPU6000 BMP280","og_description":"Hier kaufen\u261d.\u3010 Matek SYS F405 - Wing Flight Controller \u3011\u2705 Iha Race Experten f\u00fcr FPV Renndrohnen. Wir versenden in 24H aus Spanien. \u260e676757149","og_url":"https:\/\/iha-race.com\/de\/producto\/flug-steuerung-mateksys-f405-wte\/","og_site_name":"Iha Race","article_modified_time":"2024-08-29T14:35:26+00:00","og_image":[{"width":800,"height":800,"url":"https:\/\/iha-race.com\/wp-content\/uploads\/2018\/07\/S398245dbd6c7462baf80e5b075e3a8dbh.jpg","type":"image\/jpeg"}],"twitter_card":"summary_large_image","twitter_misc":{"Gesch\u00e4tzte Lesezeit":"1\u00a0Minute"},"schema":{"@context":"https:\/\/schema.org","@graph":[{"@type":"WebPage","@id":"https:\/\/iha-race.com\/de\/producto\/flug-steuerung-mateksys-f405-wte\/","url":"https:\/\/iha-race.com\/de\/producto\/flug-steuerung-mateksys-f405-wte\/","name":"\u25b7 Mateksys F405-Fl\u00fcgel \" STM32 Flugsteuerung INAVOSD MPU6000 BMP280","isPartOf":{"@id":"https:\/\/iha-race.com\/de\/#website"},"primaryImageOfPage":{"@id":"https:\/\/iha-race.com\/de\/producto\/flug-steuerung-mateksys-f405-wte\/#primaryimage"},"image":{"@id":"https:\/\/iha-race.com\/de\/producto\/flug-steuerung-mateksys-f405-wte\/#primaryimage"},"thumbnailUrl":"https:\/\/iha-race.com\/wp-content\/uploads\/2018\/07\/S398245dbd6c7462baf80e5b075e3a8dbh.jpg","datePublished":"2018-07-26T16:50:47+00:00","dateModified":"2024-08-29T14:35:26+00:00","description":"Hier kaufen\u261d.\u3010 Matek SYS F405 - Wing Flight Controller \u3011\u2705 Iha Race Experten f\u00fcr FPV Renndrohnen. Wir versenden in 24H aus Spanien. \u260e676757149","breadcrumb":{"@id":"https:\/\/iha-race.com\/de\/producto\/flug-steuerung-mateksys-f405-wte\/#breadcrumb"},"inLanguage":"de","potentialAction":[{"@type":"ReadAction","target":["https:\/\/iha-race.com\/de\/producto\/flug-steuerung-mateksys-f405-wte\/"]}]},{"@type":"ImageObject","inLanguage":"de","@id":"https:\/\/iha-race.com\/de\/producto\/flug-steuerung-mateksys-f405-wte\/#primaryimage","url":"https:\/\/iha-race.com\/wp-content\/uploads\/2018\/07\/S398245dbd6c7462baf80e5b075e3a8dbh.jpg","contentUrl":"https:\/\/iha-race.com\/wp-content\/uploads\/2018\/07\/S398245dbd6c7462baf80e5b075e3a8dbh.jpg","width":800,"height":800},{"@type":"BreadcrumbList","@id":"https:\/\/iha-race.com\/de\/producto\/flug-steuerung-mateksys-f405-wte\/#breadcrumb","itemListElement":[{"@type":"ListItem","position":1,"name":"Portada","item":"https:\/\/iha-race.com\/de\/elementor-499\/"},{"@type":"ListItem","position":2,"name":"Shop","item":"https:\/\/iha-race.com\/de\/shop\/"},{"@type":"ListItem","position":3,"name":"Mateksys F405-WTE Flugregler"}]},{"@type":"WebSite","@id":"https:\/\/iha-race.com\/de\/#website","url":"https:\/\/iha-race.com\/de\/","name":"Iha Race","description":"Comprar drones de carreras FPV env\u00edos en un d\u00eda desde Espa\u00f1a","publisher":{"@id":"https:\/\/iha-race.com\/de\/#organization"},"potentialAction":[{"@type":"SearchAction","target":{"@type":"EntryPoint","urlTemplate":"https:\/\/iha-race.com\/de\/?s={search_term_string}"},"query-input":{"@type":"PropertyValueSpecification","valueRequired":true,"valueName":"search_term_string"}}],"inLanguage":"de"},{"@type":"Organization","@id":"https:\/\/iha-race.com\/de\/#organization","name":"Iha Race","url":"https:\/\/iha-race.com\/de\/","logo":{"@type":"ImageObject","inLanguage":"de","@id":"https:\/\/iha-race.com\/de\/#\/schema\/logo\/image\/","url":"https:\/\/iha-race.com\/wp-content\/uploads\/2018\/07\/iha-race-drones-de-carreras-tienda-comprar-drones.png","contentUrl":"https:\/\/iha-race.com\/wp-content\/uploads\/2018\/07\/iha-race-drones-de-carreras-tienda-comprar-drones.png","width":300,"height":100,"caption":"Iha Race"},"image":{"@id":"https:\/\/iha-race.com\/de\/#\/schema\/logo\/image\/"}}]}},"brands":[],"_links":{"self":[{"href":"https:\/\/iha-race.com\/de\/wp-json\/wp\/v2\/product\/207713","targetHints":{"allow":["GET"]}}],"collection":[{"href":"https:\/\/iha-race.com\/de\/wp-json\/wp\/v2\/product"}],"about":[{"href":"https:\/\/iha-race.com\/de\/wp-json\/wp\/v2\/types\/product"}],"replies":[{"embeddable":true,"href":"https:\/\/iha-race.com\/de\/wp-json\/wp\/v2\/comments?post=207713"}],"version-history":[{"count":1,"href":"https:\/\/iha-race.com\/de\/wp-json\/wp\/v2\/product\/207713\/revisions"}],"predecessor-version":[{"id":250456,"href":"https:\/\/iha-race.com\/de\/wp-json\/wp\/v2\/product\/207713\/revisions\/250456"}],"wp:featuredmedia":[{"embeddable":true,"href":"https:\/\/iha-race.com\/de\/wp-json\/wp\/v2\/media\/128440"}],"wp:attachment":[{"href":"https:\/\/iha-race.com\/de\/wp-json\/wp\/v2\/media?parent=207713"}],"wp:term":[{"taxonomy":"pwb-brand","embeddable":true,"href":"https:\/\/iha-race.com\/de\/wp-json\/wp\/v2\/pwb-brand?post=207713"},{"taxonomy":"product_cat","embeddable":true,"href":"https:\/\/iha-race.com\/de\/wp-json\/wp\/v2\/product_cat?post=207713"},{"taxonomy":"product_tag","embeddable":true,"href":"https:\/\/iha-race.com\/de\/wp-json\/wp\/v2\/product_tag?post=207713"}],"curies":[{"name":"wp","href":"https:\/\/api.w.org\/{rel}","templated":true}]}}