{"id":207708,"date":"2018-09-20T19:20:14","date_gmt":"2018-09-20T17:20:14","guid":{"rendered":"https:\/\/iha-race.com\/producto\/loetpaste-tbs-typ-nc-559-asm-uv\/"},"modified":"2026-02-14T14:51:06","modified_gmt":"2026-02-14T13:51:06","slug":"pasta-de-soldar-tbs-tipo-nc-559-asm-uv","status":"publish","type":"product","link":"https:\/\/iha-race.com\/de\/producto\/pasta-de-soldar-tbs-tipo-nc-559-asm-uv\/","title":{"rendered":"L\u00f6tpaste TBS Typ NC-559-ASM-UV"},"content":{"rendered":"<h2>L\u00f6tpaste TBS Typ NC-559-ASM-UV<\/h2>\n<p>  L\u00f6tflussmittel wird vor und w\u00e4hrend des L\u00f6tens verwendet, um Oxidation zu verhindern und bessere und sauberere L\u00f6tstellen zu schaffen. Diese Art von Flussmittel: NC-559-ASM-UV ist in der Elektronikreparaturbranche sehr beliebt und wird von vielen Fachleuten verwendet.  <strong>TBS Flux<\/strong> ist eine No-Clean-L\u00f6sung, d. h. es sind keine zus\u00e4tzlichen Schritte zur Reinigung der Leiterplatte nach der Verwendung erforderlich. Wird in einer 10-cm\u00b3-Spritze geliefert, um die Anwendung zu erleichtern. Enth\u00e4lt einen Kolben und eine Nadel, um die genaueste Menge f\u00fcr jede empfindliche Konstruktion zu dosieren.  <\/p>\n<h2>Spezifikationen:<\/h2>\n<ul>\n<li><strong>Typ:<\/strong> NC-559-ASM-UV<\/li>\n<li><strong>Volumen:<\/strong> 10CC<\/li>\n<\/ul>\n<h2>Das Paket enth\u00e4lt:<\/h2>\n<ul>\n<li>1 x 10cc Spritze mit TBS-L\u00f6tpaste<\/li>\n<li>1 x St\u00f6\u00dfel<\/li>\n<li>1 x Nadel<\/li>\n<\/ul>\n","protected":false},"excerpt":{"rendered":"<p>Flussmittel wird vor und w\u00e4hrend des L\u00f6tens verwendet, um Oxidation zu verhindern und bessere und sauberere L\u00f6tstellen zu schaffen.<\/p>\n","protected":false},"featured_media":124977,"comment_status":"open","ping_status":"closed","template":"","meta":{"_joinchat":[]},"pwb-brand":[],"product_cat":[139,145],"product_tag":[],"class_list":{"0":"post-207708","1":"product","2":"type-product","3":"status-publish","4":"has-post-thumbnail","6":"product_cat-accesorios-de-drones","7":"product_cat-herramientas-soldadura","9":"first","10":"outofstock","11":"taxable","12":"shipping-taxable","13":"purchasable","14":"product-type-simple"},"barcode":null,"atum_controlled":true,"out_stock_date":"2026-02-14 14:51:07","out_stock_threshold":null,"inheritable":false,"stock_on_hold":0,"sold_today":0,"sales_last_days":0,"out_stock_days":60,"lost_sales":59,"update_date":"2026-04-16T08:25:28","atum_locations":[],"atum_stock_status":"outofstock","restock_status":false,"low_stock_amount":3,"sales_update_date":"2026-04-16T08:25:28","calc_backorders":null,"yoast_head":"<!-- This site is optimized with the Yoast SEO plugin v27.3 - https:\/\/yoast.com\/product\/yoast-seo-wordpress\/ -->\n<title>L\u00f6tpaste TBS Typ NC-559-ASM-UV - Iha Race<\/title>\n<meta name=\"robots\" content=\"index, follow, max-snippet:-1, max-image-preview:large, max-video-preview:-1\" \/>\n<link rel=\"canonical\" href=\"https:\/\/iha-race.com\/de\/producto\/pasta-de-soldar-tbs-tipo-nc-559-asm-uv\/\" \/>\n<meta property=\"og:locale\" content=\"de_DE\" \/>\n<meta property=\"og:type\" content=\"article\" \/>\n<meta property=\"og:title\" content=\"L\u00f6tpaste TBS Typ NC-559-ASM-UV - Iha Race\" \/>\n<meta property=\"og:description\" content=\"Flussmittel wird vor und w\u00e4hrend des L\u00f6tens verwendet, um Oxidation zu verhindern und bessere und sauberere L\u00f6tstellen zu schaffen.\" \/>\n<meta property=\"og:url\" content=\"https:\/\/iha-race.com\/de\/producto\/pasta-de-soldar-tbs-tipo-nc-559-asm-uv\/\" \/>\n<meta property=\"og:site_name\" content=\"Iha Race\" \/>\n<meta property=\"article:modified_time\" content=\"2026-02-14T13:51:06+00:00\" \/>\n<meta property=\"og:image\" content=\"https:\/\/iha-race.com\/wp-content\/uploads\/2018\/09\/Pasta-de-Soldar-TBS-Tipo-NC-559-ASM-UV.jpg\" \/>\n\t<meta property=\"og:image:width\" content=\"800\" \/>\n\t<meta property=\"og:image:height\" content=\"800\" \/>\n\t<meta property=\"og:image:type\" content=\"image\/jpeg\" \/>\n<meta name=\"twitter:card\" content=\"summary_large_image\" \/>\n<meta name=\"twitter:label1\" content=\"Gesch\u00e4tzte Lesezeit\" \/>\n\t<meta name=\"twitter:data1\" content=\"1\u00a0Minute\" \/>\n<script type=\"application\/ld+json\" class=\"yoast-schema-graph\">{\"@context\":\"https:\\\/\\\/schema.org\",\"@graph\":[{\"@type\":\"WebPage\",\"@id\":\"https:\\\/\\\/iha-race.com\\\/de\\\/producto\\\/pasta-de-soldar-tbs-tipo-nc-559-asm-uv\\\/\",\"url\":\"https:\\\/\\\/iha-race.com\\\/de\\\/producto\\\/pasta-de-soldar-tbs-tipo-nc-559-asm-uv\\\/\",\"name\":\"L\u00f6tpaste TBS Typ NC-559-ASM-UV - Iha Race\",\"isPartOf\":{\"@id\":\"https:\\\/\\\/iha-race.com\\\/de\\\/#website\"},\"primaryImageOfPage\":{\"@id\":\"https:\\\/\\\/iha-race.com\\\/de\\\/producto\\\/pasta-de-soldar-tbs-tipo-nc-559-asm-uv\\\/#primaryimage\"},\"image\":{\"@id\":\"https:\\\/\\\/iha-race.com\\\/de\\\/producto\\\/pasta-de-soldar-tbs-tipo-nc-559-asm-uv\\\/#primaryimage\"},\"thumbnailUrl\":\"https:\\\/\\\/iha-race.com\\\/wp-content\\\/uploads\\\/2018\\\/09\\\/Pasta-de-Soldar-TBS-Tipo-NC-559-ASM-UV.jpg\",\"datePublished\":\"2018-09-20T17:20:14+00:00\",\"dateModified\":\"2026-02-14T13:51:06+00:00\",\"breadcrumb\":{\"@id\":\"https:\\\/\\\/iha-race.com\\\/de\\\/producto\\\/pasta-de-soldar-tbs-tipo-nc-559-asm-uv\\\/#breadcrumb\"},\"inLanguage\":\"de\",\"potentialAction\":[{\"@type\":\"ReadAction\",\"target\":[\"https:\\\/\\\/iha-race.com\\\/de\\\/producto\\\/pasta-de-soldar-tbs-tipo-nc-559-asm-uv\\\/\"]}]},{\"@type\":\"ImageObject\",\"inLanguage\":\"de\",\"@id\":\"https:\\\/\\\/iha-race.com\\\/de\\\/producto\\\/pasta-de-soldar-tbs-tipo-nc-559-asm-uv\\\/#primaryimage\",\"url\":\"https:\\\/\\\/iha-race.com\\\/wp-content\\\/uploads\\\/2018\\\/09\\\/Pasta-de-Soldar-TBS-Tipo-NC-559-ASM-UV.jpg\",\"contentUrl\":\"https:\\\/\\\/iha-race.com\\\/wp-content\\\/uploads\\\/2018\\\/09\\\/Pasta-de-Soldar-TBS-Tipo-NC-559-ASM-UV.jpg\",\"width\":800,\"height\":800},{\"@type\":\"BreadcrumbList\",\"@id\":\"https:\\\/\\\/iha-race.com\\\/de\\\/producto\\\/pasta-de-soldar-tbs-tipo-nc-559-asm-uv\\\/#breadcrumb\",\"itemListElement\":[{\"@type\":\"ListItem\",\"position\":1,\"name\":\"Portada\",\"item\":\"https:\\\/\\\/iha-race.com\\\/de\\\/elementor-499\\\/\"},{\"@type\":\"ListItem\",\"position\":2,\"name\":\"Shop\",\"item\":\"https:\\\/\\\/iha-race.com\\\/de\\\/shop\\\/\"},{\"@type\":\"ListItem\",\"position\":3,\"name\":\"L\u00f6tpaste TBS Typ NC-559-ASM-UV\"}]},{\"@type\":\"WebSite\",\"@id\":\"https:\\\/\\\/iha-race.com\\\/de\\\/#website\",\"url\":\"https:\\\/\\\/iha-race.com\\\/de\\\/\",\"name\":\"Iha Race\",\"description\":\"Comprar drones de carreras FPV env\u00edos en un d\u00eda desde Espa\u00f1a\",\"publisher\":{\"@id\":\"https:\\\/\\\/iha-race.com\\\/de\\\/#organization\"},\"potentialAction\":[{\"@type\":\"SearchAction\",\"target\":{\"@type\":\"EntryPoint\",\"urlTemplate\":\"https:\\\/\\\/iha-race.com\\\/de\\\/?s={search_term_string}\"},\"query-input\":{\"@type\":\"PropertyValueSpecification\",\"valueRequired\":true,\"valueName\":\"search_term_string\"}}],\"inLanguage\":\"de\"},{\"@type\":\"Organization\",\"@id\":\"https:\\\/\\\/iha-race.com\\\/de\\\/#organization\",\"name\":\"Iha Race\",\"url\":\"https:\\\/\\\/iha-race.com\\\/de\\\/\",\"logo\":{\"@type\":\"ImageObject\",\"inLanguage\":\"de\",\"@id\":\"https:\\\/\\\/iha-race.com\\\/de\\\/#\\\/schema\\\/logo\\\/image\\\/\",\"url\":\"https:\\\/\\\/iha-race.com\\\/wp-content\\\/uploads\\\/2018\\\/07\\\/iha-race-drones-de-carreras-tienda-comprar-drones.png\",\"contentUrl\":\"https:\\\/\\\/iha-race.com\\\/wp-content\\\/uploads\\\/2018\\\/07\\\/iha-race-drones-de-carreras-tienda-comprar-drones.png\",\"width\":300,\"height\":100,\"caption\":\"Iha Race\"},\"image\":{\"@id\":\"https:\\\/\\\/iha-race.com\\\/de\\\/#\\\/schema\\\/logo\\\/image\\\/\"}}]}<\/script>\n<!-- \/ Yoast SEO plugin. -->","yoast_head_json":{"title":"L\u00f6tpaste TBS Typ NC-559-ASM-UV - Iha Race","robots":{"index":"index","follow":"follow","max-snippet":"max-snippet:-1","max-image-preview":"max-image-preview:large","max-video-preview":"max-video-preview:-1"},"canonical":"https:\/\/iha-race.com\/de\/producto\/pasta-de-soldar-tbs-tipo-nc-559-asm-uv\/","og_locale":"de_DE","og_type":"article","og_title":"L\u00f6tpaste TBS Typ NC-559-ASM-UV - Iha Race","og_description":"Flussmittel wird vor und w\u00e4hrend des L\u00f6tens verwendet, um Oxidation zu verhindern und bessere und sauberere L\u00f6tstellen zu schaffen.","og_url":"https:\/\/iha-race.com\/de\/producto\/pasta-de-soldar-tbs-tipo-nc-559-asm-uv\/","og_site_name":"Iha Race","article_modified_time":"2026-02-14T13:51:06+00:00","og_image":[{"width":800,"height":800,"url":"https:\/\/iha-race.com\/wp-content\/uploads\/2018\/09\/Pasta-de-Soldar-TBS-Tipo-NC-559-ASM-UV.jpg","type":"image\/jpeg"}],"twitter_card":"summary_large_image","twitter_misc":{"Gesch\u00e4tzte Lesezeit":"1\u00a0Minute"},"schema":{"@context":"https:\/\/schema.org","@graph":[{"@type":"WebPage","@id":"https:\/\/iha-race.com\/de\/producto\/pasta-de-soldar-tbs-tipo-nc-559-asm-uv\/","url":"https:\/\/iha-race.com\/de\/producto\/pasta-de-soldar-tbs-tipo-nc-559-asm-uv\/","name":"L\u00f6tpaste TBS Typ NC-559-ASM-UV - Iha Race","isPartOf":{"@id":"https:\/\/iha-race.com\/de\/#website"},"primaryImageOfPage":{"@id":"https:\/\/iha-race.com\/de\/producto\/pasta-de-soldar-tbs-tipo-nc-559-asm-uv\/#primaryimage"},"image":{"@id":"https:\/\/iha-race.com\/de\/producto\/pasta-de-soldar-tbs-tipo-nc-559-asm-uv\/#primaryimage"},"thumbnailUrl":"https:\/\/iha-race.com\/wp-content\/uploads\/2018\/09\/Pasta-de-Soldar-TBS-Tipo-NC-559-ASM-UV.jpg","datePublished":"2018-09-20T17:20:14+00:00","dateModified":"2026-02-14T13:51:06+00:00","breadcrumb":{"@id":"https:\/\/iha-race.com\/de\/producto\/pasta-de-soldar-tbs-tipo-nc-559-asm-uv\/#breadcrumb"},"inLanguage":"de","potentialAction":[{"@type":"ReadAction","target":["https:\/\/iha-race.com\/de\/producto\/pasta-de-soldar-tbs-tipo-nc-559-asm-uv\/"]}]},{"@type":"ImageObject","inLanguage":"de","@id":"https:\/\/iha-race.com\/de\/producto\/pasta-de-soldar-tbs-tipo-nc-559-asm-uv\/#primaryimage","url":"https:\/\/iha-race.com\/wp-content\/uploads\/2018\/09\/Pasta-de-Soldar-TBS-Tipo-NC-559-ASM-UV.jpg","contentUrl":"https:\/\/iha-race.com\/wp-content\/uploads\/2018\/09\/Pasta-de-Soldar-TBS-Tipo-NC-559-ASM-UV.jpg","width":800,"height":800},{"@type":"BreadcrumbList","@id":"https:\/\/iha-race.com\/de\/producto\/pasta-de-soldar-tbs-tipo-nc-559-asm-uv\/#breadcrumb","itemListElement":[{"@type":"ListItem","position":1,"name":"Portada","item":"https:\/\/iha-race.com\/de\/elementor-499\/"},{"@type":"ListItem","position":2,"name":"Shop","item":"https:\/\/iha-race.com\/de\/shop\/"},{"@type":"ListItem","position":3,"name":"L\u00f6tpaste TBS Typ NC-559-ASM-UV"}]},{"@type":"WebSite","@id":"https:\/\/iha-race.com\/de\/#website","url":"https:\/\/iha-race.com\/de\/","name":"Iha Race","description":"Comprar drones de carreras FPV env\u00edos en un d\u00eda desde Espa\u00f1a","publisher":{"@id":"https:\/\/iha-race.com\/de\/#organization"},"potentialAction":[{"@type":"SearchAction","target":{"@type":"EntryPoint","urlTemplate":"https:\/\/iha-race.com\/de\/?s={search_term_string}"},"query-input":{"@type":"PropertyValueSpecification","valueRequired":true,"valueName":"search_term_string"}}],"inLanguage":"de"},{"@type":"Organization","@id":"https:\/\/iha-race.com\/de\/#organization","name":"Iha Race","url":"https:\/\/iha-race.com\/de\/","logo":{"@type":"ImageObject","inLanguage":"de","@id":"https:\/\/iha-race.com\/de\/#\/schema\/logo\/image\/","url":"https:\/\/iha-race.com\/wp-content\/uploads\/2018\/07\/iha-race-drones-de-carreras-tienda-comprar-drones.png","contentUrl":"https:\/\/iha-race.com\/wp-content\/uploads\/2018\/07\/iha-race-drones-de-carreras-tienda-comprar-drones.png","width":300,"height":100,"caption":"Iha Race"},"image":{"@id":"https:\/\/iha-race.com\/de\/#\/schema\/logo\/image\/"}}]}},"brands":[],"_links":{"self":[{"href":"https:\/\/iha-race.com\/de\/wp-json\/wp\/v2\/product\/207708","targetHints":{"allow":["GET"]}}],"collection":[{"href":"https:\/\/iha-race.com\/de\/wp-json\/wp\/v2\/product"}],"about":[{"href":"https:\/\/iha-race.com\/de\/wp-json\/wp\/v2\/types\/product"}],"replies":[{"embeddable":true,"href":"https:\/\/iha-race.com\/de\/wp-json\/wp\/v2\/comments?post=207708"}],"version-history":[{"count":2,"href":"https:\/\/iha-race.com\/de\/wp-json\/wp\/v2\/product\/207708\/revisions"}],"predecessor-version":[{"id":250400,"href":"https:\/\/iha-race.com\/de\/wp-json\/wp\/v2\/product\/207708\/revisions\/250400"}],"wp:featuredmedia":[{"embeddable":true,"href":"https:\/\/iha-race.com\/de\/wp-json\/wp\/v2\/media\/124977"}],"wp:attachment":[{"href":"https:\/\/iha-race.com\/de\/wp-json\/wp\/v2\/media?parent=207708"}],"wp:term":[{"taxonomy":"pwb-brand","embeddable":true,"href":"https:\/\/iha-race.com\/de\/wp-json\/wp\/v2\/pwb-brand?post=207708"},{"taxonomy":"product_cat","embeddable":true,"href":"https:\/\/iha-race.com\/de\/wp-json\/wp\/v2\/product_cat?post=207708"},{"taxonomy":"product_tag","embeddable":true,"href":"https:\/\/iha-race.com\/de\/wp-json\/wp\/v2\/product_tag?post=207708"}],"curies":[{"name":"wp","href":"https:\/\/api.w.org\/{rel}","templated":true}]}}