{"id":207705,"date":"2018-08-13T18:44:47","date_gmt":"2018-08-13T16:44:47","guid":{"rendered":"https:\/\/iha-race.com\/producto\/tbs-crossfire-unsterblich-t-v2-antenne\/"},"modified":"2026-02-13T15:58:11","modified_gmt":"2026-02-13T14:58:11","slug":"antenne-tbs-crossfire-inmortal-t-v2","status":"publish","type":"product","link":"https:\/\/iha-race.com\/de\/producto\/antenne-tbs-crossfire-inmortal-t-v2\/","title":{"rendered":"TBS CROSSFIRE Unsterblich T V2 Antenne"},"content":{"rendered":"<h2>TBS CROSSFIRE Unsterblich T V2 Antenne<\/h2>\n<p>  DIE TBS IMMORTAL T V2 ANTENNE! Mit erh\u00f6hter Empfindlichkeit und Signalbest\u00e4ndigkeit ist die Immortal T V2 Antenne der perfekte Begleiter f\u00fcr Renn-Quads. Das Geh\u00e4use des Mittelst\u00fccks besteht aus einem gummierten Kunststoff, der ein gewisses Ma\u00df an Biegung zul\u00e4sst, um Sch\u00e4den durch St\u00f6\u00dfe weiter zu minimieren. Das Stahlfederelement hat immer noch die gleiche Unsterblichkeit wie die V1, die vor St\u00fctzenst\u00f6\u00dfen und falscher Montage gesch\u00fctzt wird. Eine engere Passform im mittleren Element sorgt f\u00fcr bessere Abdeckung und Reichweite.  <\/p>\n<ul>\n<li><strong>Gewicht:<\/strong> 3,4 g<\/li>\n<li><strong>Breite:<\/strong> 15cm<\/li>\n<li><strong>Kabell\u00e4nge:<\/strong> ~ 80 mm<\/li>\n<li><strong>Anschluss:<\/strong> u.FL \/ IPX<\/li>\n<\/ul>\n<h3>Das Paket enth\u00e4lt:<\/h3>\n<ul>\n<li>1 x TBS CROSSFIRE Unsterbliche T-Antenne V2<\/li>\n<\/ul>\n","protected":false},"excerpt":{"rendered":"<p>Es ist uns gelungen, das unsterbliche T in Bezug auf Haltbarkeit und Signalempfindlichkeit zu verbessern.<\/p>\n","protected":false},"featured_media":124584,"comment_status":"open","ping_status":"closed","template":"","meta":{"_joinchat":[]},"pwb-brand":[],"product_cat":[2676,2670,2665],"product_tag":[],"class_list":{"0":"post-207705","1":"product","2":"type-product","3":"status-publish","4":"has-post-thumbnail","6":"product_cat-antennen-tx-und-rx","7":"product_cat-grose-reichweite","8":"product_cat-rundfunkveranstalter","10":"first","11":"instock","12":"taxable","13":"shipping-taxable","14":"purchasable","15":"product-type-simple"},"barcode":null,"atum_controlled":true,"out_stock_date":null,"out_stock_threshold":null,"inheritable":false,"stock_on_hold":0,"sold_today":0,"sales_last_days":0,"out_stock_days":0,"lost_sales":0,"update_date":"2026-05-15T12:38:10","atum_locations":[],"atum_stock_status":"instock","restock_status":false,"low_stock_amount":3,"sales_update_date":"2026-05-15T12:38:10","calc_backorders":null,"yoast_head":"<!-- This site is optimized with the Yoast SEO plugin v27.3 - https:\/\/yoast.com\/product\/yoast-seo-wordpress\/ -->\n<title>TBS CROSSFIRE Unsterblich T V2 Antenne - Iha Race<\/title>\n<meta name=\"robots\" content=\"index, follow, max-snippet:-1, max-image-preview:large, max-video-preview:-1\" \/>\n<link rel=\"canonical\" href=\"https:\/\/iha-race.com\/de\/producto\/antenne-tbs-crossfire-inmortal-t-v2\/\" \/>\n<meta property=\"og:locale\" content=\"de_DE\" \/>\n<meta property=\"og:type\" content=\"article\" \/>\n<meta property=\"og:title\" content=\"TBS CROSSFIRE Unsterblich T V2 Antenne - Iha Race\" \/>\n<meta property=\"og:description\" content=\"Es ist uns gelungen, das unsterbliche T in Bezug auf Haltbarkeit und Signalempfindlichkeit zu verbessern.\" \/>\n<meta property=\"og:url\" content=\"https:\/\/iha-race.com\/de\/producto\/antenne-tbs-crossfire-inmortal-t-v2\/\" \/>\n<meta property=\"og:site_name\" content=\"Iha Race\" \/>\n<meta property=\"article:modified_time\" content=\"2026-02-13T14:58:11+00:00\" \/>\n<meta property=\"og:image\" content=\"https:\/\/iha-race.com\/wp-content\/uploads\/2018\/08\/comprar-antena-inmortal-t-v2-tbs-mejor-precio-1-1.jpg\" \/>\n\t<meta property=\"og:image:width\" content=\"800\" \/>\n\t<meta property=\"og:image:height\" content=\"800\" \/>\n\t<meta property=\"og:image:type\" content=\"image\/jpeg\" \/>\n<meta name=\"twitter:card\" content=\"summary_large_image\" \/>\n<meta name=\"twitter:label1\" content=\"Gesch\u00e4tzte Lesezeit\" \/>\n\t<meta name=\"twitter:data1\" content=\"1\u00a0Minute\" \/>\n<script type=\"application\/ld+json\" class=\"yoast-schema-graph\">{\"@context\":\"https:\\\/\\\/schema.org\",\"@graph\":[{\"@type\":\"WebPage\",\"@id\":\"https:\\\/\\\/iha-race.com\\\/de\\\/producto\\\/antenne-tbs-crossfire-inmortal-t-v2\\\/\",\"url\":\"https:\\\/\\\/iha-race.com\\\/de\\\/producto\\\/antenne-tbs-crossfire-inmortal-t-v2\\\/\",\"name\":\"TBS CROSSFIRE Unsterblich T V2 Antenne - Iha Race\",\"isPartOf\":{\"@id\":\"https:\\\/\\\/iha-race.com\\\/de\\\/#website\"},\"primaryImageOfPage\":{\"@id\":\"https:\\\/\\\/iha-race.com\\\/de\\\/producto\\\/antenne-tbs-crossfire-inmortal-t-v2\\\/#primaryimage\"},\"image\":{\"@id\":\"https:\\\/\\\/iha-race.com\\\/de\\\/producto\\\/antenne-tbs-crossfire-inmortal-t-v2\\\/#primaryimage\"},\"thumbnailUrl\":\"https:\\\/\\\/iha-race.com\\\/wp-content\\\/uploads\\\/2018\\\/08\\\/comprar-antena-inmortal-t-v2-tbs-mejor-precio-1-1.jpg\",\"datePublished\":\"2018-08-13T16:44:47+00:00\",\"dateModified\":\"2026-02-13T14:58:11+00:00\",\"breadcrumb\":{\"@id\":\"https:\\\/\\\/iha-race.com\\\/de\\\/producto\\\/antenne-tbs-crossfire-inmortal-t-v2\\\/#breadcrumb\"},\"inLanguage\":\"de\",\"potentialAction\":[{\"@type\":\"ReadAction\",\"target\":[\"https:\\\/\\\/iha-race.com\\\/de\\\/producto\\\/antenne-tbs-crossfire-inmortal-t-v2\\\/\"]}]},{\"@type\":\"ImageObject\",\"inLanguage\":\"de\",\"@id\":\"https:\\\/\\\/iha-race.com\\\/de\\\/producto\\\/antenne-tbs-crossfire-inmortal-t-v2\\\/#primaryimage\",\"url\":\"https:\\\/\\\/iha-race.com\\\/wp-content\\\/uploads\\\/2018\\\/08\\\/comprar-antena-inmortal-t-v2-tbs-mejor-precio-1-1.jpg\",\"contentUrl\":\"https:\\\/\\\/iha-race.com\\\/wp-content\\\/uploads\\\/2018\\\/08\\\/comprar-antena-inmortal-t-v2-tbs-mejor-precio-1-1.jpg\",\"width\":800,\"height\":800},{\"@type\":\"BreadcrumbList\",\"@id\":\"https:\\\/\\\/iha-race.com\\\/de\\\/producto\\\/antenne-tbs-crossfire-inmortal-t-v2\\\/#breadcrumb\",\"itemListElement\":[{\"@type\":\"ListItem\",\"position\":1,\"name\":\"Portada\",\"item\":\"https:\\\/\\\/iha-race.com\\\/de\\\/elementor-499\\\/\"},{\"@type\":\"ListItem\",\"position\":2,\"name\":\"Shop\",\"item\":\"https:\\\/\\\/iha-race.com\\\/de\\\/shop\\\/\"},{\"@type\":\"ListItem\",\"position\":3,\"name\":\"TBS CROSSFIRE Unsterblich T V2 Antenne\"}]},{\"@type\":\"WebSite\",\"@id\":\"https:\\\/\\\/iha-race.com\\\/de\\\/#website\",\"url\":\"https:\\\/\\\/iha-race.com\\\/de\\\/\",\"name\":\"Iha Race\",\"description\":\"Comprar drones de carreras FPV env\u00edos en un d\u00eda desde Espa\u00f1a\",\"publisher\":{\"@id\":\"https:\\\/\\\/iha-race.com\\\/de\\\/#organization\"},\"potentialAction\":[{\"@type\":\"SearchAction\",\"target\":{\"@type\":\"EntryPoint\",\"urlTemplate\":\"https:\\\/\\\/iha-race.com\\\/de\\\/?s={search_term_string}\"},\"query-input\":{\"@type\":\"PropertyValueSpecification\",\"valueRequired\":true,\"valueName\":\"search_term_string\"}}],\"inLanguage\":\"de\"},{\"@type\":\"Organization\",\"@id\":\"https:\\\/\\\/iha-race.com\\\/de\\\/#organization\",\"name\":\"Iha Race\",\"url\":\"https:\\\/\\\/iha-race.com\\\/de\\\/\",\"logo\":{\"@type\":\"ImageObject\",\"inLanguage\":\"de\",\"@id\":\"https:\\\/\\\/iha-race.com\\\/de\\\/#\\\/schema\\\/logo\\\/image\\\/\",\"url\":\"https:\\\/\\\/iha-race.com\\\/wp-content\\\/uploads\\\/2018\\\/07\\\/iha-race-drones-de-carreras-tienda-comprar-drones.png\",\"contentUrl\":\"https:\\\/\\\/iha-race.com\\\/wp-content\\\/uploads\\\/2018\\\/07\\\/iha-race-drones-de-carreras-tienda-comprar-drones.png\",\"width\":300,\"height\":100,\"caption\":\"Iha Race\"},\"image\":{\"@id\":\"https:\\\/\\\/iha-race.com\\\/de\\\/#\\\/schema\\\/logo\\\/image\\\/\"}}]}<\/script>\n<!-- \/ Yoast SEO plugin. -->","yoast_head_json":{"title":"TBS CROSSFIRE Unsterblich T V2 Antenne - Iha Race","robots":{"index":"index","follow":"follow","max-snippet":"max-snippet:-1","max-image-preview":"max-image-preview:large","max-video-preview":"max-video-preview:-1"},"canonical":"https:\/\/iha-race.com\/de\/producto\/antenne-tbs-crossfire-inmortal-t-v2\/","og_locale":"de_DE","og_type":"article","og_title":"TBS CROSSFIRE Unsterblich T V2 Antenne - Iha Race","og_description":"Es ist uns gelungen, das unsterbliche T in Bezug auf Haltbarkeit und Signalempfindlichkeit zu verbessern.","og_url":"https:\/\/iha-race.com\/de\/producto\/antenne-tbs-crossfire-inmortal-t-v2\/","og_site_name":"Iha Race","article_modified_time":"2026-02-13T14:58:11+00:00","og_image":[{"width":800,"height":800,"url":"https:\/\/iha-race.com\/wp-content\/uploads\/2018\/08\/comprar-antena-inmortal-t-v2-tbs-mejor-precio-1-1.jpg","type":"image\/jpeg"}],"twitter_card":"summary_large_image","twitter_misc":{"Gesch\u00e4tzte Lesezeit":"1\u00a0Minute"},"schema":{"@context":"https:\/\/schema.org","@graph":[{"@type":"WebPage","@id":"https:\/\/iha-race.com\/de\/producto\/antenne-tbs-crossfire-inmortal-t-v2\/","url":"https:\/\/iha-race.com\/de\/producto\/antenne-tbs-crossfire-inmortal-t-v2\/","name":"TBS CROSSFIRE Unsterblich T V2 Antenne - Iha Race","isPartOf":{"@id":"https:\/\/iha-race.com\/de\/#website"},"primaryImageOfPage":{"@id":"https:\/\/iha-race.com\/de\/producto\/antenne-tbs-crossfire-inmortal-t-v2\/#primaryimage"},"image":{"@id":"https:\/\/iha-race.com\/de\/producto\/antenne-tbs-crossfire-inmortal-t-v2\/#primaryimage"},"thumbnailUrl":"https:\/\/iha-race.com\/wp-content\/uploads\/2018\/08\/comprar-antena-inmortal-t-v2-tbs-mejor-precio-1-1.jpg","datePublished":"2018-08-13T16:44:47+00:00","dateModified":"2026-02-13T14:58:11+00:00","breadcrumb":{"@id":"https:\/\/iha-race.com\/de\/producto\/antenne-tbs-crossfire-inmortal-t-v2\/#breadcrumb"},"inLanguage":"de","potentialAction":[{"@type":"ReadAction","target":["https:\/\/iha-race.com\/de\/producto\/antenne-tbs-crossfire-inmortal-t-v2\/"]}]},{"@type":"ImageObject","inLanguage":"de","@id":"https:\/\/iha-race.com\/de\/producto\/antenne-tbs-crossfire-inmortal-t-v2\/#primaryimage","url":"https:\/\/iha-race.com\/wp-content\/uploads\/2018\/08\/comprar-antena-inmortal-t-v2-tbs-mejor-precio-1-1.jpg","contentUrl":"https:\/\/iha-race.com\/wp-content\/uploads\/2018\/08\/comprar-antena-inmortal-t-v2-tbs-mejor-precio-1-1.jpg","width":800,"height":800},{"@type":"BreadcrumbList","@id":"https:\/\/iha-race.com\/de\/producto\/antenne-tbs-crossfire-inmortal-t-v2\/#breadcrumb","itemListElement":[{"@type":"ListItem","position":1,"name":"Portada","item":"https:\/\/iha-race.com\/de\/elementor-499\/"},{"@type":"ListItem","position":2,"name":"Shop","item":"https:\/\/iha-race.com\/de\/shop\/"},{"@type":"ListItem","position":3,"name":"TBS CROSSFIRE Unsterblich T V2 Antenne"}]},{"@type":"WebSite","@id":"https:\/\/iha-race.com\/de\/#website","url":"https:\/\/iha-race.com\/de\/","name":"Iha Race","description":"Comprar drones de carreras FPV env\u00edos en un d\u00eda desde Espa\u00f1a","publisher":{"@id":"https:\/\/iha-race.com\/de\/#organization"},"potentialAction":[{"@type":"SearchAction","target":{"@type":"EntryPoint","urlTemplate":"https:\/\/iha-race.com\/de\/?s={search_term_string}"},"query-input":{"@type":"PropertyValueSpecification","valueRequired":true,"valueName":"search_term_string"}}],"inLanguage":"de"},{"@type":"Organization","@id":"https:\/\/iha-race.com\/de\/#organization","name":"Iha Race","url":"https:\/\/iha-race.com\/de\/","logo":{"@type":"ImageObject","inLanguage":"de","@id":"https:\/\/iha-race.com\/de\/#\/schema\/logo\/image\/","url":"https:\/\/iha-race.com\/wp-content\/uploads\/2018\/07\/iha-race-drones-de-carreras-tienda-comprar-drones.png","contentUrl":"https:\/\/iha-race.com\/wp-content\/uploads\/2018\/07\/iha-race-drones-de-carreras-tienda-comprar-drones.png","width":300,"height":100,"caption":"Iha Race"},"image":{"@id":"https:\/\/iha-race.com\/de\/#\/schema\/logo\/image\/"}}]}},"jetpack_sharing_enabled":true,"brands":[],"_links":{"self":[{"href":"https:\/\/iha-race.com\/de\/wp-json\/wp\/v2\/product\/207705","targetHints":{"allow":["GET"]}}],"collection":[{"href":"https:\/\/iha-race.com\/de\/wp-json\/wp\/v2\/product"}],"about":[{"href":"https:\/\/iha-race.com\/de\/wp-json\/wp\/v2\/types\/product"}],"replies":[{"embeddable":true,"href":"https:\/\/iha-race.com\/de\/wp-json\/wp\/v2\/comments?post=207705"}],"version-history":[{"count":2,"href":"https:\/\/iha-race.com\/de\/wp-json\/wp\/v2\/product\/207705\/revisions"}],"predecessor-version":[{"id":250428,"href":"https:\/\/iha-race.com\/de\/wp-json\/wp\/v2\/product\/207705\/revisions\/250428"}],"wp:featuredmedia":[{"embeddable":true,"href":"https:\/\/iha-race.com\/de\/wp-json\/wp\/v2\/media\/124584"}],"wp:attachment":[{"href":"https:\/\/iha-race.com\/de\/wp-json\/wp\/v2\/media?parent=207705"}],"wp:term":[{"taxonomy":"pwb-brand","embeddable":true,"href":"https:\/\/iha-race.com\/de\/wp-json\/wp\/v2\/pwb-brand?post=207705"},{"taxonomy":"product_cat","embeddable":true,"href":"https:\/\/iha-race.com\/de\/wp-json\/wp\/v2\/product_cat?post=207705"},{"taxonomy":"product_tag","embeddable":true,"href":"https:\/\/iha-race.com\/de\/wp-json\/wp\/v2\/product_tag?post=207705"}],"curies":[{"name":"wp","href":"https:\/\/api.w.org\/{rel}","templated":true}]}}