{"id":207698,"date":"2018-07-29T16:27:55","date_gmt":"2018-07-29T15:27:55","guid":{"rendered":"https:\/\/iha-race.com\/producto\/foxeer-lollipop-v3-5-8g-2-5dbi-omni-antenne-2-stueck\/"},"modified":"2026-04-06T10:37:46","modified_gmt":"2026-04-06T08:37:46","slug":"antena-foxeer-lollipop-v3-5-8g-2-5dbi-omni-2-piezas-2","status":"publish","type":"product","link":"https:\/\/iha-race.com\/de\/producto\/antena-foxeer-lollipop-v3-5-8g-2-5dbi-omni-2-piezas-2\/","title":{"rendered":"Foxeer Lollipop V3 5.8G 2.5dBi Omni Antenne (2 St\u00fcck)"},"content":{"rendered":"<h2>Foxeer Lollipop V3 5.8G 2.5dBi Omni Antenne (2 St\u00fcck)<\/h2>\n<p>  Die Foxeer Lollipop-Antennen sind ein Schritt nach vorn bei FPV-Wettbewerben.  <\/p>\n<h2>Spezifikationen:<\/h2>\n<table class=\"table table-bordered\" width=\"614\">\n<tbody>\n<tr>\n<td valign=\"center\" width=\"189\">Mittenfrequenz<\/td>\n<td valign=\"center\" width=\"413\">5,75 GHz<\/td>\n<\/tr>\n<tr>\n<td valign=\"center\">Verst\u00e4rkung<\/td>\n<td valign=\"center\">2.5dBi<\/td>\n<\/tr>\n<tr>\n<td valign=\"center\">Axiales Verh\u00e4ltnis<\/td>\n<td valign=\"center\">Etwa 1<\/td>\n<\/tr>\n<tr>\n<td valign=\"center\">Breitband<\/td>\n<td valign=\"center\">5,5 G ~ 6 GHz<\/td>\n<\/tr>\n<tr>\n<td valign=\"center\">Strahlungseffizienz<\/td>\n<td valign=\"center\">98%<\/td>\n<\/tr>\n<tr>\n<td valign=\"center\">SWR<\/td>\n<td valign=\"center\">&lt;1,2 bei Mittenfrequenz<\/td>\n<\/tr>\n<tr>\n<td valign=\"center\">Stecker<\/td>\n<td valign=\"center\">SMA \/ RPSMA \/ Gerade MMCX \/ Winkel MMCX \/ UFL<\/td>\n<\/tr>\n<tr>\n<td valign=\"center\">Abmessung<\/td>\n<td valign=\"center\">17 * 23 mm<\/td>\n<\/tr>\n<tr>\n<td valign=\"center\">Polarisierung<\/td>\n<td valign=\"center\">RHCP \/ LHCP<\/td>\n<\/tr>\n<tr>\n<td valign=\"center\">Geh\u00e4use Material<\/td>\n<td valign=\"center\">PC + ABS<\/td>\n<\/tr>\n<tr>\n<td rowspan=\"4\" valign=\"center\">Gewicht<\/td>\n<td valign=\"center\">SMA \/ RPSMA: 4,7 g<\/td>\n<\/tr>\n<tr>\n<td valign=\"center\">Gerade MMCX: 3,1 g<\/td>\n<\/tr>\n<tr>\n<td valign=\"center\">MMCX-Winkel: 3,2 g<\/td>\n<\/tr>\n<tr>\n<td valign=\"center\">UFL: 1,6 g<\/td>\n<\/tr>\n<tr>\n<td valign=\"Package Includes\">Menge<\/td>\n<td valign=\"center\">2 St\u00fcck Antennen<\/td>\n<\/tr>\n<tr>\n<td rowspan=\"4\" valign=\"center\">L\u00e4nge<\/td>\n<td valign=\"center\">SMA \/ RPSMA: 60 mm<\/td>\n<\/tr>\n<tr>\n<td valign=\"center\">RectoMMCX: 60mm<\/td>\n<\/tr>\n<tr>\n<td valign=\"center\">MMCX-Winkel: 60 mm<\/td>\n<\/tr>\n<tr>\n<td valign=\"center\">UFL: 85 mm<\/td>\n<\/tr>\n<\/tbody>\n<\/table>\n<p><img fetchpriority=\"high\" decoding=\"async\" class=\"size-full wp-image-46111\" src=\"https:\/\/iha-race.com\/wp-content\/uploads\/2018\/07\/20190422030330_18095.jpg\" alt=\"Foxeer Lollipop 5.8G V3 Antenne (2 St\u00fcck)\" width=\"1080\" height=\"1600\" srcset=\"https:\/\/iha-race.com\/wp-content\/uploads\/2018\/07\/20190422030330_18095.jpg 1080w, https:\/\/iha-race.com\/wp-content\/uploads\/2018\/07\/20190422030330_18095-599x888.jpg 599w, https:\/\/iha-race.com\/wp-content\/uploads\/2018\/07\/20190422030330_18095-203x300.jpg 203w, https:\/\/iha-race.com\/wp-content\/uploads\/2018\/07\/20190422030330_18095-691x1024.jpg 691w, https:\/\/iha-race.com\/wp-content\/uploads\/2018\/07\/20190422030330_18095-767x1137.jpg 767w, https:\/\/iha-race.com\/wp-content\/uploads\/2018\/07\/20190422030330_18095-1037x1536.jpg 1037w, https:\/\/iha-race.com\/wp-content\/uploads\/2018\/07\/20190422030330_18095-1382x2048.jpg 1382w, https:\/\/iha-race.com\/wp-content\/uploads\/2018\/07\/20190422030330_18095-788x1167.jpg 788w\" sizes=\"(max-width: 1080px) 100vw, 1080px\" \/><\/p>\n<p><img decoding=\"async\" class=\"size-full wp-image-46112\" src=\"https:\/\/iha-race.com\/wp-content\/uploads\/2018\/07\/20190422030343_76590.jpg\" alt=\"Foxeer Lollipop 5.8G V3 Antenne (2 St\u00fcck)\" width=\"1080\" height=\"1700\" srcset=\"https:\/\/iha-race.com\/wp-content\/uploads\/2018\/07\/20190422030343_76590.jpg 1080w, https:\/\/iha-race.com\/wp-content\/uploads\/2018\/07\/20190422030343_76590-600x944.jpg 600w, https:\/\/iha-race.com\/wp-content\/uploads\/2018\/07\/20190422030343_76590-191x300.jpg 191w, https:\/\/iha-race.com\/wp-content\/uploads\/2018\/07\/20190422030343_76590-651x1024.jpg 651w, https:\/\/iha-race.com\/wp-content\/uploads\/2018\/07\/20190422030343_76590-767x1208.jpg 767w, https:\/\/iha-race.com\/wp-content\/uploads\/2018\/07\/20190422030343_76590-976x1536.jpg 976w, https:\/\/iha-race.com\/wp-content\/uploads\/2018\/07\/20190422030343_76590-1301x2048.jpg 1301w, https:\/\/iha-race.com\/wp-content\/uploads\/2018\/07\/20190422030343_76590-788x1240.jpg 788w\" sizes=\"(max-width: 1080px) 100vw, 1080px\" \/><\/p>\n<p><img decoding=\"async\" class=\"size-full wp-image-46113\" src=\"https:\/\/iha-race.com\/wp-content\/uploads\/2018\/07\/20190422030358_78215.jpg\" alt=\"Foxeer Lollipop 5.8G V3 Antenne (2 St\u00fcck)\" width=\"1080\" height=\"1300\" srcset=\"https:\/\/iha-race.com\/wp-content\/uploads\/2018\/07\/20190422030358_78215.jpg 1080w, https:\/\/iha-race.com\/wp-content\/uploads\/2018\/07\/20190422030358_78215-600x722.jpg 600w, https:\/\/iha-race.com\/wp-content\/uploads\/2018\/07\/20190422030358_78215-249x300.jpg 249w, https:\/\/iha-race.com\/wp-content\/uploads\/2018\/07\/20190422030358_78215-851x1024.jpg 851w, https:\/\/iha-race.com\/wp-content\/uploads\/2018\/07\/20190422030358_78215-768x924.jpg 768w, https:\/\/iha-race.com\/wp-content\/uploads\/2018\/07\/20190422030358_78215-1276x1536.jpg 1276w, https:\/\/iha-race.com\/wp-content\/uploads\/2018\/07\/20190422030358_78215-1701x2048.jpg 1701w, https:\/\/iha-race.com\/wp-content\/uploads\/2018\/07\/20190422030358_78215-788x948.jpg 788w\" sizes=\"(max-width: 1080px) 100vw, 1080px\" \/><\/p>\n<p>&nbsp;<\/p>\n<p><img loading=\"lazy\" decoding=\"async\" class=\"size-full wp-image-46115\" src=\"https:\/\/iha-race.com\/wp-content\/uploads\/2018\/07\/20190422030426_72320.jpg\" alt=\"Foxeer Lollipop 5.8G V3 Antenne (2 St\u00fcck)\" width=\"1080\" height=\"2400\" srcset=\"https:\/\/iha-race.com\/wp-content\/uploads\/2018\/07\/20190422030426_72320.jpg 1080w, https:\/\/iha-race.com\/wp-content\/uploads\/2018\/07\/20190422030426_72320-600x1333.jpg 600w, https:\/\/iha-race.com\/wp-content\/uploads\/2018\/07\/20190422030426_72320-135x300.jpg 135w, https:\/\/iha-race.com\/wp-content\/uploads\/2018\/07\/20190422030426_72320-461x1024.jpg 461w, https:\/\/iha-race.com\/wp-content\/uploads\/2018\/07\/20190422030426_72320-768x1706.jpg 768w, https:\/\/iha-race.com\/wp-content\/uploads\/2018\/07\/20190422030426_72320-691x1536.jpg 691w, https:\/\/iha-race.com\/wp-content\/uploads\/2018\/07\/20190422030426_72320-922x2048.jpg 922w, https:\/\/iha-race.com\/wp-content\/uploads\/2018\/07\/20190422030426_72320-788x1751.jpg 788w\" sizes=\"(max-width: 1080px) 100vw, 1080px\" \/><\/p>\n","protected":false},"excerpt":{"rendered":"<p>Foxeer Lollipop V3 5.8G 2.5dBi Omni Antenne (2 St\u00fcck) Die Foxeer Lollipop-Antennen sind ein Schritt nach vorn bei FPV-Wettbewerben. Spezifikationen: Mittenfrequenz 5,75 GHz Verst\u00e4rkung 2.5dBi Axiales Verh\u00e4ltnis Etwa 1 Breitband<\/p>\n","protected":false},"featured_media":124558,"comment_status":"open","ping_status":"closed","template":"","meta":{"_joinchat":[]},"pwb-brand":[],"product_cat":[2589],"product_tag":[],"class_list":{"0":"post-207698","1":"product","2":"type-product","3":"status-publish","4":"has-post-thumbnail","6":"product_cat-fpv-antennen","8":"first","9":"instock","10":"taxable","11":"shipping-taxable","12":"purchasable","13":"product-type-variable"},"barcode":null,"atum_controlled":true,"out_stock_date":null,"out_stock_threshold":null,"inheritable":true,"stock_on_hold":0,"sold_today":0,"sales_last_days":1,"out_stock_days":0,"lost_sales":0,"update_date":"2026-04-16T08:17:39","atum_locations":[],"atum_stock_status":"instock","restock_status":false,"low_stock_amount":"","sales_update_date":"2026-04-16T08:17:39","calc_backorders":null,"yoast_head":"<!-- This site is optimized with the Yoast SEO plugin v27.3 - https:\/\/yoast.com\/product\/yoast-seo-wordpress\/ -->\n<title>Foxeer Lollipop V3 5.8G 2.5dBi Omni Antenne (2 St\u00fcck) - Iha Race<\/title>\n<meta name=\"robots\" content=\"index, follow, max-snippet:-1, max-image-preview:large, max-video-preview:-1\" \/>\n<link rel=\"canonical\" href=\"https:\/\/iha-race.com\/de\/producto\/antena-foxeer-lollipop-v3-5-8g-2-5dbi-omni-2-piezas-2\/\" \/>\n<meta property=\"og:locale\" content=\"de_DE\" \/>\n<meta property=\"og:type\" content=\"article\" \/>\n<meta property=\"og:title\" content=\"Foxeer Lollipop V3 5.8G 2.5dBi Omni Antenne (2 St\u00fcck) - Iha Race\" \/>\n<meta property=\"og:description\" content=\"Foxeer Lollipop V3 5.8G 2.5dBi Omni Antenne (2 St\u00fcck) Die Foxeer Lollipop-Antennen sind ein Schritt nach vorn bei FPV-Wettbewerben. Spezifikationen: Mittenfrequenz 5,75 GHz Verst\u00e4rkung 2.5dBi Axiales Verh\u00e4ltnis Etwa 1 Breitband\" \/>\n<meta property=\"og:url\" content=\"https:\/\/iha-race.com\/de\/producto\/antena-foxeer-lollipop-v3-5-8g-2-5dbi-omni-2-piezas-2\/\" \/>\n<meta property=\"og:site_name\" content=\"Iha Race\" \/>\n<meta property=\"article:modified_time\" content=\"2026-04-06T08:37:46+00:00\" \/>\n<meta property=\"og:image\" content=\"https:\/\/iha-race.com\/wp-content\/uploads\/2018\/07\/Foxeer-antena-lollipop-5.8G-V3-comprar-1.jpg\" \/>\n\t<meta property=\"og:image:width\" content=\"800\" \/>\n\t<meta property=\"og:image:height\" content=\"800\" \/>\n\t<meta property=\"og:image:type\" content=\"image\/jpeg\" \/>\n<meta name=\"twitter:card\" content=\"summary_large_image\" \/>\n<script type=\"application\/ld+json\" class=\"yoast-schema-graph\">{\"@context\":\"https:\\\/\\\/schema.org\",\"@graph\":[{\"@type\":\"WebPage\",\"@id\":\"https:\\\/\\\/iha-race.com\\\/de\\\/producto\\\/antena-foxeer-lollipop-v3-5-8g-2-5dbi-omni-2-piezas-2\\\/\",\"url\":\"https:\\\/\\\/iha-race.com\\\/de\\\/producto\\\/antena-foxeer-lollipop-v3-5-8g-2-5dbi-omni-2-piezas-2\\\/\",\"name\":\"Foxeer Lollipop V3 5.8G 2.5dBi Omni Antenne (2 St\u00fcck) - Iha Race\",\"isPartOf\":{\"@id\":\"https:\\\/\\\/iha-race.com\\\/de\\\/#website\"},\"primaryImageOfPage\":{\"@id\":\"https:\\\/\\\/iha-race.com\\\/de\\\/producto\\\/antena-foxeer-lollipop-v3-5-8g-2-5dbi-omni-2-piezas-2\\\/#primaryimage\"},\"image\":{\"@id\":\"https:\\\/\\\/iha-race.com\\\/de\\\/producto\\\/antena-foxeer-lollipop-v3-5-8g-2-5dbi-omni-2-piezas-2\\\/#primaryimage\"},\"thumbnailUrl\":\"https:\\\/\\\/iha-race.com\\\/wp-content\\\/uploads\\\/2018\\\/07\\\/Foxeer-antena-lollipop-5.8G-V3-comprar-1.jpg\",\"datePublished\":\"2018-07-29T15:27:55+00:00\",\"dateModified\":\"2026-04-06T08:37:46+00:00\",\"breadcrumb\":{\"@id\":\"https:\\\/\\\/iha-race.com\\\/de\\\/producto\\\/antena-foxeer-lollipop-v3-5-8g-2-5dbi-omni-2-piezas-2\\\/#breadcrumb\"},\"inLanguage\":\"de\",\"potentialAction\":[{\"@type\":\"ReadAction\",\"target\":[\"https:\\\/\\\/iha-race.com\\\/de\\\/producto\\\/antena-foxeer-lollipop-v3-5-8g-2-5dbi-omni-2-piezas-2\\\/\"]}]},{\"@type\":\"ImageObject\",\"inLanguage\":\"de\",\"@id\":\"https:\\\/\\\/iha-race.com\\\/de\\\/producto\\\/antena-foxeer-lollipop-v3-5-8g-2-5dbi-omni-2-piezas-2\\\/#primaryimage\",\"url\":\"https:\\\/\\\/iha-race.com\\\/wp-content\\\/uploads\\\/2018\\\/07\\\/Foxeer-antena-lollipop-5.8G-V3-comprar-1.jpg\",\"contentUrl\":\"https:\\\/\\\/iha-race.com\\\/wp-content\\\/uploads\\\/2018\\\/07\\\/Foxeer-antena-lollipop-5.8G-V3-comprar-1.jpg\",\"width\":800,\"height\":800},{\"@type\":\"BreadcrumbList\",\"@id\":\"https:\\\/\\\/iha-race.com\\\/de\\\/producto\\\/antena-foxeer-lollipop-v3-5-8g-2-5dbi-omni-2-piezas-2\\\/#breadcrumb\",\"itemListElement\":[{\"@type\":\"ListItem\",\"position\":1,\"name\":\"Portada\",\"item\":\"https:\\\/\\\/iha-race.com\\\/de\\\/elementor-499\\\/\"},{\"@type\":\"ListItem\",\"position\":2,\"name\":\"Shop\",\"item\":\"https:\\\/\\\/iha-race.com\\\/de\\\/shop\\\/\"},{\"@type\":\"ListItem\",\"position\":3,\"name\":\"Foxeer Lollipop V3 5.8G 2.5dBi Omni Antenne (2 St\u00fcck)\"}]},{\"@type\":\"WebSite\",\"@id\":\"https:\\\/\\\/iha-race.com\\\/de\\\/#website\",\"url\":\"https:\\\/\\\/iha-race.com\\\/de\\\/\",\"name\":\"Iha Race\",\"description\":\"Comprar drones de carreras FPV env\u00edos en un d\u00eda desde Espa\u00f1a\",\"publisher\":{\"@id\":\"https:\\\/\\\/iha-race.com\\\/de\\\/#organization\"},\"potentialAction\":[{\"@type\":\"SearchAction\",\"target\":{\"@type\":\"EntryPoint\",\"urlTemplate\":\"https:\\\/\\\/iha-race.com\\\/de\\\/?s={search_term_string}\"},\"query-input\":{\"@type\":\"PropertyValueSpecification\",\"valueRequired\":true,\"valueName\":\"search_term_string\"}}],\"inLanguage\":\"de\"},{\"@type\":\"Organization\",\"@id\":\"https:\\\/\\\/iha-race.com\\\/de\\\/#organization\",\"name\":\"Iha Race\",\"url\":\"https:\\\/\\\/iha-race.com\\\/de\\\/\",\"logo\":{\"@type\":\"ImageObject\",\"inLanguage\":\"de\",\"@id\":\"https:\\\/\\\/iha-race.com\\\/de\\\/#\\\/schema\\\/logo\\\/image\\\/\",\"url\":\"https:\\\/\\\/iha-race.com\\\/wp-content\\\/uploads\\\/2018\\\/07\\\/iha-race-drones-de-carreras-tienda-comprar-drones.png\",\"contentUrl\":\"https:\\\/\\\/iha-race.com\\\/wp-content\\\/uploads\\\/2018\\\/07\\\/iha-race-drones-de-carreras-tienda-comprar-drones.png\",\"width\":300,\"height\":100,\"caption\":\"Iha Race\"},\"image\":{\"@id\":\"https:\\\/\\\/iha-race.com\\\/de\\\/#\\\/schema\\\/logo\\\/image\\\/\"}}]}<\/script>\n<!-- \/ Yoast SEO plugin. -->","yoast_head_json":{"title":"Foxeer Lollipop V3 5.8G 2.5dBi Omni Antenne (2 St\u00fcck) - Iha Race","robots":{"index":"index","follow":"follow","max-snippet":"max-snippet:-1","max-image-preview":"max-image-preview:large","max-video-preview":"max-video-preview:-1"},"canonical":"https:\/\/iha-race.com\/de\/producto\/antena-foxeer-lollipop-v3-5-8g-2-5dbi-omni-2-piezas-2\/","og_locale":"de_DE","og_type":"article","og_title":"Foxeer Lollipop V3 5.8G 2.5dBi Omni Antenne (2 St\u00fcck) - Iha Race","og_description":"Foxeer Lollipop V3 5.8G 2.5dBi Omni Antenne (2 St\u00fcck) Die Foxeer Lollipop-Antennen sind ein Schritt nach vorn bei FPV-Wettbewerben. Spezifikationen: Mittenfrequenz 5,75 GHz Verst\u00e4rkung 2.5dBi Axiales Verh\u00e4ltnis Etwa 1 Breitband","og_url":"https:\/\/iha-race.com\/de\/producto\/antena-foxeer-lollipop-v3-5-8g-2-5dbi-omni-2-piezas-2\/","og_site_name":"Iha Race","article_modified_time":"2026-04-06T08:37:46+00:00","og_image":[{"width":800,"height":800,"url":"https:\/\/iha-race.com\/wp-content\/uploads\/2018\/07\/Foxeer-antena-lollipop-5.8G-V3-comprar-1.jpg","type":"image\/jpeg"}],"twitter_card":"summary_large_image","schema":{"@context":"https:\/\/schema.org","@graph":[{"@type":"WebPage","@id":"https:\/\/iha-race.com\/de\/producto\/antena-foxeer-lollipop-v3-5-8g-2-5dbi-omni-2-piezas-2\/","url":"https:\/\/iha-race.com\/de\/producto\/antena-foxeer-lollipop-v3-5-8g-2-5dbi-omni-2-piezas-2\/","name":"Foxeer Lollipop V3 5.8G 2.5dBi Omni Antenne (2 St\u00fcck) - Iha Race","isPartOf":{"@id":"https:\/\/iha-race.com\/de\/#website"},"primaryImageOfPage":{"@id":"https:\/\/iha-race.com\/de\/producto\/antena-foxeer-lollipop-v3-5-8g-2-5dbi-omni-2-piezas-2\/#primaryimage"},"image":{"@id":"https:\/\/iha-race.com\/de\/producto\/antena-foxeer-lollipop-v3-5-8g-2-5dbi-omni-2-piezas-2\/#primaryimage"},"thumbnailUrl":"https:\/\/iha-race.com\/wp-content\/uploads\/2018\/07\/Foxeer-antena-lollipop-5.8G-V3-comprar-1.jpg","datePublished":"2018-07-29T15:27:55+00:00","dateModified":"2026-04-06T08:37:46+00:00","breadcrumb":{"@id":"https:\/\/iha-race.com\/de\/producto\/antena-foxeer-lollipop-v3-5-8g-2-5dbi-omni-2-piezas-2\/#breadcrumb"},"inLanguage":"de","potentialAction":[{"@type":"ReadAction","target":["https:\/\/iha-race.com\/de\/producto\/antena-foxeer-lollipop-v3-5-8g-2-5dbi-omni-2-piezas-2\/"]}]},{"@type":"ImageObject","inLanguage":"de","@id":"https:\/\/iha-race.com\/de\/producto\/antena-foxeer-lollipop-v3-5-8g-2-5dbi-omni-2-piezas-2\/#primaryimage","url":"https:\/\/iha-race.com\/wp-content\/uploads\/2018\/07\/Foxeer-antena-lollipop-5.8G-V3-comprar-1.jpg","contentUrl":"https:\/\/iha-race.com\/wp-content\/uploads\/2018\/07\/Foxeer-antena-lollipop-5.8G-V3-comprar-1.jpg","width":800,"height":800},{"@type":"BreadcrumbList","@id":"https:\/\/iha-race.com\/de\/producto\/antena-foxeer-lollipop-v3-5-8g-2-5dbi-omni-2-piezas-2\/#breadcrumb","itemListElement":[{"@type":"ListItem","position":1,"name":"Portada","item":"https:\/\/iha-race.com\/de\/elementor-499\/"},{"@type":"ListItem","position":2,"name":"Shop","item":"https:\/\/iha-race.com\/de\/shop\/"},{"@type":"ListItem","position":3,"name":"Foxeer Lollipop V3 5.8G 2.5dBi Omni Antenne (2 St\u00fcck)"}]},{"@type":"WebSite","@id":"https:\/\/iha-race.com\/de\/#website","url":"https:\/\/iha-race.com\/de\/","name":"Iha Race","description":"Comprar drones de carreras FPV env\u00edos en un d\u00eda desde Espa\u00f1a","publisher":{"@id":"https:\/\/iha-race.com\/de\/#organization"},"potentialAction":[{"@type":"SearchAction","target":{"@type":"EntryPoint","urlTemplate":"https:\/\/iha-race.com\/de\/?s={search_term_string}"},"query-input":{"@type":"PropertyValueSpecification","valueRequired":true,"valueName":"search_term_string"}}],"inLanguage":"de"},{"@type":"Organization","@id":"https:\/\/iha-race.com\/de\/#organization","name":"Iha Race","url":"https:\/\/iha-race.com\/de\/","logo":{"@type":"ImageObject","inLanguage":"de","@id":"https:\/\/iha-race.com\/de\/#\/schema\/logo\/image\/","url":"https:\/\/iha-race.com\/wp-content\/uploads\/2018\/07\/iha-race-drones-de-carreras-tienda-comprar-drones.png","contentUrl":"https:\/\/iha-race.com\/wp-content\/uploads\/2018\/07\/iha-race-drones-de-carreras-tienda-comprar-drones.png","width":300,"height":100,"caption":"Iha Race"},"image":{"@id":"https:\/\/iha-race.com\/de\/#\/schema\/logo\/image\/"}}]}},"jetpack_sharing_enabled":true,"brands":[],"_links":{"self":[{"href":"https:\/\/iha-race.com\/de\/wp-json\/wp\/v2\/product\/207698","targetHints":{"allow":["GET"]}}],"collection":[{"href":"https:\/\/iha-race.com\/de\/wp-json\/wp\/v2\/product"}],"about":[{"href":"https:\/\/iha-race.com\/de\/wp-json\/wp\/v2\/types\/product"}],"replies":[{"embeddable":true,"href":"https:\/\/iha-race.com\/de\/wp-json\/wp\/v2\/comments?post=207698"}],"version-history":[{"count":1,"href":"https:\/\/iha-race.com\/de\/wp-json\/wp\/v2\/product\/207698\/revisions"}],"predecessor-version":[{"id":250458,"href":"https:\/\/iha-race.com\/de\/wp-json\/wp\/v2\/product\/207698\/revisions\/250458"}],"wp:featuredmedia":[{"embeddable":true,"href":"https:\/\/iha-race.com\/de\/wp-json\/wp\/v2\/media\/124558"}],"wp:attachment":[{"href":"https:\/\/iha-race.com\/de\/wp-json\/wp\/v2\/media?parent=207698"}],"wp:term":[{"taxonomy":"pwb-brand","embeddable":true,"href":"https:\/\/iha-race.com\/de\/wp-json\/wp\/v2\/pwb-brand?post=207698"},{"taxonomy":"product_cat","embeddable":true,"href":"https:\/\/iha-race.com\/de\/wp-json\/wp\/v2\/product_cat?post=207698"},{"taxonomy":"product_tag","embeddable":true,"href":"https:\/\/iha-race.com\/de\/wp-json\/wp\/v2\/product_tag?post=207698"}],"curies":[{"name":"wp","href":"https:\/\/api.w.org\/{rel}","templated":true}]}}