{"id":207672,"date":"2018-07-23T21:29:42","date_gmt":"2018-07-23T19:29:42","guid":{"rendered":"https:\/\/iha-race.com\/producto\/led-summer-eingebaut-in-matek-6-stueck-led-ws2812b-und-1-stueck-5v-summer\/"},"modified":"2024-08-29T16:38:16","modified_gmt":"2024-08-29T14:38:16","slug":"led-buzzer-incorporated-matek-6-pcs-led-ws2812b-y-1pc-5v-buzzer","status":"publish","type":"product","link":"https:\/\/iha-race.com\/de\/producto\/led-buzzer-incorporated-matek-6-pcs-led-ws2812b-y-1pc-5v-buzzer\/","title":{"rendered":"LED + Summer eingebaut in Matek (6 St\u00fcck LED WS2812B und 1 St\u00fcck 5V Summer)"},"content":{"rendered":"<h3>LED + Summer eingebaut in Matek (6 St\u00fcck LED WS2812B und 1 St\u00fcck 5V Summer)<\/h3>\n<p>  Diese WS2812B LED-Platine. Sie enth\u00e4lt 6 intelligente RGB-LEDs im Format 5050 (5 mm x 5 mm) auf einer Platine mit Befestigungsl\u00f6chern und einem Daisy-Chain-Design. Verwenden Sie nur einen Mikro-Treiber-Pin, um alle LEDs anzusteuern, die in Reihe geschaltet werden k\u00f6nnen! Jede einzelne hat einen konstanten Verbrauch von ca. 18 mA, so dass die Farben auch bei Spannungsschwankungen sehr hell sind.  <strong>Spezifikation:<\/strong><\/p>\n<div class=\"tab_inner_content invers-color\">\n<ul>\n<li>Eingang: 5V (4 ~ 7V)<\/li>\n<li>Gr\u00f6\u00dfe: 50 mm \/ 2 &#8220;x X 10mm \/ 0.4&#8243; X 50 mm \/ 2&#8221; x 10mm \/ 0.4<\/li>\n<li>Befestigung: 30,5 mm, \u03a63mm<\/li>\n<li>Verwendung f\u00fcr: Naze32, Skyline32, SPRacingF3, usw., mit CleanFlight-Firmware.<\/li>\n<\/ul>\n<\/div>\n<p>&nbsp;<\/p>\n","protected":false},"excerpt":{"rendered":"<p>LED + Summer eingebaut in Matek (6 St\u00fcck LED WS2812B und 1 St\u00fcck 5V Summer) Diese WS2812B LED-Platine. Sie enth\u00e4lt 6 intelligente RGB-LEDs im Format 5050 (5 mm x 5<\/p>\n","protected":false},"featured_media":125046,"comment_status":"open","ping_status":"closed","template":"","meta":{"_joinchat":[]},"pwb-brand":[],"product_cat":[146,139],"product_tag":[],"class_list":{"0":"post-207672","1":"product","2":"type-product","3":"status-publish","4":"has-post-thumbnail","6":"product_cat-led-zumbadores","7":"product_cat-accesorios-de-drones","9":"first","10":"instock","11":"sold-individually","12":"taxable","13":"shipping-taxable","14":"purchasable","15":"product-type-simple"},"barcode":null,"atum_controlled":true,"out_stock_date":null,"out_stock_threshold":null,"inheritable":false,"stock_on_hold":0,"sold_today":0,"sales_last_days":0,"out_stock_days":0,"lost_sales":0,"update_date":"2026-04-18T17:57:52","atum_locations":[],"atum_stock_status":"instock","restock_status":false,"low_stock_amount":"","sales_update_date":"2026-04-18T17:57:52","calc_backorders":null,"yoast_head":"<!-- This site is optimized with the Yoast SEO plugin v27.3 - https:\/\/yoast.com\/product\/yoast-seo-wordpress\/ -->\n<title>LED + Summer eingebaut in Matek (6 St\u00fcck LED WS2812B und 1 St\u00fcck 5V Summer) - Iha Race<\/title>\n<meta name=\"robots\" content=\"index, follow, max-snippet:-1, max-image-preview:large, max-video-preview:-1\" \/>\n<link rel=\"canonical\" href=\"https:\/\/iha-race.com\/de\/producto\/led-buzzer-incorporated-matek-6-pcs-led-ws2812b-y-1pc-5v-buzzer\/\" \/>\n<meta property=\"og:locale\" content=\"de_DE\" \/>\n<meta property=\"og:type\" content=\"article\" \/>\n<meta property=\"og:title\" content=\"LED + Summer eingebaut in Matek (6 St\u00fcck LED WS2812B und 1 St\u00fcck 5V Summer) - Iha Race\" \/>\n<meta property=\"og:description\" content=\"LED + Summer eingebaut in Matek (6 St\u00fcck LED WS2812B und 1 St\u00fcck 5V Summer) Diese WS2812B LED-Platine. Sie enth\u00e4lt 6 intelligente RGB-LEDs im Format 5050 (5 mm x 5\" \/>\n<meta property=\"og:url\" content=\"https:\/\/iha-race.com\/de\/producto\/led-buzzer-incorporated-matek-6-pcs-led-ws2812b-y-1pc-5v-buzzer\/\" \/>\n<meta property=\"og:site_name\" content=\"Iha Race\" \/>\n<meta property=\"article:modified_time\" content=\"2024-08-29T14:38:16+00:00\" \/>\n<meta property=\"og:image\" content=\"https:\/\/iha-race.com\/wp-content\/uploads\/2018\/07\/led-zumbadores-matek-1.jpg\" \/>\n\t<meta property=\"og:image:width\" content=\"800\" \/>\n\t<meta property=\"og:image:height\" content=\"800\" \/>\n\t<meta property=\"og:image:type\" content=\"image\/jpeg\" \/>\n<meta name=\"twitter:card\" content=\"summary_large_image\" \/>\n<meta name=\"twitter:label1\" content=\"Gesch\u00e4tzte Lesezeit\" \/>\n\t<meta name=\"twitter:data1\" content=\"1\u00a0Minute\" \/>\n<script type=\"application\/ld+json\" class=\"yoast-schema-graph\">{\"@context\":\"https:\\\/\\\/schema.org\",\"@graph\":[{\"@type\":\"WebPage\",\"@id\":\"https:\\\/\\\/iha-race.com\\\/de\\\/producto\\\/led-buzzer-incorporated-matek-6-pcs-led-ws2812b-y-1pc-5v-buzzer\\\/\",\"url\":\"https:\\\/\\\/iha-race.com\\\/de\\\/producto\\\/led-buzzer-incorporated-matek-6-pcs-led-ws2812b-y-1pc-5v-buzzer\\\/\",\"name\":\"LED + Summer eingebaut in Matek (6 St\u00fcck LED WS2812B und 1 St\u00fcck 5V Summer) - Iha Race\",\"isPartOf\":{\"@id\":\"https:\\\/\\\/iha-race.com\\\/de\\\/#website\"},\"primaryImageOfPage\":{\"@id\":\"https:\\\/\\\/iha-race.com\\\/de\\\/producto\\\/led-buzzer-incorporated-matek-6-pcs-led-ws2812b-y-1pc-5v-buzzer\\\/#primaryimage\"},\"image\":{\"@id\":\"https:\\\/\\\/iha-race.com\\\/de\\\/producto\\\/led-buzzer-incorporated-matek-6-pcs-led-ws2812b-y-1pc-5v-buzzer\\\/#primaryimage\"},\"thumbnailUrl\":\"https:\\\/\\\/iha-race.com\\\/wp-content\\\/uploads\\\/2018\\\/07\\\/led-zumbadores-matek-1.jpg\",\"datePublished\":\"2018-07-23T19:29:42+00:00\",\"dateModified\":\"2024-08-29T14:38:16+00:00\",\"breadcrumb\":{\"@id\":\"https:\\\/\\\/iha-race.com\\\/de\\\/producto\\\/led-buzzer-incorporated-matek-6-pcs-led-ws2812b-y-1pc-5v-buzzer\\\/#breadcrumb\"},\"inLanguage\":\"de\",\"potentialAction\":[{\"@type\":\"ReadAction\",\"target\":[\"https:\\\/\\\/iha-race.com\\\/de\\\/producto\\\/led-buzzer-incorporated-matek-6-pcs-led-ws2812b-y-1pc-5v-buzzer\\\/\"]}]},{\"@type\":\"ImageObject\",\"inLanguage\":\"de\",\"@id\":\"https:\\\/\\\/iha-race.com\\\/de\\\/producto\\\/led-buzzer-incorporated-matek-6-pcs-led-ws2812b-y-1pc-5v-buzzer\\\/#primaryimage\",\"url\":\"https:\\\/\\\/iha-race.com\\\/wp-content\\\/uploads\\\/2018\\\/07\\\/led-zumbadores-matek-1.jpg\",\"contentUrl\":\"https:\\\/\\\/iha-race.com\\\/wp-content\\\/uploads\\\/2018\\\/07\\\/led-zumbadores-matek-1.jpg\",\"width\":800,\"height\":800},{\"@type\":\"BreadcrumbList\",\"@id\":\"https:\\\/\\\/iha-race.com\\\/de\\\/producto\\\/led-buzzer-incorporated-matek-6-pcs-led-ws2812b-y-1pc-5v-buzzer\\\/#breadcrumb\",\"itemListElement\":[{\"@type\":\"ListItem\",\"position\":1,\"name\":\"Portada\",\"item\":\"https:\\\/\\\/iha-race.com\\\/de\\\/elementor-499\\\/\"},{\"@type\":\"ListItem\",\"position\":2,\"name\":\"Shop\",\"item\":\"https:\\\/\\\/iha-race.com\\\/de\\\/shop\\\/\"},{\"@type\":\"ListItem\",\"position\":3,\"name\":\"LED + Summer eingebaut in Matek (6 St\u00fcck LED WS2812B und 1 St\u00fcck 5V Summer)\"}]},{\"@type\":\"WebSite\",\"@id\":\"https:\\\/\\\/iha-race.com\\\/de\\\/#website\",\"url\":\"https:\\\/\\\/iha-race.com\\\/de\\\/\",\"name\":\"Iha Race\",\"description\":\"Comprar drones de carreras FPV env\u00edos en un d\u00eda desde Espa\u00f1a\",\"publisher\":{\"@id\":\"https:\\\/\\\/iha-race.com\\\/de\\\/#organization\"},\"potentialAction\":[{\"@type\":\"SearchAction\",\"target\":{\"@type\":\"EntryPoint\",\"urlTemplate\":\"https:\\\/\\\/iha-race.com\\\/de\\\/?s={search_term_string}\"},\"query-input\":{\"@type\":\"PropertyValueSpecification\",\"valueRequired\":true,\"valueName\":\"search_term_string\"}}],\"inLanguage\":\"de\"},{\"@type\":\"Organization\",\"@id\":\"https:\\\/\\\/iha-race.com\\\/de\\\/#organization\",\"name\":\"Iha Race\",\"url\":\"https:\\\/\\\/iha-race.com\\\/de\\\/\",\"logo\":{\"@type\":\"ImageObject\",\"inLanguage\":\"de\",\"@id\":\"https:\\\/\\\/iha-race.com\\\/de\\\/#\\\/schema\\\/logo\\\/image\\\/\",\"url\":\"https:\\\/\\\/iha-race.com\\\/wp-content\\\/uploads\\\/2018\\\/07\\\/iha-race-drones-de-carreras-tienda-comprar-drones.png\",\"contentUrl\":\"https:\\\/\\\/iha-race.com\\\/wp-content\\\/uploads\\\/2018\\\/07\\\/iha-race-drones-de-carreras-tienda-comprar-drones.png\",\"width\":300,\"height\":100,\"caption\":\"Iha Race\"},\"image\":{\"@id\":\"https:\\\/\\\/iha-race.com\\\/de\\\/#\\\/schema\\\/logo\\\/image\\\/\"}}]}<\/script>\n<!-- \/ Yoast SEO plugin. -->","yoast_head_json":{"title":"LED + Summer eingebaut in Matek (6 St\u00fcck LED WS2812B und 1 St\u00fcck 5V Summer) - Iha Race","robots":{"index":"index","follow":"follow","max-snippet":"max-snippet:-1","max-image-preview":"max-image-preview:large","max-video-preview":"max-video-preview:-1"},"canonical":"https:\/\/iha-race.com\/de\/producto\/led-buzzer-incorporated-matek-6-pcs-led-ws2812b-y-1pc-5v-buzzer\/","og_locale":"de_DE","og_type":"article","og_title":"LED + Summer eingebaut in Matek (6 St\u00fcck LED WS2812B und 1 St\u00fcck 5V Summer) - Iha Race","og_description":"LED + Summer eingebaut in Matek (6 St\u00fcck LED WS2812B und 1 St\u00fcck 5V Summer) Diese WS2812B LED-Platine. Sie enth\u00e4lt 6 intelligente RGB-LEDs im Format 5050 (5 mm x 5","og_url":"https:\/\/iha-race.com\/de\/producto\/led-buzzer-incorporated-matek-6-pcs-led-ws2812b-y-1pc-5v-buzzer\/","og_site_name":"Iha Race","article_modified_time":"2024-08-29T14:38:16+00:00","og_image":[{"width":800,"height":800,"url":"https:\/\/iha-race.com\/wp-content\/uploads\/2018\/07\/led-zumbadores-matek-1.jpg","type":"image\/jpeg"}],"twitter_card":"summary_large_image","twitter_misc":{"Gesch\u00e4tzte Lesezeit":"1\u00a0Minute"},"schema":{"@context":"https:\/\/schema.org","@graph":[{"@type":"WebPage","@id":"https:\/\/iha-race.com\/de\/producto\/led-buzzer-incorporated-matek-6-pcs-led-ws2812b-y-1pc-5v-buzzer\/","url":"https:\/\/iha-race.com\/de\/producto\/led-buzzer-incorporated-matek-6-pcs-led-ws2812b-y-1pc-5v-buzzer\/","name":"LED + Summer eingebaut in Matek (6 St\u00fcck LED WS2812B und 1 St\u00fcck 5V Summer) - Iha Race","isPartOf":{"@id":"https:\/\/iha-race.com\/de\/#website"},"primaryImageOfPage":{"@id":"https:\/\/iha-race.com\/de\/producto\/led-buzzer-incorporated-matek-6-pcs-led-ws2812b-y-1pc-5v-buzzer\/#primaryimage"},"image":{"@id":"https:\/\/iha-race.com\/de\/producto\/led-buzzer-incorporated-matek-6-pcs-led-ws2812b-y-1pc-5v-buzzer\/#primaryimage"},"thumbnailUrl":"https:\/\/iha-race.com\/wp-content\/uploads\/2018\/07\/led-zumbadores-matek-1.jpg","datePublished":"2018-07-23T19:29:42+00:00","dateModified":"2024-08-29T14:38:16+00:00","breadcrumb":{"@id":"https:\/\/iha-race.com\/de\/producto\/led-buzzer-incorporated-matek-6-pcs-led-ws2812b-y-1pc-5v-buzzer\/#breadcrumb"},"inLanguage":"de","potentialAction":[{"@type":"ReadAction","target":["https:\/\/iha-race.com\/de\/producto\/led-buzzer-incorporated-matek-6-pcs-led-ws2812b-y-1pc-5v-buzzer\/"]}]},{"@type":"ImageObject","inLanguage":"de","@id":"https:\/\/iha-race.com\/de\/producto\/led-buzzer-incorporated-matek-6-pcs-led-ws2812b-y-1pc-5v-buzzer\/#primaryimage","url":"https:\/\/iha-race.com\/wp-content\/uploads\/2018\/07\/led-zumbadores-matek-1.jpg","contentUrl":"https:\/\/iha-race.com\/wp-content\/uploads\/2018\/07\/led-zumbadores-matek-1.jpg","width":800,"height":800},{"@type":"BreadcrumbList","@id":"https:\/\/iha-race.com\/de\/producto\/led-buzzer-incorporated-matek-6-pcs-led-ws2812b-y-1pc-5v-buzzer\/#breadcrumb","itemListElement":[{"@type":"ListItem","position":1,"name":"Portada","item":"https:\/\/iha-race.com\/de\/elementor-499\/"},{"@type":"ListItem","position":2,"name":"Shop","item":"https:\/\/iha-race.com\/de\/shop\/"},{"@type":"ListItem","position":3,"name":"LED + Summer eingebaut in Matek (6 St\u00fcck LED WS2812B und 1 St\u00fcck 5V Summer)"}]},{"@type":"WebSite","@id":"https:\/\/iha-race.com\/de\/#website","url":"https:\/\/iha-race.com\/de\/","name":"Iha Race","description":"Comprar drones de carreras FPV env\u00edos en un d\u00eda desde Espa\u00f1a","publisher":{"@id":"https:\/\/iha-race.com\/de\/#organization"},"potentialAction":[{"@type":"SearchAction","target":{"@type":"EntryPoint","urlTemplate":"https:\/\/iha-race.com\/de\/?s={search_term_string}"},"query-input":{"@type":"PropertyValueSpecification","valueRequired":true,"valueName":"search_term_string"}}],"inLanguage":"de"},{"@type":"Organization","@id":"https:\/\/iha-race.com\/de\/#organization","name":"Iha Race","url":"https:\/\/iha-race.com\/de\/","logo":{"@type":"ImageObject","inLanguage":"de","@id":"https:\/\/iha-race.com\/de\/#\/schema\/logo\/image\/","url":"https:\/\/iha-race.com\/wp-content\/uploads\/2018\/07\/iha-race-drones-de-carreras-tienda-comprar-drones.png","contentUrl":"https:\/\/iha-race.com\/wp-content\/uploads\/2018\/07\/iha-race-drones-de-carreras-tienda-comprar-drones.png","width":300,"height":100,"caption":"Iha Race"},"image":{"@id":"https:\/\/iha-race.com\/de\/#\/schema\/logo\/image\/"}}]}},"jetpack_sharing_enabled":true,"brands":[],"_links":{"self":[{"href":"https:\/\/iha-race.com\/de\/wp-json\/wp\/v2\/product\/207672","targetHints":{"allow":["GET"]}}],"collection":[{"href":"https:\/\/iha-race.com\/de\/wp-json\/wp\/v2\/product"}],"about":[{"href":"https:\/\/iha-race.com\/de\/wp-json\/wp\/v2\/types\/product"}],"replies":[{"embeddable":true,"href":"https:\/\/iha-race.com\/de\/wp-json\/wp\/v2\/comments?post=207672"}],"version-history":[{"count":2,"href":"https:\/\/iha-race.com\/de\/wp-json\/wp\/v2\/product\/207672\/revisions"}],"predecessor-version":[{"id":250510,"href":"https:\/\/iha-race.com\/de\/wp-json\/wp\/v2\/product\/207672\/revisions\/250510"}],"wp:featuredmedia":[{"embeddable":true,"href":"https:\/\/iha-race.com\/de\/wp-json\/wp\/v2\/media\/125046"}],"wp:attachment":[{"href":"https:\/\/iha-race.com\/de\/wp-json\/wp\/v2\/media?parent=207672"}],"wp:term":[{"taxonomy":"pwb-brand","embeddable":true,"href":"https:\/\/iha-race.com\/de\/wp-json\/wp\/v2\/pwb-brand?post=207672"},{"taxonomy":"product_cat","embeddable":true,"href":"https:\/\/iha-race.com\/de\/wp-json\/wp\/v2\/product_cat?post=207672"},{"taxonomy":"product_tag","embeddable":true,"href":"https:\/\/iha-race.com\/de\/wp-json\/wp\/v2\/product_tag?post=207672"}],"curies":[{"name":"wp","href":"https:\/\/api.w.org\/{rel}","templated":true}]}}