{"id":207646,"date":"2018-07-23T16:32:19","date_gmt":"2018-07-23T16:32:19","guid":{"rendered":"https:\/\/iha-race.com\/producto\/gopro-session-halterung\/"},"modified":"2026-03-21T19:45:53","modified_gmt":"2026-03-21T18:45:53","slug":"gopro-session-support","status":"publish","type":"product","link":"https:\/\/iha-race.com\/de\/producto\/gopro-session-support\/","title":{"rendered":"GoPro Session Halterung"},"content":{"rendered":"<h2>GoPro Session Halterung<\/h2>\n<div>Mit dieser ma\u00dfgeschneiderten GoPro Drohnenhalterung f\u00fcr Ihre Gopro Session 4 oder Session 5 k\u00f6nnen Sie Ihre Videos dank des flexiblen TPU-Materials praktisch vibrationsfrei aufnehmen.<\/div>\n<div><\/div>\n<div>Genie\u00dfen Sie genau das richtige Ma\u00df an Schutz, ohne das Gewicht oder die Sicht auf Ihre Gopro zu beeintr\u00e4chtigen, denn selbst im SuperView-Modus sind die Seiten des Gopro-Protektors nicht sichtbar.<\/div>\n<div>Dank seines einfachen Designs erhalten wir eine Gopro Session Halterung \/ Schutz, die Sie auf jeder Drohne installieren k\u00f6nnen, indem Sie einfach ein paar Flansche hinzuf\u00fcgen. Die Gopro Kamera passt perfekt und nach vielen Tests haben wir festgestellt, dass sie gesch\u00fctzt ist und nicht aus den Seiten herausfliegt.<\/div>\n<div><\/div>\n<div>Da sie au\u00dferdem mit Flanschen befestigt ist, k\u00f6nnen die Flansche im Falle eines harten Aufpralls brechen und unsere Gopro vor einem harten und direkten Aufprall sch\u00fctzen.<\/div>\n<div>\n<div><br class=\"inbox-inbox-Apple-interchange-newline\"><strong>Merkmale:<\/strong><\/div>\n<div>\n<ul>\n<li>Werkstoff: TPU<\/li>\n<li>Art der Herstellung: 3D-Druck<\/li>\n<\/ul>\n<\/div>\n<\/div>\n<div id=\"stylebot\" style=\"top: 0; height: 100%; position: fixed; z-index: 100000000; line-height: 20px;\"><\/div>\n<div id=\"stylebot\" style=\"top: 0; height: 100%; position: fixed; z-index: 100000000; line-height: 20px;\"><\/div>\n","protected":false},"excerpt":{"rendered":"<p>&nbsp;<\/p>\n<div id=\"stylebot\" style=\"top: 0; height: 100%; position: fixed; z-index: 100000000; line-height: 20px;\"><\/div>\n<div id=\"stylebot\" style=\"top: 0; height: 100%; position: fixed; z-index: 100000000; line-height: 20px;\"><\/div>\n","protected":false},"featured_media":124372,"comment_status":"open","ping_status":"closed","template":"","meta":{"_joinchat":[]},"pwb-brand":[],"product_cat":[2742,2753,2579,2554,2513],"product_tag":[],"class_list":{"0":"post-207646","1":"product","2":"type-product","3":"status-publish","4":"has-post-thumbnail","6":"product_cat-3d-teile","7":"product_cat-fpv-de","8":"product_cat-fpv-drohnen","9":"product_cat-fpv-kameras-de","10":"product_cat-zubehor","12":"first","13":"instock","14":"taxable","15":"shipping-taxable","16":"purchasable","17":"product-type-variable"},"barcode":null,"atum_controlled":true,"out_stock_date":null,"out_stock_threshold":null,"inheritable":true,"stock_on_hold":0,"sold_today":1,"sales_last_days":1,"out_stock_days":0,"lost_sales":0,"update_date":"2026-04-08T10:17:18","atum_locations":[],"atum_stock_status":"instock","restock_status":false,"low_stock_amount":"","sales_update_date":"2026-04-08T10:17:18","calc_backorders":null,"yoast_head":"<!-- This site is optimized with the Yoast SEO plugin v27.3 - https:\/\/yoast.com\/product\/yoast-seo-wordpress\/ -->\n<title>GoPro Session Halterung - Iha Race<\/title>\n<meta name=\"robots\" content=\"index, follow, max-snippet:-1, max-image-preview:large, max-video-preview:-1\" \/>\n<link rel=\"canonical\" href=\"https:\/\/iha-race.com\/de\/producto\/gopro-session-support\/\" \/>\n<meta property=\"og:locale\" content=\"de_DE\" \/>\n<meta property=\"og:type\" content=\"article\" \/>\n<meta property=\"og:title\" content=\"GoPro Session Halterung - Iha Race\" \/>\n<meta property=\"og:description\" content=\"&nbsp;\" \/>\n<meta property=\"og:url\" content=\"https:\/\/iha-race.com\/de\/producto\/gopro-session-support\/\" \/>\n<meta property=\"og:site_name\" content=\"Iha Race\" \/>\n<meta property=\"article:modified_time\" content=\"2026-03-21T18:45:53+00:00\" \/>\n<meta property=\"og:image\" content=\"https:\/\/iha-race.com\/wp-content\/uploads\/2018\/07\/comprar-soporte-go-pro-3d-dron-carrera-fpv-mas-barato-1.jpg\" \/>\n\t<meta property=\"og:image:width\" content=\"2222\" \/>\n\t<meta property=\"og:image:height\" content=\"2222\" \/>\n\t<meta property=\"og:image:type\" content=\"image\/jpeg\" \/>\n<meta name=\"twitter:card\" content=\"summary_large_image\" \/>\n<meta name=\"twitter:label1\" content=\"Gesch\u00e4tzte Lesezeit\" \/>\n\t<meta name=\"twitter:data1\" content=\"1\u00a0Minute\" \/>\n<script type=\"application\/ld+json\" class=\"yoast-schema-graph\">{\"@context\":\"https:\\\/\\\/schema.org\",\"@graph\":[{\"@type\":\"WebPage\",\"@id\":\"https:\\\/\\\/iha-race.com\\\/de\\\/producto\\\/gopro-session-support\\\/\",\"url\":\"https:\\\/\\\/iha-race.com\\\/de\\\/producto\\\/gopro-session-support\\\/\",\"name\":\"GoPro Session Halterung - Iha Race\",\"isPartOf\":{\"@id\":\"https:\\\/\\\/iha-race.com\\\/de\\\/#website\"},\"primaryImageOfPage\":{\"@id\":\"https:\\\/\\\/iha-race.com\\\/de\\\/producto\\\/gopro-session-support\\\/#primaryimage\"},\"image\":{\"@id\":\"https:\\\/\\\/iha-race.com\\\/de\\\/producto\\\/gopro-session-support\\\/#primaryimage\"},\"thumbnailUrl\":\"https:\\\/\\\/iha-race.com\\\/wp-content\\\/uploads\\\/2018\\\/07\\\/comprar-soporte-go-pro-3d-dron-carrera-fpv-mas-barato-1.jpg\",\"datePublished\":\"2018-07-23T16:32:19+00:00\",\"dateModified\":\"2026-03-21T18:45:53+00:00\",\"breadcrumb\":{\"@id\":\"https:\\\/\\\/iha-race.com\\\/de\\\/producto\\\/gopro-session-support\\\/#breadcrumb\"},\"inLanguage\":\"de\",\"potentialAction\":[{\"@type\":\"ReadAction\",\"target\":[\"https:\\\/\\\/iha-race.com\\\/de\\\/producto\\\/gopro-session-support\\\/\"]}]},{\"@type\":\"ImageObject\",\"inLanguage\":\"de\",\"@id\":\"https:\\\/\\\/iha-race.com\\\/de\\\/producto\\\/gopro-session-support\\\/#primaryimage\",\"url\":\"https:\\\/\\\/iha-race.com\\\/wp-content\\\/uploads\\\/2018\\\/07\\\/comprar-soporte-go-pro-3d-dron-carrera-fpv-mas-barato-1.jpg\",\"contentUrl\":\"https:\\\/\\\/iha-race.com\\\/wp-content\\\/uploads\\\/2018\\\/07\\\/comprar-soporte-go-pro-3d-dron-carrera-fpv-mas-barato-1.jpg\",\"width\":2222,\"height\":2222},{\"@type\":\"BreadcrumbList\",\"@id\":\"https:\\\/\\\/iha-race.com\\\/de\\\/producto\\\/gopro-session-support\\\/#breadcrumb\",\"itemListElement\":[{\"@type\":\"ListItem\",\"position\":1,\"name\":\"Portada\",\"item\":\"https:\\\/\\\/iha-race.com\\\/de\\\/elementor-499\\\/\"},{\"@type\":\"ListItem\",\"position\":2,\"name\":\"Shop\",\"item\":\"https:\\\/\\\/iha-race.com\\\/de\\\/shop\\\/\"},{\"@type\":\"ListItem\",\"position\":3,\"name\":\"GoPro Session Halterung\"}]},{\"@type\":\"WebSite\",\"@id\":\"https:\\\/\\\/iha-race.com\\\/de\\\/#website\",\"url\":\"https:\\\/\\\/iha-race.com\\\/de\\\/\",\"name\":\"Iha Race\",\"description\":\"Comprar drones de carreras FPV env\u00edos en un d\u00eda desde Espa\u00f1a\",\"publisher\":{\"@id\":\"https:\\\/\\\/iha-race.com\\\/de\\\/#organization\"},\"potentialAction\":[{\"@type\":\"SearchAction\",\"target\":{\"@type\":\"EntryPoint\",\"urlTemplate\":\"https:\\\/\\\/iha-race.com\\\/de\\\/?s={search_term_string}\"},\"query-input\":{\"@type\":\"PropertyValueSpecification\",\"valueRequired\":true,\"valueName\":\"search_term_string\"}}],\"inLanguage\":\"de\"},{\"@type\":\"Organization\",\"@id\":\"https:\\\/\\\/iha-race.com\\\/de\\\/#organization\",\"name\":\"Iha Race\",\"url\":\"https:\\\/\\\/iha-race.com\\\/de\\\/\",\"logo\":{\"@type\":\"ImageObject\",\"inLanguage\":\"de\",\"@id\":\"https:\\\/\\\/iha-race.com\\\/de\\\/#\\\/schema\\\/logo\\\/image\\\/\",\"url\":\"https:\\\/\\\/iha-race.com\\\/wp-content\\\/uploads\\\/2018\\\/07\\\/iha-race-drones-de-carreras-tienda-comprar-drones.png\",\"contentUrl\":\"https:\\\/\\\/iha-race.com\\\/wp-content\\\/uploads\\\/2018\\\/07\\\/iha-race-drones-de-carreras-tienda-comprar-drones.png\",\"width\":300,\"height\":100,\"caption\":\"Iha Race\"},\"image\":{\"@id\":\"https:\\\/\\\/iha-race.com\\\/de\\\/#\\\/schema\\\/logo\\\/image\\\/\"}}]}<\/script>\n<!-- \/ Yoast SEO plugin. -->","yoast_head_json":{"title":"GoPro Session Halterung - Iha Race","robots":{"index":"index","follow":"follow","max-snippet":"max-snippet:-1","max-image-preview":"max-image-preview:large","max-video-preview":"max-video-preview:-1"},"canonical":"https:\/\/iha-race.com\/de\/producto\/gopro-session-support\/","og_locale":"de_DE","og_type":"article","og_title":"GoPro Session Halterung - Iha Race","og_description":"&nbsp;","og_url":"https:\/\/iha-race.com\/de\/producto\/gopro-session-support\/","og_site_name":"Iha Race","article_modified_time":"2026-03-21T18:45:53+00:00","og_image":[{"width":2222,"height":2222,"url":"https:\/\/iha-race.com\/wp-content\/uploads\/2018\/07\/comprar-soporte-go-pro-3d-dron-carrera-fpv-mas-barato-1.jpg","type":"image\/jpeg"}],"twitter_card":"summary_large_image","twitter_misc":{"Gesch\u00e4tzte Lesezeit":"1\u00a0Minute"},"schema":{"@context":"https:\/\/schema.org","@graph":[{"@type":"WebPage","@id":"https:\/\/iha-race.com\/de\/producto\/gopro-session-support\/","url":"https:\/\/iha-race.com\/de\/producto\/gopro-session-support\/","name":"GoPro Session Halterung - Iha Race","isPartOf":{"@id":"https:\/\/iha-race.com\/de\/#website"},"primaryImageOfPage":{"@id":"https:\/\/iha-race.com\/de\/producto\/gopro-session-support\/#primaryimage"},"image":{"@id":"https:\/\/iha-race.com\/de\/producto\/gopro-session-support\/#primaryimage"},"thumbnailUrl":"https:\/\/iha-race.com\/wp-content\/uploads\/2018\/07\/comprar-soporte-go-pro-3d-dron-carrera-fpv-mas-barato-1.jpg","datePublished":"2018-07-23T16:32:19+00:00","dateModified":"2026-03-21T18:45:53+00:00","breadcrumb":{"@id":"https:\/\/iha-race.com\/de\/producto\/gopro-session-support\/#breadcrumb"},"inLanguage":"de","potentialAction":[{"@type":"ReadAction","target":["https:\/\/iha-race.com\/de\/producto\/gopro-session-support\/"]}]},{"@type":"ImageObject","inLanguage":"de","@id":"https:\/\/iha-race.com\/de\/producto\/gopro-session-support\/#primaryimage","url":"https:\/\/iha-race.com\/wp-content\/uploads\/2018\/07\/comprar-soporte-go-pro-3d-dron-carrera-fpv-mas-barato-1.jpg","contentUrl":"https:\/\/iha-race.com\/wp-content\/uploads\/2018\/07\/comprar-soporte-go-pro-3d-dron-carrera-fpv-mas-barato-1.jpg","width":2222,"height":2222},{"@type":"BreadcrumbList","@id":"https:\/\/iha-race.com\/de\/producto\/gopro-session-support\/#breadcrumb","itemListElement":[{"@type":"ListItem","position":1,"name":"Portada","item":"https:\/\/iha-race.com\/de\/elementor-499\/"},{"@type":"ListItem","position":2,"name":"Shop","item":"https:\/\/iha-race.com\/de\/shop\/"},{"@type":"ListItem","position":3,"name":"GoPro Session Halterung"}]},{"@type":"WebSite","@id":"https:\/\/iha-race.com\/de\/#website","url":"https:\/\/iha-race.com\/de\/","name":"Iha Race","description":"Comprar drones de carreras FPV env\u00edos en un d\u00eda desde Espa\u00f1a","publisher":{"@id":"https:\/\/iha-race.com\/de\/#organization"},"potentialAction":[{"@type":"SearchAction","target":{"@type":"EntryPoint","urlTemplate":"https:\/\/iha-race.com\/de\/?s={search_term_string}"},"query-input":{"@type":"PropertyValueSpecification","valueRequired":true,"valueName":"search_term_string"}}],"inLanguage":"de"},{"@type":"Organization","@id":"https:\/\/iha-race.com\/de\/#organization","name":"Iha Race","url":"https:\/\/iha-race.com\/de\/","logo":{"@type":"ImageObject","inLanguage":"de","@id":"https:\/\/iha-race.com\/de\/#\/schema\/logo\/image\/","url":"https:\/\/iha-race.com\/wp-content\/uploads\/2018\/07\/iha-race-drones-de-carreras-tienda-comprar-drones.png","contentUrl":"https:\/\/iha-race.com\/wp-content\/uploads\/2018\/07\/iha-race-drones-de-carreras-tienda-comprar-drones.png","width":300,"height":100,"caption":"Iha Race"},"image":{"@id":"https:\/\/iha-race.com\/de\/#\/schema\/logo\/image\/"}}]}},"jetpack_sharing_enabled":true,"brands":[],"_links":{"self":[{"href":"https:\/\/iha-race.com\/de\/wp-json\/wp\/v2\/product\/207646","targetHints":{"allow":["GET"]}}],"collection":[{"href":"https:\/\/iha-race.com\/de\/wp-json\/wp\/v2\/product"}],"about":[{"href":"https:\/\/iha-race.com\/de\/wp-json\/wp\/v2\/types\/product"}],"replies":[{"embeddable":true,"href":"https:\/\/iha-race.com\/de\/wp-json\/wp\/v2\/comments?post=207646"}],"version-history":[{"count":1,"href":"https:\/\/iha-race.com\/de\/wp-json\/wp\/v2\/product\/207646\/revisions"}],"predecessor-version":[{"id":250567,"href":"https:\/\/iha-race.com\/de\/wp-json\/wp\/v2\/product\/207646\/revisions\/250567"}],"wp:featuredmedia":[{"embeddable":true,"href":"https:\/\/iha-race.com\/de\/wp-json\/wp\/v2\/media\/124372"}],"wp:attachment":[{"href":"https:\/\/iha-race.com\/de\/wp-json\/wp\/v2\/media?parent=207646"}],"wp:term":[{"taxonomy":"pwb-brand","embeddable":true,"href":"https:\/\/iha-race.com\/de\/wp-json\/wp\/v2\/pwb-brand?post=207646"},{"taxonomy":"product_cat","embeddable":true,"href":"https:\/\/iha-race.com\/de\/wp-json\/wp\/v2\/product_cat?post=207646"},{"taxonomy":"product_tag","embeddable":true,"href":"https:\/\/iha-race.com\/de\/wp-json\/wp\/v2\/product_tag?post=207646"}],"curies":[{"name":"wp","href":"https:\/\/api.w.org\/{rel}","templated":true}]}}