{"id":207643,"date":"2018-07-23T17:54:41","date_gmt":"2018-07-23T15:54:41","guid":{"rendered":"https:\/\/iha-race.com\/producto\/iha-race-one-mini-x2-vollkohlefaser-110mm-rahmen-und-2-klinge\/"},"modified":"2026-03-21T19:45:57","modified_gmt":"2026-03-21T18:45:57","slug":"iha-race-one-mini-x2-komplett-110-mm-carbon-faser-rahmen-und-2-stick","status":"publish","type":"product","link":"https:\/\/iha-race.com\/de\/producto\/iha-race-one-mini-x2-komplett-110-mm-carbon-faser-rahmen-und-2-stick\/","title":{"rendered":"IHA-Race ONE Mini x2 Vollkohlefaser 110mm Rahmen und 2&#8243; Klinge"},"content":{"rendered":"<h2>IHA-Race ONE Mini x2 Vollkohlefaser 110mm Rahmen und 2&#8243; Klinge<\/h2>\n<p>  Das spa\u00dfigste Modell der Familie besteht aus einem <strong>hochwertigen<\/strong> Karbonfaser-Unibody-Rahmen <strong>, der leicht, robust und \u00e4u\u00dferst wettbewerbsf\u00e4hig ist<\/strong>. Mit dem Propellerschutz-Zubeh\u00f6r k\u00f6nnen Sie auch in Innenr\u00e4umen spielen.<br \/>\n<a href=\"https:\/\/iha-race.com\/producto\/iha-race-one-mini-x2-protector-de-helices\/\">Propellerschutz<\/a> und   <a href=\"https:\/\/iha-race.com\/categoria-producto\/baterias-para-drones\/s2\/\"><a href=\"https:\/\/iha-race.com\/categoria-producto\/baterias-para-drones\/s2\/\">2S-Akku.<\/a><\/a><\/p>\n<h2>Merkmale des ONE Mini X2:<\/h2>\n<ul>\n<li>Dieser Rahmen wird <strong>mit 7 3D-Teilen<\/strong> geliefert, so dass die Montage viele der Probleme l\u00f6st, die wir mit Antennen, Motorschutz und Antivibration, Kamerahalterung f\u00fcr Mikrofonkopplung haben.<\/li>\n<li>Sie k\u00f6nnen es mit der Farbe der gew\u00e4hlten 3D-Teile individuell gestalten.<\/li>\n<li>Der IHA ONE X2 ist mit <strong>einem<\/strong> Gewicht <strong>von 21,2 g<\/strong> extrem leicht <strong>.<\/strong><\/li>\n<li>Zus\u00e4tzlich kann er mit den <strong>Motoren 1104<\/strong> und <strong>1106<\/strong> und einer <strong>2&#8243;-Schaufel<\/strong> ausgestattet werden.<\/li>\n<\/ul>\n<h2>Das Paket enth\u00e4lt:<\/h2>\n<ul>\n<li>110mm Vollcarbonrahmen und 2&#8243; Bl\u00e4tter (oberes Kettenblatt + unteres Kettenblatt)<\/li>\n<li>Satz schwarze Schrauben und S\u00e4ulen (4 S\u00e4ulen 25 mm + 4 Edelstahlschrauben 20 mm + 4 Edelstahlschrauben 10 mm)<\/li>\n<li>7-teiliges 3D-Set (wahlweise in rot, schwarz oder blau)<\/li>\n<\/ul>\n<p>&nbsp;  Hinweis: Der One Mini X2 wird unmontiert verkauft.  &nbsp;<\/p>\n","protected":false},"excerpt":{"rendered":"<p>IHA-Race ONE Mini x2 Vollkohlefaser 110mm Rahmen und 2&#8243; Klinge Das spa\u00dfigste Modell der Familie besteht aus einem hochwertigen Karbonfaser-Unibody-Rahmen , der leicht, robust und \u00e4u\u00dferst wettbewerbsf\u00e4hig ist. Mit dem<\/p>\n","protected":false},"featured_media":124361,"comment_status":"open","ping_status":"closed","template":"","meta":{"_joinchat":[]},"pwb-brand":[],"product_cat":[2579],"product_tag":[],"class_list":{"0":"post-207643","1":"product","2":"type-product","3":"status-publish","4":"has-post-thumbnail","6":"product_cat-fpv-drohnen","8":"first","9":"instock","10":"taxable","11":"shipping-taxable","12":"purchasable","13":"product-type-variable"},"barcode":null,"atum_controlled":true,"out_stock_date":null,"out_stock_threshold":null,"inheritable":true,"stock_on_hold":0,"sold_today":0,"sales_last_days":0,"out_stock_days":0,"lost_sales":0,"update_date":"2026-04-25T01:16:38","atum_locations":[],"atum_stock_status":"instock","restock_status":false,"low_stock_amount":"","sales_update_date":"2026-04-08T10:17:18","calc_backorders":null,"yoast_head":"<!-- This site is optimized with the Yoast SEO plugin v27.3 - https:\/\/yoast.com\/product\/yoast-seo-wordpress\/ -->\n<title>IHA-Race ONE Mini x2 Vollkohlefaser 110mm Rahmen und 2&quot; Klinge - Iha Race<\/title>\n<meta name=\"robots\" content=\"index, follow, max-snippet:-1, max-image-preview:large, max-video-preview:-1\" \/>\n<link rel=\"canonical\" href=\"https:\/\/iha-race.com\/de\/producto\/iha-race-one-mini-x2-komplett-110-mm-carbon-faser-rahmen-und-2-stick\/\" \/>\n<meta property=\"og:locale\" content=\"de_DE\" \/>\n<meta property=\"og:type\" content=\"article\" \/>\n<meta property=\"og:title\" content=\"IHA-Race ONE Mini x2 Vollkohlefaser 110mm Rahmen und 2&quot; Klinge - Iha Race\" \/>\n<meta property=\"og:description\" content=\"IHA-Race ONE Mini x2 Vollkohlefaser 110mm Rahmen und 2&#8243; Klinge Das spa\u00dfigste Modell der Familie besteht aus einem hochwertigen Karbonfaser-Unibody-Rahmen , der leicht, robust und \u00e4u\u00dferst wettbewerbsf\u00e4hig ist. Mit dem\" \/>\n<meta property=\"og:url\" content=\"https:\/\/iha-race.com\/de\/producto\/iha-race-one-mini-x2-komplett-110-mm-carbon-faser-rahmen-und-2-stick\/\" \/>\n<meta property=\"og:site_name\" content=\"Iha Race\" \/>\n<meta property=\"article:modified_time\" content=\"2026-03-21T18:45:57+00:00\" \/>\n<meta property=\"og:image\" content=\"https:\/\/iha-race.com\/wp-content\/uploads\/2018\/07\/Frame-dron-one-x2-frontal-izquierdo-1.jpg\" \/>\n\t<meta property=\"og:image:width\" content=\"800\" \/>\n\t<meta property=\"og:image:height\" content=\"800\" \/>\n\t<meta property=\"og:image:type\" content=\"image\/jpeg\" \/>\n<meta name=\"twitter:card\" content=\"summary_large_image\" \/>\n<meta name=\"twitter:label1\" content=\"Gesch\u00e4tzte Lesezeit\" \/>\n\t<meta name=\"twitter:data1\" content=\"1\u00a0Minute\" \/>\n<script type=\"application\/ld+json\" class=\"yoast-schema-graph\">{\"@context\":\"https:\\\/\\\/schema.org\",\"@graph\":[{\"@type\":\"WebPage\",\"@id\":\"https:\\\/\\\/iha-race.com\\\/de\\\/producto\\\/iha-race-one-mini-x2-komplett-110-mm-carbon-faser-rahmen-und-2-stick\\\/\",\"url\":\"https:\\\/\\\/iha-race.com\\\/de\\\/producto\\\/iha-race-one-mini-x2-komplett-110-mm-carbon-faser-rahmen-und-2-stick\\\/\",\"name\":\"IHA-Race ONE Mini x2 Vollkohlefaser 110mm Rahmen und 2\\\" Klinge - Iha Race\",\"isPartOf\":{\"@id\":\"https:\\\/\\\/iha-race.com\\\/de\\\/#website\"},\"primaryImageOfPage\":{\"@id\":\"https:\\\/\\\/iha-race.com\\\/de\\\/producto\\\/iha-race-one-mini-x2-komplett-110-mm-carbon-faser-rahmen-und-2-stick\\\/#primaryimage\"},\"image\":{\"@id\":\"https:\\\/\\\/iha-race.com\\\/de\\\/producto\\\/iha-race-one-mini-x2-komplett-110-mm-carbon-faser-rahmen-und-2-stick\\\/#primaryimage\"},\"thumbnailUrl\":\"https:\\\/\\\/iha-race.com\\\/wp-content\\\/uploads\\\/2018\\\/07\\\/Frame-dron-one-x2-frontal-izquierdo-1.jpg\",\"datePublished\":\"2018-07-23T15:54:41+00:00\",\"dateModified\":\"2026-03-21T18:45:57+00:00\",\"breadcrumb\":{\"@id\":\"https:\\\/\\\/iha-race.com\\\/de\\\/producto\\\/iha-race-one-mini-x2-komplett-110-mm-carbon-faser-rahmen-und-2-stick\\\/#breadcrumb\"},\"inLanguage\":\"de\",\"potentialAction\":[{\"@type\":\"ReadAction\",\"target\":[\"https:\\\/\\\/iha-race.com\\\/de\\\/producto\\\/iha-race-one-mini-x2-komplett-110-mm-carbon-faser-rahmen-und-2-stick\\\/\"]}]},{\"@type\":\"ImageObject\",\"inLanguage\":\"de\",\"@id\":\"https:\\\/\\\/iha-race.com\\\/de\\\/producto\\\/iha-race-one-mini-x2-komplett-110-mm-carbon-faser-rahmen-und-2-stick\\\/#primaryimage\",\"url\":\"https:\\\/\\\/iha-race.com\\\/wp-content\\\/uploads\\\/2018\\\/07\\\/Frame-dron-one-x2-frontal-izquierdo-1.jpg\",\"contentUrl\":\"https:\\\/\\\/iha-race.com\\\/wp-content\\\/uploads\\\/2018\\\/07\\\/Frame-dron-one-x2-frontal-izquierdo-1.jpg\",\"width\":800,\"height\":800},{\"@type\":\"BreadcrumbList\",\"@id\":\"https:\\\/\\\/iha-race.com\\\/de\\\/producto\\\/iha-race-one-mini-x2-komplett-110-mm-carbon-faser-rahmen-und-2-stick\\\/#breadcrumb\",\"itemListElement\":[{\"@type\":\"ListItem\",\"position\":1,\"name\":\"Portada\",\"item\":\"https:\\\/\\\/iha-race.com\\\/de\\\/elementor-499\\\/\"},{\"@type\":\"ListItem\",\"position\":2,\"name\":\"Shop\",\"item\":\"https:\\\/\\\/iha-race.com\\\/de\\\/shop\\\/\"},{\"@type\":\"ListItem\",\"position\":3,\"name\":\"IHA-Race ONE Mini x2 Vollkohlefaser 110mm Rahmen und 2&#8243; Klinge\"}]},{\"@type\":\"WebSite\",\"@id\":\"https:\\\/\\\/iha-race.com\\\/de\\\/#website\",\"url\":\"https:\\\/\\\/iha-race.com\\\/de\\\/\",\"name\":\"Iha Race\",\"description\":\"Comprar drones de carreras FPV env\u00edos en un d\u00eda desde Espa\u00f1a\",\"publisher\":{\"@id\":\"https:\\\/\\\/iha-race.com\\\/de\\\/#organization\"},\"potentialAction\":[{\"@type\":\"SearchAction\",\"target\":{\"@type\":\"EntryPoint\",\"urlTemplate\":\"https:\\\/\\\/iha-race.com\\\/de\\\/?s={search_term_string}\"},\"query-input\":{\"@type\":\"PropertyValueSpecification\",\"valueRequired\":true,\"valueName\":\"search_term_string\"}}],\"inLanguage\":\"de\"},{\"@type\":\"Organization\",\"@id\":\"https:\\\/\\\/iha-race.com\\\/de\\\/#organization\",\"name\":\"Iha Race\",\"url\":\"https:\\\/\\\/iha-race.com\\\/de\\\/\",\"logo\":{\"@type\":\"ImageObject\",\"inLanguage\":\"de\",\"@id\":\"https:\\\/\\\/iha-race.com\\\/de\\\/#\\\/schema\\\/logo\\\/image\\\/\",\"url\":\"https:\\\/\\\/iha-race.com\\\/wp-content\\\/uploads\\\/2018\\\/07\\\/iha-race-drones-de-carreras-tienda-comprar-drones.png\",\"contentUrl\":\"https:\\\/\\\/iha-race.com\\\/wp-content\\\/uploads\\\/2018\\\/07\\\/iha-race-drones-de-carreras-tienda-comprar-drones.png\",\"width\":300,\"height\":100,\"caption\":\"Iha Race\"},\"image\":{\"@id\":\"https:\\\/\\\/iha-race.com\\\/de\\\/#\\\/schema\\\/logo\\\/image\\\/\"}}]}<\/script>\n<!-- \/ Yoast SEO plugin. -->","yoast_head_json":{"title":"IHA-Race ONE Mini x2 Vollkohlefaser 110mm Rahmen und 2\" Klinge - Iha Race","robots":{"index":"index","follow":"follow","max-snippet":"max-snippet:-1","max-image-preview":"max-image-preview:large","max-video-preview":"max-video-preview:-1"},"canonical":"https:\/\/iha-race.com\/de\/producto\/iha-race-one-mini-x2-komplett-110-mm-carbon-faser-rahmen-und-2-stick\/","og_locale":"de_DE","og_type":"article","og_title":"IHA-Race ONE Mini x2 Vollkohlefaser 110mm Rahmen und 2\" Klinge - Iha Race","og_description":"IHA-Race ONE Mini x2 Vollkohlefaser 110mm Rahmen und 2&#8243; Klinge Das spa\u00dfigste Modell der Familie besteht aus einem hochwertigen Karbonfaser-Unibody-Rahmen , der leicht, robust und \u00e4u\u00dferst wettbewerbsf\u00e4hig ist. Mit dem","og_url":"https:\/\/iha-race.com\/de\/producto\/iha-race-one-mini-x2-komplett-110-mm-carbon-faser-rahmen-und-2-stick\/","og_site_name":"Iha Race","article_modified_time":"2026-03-21T18:45:57+00:00","og_image":[{"width":800,"height":800,"url":"https:\/\/iha-race.com\/wp-content\/uploads\/2018\/07\/Frame-dron-one-x2-frontal-izquierdo-1.jpg","type":"image\/jpeg"}],"twitter_card":"summary_large_image","twitter_misc":{"Gesch\u00e4tzte Lesezeit":"1\u00a0Minute"},"schema":{"@context":"https:\/\/schema.org","@graph":[{"@type":"WebPage","@id":"https:\/\/iha-race.com\/de\/producto\/iha-race-one-mini-x2-komplett-110-mm-carbon-faser-rahmen-und-2-stick\/","url":"https:\/\/iha-race.com\/de\/producto\/iha-race-one-mini-x2-komplett-110-mm-carbon-faser-rahmen-und-2-stick\/","name":"IHA-Race ONE Mini x2 Vollkohlefaser 110mm Rahmen und 2\" Klinge - Iha Race","isPartOf":{"@id":"https:\/\/iha-race.com\/de\/#website"},"primaryImageOfPage":{"@id":"https:\/\/iha-race.com\/de\/producto\/iha-race-one-mini-x2-komplett-110-mm-carbon-faser-rahmen-und-2-stick\/#primaryimage"},"image":{"@id":"https:\/\/iha-race.com\/de\/producto\/iha-race-one-mini-x2-komplett-110-mm-carbon-faser-rahmen-und-2-stick\/#primaryimage"},"thumbnailUrl":"https:\/\/iha-race.com\/wp-content\/uploads\/2018\/07\/Frame-dron-one-x2-frontal-izquierdo-1.jpg","datePublished":"2018-07-23T15:54:41+00:00","dateModified":"2026-03-21T18:45:57+00:00","breadcrumb":{"@id":"https:\/\/iha-race.com\/de\/producto\/iha-race-one-mini-x2-komplett-110-mm-carbon-faser-rahmen-und-2-stick\/#breadcrumb"},"inLanguage":"de","potentialAction":[{"@type":"ReadAction","target":["https:\/\/iha-race.com\/de\/producto\/iha-race-one-mini-x2-komplett-110-mm-carbon-faser-rahmen-und-2-stick\/"]}]},{"@type":"ImageObject","inLanguage":"de","@id":"https:\/\/iha-race.com\/de\/producto\/iha-race-one-mini-x2-komplett-110-mm-carbon-faser-rahmen-und-2-stick\/#primaryimage","url":"https:\/\/iha-race.com\/wp-content\/uploads\/2018\/07\/Frame-dron-one-x2-frontal-izquierdo-1.jpg","contentUrl":"https:\/\/iha-race.com\/wp-content\/uploads\/2018\/07\/Frame-dron-one-x2-frontal-izquierdo-1.jpg","width":800,"height":800},{"@type":"BreadcrumbList","@id":"https:\/\/iha-race.com\/de\/producto\/iha-race-one-mini-x2-komplett-110-mm-carbon-faser-rahmen-und-2-stick\/#breadcrumb","itemListElement":[{"@type":"ListItem","position":1,"name":"Portada","item":"https:\/\/iha-race.com\/de\/elementor-499\/"},{"@type":"ListItem","position":2,"name":"Shop","item":"https:\/\/iha-race.com\/de\/shop\/"},{"@type":"ListItem","position":3,"name":"IHA-Race ONE Mini x2 Vollkohlefaser 110mm Rahmen und 2&#8243; Klinge"}]},{"@type":"WebSite","@id":"https:\/\/iha-race.com\/de\/#website","url":"https:\/\/iha-race.com\/de\/","name":"Iha Race","description":"Comprar drones de carreras FPV env\u00edos en un d\u00eda desde Espa\u00f1a","publisher":{"@id":"https:\/\/iha-race.com\/de\/#organization"},"potentialAction":[{"@type":"SearchAction","target":{"@type":"EntryPoint","urlTemplate":"https:\/\/iha-race.com\/de\/?s={search_term_string}"},"query-input":{"@type":"PropertyValueSpecification","valueRequired":true,"valueName":"search_term_string"}}],"inLanguage":"de"},{"@type":"Organization","@id":"https:\/\/iha-race.com\/de\/#organization","name":"Iha Race","url":"https:\/\/iha-race.com\/de\/","logo":{"@type":"ImageObject","inLanguage":"de","@id":"https:\/\/iha-race.com\/de\/#\/schema\/logo\/image\/","url":"https:\/\/iha-race.com\/wp-content\/uploads\/2018\/07\/iha-race-drones-de-carreras-tienda-comprar-drones.png","contentUrl":"https:\/\/iha-race.com\/wp-content\/uploads\/2018\/07\/iha-race-drones-de-carreras-tienda-comprar-drones.png","width":300,"height":100,"caption":"Iha Race"},"image":{"@id":"https:\/\/iha-race.com\/de\/#\/schema\/logo\/image\/"}}]}},"jetpack_sharing_enabled":true,"brands":[],"_links":{"self":[{"href":"https:\/\/iha-race.com\/de\/wp-json\/wp\/v2\/product\/207643","targetHints":{"allow":["GET"]}}],"collection":[{"href":"https:\/\/iha-race.com\/de\/wp-json\/wp\/v2\/product"}],"about":[{"href":"https:\/\/iha-race.com\/de\/wp-json\/wp\/v2\/types\/product"}],"replies":[{"embeddable":true,"href":"https:\/\/iha-race.com\/de\/wp-json\/wp\/v2\/comments?post=207643"}],"version-history":[{"count":1,"href":"https:\/\/iha-race.com\/de\/wp-json\/wp\/v2\/product\/207643\/revisions"}],"predecessor-version":[{"id":250530,"href":"https:\/\/iha-race.com\/de\/wp-json\/wp\/v2\/product\/207643\/revisions\/250530"}],"wp:featuredmedia":[{"embeddable":true,"href":"https:\/\/iha-race.com\/de\/wp-json\/wp\/v2\/media\/124361"}],"wp:attachment":[{"href":"https:\/\/iha-race.com\/de\/wp-json\/wp\/v2\/media?parent=207643"}],"wp:term":[{"taxonomy":"pwb-brand","embeddable":true,"href":"https:\/\/iha-race.com\/de\/wp-json\/wp\/v2\/pwb-brand?post=207643"},{"taxonomy":"product_cat","embeddable":true,"href":"https:\/\/iha-race.com\/de\/wp-json\/wp\/v2\/product_cat?post=207643"},{"taxonomy":"product_tag","embeddable":true,"href":"https:\/\/iha-race.com\/de\/wp-json\/wp\/v2\/product_tag?post=207643"}],"curies":[{"name":"wp","href":"https:\/\/api.w.org\/{rel}","templated":true}]}}