{"id":207592,"date":"2018-07-24T09:16:27","date_gmt":"2018-07-24T07:16:27","guid":{"rendered":"https:\/\/iha-race.com\/producto\/allenschraube-unbrako-m3-4-st-6-10-12-16-20-25-30-35-mm\/"},"modified":"2026-03-21T19:45:56","modified_gmt":"2026-03-21T18:45:56","slug":"tornillo-allen-unbrako-m3-10-unidades-3x6-3x10-3x12-3x16-3x20-3x25-3x30-3x35-2","status":"publish","type":"product","link":"https:\/\/iha-race.com\/de\/producto\/tornillo-allen-unbrako-m3-10-unidades-3x6-3x10-3x12-3x16-3x20-3x25-3x30-3x35-2\/","title":{"rendered":"ALLENSCHRAUBE UNBRAKO M3 (4 St.) 6, 10, 12, 16, 20, 25, 30, 35 mm."},"content":{"rendered":"<h3>ALLEN SCHRAUBE UNBRAKO M3 (4 St.)<\/h3>\n<p>  Die Marke ist \u00fcber 80 Jahre alt und ist immer noch die Hauptschraube, an der alle anderen gemessen werden. Sie wurde in den 1920er Jahren entwickelt und entwickelte sich schnell zur Entscheidungsschraube f\u00fcr Ingenieure in den USA. und Gro\u00dfbritannien. Heute ist sie in mehr als 25 Industriel\u00e4ndern als die f\u00fchrende Leistungsmarke anerkannt. <strong>UNBRAKO<\/strong> <a href=\"http:\/\/www.antala.es\/marcas-antala\/divisiones\/metal-plastico\/unbrako-tornillos-alta-resistencia\/\">Zylinderkopfschrauben<\/a>, die weltweit bekannteste Marke, werden in Werkzeugmaschinen, Werkzeugen und Formen, Erdbewegungs- und Bergbaumaschinen sowie in einer Vielzahl von industriellen und technischen Anwendungen eingesetzt. <strong>Gr\u00f6\u00dfen zur Auswahl:<\/strong> 3&#215;6, 3&#215;10, 3&#215;12, 3&#215;16, 3&#215;20, 3&#215;25, 3&#215;30, 3&#215;35<\/p>\n","protected":false},"excerpt":{"rendered":"<p>ALLEN SCHRAUBE UNBRAKO M3 (4 St.) Die Marke ist \u00fcber 80 Jahre alt und ist immer noch die Hauptschraube, an der alle anderen gemessen werden. Sie wurde in den 1920er<\/p>\n","protected":false},"featured_media":125122,"comment_status":"open","ping_status":"closed","template":"","meta":{"_joinchat":[]},"pwb-brand":[3586],"product_cat":[2513,2634],"product_tag":[],"class_list":{"0":"post-207592","1":"product","2":"type-product","3":"status-publish","4":"has-post-thumbnail","6":"pwb-brand-iha-race","7":"product_cat-zubehor","8":"product_cat--schrauben","10":"first","11":"instock","12":"taxable","13":"shipping-taxable","14":"purchasable","15":"product-type-variable"},"barcode":null,"atum_controlled":true,"out_stock_date":null,"out_stock_threshold":null,"inheritable":true,"stock_on_hold":0,"sold_today":0,"sales_last_days":0,"out_stock_days":0,"lost_sales":0,"update_date":"2026-04-16T08:17:37","atum_locations":[],"atum_stock_status":"instock","restock_status":false,"low_stock_amount":"","sales_update_date":"2026-04-16T08:17:37","calc_backorders":null,"yoast_head":"<!-- This site is optimized with the Yoast SEO plugin v27.3 - https:\/\/yoast.com\/product\/yoast-seo-wordpress\/ -->\n<title>ALLENSCHRAUBE UNBRAKO M3 (4 St.) 6, 10, 12, 16, 20, 25, 30, 35 mm. - Iha Race<\/title>\n<meta name=\"robots\" content=\"noindex, follow\" \/>\n<meta property=\"og:locale\" content=\"de_DE\" \/>\n<meta property=\"og:type\" content=\"article\" \/>\n<meta property=\"og:title\" content=\"ALLENSCHRAUBE UNBRAKO M3 (4 St.) 6, 10, 12, 16, 20, 25, 30, 35 mm. - Iha Race\" \/>\n<meta property=\"og:description\" content=\"ALLEN SCHRAUBE UNBRAKO M3 (4 St.) Die Marke ist \u00fcber 80 Jahre alt und ist immer noch die Hauptschraube, an der alle anderen gemessen werden. Sie wurde in den 1920er\" \/>\n<meta property=\"og:url\" content=\"https:\/\/iha-race.com\/de\/producto\/tornillo-allen-unbrako-m3-10-unidades-3x6-3x10-3x12-3x16-3x20-3x25-3x30-3x35-2\/\" \/>\n<meta property=\"og:site_name\" content=\"Iha Race\" \/>\n<meta property=\"article:modified_time\" content=\"2026-03-21T18:45:56+00:00\" \/>\n<meta property=\"og:image\" content=\"https:\/\/iha-race.com\/wp-content\/uploads\/2018\/07\/tornillo-allen-unbrako-m3-1.jpg\" \/>\n\t<meta property=\"og:image:width\" content=\"800\" \/>\n\t<meta property=\"og:image:height\" content=\"800\" \/>\n\t<meta property=\"og:image:type\" content=\"image\/jpeg\" \/>\n<meta name=\"twitter:card\" content=\"summary_large_image\" \/>\n<script type=\"application\/ld+json\" class=\"yoast-schema-graph\">{\"@context\":\"https:\\\/\\\/schema.org\",\"@graph\":[{\"@type\":\"WebPage\",\"@id\":\"https:\\\/\\\/iha-race.com\\\/de\\\/producto\\\/tornillo-allen-unbrako-m3-10-unidades-3x6-3x10-3x12-3x16-3x20-3x25-3x30-3x35-2\\\/\",\"url\":\"https:\\\/\\\/iha-race.com\\\/de\\\/producto\\\/tornillo-allen-unbrako-m3-10-unidades-3x6-3x10-3x12-3x16-3x20-3x25-3x30-3x35-2\\\/\",\"name\":\"ALLENSCHRAUBE UNBRAKO M3 (4 St.) 6, 10, 12, 16, 20, 25, 30, 35 mm. - Iha Race\",\"isPartOf\":{\"@id\":\"https:\\\/\\\/iha-race.com\\\/de\\\/#website\"},\"primaryImageOfPage\":{\"@id\":\"https:\\\/\\\/iha-race.com\\\/de\\\/producto\\\/tornillo-allen-unbrako-m3-10-unidades-3x6-3x10-3x12-3x16-3x20-3x25-3x30-3x35-2\\\/#primaryimage\"},\"image\":{\"@id\":\"https:\\\/\\\/iha-race.com\\\/de\\\/producto\\\/tornillo-allen-unbrako-m3-10-unidades-3x6-3x10-3x12-3x16-3x20-3x25-3x30-3x35-2\\\/#primaryimage\"},\"thumbnailUrl\":\"https:\\\/\\\/iha-race.com\\\/wp-content\\\/uploads\\\/2018\\\/07\\\/tornillo-allen-unbrako-m3-1.jpg\",\"datePublished\":\"2018-07-24T07:16:27+00:00\",\"dateModified\":\"2026-03-21T18:45:56+00:00\",\"breadcrumb\":{\"@id\":\"https:\\\/\\\/iha-race.com\\\/de\\\/producto\\\/tornillo-allen-unbrako-m3-10-unidades-3x6-3x10-3x12-3x16-3x20-3x25-3x30-3x35-2\\\/#breadcrumb\"},\"inLanguage\":\"de\",\"potentialAction\":[{\"@type\":\"ReadAction\",\"target\":[\"https:\\\/\\\/iha-race.com\\\/de\\\/producto\\\/tornillo-allen-unbrako-m3-10-unidades-3x6-3x10-3x12-3x16-3x20-3x25-3x30-3x35-2\\\/\"]}]},{\"@type\":\"ImageObject\",\"inLanguage\":\"de\",\"@id\":\"https:\\\/\\\/iha-race.com\\\/de\\\/producto\\\/tornillo-allen-unbrako-m3-10-unidades-3x6-3x10-3x12-3x16-3x20-3x25-3x30-3x35-2\\\/#primaryimage\",\"url\":\"https:\\\/\\\/iha-race.com\\\/wp-content\\\/uploads\\\/2018\\\/07\\\/tornillo-allen-unbrako-m3-1.jpg\",\"contentUrl\":\"https:\\\/\\\/iha-race.com\\\/wp-content\\\/uploads\\\/2018\\\/07\\\/tornillo-allen-unbrako-m3-1.jpg\",\"width\":800,\"height\":800},{\"@type\":\"BreadcrumbList\",\"@id\":\"https:\\\/\\\/iha-race.com\\\/de\\\/producto\\\/tornillo-allen-unbrako-m3-10-unidades-3x6-3x10-3x12-3x16-3x20-3x25-3x30-3x35-2\\\/#breadcrumb\",\"itemListElement\":[{\"@type\":\"ListItem\",\"position\":1,\"name\":\"Portada\",\"item\":\"https:\\\/\\\/iha-race.com\\\/de\\\/elementor-499\\\/\"},{\"@type\":\"ListItem\",\"position\":2,\"name\":\"Shop\",\"item\":\"https:\\\/\\\/iha-race.com\\\/de\\\/shop\\\/\"},{\"@type\":\"ListItem\",\"position\":3,\"name\":\"ALLENSCHRAUBE UNBRAKO M3 (4 St.) 6, 10, 12, 16, 20, 25, 30, 35 mm.\"}]},{\"@type\":\"WebSite\",\"@id\":\"https:\\\/\\\/iha-race.com\\\/de\\\/#website\",\"url\":\"https:\\\/\\\/iha-race.com\\\/de\\\/\",\"name\":\"Iha Race\",\"description\":\"Comprar drones de carreras FPV env\u00edos en un d\u00eda desde Espa\u00f1a\",\"publisher\":{\"@id\":\"https:\\\/\\\/iha-race.com\\\/de\\\/#organization\"},\"potentialAction\":[{\"@type\":\"SearchAction\",\"target\":{\"@type\":\"EntryPoint\",\"urlTemplate\":\"https:\\\/\\\/iha-race.com\\\/de\\\/?s={search_term_string}\"},\"query-input\":{\"@type\":\"PropertyValueSpecification\",\"valueRequired\":true,\"valueName\":\"search_term_string\"}}],\"inLanguage\":\"de\"},{\"@type\":\"Organization\",\"@id\":\"https:\\\/\\\/iha-race.com\\\/de\\\/#organization\",\"name\":\"Iha Race\",\"url\":\"https:\\\/\\\/iha-race.com\\\/de\\\/\",\"logo\":{\"@type\":\"ImageObject\",\"inLanguage\":\"de\",\"@id\":\"https:\\\/\\\/iha-race.com\\\/de\\\/#\\\/schema\\\/logo\\\/image\\\/\",\"url\":\"https:\\\/\\\/iha-race.com\\\/wp-content\\\/uploads\\\/2018\\\/07\\\/iha-race-drones-de-carreras-tienda-comprar-drones.png\",\"contentUrl\":\"https:\\\/\\\/iha-race.com\\\/wp-content\\\/uploads\\\/2018\\\/07\\\/iha-race-drones-de-carreras-tienda-comprar-drones.png\",\"width\":300,\"height\":100,\"caption\":\"Iha Race\"},\"image\":{\"@id\":\"https:\\\/\\\/iha-race.com\\\/de\\\/#\\\/schema\\\/logo\\\/image\\\/\"}}]}<\/script>\n<!-- \/ Yoast SEO plugin. -->","yoast_head_json":{"title":"ALLENSCHRAUBE UNBRAKO M3 (4 St.) 6, 10, 12, 16, 20, 25, 30, 35 mm. - Iha Race","robots":{"index":"noindex","follow":"follow"},"og_locale":"de_DE","og_type":"article","og_title":"ALLENSCHRAUBE UNBRAKO M3 (4 St.) 6, 10, 12, 16, 20, 25, 30, 35 mm. - Iha Race","og_description":"ALLEN SCHRAUBE UNBRAKO M3 (4 St.) Die Marke ist \u00fcber 80 Jahre alt und ist immer noch die Hauptschraube, an der alle anderen gemessen werden. Sie wurde in den 1920er","og_url":"https:\/\/iha-race.com\/de\/producto\/tornillo-allen-unbrako-m3-10-unidades-3x6-3x10-3x12-3x16-3x20-3x25-3x30-3x35-2\/","og_site_name":"Iha Race","article_modified_time":"2026-03-21T18:45:56+00:00","og_image":[{"width":800,"height":800,"url":"https:\/\/iha-race.com\/wp-content\/uploads\/2018\/07\/tornillo-allen-unbrako-m3-1.jpg","type":"image\/jpeg"}],"twitter_card":"summary_large_image","schema":{"@context":"https:\/\/schema.org","@graph":[{"@type":"WebPage","@id":"https:\/\/iha-race.com\/de\/producto\/tornillo-allen-unbrako-m3-10-unidades-3x6-3x10-3x12-3x16-3x20-3x25-3x30-3x35-2\/","url":"https:\/\/iha-race.com\/de\/producto\/tornillo-allen-unbrako-m3-10-unidades-3x6-3x10-3x12-3x16-3x20-3x25-3x30-3x35-2\/","name":"ALLENSCHRAUBE UNBRAKO M3 (4 St.) 6, 10, 12, 16, 20, 25, 30, 35 mm. - Iha Race","isPartOf":{"@id":"https:\/\/iha-race.com\/de\/#website"},"primaryImageOfPage":{"@id":"https:\/\/iha-race.com\/de\/producto\/tornillo-allen-unbrako-m3-10-unidades-3x6-3x10-3x12-3x16-3x20-3x25-3x30-3x35-2\/#primaryimage"},"image":{"@id":"https:\/\/iha-race.com\/de\/producto\/tornillo-allen-unbrako-m3-10-unidades-3x6-3x10-3x12-3x16-3x20-3x25-3x30-3x35-2\/#primaryimage"},"thumbnailUrl":"https:\/\/iha-race.com\/wp-content\/uploads\/2018\/07\/tornillo-allen-unbrako-m3-1.jpg","datePublished":"2018-07-24T07:16:27+00:00","dateModified":"2026-03-21T18:45:56+00:00","breadcrumb":{"@id":"https:\/\/iha-race.com\/de\/producto\/tornillo-allen-unbrako-m3-10-unidades-3x6-3x10-3x12-3x16-3x20-3x25-3x30-3x35-2\/#breadcrumb"},"inLanguage":"de","potentialAction":[{"@type":"ReadAction","target":["https:\/\/iha-race.com\/de\/producto\/tornillo-allen-unbrako-m3-10-unidades-3x6-3x10-3x12-3x16-3x20-3x25-3x30-3x35-2\/"]}]},{"@type":"ImageObject","inLanguage":"de","@id":"https:\/\/iha-race.com\/de\/producto\/tornillo-allen-unbrako-m3-10-unidades-3x6-3x10-3x12-3x16-3x20-3x25-3x30-3x35-2\/#primaryimage","url":"https:\/\/iha-race.com\/wp-content\/uploads\/2018\/07\/tornillo-allen-unbrako-m3-1.jpg","contentUrl":"https:\/\/iha-race.com\/wp-content\/uploads\/2018\/07\/tornillo-allen-unbrako-m3-1.jpg","width":800,"height":800},{"@type":"BreadcrumbList","@id":"https:\/\/iha-race.com\/de\/producto\/tornillo-allen-unbrako-m3-10-unidades-3x6-3x10-3x12-3x16-3x20-3x25-3x30-3x35-2\/#breadcrumb","itemListElement":[{"@type":"ListItem","position":1,"name":"Portada","item":"https:\/\/iha-race.com\/de\/elementor-499\/"},{"@type":"ListItem","position":2,"name":"Shop","item":"https:\/\/iha-race.com\/de\/shop\/"},{"@type":"ListItem","position":3,"name":"ALLENSCHRAUBE UNBRAKO M3 (4 St.) 6, 10, 12, 16, 20, 25, 30, 35 mm."}]},{"@type":"WebSite","@id":"https:\/\/iha-race.com\/de\/#website","url":"https:\/\/iha-race.com\/de\/","name":"Iha Race","description":"Comprar drones de carreras FPV env\u00edos en un d\u00eda desde Espa\u00f1a","publisher":{"@id":"https:\/\/iha-race.com\/de\/#organization"},"potentialAction":[{"@type":"SearchAction","target":{"@type":"EntryPoint","urlTemplate":"https:\/\/iha-race.com\/de\/?s={search_term_string}"},"query-input":{"@type":"PropertyValueSpecification","valueRequired":true,"valueName":"search_term_string"}}],"inLanguage":"de"},{"@type":"Organization","@id":"https:\/\/iha-race.com\/de\/#organization","name":"Iha Race","url":"https:\/\/iha-race.com\/de\/","logo":{"@type":"ImageObject","inLanguage":"de","@id":"https:\/\/iha-race.com\/de\/#\/schema\/logo\/image\/","url":"https:\/\/iha-race.com\/wp-content\/uploads\/2018\/07\/iha-race-drones-de-carreras-tienda-comprar-drones.png","contentUrl":"https:\/\/iha-race.com\/wp-content\/uploads\/2018\/07\/iha-race-drones-de-carreras-tienda-comprar-drones.png","width":300,"height":100,"caption":"Iha Race"},"image":{"@id":"https:\/\/iha-race.com\/de\/#\/schema\/logo\/image\/"}}]}},"jetpack_sharing_enabled":true,"brands":[{"id":3586,"name":"IHA Race","slug":"iha-race"}],"_links":{"self":[{"href":"https:\/\/iha-race.com\/de\/wp-json\/wp\/v2\/product\/207592","targetHints":{"allow":["GET"]}}],"collection":[{"href":"https:\/\/iha-race.com\/de\/wp-json\/wp\/v2\/product"}],"about":[{"href":"https:\/\/iha-race.com\/de\/wp-json\/wp\/v2\/types\/product"}],"replies":[{"embeddable":true,"href":"https:\/\/iha-race.com\/de\/wp-json\/wp\/v2\/comments?post=207592"}],"version-history":[{"count":1,"href":"https:\/\/iha-race.com\/de\/wp-json\/wp\/v2\/product\/207592\/revisions"}],"predecessor-version":[{"id":250482,"href":"https:\/\/iha-race.com\/de\/wp-json\/wp\/v2\/product\/207592\/revisions\/250482"}],"wp:featuredmedia":[{"embeddable":true,"href":"https:\/\/iha-race.com\/de\/wp-json\/wp\/v2\/media\/125122"}],"wp:attachment":[{"href":"https:\/\/iha-race.com\/de\/wp-json\/wp\/v2\/media?parent=207592"}],"wp:term":[{"taxonomy":"pwb-brand","embeddable":true,"href":"https:\/\/iha-race.com\/de\/wp-json\/wp\/v2\/pwb-brand?post=207592"},{"taxonomy":"product_cat","embeddable":true,"href":"https:\/\/iha-race.com\/de\/wp-json\/wp\/v2\/product_cat?post=207592"},{"taxonomy":"product_tag","embeddable":true,"href":"https:\/\/iha-race.com\/de\/wp-json\/wp\/v2\/product_tag?post=207592"}],"curies":[{"name":"wp","href":"https:\/\/api.w.org\/{rel}","templated":true}]}}