{"id":207559,"date":"2018-07-23T18:13:09","date_gmt":"2018-07-23T16:13:09","guid":{"rendered":"https:\/\/iha-race.com\/producto\/torvol-feuerfeste-tasche\/"},"modified":"2025-08-07T11:21:56","modified_gmt":"2025-08-07T09:21:56","slug":"torvol-ignifuga-bag","status":"publish","type":"product","link":"https:\/\/iha-race.com\/de\/producto\/torvol-ignifuga-bag\/","title":{"rendered":"Torvol Feuerfeste Tasche"},"content":{"rendered":"<h2>Torvol Feuerfeste Tasche<\/h2>\n<h3>Merkmale:<\/h3>\n<ul>\n<li>Fasst bis zu 15 LiPo<\/li>\n<li>Flammhemmende Glasfaserauskleidung<\/li>\n<li>Behandeltes Polyester-Obermaterial f\u00fcr Langlebigkeit<\/li>\n<li>Passt perfekt in die Quad PITSTOP Rucks\u00e4cke.<\/li>\n<li>Stabiler Tragegriff.<\/li>\n<li>Robuster Rei\u00dfverschluss.<\/li>\n<li>Elastische Organizer-Tasche aus Mesh auf der Innenseite<\/li>\n<\/ul>\n<p>&nbsp;<\/p>\n","protected":false},"excerpt":{"rendered":"<p>Torvol Feuerfeste Tasche Merkmale: Fasst bis zu 15 LiPo Flammhemmende Glasfaserauskleidung Behandeltes Polyester-Obermaterial f\u00fcr Langlebigkeit Passt perfekt in die Quad PITSTOP Rucks\u00e4cke. Stabiler Tragegriff. Robuster Rei\u00dfverschluss. Elastische Organizer-Tasche aus Mesh<\/p>\n","protected":false},"featured_media":124235,"comment_status":"open","ping_status":"closed","template":"","meta":{"_joinchat":[]},"pwb-brand":[],"product_cat":[25,143,17,24,139],"product_tag":[],"class_list":{"0":"post-207559","1":"product","2":"type-product","3":"status-publish","4":"has-post-thumbnail","6":"product_cat-balanceadores","7":"product_cat-mochilas","8":"product_cat-baterias-para-drones","9":"product_cat-cargadores","10":"product_cat-accesorios-de-drones","12":"first","13":"instock","14":"taxable","15":"shipping-taxable","16":"purchasable","17":"product-type-simple"},"barcode":null,"atum_controlled":true,"out_stock_date":null,"out_stock_threshold":null,"inheritable":false,"stock_on_hold":0,"sold_today":0,"sales_last_days":1,"out_stock_days":0,"lost_sales":0,"update_date":"2026-04-16T08:17:47","atum_locations":[],"atum_stock_status":"instock","restock_status":false,"low_stock_amount":0,"sales_update_date":"2026-04-16T08:17:47","calc_backorders":null,"yoast_head":"<!-- This site is optimized with the Yoast SEO plugin v27.3 - https:\/\/yoast.com\/product\/yoast-seo-wordpress\/ -->\n<title>Torvol Feuerfeste Tasche - Iha Race<\/title>\n<meta name=\"robots\" content=\"index, follow, max-snippet:-1, max-image-preview:large, max-video-preview:-1\" \/>\n<link rel=\"canonical\" href=\"https:\/\/iha-race.com\/de\/producto\/torvol-ignifuga-bag\/\" \/>\n<meta property=\"og:locale\" content=\"de_DE\" \/>\n<meta property=\"og:type\" content=\"article\" \/>\n<meta property=\"og:title\" content=\"Torvol Feuerfeste Tasche - Iha Race\" \/>\n<meta property=\"og:description\" content=\"Torvol Feuerfeste Tasche Merkmale: Fasst bis zu 15 LiPo Flammhemmende Glasfaserauskleidung Behandeltes Polyester-Obermaterial f\u00fcr Langlebigkeit Passt perfekt in die Quad PITSTOP Rucks\u00e4cke. Stabiler Tragegriff. Robuster Rei\u00dfverschluss. Elastische Organizer-Tasche aus Mesh\" \/>\n<meta property=\"og:url\" content=\"https:\/\/iha-race.com\/de\/producto\/torvol-ignifuga-bag\/\" \/>\n<meta property=\"og:site_name\" content=\"Iha Race\" \/>\n<meta property=\"article:modified_time\" content=\"2025-08-07T09:21:56+00:00\" \/>\n<meta property=\"og:image\" content=\"https:\/\/iha-race.com\/wp-content\/uploads\/2018\/07\/torvol-bolsa-ignifuga-comprar-barato-1.jpg\" \/>\n\t<meta property=\"og:image:width\" content=\"800\" \/>\n\t<meta property=\"og:image:height\" content=\"800\" \/>\n\t<meta property=\"og:image:type\" content=\"image\/jpeg\" \/>\n<meta name=\"twitter:card\" content=\"summary_large_image\" \/>\n<script type=\"application\/ld+json\" class=\"yoast-schema-graph\">{\"@context\":\"https:\\\/\\\/schema.org\",\"@graph\":[{\"@type\":\"WebPage\",\"@id\":\"https:\\\/\\\/iha-race.com\\\/de\\\/producto\\\/torvol-ignifuga-bag\\\/\",\"url\":\"https:\\\/\\\/iha-race.com\\\/de\\\/producto\\\/torvol-ignifuga-bag\\\/\",\"name\":\"Torvol Feuerfeste Tasche - Iha Race\",\"isPartOf\":{\"@id\":\"https:\\\/\\\/iha-race.com\\\/de\\\/#website\"},\"primaryImageOfPage\":{\"@id\":\"https:\\\/\\\/iha-race.com\\\/de\\\/producto\\\/torvol-ignifuga-bag\\\/#primaryimage\"},\"image\":{\"@id\":\"https:\\\/\\\/iha-race.com\\\/de\\\/producto\\\/torvol-ignifuga-bag\\\/#primaryimage\"},\"thumbnailUrl\":\"https:\\\/\\\/iha-race.com\\\/wp-content\\\/uploads\\\/2018\\\/07\\\/torvol-bolsa-ignifuga-comprar-barato-1.jpg\",\"datePublished\":\"2018-07-23T16:13:09+00:00\",\"dateModified\":\"2025-08-07T09:21:56+00:00\",\"breadcrumb\":{\"@id\":\"https:\\\/\\\/iha-race.com\\\/de\\\/producto\\\/torvol-ignifuga-bag\\\/#breadcrumb\"},\"inLanguage\":\"de\",\"potentialAction\":[{\"@type\":\"ReadAction\",\"target\":[\"https:\\\/\\\/iha-race.com\\\/de\\\/producto\\\/torvol-ignifuga-bag\\\/\"]}]},{\"@type\":\"ImageObject\",\"inLanguage\":\"de\",\"@id\":\"https:\\\/\\\/iha-race.com\\\/de\\\/producto\\\/torvol-ignifuga-bag\\\/#primaryimage\",\"url\":\"https:\\\/\\\/iha-race.com\\\/wp-content\\\/uploads\\\/2018\\\/07\\\/torvol-bolsa-ignifuga-comprar-barato-1.jpg\",\"contentUrl\":\"https:\\\/\\\/iha-race.com\\\/wp-content\\\/uploads\\\/2018\\\/07\\\/torvol-bolsa-ignifuga-comprar-barato-1.jpg\",\"width\":800,\"height\":800},{\"@type\":\"BreadcrumbList\",\"@id\":\"https:\\\/\\\/iha-race.com\\\/de\\\/producto\\\/torvol-ignifuga-bag\\\/#breadcrumb\",\"itemListElement\":[{\"@type\":\"ListItem\",\"position\":1,\"name\":\"Portada\",\"item\":\"https:\\\/\\\/iha-race.com\\\/de\\\/elementor-499\\\/\"},{\"@type\":\"ListItem\",\"position\":2,\"name\":\"Shop\",\"item\":\"https:\\\/\\\/iha-race.com\\\/de\\\/shop\\\/\"},{\"@type\":\"ListItem\",\"position\":3,\"name\":\"Torvol Feuerfeste Tasche\"}]},{\"@type\":\"WebSite\",\"@id\":\"https:\\\/\\\/iha-race.com\\\/de\\\/#website\",\"url\":\"https:\\\/\\\/iha-race.com\\\/de\\\/\",\"name\":\"Iha Race\",\"description\":\"Comprar drones de carreras FPV env\u00edos en un d\u00eda desde Espa\u00f1a\",\"publisher\":{\"@id\":\"https:\\\/\\\/iha-race.com\\\/de\\\/#organization\"},\"potentialAction\":[{\"@type\":\"SearchAction\",\"target\":{\"@type\":\"EntryPoint\",\"urlTemplate\":\"https:\\\/\\\/iha-race.com\\\/de\\\/?s={search_term_string}\"},\"query-input\":{\"@type\":\"PropertyValueSpecification\",\"valueRequired\":true,\"valueName\":\"search_term_string\"}}],\"inLanguage\":\"de\"},{\"@type\":\"Organization\",\"@id\":\"https:\\\/\\\/iha-race.com\\\/de\\\/#organization\",\"name\":\"Iha Race\",\"url\":\"https:\\\/\\\/iha-race.com\\\/de\\\/\",\"logo\":{\"@type\":\"ImageObject\",\"inLanguage\":\"de\",\"@id\":\"https:\\\/\\\/iha-race.com\\\/de\\\/#\\\/schema\\\/logo\\\/image\\\/\",\"url\":\"https:\\\/\\\/iha-race.com\\\/wp-content\\\/uploads\\\/2018\\\/07\\\/iha-race-drones-de-carreras-tienda-comprar-drones.png\",\"contentUrl\":\"https:\\\/\\\/iha-race.com\\\/wp-content\\\/uploads\\\/2018\\\/07\\\/iha-race-drones-de-carreras-tienda-comprar-drones.png\",\"width\":300,\"height\":100,\"caption\":\"Iha Race\"},\"image\":{\"@id\":\"https:\\\/\\\/iha-race.com\\\/de\\\/#\\\/schema\\\/logo\\\/image\\\/\"}}]}<\/script>\n<!-- \/ Yoast SEO plugin. -->","yoast_head_json":{"title":"Torvol Feuerfeste Tasche - Iha Race","robots":{"index":"index","follow":"follow","max-snippet":"max-snippet:-1","max-image-preview":"max-image-preview:large","max-video-preview":"max-video-preview:-1"},"canonical":"https:\/\/iha-race.com\/de\/producto\/torvol-ignifuga-bag\/","og_locale":"de_DE","og_type":"article","og_title":"Torvol Feuerfeste Tasche - Iha Race","og_description":"Torvol Feuerfeste Tasche Merkmale: Fasst bis zu 15 LiPo Flammhemmende Glasfaserauskleidung Behandeltes Polyester-Obermaterial f\u00fcr Langlebigkeit Passt perfekt in die Quad PITSTOP Rucks\u00e4cke. Stabiler Tragegriff. Robuster Rei\u00dfverschluss. Elastische Organizer-Tasche aus Mesh","og_url":"https:\/\/iha-race.com\/de\/producto\/torvol-ignifuga-bag\/","og_site_name":"Iha Race","article_modified_time":"2025-08-07T09:21:56+00:00","og_image":[{"width":800,"height":800,"url":"https:\/\/iha-race.com\/wp-content\/uploads\/2018\/07\/torvol-bolsa-ignifuga-comprar-barato-1.jpg","type":"image\/jpeg"}],"twitter_card":"summary_large_image","schema":{"@context":"https:\/\/schema.org","@graph":[{"@type":"WebPage","@id":"https:\/\/iha-race.com\/de\/producto\/torvol-ignifuga-bag\/","url":"https:\/\/iha-race.com\/de\/producto\/torvol-ignifuga-bag\/","name":"Torvol Feuerfeste Tasche - Iha Race","isPartOf":{"@id":"https:\/\/iha-race.com\/de\/#website"},"primaryImageOfPage":{"@id":"https:\/\/iha-race.com\/de\/producto\/torvol-ignifuga-bag\/#primaryimage"},"image":{"@id":"https:\/\/iha-race.com\/de\/producto\/torvol-ignifuga-bag\/#primaryimage"},"thumbnailUrl":"https:\/\/iha-race.com\/wp-content\/uploads\/2018\/07\/torvol-bolsa-ignifuga-comprar-barato-1.jpg","datePublished":"2018-07-23T16:13:09+00:00","dateModified":"2025-08-07T09:21:56+00:00","breadcrumb":{"@id":"https:\/\/iha-race.com\/de\/producto\/torvol-ignifuga-bag\/#breadcrumb"},"inLanguage":"de","potentialAction":[{"@type":"ReadAction","target":["https:\/\/iha-race.com\/de\/producto\/torvol-ignifuga-bag\/"]}]},{"@type":"ImageObject","inLanguage":"de","@id":"https:\/\/iha-race.com\/de\/producto\/torvol-ignifuga-bag\/#primaryimage","url":"https:\/\/iha-race.com\/wp-content\/uploads\/2018\/07\/torvol-bolsa-ignifuga-comprar-barato-1.jpg","contentUrl":"https:\/\/iha-race.com\/wp-content\/uploads\/2018\/07\/torvol-bolsa-ignifuga-comprar-barato-1.jpg","width":800,"height":800},{"@type":"BreadcrumbList","@id":"https:\/\/iha-race.com\/de\/producto\/torvol-ignifuga-bag\/#breadcrumb","itemListElement":[{"@type":"ListItem","position":1,"name":"Portada","item":"https:\/\/iha-race.com\/de\/elementor-499\/"},{"@type":"ListItem","position":2,"name":"Shop","item":"https:\/\/iha-race.com\/de\/shop\/"},{"@type":"ListItem","position":3,"name":"Torvol Feuerfeste Tasche"}]},{"@type":"WebSite","@id":"https:\/\/iha-race.com\/de\/#website","url":"https:\/\/iha-race.com\/de\/","name":"Iha Race","description":"Comprar drones de carreras FPV env\u00edos en un d\u00eda desde Espa\u00f1a","publisher":{"@id":"https:\/\/iha-race.com\/de\/#organization"},"potentialAction":[{"@type":"SearchAction","target":{"@type":"EntryPoint","urlTemplate":"https:\/\/iha-race.com\/de\/?s={search_term_string}"},"query-input":{"@type":"PropertyValueSpecification","valueRequired":true,"valueName":"search_term_string"}}],"inLanguage":"de"},{"@type":"Organization","@id":"https:\/\/iha-race.com\/de\/#organization","name":"Iha Race","url":"https:\/\/iha-race.com\/de\/","logo":{"@type":"ImageObject","inLanguage":"de","@id":"https:\/\/iha-race.com\/de\/#\/schema\/logo\/image\/","url":"https:\/\/iha-race.com\/wp-content\/uploads\/2018\/07\/iha-race-drones-de-carreras-tienda-comprar-drones.png","contentUrl":"https:\/\/iha-race.com\/wp-content\/uploads\/2018\/07\/iha-race-drones-de-carreras-tienda-comprar-drones.png","width":300,"height":100,"caption":"Iha Race"},"image":{"@id":"https:\/\/iha-race.com\/de\/#\/schema\/logo\/image\/"}}]}},"jetpack_sharing_enabled":true,"brands":[],"_links":{"self":[{"href":"https:\/\/iha-race.com\/de\/wp-json\/wp\/v2\/product\/207559","targetHints":{"allow":["GET"]}}],"collection":[{"href":"https:\/\/iha-race.com\/de\/wp-json\/wp\/v2\/product"}],"about":[{"href":"https:\/\/iha-race.com\/de\/wp-json\/wp\/v2\/types\/product"}],"replies":[{"embeddable":true,"href":"https:\/\/iha-race.com\/de\/wp-json\/wp\/v2\/comments?post=207559"}],"version-history":[{"count":1,"href":"https:\/\/iha-race.com\/de\/wp-json\/wp\/v2\/product\/207559\/revisions"}],"predecessor-version":[{"id":210090,"href":"https:\/\/iha-race.com\/de\/wp-json\/wp\/v2\/product\/207559\/revisions\/210090"}],"wp:featuredmedia":[{"embeddable":true,"href":"https:\/\/iha-race.com\/de\/wp-json\/wp\/v2\/media\/124235"}],"wp:attachment":[{"href":"https:\/\/iha-race.com\/de\/wp-json\/wp\/v2\/media?parent=207559"}],"wp:term":[{"taxonomy":"pwb-brand","embeddable":true,"href":"https:\/\/iha-race.com\/de\/wp-json\/wp\/v2\/pwb-brand?post=207559"},{"taxonomy":"product_cat","embeddable":true,"href":"https:\/\/iha-race.com\/de\/wp-json\/wp\/v2\/product_cat?post=207559"},{"taxonomy":"product_tag","embeddable":true,"href":"https:\/\/iha-race.com\/de\/wp-json\/wp\/v2\/product_tag?post=207559"}],"curies":[{"name":"wp","href":"https:\/\/api.w.org\/{rel}","templated":true}]}}