{"id":207538,"date":"2021-04-23T22:00:32","date_gmt":"2021-04-23T20:00:32","guid":{"rendered":"https:\/\/iha-race.com\/producto\/jakemy-hochpraezisions-schraubendreher-satz-48-teile\/"},"modified":"2024-08-29T12:27:24","modified_gmt":"2024-08-29T10:27:24","slug":"jakemy-hochprazisions-schraubendreher-box-48-teilig","status":"publish","type":"product","link":"https:\/\/iha-race.com\/de\/producto\/jakemy-hochprazisions-schraubendreher-box-48-teilig\/","title":{"rendered":"JAKEMY Hochpr\u00e4zisions-Schraubendreher-Satz (48 Teile)"},"content":{"rendered":"<h2>JAKEMY Hochpr\u00e4zisions-Schraubendreher-Satz (48 Teile)<\/h2>\n<p>  Der Jakemy JM-6124 Schraubendreherkasten enth\u00e4lt 45 verschiedene Schraubendreherk\u00f6pfe in starker und haltbarer Eisenqualit\u00e4t. Dieser Schraubendreher-Satz wurde speziell f\u00fcr diejenigen unter Ihnen entwickelt, die das Geh\u00e4use elektronischer Ger\u00e4te leicht \u00f6ffnen m\u00f6chten. Das Set ist mit einer Box f\u00fcr die Aufbewahrung eines Schraubendrehers Kopf in einem leichten Design und leicht zu tragen \u00fcberall ausgestattet. Die gesamte Ausr\u00fcstung von jakemy besteht aus Chrom-Vanadium-Material, einem Eisen von h\u00f6chster Qualit\u00e4t. Dieses Werkzeugset enth\u00e4lt auch eine Mini-Zange oder eine Querstange, die Ihnen das Entfernen von N\u00e4geln in der Wand erleichtert. Au\u00dferdem enth\u00e4lt es verschiedene Modelle von \u00d6senschraubendrehern, die sehr n\u00fctzlich sind, um die Gr\u00f6\u00dfe der zu l\u00f6senden Schrauben einzustellen, wie z.B. Flower, Minud, Slot, Torx, usw.  <img fetchpriority=\"high\" decoding=\"async\" class=\"alignnone wp-image-63469 size-full\" src=\"https:\/\/iha-race.com\/wp-content\/uploads\/2018\/07\/Tamano.jpg\" alt=\"\" width=\"800\" height=\"800\" srcset=\"https:\/\/iha-race.com\/wp-content\/uploads\/2018\/07\/Tamano.jpg 800w, https:\/\/iha-race.com\/wp-content\/uploads\/2018\/07\/Tamano-300x300.jpg 300w, https:\/\/iha-race.com\/wp-content\/uploads\/2018\/07\/Tamano-1024x1024.jpg 1024w, https:\/\/iha-race.com\/wp-content\/uploads\/2018\/07\/Tamano-150x150.jpg 150w, https:\/\/iha-race.com\/wp-content\/uploads\/2018\/07\/Tamano-768x768.jpg 768w, https:\/\/iha-race.com\/wp-content\/uploads\/2018\/07\/Tamano-1536x1536.jpg 1536w, https:\/\/iha-race.com\/wp-content\/uploads\/2018\/07\/Tamano-2048x2048.jpg 2048w, https:\/\/iha-race.com\/wp-content\/uploads\/2018\/07\/Tamano-100x100.jpg 100w, https:\/\/iha-race.com\/wp-content\/uploads\/2018\/07\/Tamano-350x350.jpg 350w, https:\/\/iha-race.com\/wp-content\/uploads\/2018\/07\/Tamano-788x788.jpg 788w, https:\/\/iha-race.com\/wp-content\/uploads\/2018\/07\/Tamano-600x600.jpg 600w, https:\/\/iha-race.com\/wp-content\/uploads\/2018\/07\/Tamano-135x135.jpg 135w\" sizes=\"(max-width: 800px) 100vw, 800px\" \/><img decoding=\"async\" class=\"alignnone wp-image-63470 size-full\" src=\"https:\/\/iha-race.com\/wp-content\/uploads\/2018\/07\/mango-y-puntas.jpg\" alt=\"\" width=\"800\" height=\"800\" srcset=\"https:\/\/iha-race.com\/wp-content\/uploads\/2018\/07\/mango-y-puntas.jpg 800w, https:\/\/iha-race.com\/wp-content\/uploads\/2018\/07\/mango-y-puntas-300x300.jpg 300w, https:\/\/iha-race.com\/wp-content\/uploads\/2018\/07\/mango-y-puntas-1024x1024.jpg 1024w, https:\/\/iha-race.com\/wp-content\/uploads\/2018\/07\/mango-y-puntas-150x150.jpg 150w, https:\/\/iha-race.com\/wp-content\/uploads\/2018\/07\/mango-y-puntas-768x768.jpg 768w, https:\/\/iha-race.com\/wp-content\/uploads\/2018\/07\/mango-y-puntas-1536x1536.jpg 1536w, https:\/\/iha-race.com\/wp-content\/uploads\/2018\/07\/mango-y-puntas-2048x2048.jpg 2048w, https:\/\/iha-race.com\/wp-content\/uploads\/2018\/07\/mango-y-puntas-100x100.jpg 100w, https:\/\/iha-race.com\/wp-content\/uploads\/2018\/07\/mango-y-puntas-350x350.jpg 350w, https:\/\/iha-race.com\/wp-content\/uploads\/2018\/07\/mango-y-puntas-788x788.jpg 788w, https:\/\/iha-race.com\/wp-content\/uploads\/2018\/07\/mango-y-puntas-600x600.jpg 600w, https:\/\/iha-race.com\/wp-content\/uploads\/2018\/07\/mango-y-puntas-135x135.jpg 135w\" sizes=\"(max-width: 800px) 100vw, 800px\" \/> <img decoding=\"async\" class=\"alignnone wp-image-63471 size-full\" src=\"https:\/\/iha-race.com\/wp-content\/uploads\/2018\/07\/incluido.jpg\" alt=\"\" width=\"800\" height=\"800\" srcset=\"https:\/\/iha-race.com\/wp-content\/uploads\/2018\/07\/incluido.jpg 800w, https:\/\/iha-race.com\/wp-content\/uploads\/2018\/07\/incluido-300x300.jpg 300w, https:\/\/iha-race.com\/wp-content\/uploads\/2018\/07\/incluido-1024x1024.jpg 1024w, https:\/\/iha-race.com\/wp-content\/uploads\/2018\/07\/incluido-150x150.jpg 150w, https:\/\/iha-race.com\/wp-content\/uploads\/2018\/07\/incluido-768x768.jpg 768w, https:\/\/iha-race.com\/wp-content\/uploads\/2018\/07\/incluido-1536x1536.jpg 1536w, https:\/\/iha-race.com\/wp-content\/uploads\/2018\/07\/incluido-2048x2048.jpg 2048w, https:\/\/iha-race.com\/wp-content\/uploads\/2018\/07\/incluido-100x100.jpg 100w, https:\/\/iha-race.com\/wp-content\/uploads\/2018\/07\/incluido-350x350.jpg 350w, https:\/\/iha-race.com\/wp-content\/uploads\/2018\/07\/incluido-788x788.jpg 788w, https:\/\/iha-race.com\/wp-content\/uploads\/2018\/07\/incluido-600x600.jpg 600w, https:\/\/iha-race.com\/wp-content\/uploads\/2018\/07\/incluido-135x135.jpg 135w\" sizes=\"(max-width: 800px) 100vw, 800px\" \/><\/p>\n<h2>Das Paket enth\u00e4lt:<\/h2>\n<ul>\n<li>1 x Schraubendrehergriff<\/li>\n<li>45 x Spitzen<\/li>\n<li>1 x Hebeleisen<\/li>\n<li>1 x Verl\u00e4ngerungsstange<\/li>\n<li>1 x Box<\/li>\n<\/ul>\n","protected":false},"excerpt":{"rendered":"<p>JAKEMY Hochpr\u00e4zisions-Schraubendreher-Satz (48 Teile) Der Jakemy JM-6124 Schraubendreherkasten enth\u00e4lt 45 verschiedene Schraubendreherk\u00f6pfe in starker und haltbarer Eisenqualit\u00e4t. Dieser Schraubendreher-Satz wurde speziell f\u00fcr diejenigen unter Ihnen entwickelt, die das Geh\u00e4use elektronischer<\/p>\n","protected":false},"featured_media":126018,"comment_status":"open","ping_status":"closed","template":"","meta":{"_joinchat":[]},"pwb-brand":[],"product_cat":[139,145],"product_tag":[],"class_list":{"0":"post-207538","1":"product","2":"type-product","3":"status-publish","4":"has-post-thumbnail","6":"product_cat-accesorios-de-drones","7":"product_cat-herramientas-soldadura","9":"first","10":"instock","11":"taxable","12":"shipping-taxable","13":"purchasable","14":"product-type-simple"},"barcode":null,"atum_controlled":true,"out_stock_date":null,"out_stock_threshold":null,"inheritable":false,"stock_on_hold":0,"sold_today":0,"sales_last_days":0,"out_stock_days":0,"lost_sales":0,"update_date":"2026-04-18T19:10:49","atum_locations":[],"atum_stock_status":"instock","restock_status":false,"low_stock_amount":"","sales_update_date":"2026-04-18T19:10:49","calc_backorders":null,"yoast_head":"<!-- This site is optimized with the Yoast SEO plugin v27.3 - https:\/\/yoast.com\/product\/yoast-seo-wordpress\/ -->\n<title>JAKEMY Hochpr\u00e4zisions-Schraubendreher-Satz (48 Teile) - Iha Race<\/title>\n<meta name=\"robots\" content=\"index, follow, max-snippet:-1, max-image-preview:large, max-video-preview:-1\" \/>\n<link rel=\"canonical\" href=\"https:\/\/iha-race.com\/de\/producto\/jakemy-hochprazisions-schraubendreher-box-48-teilig\/\" \/>\n<meta property=\"og:locale\" content=\"de_DE\" \/>\n<meta property=\"og:type\" content=\"article\" \/>\n<meta property=\"og:title\" content=\"JAKEMY Hochpr\u00e4zisions-Schraubendreher-Satz (48 Teile) - Iha Race\" \/>\n<meta property=\"og:description\" content=\"JAKEMY Hochpr\u00e4zisions-Schraubendreher-Satz (48 Teile) Der Jakemy JM-6124 Schraubendreherkasten enth\u00e4lt 45 verschiedene Schraubendreherk\u00f6pfe in starker und haltbarer Eisenqualit\u00e4t. Dieser Schraubendreher-Satz wurde speziell f\u00fcr diejenigen unter Ihnen entwickelt, die das Geh\u00e4use elektronischer\" \/>\n<meta property=\"og:url\" content=\"https:\/\/iha-race.com\/de\/producto\/jakemy-hochprazisions-schraubendreher-box-48-teilig\/\" \/>\n<meta property=\"og:site_name\" content=\"Iha Race\" \/>\n<meta property=\"article:modified_time\" content=\"2024-08-29T10:27:24+00:00\" \/>\n<meta property=\"og:image\" content=\"https:\/\/iha-race.com\/wp-content\/uploads\/2018\/07\/juego-de-destornilladores-48-piezas.jpg\" \/>\n\t<meta property=\"og:image:width\" content=\"800\" \/>\n\t<meta property=\"og:image:height\" content=\"800\" \/>\n\t<meta property=\"og:image:type\" content=\"image\/jpeg\" \/>\n<meta name=\"twitter:card\" content=\"summary_large_image\" \/>\n<meta name=\"twitter:label1\" content=\"Gesch\u00e4tzte Lesezeit\" \/>\n\t<meta name=\"twitter:data1\" content=\"1\u00a0Minute\" \/>\n<script type=\"application\/ld+json\" class=\"yoast-schema-graph\">{\"@context\":\"https:\\\/\\\/schema.org\",\"@graph\":[{\"@type\":\"WebPage\",\"@id\":\"https:\\\/\\\/iha-race.com\\\/de\\\/producto\\\/jakemy-hochprazisions-schraubendreher-box-48-teilig\\\/\",\"url\":\"https:\\\/\\\/iha-race.com\\\/de\\\/producto\\\/jakemy-hochprazisions-schraubendreher-box-48-teilig\\\/\",\"name\":\"JAKEMY Hochpr\u00e4zisions-Schraubendreher-Satz (48 Teile) - Iha Race\",\"isPartOf\":{\"@id\":\"https:\\\/\\\/iha-race.com\\\/de\\\/#website\"},\"primaryImageOfPage\":{\"@id\":\"https:\\\/\\\/iha-race.com\\\/de\\\/producto\\\/jakemy-hochprazisions-schraubendreher-box-48-teilig\\\/#primaryimage\"},\"image\":{\"@id\":\"https:\\\/\\\/iha-race.com\\\/de\\\/producto\\\/jakemy-hochprazisions-schraubendreher-box-48-teilig\\\/#primaryimage\"},\"thumbnailUrl\":\"https:\\\/\\\/iha-race.com\\\/wp-content\\\/uploads\\\/2018\\\/07\\\/juego-de-destornilladores-48-piezas.jpg\",\"datePublished\":\"2021-04-23T20:00:32+00:00\",\"dateModified\":\"2024-08-29T10:27:24+00:00\",\"breadcrumb\":{\"@id\":\"https:\\\/\\\/iha-race.com\\\/de\\\/producto\\\/jakemy-hochprazisions-schraubendreher-box-48-teilig\\\/#breadcrumb\"},\"inLanguage\":\"de\",\"potentialAction\":[{\"@type\":\"ReadAction\",\"target\":[\"https:\\\/\\\/iha-race.com\\\/de\\\/producto\\\/jakemy-hochprazisions-schraubendreher-box-48-teilig\\\/\"]}]},{\"@type\":\"ImageObject\",\"inLanguage\":\"de\",\"@id\":\"https:\\\/\\\/iha-race.com\\\/de\\\/producto\\\/jakemy-hochprazisions-schraubendreher-box-48-teilig\\\/#primaryimage\",\"url\":\"https:\\\/\\\/iha-race.com\\\/wp-content\\\/uploads\\\/2018\\\/07\\\/juego-de-destornilladores-48-piezas.jpg\",\"contentUrl\":\"https:\\\/\\\/iha-race.com\\\/wp-content\\\/uploads\\\/2018\\\/07\\\/juego-de-destornilladores-48-piezas.jpg\",\"width\":800,\"height\":800},{\"@type\":\"BreadcrumbList\",\"@id\":\"https:\\\/\\\/iha-race.com\\\/de\\\/producto\\\/jakemy-hochprazisions-schraubendreher-box-48-teilig\\\/#breadcrumb\",\"itemListElement\":[{\"@type\":\"ListItem\",\"position\":1,\"name\":\"Portada\",\"item\":\"https:\\\/\\\/iha-race.com\\\/de\\\/elementor-499\\\/\"},{\"@type\":\"ListItem\",\"position\":2,\"name\":\"Shop\",\"item\":\"https:\\\/\\\/iha-race.com\\\/de\\\/shop\\\/\"},{\"@type\":\"ListItem\",\"position\":3,\"name\":\"JAKEMY Hochpr\u00e4zisions-Schraubendreher-Satz (48 Teile)\"}]},{\"@type\":\"WebSite\",\"@id\":\"https:\\\/\\\/iha-race.com\\\/de\\\/#website\",\"url\":\"https:\\\/\\\/iha-race.com\\\/de\\\/\",\"name\":\"Iha Race\",\"description\":\"Comprar drones de carreras FPV env\u00edos en un d\u00eda desde Espa\u00f1a\",\"publisher\":{\"@id\":\"https:\\\/\\\/iha-race.com\\\/de\\\/#organization\"},\"potentialAction\":[{\"@type\":\"SearchAction\",\"target\":{\"@type\":\"EntryPoint\",\"urlTemplate\":\"https:\\\/\\\/iha-race.com\\\/de\\\/?s={search_term_string}\"},\"query-input\":{\"@type\":\"PropertyValueSpecification\",\"valueRequired\":true,\"valueName\":\"search_term_string\"}}],\"inLanguage\":\"de\"},{\"@type\":\"Organization\",\"@id\":\"https:\\\/\\\/iha-race.com\\\/de\\\/#organization\",\"name\":\"Iha Race\",\"url\":\"https:\\\/\\\/iha-race.com\\\/de\\\/\",\"logo\":{\"@type\":\"ImageObject\",\"inLanguage\":\"de\",\"@id\":\"https:\\\/\\\/iha-race.com\\\/de\\\/#\\\/schema\\\/logo\\\/image\\\/\",\"url\":\"https:\\\/\\\/iha-race.com\\\/wp-content\\\/uploads\\\/2018\\\/07\\\/iha-race-drones-de-carreras-tienda-comprar-drones.png\",\"contentUrl\":\"https:\\\/\\\/iha-race.com\\\/wp-content\\\/uploads\\\/2018\\\/07\\\/iha-race-drones-de-carreras-tienda-comprar-drones.png\",\"width\":300,\"height\":100,\"caption\":\"Iha Race\"},\"image\":{\"@id\":\"https:\\\/\\\/iha-race.com\\\/de\\\/#\\\/schema\\\/logo\\\/image\\\/\"}}]}<\/script>\n<!-- \/ Yoast SEO plugin. -->","yoast_head_json":{"title":"JAKEMY Hochpr\u00e4zisions-Schraubendreher-Satz (48 Teile) - Iha Race","robots":{"index":"index","follow":"follow","max-snippet":"max-snippet:-1","max-image-preview":"max-image-preview:large","max-video-preview":"max-video-preview:-1"},"canonical":"https:\/\/iha-race.com\/de\/producto\/jakemy-hochprazisions-schraubendreher-box-48-teilig\/","og_locale":"de_DE","og_type":"article","og_title":"JAKEMY Hochpr\u00e4zisions-Schraubendreher-Satz (48 Teile) - Iha Race","og_description":"JAKEMY Hochpr\u00e4zisions-Schraubendreher-Satz (48 Teile) Der Jakemy JM-6124 Schraubendreherkasten enth\u00e4lt 45 verschiedene Schraubendreherk\u00f6pfe in starker und haltbarer Eisenqualit\u00e4t. Dieser Schraubendreher-Satz wurde speziell f\u00fcr diejenigen unter Ihnen entwickelt, die das Geh\u00e4use elektronischer","og_url":"https:\/\/iha-race.com\/de\/producto\/jakemy-hochprazisions-schraubendreher-box-48-teilig\/","og_site_name":"Iha Race","article_modified_time":"2024-08-29T10:27:24+00:00","og_image":[{"width":800,"height":800,"url":"https:\/\/iha-race.com\/wp-content\/uploads\/2018\/07\/juego-de-destornilladores-48-piezas.jpg","type":"image\/jpeg"}],"twitter_card":"summary_large_image","twitter_misc":{"Gesch\u00e4tzte Lesezeit":"1\u00a0Minute"},"schema":{"@context":"https:\/\/schema.org","@graph":[{"@type":"WebPage","@id":"https:\/\/iha-race.com\/de\/producto\/jakemy-hochprazisions-schraubendreher-box-48-teilig\/","url":"https:\/\/iha-race.com\/de\/producto\/jakemy-hochprazisions-schraubendreher-box-48-teilig\/","name":"JAKEMY Hochpr\u00e4zisions-Schraubendreher-Satz (48 Teile) - Iha Race","isPartOf":{"@id":"https:\/\/iha-race.com\/de\/#website"},"primaryImageOfPage":{"@id":"https:\/\/iha-race.com\/de\/producto\/jakemy-hochprazisions-schraubendreher-box-48-teilig\/#primaryimage"},"image":{"@id":"https:\/\/iha-race.com\/de\/producto\/jakemy-hochprazisions-schraubendreher-box-48-teilig\/#primaryimage"},"thumbnailUrl":"https:\/\/iha-race.com\/wp-content\/uploads\/2018\/07\/juego-de-destornilladores-48-piezas.jpg","datePublished":"2021-04-23T20:00:32+00:00","dateModified":"2024-08-29T10:27:24+00:00","breadcrumb":{"@id":"https:\/\/iha-race.com\/de\/producto\/jakemy-hochprazisions-schraubendreher-box-48-teilig\/#breadcrumb"},"inLanguage":"de","potentialAction":[{"@type":"ReadAction","target":["https:\/\/iha-race.com\/de\/producto\/jakemy-hochprazisions-schraubendreher-box-48-teilig\/"]}]},{"@type":"ImageObject","inLanguage":"de","@id":"https:\/\/iha-race.com\/de\/producto\/jakemy-hochprazisions-schraubendreher-box-48-teilig\/#primaryimage","url":"https:\/\/iha-race.com\/wp-content\/uploads\/2018\/07\/juego-de-destornilladores-48-piezas.jpg","contentUrl":"https:\/\/iha-race.com\/wp-content\/uploads\/2018\/07\/juego-de-destornilladores-48-piezas.jpg","width":800,"height":800},{"@type":"BreadcrumbList","@id":"https:\/\/iha-race.com\/de\/producto\/jakemy-hochprazisions-schraubendreher-box-48-teilig\/#breadcrumb","itemListElement":[{"@type":"ListItem","position":1,"name":"Portada","item":"https:\/\/iha-race.com\/de\/elementor-499\/"},{"@type":"ListItem","position":2,"name":"Shop","item":"https:\/\/iha-race.com\/de\/shop\/"},{"@type":"ListItem","position":3,"name":"JAKEMY Hochpr\u00e4zisions-Schraubendreher-Satz (48 Teile)"}]},{"@type":"WebSite","@id":"https:\/\/iha-race.com\/de\/#website","url":"https:\/\/iha-race.com\/de\/","name":"Iha Race","description":"Comprar drones de carreras FPV env\u00edos en un d\u00eda desde Espa\u00f1a","publisher":{"@id":"https:\/\/iha-race.com\/de\/#organization"},"potentialAction":[{"@type":"SearchAction","target":{"@type":"EntryPoint","urlTemplate":"https:\/\/iha-race.com\/de\/?s={search_term_string}"},"query-input":{"@type":"PropertyValueSpecification","valueRequired":true,"valueName":"search_term_string"}}],"inLanguage":"de"},{"@type":"Organization","@id":"https:\/\/iha-race.com\/de\/#organization","name":"Iha Race","url":"https:\/\/iha-race.com\/de\/","logo":{"@type":"ImageObject","inLanguage":"de","@id":"https:\/\/iha-race.com\/de\/#\/schema\/logo\/image\/","url":"https:\/\/iha-race.com\/wp-content\/uploads\/2018\/07\/iha-race-drones-de-carreras-tienda-comprar-drones.png","contentUrl":"https:\/\/iha-race.com\/wp-content\/uploads\/2018\/07\/iha-race-drones-de-carreras-tienda-comprar-drones.png","width":300,"height":100,"caption":"Iha Race"},"image":{"@id":"https:\/\/iha-race.com\/de\/#\/schema\/logo\/image\/"}}]}},"jetpack_sharing_enabled":true,"brands":[],"_links":{"self":[{"href":"https:\/\/iha-race.com\/de\/wp-json\/wp\/v2\/product\/207538","targetHints":{"allow":["GET"]}}],"collection":[{"href":"https:\/\/iha-race.com\/de\/wp-json\/wp\/v2\/product"}],"about":[{"href":"https:\/\/iha-race.com\/de\/wp-json\/wp\/v2\/types\/product"}],"replies":[{"embeddable":true,"href":"https:\/\/iha-race.com\/de\/wp-json\/wp\/v2\/comments?post=207538"}],"version-history":[{"count":1,"href":"https:\/\/iha-race.com\/de\/wp-json\/wp\/v2\/product\/207538\/revisions"}],"predecessor-version":[{"id":249528,"href":"https:\/\/iha-race.com\/de\/wp-json\/wp\/v2\/product\/207538\/revisions\/249528"}],"wp:featuredmedia":[{"embeddable":true,"href":"https:\/\/iha-race.com\/de\/wp-json\/wp\/v2\/media\/126018"}],"wp:attachment":[{"href":"https:\/\/iha-race.com\/de\/wp-json\/wp\/v2\/media?parent=207538"}],"wp:term":[{"taxonomy":"pwb-brand","embeddable":true,"href":"https:\/\/iha-race.com\/de\/wp-json\/wp\/v2\/pwb-brand?post=207538"},{"taxonomy":"product_cat","embeddable":true,"href":"https:\/\/iha-race.com\/de\/wp-json\/wp\/v2\/product_cat?post=207538"},{"taxonomy":"product_tag","embeddable":true,"href":"https:\/\/iha-race.com\/de\/wp-json\/wp\/v2\/product_tag?post=207538"}],"curies":[{"name":"wp","href":"https:\/\/api.w.org\/{rel}","templated":true}]}}