{"id":207535,"date":"2018-07-23T22:24:53","date_gmt":"2018-07-23T20:24:53","guid":{"rendered":"https:\/\/iha-race.com\/producto\/sechskantschraubendreher-satz-4-stueck-15-3-mm\/"},"modified":"2024-08-29T16:38:20","modified_gmt":"2024-08-29T14:38:20","slug":"sechskant-schraubendreher-satz-4-teilig-1-5-3-mm","status":"publish","type":"product","link":"https:\/\/iha-race.com\/de\/producto\/sechskant-schraubendreher-satz-4-teilig-1-5-3-mm\/","title":{"rendered":"Sechskantschraubendreher-Satz 4 St\u00fcck 1,5 &#8211; 3 mm"},"content":{"rendered":"<h2>Sechskantschraubendreher-Satz 4 St\u00fcck 1,5 &#8211; 3 mm<\/h2>\n<p>  Sechskantschraubendreher-Set 4-tlg. 1,5 &#8211; 3 mm, aus hochwertigem Stahl, hohe Pr\u00e4zision. Es ist ein unverzichtbares Werkzeug f\u00fcr Ihre Arbeit in der Werkstatt und auf dem Flugplatz. Wegen seiner gro\u00dfen Bedeutung und N\u00fctzlichkeit ist es wichtig, ihn in Ihrer Materialkiste mitzuf\u00fchren.  <\/p>\n<h3>Spezifikationen:<\/h3>\n<ul>\n<li><strong>Material:<\/strong> Titanlegierung<\/li>\n<li data-spm-anchor-id=\"a2g0o.detail.1000023.i1.390b7806Z0Nlou\"><strong>Gesamtl\u00e4nge:<\/strong> ca. 18 cm.<\/li>\n<li><strong>L\u00e4nge der Stange<\/strong>: ca. 10cm.<\/li>\n<li data-spm-anchor-id=\"a2g0o.detail.1000023.i2.390b7806Z0Nlou\"><strong>Farbe:<\/strong> Schwarz<\/li>\n<li><strong>Gewicht:<\/strong> ca. 165g<\/li>\n<\/ul>\n<h3>Merkmale:<\/h3>\n<ul>\n<li>Hergestellt aus Titanlegierung, langlebig und mit hoher Pr\u00e4zision und St\u00e4rke.<\/li>\n<li>4 Ger\u00e4te in einem, um Ihren Reparaturbedarf f\u00fcr verschiedene Modelle zu decken.<\/li>\n<li>Die Bohrer sind mit einer Titannitrid-Beschichtung versehen, um die Haltbarkeit zu erh\u00f6hen.<\/li>\n<\/ul>\n<h3>Das Paket enth\u00e4lt:<\/h3>\n<ul>\n<li>1 Schraubendreher 1,5 mm<\/li>\n<li>1 x 2,0mm Schraubendreher<\/li>\n<li>1 2,5 mm Schraubendreher<\/li>\n<li>1 x 3,0mm Schraubendreher<\/li>\n<\/ul>\n","protected":false},"excerpt":{"rendered":"<p>Sechskantschraubendreher-Satz 4 St\u00fcck 1,5 &#8211; 3 mm Sechskantschraubendreher-Set 4-tlg. 1,5 &#8211; 3 mm, aus hochwertigem Stahl, hohe Pr\u00e4zision. Es ist ein unverzichtbares Werkzeug f\u00fcr Ihre Arbeit in der Werkstatt und<\/p>\n","protected":false},"featured_media":207142,"comment_status":"open","ping_status":"closed","template":"","meta":{"_joinchat":[]},"pwb-brand":[],"product_cat":[2513,2634,2549],"product_tag":[],"class_list":{"0":"post-207535","1":"product","2":"type-product","3":"status-publish","4":"has-post-thumbnail","6":"product_cat-zubehor","7":"product_cat--schrauben","8":"product_cat--werkzeuge-und-loten","10":"first","11":"instock","12":"taxable","13":"shipping-taxable","14":"purchasable","15":"product-type-simple"},"barcode":null,"atum_controlled":true,"out_stock_date":null,"out_stock_threshold":null,"inheritable":false,"stock_on_hold":0,"sold_today":0,"sales_last_days":0,"out_stock_days":0,"lost_sales":0,"update_date":"2026-04-08T16:32:12","atum_locations":[],"atum_stock_status":"instock","restock_status":false,"low_stock_amount":3,"sales_update_date":"2026-04-08T10:17:17","calc_backorders":null,"yoast_head":"<!-- This site is optimized with the Yoast SEO plugin v27.3 - https:\/\/yoast.com\/product\/yoast-seo-wordpress\/ -->\n<title>Sechskantschraubendreher-Satz 4 St\u00fcck 1,5 - 3 mm - Iha Race<\/title>\n<meta name=\"robots\" content=\"noindex, follow\" \/>\n<meta property=\"og:locale\" content=\"de_DE\" \/>\n<meta property=\"og:type\" content=\"article\" \/>\n<meta property=\"og:title\" content=\"Sechskantschraubendreher-Satz 4 St\u00fcck 1,5 - 3 mm - Iha Race\" \/>\n<meta property=\"og:description\" content=\"Sechskantschraubendreher-Satz 4 St\u00fcck 1,5 &#8211; 3 mm Sechskantschraubendreher-Set 4-tlg. 1,5 &#8211; 3 mm, aus hochwertigem Stahl, hohe Pr\u00e4zision. Es ist ein unverzichtbares Werkzeug f\u00fcr Ihre Arbeit in der Werkstatt und\" \/>\n<meta property=\"og:url\" content=\"https:\/\/iha-race.com\/de\/producto\/sechskant-schraubendreher-satz-4-teilig-1-5-3-mm\/\" \/>\n<meta property=\"og:site_name\" content=\"Iha Race\" \/>\n<meta property=\"article:modified_time\" content=\"2024-08-29T14:38:20+00:00\" \/>\n<meta property=\"og:image\" content=\"https:\/\/iha-race.com\/wp-content\/uploads\/2018\/07\/Juego-de-Atornilladores-Hexagonales-4-piezas-1.5-\u2013-3-mm.webp\" \/>\n\t<meta property=\"og:image:width\" content=\"800\" \/>\n\t<meta property=\"og:image:height\" content=\"800\" \/>\n\t<meta property=\"og:image:type\" content=\"image\/webp\" \/>\n<meta name=\"twitter:card\" content=\"summary_large_image\" \/>\n<meta name=\"twitter:label1\" content=\"Gesch\u00e4tzte Lesezeit\" \/>\n\t<meta name=\"twitter:data1\" content=\"1\u00a0Minute\" \/>\n<script type=\"application\/ld+json\" class=\"yoast-schema-graph\">{\"@context\":\"https:\\\/\\\/schema.org\",\"@graph\":[{\"@type\":\"WebPage\",\"@id\":\"https:\\\/\\\/iha-race.com\\\/de\\\/producto\\\/sechskant-schraubendreher-satz-4-teilig-1-5-3-mm\\\/\",\"url\":\"https:\\\/\\\/iha-race.com\\\/de\\\/producto\\\/sechskant-schraubendreher-satz-4-teilig-1-5-3-mm\\\/\",\"name\":\"Sechskantschraubendreher-Satz 4 St\u00fcck 1,5 - 3 mm - Iha Race\",\"isPartOf\":{\"@id\":\"https:\\\/\\\/iha-race.com\\\/de\\\/#website\"},\"primaryImageOfPage\":{\"@id\":\"https:\\\/\\\/iha-race.com\\\/de\\\/producto\\\/sechskant-schraubendreher-satz-4-teilig-1-5-3-mm\\\/#primaryimage\"},\"image\":{\"@id\":\"https:\\\/\\\/iha-race.com\\\/de\\\/producto\\\/sechskant-schraubendreher-satz-4-teilig-1-5-3-mm\\\/#primaryimage\"},\"thumbnailUrl\":\"https:\\\/\\\/iha-race.com\\\/wp-content\\\/uploads\\\/2018\\\/07\\\/Juego-de-Atornilladores-Hexagonales-4-piezas-1.5-\u2013-3-mm.webp\",\"datePublished\":\"2018-07-23T20:24:53+00:00\",\"dateModified\":\"2024-08-29T14:38:20+00:00\",\"breadcrumb\":{\"@id\":\"https:\\\/\\\/iha-race.com\\\/de\\\/producto\\\/sechskant-schraubendreher-satz-4-teilig-1-5-3-mm\\\/#breadcrumb\"},\"inLanguage\":\"de\",\"potentialAction\":[{\"@type\":\"ReadAction\",\"target\":[\"https:\\\/\\\/iha-race.com\\\/de\\\/producto\\\/sechskant-schraubendreher-satz-4-teilig-1-5-3-mm\\\/\"]}]},{\"@type\":\"ImageObject\",\"inLanguage\":\"de\",\"@id\":\"https:\\\/\\\/iha-race.com\\\/de\\\/producto\\\/sechskant-schraubendreher-satz-4-teilig-1-5-3-mm\\\/#primaryimage\",\"url\":\"https:\\\/\\\/iha-race.com\\\/wp-content\\\/uploads\\\/2018\\\/07\\\/Juego-de-Atornilladores-Hexagonales-4-piezas-1.5-\u2013-3-mm.webp\",\"contentUrl\":\"https:\\\/\\\/iha-race.com\\\/wp-content\\\/uploads\\\/2018\\\/07\\\/Juego-de-Atornilladores-Hexagonales-4-piezas-1.5-\u2013-3-mm.webp\",\"width\":800,\"height\":800},{\"@type\":\"BreadcrumbList\",\"@id\":\"https:\\\/\\\/iha-race.com\\\/de\\\/producto\\\/sechskant-schraubendreher-satz-4-teilig-1-5-3-mm\\\/#breadcrumb\",\"itemListElement\":[{\"@type\":\"ListItem\",\"position\":1,\"name\":\"Portada\",\"item\":\"https:\\\/\\\/iha-race.com\\\/de\\\/elementor-499\\\/\"},{\"@type\":\"ListItem\",\"position\":2,\"name\":\"Shop\",\"item\":\"https:\\\/\\\/iha-race.com\\\/de\\\/shop\\\/\"},{\"@type\":\"ListItem\",\"position\":3,\"name\":\"Sechskantschraubendreher-Satz 4 St\u00fcck 1,5 &#8211; 3 mm\"}]},{\"@type\":\"WebSite\",\"@id\":\"https:\\\/\\\/iha-race.com\\\/de\\\/#website\",\"url\":\"https:\\\/\\\/iha-race.com\\\/de\\\/\",\"name\":\"Iha Race\",\"description\":\"Comprar drones de carreras FPV env\u00edos en un d\u00eda desde Espa\u00f1a\",\"publisher\":{\"@id\":\"https:\\\/\\\/iha-race.com\\\/de\\\/#organization\"},\"potentialAction\":[{\"@type\":\"SearchAction\",\"target\":{\"@type\":\"EntryPoint\",\"urlTemplate\":\"https:\\\/\\\/iha-race.com\\\/de\\\/?s={search_term_string}\"},\"query-input\":{\"@type\":\"PropertyValueSpecification\",\"valueRequired\":true,\"valueName\":\"search_term_string\"}}],\"inLanguage\":\"de\"},{\"@type\":\"Organization\",\"@id\":\"https:\\\/\\\/iha-race.com\\\/de\\\/#organization\",\"name\":\"Iha Race\",\"url\":\"https:\\\/\\\/iha-race.com\\\/de\\\/\",\"logo\":{\"@type\":\"ImageObject\",\"inLanguage\":\"de\",\"@id\":\"https:\\\/\\\/iha-race.com\\\/de\\\/#\\\/schema\\\/logo\\\/image\\\/\",\"url\":\"https:\\\/\\\/iha-race.com\\\/wp-content\\\/uploads\\\/2018\\\/07\\\/iha-race-drones-de-carreras-tienda-comprar-drones.png\",\"contentUrl\":\"https:\\\/\\\/iha-race.com\\\/wp-content\\\/uploads\\\/2018\\\/07\\\/iha-race-drones-de-carreras-tienda-comprar-drones.png\",\"width\":300,\"height\":100,\"caption\":\"Iha Race\"},\"image\":{\"@id\":\"https:\\\/\\\/iha-race.com\\\/de\\\/#\\\/schema\\\/logo\\\/image\\\/\"}}]}<\/script>\n<!-- \/ Yoast SEO plugin. -->","yoast_head_json":{"title":"Sechskantschraubendreher-Satz 4 St\u00fcck 1,5 - 3 mm - Iha Race","robots":{"index":"noindex","follow":"follow"},"og_locale":"de_DE","og_type":"article","og_title":"Sechskantschraubendreher-Satz 4 St\u00fcck 1,5 - 3 mm - Iha Race","og_description":"Sechskantschraubendreher-Satz 4 St\u00fcck 1,5 &#8211; 3 mm Sechskantschraubendreher-Set 4-tlg. 1,5 &#8211; 3 mm, aus hochwertigem Stahl, hohe Pr\u00e4zision. Es ist ein unverzichtbares Werkzeug f\u00fcr Ihre Arbeit in der Werkstatt und","og_url":"https:\/\/iha-race.com\/de\/producto\/sechskant-schraubendreher-satz-4-teilig-1-5-3-mm\/","og_site_name":"Iha Race","article_modified_time":"2024-08-29T14:38:20+00:00","og_image":[{"width":800,"height":800,"url":"https:\/\/iha-race.com\/wp-content\/uploads\/2018\/07\/Juego-de-Atornilladores-Hexagonales-4-piezas-1.5-\u2013-3-mm.webp","type":"image\/webp"}],"twitter_card":"summary_large_image","twitter_misc":{"Gesch\u00e4tzte Lesezeit":"1\u00a0Minute"},"schema":{"@context":"https:\/\/schema.org","@graph":[{"@type":"WebPage","@id":"https:\/\/iha-race.com\/de\/producto\/sechskant-schraubendreher-satz-4-teilig-1-5-3-mm\/","url":"https:\/\/iha-race.com\/de\/producto\/sechskant-schraubendreher-satz-4-teilig-1-5-3-mm\/","name":"Sechskantschraubendreher-Satz 4 St\u00fcck 1,5 - 3 mm - Iha Race","isPartOf":{"@id":"https:\/\/iha-race.com\/de\/#website"},"primaryImageOfPage":{"@id":"https:\/\/iha-race.com\/de\/producto\/sechskant-schraubendreher-satz-4-teilig-1-5-3-mm\/#primaryimage"},"image":{"@id":"https:\/\/iha-race.com\/de\/producto\/sechskant-schraubendreher-satz-4-teilig-1-5-3-mm\/#primaryimage"},"thumbnailUrl":"https:\/\/iha-race.com\/wp-content\/uploads\/2018\/07\/Juego-de-Atornilladores-Hexagonales-4-piezas-1.5-\u2013-3-mm.webp","datePublished":"2018-07-23T20:24:53+00:00","dateModified":"2024-08-29T14:38:20+00:00","breadcrumb":{"@id":"https:\/\/iha-race.com\/de\/producto\/sechskant-schraubendreher-satz-4-teilig-1-5-3-mm\/#breadcrumb"},"inLanguage":"de","potentialAction":[{"@type":"ReadAction","target":["https:\/\/iha-race.com\/de\/producto\/sechskant-schraubendreher-satz-4-teilig-1-5-3-mm\/"]}]},{"@type":"ImageObject","inLanguage":"de","@id":"https:\/\/iha-race.com\/de\/producto\/sechskant-schraubendreher-satz-4-teilig-1-5-3-mm\/#primaryimage","url":"https:\/\/iha-race.com\/wp-content\/uploads\/2018\/07\/Juego-de-Atornilladores-Hexagonales-4-piezas-1.5-\u2013-3-mm.webp","contentUrl":"https:\/\/iha-race.com\/wp-content\/uploads\/2018\/07\/Juego-de-Atornilladores-Hexagonales-4-piezas-1.5-\u2013-3-mm.webp","width":800,"height":800},{"@type":"BreadcrumbList","@id":"https:\/\/iha-race.com\/de\/producto\/sechskant-schraubendreher-satz-4-teilig-1-5-3-mm\/#breadcrumb","itemListElement":[{"@type":"ListItem","position":1,"name":"Portada","item":"https:\/\/iha-race.com\/de\/elementor-499\/"},{"@type":"ListItem","position":2,"name":"Shop","item":"https:\/\/iha-race.com\/de\/shop\/"},{"@type":"ListItem","position":3,"name":"Sechskantschraubendreher-Satz 4 St\u00fcck 1,5 &#8211; 3 mm"}]},{"@type":"WebSite","@id":"https:\/\/iha-race.com\/de\/#website","url":"https:\/\/iha-race.com\/de\/","name":"Iha Race","description":"Comprar drones de carreras FPV env\u00edos en un d\u00eda desde Espa\u00f1a","publisher":{"@id":"https:\/\/iha-race.com\/de\/#organization"},"potentialAction":[{"@type":"SearchAction","target":{"@type":"EntryPoint","urlTemplate":"https:\/\/iha-race.com\/de\/?s={search_term_string}"},"query-input":{"@type":"PropertyValueSpecification","valueRequired":true,"valueName":"search_term_string"}}],"inLanguage":"de"},{"@type":"Organization","@id":"https:\/\/iha-race.com\/de\/#organization","name":"Iha Race","url":"https:\/\/iha-race.com\/de\/","logo":{"@type":"ImageObject","inLanguage":"de","@id":"https:\/\/iha-race.com\/de\/#\/schema\/logo\/image\/","url":"https:\/\/iha-race.com\/wp-content\/uploads\/2018\/07\/iha-race-drones-de-carreras-tienda-comprar-drones.png","contentUrl":"https:\/\/iha-race.com\/wp-content\/uploads\/2018\/07\/iha-race-drones-de-carreras-tienda-comprar-drones.png","width":300,"height":100,"caption":"Iha Race"},"image":{"@id":"https:\/\/iha-race.com\/de\/#\/schema\/logo\/image\/"}}]}},"brands":[],"_links":{"self":[{"href":"https:\/\/iha-race.com\/de\/wp-json\/wp\/v2\/product\/207535","targetHints":{"allow":["GET"]}}],"collection":[{"href":"https:\/\/iha-race.com\/de\/wp-json\/wp\/v2\/product"}],"about":[{"href":"https:\/\/iha-race.com\/de\/wp-json\/wp\/v2\/types\/product"}],"replies":[{"embeddable":true,"href":"https:\/\/iha-race.com\/de\/wp-json\/wp\/v2\/comments?post=207535"}],"version-history":[{"count":2,"href":"https:\/\/iha-race.com\/de\/wp-json\/wp\/v2\/product\/207535\/revisions"}],"predecessor-version":[{"id":250517,"href":"https:\/\/iha-race.com\/de\/wp-json\/wp\/v2\/product\/207535\/revisions\/250517"}],"wp:featuredmedia":[{"embeddable":true,"href":"https:\/\/iha-race.com\/de\/wp-json\/wp\/v2\/media\/207142"}],"wp:attachment":[{"href":"https:\/\/iha-race.com\/de\/wp-json\/wp\/v2\/media?parent=207535"}],"wp:term":[{"taxonomy":"pwb-brand","embeddable":true,"href":"https:\/\/iha-race.com\/de\/wp-json\/wp\/v2\/pwb-brand?post=207535"},{"taxonomy":"product_cat","embeddable":true,"href":"https:\/\/iha-race.com\/de\/wp-json\/wp\/v2\/product_cat?post=207535"},{"taxonomy":"product_tag","embeddable":true,"href":"https:\/\/iha-race.com\/de\/wp-json\/wp\/v2\/product_tag?post=207535"}],"curies":[{"name":"wp","href":"https:\/\/api.w.org\/{rel}","templated":true}]}}