{"id":207534,"date":"2018-07-23T19:18:05","date_gmt":"2018-07-23T17:18:05","guid":{"rendered":"https:\/\/iha-race.com\/producto\/rundkopf-nylonschraube-m3-10-stueck-5-6-8-10-10-12-15-18-20-25-mm\/"},"modified":"2026-03-21T19:45:57","modified_gmt":"2026-03-21T18:45:57","slug":"tornillo-nylon-cabeza-redonda-m3-10-piezas-5-6-8-10-12-15-18-20-25-mm-2","status":"publish","type":"product","link":"https:\/\/iha-race.com\/de\/producto\/tornillo-nylon-cabeza-redonda-m3-10-piezas-5-6-8-10-12-15-18-20-25-mm-2\/","title":{"rendered":"Rundkopf-Nylonschraube M3 (10 St\u00fcck) 5, 6, 8, 10, 10, 12, 15, 18, 20, 25 mm"},"content":{"rendered":"<h2>Rundkopf-Nylonschraube M3 (10 St\u00fcck) 5, 6, 8, 10, 10, 12, 15, 18, 20, 25 mm<\/h2>\n<h3>Das Paket enth\u00e4lt:<\/h3>\n<ul>\n<li>10 x Rundkopf-Nylonschraube M3 (10 St\u00fcck) in den Gr\u00f6\u00dfen: 5, 6, 8, 10, 12, 15, 18, 20, 25 mm<\/li>\n<\/ul>\n<p>&nbsp;<\/p>\n","protected":false},"excerpt":{"rendered":"<p>Rundkopf-Nylonschraube M3 (10 St\u00fcck) 5, 6, 8, 10, 10, 12, 15, 18, 20, 25 mm Das Paket enth\u00e4lt: 10 x Rundkopf-Nylonschraube M3 (10 St\u00fcck) in den Gr\u00f6\u00dfen: 5, 6, 8,<\/p>\n","protected":false},"featured_media":123061,"comment_status":"open","ping_status":"closed","template":"","meta":{"_joinchat":[]},"pwb-brand":[3586],"product_cat":[2513,2634],"product_tag":[],"class_list":{"0":"post-207534","1":"product","2":"type-product","3":"status-publish","4":"has-post-thumbnail","6":"pwb-brand-iha-race","7":"product_cat-zubehor","8":"product_cat--schrauben","10":"first","11":"instock","12":"taxable","13":"shipping-taxable","14":"purchasable","15":"product-type-variable"},"barcode":null,"atum_controlled":true,"out_stock_date":null,"out_stock_threshold":null,"inheritable":true,"stock_on_hold":0,"sold_today":0,"sales_last_days":0,"out_stock_days":0,"lost_sales":0,"update_date":"2026-04-08T10:17:17","atum_locations":[],"atum_stock_status":"instock","restock_status":false,"low_stock_amount":"","sales_update_date":"2026-04-08T10:17:17","calc_backorders":null,"yoast_head":"<!-- This site is optimized with the Yoast SEO plugin v27.3 - https:\/\/yoast.com\/product\/yoast-seo-wordpress\/ -->\n<title>Rundkopf-Nylonschraube M3 (10 St\u00fcck) 5, 6, 8, 10, 10, 12, 15, 18, 20, 25 mm - Iha Race<\/title>\n<meta name=\"robots\" content=\"noindex, follow\" \/>\n<meta property=\"og:locale\" content=\"de_DE\" \/>\n<meta property=\"og:type\" content=\"article\" \/>\n<meta property=\"og:title\" content=\"Rundkopf-Nylonschraube M3 (10 St\u00fcck) 5, 6, 8, 10, 10, 12, 15, 18, 20, 25 mm - Iha Race\" \/>\n<meta property=\"og:description\" content=\"Rundkopf-Nylonschraube M3 (10 St\u00fcck) 5, 6, 8, 10, 10, 12, 15, 18, 20, 25 mm Das Paket enth\u00e4lt: 10 x Rundkopf-Nylonschraube M3 (10 St\u00fcck) in den Gr\u00f6\u00dfen: 5, 6, 8,\" \/>\n<meta property=\"og:url\" content=\"https:\/\/iha-race.com\/de\/producto\/tornillo-nylon-cabeza-redonda-m3-10-piezas-5-6-8-10-12-15-18-20-25-mm-2\/\" \/>\n<meta property=\"og:site_name\" content=\"Iha Race\" \/>\n<meta property=\"article:modified_time\" content=\"2026-03-21T18:45:57+00:00\" \/>\n<meta property=\"og:image\" content=\"https:\/\/iha-race.com\/wp-content\/uploads\/2018\/07\/comprar-tornillo-nylon-m3-cabeza-redonda-buena-calidad-varias-medidas.jpg\" \/>\n\t<meta property=\"og:image:width\" content=\"800\" \/>\n\t<meta property=\"og:image:height\" content=\"800\" \/>\n\t<meta property=\"og:image:type\" content=\"image\/jpeg\" \/>\n<meta name=\"twitter:card\" content=\"summary_large_image\" \/>\n<script type=\"application\/ld+json\" class=\"yoast-schema-graph\">{\"@context\":\"https:\\\/\\\/schema.org\",\"@graph\":[{\"@type\":\"WebPage\",\"@id\":\"https:\\\/\\\/iha-race.com\\\/de\\\/producto\\\/tornillo-nylon-cabeza-redonda-m3-10-piezas-5-6-8-10-12-15-18-20-25-mm-2\\\/\",\"url\":\"https:\\\/\\\/iha-race.com\\\/de\\\/producto\\\/tornillo-nylon-cabeza-redonda-m3-10-piezas-5-6-8-10-12-15-18-20-25-mm-2\\\/\",\"name\":\"Rundkopf-Nylonschraube M3 (10 St\u00fcck) 5, 6, 8, 10, 10, 12, 15, 18, 20, 25 mm - Iha Race\",\"isPartOf\":{\"@id\":\"https:\\\/\\\/iha-race.com\\\/de\\\/#website\"},\"primaryImageOfPage\":{\"@id\":\"https:\\\/\\\/iha-race.com\\\/de\\\/producto\\\/tornillo-nylon-cabeza-redonda-m3-10-piezas-5-6-8-10-12-15-18-20-25-mm-2\\\/#primaryimage\"},\"image\":{\"@id\":\"https:\\\/\\\/iha-race.com\\\/de\\\/producto\\\/tornillo-nylon-cabeza-redonda-m3-10-piezas-5-6-8-10-12-15-18-20-25-mm-2\\\/#primaryimage\"},\"thumbnailUrl\":\"https:\\\/\\\/iha-race.com\\\/wp-content\\\/uploads\\\/2018\\\/07\\\/comprar-tornillo-nylon-m3-cabeza-redonda-buena-calidad-varias-medidas.jpg\",\"datePublished\":\"2018-07-23T17:18:05+00:00\",\"dateModified\":\"2026-03-21T18:45:57+00:00\",\"breadcrumb\":{\"@id\":\"https:\\\/\\\/iha-race.com\\\/de\\\/producto\\\/tornillo-nylon-cabeza-redonda-m3-10-piezas-5-6-8-10-12-15-18-20-25-mm-2\\\/#breadcrumb\"},\"inLanguage\":\"de\",\"potentialAction\":[{\"@type\":\"ReadAction\",\"target\":[\"https:\\\/\\\/iha-race.com\\\/de\\\/producto\\\/tornillo-nylon-cabeza-redonda-m3-10-piezas-5-6-8-10-12-15-18-20-25-mm-2\\\/\"]}]},{\"@type\":\"ImageObject\",\"inLanguage\":\"de\",\"@id\":\"https:\\\/\\\/iha-race.com\\\/de\\\/producto\\\/tornillo-nylon-cabeza-redonda-m3-10-piezas-5-6-8-10-12-15-18-20-25-mm-2\\\/#primaryimage\",\"url\":\"https:\\\/\\\/iha-race.com\\\/wp-content\\\/uploads\\\/2018\\\/07\\\/comprar-tornillo-nylon-m3-cabeza-redonda-buena-calidad-varias-medidas.jpg\",\"contentUrl\":\"https:\\\/\\\/iha-race.com\\\/wp-content\\\/uploads\\\/2018\\\/07\\\/comprar-tornillo-nylon-m3-cabeza-redonda-buena-calidad-varias-medidas.jpg\",\"width\":800,\"height\":800,\"caption\":\"comprar tornillo nylon m3 cabeza redonda buena calidad varias medidas oportunidad\"},{\"@type\":\"BreadcrumbList\",\"@id\":\"https:\\\/\\\/iha-race.com\\\/de\\\/producto\\\/tornillo-nylon-cabeza-redonda-m3-10-piezas-5-6-8-10-12-15-18-20-25-mm-2\\\/#breadcrumb\",\"itemListElement\":[{\"@type\":\"ListItem\",\"position\":1,\"name\":\"Portada\",\"item\":\"https:\\\/\\\/iha-race.com\\\/de\\\/elementor-499\\\/\"},{\"@type\":\"ListItem\",\"position\":2,\"name\":\"Shop\",\"item\":\"https:\\\/\\\/iha-race.com\\\/de\\\/shop\\\/\"},{\"@type\":\"ListItem\",\"position\":3,\"name\":\"Rundkopf-Nylonschraube M3 (10 St\u00fcck) 5, 6, 8, 10, 10, 12, 15, 18, 20, 25 mm\"}]},{\"@type\":\"WebSite\",\"@id\":\"https:\\\/\\\/iha-race.com\\\/de\\\/#website\",\"url\":\"https:\\\/\\\/iha-race.com\\\/de\\\/\",\"name\":\"Iha Race\",\"description\":\"Comprar drones de carreras FPV env\u00edos en un d\u00eda desde Espa\u00f1a\",\"publisher\":{\"@id\":\"https:\\\/\\\/iha-race.com\\\/de\\\/#organization\"},\"potentialAction\":[{\"@type\":\"SearchAction\",\"target\":{\"@type\":\"EntryPoint\",\"urlTemplate\":\"https:\\\/\\\/iha-race.com\\\/de\\\/?s={search_term_string}\"},\"query-input\":{\"@type\":\"PropertyValueSpecification\",\"valueRequired\":true,\"valueName\":\"search_term_string\"}}],\"inLanguage\":\"de\"},{\"@type\":\"Organization\",\"@id\":\"https:\\\/\\\/iha-race.com\\\/de\\\/#organization\",\"name\":\"Iha Race\",\"url\":\"https:\\\/\\\/iha-race.com\\\/de\\\/\",\"logo\":{\"@type\":\"ImageObject\",\"inLanguage\":\"de\",\"@id\":\"https:\\\/\\\/iha-race.com\\\/de\\\/#\\\/schema\\\/logo\\\/image\\\/\",\"url\":\"https:\\\/\\\/iha-race.com\\\/wp-content\\\/uploads\\\/2018\\\/07\\\/iha-race-drones-de-carreras-tienda-comprar-drones.png\",\"contentUrl\":\"https:\\\/\\\/iha-race.com\\\/wp-content\\\/uploads\\\/2018\\\/07\\\/iha-race-drones-de-carreras-tienda-comprar-drones.png\",\"width\":300,\"height\":100,\"caption\":\"Iha Race\"},\"image\":{\"@id\":\"https:\\\/\\\/iha-race.com\\\/de\\\/#\\\/schema\\\/logo\\\/image\\\/\"}}]}<\/script>\n<!-- \/ Yoast SEO plugin. -->","yoast_head_json":{"title":"Rundkopf-Nylonschraube M3 (10 St\u00fcck) 5, 6, 8, 10, 10, 12, 15, 18, 20, 25 mm - Iha Race","robots":{"index":"noindex","follow":"follow"},"og_locale":"de_DE","og_type":"article","og_title":"Rundkopf-Nylonschraube M3 (10 St\u00fcck) 5, 6, 8, 10, 10, 12, 15, 18, 20, 25 mm - Iha Race","og_description":"Rundkopf-Nylonschraube M3 (10 St\u00fcck) 5, 6, 8, 10, 10, 12, 15, 18, 20, 25 mm Das Paket enth\u00e4lt: 10 x Rundkopf-Nylonschraube M3 (10 St\u00fcck) in den Gr\u00f6\u00dfen: 5, 6, 8,","og_url":"https:\/\/iha-race.com\/de\/producto\/tornillo-nylon-cabeza-redonda-m3-10-piezas-5-6-8-10-12-15-18-20-25-mm-2\/","og_site_name":"Iha Race","article_modified_time":"2026-03-21T18:45:57+00:00","og_image":[{"width":800,"height":800,"url":"https:\/\/iha-race.com\/wp-content\/uploads\/2018\/07\/comprar-tornillo-nylon-m3-cabeza-redonda-buena-calidad-varias-medidas.jpg","type":"image\/jpeg"}],"twitter_card":"summary_large_image","schema":{"@context":"https:\/\/schema.org","@graph":[{"@type":"WebPage","@id":"https:\/\/iha-race.com\/de\/producto\/tornillo-nylon-cabeza-redonda-m3-10-piezas-5-6-8-10-12-15-18-20-25-mm-2\/","url":"https:\/\/iha-race.com\/de\/producto\/tornillo-nylon-cabeza-redonda-m3-10-piezas-5-6-8-10-12-15-18-20-25-mm-2\/","name":"Rundkopf-Nylonschraube M3 (10 St\u00fcck) 5, 6, 8, 10, 10, 12, 15, 18, 20, 25 mm - Iha Race","isPartOf":{"@id":"https:\/\/iha-race.com\/de\/#website"},"primaryImageOfPage":{"@id":"https:\/\/iha-race.com\/de\/producto\/tornillo-nylon-cabeza-redonda-m3-10-piezas-5-6-8-10-12-15-18-20-25-mm-2\/#primaryimage"},"image":{"@id":"https:\/\/iha-race.com\/de\/producto\/tornillo-nylon-cabeza-redonda-m3-10-piezas-5-6-8-10-12-15-18-20-25-mm-2\/#primaryimage"},"thumbnailUrl":"https:\/\/iha-race.com\/wp-content\/uploads\/2018\/07\/comprar-tornillo-nylon-m3-cabeza-redonda-buena-calidad-varias-medidas.jpg","datePublished":"2018-07-23T17:18:05+00:00","dateModified":"2026-03-21T18:45:57+00:00","breadcrumb":{"@id":"https:\/\/iha-race.com\/de\/producto\/tornillo-nylon-cabeza-redonda-m3-10-piezas-5-6-8-10-12-15-18-20-25-mm-2\/#breadcrumb"},"inLanguage":"de","potentialAction":[{"@type":"ReadAction","target":["https:\/\/iha-race.com\/de\/producto\/tornillo-nylon-cabeza-redonda-m3-10-piezas-5-6-8-10-12-15-18-20-25-mm-2\/"]}]},{"@type":"ImageObject","inLanguage":"de","@id":"https:\/\/iha-race.com\/de\/producto\/tornillo-nylon-cabeza-redonda-m3-10-piezas-5-6-8-10-12-15-18-20-25-mm-2\/#primaryimage","url":"https:\/\/iha-race.com\/wp-content\/uploads\/2018\/07\/comprar-tornillo-nylon-m3-cabeza-redonda-buena-calidad-varias-medidas.jpg","contentUrl":"https:\/\/iha-race.com\/wp-content\/uploads\/2018\/07\/comprar-tornillo-nylon-m3-cabeza-redonda-buena-calidad-varias-medidas.jpg","width":800,"height":800,"caption":"comprar tornillo nylon m3 cabeza redonda buena calidad varias medidas oportunidad"},{"@type":"BreadcrumbList","@id":"https:\/\/iha-race.com\/de\/producto\/tornillo-nylon-cabeza-redonda-m3-10-piezas-5-6-8-10-12-15-18-20-25-mm-2\/#breadcrumb","itemListElement":[{"@type":"ListItem","position":1,"name":"Portada","item":"https:\/\/iha-race.com\/de\/elementor-499\/"},{"@type":"ListItem","position":2,"name":"Shop","item":"https:\/\/iha-race.com\/de\/shop\/"},{"@type":"ListItem","position":3,"name":"Rundkopf-Nylonschraube M3 (10 St\u00fcck) 5, 6, 8, 10, 10, 12, 15, 18, 20, 25 mm"}]},{"@type":"WebSite","@id":"https:\/\/iha-race.com\/de\/#website","url":"https:\/\/iha-race.com\/de\/","name":"Iha Race","description":"Comprar drones de carreras FPV env\u00edos en un d\u00eda desde Espa\u00f1a","publisher":{"@id":"https:\/\/iha-race.com\/de\/#organization"},"potentialAction":[{"@type":"SearchAction","target":{"@type":"EntryPoint","urlTemplate":"https:\/\/iha-race.com\/de\/?s={search_term_string}"},"query-input":{"@type":"PropertyValueSpecification","valueRequired":true,"valueName":"search_term_string"}}],"inLanguage":"de"},{"@type":"Organization","@id":"https:\/\/iha-race.com\/de\/#organization","name":"Iha Race","url":"https:\/\/iha-race.com\/de\/","logo":{"@type":"ImageObject","inLanguage":"de","@id":"https:\/\/iha-race.com\/de\/#\/schema\/logo\/image\/","url":"https:\/\/iha-race.com\/wp-content\/uploads\/2018\/07\/iha-race-drones-de-carreras-tienda-comprar-drones.png","contentUrl":"https:\/\/iha-race.com\/wp-content\/uploads\/2018\/07\/iha-race-drones-de-carreras-tienda-comprar-drones.png","width":300,"height":100,"caption":"Iha Race"},"image":{"@id":"https:\/\/iha-race.com\/de\/#\/schema\/logo\/image\/"}}]}},"jetpack_sharing_enabled":true,"brands":[{"id":3586,"name":"IHA Race","slug":"iha-race"}],"_links":{"self":[{"href":"https:\/\/iha-race.com\/de\/wp-json\/wp\/v2\/product\/207534","targetHints":{"allow":["GET"]}}],"collection":[{"href":"https:\/\/iha-race.com\/de\/wp-json\/wp\/v2\/product"}],"about":[{"href":"https:\/\/iha-race.com\/de\/wp-json\/wp\/v2\/types\/product"}],"replies":[{"embeddable":true,"href":"https:\/\/iha-race.com\/de\/wp-json\/wp\/v2\/comments?post=207534"}],"version-history":[{"count":1,"href":"https:\/\/iha-race.com\/de\/wp-json\/wp\/v2\/product\/207534\/revisions"}],"predecessor-version":[{"id":250522,"href":"https:\/\/iha-race.com\/de\/wp-json\/wp\/v2\/product\/207534\/revisions\/250522"}],"wp:featuredmedia":[{"embeddable":true,"href":"https:\/\/iha-race.com\/de\/wp-json\/wp\/v2\/media\/123061"}],"wp:attachment":[{"href":"https:\/\/iha-race.com\/de\/wp-json\/wp\/v2\/media?parent=207534"}],"wp:term":[{"taxonomy":"pwb-brand","embeddable":true,"href":"https:\/\/iha-race.com\/de\/wp-json\/wp\/v2\/pwb-brand?post=207534"},{"taxonomy":"product_cat","embeddable":true,"href":"https:\/\/iha-race.com\/de\/wp-json\/wp\/v2\/product_cat?post=207534"},{"taxonomy":"product_tag","embeddable":true,"href":"https:\/\/iha-race.com\/de\/wp-json\/wp\/v2\/product_tag?post=207534"}],"curies":[{"name":"wp","href":"https:\/\/api.w.org\/{rel}","templated":true}]}}