{"id":207533,"date":"2018-07-23T18:37:46","date_gmt":"2018-07-23T16:37:46","guid":{"rendered":"https:\/\/iha-race.com\/producto\/distanzsaeulen-unterlegscheiben-nylonmuttern-m3-kit-200-st\/"},"modified":"2024-08-29T16:39:20","modified_gmt":"2024-08-29T14:39:20","slug":"satz-saulen-separator-schraubenmuttern-nylon-muttern-m3-180-stuck-oder-300-stuck","status":"publish","type":"product","link":"https:\/\/iha-race.com\/de\/producto\/satz-saulen-separator-schraubenmuttern-nylon-muttern-m3-180-stuck-oder-300-stuck\/","title":{"rendered":"Distanzs\u00e4ulen\/Schrauben\/Nylonmuttern M3 Kit (180 Stk. oder 300 Stk.)"},"content":{"rendered":"<h2>Distanzs\u00e4ulen\/Schrauben\/Nylonmuttern M3 Kit (180 Stk. oder 300 Stk.)<\/h2>\n<h4><strong>Merkmale:<\/strong><\/h4>\n<ul>\n<li>Neu und von hoher Qualit\u00e4t<\/li>\n<li>Typenspezifikation: Nylon von ausgezeichneter Qualit\u00e4t<\/li>\n<li>Verpackt in einer Plastikbox<\/li>\n<\/ul>\n<h4><strong>Das Paket enth\u00e4lt (180 St\u00fcck):<\/strong><\/h4>\n<ul>\n<li>Kolumnen\n<ul>\n<li>10 x Distanzs\u00e4ule M3 6mm<\/li>\n<li>10 x Distanzs\u00e4ule M3 8mm<\/li>\n<li>10 x Distanzs\u00e4ule M3 10mm<\/li>\n<li>10 x Distanzs\u00e4ule M3 12mm<\/li>\n<li>10X Distanzs\u00e4ule M3 15mm<\/li>\n<li>10X Distanzs\u00e4ule M3 20mm<\/li>\n<\/ul>\n<\/li>\n<li>60 x Muttern M3 Nylon<\/li>\n<li>60 xSchrauben M3 Nylon (1mm)<\/li>\n<\/ul>\n<h4><strong>Das Paket enth\u00e4lt (300 St\u00fcck):<\/strong><\/h4>\n<p>&nbsp;<\/p>\n<ul>\n<li>Kolumnen\n<ul>\n<li>20 x Distanzs\u00e4ule M3 6mm<\/li>\n<li>20 x Distanzs\u00e4ule M3 8mm<\/li>\n<li>20 x Distanzs\u00e4ule M3 10mm<\/li>\n<li>10 x Distanzs\u00e4ule M3 12mm<\/li>\n<li>\n<\/li>\n<\/ul>\n<\/li>\n<li>20 x Distanzs\u00e4ule M3 6mm + 6<\/li>\n<li>20 x Distanzs\u00e4ule M3 8mm +6<\/li>\n<li>20 x Distanzs\u00e4ule M3 10mm +6<\/li>\n<li>10 x Distanzs\u00e4ule M3 12mm +6<\/li>\n<\/ul>\n<ul>\n<li>80 x Muttern M3 Nylon<\/li>\n<li>80 xSchrauben M3 Nylon (1mm)<\/li>\n<\/ul>\n<h4><\/h4>\n","protected":false},"excerpt":{"rendered":"<p>Distanzs\u00e4ulen\/Schrauben\/Nylonmuttern M3 Kit (180 Stk. oder 300 Stk.) Merkmale: Neu und von hoher Qualit\u00e4t Typenspezifikation: Nylon von ausgezeichneter Qualit\u00e4t Verpackt in einer Plastikbox Das Paket enth\u00e4lt (180 St\u00fcck): Kolumnen 10<\/p>\n","protected":false},"featured_media":124987,"comment_status":"open","ping_status":"closed","template":"","meta":{"_joinchat":[]},"pwb-brand":[],"product_cat":[2675,2513,2634],"product_tag":[],"class_list":{"0":"post-207533","1":"product","2":"type-product","3":"status-publish","4":"has-post-thumbnail","6":"product_cat-trennungsspalten","7":"product_cat-zubehor","8":"product_cat--schrauben","10":"first","11":"instock","12":"taxable","13":"shipping-taxable","14":"purchasable","15":"product-type-variable"},"barcode":null,"atum_controlled":true,"out_stock_date":null,"out_stock_threshold":null,"inheritable":true,"stock_on_hold":0,"sold_today":0,"sales_last_days":1,"out_stock_days":0,"lost_sales":0,"update_date":"2026-04-16T08:17:09","atum_locations":[],"atum_stock_status":"instock","restock_status":false,"low_stock_amount":"","sales_update_date":"2026-04-16T08:17:09","calc_backorders":null,"yoast_head":"<!-- This site is optimized with the Yoast SEO plugin v27.3 - https:\/\/yoast.com\/product\/yoast-seo-wordpress\/ -->\n<title>Distanzs\u00e4ulen\/Schrauben\/Nylonmuttern M3 Kit (180 Stk. oder 300 Stk.) - Iha Race<\/title>\n<meta name=\"robots\" content=\"noindex, follow\" \/>\n<meta property=\"og:locale\" content=\"de_DE\" \/>\n<meta property=\"og:type\" content=\"article\" \/>\n<meta property=\"og:title\" content=\"Distanzs\u00e4ulen\/Schrauben\/Nylonmuttern M3 Kit (180 Stk. oder 300 Stk.) - Iha Race\" \/>\n<meta property=\"og:description\" content=\"Distanzs\u00e4ulen\/Schrauben\/Nylonmuttern M3 Kit (180 Stk. oder 300 Stk.) Merkmale: Neu und von hoher Qualit\u00e4t Typenspezifikation: Nylon von ausgezeichneter Qualit\u00e4t Verpackt in einer Plastikbox Das Paket enth\u00e4lt (180 St\u00fcck): Kolumnen 10\" \/>\n<meta property=\"og:url\" content=\"https:\/\/iha-race.com\/de\/producto\/satz-saulen-separator-schraubenmuttern-nylon-muttern-m3-180-stuck-oder-300-stuck\/\" \/>\n<meta property=\"og:site_name\" content=\"Iha Race\" \/>\n<meta property=\"article:modified_time\" content=\"2024-08-29T14:39:20+00:00\" \/>\n<meta property=\"og:image\" content=\"https:\/\/iha-race.com\/wp-content\/uploads\/2018\/07\/separadores-nylon-m3-surtido-300-piezas-1.jpg\" \/>\n\t<meta property=\"og:image:width\" content=\"800\" \/>\n\t<meta property=\"og:image:height\" content=\"800\" \/>\n\t<meta property=\"og:image:type\" content=\"image\/jpeg\" \/>\n<meta name=\"twitter:card\" content=\"summary_large_image\" \/>\n<meta name=\"twitter:label1\" content=\"Gesch\u00e4tzte Lesezeit\" \/>\n\t<meta name=\"twitter:data1\" content=\"1\u00a0Minute\" \/>\n<script type=\"application\/ld+json\" class=\"yoast-schema-graph\">{\"@context\":\"https:\\\/\\\/schema.org\",\"@graph\":[{\"@type\":\"WebPage\",\"@id\":\"https:\\\/\\\/iha-race.com\\\/de\\\/producto\\\/satz-saulen-separator-schraubenmuttern-nylon-muttern-m3-180-stuck-oder-300-stuck\\\/\",\"url\":\"https:\\\/\\\/iha-race.com\\\/de\\\/producto\\\/satz-saulen-separator-schraubenmuttern-nylon-muttern-m3-180-stuck-oder-300-stuck\\\/\",\"name\":\"Distanzs\u00e4ulen\\\/Schrauben\\\/Nylonmuttern M3 Kit (180 Stk. oder 300 Stk.) - Iha Race\",\"isPartOf\":{\"@id\":\"https:\\\/\\\/iha-race.com\\\/de\\\/#website\"},\"primaryImageOfPage\":{\"@id\":\"https:\\\/\\\/iha-race.com\\\/de\\\/producto\\\/satz-saulen-separator-schraubenmuttern-nylon-muttern-m3-180-stuck-oder-300-stuck\\\/#primaryimage\"},\"image\":{\"@id\":\"https:\\\/\\\/iha-race.com\\\/de\\\/producto\\\/satz-saulen-separator-schraubenmuttern-nylon-muttern-m3-180-stuck-oder-300-stuck\\\/#primaryimage\"},\"thumbnailUrl\":\"https:\\\/\\\/iha-race.com\\\/wp-content\\\/uploads\\\/2018\\\/07\\\/separadores-nylon-m3-surtido-300-piezas-1.jpg\",\"datePublished\":\"2018-07-23T16:37:46+00:00\",\"dateModified\":\"2024-08-29T14:39:20+00:00\",\"breadcrumb\":{\"@id\":\"https:\\\/\\\/iha-race.com\\\/de\\\/producto\\\/satz-saulen-separator-schraubenmuttern-nylon-muttern-m3-180-stuck-oder-300-stuck\\\/#breadcrumb\"},\"inLanguage\":\"de\",\"potentialAction\":[{\"@type\":\"ReadAction\",\"target\":[\"https:\\\/\\\/iha-race.com\\\/de\\\/producto\\\/satz-saulen-separator-schraubenmuttern-nylon-muttern-m3-180-stuck-oder-300-stuck\\\/\"]}]},{\"@type\":\"ImageObject\",\"inLanguage\":\"de\",\"@id\":\"https:\\\/\\\/iha-race.com\\\/de\\\/producto\\\/satz-saulen-separator-schraubenmuttern-nylon-muttern-m3-180-stuck-oder-300-stuck\\\/#primaryimage\",\"url\":\"https:\\\/\\\/iha-race.com\\\/wp-content\\\/uploads\\\/2018\\\/07\\\/separadores-nylon-m3-surtido-300-piezas-1.jpg\",\"contentUrl\":\"https:\\\/\\\/iha-race.com\\\/wp-content\\\/uploads\\\/2018\\\/07\\\/separadores-nylon-m3-surtido-300-piezas-1.jpg\",\"width\":800,\"height\":800},{\"@type\":\"BreadcrumbList\",\"@id\":\"https:\\\/\\\/iha-race.com\\\/de\\\/producto\\\/satz-saulen-separator-schraubenmuttern-nylon-muttern-m3-180-stuck-oder-300-stuck\\\/#breadcrumb\",\"itemListElement\":[{\"@type\":\"ListItem\",\"position\":1,\"name\":\"Portada\",\"item\":\"https:\\\/\\\/iha-race.com\\\/de\\\/elementor-499\\\/\"},{\"@type\":\"ListItem\",\"position\":2,\"name\":\"Shop\",\"item\":\"https:\\\/\\\/iha-race.com\\\/de\\\/shop\\\/\"},{\"@type\":\"ListItem\",\"position\":3,\"name\":\"Distanzs\u00e4ulen\\\/Schrauben\\\/Nylonmuttern M3 Kit (180 Stk. oder 300 Stk.)\"}]},{\"@type\":\"WebSite\",\"@id\":\"https:\\\/\\\/iha-race.com\\\/de\\\/#website\",\"url\":\"https:\\\/\\\/iha-race.com\\\/de\\\/\",\"name\":\"Iha Race\",\"description\":\"Comprar drones de carreras FPV env\u00edos en un d\u00eda desde Espa\u00f1a\",\"publisher\":{\"@id\":\"https:\\\/\\\/iha-race.com\\\/de\\\/#organization\"},\"potentialAction\":[{\"@type\":\"SearchAction\",\"target\":{\"@type\":\"EntryPoint\",\"urlTemplate\":\"https:\\\/\\\/iha-race.com\\\/de\\\/?s={search_term_string}\"},\"query-input\":{\"@type\":\"PropertyValueSpecification\",\"valueRequired\":true,\"valueName\":\"search_term_string\"}}],\"inLanguage\":\"de\"},{\"@type\":\"Organization\",\"@id\":\"https:\\\/\\\/iha-race.com\\\/de\\\/#organization\",\"name\":\"Iha Race\",\"url\":\"https:\\\/\\\/iha-race.com\\\/de\\\/\",\"logo\":{\"@type\":\"ImageObject\",\"inLanguage\":\"de\",\"@id\":\"https:\\\/\\\/iha-race.com\\\/de\\\/#\\\/schema\\\/logo\\\/image\\\/\",\"url\":\"https:\\\/\\\/iha-race.com\\\/wp-content\\\/uploads\\\/2018\\\/07\\\/iha-race-drones-de-carreras-tienda-comprar-drones.png\",\"contentUrl\":\"https:\\\/\\\/iha-race.com\\\/wp-content\\\/uploads\\\/2018\\\/07\\\/iha-race-drones-de-carreras-tienda-comprar-drones.png\",\"width\":300,\"height\":100,\"caption\":\"Iha Race\"},\"image\":{\"@id\":\"https:\\\/\\\/iha-race.com\\\/de\\\/#\\\/schema\\\/logo\\\/image\\\/\"}}]}<\/script>\n<!-- \/ Yoast SEO plugin. -->","yoast_head_json":{"title":"Distanzs\u00e4ulen\/Schrauben\/Nylonmuttern M3 Kit (180 Stk. oder 300 Stk.) - Iha Race","robots":{"index":"noindex","follow":"follow"},"og_locale":"de_DE","og_type":"article","og_title":"Distanzs\u00e4ulen\/Schrauben\/Nylonmuttern M3 Kit (180 Stk. oder 300 Stk.) - Iha Race","og_description":"Distanzs\u00e4ulen\/Schrauben\/Nylonmuttern M3 Kit (180 Stk. oder 300 Stk.) Merkmale: Neu und von hoher Qualit\u00e4t Typenspezifikation: Nylon von ausgezeichneter Qualit\u00e4t Verpackt in einer Plastikbox Das Paket enth\u00e4lt (180 St\u00fcck): Kolumnen 10","og_url":"https:\/\/iha-race.com\/de\/producto\/satz-saulen-separator-schraubenmuttern-nylon-muttern-m3-180-stuck-oder-300-stuck\/","og_site_name":"Iha Race","article_modified_time":"2024-08-29T14:39:20+00:00","og_image":[{"width":800,"height":800,"url":"https:\/\/iha-race.com\/wp-content\/uploads\/2018\/07\/separadores-nylon-m3-surtido-300-piezas-1.jpg","type":"image\/jpeg"}],"twitter_card":"summary_large_image","twitter_misc":{"Gesch\u00e4tzte Lesezeit":"1\u00a0Minute"},"schema":{"@context":"https:\/\/schema.org","@graph":[{"@type":"WebPage","@id":"https:\/\/iha-race.com\/de\/producto\/satz-saulen-separator-schraubenmuttern-nylon-muttern-m3-180-stuck-oder-300-stuck\/","url":"https:\/\/iha-race.com\/de\/producto\/satz-saulen-separator-schraubenmuttern-nylon-muttern-m3-180-stuck-oder-300-stuck\/","name":"Distanzs\u00e4ulen\/Schrauben\/Nylonmuttern M3 Kit (180 Stk. oder 300 Stk.) - Iha Race","isPartOf":{"@id":"https:\/\/iha-race.com\/de\/#website"},"primaryImageOfPage":{"@id":"https:\/\/iha-race.com\/de\/producto\/satz-saulen-separator-schraubenmuttern-nylon-muttern-m3-180-stuck-oder-300-stuck\/#primaryimage"},"image":{"@id":"https:\/\/iha-race.com\/de\/producto\/satz-saulen-separator-schraubenmuttern-nylon-muttern-m3-180-stuck-oder-300-stuck\/#primaryimage"},"thumbnailUrl":"https:\/\/iha-race.com\/wp-content\/uploads\/2018\/07\/separadores-nylon-m3-surtido-300-piezas-1.jpg","datePublished":"2018-07-23T16:37:46+00:00","dateModified":"2024-08-29T14:39:20+00:00","breadcrumb":{"@id":"https:\/\/iha-race.com\/de\/producto\/satz-saulen-separator-schraubenmuttern-nylon-muttern-m3-180-stuck-oder-300-stuck\/#breadcrumb"},"inLanguage":"de","potentialAction":[{"@type":"ReadAction","target":["https:\/\/iha-race.com\/de\/producto\/satz-saulen-separator-schraubenmuttern-nylon-muttern-m3-180-stuck-oder-300-stuck\/"]}]},{"@type":"ImageObject","inLanguage":"de","@id":"https:\/\/iha-race.com\/de\/producto\/satz-saulen-separator-schraubenmuttern-nylon-muttern-m3-180-stuck-oder-300-stuck\/#primaryimage","url":"https:\/\/iha-race.com\/wp-content\/uploads\/2018\/07\/separadores-nylon-m3-surtido-300-piezas-1.jpg","contentUrl":"https:\/\/iha-race.com\/wp-content\/uploads\/2018\/07\/separadores-nylon-m3-surtido-300-piezas-1.jpg","width":800,"height":800},{"@type":"BreadcrumbList","@id":"https:\/\/iha-race.com\/de\/producto\/satz-saulen-separator-schraubenmuttern-nylon-muttern-m3-180-stuck-oder-300-stuck\/#breadcrumb","itemListElement":[{"@type":"ListItem","position":1,"name":"Portada","item":"https:\/\/iha-race.com\/de\/elementor-499\/"},{"@type":"ListItem","position":2,"name":"Shop","item":"https:\/\/iha-race.com\/de\/shop\/"},{"@type":"ListItem","position":3,"name":"Distanzs\u00e4ulen\/Schrauben\/Nylonmuttern M3 Kit (180 Stk. oder 300 Stk.)"}]},{"@type":"WebSite","@id":"https:\/\/iha-race.com\/de\/#website","url":"https:\/\/iha-race.com\/de\/","name":"Iha Race","description":"Comprar drones de carreras FPV env\u00edos en un d\u00eda desde Espa\u00f1a","publisher":{"@id":"https:\/\/iha-race.com\/de\/#organization"},"potentialAction":[{"@type":"SearchAction","target":{"@type":"EntryPoint","urlTemplate":"https:\/\/iha-race.com\/de\/?s={search_term_string}"},"query-input":{"@type":"PropertyValueSpecification","valueRequired":true,"valueName":"search_term_string"}}],"inLanguage":"de"},{"@type":"Organization","@id":"https:\/\/iha-race.com\/de\/#organization","name":"Iha Race","url":"https:\/\/iha-race.com\/de\/","logo":{"@type":"ImageObject","inLanguage":"de","@id":"https:\/\/iha-race.com\/de\/#\/schema\/logo\/image\/","url":"https:\/\/iha-race.com\/wp-content\/uploads\/2018\/07\/iha-race-drones-de-carreras-tienda-comprar-drones.png","contentUrl":"https:\/\/iha-race.com\/wp-content\/uploads\/2018\/07\/iha-race-drones-de-carreras-tienda-comprar-drones.png","width":300,"height":100,"caption":"Iha Race"},"image":{"@id":"https:\/\/iha-race.com\/de\/#\/schema\/logo\/image\/"}}]}},"jetpack_sharing_enabled":true,"brands":[],"_links":{"self":[{"href":"https:\/\/iha-race.com\/de\/wp-json\/wp\/v2\/product\/207533","targetHints":{"allow":["GET"]}}],"collection":[{"href":"https:\/\/iha-race.com\/de\/wp-json\/wp\/v2\/product"}],"about":[{"href":"https:\/\/iha-race.com\/de\/wp-json\/wp\/v2\/types\/product"}],"replies":[{"embeddable":true,"href":"https:\/\/iha-race.com\/de\/wp-json\/wp\/v2\/comments?post=207533"}],"version-history":[{"count":2,"href":"https:\/\/iha-race.com\/de\/wp-json\/wp\/v2\/product\/207533\/revisions"}],"predecessor-version":[{"id":250531,"href":"https:\/\/iha-race.com\/de\/wp-json\/wp\/v2\/product\/207533\/revisions\/250531"}],"wp:featuredmedia":[{"embeddable":true,"href":"https:\/\/iha-race.com\/de\/wp-json\/wp\/v2\/media\/124987"}],"wp:attachment":[{"href":"https:\/\/iha-race.com\/de\/wp-json\/wp\/v2\/media?parent=207533"}],"wp:term":[{"taxonomy":"pwb-brand","embeddable":true,"href":"https:\/\/iha-race.com\/de\/wp-json\/wp\/v2\/pwb-brand?post=207533"},{"taxonomy":"product_cat","embeddable":true,"href":"https:\/\/iha-race.com\/de\/wp-json\/wp\/v2\/product_cat?post=207533"},{"taxonomy":"product_tag","embeddable":true,"href":"https:\/\/iha-race.com\/de\/wp-json\/wp\/v2\/product_tag?post=207533"}],"curies":[{"name":"wp","href":"https:\/\/api.w.org\/{rel}","templated":true}]}}