{"id":207526,"date":"2018-07-23T07:58:13","date_gmt":"2018-07-23T05:58:13","guid":{"rendered":"https:\/\/iha-race.com\/producto\/emax-9g-servo-es08e-analog\/"},"modified":"2024-08-29T16:42:33","modified_gmt":"2024-08-29T14:42:33","slug":"servo-emax-de-9g-es08e-analog","status":"publish","type":"product","link":"https:\/\/iha-race.com\/de\/producto\/servo-emax-de-9g-es08e-analog\/","title":{"rendered":"Emax 9g Servo ES08E Analog"},"content":{"rendered":"<h3>Emax 9g Servo ES08E Analog<\/h3>\n<p>  EMX-SV-0304, kleines Servo f\u00fcr Starrfl\u00fcgler  <\/p>\n<h3><\/h3>\n<h3 class=\"elementor-headline elementor-headline-animation-type-slide-down\" style=\"text-align: center;\"><span class=\"elementor-headline-plain-text elementor-headline-text-wrapper\">Alle Informationen, die Sie brauchen, um<\/span> <span class=\"elementor-headline-dynamic-wrapper elementor-headline-text-wrapper\"><span class=\"elementor-headline-dynamic-text elementor-headline-text-inactive\">verbinden, <\/span><span class=\"elementor-headline-dynamic-text elementor-headline-text-inactive\">konfigurieren, <\/span><span class=\"elementor-headline-dynamic-text elementor-headline-text-active\">einzustellen und <\/span><span class=\"elementor-headline-dynamic-text elementor-headline-text-inactive\">fliegen<\/span><\/span> <span class=\"elementor-headline-plain-text elementor-headline-text-wrapper\">Ihren ferngesteuerten Fl\u00fcgel finden Sie unter <a href=\"https:\/\/www.rcwings.es\/\" target=\"_blank\" rel=\"noopener noreferrer\"><img decoding=\"async\" class=\"aligncenter wp-image-7087 size-full\" src=\"https:\/\/iha-race.com\/wp-content\/uploads\/2018\/07\/rcwings.png\" alt=\"RCWings\" width=\"30%\" srcset=\"https:\/\/iha-race.com\/wp-content\/uploads\/2018\/07\/rcwings.png 986w, https:\/\/iha-race.com\/wp-content\/uploads\/2018\/07\/rcwings-597x132.png 597w, https:\/\/iha-race.com\/wp-content\/uploads\/2018\/07\/rcwings-300x66.png 300w, https:\/\/iha-race.com\/wp-content\/uploads\/2018\/07\/rcwings-764x169.png 764w, https:\/\/iha-race.com\/wp-content\/uploads\/2018\/07\/rcwings-1024x226.png 1024w, https:\/\/iha-race.com\/wp-content\/uploads\/2018\/07\/rcwings-788x174.png 788w\" sizes=\"(max-width: 986px) 100vw, 986px\" \/><\/a><\/span> <\/h3>\n<p>&nbsp;<\/p>\n<div id=\"stylebot\" style=\"top: 0; height: 100%; position: fixed; z-index: 100000000; line-height: 20px;\"><\/div>\n","protected":false},"excerpt":{"rendered":"<p>&nbsp;<\/p>\n<div id=\"stylebot\" style=\"top: 0; height: 100%; position: fixed; z-index: 100000000; line-height: 20px;\"><\/div>\n","protected":false},"featured_media":124850,"comment_status":"open","ping_status":"closed","template":"","meta":{"_joinchat":[]},"pwb-brand":[],"product_cat":[2535,2623],"product_tag":[],"class_list":{"0":"post-207526","1":"product","2":"type-product","3":"status-publish","4":"has-post-thumbnail","6":"product_cat-fpv-elektronik-und-zubehor","7":"product_cat-servos-de","9":"first","10":"instock","11":"taxable","12":"shipping-taxable","13":"purchasable","14":"product-type-simple"},"barcode":null,"atum_controlled":true,"out_stock_date":null,"out_stock_threshold":null,"inheritable":false,"stock_on_hold":0,"sold_today":0,"sales_last_days":0,"out_stock_days":0,"lost_sales":0,"update_date":"2026-04-18T23:35:00","atum_locations":[],"atum_stock_status":"instock","restock_status":false,"low_stock_amount":0,"sales_update_date":"2026-04-18T23:35:00","calc_backorders":null,"yoast_head":"<!-- This site is optimized with the Yoast SEO plugin v27.3 - https:\/\/yoast.com\/product\/yoast-seo-wordpress\/ -->\n<title>Emax 9g Servo ES08E Analog - Iha Race<\/title>\n<meta name=\"robots\" content=\"index, follow, max-snippet:-1, max-image-preview:large, max-video-preview:-1\" \/>\n<link rel=\"canonical\" href=\"https:\/\/iha-race.com\/de\/producto\/servo-emax-de-9g-es08e-analog\/\" \/>\n<meta property=\"og:locale\" content=\"de_DE\" \/>\n<meta property=\"og:type\" content=\"article\" \/>\n<meta property=\"og:title\" content=\"Emax 9g Servo ES08E Analog - Iha Race\" \/>\n<meta property=\"og:description\" content=\"&nbsp;\" \/>\n<meta property=\"og:url\" content=\"https:\/\/iha-race.com\/de\/producto\/servo-emax-de-9g-es08e-analog\/\" \/>\n<meta property=\"og:site_name\" content=\"Iha Race\" \/>\n<meta property=\"article:modified_time\" content=\"2024-08-29T14:42:33+00:00\" \/>\n<meta property=\"og:image\" content=\"https:\/\/iha-race.com\/wp-content\/uploads\/2018\/07\/servo-emax-9g-comprar-online-barato-1.jpg\" \/>\n\t<meta property=\"og:image:width\" content=\"800\" \/>\n\t<meta property=\"og:image:height\" content=\"800\" \/>\n\t<meta property=\"og:image:type\" content=\"image\/jpeg\" \/>\n<meta name=\"twitter:card\" content=\"summary_large_image\" \/>\n<script type=\"application\/ld+json\" class=\"yoast-schema-graph\">{\"@context\":\"https:\\\/\\\/schema.org\",\"@graph\":[{\"@type\":\"WebPage\",\"@id\":\"https:\\\/\\\/iha-race.com\\\/de\\\/producto\\\/servo-emax-de-9g-es08e-analog\\\/\",\"url\":\"https:\\\/\\\/iha-race.com\\\/de\\\/producto\\\/servo-emax-de-9g-es08e-analog\\\/\",\"name\":\"Emax 9g Servo ES08E Analog - Iha Race\",\"isPartOf\":{\"@id\":\"https:\\\/\\\/iha-race.com\\\/de\\\/#website\"},\"primaryImageOfPage\":{\"@id\":\"https:\\\/\\\/iha-race.com\\\/de\\\/producto\\\/servo-emax-de-9g-es08e-analog\\\/#primaryimage\"},\"image\":{\"@id\":\"https:\\\/\\\/iha-race.com\\\/de\\\/producto\\\/servo-emax-de-9g-es08e-analog\\\/#primaryimage\"},\"thumbnailUrl\":\"https:\\\/\\\/iha-race.com\\\/wp-content\\\/uploads\\\/2018\\\/07\\\/servo-emax-9g-comprar-online-barato-1.jpg\",\"datePublished\":\"2018-07-23T05:58:13+00:00\",\"dateModified\":\"2024-08-29T14:42:33+00:00\",\"breadcrumb\":{\"@id\":\"https:\\\/\\\/iha-race.com\\\/de\\\/producto\\\/servo-emax-de-9g-es08e-analog\\\/#breadcrumb\"},\"inLanguage\":\"de\",\"potentialAction\":[{\"@type\":\"ReadAction\",\"target\":[\"https:\\\/\\\/iha-race.com\\\/de\\\/producto\\\/servo-emax-de-9g-es08e-analog\\\/\"]}]},{\"@type\":\"ImageObject\",\"inLanguage\":\"de\",\"@id\":\"https:\\\/\\\/iha-race.com\\\/de\\\/producto\\\/servo-emax-de-9g-es08e-analog\\\/#primaryimage\",\"url\":\"https:\\\/\\\/iha-race.com\\\/wp-content\\\/uploads\\\/2018\\\/07\\\/servo-emax-9g-comprar-online-barato-1.jpg\",\"contentUrl\":\"https:\\\/\\\/iha-race.com\\\/wp-content\\\/uploads\\\/2018\\\/07\\\/servo-emax-9g-comprar-online-barato-1.jpg\",\"width\":800,\"height\":800},{\"@type\":\"BreadcrumbList\",\"@id\":\"https:\\\/\\\/iha-race.com\\\/de\\\/producto\\\/servo-emax-de-9g-es08e-analog\\\/#breadcrumb\",\"itemListElement\":[{\"@type\":\"ListItem\",\"position\":1,\"name\":\"Portada\",\"item\":\"https:\\\/\\\/iha-race.com\\\/de\\\/elementor-499\\\/\"},{\"@type\":\"ListItem\",\"position\":2,\"name\":\"Shop\",\"item\":\"https:\\\/\\\/iha-race.com\\\/de\\\/shop\\\/\"},{\"@type\":\"ListItem\",\"position\":3,\"name\":\"Emax 9g Servo ES08E Analog\"}]},{\"@type\":\"WebSite\",\"@id\":\"https:\\\/\\\/iha-race.com\\\/de\\\/#website\",\"url\":\"https:\\\/\\\/iha-race.com\\\/de\\\/\",\"name\":\"Iha Race\",\"description\":\"Comprar drones de carreras FPV env\u00edos en un d\u00eda desde Espa\u00f1a\",\"publisher\":{\"@id\":\"https:\\\/\\\/iha-race.com\\\/de\\\/#organization\"},\"potentialAction\":[{\"@type\":\"SearchAction\",\"target\":{\"@type\":\"EntryPoint\",\"urlTemplate\":\"https:\\\/\\\/iha-race.com\\\/de\\\/?s={search_term_string}\"},\"query-input\":{\"@type\":\"PropertyValueSpecification\",\"valueRequired\":true,\"valueName\":\"search_term_string\"}}],\"inLanguage\":\"de\"},{\"@type\":\"Organization\",\"@id\":\"https:\\\/\\\/iha-race.com\\\/de\\\/#organization\",\"name\":\"Iha Race\",\"url\":\"https:\\\/\\\/iha-race.com\\\/de\\\/\",\"logo\":{\"@type\":\"ImageObject\",\"inLanguage\":\"de\",\"@id\":\"https:\\\/\\\/iha-race.com\\\/de\\\/#\\\/schema\\\/logo\\\/image\\\/\",\"url\":\"https:\\\/\\\/iha-race.com\\\/wp-content\\\/uploads\\\/2018\\\/07\\\/iha-race-drones-de-carreras-tienda-comprar-drones.png\",\"contentUrl\":\"https:\\\/\\\/iha-race.com\\\/wp-content\\\/uploads\\\/2018\\\/07\\\/iha-race-drones-de-carreras-tienda-comprar-drones.png\",\"width\":300,\"height\":100,\"caption\":\"Iha Race\"},\"image\":{\"@id\":\"https:\\\/\\\/iha-race.com\\\/de\\\/#\\\/schema\\\/logo\\\/image\\\/\"}}]}<\/script>\n<!-- \/ Yoast SEO plugin. -->","yoast_head_json":{"title":"Emax 9g Servo ES08E Analog - Iha Race","robots":{"index":"index","follow":"follow","max-snippet":"max-snippet:-1","max-image-preview":"max-image-preview:large","max-video-preview":"max-video-preview:-1"},"canonical":"https:\/\/iha-race.com\/de\/producto\/servo-emax-de-9g-es08e-analog\/","og_locale":"de_DE","og_type":"article","og_title":"Emax 9g Servo ES08E Analog - Iha Race","og_description":"&nbsp;","og_url":"https:\/\/iha-race.com\/de\/producto\/servo-emax-de-9g-es08e-analog\/","og_site_name":"Iha Race","article_modified_time":"2024-08-29T14:42:33+00:00","og_image":[{"width":800,"height":800,"url":"https:\/\/iha-race.com\/wp-content\/uploads\/2018\/07\/servo-emax-9g-comprar-online-barato-1.jpg","type":"image\/jpeg"}],"twitter_card":"summary_large_image","schema":{"@context":"https:\/\/schema.org","@graph":[{"@type":"WebPage","@id":"https:\/\/iha-race.com\/de\/producto\/servo-emax-de-9g-es08e-analog\/","url":"https:\/\/iha-race.com\/de\/producto\/servo-emax-de-9g-es08e-analog\/","name":"Emax 9g Servo ES08E Analog - Iha Race","isPartOf":{"@id":"https:\/\/iha-race.com\/de\/#website"},"primaryImageOfPage":{"@id":"https:\/\/iha-race.com\/de\/producto\/servo-emax-de-9g-es08e-analog\/#primaryimage"},"image":{"@id":"https:\/\/iha-race.com\/de\/producto\/servo-emax-de-9g-es08e-analog\/#primaryimage"},"thumbnailUrl":"https:\/\/iha-race.com\/wp-content\/uploads\/2018\/07\/servo-emax-9g-comprar-online-barato-1.jpg","datePublished":"2018-07-23T05:58:13+00:00","dateModified":"2024-08-29T14:42:33+00:00","breadcrumb":{"@id":"https:\/\/iha-race.com\/de\/producto\/servo-emax-de-9g-es08e-analog\/#breadcrumb"},"inLanguage":"de","potentialAction":[{"@type":"ReadAction","target":["https:\/\/iha-race.com\/de\/producto\/servo-emax-de-9g-es08e-analog\/"]}]},{"@type":"ImageObject","inLanguage":"de","@id":"https:\/\/iha-race.com\/de\/producto\/servo-emax-de-9g-es08e-analog\/#primaryimage","url":"https:\/\/iha-race.com\/wp-content\/uploads\/2018\/07\/servo-emax-9g-comprar-online-barato-1.jpg","contentUrl":"https:\/\/iha-race.com\/wp-content\/uploads\/2018\/07\/servo-emax-9g-comprar-online-barato-1.jpg","width":800,"height":800},{"@type":"BreadcrumbList","@id":"https:\/\/iha-race.com\/de\/producto\/servo-emax-de-9g-es08e-analog\/#breadcrumb","itemListElement":[{"@type":"ListItem","position":1,"name":"Portada","item":"https:\/\/iha-race.com\/de\/elementor-499\/"},{"@type":"ListItem","position":2,"name":"Shop","item":"https:\/\/iha-race.com\/de\/shop\/"},{"@type":"ListItem","position":3,"name":"Emax 9g Servo ES08E Analog"}]},{"@type":"WebSite","@id":"https:\/\/iha-race.com\/de\/#website","url":"https:\/\/iha-race.com\/de\/","name":"Iha Race","description":"Comprar drones de carreras FPV env\u00edos en un d\u00eda desde Espa\u00f1a","publisher":{"@id":"https:\/\/iha-race.com\/de\/#organization"},"potentialAction":[{"@type":"SearchAction","target":{"@type":"EntryPoint","urlTemplate":"https:\/\/iha-race.com\/de\/?s={search_term_string}"},"query-input":{"@type":"PropertyValueSpecification","valueRequired":true,"valueName":"search_term_string"}}],"inLanguage":"de"},{"@type":"Organization","@id":"https:\/\/iha-race.com\/de\/#organization","name":"Iha Race","url":"https:\/\/iha-race.com\/de\/","logo":{"@type":"ImageObject","inLanguage":"de","@id":"https:\/\/iha-race.com\/de\/#\/schema\/logo\/image\/","url":"https:\/\/iha-race.com\/wp-content\/uploads\/2018\/07\/iha-race-drones-de-carreras-tienda-comprar-drones.png","contentUrl":"https:\/\/iha-race.com\/wp-content\/uploads\/2018\/07\/iha-race-drones-de-carreras-tienda-comprar-drones.png","width":300,"height":100,"caption":"Iha Race"},"image":{"@id":"https:\/\/iha-race.com\/de\/#\/schema\/logo\/image\/"}}]}},"jetpack_sharing_enabled":true,"brands":[],"_links":{"self":[{"href":"https:\/\/iha-race.com\/de\/wp-json\/wp\/v2\/product\/207526","targetHints":{"allow":["GET"]}}],"collection":[{"href":"https:\/\/iha-race.com\/de\/wp-json\/wp\/v2\/product"}],"about":[{"href":"https:\/\/iha-race.com\/de\/wp-json\/wp\/v2\/types\/product"}],"replies":[{"embeddable":true,"href":"https:\/\/iha-race.com\/de\/wp-json\/wp\/v2\/comments?post=207526"}],"version-history":[{"count":2,"href":"https:\/\/iha-race.com\/de\/wp-json\/wp\/v2\/product\/207526\/revisions"}],"predecessor-version":[{"id":250589,"href":"https:\/\/iha-race.com\/de\/wp-json\/wp\/v2\/product\/207526\/revisions\/250589"}],"wp:featuredmedia":[{"embeddable":true,"href":"https:\/\/iha-race.com\/de\/wp-json\/wp\/v2\/media\/124850"}],"wp:attachment":[{"href":"https:\/\/iha-race.com\/de\/wp-json\/wp\/v2\/media?parent=207526"}],"wp:term":[{"taxonomy":"pwb-brand","embeddable":true,"href":"https:\/\/iha-race.com\/de\/wp-json\/wp\/v2\/pwb-brand?post=207526"},{"taxonomy":"product_cat","embeddable":true,"href":"https:\/\/iha-race.com\/de\/wp-json\/wp\/v2\/product_cat?post=207526"},{"taxonomy":"product_tag","embeddable":true,"href":"https:\/\/iha-race.com\/de\/wp-json\/wp\/v2\/product_tag?post=207526"}],"curies":[{"name":"wp","href":"https:\/\/api.w.org\/{rel}","templated":true}]}}