{"id":207487,"date":"2018-07-20T12:52:56","date_gmt":"2018-07-20T12:52:56","guid":{"rendered":"https:\/\/iha-race.com\/producto\/motor-sumax-sr2207s-innovation-2600kv-cw-ccw\/"},"modified":"2024-08-29T16:43:37","modified_gmt":"2024-08-29T14:43:37","slug":"motor-sumax-sr2207s-innovation-2600kv-cw-ccw-2","status":"publish","type":"product","link":"https:\/\/iha-race.com\/de\/producto\/motor-sumax-sr2207s-innovation-2600kv-cw-ccw-2\/","title":{"rendered":"Motor Sumax SR2207S Innovation 2600Kv (CW-CCW)"},"content":{"rendered":"<h2>Motor Sumax SR2207S Innovation 2600Kv (CW-CCW)<\/h2>\n<ul>\n<li>Es ist der neueste Motor von Sumax und ein gro\u00dfer Schritt nach vorn in der Konstruktion.<\/li>\n<li>Die Konstruktion ist weniger schwer als die des vorherigen 2206-Motors zugunsten eines modernen Schnickschnack-Designs.<\/li>\n<li>Dies ist einer der leichtesten 2207-Motoren auf dem Markt, mit einem Gewicht von knapp unter 30 g und 40 mm 20 g Kabel.<\/li>\n<li>Die Verarbeitungsqualit\u00e4t ist recht gut, mit engen Toleranzen, einem dichten Luftspalt und hochwertiger Verarbeitung.<\/li>\n<\/ul>\n<p><strong>Spezifikation:<\/strong><\/p>\n<ul>\n<li>Durchmesser der Welle : 3.0<\/li>\n<li>Spannung : 16.8V<\/li>\n<li>KV \/ U\/min : 2600<\/li>\n<li>Magnet : Biegung N52H<\/li>\n<li>Lager : EZO MR84ZZ<\/li>\n<li>Geh\u00e4usematerial: 7075-T7-Magnesiumlegierung und 20#-Stahl<\/li>\n<li>Schaftmaterial : Titan-Hohlwelle TC11<\/li>\n<li>Statormaterial: Kawasaki-Siliziumstahl<\/li>\n<li>Stator-Laminierung: 0,15 mm<\/li>\n<li>Luftspalt : 0.14mm<\/li>\n<li>Aufbau : 12N14P<\/li>\n<li>Maximaler Strom : 37.06A<\/li>\n<li>Maximale Schubkraft : 1404g<\/li>\n<li>Maximale Eingangsleistung: 579,9 W<\/li>\n<li>Maximale Ausgangsleistung: 431,9 W<\/li>\n<li>Maximaler Wirkungsgrad: 74,74%.<\/li>\n<li>Drehzahl max . : 33990<\/li>\n<li>Empfohlener Propeller : 5040<\/li>\n<li>Gewicht: 26 g (ohne Kabel) 30,6 g (mit Kabel)<\/li>\n<\/ul>\n<p>&nbsp;<\/p>\n","protected":false},"excerpt":{"rendered":"<p>Motor Sumax SR2207S Innovation 2600Kv (CW-CCW) Es ist der neueste Motor von Sumax und ein gro\u00dfer Schritt nach vorn in der Konstruktion. Die Konstruktion ist weniger schwer als die des<\/p>\n","protected":false},"featured_media":125338,"comment_status":"open","ping_status":"closed","template":"","meta":{"_joinchat":[]},"pwb-brand":[],"product_cat":[2548],"product_tag":[],"class_list":{"0":"post-207487","1":"product","2":"type-product","3":"status-publish","4":"has-post-thumbnail","6":"product_cat-auslass","8":"first","9":"instock","10":"taxable","11":"shipping-taxable","12":"purchasable","13":"product-type-variable"},"barcode":null,"atum_controlled":true,"out_stock_date":null,"out_stock_threshold":null,"inheritable":true,"stock_on_hold":0,"sold_today":0,"sales_last_days":0,"out_stock_days":0,"lost_sales":0,"update_date":"2026-04-16T08:17:46","atum_locations":[],"atum_stock_status":"instock","restock_status":false,"low_stock_amount":"","sales_update_date":"2026-04-16T08:17:46","calc_backorders":null,"yoast_head":"<!-- This site is optimized with the Yoast SEO plugin v27.3 - https:\/\/yoast.com\/product\/yoast-seo-wordpress\/ -->\n<title>Motor Sumax SR2207S Innovation 2600Kv (CW-CCW) - Iha Race<\/title>\n<meta name=\"robots\" content=\"index, follow, max-snippet:-1, max-image-preview:large, max-video-preview:-1\" \/>\n<link rel=\"canonical\" href=\"https:\/\/iha-race.com\/de\/producto\/motor-sumax-sr2207s-innovation-2600kv-cw-ccw-2\/\" \/>\n<meta property=\"og:locale\" content=\"de_DE\" \/>\n<meta property=\"og:type\" content=\"article\" \/>\n<meta property=\"og:title\" content=\"Motor Sumax SR2207S Innovation 2600Kv (CW-CCW) - Iha Race\" \/>\n<meta property=\"og:description\" content=\"Motor Sumax SR2207S Innovation 2600Kv (CW-CCW) Es ist der neueste Motor von Sumax und ein gro\u00dfer Schritt nach vorn in der Konstruktion. Die Konstruktion ist weniger schwer als die des\" \/>\n<meta property=\"og:url\" content=\"https:\/\/iha-race.com\/de\/producto\/motor-sumax-sr2207s-innovation-2600kv-cw-ccw-2\/\" \/>\n<meta property=\"og:site_name\" content=\"Iha Race\" \/>\n<meta property=\"article:modified_time\" content=\"2024-08-29T14:43:37+00:00\" \/>\n<meta property=\"og:image\" content=\"https:\/\/iha-race.com\/wp-content\/uploads\/2018\/07\/motor-sumax-sr2207s-innovation-2600kv-comprar-barato-1.jpg\" \/>\n\t<meta property=\"og:image:width\" content=\"800\" \/>\n\t<meta property=\"og:image:height\" content=\"800\" \/>\n\t<meta property=\"og:image:type\" content=\"image\/jpeg\" \/>\n<meta name=\"twitter:card\" content=\"summary_large_image\" \/>\n<meta name=\"twitter:label1\" content=\"Gesch\u00e4tzte Lesezeit\" \/>\n\t<meta name=\"twitter:data1\" content=\"1\u00a0Minute\" \/>\n<script type=\"application\/ld+json\" class=\"yoast-schema-graph\">{\"@context\":\"https:\\\/\\\/schema.org\",\"@graph\":[{\"@type\":\"WebPage\",\"@id\":\"https:\\\/\\\/iha-race.com\\\/de\\\/producto\\\/motor-sumax-sr2207s-innovation-2600kv-cw-ccw-2\\\/\",\"url\":\"https:\\\/\\\/iha-race.com\\\/de\\\/producto\\\/motor-sumax-sr2207s-innovation-2600kv-cw-ccw-2\\\/\",\"name\":\"Motor Sumax SR2207S Innovation 2600Kv (CW-CCW) - Iha Race\",\"isPartOf\":{\"@id\":\"https:\\\/\\\/iha-race.com\\\/de\\\/#website\"},\"primaryImageOfPage\":{\"@id\":\"https:\\\/\\\/iha-race.com\\\/de\\\/producto\\\/motor-sumax-sr2207s-innovation-2600kv-cw-ccw-2\\\/#primaryimage\"},\"image\":{\"@id\":\"https:\\\/\\\/iha-race.com\\\/de\\\/producto\\\/motor-sumax-sr2207s-innovation-2600kv-cw-ccw-2\\\/#primaryimage\"},\"thumbnailUrl\":\"https:\\\/\\\/iha-race.com\\\/wp-content\\\/uploads\\\/2018\\\/07\\\/motor-sumax-sr2207s-innovation-2600kv-comprar-barato-1.jpg\",\"datePublished\":\"2018-07-20T12:52:56+00:00\",\"dateModified\":\"2024-08-29T14:43:37+00:00\",\"breadcrumb\":{\"@id\":\"https:\\\/\\\/iha-race.com\\\/de\\\/producto\\\/motor-sumax-sr2207s-innovation-2600kv-cw-ccw-2\\\/#breadcrumb\"},\"inLanguage\":\"de\",\"potentialAction\":[{\"@type\":\"ReadAction\",\"target\":[\"https:\\\/\\\/iha-race.com\\\/de\\\/producto\\\/motor-sumax-sr2207s-innovation-2600kv-cw-ccw-2\\\/\"]}]},{\"@type\":\"ImageObject\",\"inLanguage\":\"de\",\"@id\":\"https:\\\/\\\/iha-race.com\\\/de\\\/producto\\\/motor-sumax-sr2207s-innovation-2600kv-cw-ccw-2\\\/#primaryimage\",\"url\":\"https:\\\/\\\/iha-race.com\\\/wp-content\\\/uploads\\\/2018\\\/07\\\/motor-sumax-sr2207s-innovation-2600kv-comprar-barato-1.jpg\",\"contentUrl\":\"https:\\\/\\\/iha-race.com\\\/wp-content\\\/uploads\\\/2018\\\/07\\\/motor-sumax-sr2207s-innovation-2600kv-comprar-barato-1.jpg\",\"width\":800,\"height\":800},{\"@type\":\"BreadcrumbList\",\"@id\":\"https:\\\/\\\/iha-race.com\\\/de\\\/producto\\\/motor-sumax-sr2207s-innovation-2600kv-cw-ccw-2\\\/#breadcrumb\",\"itemListElement\":[{\"@type\":\"ListItem\",\"position\":1,\"name\":\"Portada\",\"item\":\"https:\\\/\\\/iha-race.com\\\/de\\\/elementor-499\\\/\"},{\"@type\":\"ListItem\",\"position\":2,\"name\":\"Shop\",\"item\":\"https:\\\/\\\/iha-race.com\\\/de\\\/shop\\\/\"},{\"@type\":\"ListItem\",\"position\":3,\"name\":\"Motor Sumax SR2207S Innovation 2600Kv (CW-CCW)\"}]},{\"@type\":\"WebSite\",\"@id\":\"https:\\\/\\\/iha-race.com\\\/de\\\/#website\",\"url\":\"https:\\\/\\\/iha-race.com\\\/de\\\/\",\"name\":\"Iha Race\",\"description\":\"Comprar drones de carreras FPV env\u00edos en un d\u00eda desde Espa\u00f1a\",\"publisher\":{\"@id\":\"https:\\\/\\\/iha-race.com\\\/de\\\/#organization\"},\"potentialAction\":[{\"@type\":\"SearchAction\",\"target\":{\"@type\":\"EntryPoint\",\"urlTemplate\":\"https:\\\/\\\/iha-race.com\\\/de\\\/?s={search_term_string}\"},\"query-input\":{\"@type\":\"PropertyValueSpecification\",\"valueRequired\":true,\"valueName\":\"search_term_string\"}}],\"inLanguage\":\"de\"},{\"@type\":\"Organization\",\"@id\":\"https:\\\/\\\/iha-race.com\\\/de\\\/#organization\",\"name\":\"Iha Race\",\"url\":\"https:\\\/\\\/iha-race.com\\\/de\\\/\",\"logo\":{\"@type\":\"ImageObject\",\"inLanguage\":\"de\",\"@id\":\"https:\\\/\\\/iha-race.com\\\/de\\\/#\\\/schema\\\/logo\\\/image\\\/\",\"url\":\"https:\\\/\\\/iha-race.com\\\/wp-content\\\/uploads\\\/2018\\\/07\\\/iha-race-drones-de-carreras-tienda-comprar-drones.png\",\"contentUrl\":\"https:\\\/\\\/iha-race.com\\\/wp-content\\\/uploads\\\/2018\\\/07\\\/iha-race-drones-de-carreras-tienda-comprar-drones.png\",\"width\":300,\"height\":100,\"caption\":\"Iha Race\"},\"image\":{\"@id\":\"https:\\\/\\\/iha-race.com\\\/de\\\/#\\\/schema\\\/logo\\\/image\\\/\"}}]}<\/script>\n<!-- \/ Yoast SEO plugin. -->","yoast_head_json":{"title":"Motor Sumax SR2207S Innovation 2600Kv (CW-CCW) - Iha Race","robots":{"index":"index","follow":"follow","max-snippet":"max-snippet:-1","max-image-preview":"max-image-preview:large","max-video-preview":"max-video-preview:-1"},"canonical":"https:\/\/iha-race.com\/de\/producto\/motor-sumax-sr2207s-innovation-2600kv-cw-ccw-2\/","og_locale":"de_DE","og_type":"article","og_title":"Motor Sumax SR2207S Innovation 2600Kv (CW-CCW) - Iha Race","og_description":"Motor Sumax SR2207S Innovation 2600Kv (CW-CCW) Es ist der neueste Motor von Sumax und ein gro\u00dfer Schritt nach vorn in der Konstruktion. Die Konstruktion ist weniger schwer als die des","og_url":"https:\/\/iha-race.com\/de\/producto\/motor-sumax-sr2207s-innovation-2600kv-cw-ccw-2\/","og_site_name":"Iha Race","article_modified_time":"2024-08-29T14:43:37+00:00","og_image":[{"width":800,"height":800,"url":"https:\/\/iha-race.com\/wp-content\/uploads\/2018\/07\/motor-sumax-sr2207s-innovation-2600kv-comprar-barato-1.jpg","type":"image\/jpeg"}],"twitter_card":"summary_large_image","twitter_misc":{"Gesch\u00e4tzte Lesezeit":"1\u00a0Minute"},"schema":{"@context":"https:\/\/schema.org","@graph":[{"@type":"WebPage","@id":"https:\/\/iha-race.com\/de\/producto\/motor-sumax-sr2207s-innovation-2600kv-cw-ccw-2\/","url":"https:\/\/iha-race.com\/de\/producto\/motor-sumax-sr2207s-innovation-2600kv-cw-ccw-2\/","name":"Motor Sumax SR2207S Innovation 2600Kv (CW-CCW) - Iha Race","isPartOf":{"@id":"https:\/\/iha-race.com\/de\/#website"},"primaryImageOfPage":{"@id":"https:\/\/iha-race.com\/de\/producto\/motor-sumax-sr2207s-innovation-2600kv-cw-ccw-2\/#primaryimage"},"image":{"@id":"https:\/\/iha-race.com\/de\/producto\/motor-sumax-sr2207s-innovation-2600kv-cw-ccw-2\/#primaryimage"},"thumbnailUrl":"https:\/\/iha-race.com\/wp-content\/uploads\/2018\/07\/motor-sumax-sr2207s-innovation-2600kv-comprar-barato-1.jpg","datePublished":"2018-07-20T12:52:56+00:00","dateModified":"2024-08-29T14:43:37+00:00","breadcrumb":{"@id":"https:\/\/iha-race.com\/de\/producto\/motor-sumax-sr2207s-innovation-2600kv-cw-ccw-2\/#breadcrumb"},"inLanguage":"de","potentialAction":[{"@type":"ReadAction","target":["https:\/\/iha-race.com\/de\/producto\/motor-sumax-sr2207s-innovation-2600kv-cw-ccw-2\/"]}]},{"@type":"ImageObject","inLanguage":"de","@id":"https:\/\/iha-race.com\/de\/producto\/motor-sumax-sr2207s-innovation-2600kv-cw-ccw-2\/#primaryimage","url":"https:\/\/iha-race.com\/wp-content\/uploads\/2018\/07\/motor-sumax-sr2207s-innovation-2600kv-comprar-barato-1.jpg","contentUrl":"https:\/\/iha-race.com\/wp-content\/uploads\/2018\/07\/motor-sumax-sr2207s-innovation-2600kv-comprar-barato-1.jpg","width":800,"height":800},{"@type":"BreadcrumbList","@id":"https:\/\/iha-race.com\/de\/producto\/motor-sumax-sr2207s-innovation-2600kv-cw-ccw-2\/#breadcrumb","itemListElement":[{"@type":"ListItem","position":1,"name":"Portada","item":"https:\/\/iha-race.com\/de\/elementor-499\/"},{"@type":"ListItem","position":2,"name":"Shop","item":"https:\/\/iha-race.com\/de\/shop\/"},{"@type":"ListItem","position":3,"name":"Motor Sumax SR2207S Innovation 2600Kv (CW-CCW)"}]},{"@type":"WebSite","@id":"https:\/\/iha-race.com\/de\/#website","url":"https:\/\/iha-race.com\/de\/","name":"Iha Race","description":"Comprar drones de carreras FPV env\u00edos en un d\u00eda desde Espa\u00f1a","publisher":{"@id":"https:\/\/iha-race.com\/de\/#organization"},"potentialAction":[{"@type":"SearchAction","target":{"@type":"EntryPoint","urlTemplate":"https:\/\/iha-race.com\/de\/?s={search_term_string}"},"query-input":{"@type":"PropertyValueSpecification","valueRequired":true,"valueName":"search_term_string"}}],"inLanguage":"de"},{"@type":"Organization","@id":"https:\/\/iha-race.com\/de\/#organization","name":"Iha Race","url":"https:\/\/iha-race.com\/de\/","logo":{"@type":"ImageObject","inLanguage":"de","@id":"https:\/\/iha-race.com\/de\/#\/schema\/logo\/image\/","url":"https:\/\/iha-race.com\/wp-content\/uploads\/2018\/07\/iha-race-drones-de-carreras-tienda-comprar-drones.png","contentUrl":"https:\/\/iha-race.com\/wp-content\/uploads\/2018\/07\/iha-race-drones-de-carreras-tienda-comprar-drones.png","width":300,"height":100,"caption":"Iha Race"},"image":{"@id":"https:\/\/iha-race.com\/de\/#\/schema\/logo\/image\/"}}]}},"brands":[],"_links":{"self":[{"href":"https:\/\/iha-race.com\/de\/wp-json\/wp\/v2\/product\/207487","targetHints":{"allow":["GET"]}}],"collection":[{"href":"https:\/\/iha-race.com\/de\/wp-json\/wp\/v2\/product"}],"about":[{"href":"https:\/\/iha-race.com\/de\/wp-json\/wp\/v2\/types\/product"}],"replies":[{"embeddable":true,"href":"https:\/\/iha-race.com\/de\/wp-json\/wp\/v2\/comments?post=207487"}],"version-history":[{"count":1,"href":"https:\/\/iha-race.com\/de\/wp-json\/wp\/v2\/product\/207487\/revisions"}],"predecessor-version":[{"id":245994,"href":"https:\/\/iha-race.com\/de\/wp-json\/wp\/v2\/product\/207487\/revisions\/245994"}],"wp:featuredmedia":[{"embeddable":true,"href":"https:\/\/iha-race.com\/de\/wp-json\/wp\/v2\/media\/125338"}],"wp:attachment":[{"href":"https:\/\/iha-race.com\/de\/wp-json\/wp\/v2\/media?parent=207487"}],"wp:term":[{"taxonomy":"pwb-brand","embeddable":true,"href":"https:\/\/iha-race.com\/de\/wp-json\/wp\/v2\/pwb-brand?post=207487"},{"taxonomy":"product_cat","embeddable":true,"href":"https:\/\/iha-race.com\/de\/wp-json\/wp\/v2\/product_cat?post=207487"},{"taxonomy":"product_tag","embeddable":true,"href":"https:\/\/iha-race.com\/de\/wp-json\/wp\/v2\/product_tag?post=207487"}],"curies":[{"name":"wp","href":"https:\/\/api.w.org\/{rel}","templated":true}]}}