{"id":207481,"date":"2021-02-18T18:33:35","date_gmt":"2021-02-18T17:33:35","guid":{"rendered":"https:\/\/iha-race.com\/producto\/tbs-triumph-rhcp-antenne-sma-rp-sma-2-stk\/"},"modified":"2024-08-29T12:34:24","modified_gmt":"2024-08-29T10:34:24","slug":"antenne-tbs-triumph-rhcp-sma-rp-rp-sma-2-einheiten","status":"publish","type":"product","link":"https:\/\/iha-race.com\/de\/producto\/antenne-tbs-triumph-rhcp-sma-rp-rp-sma-2-einheiten\/","title":{"rendered":"TBS TRIUMPH RHCP-Antenne (SMA\/RP-SMA) (2 Stk.)"},"content":{"rendered":"<h2>TBS Triumph RHCP-Antennen (SMA\/RP-SMA) &#8211; (2 St\u00fcck)<\/h2>\n<p>  Die Revolution der 5,8 GHz Rundfunktechnologie. Handabstimmung f\u00fcr maximale Ger\u00e4usch- und Blendunterdr\u00fcckung. Echte Kreisf\u00f6rmigkeit und gro\u00dfe Reichweite. Entwickelt von keinem Geringeren als IBCrazy W\u00e4hrend andere Antennen auf Nachahmungen beruhen, macht die TBS Triumph einen riesigen Schritt vorw\u00e4rts in der 5,8 GHz Antennentechnologie. Video Aerial Systems LLC (IBcrazy) und Team-BlackSheep haben sich zusammengetan, um das Aussehen und die Leistung der modernen 5.8 zirkular polarisierten Antenne neu zu erfinden. Auf der Suche nach dem saubersten Videosignal und der bestm\u00f6glichen Reichweite haben wir uns weit \u00fcber die traditionellen gebogenen Keulen von Cloverleaf-Designs hinausgewagt und viel Zeit und M\u00fche investiert, um die besten bekannten Antennendesigns zu finden und sie speziell f\u00fcr den FPV-Einsatz zu modifizieren. Nach umfangreichen Konstruktions- und Testarbeiten haben wir uns darauf konzentriert, sicherzustellen, dass der Triumph robust genug ist, um auch den h\u00e4rtesten Belastungen standzuhalten. Nach vielen Testfl\u00fcgen und vielen R\u00fcckmeldungen unserer Piloten haben wir uns f\u00fcr ein hochbelastbares, halbstarres Kabel mit doppelter Ummantelung und verzinnten Steckern entschieden. Zum Schutz haben wir ein ultraschallgeschwei\u00dftes Geh\u00e4use entwickelt, das mit speziellem Schaumstoff gef\u00fcllt ist, um die Antenne vor eindringenden B\u00e4umen oder anderen Objekten zu sch\u00fctzen.  <\/p>\n<h2>Merkmale:<\/h2>\n<ul>\n<li>Hergestellt und gepr\u00fcft nach den h\u00f6chsten Standards.<\/li>\n<li>Klassenbeste Reichweite und Signalqualit\u00e4t<\/li>\n<li>Besonders kompakt und leicht<\/li>\n<li>Mit Schaumstoff gef\u00fcllte und ultraschallverschwei\u00dfte Abdeckung f\u00fcr maximalen Sto\u00dfschutz<\/li>\n<li>Halbsteifes, doppelt ummanteltes Kabel f\u00fcr hohe Sto\u00dffestigkeit<\/li>\n<\/ul>\n<h2>Spezifikationen:<\/h2>\n<ul>\n<li><strong>Frequenzbereich:<\/strong> 5500-6000MHz<\/li>\n<li><strong>Verst\u00e4rkung:<\/strong> 1,26 dB<\/li>\n<li><strong>Axiales Verh\u00e4ltnis:<\/strong> 0,74<\/li>\n<li><strong>Kabel:<\/strong> RG402 (hochbelastbar)<\/li>\n<li><strong>Gewicht: <\/strong> 11,5 g<\/li>\n<li><strong>H\u00f6he:<\/strong> 85 mm, 3,3 Zoll<\/li>\n<li><strong>Anschluss:<\/strong> SMA\/RP-SMA<\/li>\n<\/ul>\n<h2>Das Paket enth\u00e4lt:<\/h2>\n<ul>\n<li>2 x TBS Triumph RHCP-Antennen (SMA oder RP-SMA)<\/li>\n<\/ul>\n<h3 class=\"h1\">Downloads:<\/h3>\n<ul>\n<li><a href=\"https:\/\/www.team-blacksheep.com\/tbs-triumph-manual.pdf\" target=\"_blank\" rel=\"noopener\">TBS Triumph Handbuch<\/a><\/li>\n<\/ul>\n<p>&nbsp;<\/p>\n<p><a href=\"https:\/\/www.youtube.com\/watch?v=z7QVjayje4o\">VIDEO<\/a> 1 <a href=\"https:\/\/www.youtube.com\/watch?v=Ps3mVcyQGOM\">VIDEO 2VIDEO<\/a><a href=\"https:\/\/www.youtube.com\/watch?v=vkkBfHb7kBY\">3<\/a><\/p>\n<p>&nbsp;<\/p>\n","protected":false},"excerpt":{"rendered":"<p>TBS Triumph RHCP-Antennen (SMA\/RP-SMA) &#8211; (2 St\u00fcck) Die Revolution der 5,8 GHz Rundfunktechnologie. Handabstimmung f\u00fcr maximale Ger\u00e4usch- und Blendunterdr\u00fcckung. Echte Kreisf\u00f6rmigkeit und gro\u00dfe Reichweite. Entwickelt von keinem Geringeren als IBCrazy<\/p>\n","protected":false},"featured_media":125774,"comment_status":"open","ping_status":"closed","template":"","meta":{"_joinchat":[]},"pwb-brand":[],"product_cat":[2589],"product_tag":[],"class_list":{"0":"post-207481","1":"product","2":"type-product","3":"status-publish","4":"has-post-thumbnail","6":"product_cat-fpv-antennen","8":"first","9":"instock","10":"taxable","11":"shipping-taxable","12":"purchasable","13":"product-type-variable"},"barcode":null,"atum_controlled":true,"out_stock_date":null,"out_stock_threshold":null,"inheritable":true,"stock_on_hold":0,"sold_today":0,"sales_last_days":0,"out_stock_days":0,"lost_sales":0,"update_date":"2026-04-08T10:19:00","atum_locations":[],"atum_stock_status":"instock","restock_status":false,"low_stock_amount":"","sales_update_date":"2026-04-08T10:19:00","calc_backorders":null,"yoast_head":"<!-- This site is optimized with the Yoast SEO plugin v27.3 - https:\/\/yoast.com\/product\/yoast-seo-wordpress\/ -->\n<title>TBS TRIUMPH RHCP-Antenne (SMA\/RP-SMA) (2 Stk.) - Iha Race<\/title>\n<meta name=\"robots\" content=\"index, follow, max-snippet:-1, max-image-preview:large, max-video-preview:-1\" \/>\n<link rel=\"canonical\" href=\"https:\/\/iha-race.com\/de\/producto\/antenne-tbs-triumph-rhcp-sma-rp-rp-sma-2-einheiten\/\" \/>\n<meta property=\"og:locale\" content=\"de_DE\" \/>\n<meta property=\"og:type\" content=\"article\" \/>\n<meta property=\"og:title\" content=\"TBS TRIUMPH RHCP-Antenne (SMA\/RP-SMA) (2 Stk.) - Iha Race\" \/>\n<meta property=\"og:description\" content=\"TBS Triumph RHCP-Antennen (SMA\/RP-SMA) &#8211; (2 St\u00fcck) Die Revolution der 5,8 GHz Rundfunktechnologie. Handabstimmung f\u00fcr maximale Ger\u00e4usch- und Blendunterdr\u00fcckung. Echte Kreisf\u00f6rmigkeit und gro\u00dfe Reichweite. Entwickelt von keinem Geringeren als IBCrazy\" \/>\n<meta property=\"og:url\" content=\"https:\/\/iha-race.com\/de\/producto\/antenne-tbs-triumph-rhcp-sma-rp-rp-sma-2-einheiten\/\" \/>\n<meta property=\"og:site_name\" content=\"Iha Race\" \/>\n<meta property=\"article:modified_time\" content=\"2024-08-29T10:34:24+00:00\" \/>\n<meta property=\"og:image\" content=\"https:\/\/iha-race.com\/wp-content\/uploads\/2018\/07\/Antena-TBS-TRIUMPH-RHCP-SMA-RP-SMA-2-Unidades-fpv.jpg\" \/>\n\t<meta property=\"og:image:width\" content=\"1000\" \/>\n\t<meta property=\"og:image:height\" content=\"1000\" \/>\n\t<meta property=\"og:image:type\" content=\"image\/jpeg\" \/>\n<meta name=\"twitter:card\" content=\"summary_large_image\" \/>\n<meta name=\"twitter:label1\" content=\"Gesch\u00e4tzte Lesezeit\" \/>\n\t<meta name=\"twitter:data1\" content=\"1\u00a0Minute\" \/>\n<script type=\"application\/ld+json\" class=\"yoast-schema-graph\">{\"@context\":\"https:\\\/\\\/schema.org\",\"@graph\":[{\"@type\":\"WebPage\",\"@id\":\"https:\\\/\\\/iha-race.com\\\/de\\\/producto\\\/antenne-tbs-triumph-rhcp-sma-rp-rp-sma-2-einheiten\\\/\",\"url\":\"https:\\\/\\\/iha-race.com\\\/de\\\/producto\\\/antenne-tbs-triumph-rhcp-sma-rp-rp-sma-2-einheiten\\\/\",\"name\":\"TBS TRIUMPH RHCP-Antenne (SMA\\\/RP-SMA) (2 Stk.) - Iha Race\",\"isPartOf\":{\"@id\":\"https:\\\/\\\/iha-race.com\\\/de\\\/#website\"},\"primaryImageOfPage\":{\"@id\":\"https:\\\/\\\/iha-race.com\\\/de\\\/producto\\\/antenne-tbs-triumph-rhcp-sma-rp-rp-sma-2-einheiten\\\/#primaryimage\"},\"image\":{\"@id\":\"https:\\\/\\\/iha-race.com\\\/de\\\/producto\\\/antenne-tbs-triumph-rhcp-sma-rp-rp-sma-2-einheiten\\\/#primaryimage\"},\"thumbnailUrl\":\"https:\\\/\\\/iha-race.com\\\/wp-content\\\/uploads\\\/2018\\\/07\\\/Antena-TBS-TRIUMPH-RHCP-SMA-RP-SMA-2-Unidades-fpv.jpg\",\"datePublished\":\"2021-02-18T17:33:35+00:00\",\"dateModified\":\"2024-08-29T10:34:24+00:00\",\"breadcrumb\":{\"@id\":\"https:\\\/\\\/iha-race.com\\\/de\\\/producto\\\/antenne-tbs-triumph-rhcp-sma-rp-rp-sma-2-einheiten\\\/#breadcrumb\"},\"inLanguage\":\"de\",\"potentialAction\":[{\"@type\":\"ReadAction\",\"target\":[\"https:\\\/\\\/iha-race.com\\\/de\\\/producto\\\/antenne-tbs-triumph-rhcp-sma-rp-rp-sma-2-einheiten\\\/\"]}]},{\"@type\":\"ImageObject\",\"inLanguage\":\"de\",\"@id\":\"https:\\\/\\\/iha-race.com\\\/de\\\/producto\\\/antenne-tbs-triumph-rhcp-sma-rp-rp-sma-2-einheiten\\\/#primaryimage\",\"url\":\"https:\\\/\\\/iha-race.com\\\/wp-content\\\/uploads\\\/2018\\\/07\\\/Antena-TBS-TRIUMPH-RHCP-SMA-RP-SMA-2-Unidades-fpv.jpg\",\"contentUrl\":\"https:\\\/\\\/iha-race.com\\\/wp-content\\\/uploads\\\/2018\\\/07\\\/Antena-TBS-TRIUMPH-RHCP-SMA-RP-SMA-2-Unidades-fpv.jpg\",\"width\":1000,\"height\":1000},{\"@type\":\"BreadcrumbList\",\"@id\":\"https:\\\/\\\/iha-race.com\\\/de\\\/producto\\\/antenne-tbs-triumph-rhcp-sma-rp-rp-sma-2-einheiten\\\/#breadcrumb\",\"itemListElement\":[{\"@type\":\"ListItem\",\"position\":1,\"name\":\"Portada\",\"item\":\"https:\\\/\\\/iha-race.com\\\/de\\\/elementor-499\\\/\"},{\"@type\":\"ListItem\",\"position\":2,\"name\":\"Shop\",\"item\":\"https:\\\/\\\/iha-race.com\\\/de\\\/shop\\\/\"},{\"@type\":\"ListItem\",\"position\":3,\"name\":\"TBS TRIUMPH RHCP-Antenne (SMA\\\/RP-SMA) (2 Stk.)\"}]},{\"@type\":\"WebSite\",\"@id\":\"https:\\\/\\\/iha-race.com\\\/de\\\/#website\",\"url\":\"https:\\\/\\\/iha-race.com\\\/de\\\/\",\"name\":\"Iha Race\",\"description\":\"Comprar drones de carreras FPV env\u00edos en un d\u00eda desde Espa\u00f1a\",\"publisher\":{\"@id\":\"https:\\\/\\\/iha-race.com\\\/de\\\/#organization\"},\"potentialAction\":[{\"@type\":\"SearchAction\",\"target\":{\"@type\":\"EntryPoint\",\"urlTemplate\":\"https:\\\/\\\/iha-race.com\\\/de\\\/?s={search_term_string}\"},\"query-input\":{\"@type\":\"PropertyValueSpecification\",\"valueRequired\":true,\"valueName\":\"search_term_string\"}}],\"inLanguage\":\"de\"},{\"@type\":\"Organization\",\"@id\":\"https:\\\/\\\/iha-race.com\\\/de\\\/#organization\",\"name\":\"Iha Race\",\"url\":\"https:\\\/\\\/iha-race.com\\\/de\\\/\",\"logo\":{\"@type\":\"ImageObject\",\"inLanguage\":\"de\",\"@id\":\"https:\\\/\\\/iha-race.com\\\/de\\\/#\\\/schema\\\/logo\\\/image\\\/\",\"url\":\"https:\\\/\\\/iha-race.com\\\/wp-content\\\/uploads\\\/2018\\\/07\\\/iha-race-drones-de-carreras-tienda-comprar-drones.png\",\"contentUrl\":\"https:\\\/\\\/iha-race.com\\\/wp-content\\\/uploads\\\/2018\\\/07\\\/iha-race-drones-de-carreras-tienda-comprar-drones.png\",\"width\":300,\"height\":100,\"caption\":\"Iha Race\"},\"image\":{\"@id\":\"https:\\\/\\\/iha-race.com\\\/de\\\/#\\\/schema\\\/logo\\\/image\\\/\"}}]}<\/script>\n<!-- \/ Yoast SEO plugin. -->","yoast_head_json":{"title":"TBS TRIUMPH RHCP-Antenne (SMA\/RP-SMA) (2 Stk.) - Iha Race","robots":{"index":"index","follow":"follow","max-snippet":"max-snippet:-1","max-image-preview":"max-image-preview:large","max-video-preview":"max-video-preview:-1"},"canonical":"https:\/\/iha-race.com\/de\/producto\/antenne-tbs-triumph-rhcp-sma-rp-rp-sma-2-einheiten\/","og_locale":"de_DE","og_type":"article","og_title":"TBS TRIUMPH RHCP-Antenne (SMA\/RP-SMA) (2 Stk.) - Iha Race","og_description":"TBS Triumph RHCP-Antennen (SMA\/RP-SMA) &#8211; (2 St\u00fcck) Die Revolution der 5,8 GHz Rundfunktechnologie. Handabstimmung f\u00fcr maximale Ger\u00e4usch- und Blendunterdr\u00fcckung. Echte Kreisf\u00f6rmigkeit und gro\u00dfe Reichweite. Entwickelt von keinem Geringeren als IBCrazy","og_url":"https:\/\/iha-race.com\/de\/producto\/antenne-tbs-triumph-rhcp-sma-rp-rp-sma-2-einheiten\/","og_site_name":"Iha Race","article_modified_time":"2024-08-29T10:34:24+00:00","og_image":[{"width":1000,"height":1000,"url":"https:\/\/iha-race.com\/wp-content\/uploads\/2018\/07\/Antena-TBS-TRIUMPH-RHCP-SMA-RP-SMA-2-Unidades-fpv.jpg","type":"image\/jpeg"}],"twitter_card":"summary_large_image","twitter_misc":{"Gesch\u00e4tzte Lesezeit":"1\u00a0Minute"},"schema":{"@context":"https:\/\/schema.org","@graph":[{"@type":"WebPage","@id":"https:\/\/iha-race.com\/de\/producto\/antenne-tbs-triumph-rhcp-sma-rp-rp-sma-2-einheiten\/","url":"https:\/\/iha-race.com\/de\/producto\/antenne-tbs-triumph-rhcp-sma-rp-rp-sma-2-einheiten\/","name":"TBS TRIUMPH RHCP-Antenne (SMA\/RP-SMA) (2 Stk.) - Iha Race","isPartOf":{"@id":"https:\/\/iha-race.com\/de\/#website"},"primaryImageOfPage":{"@id":"https:\/\/iha-race.com\/de\/producto\/antenne-tbs-triumph-rhcp-sma-rp-rp-sma-2-einheiten\/#primaryimage"},"image":{"@id":"https:\/\/iha-race.com\/de\/producto\/antenne-tbs-triumph-rhcp-sma-rp-rp-sma-2-einheiten\/#primaryimage"},"thumbnailUrl":"https:\/\/iha-race.com\/wp-content\/uploads\/2018\/07\/Antena-TBS-TRIUMPH-RHCP-SMA-RP-SMA-2-Unidades-fpv.jpg","datePublished":"2021-02-18T17:33:35+00:00","dateModified":"2024-08-29T10:34:24+00:00","breadcrumb":{"@id":"https:\/\/iha-race.com\/de\/producto\/antenne-tbs-triumph-rhcp-sma-rp-rp-sma-2-einheiten\/#breadcrumb"},"inLanguage":"de","potentialAction":[{"@type":"ReadAction","target":["https:\/\/iha-race.com\/de\/producto\/antenne-tbs-triumph-rhcp-sma-rp-rp-sma-2-einheiten\/"]}]},{"@type":"ImageObject","inLanguage":"de","@id":"https:\/\/iha-race.com\/de\/producto\/antenne-tbs-triumph-rhcp-sma-rp-rp-sma-2-einheiten\/#primaryimage","url":"https:\/\/iha-race.com\/wp-content\/uploads\/2018\/07\/Antena-TBS-TRIUMPH-RHCP-SMA-RP-SMA-2-Unidades-fpv.jpg","contentUrl":"https:\/\/iha-race.com\/wp-content\/uploads\/2018\/07\/Antena-TBS-TRIUMPH-RHCP-SMA-RP-SMA-2-Unidades-fpv.jpg","width":1000,"height":1000},{"@type":"BreadcrumbList","@id":"https:\/\/iha-race.com\/de\/producto\/antenne-tbs-triumph-rhcp-sma-rp-rp-sma-2-einheiten\/#breadcrumb","itemListElement":[{"@type":"ListItem","position":1,"name":"Portada","item":"https:\/\/iha-race.com\/de\/elementor-499\/"},{"@type":"ListItem","position":2,"name":"Shop","item":"https:\/\/iha-race.com\/de\/shop\/"},{"@type":"ListItem","position":3,"name":"TBS TRIUMPH RHCP-Antenne (SMA\/RP-SMA) (2 Stk.)"}]},{"@type":"WebSite","@id":"https:\/\/iha-race.com\/de\/#website","url":"https:\/\/iha-race.com\/de\/","name":"Iha Race","description":"Comprar drones de carreras FPV env\u00edos en un d\u00eda desde Espa\u00f1a","publisher":{"@id":"https:\/\/iha-race.com\/de\/#organization"},"potentialAction":[{"@type":"SearchAction","target":{"@type":"EntryPoint","urlTemplate":"https:\/\/iha-race.com\/de\/?s={search_term_string}"},"query-input":{"@type":"PropertyValueSpecification","valueRequired":true,"valueName":"search_term_string"}}],"inLanguage":"de"},{"@type":"Organization","@id":"https:\/\/iha-race.com\/de\/#organization","name":"Iha Race","url":"https:\/\/iha-race.com\/de\/","logo":{"@type":"ImageObject","inLanguage":"de","@id":"https:\/\/iha-race.com\/de\/#\/schema\/logo\/image\/","url":"https:\/\/iha-race.com\/wp-content\/uploads\/2018\/07\/iha-race-drones-de-carreras-tienda-comprar-drones.png","contentUrl":"https:\/\/iha-race.com\/wp-content\/uploads\/2018\/07\/iha-race-drones-de-carreras-tienda-comprar-drones.png","width":300,"height":100,"caption":"Iha Race"},"image":{"@id":"https:\/\/iha-race.com\/de\/#\/schema\/logo\/image\/"}}]}},"brands":[],"_links":{"self":[{"href":"https:\/\/iha-race.com\/de\/wp-json\/wp\/v2\/product\/207481","targetHints":{"allow":["GET"]}}],"collection":[{"href":"https:\/\/iha-race.com\/de\/wp-json\/wp\/v2\/product"}],"about":[{"href":"https:\/\/iha-race.com\/de\/wp-json\/wp\/v2\/types\/product"}],"replies":[{"embeddable":true,"href":"https:\/\/iha-race.com\/de\/wp-json\/wp\/v2\/comments?post=207481"}],"version-history":[{"count":2,"href":"https:\/\/iha-race.com\/de\/wp-json\/wp\/v2\/product\/207481\/revisions"}],"predecessor-version":[{"id":249660,"href":"https:\/\/iha-race.com\/de\/wp-json\/wp\/v2\/product\/207481\/revisions\/249660"}],"wp:featuredmedia":[{"embeddable":true,"href":"https:\/\/iha-race.com\/de\/wp-json\/wp\/v2\/media\/125774"}],"wp:attachment":[{"href":"https:\/\/iha-race.com\/de\/wp-json\/wp\/v2\/media?parent=207481"}],"wp:term":[{"taxonomy":"pwb-brand","embeddable":true,"href":"https:\/\/iha-race.com\/de\/wp-json\/wp\/v2\/pwb-brand?post=207481"},{"taxonomy":"product_cat","embeddable":true,"href":"https:\/\/iha-race.com\/de\/wp-json\/wp\/v2\/product_cat?post=207481"},{"taxonomy":"product_tag","embeddable":true,"href":"https:\/\/iha-race.com\/de\/wp-json\/wp\/v2\/product_tag?post=207481"}],"curies":[{"name":"wp","href":"https:\/\/api.w.org\/{rel}","templated":true}]}}