{"id":207479,"date":"2018-07-20T08:03:34","date_gmt":"2018-07-20T08:03:34","guid":{"rendered":"https:\/\/iha-race.com\/producto\/rotorx-hochleistungsmotor-rx1306-ccw-gewinde\/"},"modified":"2024-08-29T16:43:40","modified_gmt":"2024-08-29T14:43:40","slug":"rotorx-hochleistungs-motor-rx1306-ccw-gewinde","status":"publish","type":"product","link":"https:\/\/iha-race.com\/de\/producto\/rotorx-hochleistungs-motor-rx1306-ccw-gewinde\/","title":{"rendered":"RotorX Hochleistungsmotor RX1306 (CCW-Gewinde)"},"content":{"rendered":"<h2>  RotorX Hochleistungsmotor RX1306 (CCW-Gewinde)<\/h2>\n<p>  Die Jungs von RotorX sorgten f\u00fcr Aufsehen in der Drohnenwelt, als sie das revolution\u00e4re Micro Power System vorstellten: RX1104 Motoren und RX3020 Props. Und hier sind sie wieder, mit den neuen, jetzt hochwertigen RX1306 4100kv Motoren, die eine weitere Delle hinterlassen. Diese werden nicht nur von T-Motor hergestellt, sondern RotorX hat unerm\u00fcdlich von Grund auf in vielen Testrunden gearbeitet, um eine optimale Spezifikation zu erreichen. Diese Motoren und die RotorX RX3040T Tripala RotorX Props verwandeln Ihre Mikrofone in kleine Raketenschiffe.  <strong>Spezifikation:<\/strong><\/p>\n<ul>\n<li>Drehzahl \/ V: 41 00kv<\/li>\n<li>Abmessungen: 18 \u00d7 15 mm<\/li>\n<li>Welle: 2mm Hauptwelle und 5mm Welle<\/li>\n<li>Spannung: 2S ~ 3S (7.4v bis 11.1v)<\/li>\n<li>Gewicht: 17g<\/li>\n<li>Motorbefestigungsl\u00f6cher: M2<\/li>\n<\/ul>\n","protected":false},"excerpt":{"rendered":"<p>RotorX Hochleistungsmotor RX1306 (CCW-Gewinde) Die Jungs von RotorX sorgten f\u00fcr Aufsehen in der Drohnenwelt, als sie das revolution\u00e4re Micro Power System vorstellten: RX1104 Motoren und RX3020 Props. Und hier sind<\/p>\n","protected":false},"featured_media":125340,"comment_status":"open","ping_status":"closed","template":"","meta":{"_joinchat":[]},"pwb-brand":[],"product_cat":[2548],"product_tag":[],"class_list":{"0":"post-207479","1":"product","2":"type-product","3":"status-publish","4":"has-post-thumbnail","6":"product_cat-auslass","8":"first","9":"instock","10":"taxable","11":"shipping-taxable","12":"purchasable","13":"product-type-simple"},"barcode":null,"atum_controlled":true,"out_stock_date":null,"out_stock_threshold":null,"inheritable":false,"stock_on_hold":0,"sold_today":0,"sales_last_days":0,"out_stock_days":0,"lost_sales":0,"update_date":"2026-04-27T19:56:07","atum_locations":[],"atum_stock_status":"instock","restock_status":false,"low_stock_amount":"","sales_update_date":"2026-04-27T19:56:07","calc_backorders":null,"yoast_head":"<!-- This site is optimized with the Yoast SEO plugin v27.3 - https:\/\/yoast.com\/product\/yoast-seo-wordpress\/ -->\n<title>RotorX Hochleistungsmotor RX1306 (CCW-Gewinde) - Iha Race<\/title>\n<meta name=\"robots\" content=\"index, follow, max-snippet:-1, max-image-preview:large, max-video-preview:-1\" \/>\n<link rel=\"canonical\" href=\"https:\/\/iha-race.com\/de\/producto\/rotorx-hochleistungs-motor-rx1306-ccw-gewinde\/\" \/>\n<meta property=\"og:locale\" content=\"de_DE\" \/>\n<meta property=\"og:type\" content=\"article\" \/>\n<meta property=\"og:title\" content=\"RotorX Hochleistungsmotor RX1306 (CCW-Gewinde) - Iha Race\" \/>\n<meta property=\"og:description\" content=\"RotorX Hochleistungsmotor RX1306 (CCW-Gewinde) Die Jungs von RotorX sorgten f\u00fcr Aufsehen in der Drohnenwelt, als sie das revolution\u00e4re Micro Power System vorstellten: RX1104 Motoren und RX3020 Props. Und hier sind\" \/>\n<meta property=\"og:url\" content=\"https:\/\/iha-race.com\/de\/producto\/rotorx-hochleistungs-motor-rx1306-ccw-gewinde\/\" \/>\n<meta property=\"og:site_name\" content=\"Iha Race\" \/>\n<meta property=\"article:modified_time\" content=\"2024-08-29T14:43:40+00:00\" \/>\n<meta property=\"og:image\" content=\"https:\/\/iha-race.com\/wp-content\/uploads\/2018\/07\/rotorx-motor-alto-rendimiento-rx1306-ccw-thread-1.jpg\" \/>\n\t<meta property=\"og:image:width\" content=\"800\" \/>\n\t<meta property=\"og:image:height\" content=\"800\" \/>\n\t<meta property=\"og:image:type\" content=\"image\/jpeg\" \/>\n<meta name=\"twitter:card\" content=\"summary_large_image\" \/>\n<meta name=\"twitter:label1\" content=\"Gesch\u00e4tzte Lesezeit\" \/>\n\t<meta name=\"twitter:data1\" content=\"1\u00a0Minute\" \/>\n<script type=\"application\/ld+json\" class=\"yoast-schema-graph\">{\"@context\":\"https:\\\/\\\/schema.org\",\"@graph\":[{\"@type\":\"WebPage\",\"@id\":\"https:\\\/\\\/iha-race.com\\\/de\\\/producto\\\/rotorx-hochleistungs-motor-rx1306-ccw-gewinde\\\/\",\"url\":\"https:\\\/\\\/iha-race.com\\\/de\\\/producto\\\/rotorx-hochleistungs-motor-rx1306-ccw-gewinde\\\/\",\"name\":\"RotorX Hochleistungsmotor RX1306 (CCW-Gewinde) - Iha Race\",\"isPartOf\":{\"@id\":\"https:\\\/\\\/iha-race.com\\\/de\\\/#website\"},\"primaryImageOfPage\":{\"@id\":\"https:\\\/\\\/iha-race.com\\\/de\\\/producto\\\/rotorx-hochleistungs-motor-rx1306-ccw-gewinde\\\/#primaryimage\"},\"image\":{\"@id\":\"https:\\\/\\\/iha-race.com\\\/de\\\/producto\\\/rotorx-hochleistungs-motor-rx1306-ccw-gewinde\\\/#primaryimage\"},\"thumbnailUrl\":\"https:\\\/\\\/iha-race.com\\\/wp-content\\\/uploads\\\/2018\\\/07\\\/rotorx-motor-alto-rendimiento-rx1306-ccw-thread-1.jpg\",\"datePublished\":\"2018-07-20T08:03:34+00:00\",\"dateModified\":\"2024-08-29T14:43:40+00:00\",\"breadcrumb\":{\"@id\":\"https:\\\/\\\/iha-race.com\\\/de\\\/producto\\\/rotorx-hochleistungs-motor-rx1306-ccw-gewinde\\\/#breadcrumb\"},\"inLanguage\":\"de\",\"potentialAction\":[{\"@type\":\"ReadAction\",\"target\":[\"https:\\\/\\\/iha-race.com\\\/de\\\/producto\\\/rotorx-hochleistungs-motor-rx1306-ccw-gewinde\\\/\"]}]},{\"@type\":\"ImageObject\",\"inLanguage\":\"de\",\"@id\":\"https:\\\/\\\/iha-race.com\\\/de\\\/producto\\\/rotorx-hochleistungs-motor-rx1306-ccw-gewinde\\\/#primaryimage\",\"url\":\"https:\\\/\\\/iha-race.com\\\/wp-content\\\/uploads\\\/2018\\\/07\\\/rotorx-motor-alto-rendimiento-rx1306-ccw-thread-1.jpg\",\"contentUrl\":\"https:\\\/\\\/iha-race.com\\\/wp-content\\\/uploads\\\/2018\\\/07\\\/rotorx-motor-alto-rendimiento-rx1306-ccw-thread-1.jpg\",\"width\":800,\"height\":800},{\"@type\":\"BreadcrumbList\",\"@id\":\"https:\\\/\\\/iha-race.com\\\/de\\\/producto\\\/rotorx-hochleistungs-motor-rx1306-ccw-gewinde\\\/#breadcrumb\",\"itemListElement\":[{\"@type\":\"ListItem\",\"position\":1,\"name\":\"Portada\",\"item\":\"https:\\\/\\\/iha-race.com\\\/de\\\/elementor-499\\\/\"},{\"@type\":\"ListItem\",\"position\":2,\"name\":\"Shop\",\"item\":\"https:\\\/\\\/iha-race.com\\\/de\\\/shop\\\/\"},{\"@type\":\"ListItem\",\"position\":3,\"name\":\"RotorX Hochleistungsmotor RX1306 (CCW-Gewinde)\"}]},{\"@type\":\"WebSite\",\"@id\":\"https:\\\/\\\/iha-race.com\\\/de\\\/#website\",\"url\":\"https:\\\/\\\/iha-race.com\\\/de\\\/\",\"name\":\"Iha Race\",\"description\":\"Comprar drones de carreras FPV env\u00edos en un d\u00eda desde Espa\u00f1a\",\"publisher\":{\"@id\":\"https:\\\/\\\/iha-race.com\\\/de\\\/#organization\"},\"potentialAction\":[{\"@type\":\"SearchAction\",\"target\":{\"@type\":\"EntryPoint\",\"urlTemplate\":\"https:\\\/\\\/iha-race.com\\\/de\\\/?s={search_term_string}\"},\"query-input\":{\"@type\":\"PropertyValueSpecification\",\"valueRequired\":true,\"valueName\":\"search_term_string\"}}],\"inLanguage\":\"de\"},{\"@type\":\"Organization\",\"@id\":\"https:\\\/\\\/iha-race.com\\\/de\\\/#organization\",\"name\":\"Iha Race\",\"url\":\"https:\\\/\\\/iha-race.com\\\/de\\\/\",\"logo\":{\"@type\":\"ImageObject\",\"inLanguage\":\"de\",\"@id\":\"https:\\\/\\\/iha-race.com\\\/de\\\/#\\\/schema\\\/logo\\\/image\\\/\",\"url\":\"https:\\\/\\\/iha-race.com\\\/wp-content\\\/uploads\\\/2018\\\/07\\\/iha-race-drones-de-carreras-tienda-comprar-drones.png\",\"contentUrl\":\"https:\\\/\\\/iha-race.com\\\/wp-content\\\/uploads\\\/2018\\\/07\\\/iha-race-drones-de-carreras-tienda-comprar-drones.png\",\"width\":300,\"height\":100,\"caption\":\"Iha Race\"},\"image\":{\"@id\":\"https:\\\/\\\/iha-race.com\\\/de\\\/#\\\/schema\\\/logo\\\/image\\\/\"}}]}<\/script>\n<!-- \/ Yoast SEO plugin. -->","yoast_head_json":{"title":"RotorX Hochleistungsmotor RX1306 (CCW-Gewinde) - Iha Race","robots":{"index":"index","follow":"follow","max-snippet":"max-snippet:-1","max-image-preview":"max-image-preview:large","max-video-preview":"max-video-preview:-1"},"canonical":"https:\/\/iha-race.com\/de\/producto\/rotorx-hochleistungs-motor-rx1306-ccw-gewinde\/","og_locale":"de_DE","og_type":"article","og_title":"RotorX Hochleistungsmotor RX1306 (CCW-Gewinde) - Iha Race","og_description":"RotorX Hochleistungsmotor RX1306 (CCW-Gewinde) Die Jungs von RotorX sorgten f\u00fcr Aufsehen in der Drohnenwelt, als sie das revolution\u00e4re Micro Power System vorstellten: RX1104 Motoren und RX3020 Props. Und hier sind","og_url":"https:\/\/iha-race.com\/de\/producto\/rotorx-hochleistungs-motor-rx1306-ccw-gewinde\/","og_site_name":"Iha Race","article_modified_time":"2024-08-29T14:43:40+00:00","og_image":[{"width":800,"height":800,"url":"https:\/\/iha-race.com\/wp-content\/uploads\/2018\/07\/rotorx-motor-alto-rendimiento-rx1306-ccw-thread-1.jpg","type":"image\/jpeg"}],"twitter_card":"summary_large_image","twitter_misc":{"Gesch\u00e4tzte Lesezeit":"1\u00a0Minute"},"schema":{"@context":"https:\/\/schema.org","@graph":[{"@type":"WebPage","@id":"https:\/\/iha-race.com\/de\/producto\/rotorx-hochleistungs-motor-rx1306-ccw-gewinde\/","url":"https:\/\/iha-race.com\/de\/producto\/rotorx-hochleistungs-motor-rx1306-ccw-gewinde\/","name":"RotorX Hochleistungsmotor RX1306 (CCW-Gewinde) - Iha Race","isPartOf":{"@id":"https:\/\/iha-race.com\/de\/#website"},"primaryImageOfPage":{"@id":"https:\/\/iha-race.com\/de\/producto\/rotorx-hochleistungs-motor-rx1306-ccw-gewinde\/#primaryimage"},"image":{"@id":"https:\/\/iha-race.com\/de\/producto\/rotorx-hochleistungs-motor-rx1306-ccw-gewinde\/#primaryimage"},"thumbnailUrl":"https:\/\/iha-race.com\/wp-content\/uploads\/2018\/07\/rotorx-motor-alto-rendimiento-rx1306-ccw-thread-1.jpg","datePublished":"2018-07-20T08:03:34+00:00","dateModified":"2024-08-29T14:43:40+00:00","breadcrumb":{"@id":"https:\/\/iha-race.com\/de\/producto\/rotorx-hochleistungs-motor-rx1306-ccw-gewinde\/#breadcrumb"},"inLanguage":"de","potentialAction":[{"@type":"ReadAction","target":["https:\/\/iha-race.com\/de\/producto\/rotorx-hochleistungs-motor-rx1306-ccw-gewinde\/"]}]},{"@type":"ImageObject","inLanguage":"de","@id":"https:\/\/iha-race.com\/de\/producto\/rotorx-hochleistungs-motor-rx1306-ccw-gewinde\/#primaryimage","url":"https:\/\/iha-race.com\/wp-content\/uploads\/2018\/07\/rotorx-motor-alto-rendimiento-rx1306-ccw-thread-1.jpg","contentUrl":"https:\/\/iha-race.com\/wp-content\/uploads\/2018\/07\/rotorx-motor-alto-rendimiento-rx1306-ccw-thread-1.jpg","width":800,"height":800},{"@type":"BreadcrumbList","@id":"https:\/\/iha-race.com\/de\/producto\/rotorx-hochleistungs-motor-rx1306-ccw-gewinde\/#breadcrumb","itemListElement":[{"@type":"ListItem","position":1,"name":"Portada","item":"https:\/\/iha-race.com\/de\/elementor-499\/"},{"@type":"ListItem","position":2,"name":"Shop","item":"https:\/\/iha-race.com\/de\/shop\/"},{"@type":"ListItem","position":3,"name":"RotorX Hochleistungsmotor RX1306 (CCW-Gewinde)"}]},{"@type":"WebSite","@id":"https:\/\/iha-race.com\/de\/#website","url":"https:\/\/iha-race.com\/de\/","name":"Iha Race","description":"Comprar drones de carreras FPV env\u00edos en un d\u00eda desde Espa\u00f1a","publisher":{"@id":"https:\/\/iha-race.com\/de\/#organization"},"potentialAction":[{"@type":"SearchAction","target":{"@type":"EntryPoint","urlTemplate":"https:\/\/iha-race.com\/de\/?s={search_term_string}"},"query-input":{"@type":"PropertyValueSpecification","valueRequired":true,"valueName":"search_term_string"}}],"inLanguage":"de"},{"@type":"Organization","@id":"https:\/\/iha-race.com\/de\/#organization","name":"Iha Race","url":"https:\/\/iha-race.com\/de\/","logo":{"@type":"ImageObject","inLanguage":"de","@id":"https:\/\/iha-race.com\/de\/#\/schema\/logo\/image\/","url":"https:\/\/iha-race.com\/wp-content\/uploads\/2018\/07\/iha-race-drones-de-carreras-tienda-comprar-drones.png","contentUrl":"https:\/\/iha-race.com\/wp-content\/uploads\/2018\/07\/iha-race-drones-de-carreras-tienda-comprar-drones.png","width":300,"height":100,"caption":"Iha Race"},"image":{"@id":"https:\/\/iha-race.com\/de\/#\/schema\/logo\/image\/"}}]}},"jetpack_sharing_enabled":true,"brands":[],"_links":{"self":[{"href":"https:\/\/iha-race.com\/de\/wp-json\/wp\/v2\/product\/207479","targetHints":{"allow":["GET"]}}],"collection":[{"href":"https:\/\/iha-race.com\/de\/wp-json\/wp\/v2\/product"}],"about":[{"href":"https:\/\/iha-race.com\/de\/wp-json\/wp\/v2\/types\/product"}],"replies":[{"embeddable":true,"href":"https:\/\/iha-race.com\/de\/wp-json\/wp\/v2\/comments?post=207479"}],"version-history":[{"count":1,"href":"https:\/\/iha-race.com\/de\/wp-json\/wp\/v2\/product\/207479\/revisions"}],"predecessor-version":[{"id":250610,"href":"https:\/\/iha-race.com\/de\/wp-json\/wp\/v2\/product\/207479\/revisions\/250610"}],"wp:featuredmedia":[{"embeddable":true,"href":"https:\/\/iha-race.com\/de\/wp-json\/wp\/v2\/media\/125340"}],"wp:attachment":[{"href":"https:\/\/iha-race.com\/de\/wp-json\/wp\/v2\/media?parent=207479"}],"wp:term":[{"taxonomy":"pwb-brand","embeddable":true,"href":"https:\/\/iha-race.com\/de\/wp-json\/wp\/v2\/pwb-brand?post=207479"},{"taxonomy":"product_cat","embeddable":true,"href":"https:\/\/iha-race.com\/de\/wp-json\/wp\/v2\/product_cat?post=207479"},{"taxonomy":"product_tag","embeddable":true,"href":"https:\/\/iha-race.com\/de\/wp-json\/wp\/v2\/product_tag?post=207479"}],"curies":[{"name":"wp","href":"https:\/\/api.w.org\/{rel}","templated":true}]}}