{"id":207445,"date":"2018-07-19T17:14:38","date_gmt":"2018-07-19T16:14:38","guid":{"rendered":"https:\/\/iha-race.com\/producto\/esc-wechselrichter-t-motors-flame-25a-pro\/"},"modified":"2024-09-02T14:00:41","modified_gmt":"2024-09-02T12:00:41","slug":"sc-variator-t-motoren-flamme-25a-pro","status":"publish","type":"product","link":"https:\/\/iha-race.com\/de\/producto\/sc-variator-t-motoren-flamme-25a-pro\/","title":{"rendered":"ESC-Wechselrichter T-Motors Flame 25A PRO"},"content":{"rendered":"<h2>ESC-Wechselrichter T-Motors Flame 25A PRO<\/h2>\n<div id=\"tab-overview\" class=\"sel\">\n<div>  Die Verwendung eines Metallgeh\u00e4uses verleiht der Pro FLAME 25A eine feine Textur und eine g\u00fcnstige Gesamtleistung bei der W\u00e4rmeableitung, Wasserdichtigkeit und Staubdichtigkeit. In der Pro werden kundenspezifische Chips verwendet, die FLAME 25A tr\u00e4gt zur Erh\u00f6hung der Grundfrequenz auf bis zu 100 MHz und Materialisierungscode in Hardware bei. Die Anwendung der pr\u00e4zisen elektromagnetischen Beobachtungsmotortechnologie und die \u00c4nderung der Motordrehzahl nutzen die Vorteile des Rechteckantriebs voll aus. \u00dcber RC k\u00f6nnen Parameter f\u00fcr Zeitsteuerung, Bremsen, Beschleunigung und Drehrichtungen eingestellt werden. Und das Beste ist, dass die FLAME 25A mit allen g\u00e4ngigen Motoren auf dem Markt kompatibel ist.  <strong>Merkmale:<\/strong><\/p>\n<ul>\n<li>Ausgezeichnete Motorkompatibilit\u00e4t<\/li>\n<li>Aktive Bremsfunktion<\/li>\n<li>Max. Kontinuierlicher Strom: 25A<\/li>\n<li>Zwei Drosselklappensignale: 30-500 Hz PWM regul\u00e4res Signal; 30-600Hz OneShot125 Signal<\/li>\n<\/ul>\n<p><strong>Spezifikation:<\/strong><\/p>\n<ul>\n<li>Minimale Eingangsspannung: 6,4 V<\/li>\n<li>Maximale Eingangsspannung: 17,4 V<\/li>\n<li>Typische Eingangsspannung: 14,8<\/li>\n<li>PWM-Minimum: 3,0 V<\/li>\n<li>PWM Max: 5.0V<\/li>\n<li>Max. Dauerstrom: 25A<\/li>\n<li>Spitzenstrom (3s): 30A<\/li>\n<li>Oneshot125 Kompatible Signalfrequenz: 30 &#8211; 600 Hz<\/li>\n<li>Regelm\u00e4\u00dfige Frequenz des Signals: 30-500 Hz<\/li>\n<li>Umgebungstemperatur: -10C bis 50C<\/li>\n<\/ul>\n<\/div>\n<\/div>\n<p>&nbsp;<\/p>\n<p>&nbsp;<\/p>\n","protected":false},"excerpt":{"rendered":"<p>ESC-Wechselrichter T-Motors Flame 25A PRO Die Verwendung eines Metallgeh\u00e4uses verleiht der Pro FLAME 25A eine feine Textur und eine g\u00fcnstige Gesamtleistung bei der W\u00e4rmeableitung, Wasserdichtigkeit und Staubdichtigkeit. In der Pro<\/p>\n","protected":false},"featured_media":125433,"comment_status":"open","ping_status":"closed","template":"","meta":{"_joinchat":[]},"pwb-brand":[],"product_cat":[617],"product_tag":[],"class_list":{"0":"post-207445","1":"product","2":"type-product","3":"status-publish","4":"has-post-thumbnail","6":"product_cat-outlet","8":"first","9":"outofstock","10":"taxable","11":"shipping-taxable","12":"purchasable","13":"product-type-simple"},"barcode":null,"atum_controlled":true,"out_stock_date":"2025-06-02 22:22:20","out_stock_threshold":null,"inheritable":false,"stock_on_hold":0,"sold_today":0,"sales_last_days":0,"out_stock_days":174,"lost_sales":497,"update_date":"2026-04-08T16:31:37","atum_locations":[],"atum_stock_status":"outofstock","restock_status":false,"low_stock_amount":"","sales_update_date":"2025-11-24T10:08:22","calc_backorders":null,"yoast_head":"<!-- This site is optimized with the Yoast SEO plugin v27.3 - https:\/\/yoast.com\/product\/yoast-seo-wordpress\/ -->\n<title>ESC-Wechselrichter T-Motors Flame 25A PRO - Iha Race<\/title>\n<meta name=\"robots\" content=\"index, follow, max-snippet:-1, max-image-preview:large, max-video-preview:-1\" \/>\n<link rel=\"canonical\" href=\"https:\/\/iha-race.com\/de\/producto\/sc-variator-t-motoren-flamme-25a-pro\/\" \/>\n<meta property=\"og:locale\" content=\"de_DE\" \/>\n<meta property=\"og:type\" content=\"article\" \/>\n<meta property=\"og:title\" content=\"ESC-Wechselrichter T-Motors Flame 25A PRO - Iha Race\" \/>\n<meta property=\"og:description\" content=\"ESC-Wechselrichter T-Motors Flame 25A PRO Die Verwendung eines Metallgeh\u00e4uses verleiht der Pro FLAME 25A eine feine Textur und eine g\u00fcnstige Gesamtleistung bei der W\u00e4rmeableitung, Wasserdichtigkeit und Staubdichtigkeit. In der Pro\" \/>\n<meta property=\"og:url\" content=\"https:\/\/iha-race.com\/de\/producto\/sc-variator-t-motoren-flamme-25a-pro\/\" \/>\n<meta property=\"og:site_name\" content=\"Iha Race\" \/>\n<meta property=\"article:modified_time\" content=\"2024-09-02T12:00:41+00:00\" \/>\n<meta property=\"og:image\" content=\"https:\/\/iha-race.com\/wp-content\/uploads\/2018\/07\/variador-t-motors-flame-25a-pro-1.jpg\" \/>\n\t<meta property=\"og:image:width\" content=\"800\" \/>\n\t<meta property=\"og:image:height\" content=\"800\" \/>\n\t<meta property=\"og:image:type\" content=\"image\/jpeg\" \/>\n<meta name=\"twitter:card\" content=\"summary_large_image\" \/>\n<meta name=\"twitter:label1\" content=\"Gesch\u00e4tzte Lesezeit\" \/>\n\t<meta name=\"twitter:data1\" content=\"1\u00a0Minute\" \/>\n<script type=\"application\/ld+json\" class=\"yoast-schema-graph\">{\"@context\":\"https:\\\/\\\/schema.org\",\"@graph\":[{\"@type\":\"WebPage\",\"@id\":\"https:\\\/\\\/iha-race.com\\\/de\\\/producto\\\/sc-variator-t-motoren-flamme-25a-pro\\\/\",\"url\":\"https:\\\/\\\/iha-race.com\\\/de\\\/producto\\\/sc-variator-t-motoren-flamme-25a-pro\\\/\",\"name\":\"ESC-Wechselrichter T-Motors Flame 25A PRO - Iha Race\",\"isPartOf\":{\"@id\":\"https:\\\/\\\/iha-race.com\\\/de\\\/#website\"},\"primaryImageOfPage\":{\"@id\":\"https:\\\/\\\/iha-race.com\\\/de\\\/producto\\\/sc-variator-t-motoren-flamme-25a-pro\\\/#primaryimage\"},\"image\":{\"@id\":\"https:\\\/\\\/iha-race.com\\\/de\\\/producto\\\/sc-variator-t-motoren-flamme-25a-pro\\\/#primaryimage\"},\"thumbnailUrl\":\"https:\\\/\\\/iha-race.com\\\/wp-content\\\/uploads\\\/2018\\\/07\\\/variador-t-motors-flame-25a-pro-1.jpg\",\"datePublished\":\"2018-07-19T16:14:38+00:00\",\"dateModified\":\"2024-09-02T12:00:41+00:00\",\"breadcrumb\":{\"@id\":\"https:\\\/\\\/iha-race.com\\\/de\\\/producto\\\/sc-variator-t-motoren-flamme-25a-pro\\\/#breadcrumb\"},\"inLanguage\":\"de\",\"potentialAction\":[{\"@type\":\"ReadAction\",\"target\":[\"https:\\\/\\\/iha-race.com\\\/de\\\/producto\\\/sc-variator-t-motoren-flamme-25a-pro\\\/\"]}]},{\"@type\":\"ImageObject\",\"inLanguage\":\"de\",\"@id\":\"https:\\\/\\\/iha-race.com\\\/de\\\/producto\\\/sc-variator-t-motoren-flamme-25a-pro\\\/#primaryimage\",\"url\":\"https:\\\/\\\/iha-race.com\\\/wp-content\\\/uploads\\\/2018\\\/07\\\/variador-t-motors-flame-25a-pro-1.jpg\",\"contentUrl\":\"https:\\\/\\\/iha-race.com\\\/wp-content\\\/uploads\\\/2018\\\/07\\\/variador-t-motors-flame-25a-pro-1.jpg\",\"width\":800,\"height\":800},{\"@type\":\"BreadcrumbList\",\"@id\":\"https:\\\/\\\/iha-race.com\\\/de\\\/producto\\\/sc-variator-t-motoren-flamme-25a-pro\\\/#breadcrumb\",\"itemListElement\":[{\"@type\":\"ListItem\",\"position\":1,\"name\":\"Portada\",\"item\":\"https:\\\/\\\/iha-race.com\\\/de\\\/elementor-499\\\/\"},{\"@type\":\"ListItem\",\"position\":2,\"name\":\"Shop\",\"item\":\"https:\\\/\\\/iha-race.com\\\/de\\\/shop\\\/\"},{\"@type\":\"ListItem\",\"position\":3,\"name\":\"ESC-Wechselrichter T-Motors Flame 25A PRO\"}]},{\"@type\":\"WebSite\",\"@id\":\"https:\\\/\\\/iha-race.com\\\/de\\\/#website\",\"url\":\"https:\\\/\\\/iha-race.com\\\/de\\\/\",\"name\":\"Iha Race\",\"description\":\"Comprar drones de carreras FPV env\u00edos en un d\u00eda desde Espa\u00f1a\",\"publisher\":{\"@id\":\"https:\\\/\\\/iha-race.com\\\/de\\\/#organization\"},\"potentialAction\":[{\"@type\":\"SearchAction\",\"target\":{\"@type\":\"EntryPoint\",\"urlTemplate\":\"https:\\\/\\\/iha-race.com\\\/de\\\/?s={search_term_string}\"},\"query-input\":{\"@type\":\"PropertyValueSpecification\",\"valueRequired\":true,\"valueName\":\"search_term_string\"}}],\"inLanguage\":\"de\"},{\"@type\":\"Organization\",\"@id\":\"https:\\\/\\\/iha-race.com\\\/de\\\/#organization\",\"name\":\"Iha Race\",\"url\":\"https:\\\/\\\/iha-race.com\\\/de\\\/\",\"logo\":{\"@type\":\"ImageObject\",\"inLanguage\":\"de\",\"@id\":\"https:\\\/\\\/iha-race.com\\\/de\\\/#\\\/schema\\\/logo\\\/image\\\/\",\"url\":\"https:\\\/\\\/iha-race.com\\\/wp-content\\\/uploads\\\/2018\\\/07\\\/iha-race-drones-de-carreras-tienda-comprar-drones.png\",\"contentUrl\":\"https:\\\/\\\/iha-race.com\\\/wp-content\\\/uploads\\\/2018\\\/07\\\/iha-race-drones-de-carreras-tienda-comprar-drones.png\",\"width\":300,\"height\":100,\"caption\":\"Iha Race\"},\"image\":{\"@id\":\"https:\\\/\\\/iha-race.com\\\/de\\\/#\\\/schema\\\/logo\\\/image\\\/\"}}]}<\/script>\n<!-- \/ Yoast SEO plugin. -->","yoast_head_json":{"title":"ESC-Wechselrichter T-Motors Flame 25A PRO - Iha Race","robots":{"index":"index","follow":"follow","max-snippet":"max-snippet:-1","max-image-preview":"max-image-preview:large","max-video-preview":"max-video-preview:-1"},"canonical":"https:\/\/iha-race.com\/de\/producto\/sc-variator-t-motoren-flamme-25a-pro\/","og_locale":"de_DE","og_type":"article","og_title":"ESC-Wechselrichter T-Motors Flame 25A PRO - Iha Race","og_description":"ESC-Wechselrichter T-Motors Flame 25A PRO Die Verwendung eines Metallgeh\u00e4uses verleiht der Pro FLAME 25A eine feine Textur und eine g\u00fcnstige Gesamtleistung bei der W\u00e4rmeableitung, Wasserdichtigkeit und Staubdichtigkeit. In der Pro","og_url":"https:\/\/iha-race.com\/de\/producto\/sc-variator-t-motoren-flamme-25a-pro\/","og_site_name":"Iha Race","article_modified_time":"2024-09-02T12:00:41+00:00","og_image":[{"width":800,"height":800,"url":"https:\/\/iha-race.com\/wp-content\/uploads\/2018\/07\/variador-t-motors-flame-25a-pro-1.jpg","type":"image\/jpeg"}],"twitter_card":"summary_large_image","twitter_misc":{"Gesch\u00e4tzte Lesezeit":"1\u00a0Minute"},"schema":{"@context":"https:\/\/schema.org","@graph":[{"@type":"WebPage","@id":"https:\/\/iha-race.com\/de\/producto\/sc-variator-t-motoren-flamme-25a-pro\/","url":"https:\/\/iha-race.com\/de\/producto\/sc-variator-t-motoren-flamme-25a-pro\/","name":"ESC-Wechselrichter T-Motors Flame 25A PRO - Iha Race","isPartOf":{"@id":"https:\/\/iha-race.com\/de\/#website"},"primaryImageOfPage":{"@id":"https:\/\/iha-race.com\/de\/producto\/sc-variator-t-motoren-flamme-25a-pro\/#primaryimage"},"image":{"@id":"https:\/\/iha-race.com\/de\/producto\/sc-variator-t-motoren-flamme-25a-pro\/#primaryimage"},"thumbnailUrl":"https:\/\/iha-race.com\/wp-content\/uploads\/2018\/07\/variador-t-motors-flame-25a-pro-1.jpg","datePublished":"2018-07-19T16:14:38+00:00","dateModified":"2024-09-02T12:00:41+00:00","breadcrumb":{"@id":"https:\/\/iha-race.com\/de\/producto\/sc-variator-t-motoren-flamme-25a-pro\/#breadcrumb"},"inLanguage":"de","potentialAction":[{"@type":"ReadAction","target":["https:\/\/iha-race.com\/de\/producto\/sc-variator-t-motoren-flamme-25a-pro\/"]}]},{"@type":"ImageObject","inLanguage":"de","@id":"https:\/\/iha-race.com\/de\/producto\/sc-variator-t-motoren-flamme-25a-pro\/#primaryimage","url":"https:\/\/iha-race.com\/wp-content\/uploads\/2018\/07\/variador-t-motors-flame-25a-pro-1.jpg","contentUrl":"https:\/\/iha-race.com\/wp-content\/uploads\/2018\/07\/variador-t-motors-flame-25a-pro-1.jpg","width":800,"height":800},{"@type":"BreadcrumbList","@id":"https:\/\/iha-race.com\/de\/producto\/sc-variator-t-motoren-flamme-25a-pro\/#breadcrumb","itemListElement":[{"@type":"ListItem","position":1,"name":"Portada","item":"https:\/\/iha-race.com\/de\/elementor-499\/"},{"@type":"ListItem","position":2,"name":"Shop","item":"https:\/\/iha-race.com\/de\/shop\/"},{"@type":"ListItem","position":3,"name":"ESC-Wechselrichter T-Motors Flame 25A PRO"}]},{"@type":"WebSite","@id":"https:\/\/iha-race.com\/de\/#website","url":"https:\/\/iha-race.com\/de\/","name":"Iha Race","description":"Comprar drones de carreras FPV env\u00edos en un d\u00eda desde Espa\u00f1a","publisher":{"@id":"https:\/\/iha-race.com\/de\/#organization"},"potentialAction":[{"@type":"SearchAction","target":{"@type":"EntryPoint","urlTemplate":"https:\/\/iha-race.com\/de\/?s={search_term_string}"},"query-input":{"@type":"PropertyValueSpecification","valueRequired":true,"valueName":"search_term_string"}}],"inLanguage":"de"},{"@type":"Organization","@id":"https:\/\/iha-race.com\/de\/#organization","name":"Iha Race","url":"https:\/\/iha-race.com\/de\/","logo":{"@type":"ImageObject","inLanguage":"de","@id":"https:\/\/iha-race.com\/de\/#\/schema\/logo\/image\/","url":"https:\/\/iha-race.com\/wp-content\/uploads\/2018\/07\/iha-race-drones-de-carreras-tienda-comprar-drones.png","contentUrl":"https:\/\/iha-race.com\/wp-content\/uploads\/2018\/07\/iha-race-drones-de-carreras-tienda-comprar-drones.png","width":300,"height":100,"caption":"Iha Race"},"image":{"@id":"https:\/\/iha-race.com\/de\/#\/schema\/logo\/image\/"}}]}},"jetpack_sharing_enabled":true,"brands":[],"_links":{"self":[{"href":"https:\/\/iha-race.com\/de\/wp-json\/wp\/v2\/product\/207445","targetHints":{"allow":["GET"]}}],"collection":[{"href":"https:\/\/iha-race.com\/de\/wp-json\/wp\/v2\/product"}],"about":[{"href":"https:\/\/iha-race.com\/de\/wp-json\/wp\/v2\/types\/product"}],"replies":[{"embeddable":true,"href":"https:\/\/iha-race.com\/de\/wp-json\/wp\/v2\/comments?post=207445"}],"version-history":[{"count":2,"href":"https:\/\/iha-race.com\/de\/wp-json\/wp\/v2\/product\/207445\/revisions"}],"predecessor-version":[{"id":250791,"href":"https:\/\/iha-race.com\/de\/wp-json\/wp\/v2\/product\/207445\/revisions\/250791"}],"wp:featuredmedia":[{"embeddable":true,"href":"https:\/\/iha-race.com\/de\/wp-json\/wp\/v2\/media\/125433"}],"wp:attachment":[{"href":"https:\/\/iha-race.com\/de\/wp-json\/wp\/v2\/media?parent=207445"}],"wp:term":[{"taxonomy":"pwb-brand","embeddable":true,"href":"https:\/\/iha-race.com\/de\/wp-json\/wp\/v2\/pwb-brand?post=207445"},{"taxonomy":"product_cat","embeddable":true,"href":"https:\/\/iha-race.com\/de\/wp-json\/wp\/v2\/product_cat?post=207445"},{"taxonomy":"product_tag","embeddable":true,"href":"https:\/\/iha-race.com\/de\/wp-json\/wp\/v2\/product_tag?post=207445"}],"curies":[{"name":"wp","href":"https:\/\/api.w.org\/{rel}","templated":true}]}}