{"id":207429,"date":"2018-07-23T06:26:46","date_gmt":"2018-07-23T06:26:46","guid":{"rendered":"https:\/\/iha-race.com\/producto\/hq-slow-flyer-8-9-10-propeller-cw-ccw\/"},"modified":"2024-08-29T16:43:42","modified_gmt":"2024-08-29T14:43:42","slug":"helice-hq-slow-flyer-8-9-10-cw-ccw-2","status":"publish","type":"product","link":"https:\/\/iha-race.com\/de\/producto\/helice-hq-slow-flyer-8-9-10-cw-ccw-2\/","title":{"rendered":"HQ Slow Flyer 8&#8243; 9&#8243; 10&#8243; Propeller (CW\/CCW)"},"content":{"rendered":"<h3>HQ Slow Flyer 8&#8243; 9&#8243; 10&#8243; Propeller (CW\/CCW)<\/h3>\n<p>  Entwickelt und hergestellt von HQ Prop f\u00fcr den Einsatz in Motoren mit niedrigen und mittleren Drehzahlen f\u00fcr Drohnen, Flugzeuge und Nurfl\u00fcgler.  <\/p>\n<h2>8\u2033 Merkmale:<\/h2>\n<ul>\n<li>Propellerdurchmesser: 8 Zoll<\/li>\n<li>Stufe: 4,5<\/li>\n<li>Klingen: 2<\/li>\n<li>Material: Kohlefaser<\/li>\n<li>Adapterringe: 6\/5\/4\/3<\/li>\n<\/ul>\n<h2>9\u2033Merkmale:<\/h2>\n<ul>\n<li>Propellerdurchmesser: 9 Zoll<\/li>\n<li>Stufe: 4,5<\/li>\n<li>Klingen: 2<\/li>\n<li>Material: Kohlefaser<\/li>\n<li>Adapterringe: 6\/5\/4\/3<\/li>\n<\/ul>\n<h2>10\u2033 Merkmale:<\/h2>\n<ul>\n<li>Propellerdurchmesser: 10 Zoll<\/li>\n<li>Stufe: 4,5<\/li>\n<li>Klingen: 2<\/li>\n<li>Material: Kohlefaser<\/li>\n<li>Adapterringe: 6\/5\/4\/3<\/li>\n<\/ul>\n<h2>Das Paket enth\u00e4lt:<\/h2>\n<ul>\n<li>2 x HQ Slow Flyer 8&#8243; 9&#8243; 10&#8243; Propeller (CW oder CCW) Farbe Schwarz<\/li>\n<\/ul>\n<p>&nbsp;<\/p>\n","protected":false},"excerpt":{"rendered":"<p>HQ Slow Flyer 8&#8243; 9&#8243; 10&#8243; Propeller (CW\/CCW) Entwickelt und hergestellt von HQ Prop f\u00fcr den Einsatz in Motoren mit niedrigen und mittleren Drehzahlen f\u00fcr Drohnen, Flugzeuge und Nurfl\u00fcgler. 8\u2033<\/p>\n","protected":false},"featured_media":124414,"comment_status":"open","ping_status":"closed","template":"","meta":{"_joinchat":[]},"pwb-brand":[],"product_cat":[2620,2632,2600,2627],"product_tag":[],"class_list":{"0":"post-207429","1":"product","2":"type-product","3":"status-publish","4":"has-post-thumbnail","6":"product_cat-8-9-10-11-12-de","7":"product_cat-bipalas-de","8":"product_cat-fpv-propeller","9":"product_cat-paddel","11":"first","12":"instock","13":"taxable","14":"shipping-taxable","15":"purchasable","16":"product-type-variable"},"barcode":null,"atum_controlled":true,"out_stock_date":null,"out_stock_threshold":null,"inheritable":true,"stock_on_hold":0,"sold_today":0,"sales_last_days":0,"out_stock_days":0,"lost_sales":0,"update_date":"2026-04-18T23:35:01","atum_locations":[],"atum_stock_status":"instock","restock_status":false,"low_stock_amount":"","sales_update_date":"2026-04-18T23:35:01","calc_backorders":null,"yoast_head":"<!-- This site is optimized with the Yoast SEO plugin v27.3 - https:\/\/yoast.com\/product\/yoast-seo-wordpress\/ -->\n<title>HQ Slow Flyer 8&quot; 9&quot; 10&quot; Propeller (CW\/CCW) - Iha Race<\/title>\n<meta name=\"robots\" content=\"index, follow, max-snippet:-1, max-image-preview:large, max-video-preview:-1\" \/>\n<link rel=\"canonical\" href=\"https:\/\/iha-race.com\/de\/producto\/helice-hq-slow-flyer-8-9-10-cw-ccw-2\/\" \/>\n<meta property=\"og:locale\" content=\"de_DE\" \/>\n<meta property=\"og:type\" content=\"article\" \/>\n<meta property=\"og:title\" content=\"HQ Slow Flyer 8&quot; 9&quot; 10&quot; Propeller (CW\/CCW) - Iha Race\" \/>\n<meta property=\"og:description\" content=\"HQ Slow Flyer 8&#8243; 9&#8243; 10&#8243; Propeller (CW\/CCW) Entwickelt und hergestellt von HQ Prop f\u00fcr den Einsatz in Motoren mit niedrigen und mittleren Drehzahlen f\u00fcr Drohnen, Flugzeuge und Nurfl\u00fcgler. 8\u2033\" \/>\n<meta property=\"og:url\" content=\"https:\/\/iha-race.com\/de\/producto\/helice-hq-slow-flyer-8-9-10-cw-ccw-2\/\" \/>\n<meta property=\"og:site_name\" content=\"Iha Race\" \/>\n<meta property=\"article:modified_time\" content=\"2024-08-29T14:43:42+00:00\" \/>\n<meta property=\"og:image\" content=\"https:\/\/iha-race.com\/wp-content\/uploads\/2018\/07\/helice-hq-slow-flyer-arrastre-empuje-8-9-10-comprar-1.jpg\" \/>\n\t<meta property=\"og:image:width\" content=\"800\" \/>\n\t<meta property=\"og:image:height\" content=\"800\" \/>\n\t<meta property=\"og:image:type\" content=\"image\/jpeg\" \/>\n<meta name=\"twitter:card\" content=\"summary_large_image\" \/>\n<script type=\"application\/ld+json\" class=\"yoast-schema-graph\">{\"@context\":\"https:\\\/\\\/schema.org\",\"@graph\":[{\"@type\":\"WebPage\",\"@id\":\"https:\\\/\\\/iha-race.com\\\/de\\\/producto\\\/helice-hq-slow-flyer-8-9-10-cw-ccw-2\\\/\",\"url\":\"https:\\\/\\\/iha-race.com\\\/de\\\/producto\\\/helice-hq-slow-flyer-8-9-10-cw-ccw-2\\\/\",\"name\":\"HQ Slow Flyer 8\\\" 9\\\" 10\\\" Propeller (CW\\\/CCW) - Iha Race\",\"isPartOf\":{\"@id\":\"https:\\\/\\\/iha-race.com\\\/de\\\/#website\"},\"primaryImageOfPage\":{\"@id\":\"https:\\\/\\\/iha-race.com\\\/de\\\/producto\\\/helice-hq-slow-flyer-8-9-10-cw-ccw-2\\\/#primaryimage\"},\"image\":{\"@id\":\"https:\\\/\\\/iha-race.com\\\/de\\\/producto\\\/helice-hq-slow-flyer-8-9-10-cw-ccw-2\\\/#primaryimage\"},\"thumbnailUrl\":\"https:\\\/\\\/iha-race.com\\\/wp-content\\\/uploads\\\/2018\\\/07\\\/helice-hq-slow-flyer-arrastre-empuje-8-9-10-comprar-1.jpg\",\"datePublished\":\"2018-07-23T06:26:46+00:00\",\"dateModified\":\"2024-08-29T14:43:42+00:00\",\"breadcrumb\":{\"@id\":\"https:\\\/\\\/iha-race.com\\\/de\\\/producto\\\/helice-hq-slow-flyer-8-9-10-cw-ccw-2\\\/#breadcrumb\"},\"inLanguage\":\"de\",\"potentialAction\":[{\"@type\":\"ReadAction\",\"target\":[\"https:\\\/\\\/iha-race.com\\\/de\\\/producto\\\/helice-hq-slow-flyer-8-9-10-cw-ccw-2\\\/\"]}]},{\"@type\":\"ImageObject\",\"inLanguage\":\"de\",\"@id\":\"https:\\\/\\\/iha-race.com\\\/de\\\/producto\\\/helice-hq-slow-flyer-8-9-10-cw-ccw-2\\\/#primaryimage\",\"url\":\"https:\\\/\\\/iha-race.com\\\/wp-content\\\/uploads\\\/2018\\\/07\\\/helice-hq-slow-flyer-arrastre-empuje-8-9-10-comprar-1.jpg\",\"contentUrl\":\"https:\\\/\\\/iha-race.com\\\/wp-content\\\/uploads\\\/2018\\\/07\\\/helice-hq-slow-flyer-arrastre-empuje-8-9-10-comprar-1.jpg\",\"width\":800,\"height\":800},{\"@type\":\"BreadcrumbList\",\"@id\":\"https:\\\/\\\/iha-race.com\\\/de\\\/producto\\\/helice-hq-slow-flyer-8-9-10-cw-ccw-2\\\/#breadcrumb\",\"itemListElement\":[{\"@type\":\"ListItem\",\"position\":1,\"name\":\"Portada\",\"item\":\"https:\\\/\\\/iha-race.com\\\/de\\\/elementor-499\\\/\"},{\"@type\":\"ListItem\",\"position\":2,\"name\":\"Shop\",\"item\":\"https:\\\/\\\/iha-race.com\\\/de\\\/shop\\\/\"},{\"@type\":\"ListItem\",\"position\":3,\"name\":\"HQ Slow Flyer 8&#8243; 9&#8243; 10&#8243; Propeller (CW\\\/CCW)\"}]},{\"@type\":\"WebSite\",\"@id\":\"https:\\\/\\\/iha-race.com\\\/de\\\/#website\",\"url\":\"https:\\\/\\\/iha-race.com\\\/de\\\/\",\"name\":\"Iha Race\",\"description\":\"Comprar drones de carreras FPV env\u00edos en un d\u00eda desde Espa\u00f1a\",\"publisher\":{\"@id\":\"https:\\\/\\\/iha-race.com\\\/de\\\/#organization\"},\"potentialAction\":[{\"@type\":\"SearchAction\",\"target\":{\"@type\":\"EntryPoint\",\"urlTemplate\":\"https:\\\/\\\/iha-race.com\\\/de\\\/?s={search_term_string}\"},\"query-input\":{\"@type\":\"PropertyValueSpecification\",\"valueRequired\":true,\"valueName\":\"search_term_string\"}}],\"inLanguage\":\"de\"},{\"@type\":\"Organization\",\"@id\":\"https:\\\/\\\/iha-race.com\\\/de\\\/#organization\",\"name\":\"Iha Race\",\"url\":\"https:\\\/\\\/iha-race.com\\\/de\\\/\",\"logo\":{\"@type\":\"ImageObject\",\"inLanguage\":\"de\",\"@id\":\"https:\\\/\\\/iha-race.com\\\/de\\\/#\\\/schema\\\/logo\\\/image\\\/\",\"url\":\"https:\\\/\\\/iha-race.com\\\/wp-content\\\/uploads\\\/2018\\\/07\\\/iha-race-drones-de-carreras-tienda-comprar-drones.png\",\"contentUrl\":\"https:\\\/\\\/iha-race.com\\\/wp-content\\\/uploads\\\/2018\\\/07\\\/iha-race-drones-de-carreras-tienda-comprar-drones.png\",\"width\":300,\"height\":100,\"caption\":\"Iha Race\"},\"image\":{\"@id\":\"https:\\\/\\\/iha-race.com\\\/de\\\/#\\\/schema\\\/logo\\\/image\\\/\"}}]}<\/script>\n<!-- \/ Yoast SEO plugin. -->","yoast_head_json":{"title":"HQ Slow Flyer 8\" 9\" 10\" Propeller (CW\/CCW) - Iha Race","robots":{"index":"index","follow":"follow","max-snippet":"max-snippet:-1","max-image-preview":"max-image-preview:large","max-video-preview":"max-video-preview:-1"},"canonical":"https:\/\/iha-race.com\/de\/producto\/helice-hq-slow-flyer-8-9-10-cw-ccw-2\/","og_locale":"de_DE","og_type":"article","og_title":"HQ Slow Flyer 8\" 9\" 10\" Propeller (CW\/CCW) - Iha Race","og_description":"HQ Slow Flyer 8&#8243; 9&#8243; 10&#8243; Propeller (CW\/CCW) Entwickelt und hergestellt von HQ Prop f\u00fcr den Einsatz in Motoren mit niedrigen und mittleren Drehzahlen f\u00fcr Drohnen, Flugzeuge und Nurfl\u00fcgler. 8\u2033","og_url":"https:\/\/iha-race.com\/de\/producto\/helice-hq-slow-flyer-8-9-10-cw-ccw-2\/","og_site_name":"Iha Race","article_modified_time":"2024-08-29T14:43:42+00:00","og_image":[{"width":800,"height":800,"url":"https:\/\/iha-race.com\/wp-content\/uploads\/2018\/07\/helice-hq-slow-flyer-arrastre-empuje-8-9-10-comprar-1.jpg","type":"image\/jpeg"}],"twitter_card":"summary_large_image","schema":{"@context":"https:\/\/schema.org","@graph":[{"@type":"WebPage","@id":"https:\/\/iha-race.com\/de\/producto\/helice-hq-slow-flyer-8-9-10-cw-ccw-2\/","url":"https:\/\/iha-race.com\/de\/producto\/helice-hq-slow-flyer-8-9-10-cw-ccw-2\/","name":"HQ Slow Flyer 8\" 9\" 10\" Propeller (CW\/CCW) - Iha Race","isPartOf":{"@id":"https:\/\/iha-race.com\/de\/#website"},"primaryImageOfPage":{"@id":"https:\/\/iha-race.com\/de\/producto\/helice-hq-slow-flyer-8-9-10-cw-ccw-2\/#primaryimage"},"image":{"@id":"https:\/\/iha-race.com\/de\/producto\/helice-hq-slow-flyer-8-9-10-cw-ccw-2\/#primaryimage"},"thumbnailUrl":"https:\/\/iha-race.com\/wp-content\/uploads\/2018\/07\/helice-hq-slow-flyer-arrastre-empuje-8-9-10-comprar-1.jpg","datePublished":"2018-07-23T06:26:46+00:00","dateModified":"2024-08-29T14:43:42+00:00","breadcrumb":{"@id":"https:\/\/iha-race.com\/de\/producto\/helice-hq-slow-flyer-8-9-10-cw-ccw-2\/#breadcrumb"},"inLanguage":"de","potentialAction":[{"@type":"ReadAction","target":["https:\/\/iha-race.com\/de\/producto\/helice-hq-slow-flyer-8-9-10-cw-ccw-2\/"]}]},{"@type":"ImageObject","inLanguage":"de","@id":"https:\/\/iha-race.com\/de\/producto\/helice-hq-slow-flyer-8-9-10-cw-ccw-2\/#primaryimage","url":"https:\/\/iha-race.com\/wp-content\/uploads\/2018\/07\/helice-hq-slow-flyer-arrastre-empuje-8-9-10-comprar-1.jpg","contentUrl":"https:\/\/iha-race.com\/wp-content\/uploads\/2018\/07\/helice-hq-slow-flyer-arrastre-empuje-8-9-10-comprar-1.jpg","width":800,"height":800},{"@type":"BreadcrumbList","@id":"https:\/\/iha-race.com\/de\/producto\/helice-hq-slow-flyer-8-9-10-cw-ccw-2\/#breadcrumb","itemListElement":[{"@type":"ListItem","position":1,"name":"Portada","item":"https:\/\/iha-race.com\/de\/elementor-499\/"},{"@type":"ListItem","position":2,"name":"Shop","item":"https:\/\/iha-race.com\/de\/shop\/"},{"@type":"ListItem","position":3,"name":"HQ Slow Flyer 8&#8243; 9&#8243; 10&#8243; Propeller (CW\/CCW)"}]},{"@type":"WebSite","@id":"https:\/\/iha-race.com\/de\/#website","url":"https:\/\/iha-race.com\/de\/","name":"Iha Race","description":"Comprar drones de carreras FPV env\u00edos en un d\u00eda desde Espa\u00f1a","publisher":{"@id":"https:\/\/iha-race.com\/de\/#organization"},"potentialAction":[{"@type":"SearchAction","target":{"@type":"EntryPoint","urlTemplate":"https:\/\/iha-race.com\/de\/?s={search_term_string}"},"query-input":{"@type":"PropertyValueSpecification","valueRequired":true,"valueName":"search_term_string"}}],"inLanguage":"de"},{"@type":"Organization","@id":"https:\/\/iha-race.com\/de\/#organization","name":"Iha Race","url":"https:\/\/iha-race.com\/de\/","logo":{"@type":"ImageObject","inLanguage":"de","@id":"https:\/\/iha-race.com\/de\/#\/schema\/logo\/image\/","url":"https:\/\/iha-race.com\/wp-content\/uploads\/2018\/07\/iha-race-drones-de-carreras-tienda-comprar-drones.png","contentUrl":"https:\/\/iha-race.com\/wp-content\/uploads\/2018\/07\/iha-race-drones-de-carreras-tienda-comprar-drones.png","width":300,"height":100,"caption":"Iha Race"},"image":{"@id":"https:\/\/iha-race.com\/de\/#\/schema\/logo\/image\/"}}]}},"jetpack_sharing_enabled":true,"brands":[],"_links":{"self":[{"href":"https:\/\/iha-race.com\/de\/wp-json\/wp\/v2\/product\/207429","targetHints":{"allow":["GET"]}}],"collection":[{"href":"https:\/\/iha-race.com\/de\/wp-json\/wp\/v2\/product"}],"about":[{"href":"https:\/\/iha-race.com\/de\/wp-json\/wp\/v2\/types\/product"}],"replies":[{"embeddable":true,"href":"https:\/\/iha-race.com\/de\/wp-json\/wp\/v2\/comments?post=207429"}],"version-history":[{"count":1,"href":"https:\/\/iha-race.com\/de\/wp-json\/wp\/v2\/product\/207429\/revisions"}],"predecessor-version":[{"id":250612,"href":"https:\/\/iha-race.com\/de\/wp-json\/wp\/v2\/product\/207429\/revisions\/250612"}],"wp:featuredmedia":[{"embeddable":true,"href":"https:\/\/iha-race.com\/de\/wp-json\/wp\/v2\/media\/124414"}],"wp:attachment":[{"href":"https:\/\/iha-race.com\/de\/wp-json\/wp\/v2\/media?parent=207429"}],"wp:term":[{"taxonomy":"pwb-brand","embeddable":true,"href":"https:\/\/iha-race.com\/de\/wp-json\/wp\/v2\/pwb-brand?post=207429"},{"taxonomy":"product_cat","embeddable":true,"href":"https:\/\/iha-race.com\/de\/wp-json\/wp\/v2\/product_cat?post=207429"},{"taxonomy":"product_tag","embeddable":true,"href":"https:\/\/iha-race.com\/de\/wp-json\/wp\/v2\/product_tag?post=207429"}],"curies":[{"name":"wp","href":"https:\/\/api.w.org\/{rel}","templated":true}]}}