{"id":207428,"date":"2018-07-19T09:48:26","date_gmt":"2018-07-19T07:48:26","guid":{"rendered":"https:\/\/iha-race.com\/producto\/tbs-patch-rhcp-antenne-sma-rp-sma\/"},"modified":"2026-02-18T17:30:14","modified_gmt":"2026-02-18T16:30:14","slug":"antenne-tbs-patch-rhcp-sma-rp-sma","status":"publish","type":"product","link":"https:\/\/iha-race.com\/de\/producto\/antenne-tbs-patch-rhcp-sma-rp-sma\/","title":{"rendered":"TBS Patch-RHCP-Antenne (SMA\/RP-SMA)"},"content":{"rendered":"<h2>TBS Patch-RHCP-Antenne (SMA\/RP-SMA)<\/h2>\n<p>  Diese vom Paten der zirkularen Polarisation (IBCrazy, Video Aerial Systems LLC) entwickelte und vom Team BlackSheep hergestellte Antenne ist Ihr preiswerter Einstieg in die zirkulare Polarisation. Der Gewinn von 5dbi bietet gen\u00fcgend Strahlungsbreite, um diese Patch-Antenne bequem direkt an Ihrem Brillenempf\u00e4nger zu montieren. TBS ist ein neuer Akteur auf dem 5,8-GHz-Markt. Nach dem typischen TBS-Ansatz untersuchen wir die Unzul\u00e4nglichkeiten der derzeitigen Angebote und versuchen, Nischen f\u00fcr Innovationen zu finden. Die 5,8-GHz-Patch-TBS-Antenne ist eine von ihnen. Entwickelt vom Paten der zirkularen Polarisation (IBCrazy, Video Aerial Systems LLC) und hergestellt vom Team BlackSheep, ist diese Antenne Ihr preiswerter Einstieg in die zirkulare Polarisation. Der Gewinn von 5dbi bietet gen\u00fcgend Strahlungsbreite, um diese Patch-Antenne bequem direkt an Ihrem Brillenempf\u00e4nger zu montieren. Die typische Reichweite dieser Antenne betr\u00e4gt sehr bequeme 1,5 km bei einem 200 mW-Sender (was 3-4 km entspricht, wenn wir die gleichen Ma\u00dfst\u00e4be wie unsere Wettbewerber verwenden). Es entspricht oder \u00fcbertrifft damit alle bestehenden Kleeblatt\/Planarrad-Kombinationen, hat aber nur eine Reichweite von 110 Grad. Au\u00dferdem ist sie st\u00e4rker und haltbarer als alle anderen Empfangsantennen und leichter. Verwenden Sie diese Antenne f\u00fcr Ihre t\u00e4glichen Fl\u00fcge im Gel\u00e4nde in Kombination mit unserem Fatshark Dominator 5,8 GHz Empf\u00e4nger.  <\/p>\n<h3>Spezifikation:<\/h3>\n<ul>\n<li>5dBi Verst\u00e4rkung<\/li>\n<li>Zirkulare Polarisation<\/li>\n<li>5700-5900 MHz Arbeitsfrequenz<\/li>\n<li>110\u00b0 Strahlenbreite<\/li>\n<li>35 x 35 mm<\/li>\n<li>RP-SMA\/SMA-Stecker<\/li>\n<\/ul>\n","protected":false},"excerpt":{"rendered":"<p>Diese Antenne ist ein preiswerter Einstieg in die zirkulare Polarisation. Der Gewinn von 5dbi bietet gen\u00fcgend Strahlungsbreite, um diese Patch-Antenne bequem direkt an Ihrem Brillenempf\u00e4nger zu montieren.<\/p>\n","protected":false},"featured_media":124242,"comment_status":"open","ping_status":"closed","template":"","meta":{"_joinchat":[]},"pwb-brand":[],"product_cat":[2589],"product_tag":[],"class_list":{"0":"post-207428","1":"product","2":"type-product","3":"status-publish","4":"has-post-thumbnail","6":"product_cat-fpv-antennen","8":"first","9":"outofstock","10":"taxable","11":"shipping-taxable","12":"purchasable","13":"product-type-variable"},"barcode":null,"atum_controlled":true,"out_stock_date":null,"out_stock_threshold":null,"inheritable":true,"stock_on_hold":0,"sold_today":0,"sales_last_days":1,"out_stock_days":0,"lost_sales":0,"update_date":"2026-04-16T08:25:28","atum_locations":[],"atum_stock_status":"instock","restock_status":false,"low_stock_amount":"","sales_update_date":"2026-04-16T08:25:28","calc_backorders":null,"yoast_head":"<!-- This site is optimized with the Yoast SEO plugin v27.3 - https:\/\/yoast.com\/product\/yoast-seo-wordpress\/ -->\n<title>TBS Patch-RHCP-Antenne (SMA\/RP-SMA) - Iha Race<\/title>\n<meta name=\"robots\" content=\"index, follow, max-snippet:-1, max-image-preview:large, max-video-preview:-1\" \/>\n<link rel=\"canonical\" href=\"https:\/\/iha-race.com\/de\/producto\/antenne-tbs-patch-rhcp-sma-rp-sma\/\" \/>\n<meta property=\"og:locale\" content=\"de_DE\" \/>\n<meta property=\"og:type\" content=\"article\" \/>\n<meta property=\"og:title\" content=\"TBS Patch-RHCP-Antenne (SMA\/RP-SMA) - Iha Race\" \/>\n<meta property=\"og:description\" content=\"Diese Antenne ist ein preiswerter Einstieg in die zirkulare Polarisation. Der Gewinn von 5dbi bietet gen\u00fcgend Strahlungsbreite, um diese Patch-Antenne bequem direkt an Ihrem Brillenempf\u00e4nger zu montieren.\" \/>\n<meta property=\"og:url\" content=\"https:\/\/iha-race.com\/de\/producto\/antenne-tbs-patch-rhcp-sma-rp-sma\/\" \/>\n<meta property=\"og:site_name\" content=\"Iha Race\" \/>\n<meta property=\"article:modified_time\" content=\"2026-02-18T16:30:14+00:00\" \/>\n<meta property=\"og:image\" content=\"https:\/\/iha-race.com\/wp-content\/uploads\/2018\/07\/TBS-Patch-Antenna.jpg\" \/>\n\t<meta property=\"og:image:width\" content=\"1000\" \/>\n\t<meta property=\"og:image:height\" content=\"1000\" \/>\n\t<meta property=\"og:image:type\" content=\"image\/jpeg\" \/>\n<meta name=\"twitter:card\" content=\"summary_large_image\" \/>\n<meta name=\"twitter:label1\" content=\"Gesch\u00e4tzte Lesezeit\" \/>\n\t<meta name=\"twitter:data1\" content=\"1\u00a0Minute\" \/>\n<script type=\"application\/ld+json\" class=\"yoast-schema-graph\">{\"@context\":\"https:\\\/\\\/schema.org\",\"@graph\":[{\"@type\":\"WebPage\",\"@id\":\"https:\\\/\\\/iha-race.com\\\/de\\\/producto\\\/antenne-tbs-patch-rhcp-sma-rp-sma\\\/\",\"url\":\"https:\\\/\\\/iha-race.com\\\/de\\\/producto\\\/antenne-tbs-patch-rhcp-sma-rp-sma\\\/\",\"name\":\"TBS Patch-RHCP-Antenne (SMA\\\/RP-SMA) - Iha Race\",\"isPartOf\":{\"@id\":\"https:\\\/\\\/iha-race.com\\\/de\\\/#website\"},\"primaryImageOfPage\":{\"@id\":\"https:\\\/\\\/iha-race.com\\\/de\\\/producto\\\/antenne-tbs-patch-rhcp-sma-rp-sma\\\/#primaryimage\"},\"image\":{\"@id\":\"https:\\\/\\\/iha-race.com\\\/de\\\/producto\\\/antenne-tbs-patch-rhcp-sma-rp-sma\\\/#primaryimage\"},\"thumbnailUrl\":\"https:\\\/\\\/iha-race.com\\\/wp-content\\\/uploads\\\/2018\\\/07\\\/TBS-Patch-Antenna.jpg\",\"datePublished\":\"2018-07-19T07:48:26+00:00\",\"dateModified\":\"2026-02-18T16:30:14+00:00\",\"breadcrumb\":{\"@id\":\"https:\\\/\\\/iha-race.com\\\/de\\\/producto\\\/antenne-tbs-patch-rhcp-sma-rp-sma\\\/#breadcrumb\"},\"inLanguage\":\"de\",\"potentialAction\":[{\"@type\":\"ReadAction\",\"target\":[\"https:\\\/\\\/iha-race.com\\\/de\\\/producto\\\/antenne-tbs-patch-rhcp-sma-rp-sma\\\/\"]}]},{\"@type\":\"ImageObject\",\"inLanguage\":\"de\",\"@id\":\"https:\\\/\\\/iha-race.com\\\/de\\\/producto\\\/antenne-tbs-patch-rhcp-sma-rp-sma\\\/#primaryimage\",\"url\":\"https:\\\/\\\/iha-race.com\\\/wp-content\\\/uploads\\\/2018\\\/07\\\/TBS-Patch-Antenna.jpg\",\"contentUrl\":\"https:\\\/\\\/iha-race.com\\\/wp-content\\\/uploads\\\/2018\\\/07\\\/TBS-Patch-Antenna.jpg\",\"width\":1000,\"height\":1000},{\"@type\":\"BreadcrumbList\",\"@id\":\"https:\\\/\\\/iha-race.com\\\/de\\\/producto\\\/antenne-tbs-patch-rhcp-sma-rp-sma\\\/#breadcrumb\",\"itemListElement\":[{\"@type\":\"ListItem\",\"position\":1,\"name\":\"Portada\",\"item\":\"https:\\\/\\\/iha-race.com\\\/de\\\/elementor-499\\\/\"},{\"@type\":\"ListItem\",\"position\":2,\"name\":\"Shop\",\"item\":\"https:\\\/\\\/iha-race.com\\\/de\\\/shop\\\/\"},{\"@type\":\"ListItem\",\"position\":3,\"name\":\"TBS Patch-RHCP-Antenne (SMA\\\/RP-SMA)\"}]},{\"@type\":\"WebSite\",\"@id\":\"https:\\\/\\\/iha-race.com\\\/de\\\/#website\",\"url\":\"https:\\\/\\\/iha-race.com\\\/de\\\/\",\"name\":\"Iha Race\",\"description\":\"Comprar drones de carreras FPV env\u00edos en un d\u00eda desde Espa\u00f1a\",\"publisher\":{\"@id\":\"https:\\\/\\\/iha-race.com\\\/de\\\/#organization\"},\"potentialAction\":[{\"@type\":\"SearchAction\",\"target\":{\"@type\":\"EntryPoint\",\"urlTemplate\":\"https:\\\/\\\/iha-race.com\\\/de\\\/?s={search_term_string}\"},\"query-input\":{\"@type\":\"PropertyValueSpecification\",\"valueRequired\":true,\"valueName\":\"search_term_string\"}}],\"inLanguage\":\"de\"},{\"@type\":\"Organization\",\"@id\":\"https:\\\/\\\/iha-race.com\\\/de\\\/#organization\",\"name\":\"Iha Race\",\"url\":\"https:\\\/\\\/iha-race.com\\\/de\\\/\",\"logo\":{\"@type\":\"ImageObject\",\"inLanguage\":\"de\",\"@id\":\"https:\\\/\\\/iha-race.com\\\/de\\\/#\\\/schema\\\/logo\\\/image\\\/\",\"url\":\"https:\\\/\\\/iha-race.com\\\/wp-content\\\/uploads\\\/2018\\\/07\\\/iha-race-drones-de-carreras-tienda-comprar-drones.png\",\"contentUrl\":\"https:\\\/\\\/iha-race.com\\\/wp-content\\\/uploads\\\/2018\\\/07\\\/iha-race-drones-de-carreras-tienda-comprar-drones.png\",\"width\":300,\"height\":100,\"caption\":\"Iha Race\"},\"image\":{\"@id\":\"https:\\\/\\\/iha-race.com\\\/de\\\/#\\\/schema\\\/logo\\\/image\\\/\"}}]}<\/script>\n<!-- \/ Yoast SEO plugin. -->","yoast_head_json":{"title":"TBS Patch-RHCP-Antenne (SMA\/RP-SMA) - Iha Race","robots":{"index":"index","follow":"follow","max-snippet":"max-snippet:-1","max-image-preview":"max-image-preview:large","max-video-preview":"max-video-preview:-1"},"canonical":"https:\/\/iha-race.com\/de\/producto\/antenne-tbs-patch-rhcp-sma-rp-sma\/","og_locale":"de_DE","og_type":"article","og_title":"TBS Patch-RHCP-Antenne (SMA\/RP-SMA) - Iha Race","og_description":"Diese Antenne ist ein preiswerter Einstieg in die zirkulare Polarisation. Der Gewinn von 5dbi bietet gen\u00fcgend Strahlungsbreite, um diese Patch-Antenne bequem direkt an Ihrem Brillenempf\u00e4nger zu montieren.","og_url":"https:\/\/iha-race.com\/de\/producto\/antenne-tbs-patch-rhcp-sma-rp-sma\/","og_site_name":"Iha Race","article_modified_time":"2026-02-18T16:30:14+00:00","og_image":[{"width":1000,"height":1000,"url":"https:\/\/iha-race.com\/wp-content\/uploads\/2018\/07\/TBS-Patch-Antenna.jpg","type":"image\/jpeg"}],"twitter_card":"summary_large_image","twitter_misc":{"Gesch\u00e4tzte Lesezeit":"1\u00a0Minute"},"schema":{"@context":"https:\/\/schema.org","@graph":[{"@type":"WebPage","@id":"https:\/\/iha-race.com\/de\/producto\/antenne-tbs-patch-rhcp-sma-rp-sma\/","url":"https:\/\/iha-race.com\/de\/producto\/antenne-tbs-patch-rhcp-sma-rp-sma\/","name":"TBS Patch-RHCP-Antenne (SMA\/RP-SMA) - Iha Race","isPartOf":{"@id":"https:\/\/iha-race.com\/de\/#website"},"primaryImageOfPage":{"@id":"https:\/\/iha-race.com\/de\/producto\/antenne-tbs-patch-rhcp-sma-rp-sma\/#primaryimage"},"image":{"@id":"https:\/\/iha-race.com\/de\/producto\/antenne-tbs-patch-rhcp-sma-rp-sma\/#primaryimage"},"thumbnailUrl":"https:\/\/iha-race.com\/wp-content\/uploads\/2018\/07\/TBS-Patch-Antenna.jpg","datePublished":"2018-07-19T07:48:26+00:00","dateModified":"2026-02-18T16:30:14+00:00","breadcrumb":{"@id":"https:\/\/iha-race.com\/de\/producto\/antenne-tbs-patch-rhcp-sma-rp-sma\/#breadcrumb"},"inLanguage":"de","potentialAction":[{"@type":"ReadAction","target":["https:\/\/iha-race.com\/de\/producto\/antenne-tbs-patch-rhcp-sma-rp-sma\/"]}]},{"@type":"ImageObject","inLanguage":"de","@id":"https:\/\/iha-race.com\/de\/producto\/antenne-tbs-patch-rhcp-sma-rp-sma\/#primaryimage","url":"https:\/\/iha-race.com\/wp-content\/uploads\/2018\/07\/TBS-Patch-Antenna.jpg","contentUrl":"https:\/\/iha-race.com\/wp-content\/uploads\/2018\/07\/TBS-Patch-Antenna.jpg","width":1000,"height":1000},{"@type":"BreadcrumbList","@id":"https:\/\/iha-race.com\/de\/producto\/antenne-tbs-patch-rhcp-sma-rp-sma\/#breadcrumb","itemListElement":[{"@type":"ListItem","position":1,"name":"Portada","item":"https:\/\/iha-race.com\/de\/elementor-499\/"},{"@type":"ListItem","position":2,"name":"Shop","item":"https:\/\/iha-race.com\/de\/shop\/"},{"@type":"ListItem","position":3,"name":"TBS Patch-RHCP-Antenne (SMA\/RP-SMA)"}]},{"@type":"WebSite","@id":"https:\/\/iha-race.com\/de\/#website","url":"https:\/\/iha-race.com\/de\/","name":"Iha Race","description":"Comprar drones de carreras FPV env\u00edos en un d\u00eda desde Espa\u00f1a","publisher":{"@id":"https:\/\/iha-race.com\/de\/#organization"},"potentialAction":[{"@type":"SearchAction","target":{"@type":"EntryPoint","urlTemplate":"https:\/\/iha-race.com\/de\/?s={search_term_string}"},"query-input":{"@type":"PropertyValueSpecification","valueRequired":true,"valueName":"search_term_string"}}],"inLanguage":"de"},{"@type":"Organization","@id":"https:\/\/iha-race.com\/de\/#organization","name":"Iha Race","url":"https:\/\/iha-race.com\/de\/","logo":{"@type":"ImageObject","inLanguage":"de","@id":"https:\/\/iha-race.com\/de\/#\/schema\/logo\/image\/","url":"https:\/\/iha-race.com\/wp-content\/uploads\/2018\/07\/iha-race-drones-de-carreras-tienda-comprar-drones.png","contentUrl":"https:\/\/iha-race.com\/wp-content\/uploads\/2018\/07\/iha-race-drones-de-carreras-tienda-comprar-drones.png","width":300,"height":100,"caption":"Iha Race"},"image":{"@id":"https:\/\/iha-race.com\/de\/#\/schema\/logo\/image\/"}}]}},"jetpack_sharing_enabled":true,"brands":[],"_links":{"self":[{"href":"https:\/\/iha-race.com\/de\/wp-json\/wp\/v2\/product\/207428","targetHints":{"allow":["GET"]}}],"collection":[{"href":"https:\/\/iha-race.com\/de\/wp-json\/wp\/v2\/product"}],"about":[{"href":"https:\/\/iha-race.com\/de\/wp-json\/wp\/v2\/types\/product"}],"replies":[{"embeddable":true,"href":"https:\/\/iha-race.com\/de\/wp-json\/wp\/v2\/comments?post=207428"}],"version-history":[{"count":2,"href":"https:\/\/iha-race.com\/de\/wp-json\/wp\/v2\/product\/207428\/revisions"}],"predecessor-version":[{"id":250626,"href":"https:\/\/iha-race.com\/de\/wp-json\/wp\/v2\/product\/207428\/revisions\/250626"}],"wp:featuredmedia":[{"embeddable":true,"href":"https:\/\/iha-race.com\/de\/wp-json\/wp\/v2\/media\/124242"}],"wp:attachment":[{"href":"https:\/\/iha-race.com\/de\/wp-json\/wp\/v2\/media?parent=207428"}],"wp:term":[{"taxonomy":"pwb-brand","embeddable":true,"href":"https:\/\/iha-race.com\/de\/wp-json\/wp\/v2\/pwb-brand?post=207428"},{"taxonomy":"product_cat","embeddable":true,"href":"https:\/\/iha-race.com\/de\/wp-json\/wp\/v2\/product_cat?post=207428"},{"taxonomy":"product_tag","embeddable":true,"href":"https:\/\/iha-race.com\/de\/wp-json\/wp\/v2\/product_tag?post=207428"}],"curies":[{"name":"wp","href":"https:\/\/api.w.org\/{rel}","templated":true}]}}