{"id":207424,"date":"2018-07-18T11:18:57","date_gmt":"2018-07-18T09:18:57","guid":{"rendered":"https:\/\/iha-race.com\/producto\/rubycom-kondensatoren-2-stueck\/"},"modified":"2024-08-29T17:03:21","modified_gmt":"2024-08-29T15:03:21","slug":"kondensatoren-rubycom-2-teilig","status":"publish","type":"product","link":"https:\/\/iha-race.com\/de\/producto\/kondensatoren-rubycom-2-teilig\/","title":{"rendered":"Rubycom Kondensatoren (2 St\u00fcck)"},"content":{"rendered":"<h3>Kondensator 470uf 50v \/470uf 35v \/220uf 50v \/ 220uf35v<\/h3>\n<p>  Der Kondensator mit der h\u00f6chsten Leistung und dem niedrigsten Innenwiderstand auf dem Markt. L\u00f6ten Sie einen f\u00fcr jeden Regler oder befestigen Sie sie einfach an Ihrer PDB, um Spannungsspitzen zu vermeiden.  <\/p>\n<h2><strong>Spezifikationen:<\/strong><\/h2>\n<h3>220uf35v<\/h3>\n<ul>\n<li>Maximale Spannung: 35V<\/li>\n<li>Kapazit\u00e4t: 220uF<\/li>\n<li>Impedanz: 49mOhm<\/li>\n<li>H\u00f6he: 12 mm<\/li>\n<li>Breite\/Durchmesser: 6mm<\/li>\n<li>Gewicht: 0,5g<\/li>\n<\/ul>\n<h3>220uf 50v<\/h3>\n<ul>\n<li>Maximale Spannung: 50V<\/li>\n<li>Kapazit\u00e4t: 220uF<\/li>\n<li>Impedanz: 49mOhm<\/li>\n<li>H\u00f6he: 15 mm<\/li>\n<li>Breite\/Durchmesser: 10mm<\/li>\n<li>Gewicht: 0,7 g<\/li>\n<\/ul>\n<h3>470uf 50v<\/h3>\n<ul>\n<li>Maximale Spannung: 50V<\/li>\n<li>Kapazit\u00e4t: 470uF<\/li>\n<li>Impedanz: 49mOhm<\/li>\n<li>H\u00f6he: 20 mm<\/li>\n<li>Breite\/Durchmesser: 13mm<\/li>\n<li>Gewicht: 0,7 g<\/li>\n<\/ul>\n","protected":false},"excerpt":{"rendered":"<p>Kondensator 470uf 50v \/470uf 35v \/220uf 50v \/ 220uf35v Der Kondensator mit der h\u00f6chsten Leistung und dem niedrigsten Innenwiderstand auf dem Markt. L\u00f6ten Sie einen f\u00fcr jeden Regler oder befestigen<\/p>\n","protected":false},"featured_media":124628,"comment_status":"open","ping_status":"closed","template":"","meta":{"_joinchat":[]},"pwb-brand":[],"product_cat":[2535,2641],"product_tag":[],"class_list":{"0":"post-207424","1":"product","2":"type-product","3":"status-publish","4":"has-post-thumbnail","6":"product_cat-fpv-elektronik-und-zubehor","7":"product_cat-kondensatoren","9":"first","10":"instock","11":"taxable","12":"shipping-taxable","13":"purchasable","14":"product-type-variable"},"barcode":null,"atum_controlled":true,"out_stock_date":null,"out_stock_threshold":null,"inheritable":true,"stock_on_hold":4,"sold_today":4,"sales_last_days":4,"out_stock_days":0,"lost_sales":0,"update_date":"2026-04-25T07:21:32","atum_locations":[],"atum_stock_status":"instock","restock_status":false,"low_stock_amount":"","sales_update_date":"2026-04-16T07:36:05","calc_backorders":null,"yoast_head":"<!-- This site is optimized with the Yoast SEO plugin v27.3 - https:\/\/yoast.com\/product\/yoast-seo-wordpress\/ -->\n<title>Rubycom Kondensatoren (2 St\u00fcck) - Iha Race<\/title>\n<meta name=\"robots\" content=\"index, follow, max-snippet:-1, max-image-preview:large, max-video-preview:-1\" \/>\n<link rel=\"canonical\" href=\"https:\/\/iha-race.com\/de\/producto\/kondensatoren-rubycom-2-teilig\/\" \/>\n<meta property=\"og:locale\" content=\"de_DE\" \/>\n<meta property=\"og:type\" content=\"article\" \/>\n<meta property=\"og:title\" content=\"Rubycom Kondensatoren (2 St\u00fcck) - Iha Race\" \/>\n<meta property=\"og:description\" content=\"Kondensator 470uf 50v \/470uf 35v \/220uf 50v \/ 220uf35v Der Kondensator mit der h\u00f6chsten Leistung und dem niedrigsten Innenwiderstand auf dem Markt. L\u00f6ten Sie einen f\u00fcr jeden Regler oder befestigen\" \/>\n<meta property=\"og:url\" content=\"https:\/\/iha-race.com\/de\/producto\/kondensatoren-rubycom-2-teilig\/\" \/>\n<meta property=\"og:site_name\" content=\"Iha Race\" \/>\n<meta property=\"article:modified_time\" content=\"2024-08-29T15:03:21+00:00\" \/>\n<meta property=\"og:image\" content=\"https:\/\/iha-race.com\/wp-content\/uploads\/2018\/07\/bs-6s-esc-capacitor-comprar-barato-online-1.jpg\" \/>\n\t<meta property=\"og:image:width\" content=\"800\" \/>\n\t<meta property=\"og:image:height\" content=\"800\" \/>\n\t<meta property=\"og:image:type\" content=\"image\/jpeg\" \/>\n<meta name=\"twitter:card\" content=\"summary_large_image\" \/>\n<script type=\"application\/ld+json\" class=\"yoast-schema-graph\">{\"@context\":\"https:\\\/\\\/schema.org\",\"@graph\":[{\"@type\":\"WebPage\",\"@id\":\"https:\\\/\\\/iha-race.com\\\/de\\\/producto\\\/kondensatoren-rubycom-2-teilig\\\/\",\"url\":\"https:\\\/\\\/iha-race.com\\\/de\\\/producto\\\/kondensatoren-rubycom-2-teilig\\\/\",\"name\":\"Rubycom Kondensatoren (2 St\u00fcck) - Iha Race\",\"isPartOf\":{\"@id\":\"https:\\\/\\\/iha-race.com\\\/de\\\/#website\"},\"primaryImageOfPage\":{\"@id\":\"https:\\\/\\\/iha-race.com\\\/de\\\/producto\\\/kondensatoren-rubycom-2-teilig\\\/#primaryimage\"},\"image\":{\"@id\":\"https:\\\/\\\/iha-race.com\\\/de\\\/producto\\\/kondensatoren-rubycom-2-teilig\\\/#primaryimage\"},\"thumbnailUrl\":\"https:\\\/\\\/iha-race.com\\\/wp-content\\\/uploads\\\/2018\\\/07\\\/bs-6s-esc-capacitor-comprar-barato-online-1.jpg\",\"datePublished\":\"2018-07-18T09:18:57+00:00\",\"dateModified\":\"2024-08-29T15:03:21+00:00\",\"breadcrumb\":{\"@id\":\"https:\\\/\\\/iha-race.com\\\/de\\\/producto\\\/kondensatoren-rubycom-2-teilig\\\/#breadcrumb\"},\"inLanguage\":\"de\",\"potentialAction\":[{\"@type\":\"ReadAction\",\"target\":[\"https:\\\/\\\/iha-race.com\\\/de\\\/producto\\\/kondensatoren-rubycom-2-teilig\\\/\"]}]},{\"@type\":\"ImageObject\",\"inLanguage\":\"de\",\"@id\":\"https:\\\/\\\/iha-race.com\\\/de\\\/producto\\\/kondensatoren-rubycom-2-teilig\\\/#primaryimage\",\"url\":\"https:\\\/\\\/iha-race.com\\\/wp-content\\\/uploads\\\/2018\\\/07\\\/bs-6s-esc-capacitor-comprar-barato-online-1.jpg\",\"contentUrl\":\"https:\\\/\\\/iha-race.com\\\/wp-content\\\/uploads\\\/2018\\\/07\\\/bs-6s-esc-capacitor-comprar-barato-online-1.jpg\",\"width\":800,\"height\":800},{\"@type\":\"BreadcrumbList\",\"@id\":\"https:\\\/\\\/iha-race.com\\\/de\\\/producto\\\/kondensatoren-rubycom-2-teilig\\\/#breadcrumb\",\"itemListElement\":[{\"@type\":\"ListItem\",\"position\":1,\"name\":\"Portada\",\"item\":\"https:\\\/\\\/iha-race.com\\\/de\\\/elementor-499\\\/\"},{\"@type\":\"ListItem\",\"position\":2,\"name\":\"Shop\",\"item\":\"https:\\\/\\\/iha-race.com\\\/de\\\/shop\\\/\"},{\"@type\":\"ListItem\",\"position\":3,\"name\":\"Rubycom Kondensatoren (2 St\u00fcck)\"}]},{\"@type\":\"WebSite\",\"@id\":\"https:\\\/\\\/iha-race.com\\\/de\\\/#website\",\"url\":\"https:\\\/\\\/iha-race.com\\\/de\\\/\",\"name\":\"Iha Race\",\"description\":\"Comprar drones de carreras FPV env\u00edos en un d\u00eda desde Espa\u00f1a\",\"publisher\":{\"@id\":\"https:\\\/\\\/iha-race.com\\\/de\\\/#organization\"},\"potentialAction\":[{\"@type\":\"SearchAction\",\"target\":{\"@type\":\"EntryPoint\",\"urlTemplate\":\"https:\\\/\\\/iha-race.com\\\/de\\\/?s={search_term_string}\"},\"query-input\":{\"@type\":\"PropertyValueSpecification\",\"valueRequired\":true,\"valueName\":\"search_term_string\"}}],\"inLanguage\":\"de\"},{\"@type\":\"Organization\",\"@id\":\"https:\\\/\\\/iha-race.com\\\/de\\\/#organization\",\"name\":\"Iha Race\",\"url\":\"https:\\\/\\\/iha-race.com\\\/de\\\/\",\"logo\":{\"@type\":\"ImageObject\",\"inLanguage\":\"de\",\"@id\":\"https:\\\/\\\/iha-race.com\\\/de\\\/#\\\/schema\\\/logo\\\/image\\\/\",\"url\":\"https:\\\/\\\/iha-race.com\\\/wp-content\\\/uploads\\\/2018\\\/07\\\/iha-race-drones-de-carreras-tienda-comprar-drones.png\",\"contentUrl\":\"https:\\\/\\\/iha-race.com\\\/wp-content\\\/uploads\\\/2018\\\/07\\\/iha-race-drones-de-carreras-tienda-comprar-drones.png\",\"width\":300,\"height\":100,\"caption\":\"Iha Race\"},\"image\":{\"@id\":\"https:\\\/\\\/iha-race.com\\\/de\\\/#\\\/schema\\\/logo\\\/image\\\/\"}}]}<\/script>\n<!-- \/ Yoast SEO plugin. -->","yoast_head_json":{"title":"Rubycom Kondensatoren (2 St\u00fcck) - Iha Race","robots":{"index":"index","follow":"follow","max-snippet":"max-snippet:-1","max-image-preview":"max-image-preview:large","max-video-preview":"max-video-preview:-1"},"canonical":"https:\/\/iha-race.com\/de\/producto\/kondensatoren-rubycom-2-teilig\/","og_locale":"de_DE","og_type":"article","og_title":"Rubycom Kondensatoren (2 St\u00fcck) - Iha Race","og_description":"Kondensator 470uf 50v \/470uf 35v \/220uf 50v \/ 220uf35v Der Kondensator mit der h\u00f6chsten Leistung und dem niedrigsten Innenwiderstand auf dem Markt. L\u00f6ten Sie einen f\u00fcr jeden Regler oder befestigen","og_url":"https:\/\/iha-race.com\/de\/producto\/kondensatoren-rubycom-2-teilig\/","og_site_name":"Iha Race","article_modified_time":"2024-08-29T15:03:21+00:00","og_image":[{"width":800,"height":800,"url":"https:\/\/iha-race.com\/wp-content\/uploads\/2018\/07\/bs-6s-esc-capacitor-comprar-barato-online-1.jpg","type":"image\/jpeg"}],"twitter_card":"summary_large_image","schema":{"@context":"https:\/\/schema.org","@graph":[{"@type":"WebPage","@id":"https:\/\/iha-race.com\/de\/producto\/kondensatoren-rubycom-2-teilig\/","url":"https:\/\/iha-race.com\/de\/producto\/kondensatoren-rubycom-2-teilig\/","name":"Rubycom Kondensatoren (2 St\u00fcck) - Iha Race","isPartOf":{"@id":"https:\/\/iha-race.com\/de\/#website"},"primaryImageOfPage":{"@id":"https:\/\/iha-race.com\/de\/producto\/kondensatoren-rubycom-2-teilig\/#primaryimage"},"image":{"@id":"https:\/\/iha-race.com\/de\/producto\/kondensatoren-rubycom-2-teilig\/#primaryimage"},"thumbnailUrl":"https:\/\/iha-race.com\/wp-content\/uploads\/2018\/07\/bs-6s-esc-capacitor-comprar-barato-online-1.jpg","datePublished":"2018-07-18T09:18:57+00:00","dateModified":"2024-08-29T15:03:21+00:00","breadcrumb":{"@id":"https:\/\/iha-race.com\/de\/producto\/kondensatoren-rubycom-2-teilig\/#breadcrumb"},"inLanguage":"de","potentialAction":[{"@type":"ReadAction","target":["https:\/\/iha-race.com\/de\/producto\/kondensatoren-rubycom-2-teilig\/"]}]},{"@type":"ImageObject","inLanguage":"de","@id":"https:\/\/iha-race.com\/de\/producto\/kondensatoren-rubycom-2-teilig\/#primaryimage","url":"https:\/\/iha-race.com\/wp-content\/uploads\/2018\/07\/bs-6s-esc-capacitor-comprar-barato-online-1.jpg","contentUrl":"https:\/\/iha-race.com\/wp-content\/uploads\/2018\/07\/bs-6s-esc-capacitor-comprar-barato-online-1.jpg","width":800,"height":800},{"@type":"BreadcrumbList","@id":"https:\/\/iha-race.com\/de\/producto\/kondensatoren-rubycom-2-teilig\/#breadcrumb","itemListElement":[{"@type":"ListItem","position":1,"name":"Portada","item":"https:\/\/iha-race.com\/de\/elementor-499\/"},{"@type":"ListItem","position":2,"name":"Shop","item":"https:\/\/iha-race.com\/de\/shop\/"},{"@type":"ListItem","position":3,"name":"Rubycom Kondensatoren (2 St\u00fcck)"}]},{"@type":"WebSite","@id":"https:\/\/iha-race.com\/de\/#website","url":"https:\/\/iha-race.com\/de\/","name":"Iha Race","description":"Comprar drones de carreras FPV env\u00edos en un d\u00eda desde Espa\u00f1a","publisher":{"@id":"https:\/\/iha-race.com\/de\/#organization"},"potentialAction":[{"@type":"SearchAction","target":{"@type":"EntryPoint","urlTemplate":"https:\/\/iha-race.com\/de\/?s={search_term_string}"},"query-input":{"@type":"PropertyValueSpecification","valueRequired":true,"valueName":"search_term_string"}}],"inLanguage":"de"},{"@type":"Organization","@id":"https:\/\/iha-race.com\/de\/#organization","name":"Iha Race","url":"https:\/\/iha-race.com\/de\/","logo":{"@type":"ImageObject","inLanguage":"de","@id":"https:\/\/iha-race.com\/de\/#\/schema\/logo\/image\/","url":"https:\/\/iha-race.com\/wp-content\/uploads\/2018\/07\/iha-race-drones-de-carreras-tienda-comprar-drones.png","contentUrl":"https:\/\/iha-race.com\/wp-content\/uploads\/2018\/07\/iha-race-drones-de-carreras-tienda-comprar-drones.png","width":300,"height":100,"caption":"Iha Race"},"image":{"@id":"https:\/\/iha-race.com\/de\/#\/schema\/logo\/image\/"}}]}},"jetpack_sharing_enabled":true,"brands":[],"_links":{"self":[{"href":"https:\/\/iha-race.com\/de\/wp-json\/wp\/v2\/product\/207424","targetHints":{"allow":["GET"]}}],"collection":[{"href":"https:\/\/iha-race.com\/de\/wp-json\/wp\/v2\/product"}],"about":[{"href":"https:\/\/iha-race.com\/de\/wp-json\/wp\/v2\/types\/product"}],"replies":[{"embeddable":true,"href":"https:\/\/iha-race.com\/de\/wp-json\/wp\/v2\/comments?post=207424"}],"version-history":[{"count":2,"href":"https:\/\/iha-race.com\/de\/wp-json\/wp\/v2\/product\/207424\/revisions"}],"predecessor-version":[{"id":250648,"href":"https:\/\/iha-race.com\/de\/wp-json\/wp\/v2\/product\/207424\/revisions\/250648"}],"wp:featuredmedia":[{"embeddable":true,"href":"https:\/\/iha-race.com\/de\/wp-json\/wp\/v2\/media\/124628"}],"wp:attachment":[{"href":"https:\/\/iha-race.com\/de\/wp-json\/wp\/v2\/media?parent=207424"}],"wp:term":[{"taxonomy":"pwb-brand","embeddable":true,"href":"https:\/\/iha-race.com\/de\/wp-json\/wp\/v2\/pwb-brand?post=207424"},{"taxonomy":"product_cat","embeddable":true,"href":"https:\/\/iha-race.com\/de\/wp-json\/wp\/v2\/product_cat?post=207424"},{"taxonomy":"product_tag","embeddable":true,"href":"https:\/\/iha-race.com\/de\/wp-json\/wp\/v2\/product_tag?post=207424"}],"curies":[{"name":"wp","href":"https:\/\/api.w.org\/{rel}","templated":true}]}}