{"id":207402,"date":"2021-03-14T21:51:02","date_gmt":"2021-03-14T20:51:02","guid":{"rendered":"https:\/\/iha-race.com\/producto\/foxeer-objektiv-m12-2-5mm-fuer-arrow-mini-monster-mini-predator-mini-falkor-mini-full-size-cam\/"},"modified":"2024-08-29T12:31:22","modified_gmt":"2024-08-29T10:31:22","slug":"objektiv-foxeer-m12-2-5mm-fur-pfeil-mini-monster-mini-predator-mini-falkor-mini-full-size-cam","status":"publish","type":"product","link":"https:\/\/iha-race.com\/de\/producto\/objektiv-foxeer-m12-2-5mm-fur-pfeil-mini-monster-mini-predator-mini-falkor-mini-full-size-cam\/","title":{"rendered":"Foxeer Objektiv M12 2.5mm f\u00fcr Arrow Mini\/Monster Mini\/Predator Mini\/Falkor Mini\/Full Size Cam"},"content":{"rendered":"<h2><span data-sheets-value=\"{\"1\":2,\"2\":\"Lente Foxeer M12 2.5mm para Arrow Mini\/Monster Mini\/Predator Mini\/Falkor Mini\/Full Size Cam\"}\" data-sheets-userformat=\"{\"2\":15233,\"3\":{\"1\":0},\"10\":1,\"11\":4,\"12\":0,\"14\":[null,2,2236962],\"15\":\"Arial\",\"16\":12}\">Foxeer Objektiv M12 2.5mm f\u00fcr Arrow Mini\/Monster Mini\/Predator Mini\/Falkor Mini\/Full Size Cam<\/span><\/h2>\n<p>  Foxeer-Objektive werden unter strengsten Qualit\u00e4tskontrollen hergestellt, so dass das Bild mit gro\u00dfer Klarheit auf Ihrem Bildschirm erscheint. Sie ist der ideale Ersatz f\u00fcr Ihre Original-Foxeer-Kameras.  <img fetchpriority=\"high\" decoding=\"async\" class=\"size-full wp-image-10089 alignleft\" src=\"https:\/\/iha-race.com\/wp-content\/uploads\/2018\/07\/20180114224611_68008.jpg\" alt=\"Foxeer M12 2.5mm Linsen f\u00fcr Arrow \/ Monster \/ Predator \/ Falkor Mini  \" width=\"1080\" height=\"1600\" srcset=\"https:\/\/iha-race.com\/wp-content\/uploads\/2018\/07\/20180114224611_68008.jpg 1080w, https:\/\/iha-race.com\/wp-content\/uploads\/2018\/07\/20180114224611_68008-599x888.jpg 599w, https:\/\/iha-race.com\/wp-content\/uploads\/2018\/07\/20180114224611_68008-203x300.jpg 203w, https:\/\/iha-race.com\/wp-content\/uploads\/2018\/07\/20180114224611_68008-767x1137.jpg 767w, https:\/\/iha-race.com\/wp-content\/uploads\/2018\/07\/20180114224611_68008-691x1024.jpg 691w, https:\/\/iha-race.com\/wp-content\/uploads\/2018\/07\/20180114224611_68008-788x1167.jpg 788w\" sizes=\"(max-width: 1080px) 100vw, 1080px\" \/><\/p>\n<p><img decoding=\"async\" class=\"size-full wp-image-10090\" src=\"https:\/\/iha-race.com\/wp-content\/uploads\/2018\/07\/20180114224649_60091.jpg\" alt=\"Foxeer M12 2.5mm Linsen f\u00fcr Arrow \/ Monster \/ Predator \/ Falkor Mini  \" width=\"1080\" height=\"1600\" srcset=\"https:\/\/iha-race.com\/wp-content\/uploads\/2018\/07\/20180114224649_60091.jpg 1080w, https:\/\/iha-race.com\/wp-content\/uploads\/2018\/07\/20180114224649_60091-599x888.jpg 599w, https:\/\/iha-race.com\/wp-content\/uploads\/2018\/07\/20180114224649_60091-203x300.jpg 203w, https:\/\/iha-race.com\/wp-content\/uploads\/2018\/07\/20180114224649_60091-767x1137.jpg 767w, https:\/\/iha-race.com\/wp-content\/uploads\/2018\/07\/20180114224649_60091-691x1024.jpg 691w, https:\/\/iha-race.com\/wp-content\/uploads\/2018\/07\/20180114224649_60091-788x1167.jpg 788w\" sizes=\"(max-width: 1080px) 100vw, 1080px\" \/><\/p>\n<p>&nbsp;<\/p>\n","protected":false},"excerpt":{"rendered":"<p>Foxeer Objektiv M12 2.5mm f\u00fcr Arrow Mini\/Monster Mini\/Predator Mini\/Falkor Mini\/Full Size Cam Foxeer-Objektive werden unter strengsten Qualit\u00e4tskontrollen hergestellt, so dass das Bild mit gro\u00dfer Klarheit auf Ihrem Bildschirm erscheint. Sie<\/p>\n","protected":false},"featured_media":124764,"comment_status":"open","ping_status":"closed","template":"","meta":{"_joinchat":[]},"pwb-brand":[],"product_cat":[2554,2557],"product_tag":[],"class_list":{"0":"post-207402","1":"product","2":"type-product","3":"status-publish","4":"has-post-thumbnail","6":"product_cat-fpv-kameras-de","7":"product_cat-objektive","9":"first","10":"outofstock","11":"taxable","12":"shipping-taxable","13":"purchasable","14":"product-type-simple"},"barcode":null,"atum_controlled":true,"out_stock_date":"2023-08-22 08:59:41","out_stock_threshold":null,"inheritable":false,"stock_on_hold":0,"sold_today":0,"sales_last_days":0,"out_stock_days":967,"lost_sales":0,"update_date":"2026-04-16T08:17:40","atum_locations":[],"atum_stock_status":"outofstock","restock_status":false,"low_stock_amount":"","sales_update_date":"2026-04-16T08:17:40","calc_backorders":null,"yoast_head":"<!-- This site is optimized with the Yoast SEO plugin v27.3 - https:\/\/yoast.com\/product\/yoast-seo-wordpress\/ -->\n<title>Foxeer Objektiv M12 2.5mm f\u00fcr Arrow Mini\/Monster Mini\/Predator Mini\/Falkor Mini\/Full Size Cam - Iha Race<\/title>\n<meta name=\"robots\" content=\"index, follow, max-snippet:-1, max-image-preview:large, max-video-preview:-1\" \/>\n<link rel=\"canonical\" href=\"https:\/\/iha-race.com\/de\/producto\/objektiv-foxeer-m12-2-5mm-fur-pfeil-mini-monster-mini-predator-mini-falkor-mini-full-size-cam\/\" \/>\n<meta property=\"og:locale\" content=\"de_DE\" \/>\n<meta property=\"og:type\" content=\"article\" \/>\n<meta property=\"og:title\" content=\"Foxeer Objektiv M12 2.5mm f\u00fcr Arrow Mini\/Monster Mini\/Predator Mini\/Falkor Mini\/Full Size Cam - Iha Race\" \/>\n<meta property=\"og:description\" content=\"Foxeer Objektiv M12 2.5mm f\u00fcr Arrow Mini\/Monster Mini\/Predator Mini\/Falkor Mini\/Full Size Cam Foxeer-Objektive werden unter strengsten Qualit\u00e4tskontrollen hergestellt, so dass das Bild mit gro\u00dfer Klarheit auf Ihrem Bildschirm erscheint. Sie\" \/>\n<meta property=\"og:url\" content=\"https:\/\/iha-race.com\/de\/producto\/objektiv-foxeer-m12-2-5mm-fur-pfeil-mini-monster-mini-predator-mini-falkor-mini-full-size-cam\/\" \/>\n<meta property=\"og:site_name\" content=\"Iha Race\" \/>\n<meta property=\"article:modified_time\" content=\"2024-08-29T10:31:22+00:00\" \/>\n<meta property=\"og:image\" content=\"https:\/\/iha-race.com\/wp-content\/uploads\/2018\/07\/lente-de-camara-foxeer-de-gran-sensibilidad-y-alta-calidad-2-5mm-ir-block-fpv-2-1.jpg\" \/>\n\t<meta property=\"og:image:width\" content=\"800\" \/>\n\t<meta property=\"og:image:height\" content=\"800\" \/>\n\t<meta property=\"og:image:type\" content=\"image\/jpeg\" \/>\n<meta name=\"twitter:card\" content=\"summary_large_image\" \/>\n<script type=\"application\/ld+json\" class=\"yoast-schema-graph\">{\"@context\":\"https:\\\/\\\/schema.org\",\"@graph\":[{\"@type\":\"WebPage\",\"@id\":\"https:\\\/\\\/iha-race.com\\\/de\\\/producto\\\/objektiv-foxeer-m12-2-5mm-fur-pfeil-mini-monster-mini-predator-mini-falkor-mini-full-size-cam\\\/\",\"url\":\"https:\\\/\\\/iha-race.com\\\/de\\\/producto\\\/objektiv-foxeer-m12-2-5mm-fur-pfeil-mini-monster-mini-predator-mini-falkor-mini-full-size-cam\\\/\",\"name\":\"Foxeer Objektiv M12 2.5mm f\u00fcr Arrow Mini\\\/Monster Mini\\\/Predator Mini\\\/Falkor Mini\\\/Full Size Cam - Iha Race\",\"isPartOf\":{\"@id\":\"https:\\\/\\\/iha-race.com\\\/de\\\/#website\"},\"primaryImageOfPage\":{\"@id\":\"https:\\\/\\\/iha-race.com\\\/de\\\/producto\\\/objektiv-foxeer-m12-2-5mm-fur-pfeil-mini-monster-mini-predator-mini-falkor-mini-full-size-cam\\\/#primaryimage\"},\"image\":{\"@id\":\"https:\\\/\\\/iha-race.com\\\/de\\\/producto\\\/objektiv-foxeer-m12-2-5mm-fur-pfeil-mini-monster-mini-predator-mini-falkor-mini-full-size-cam\\\/#primaryimage\"},\"thumbnailUrl\":\"https:\\\/\\\/iha-race.com\\\/wp-content\\\/uploads\\\/2018\\\/07\\\/lente-de-camara-foxeer-de-gran-sensibilidad-y-alta-calidad-2-5mm-ir-block-fpv-2-1.jpg\",\"datePublished\":\"2021-03-14T20:51:02+00:00\",\"dateModified\":\"2024-08-29T10:31:22+00:00\",\"breadcrumb\":{\"@id\":\"https:\\\/\\\/iha-race.com\\\/de\\\/producto\\\/objektiv-foxeer-m12-2-5mm-fur-pfeil-mini-monster-mini-predator-mini-falkor-mini-full-size-cam\\\/#breadcrumb\"},\"inLanguage\":\"de\",\"potentialAction\":[{\"@type\":\"ReadAction\",\"target\":[\"https:\\\/\\\/iha-race.com\\\/de\\\/producto\\\/objektiv-foxeer-m12-2-5mm-fur-pfeil-mini-monster-mini-predator-mini-falkor-mini-full-size-cam\\\/\"]}]},{\"@type\":\"ImageObject\",\"inLanguage\":\"de\",\"@id\":\"https:\\\/\\\/iha-race.com\\\/de\\\/producto\\\/objektiv-foxeer-m12-2-5mm-fur-pfeil-mini-monster-mini-predator-mini-falkor-mini-full-size-cam\\\/#primaryimage\",\"url\":\"https:\\\/\\\/iha-race.com\\\/wp-content\\\/uploads\\\/2018\\\/07\\\/lente-de-camara-foxeer-de-gran-sensibilidad-y-alta-calidad-2-5mm-ir-block-fpv-2-1.jpg\",\"contentUrl\":\"https:\\\/\\\/iha-race.com\\\/wp-content\\\/uploads\\\/2018\\\/07\\\/lente-de-camara-foxeer-de-gran-sensibilidad-y-alta-calidad-2-5mm-ir-block-fpv-2-1.jpg\",\"width\":800,\"height\":800},{\"@type\":\"BreadcrumbList\",\"@id\":\"https:\\\/\\\/iha-race.com\\\/de\\\/producto\\\/objektiv-foxeer-m12-2-5mm-fur-pfeil-mini-monster-mini-predator-mini-falkor-mini-full-size-cam\\\/#breadcrumb\",\"itemListElement\":[{\"@type\":\"ListItem\",\"position\":1,\"name\":\"Portada\",\"item\":\"https:\\\/\\\/iha-race.com\\\/de\\\/elementor-499\\\/\"},{\"@type\":\"ListItem\",\"position\":2,\"name\":\"Shop\",\"item\":\"https:\\\/\\\/iha-race.com\\\/de\\\/shop\\\/\"},{\"@type\":\"ListItem\",\"position\":3,\"name\":\"Foxeer Objektiv M12 2.5mm f\u00fcr Arrow Mini\\\/Monster Mini\\\/Predator Mini\\\/Falkor Mini\\\/Full Size Cam\"}]},{\"@type\":\"WebSite\",\"@id\":\"https:\\\/\\\/iha-race.com\\\/de\\\/#website\",\"url\":\"https:\\\/\\\/iha-race.com\\\/de\\\/\",\"name\":\"Iha Race\",\"description\":\"Comprar drones de carreras FPV env\u00edos en un d\u00eda desde Espa\u00f1a\",\"publisher\":{\"@id\":\"https:\\\/\\\/iha-race.com\\\/de\\\/#organization\"},\"potentialAction\":[{\"@type\":\"SearchAction\",\"target\":{\"@type\":\"EntryPoint\",\"urlTemplate\":\"https:\\\/\\\/iha-race.com\\\/de\\\/?s={search_term_string}\"},\"query-input\":{\"@type\":\"PropertyValueSpecification\",\"valueRequired\":true,\"valueName\":\"search_term_string\"}}],\"inLanguage\":\"de\"},{\"@type\":\"Organization\",\"@id\":\"https:\\\/\\\/iha-race.com\\\/de\\\/#organization\",\"name\":\"Iha Race\",\"url\":\"https:\\\/\\\/iha-race.com\\\/de\\\/\",\"logo\":{\"@type\":\"ImageObject\",\"inLanguage\":\"de\",\"@id\":\"https:\\\/\\\/iha-race.com\\\/de\\\/#\\\/schema\\\/logo\\\/image\\\/\",\"url\":\"https:\\\/\\\/iha-race.com\\\/wp-content\\\/uploads\\\/2018\\\/07\\\/iha-race-drones-de-carreras-tienda-comprar-drones.png\",\"contentUrl\":\"https:\\\/\\\/iha-race.com\\\/wp-content\\\/uploads\\\/2018\\\/07\\\/iha-race-drones-de-carreras-tienda-comprar-drones.png\",\"width\":300,\"height\":100,\"caption\":\"Iha Race\"},\"image\":{\"@id\":\"https:\\\/\\\/iha-race.com\\\/de\\\/#\\\/schema\\\/logo\\\/image\\\/\"}}]}<\/script>\n<!-- \/ Yoast SEO plugin. -->","yoast_head_json":{"title":"Foxeer Objektiv M12 2.5mm f\u00fcr Arrow Mini\/Monster Mini\/Predator Mini\/Falkor Mini\/Full Size Cam - Iha Race","robots":{"index":"index","follow":"follow","max-snippet":"max-snippet:-1","max-image-preview":"max-image-preview:large","max-video-preview":"max-video-preview:-1"},"canonical":"https:\/\/iha-race.com\/de\/producto\/objektiv-foxeer-m12-2-5mm-fur-pfeil-mini-monster-mini-predator-mini-falkor-mini-full-size-cam\/","og_locale":"de_DE","og_type":"article","og_title":"Foxeer Objektiv M12 2.5mm f\u00fcr Arrow Mini\/Monster Mini\/Predator Mini\/Falkor Mini\/Full Size Cam - Iha Race","og_description":"Foxeer Objektiv M12 2.5mm f\u00fcr Arrow Mini\/Monster Mini\/Predator Mini\/Falkor Mini\/Full Size Cam Foxeer-Objektive werden unter strengsten Qualit\u00e4tskontrollen hergestellt, so dass das Bild mit gro\u00dfer Klarheit auf Ihrem Bildschirm erscheint. Sie","og_url":"https:\/\/iha-race.com\/de\/producto\/objektiv-foxeer-m12-2-5mm-fur-pfeil-mini-monster-mini-predator-mini-falkor-mini-full-size-cam\/","og_site_name":"Iha Race","article_modified_time":"2024-08-29T10:31:22+00:00","og_image":[{"width":800,"height":800,"url":"https:\/\/iha-race.com\/wp-content\/uploads\/2018\/07\/lente-de-camara-foxeer-de-gran-sensibilidad-y-alta-calidad-2-5mm-ir-block-fpv-2-1.jpg","type":"image\/jpeg"}],"twitter_card":"summary_large_image","schema":{"@context":"https:\/\/schema.org","@graph":[{"@type":"WebPage","@id":"https:\/\/iha-race.com\/de\/producto\/objektiv-foxeer-m12-2-5mm-fur-pfeil-mini-monster-mini-predator-mini-falkor-mini-full-size-cam\/","url":"https:\/\/iha-race.com\/de\/producto\/objektiv-foxeer-m12-2-5mm-fur-pfeil-mini-monster-mini-predator-mini-falkor-mini-full-size-cam\/","name":"Foxeer Objektiv M12 2.5mm f\u00fcr Arrow Mini\/Monster Mini\/Predator Mini\/Falkor Mini\/Full Size Cam - Iha Race","isPartOf":{"@id":"https:\/\/iha-race.com\/de\/#website"},"primaryImageOfPage":{"@id":"https:\/\/iha-race.com\/de\/producto\/objektiv-foxeer-m12-2-5mm-fur-pfeil-mini-monster-mini-predator-mini-falkor-mini-full-size-cam\/#primaryimage"},"image":{"@id":"https:\/\/iha-race.com\/de\/producto\/objektiv-foxeer-m12-2-5mm-fur-pfeil-mini-monster-mini-predator-mini-falkor-mini-full-size-cam\/#primaryimage"},"thumbnailUrl":"https:\/\/iha-race.com\/wp-content\/uploads\/2018\/07\/lente-de-camara-foxeer-de-gran-sensibilidad-y-alta-calidad-2-5mm-ir-block-fpv-2-1.jpg","datePublished":"2021-03-14T20:51:02+00:00","dateModified":"2024-08-29T10:31:22+00:00","breadcrumb":{"@id":"https:\/\/iha-race.com\/de\/producto\/objektiv-foxeer-m12-2-5mm-fur-pfeil-mini-monster-mini-predator-mini-falkor-mini-full-size-cam\/#breadcrumb"},"inLanguage":"de","potentialAction":[{"@type":"ReadAction","target":["https:\/\/iha-race.com\/de\/producto\/objektiv-foxeer-m12-2-5mm-fur-pfeil-mini-monster-mini-predator-mini-falkor-mini-full-size-cam\/"]}]},{"@type":"ImageObject","inLanguage":"de","@id":"https:\/\/iha-race.com\/de\/producto\/objektiv-foxeer-m12-2-5mm-fur-pfeil-mini-monster-mini-predator-mini-falkor-mini-full-size-cam\/#primaryimage","url":"https:\/\/iha-race.com\/wp-content\/uploads\/2018\/07\/lente-de-camara-foxeer-de-gran-sensibilidad-y-alta-calidad-2-5mm-ir-block-fpv-2-1.jpg","contentUrl":"https:\/\/iha-race.com\/wp-content\/uploads\/2018\/07\/lente-de-camara-foxeer-de-gran-sensibilidad-y-alta-calidad-2-5mm-ir-block-fpv-2-1.jpg","width":800,"height":800},{"@type":"BreadcrumbList","@id":"https:\/\/iha-race.com\/de\/producto\/objektiv-foxeer-m12-2-5mm-fur-pfeil-mini-monster-mini-predator-mini-falkor-mini-full-size-cam\/#breadcrumb","itemListElement":[{"@type":"ListItem","position":1,"name":"Portada","item":"https:\/\/iha-race.com\/de\/elementor-499\/"},{"@type":"ListItem","position":2,"name":"Shop","item":"https:\/\/iha-race.com\/de\/shop\/"},{"@type":"ListItem","position":3,"name":"Foxeer Objektiv M12 2.5mm f\u00fcr Arrow Mini\/Monster Mini\/Predator Mini\/Falkor Mini\/Full Size Cam"}]},{"@type":"WebSite","@id":"https:\/\/iha-race.com\/de\/#website","url":"https:\/\/iha-race.com\/de\/","name":"Iha Race","description":"Comprar drones de carreras FPV env\u00edos en un d\u00eda desde Espa\u00f1a","publisher":{"@id":"https:\/\/iha-race.com\/de\/#organization"},"potentialAction":[{"@type":"SearchAction","target":{"@type":"EntryPoint","urlTemplate":"https:\/\/iha-race.com\/de\/?s={search_term_string}"},"query-input":{"@type":"PropertyValueSpecification","valueRequired":true,"valueName":"search_term_string"}}],"inLanguage":"de"},{"@type":"Organization","@id":"https:\/\/iha-race.com\/de\/#organization","name":"Iha Race","url":"https:\/\/iha-race.com\/de\/","logo":{"@type":"ImageObject","inLanguage":"de","@id":"https:\/\/iha-race.com\/de\/#\/schema\/logo\/image\/","url":"https:\/\/iha-race.com\/wp-content\/uploads\/2018\/07\/iha-race-drones-de-carreras-tienda-comprar-drones.png","contentUrl":"https:\/\/iha-race.com\/wp-content\/uploads\/2018\/07\/iha-race-drones-de-carreras-tienda-comprar-drones.png","width":300,"height":100,"caption":"Iha Race"},"image":{"@id":"https:\/\/iha-race.com\/de\/#\/schema\/logo\/image\/"}}]}},"brands":[],"_links":{"self":[{"href":"https:\/\/iha-race.com\/de\/wp-json\/wp\/v2\/product\/207402","targetHints":{"allow":["GET"]}}],"collection":[{"href":"https:\/\/iha-race.com\/de\/wp-json\/wp\/v2\/product"}],"about":[{"href":"https:\/\/iha-race.com\/de\/wp-json\/wp\/v2\/types\/product"}],"replies":[{"embeddable":true,"href":"https:\/\/iha-race.com\/de\/wp-json\/wp\/v2\/comments?post=207402"}],"version-history":[{"count":2,"href":"https:\/\/iha-race.com\/de\/wp-json\/wp\/v2\/product\/207402\/revisions"}],"predecessor-version":[{"id":249595,"href":"https:\/\/iha-race.com\/de\/wp-json\/wp\/v2\/product\/207402\/revisions\/249595"}],"wp:featuredmedia":[{"embeddable":true,"href":"https:\/\/iha-race.com\/de\/wp-json\/wp\/v2\/media\/124764"}],"wp:attachment":[{"href":"https:\/\/iha-race.com\/de\/wp-json\/wp\/v2\/media?parent=207402"}],"wp:term":[{"taxonomy":"pwb-brand","embeddable":true,"href":"https:\/\/iha-race.com\/de\/wp-json\/wp\/v2\/pwb-brand?post=207402"},{"taxonomy":"product_cat","embeddable":true,"href":"https:\/\/iha-race.com\/de\/wp-json\/wp\/v2\/product_cat?post=207402"},{"taxonomy":"product_tag","embeddable":true,"href":"https:\/\/iha-race.com\/de\/wp-json\/wp\/v2\/product_tag?post=207402"}],"curies":[{"name":"wp","href":"https:\/\/api.w.org\/{rel}","templated":true}]}}