{"id":207386,"date":"2018-07-18T11:55:59","date_gmt":"2018-07-18T09:55:59","guid":{"rendered":"https:\/\/iha-race.com\/producto\/miniatur-summer-955-mm-superrauschen-3v-5v-2-st\/"},"modified":"2025-04-15T20:35:10","modified_gmt":"2025-04-15T18:35:10","slug":"buzzer-miniature-955-mm-super-noisy-3v-5v-2-units","status":"publish","type":"product","link":"https:\/\/iha-race.com\/de\/producto\/buzzer-miniature-955-mm-super-noisy-3v-5v-2-units\/","title":{"rendered":"Miniatur-Summer 9*4,2 mm Super Noisy (3V \/ 5V) &#8211; (2 Stck.)"},"content":{"rendered":"<h2>Miniatur-Summer 9*5,5 mm Superrauschen (3V \/ 5V) (2 St.)<\/h2>\n<h3>Das Paket enth\u00e4lt:<\/h3>\n<ul>\n<li>2 x Miniatur-Summer 9x 4,2 mm Super Noisy (Spannung nach Wahl)<\/li>\n<\/ul>\n<p>&nbsp;<\/p>\n<p>&nbsp;<\/p>\n<p>&nbsp;<\/p>\n","protected":false},"excerpt":{"rendered":"<p>Miniatur-Summer 9*5,5 mm Superrauschen (3V \/ 5V) (2 St.) Das Paket enth\u00e4lt: 2 x Miniatur-Summer 9x 4,2 mm Super Noisy (Spannung nach Wahl) &nbsp; &nbsp; &nbsp;<\/p>\n","protected":false},"featured_media":125716,"comment_status":"open","ping_status":"closed","template":"","meta":{"_joinchat":[]},"pwb-brand":[],"product_cat":[146,139],"product_tag":[],"class_list":{"0":"post-207386","1":"product","2":"type-product","3":"status-publish","4":"has-post-thumbnail","6":"product_cat-led-zumbadores","7":"product_cat-accesorios-de-drones","9":"first","10":"instock","11":"taxable","12":"shipping-taxable","13":"purchasable","14":"product-type-variable"},"barcode":null,"atum_controlled":true,"out_stock_date":"2020-07-07 16:43:02","out_stock_threshold":null,"inheritable":true,"stock_on_hold":0,"sold_today":0,"sales_last_days":0,"out_stock_days":1952,"lost_sales":0,"update_date":"2026-04-18T23:35:01","atum_locations":[],"atum_stock_status":"instock","restock_status":false,"low_stock_amount":"","sales_update_date":"2026-04-18T23:35:01","calc_backorders":null,"yoast_head":"<!-- This site is optimized with the Yoast SEO plugin v27.3 - https:\/\/yoast.com\/product\/yoast-seo-wordpress\/ -->\n<title>Miniatur-Summer 9*4,2 mm Super Noisy (3V \/ 5V) - (2 Stck.) - Iha Race<\/title>\n<meta name=\"robots\" content=\"noindex, follow\" \/>\n<meta property=\"og:locale\" content=\"de_DE\" \/>\n<meta property=\"og:type\" content=\"article\" \/>\n<meta property=\"og:title\" content=\"Miniatur-Summer 9*4,2 mm Super Noisy (3V \/ 5V) - (2 Stck.) - Iha Race\" \/>\n<meta property=\"og:description\" content=\"Miniatur-Summer 9*5,5 mm Superrauschen (3V \/ 5V) (2 St.) Das Paket enth\u00e4lt: 2 x Miniatur-Summer 9x 4,2 mm Super Noisy (Spannung nach Wahl) &nbsp; &nbsp; &nbsp;\" \/>\n<meta property=\"og:url\" content=\"https:\/\/iha-race.com\/de\/producto\/buzzer-miniature-955-mm-super-noisy-3v-5v-2-units\/\" \/>\n<meta property=\"og:site_name\" content=\"Iha Race\" \/>\n<meta property=\"article:modified_time\" content=\"2025-04-15T18:35:10+00:00\" \/>\n<meta property=\"og:image\" content=\"https:\/\/iha-race.com\/wp-content\/uploads\/2018\/07\/zumbador-5v-55mm.jpg\" \/>\n\t<meta property=\"og:image:width\" content=\"800\" \/>\n\t<meta property=\"og:image:height\" content=\"800\" \/>\n\t<meta property=\"og:image:type\" content=\"image\/jpeg\" \/>\n<meta name=\"twitter:card\" content=\"summary_large_image\" \/>\n<script type=\"application\/ld+json\" class=\"yoast-schema-graph\">{\"@context\":\"https:\\\/\\\/schema.org\",\"@graph\":[{\"@type\":\"WebPage\",\"@id\":\"https:\\\/\\\/iha-race.com\\\/de\\\/producto\\\/buzzer-miniature-955-mm-super-noisy-3v-5v-2-units\\\/\",\"url\":\"https:\\\/\\\/iha-race.com\\\/de\\\/producto\\\/buzzer-miniature-955-mm-super-noisy-3v-5v-2-units\\\/\",\"name\":\"Miniatur-Summer 9*4,2 mm Super Noisy (3V \\\/ 5V) - (2 Stck.) - Iha Race\",\"isPartOf\":{\"@id\":\"https:\\\/\\\/iha-race.com\\\/de\\\/#website\"},\"primaryImageOfPage\":{\"@id\":\"https:\\\/\\\/iha-race.com\\\/de\\\/producto\\\/buzzer-miniature-955-mm-super-noisy-3v-5v-2-units\\\/#primaryimage\"},\"image\":{\"@id\":\"https:\\\/\\\/iha-race.com\\\/de\\\/producto\\\/buzzer-miniature-955-mm-super-noisy-3v-5v-2-units\\\/#primaryimage\"},\"thumbnailUrl\":\"https:\\\/\\\/iha-race.com\\\/wp-content\\\/uploads\\\/2018\\\/07\\\/zumbador-5v-55mm.jpg\",\"datePublished\":\"2018-07-18T09:55:59+00:00\",\"dateModified\":\"2025-04-15T18:35:10+00:00\",\"breadcrumb\":{\"@id\":\"https:\\\/\\\/iha-race.com\\\/de\\\/producto\\\/buzzer-miniature-955-mm-super-noisy-3v-5v-2-units\\\/#breadcrumb\"},\"inLanguage\":\"de\",\"potentialAction\":[{\"@type\":\"ReadAction\",\"target\":[\"https:\\\/\\\/iha-race.com\\\/de\\\/producto\\\/buzzer-miniature-955-mm-super-noisy-3v-5v-2-units\\\/\"]}]},{\"@type\":\"ImageObject\",\"inLanguage\":\"de\",\"@id\":\"https:\\\/\\\/iha-race.com\\\/de\\\/producto\\\/buzzer-miniature-955-mm-super-noisy-3v-5v-2-units\\\/#primaryimage\",\"url\":\"https:\\\/\\\/iha-race.com\\\/wp-content\\\/uploads\\\/2018\\\/07\\\/zumbador-5v-55mm.jpg\",\"contentUrl\":\"https:\\\/\\\/iha-race.com\\\/wp-content\\\/uploads\\\/2018\\\/07\\\/zumbador-5v-55mm.jpg\",\"width\":800,\"height\":800},{\"@type\":\"BreadcrumbList\",\"@id\":\"https:\\\/\\\/iha-race.com\\\/de\\\/producto\\\/buzzer-miniature-955-mm-super-noisy-3v-5v-2-units\\\/#breadcrumb\",\"itemListElement\":[{\"@type\":\"ListItem\",\"position\":1,\"name\":\"Portada\",\"item\":\"https:\\\/\\\/iha-race.com\\\/de\\\/elementor-499\\\/\"},{\"@type\":\"ListItem\",\"position\":2,\"name\":\"Shop\",\"item\":\"https:\\\/\\\/iha-race.com\\\/de\\\/shop\\\/\"},{\"@type\":\"ListItem\",\"position\":3,\"name\":\"Miniatur-Summer 9*4,2 mm Super Noisy (3V \\\/ 5V) &#8211; (2 Stck.)\"}]},{\"@type\":\"WebSite\",\"@id\":\"https:\\\/\\\/iha-race.com\\\/de\\\/#website\",\"url\":\"https:\\\/\\\/iha-race.com\\\/de\\\/\",\"name\":\"Iha Race\",\"description\":\"Comprar drones de carreras FPV env\u00edos en un d\u00eda desde Espa\u00f1a\",\"publisher\":{\"@id\":\"https:\\\/\\\/iha-race.com\\\/de\\\/#organization\"},\"potentialAction\":[{\"@type\":\"SearchAction\",\"target\":{\"@type\":\"EntryPoint\",\"urlTemplate\":\"https:\\\/\\\/iha-race.com\\\/de\\\/?s={search_term_string}\"},\"query-input\":{\"@type\":\"PropertyValueSpecification\",\"valueRequired\":true,\"valueName\":\"search_term_string\"}}],\"inLanguage\":\"de\"},{\"@type\":\"Organization\",\"@id\":\"https:\\\/\\\/iha-race.com\\\/de\\\/#organization\",\"name\":\"Iha Race\",\"url\":\"https:\\\/\\\/iha-race.com\\\/de\\\/\",\"logo\":{\"@type\":\"ImageObject\",\"inLanguage\":\"de\",\"@id\":\"https:\\\/\\\/iha-race.com\\\/de\\\/#\\\/schema\\\/logo\\\/image\\\/\",\"url\":\"https:\\\/\\\/iha-race.com\\\/wp-content\\\/uploads\\\/2018\\\/07\\\/iha-race-drones-de-carreras-tienda-comprar-drones.png\",\"contentUrl\":\"https:\\\/\\\/iha-race.com\\\/wp-content\\\/uploads\\\/2018\\\/07\\\/iha-race-drones-de-carreras-tienda-comprar-drones.png\",\"width\":300,\"height\":100,\"caption\":\"Iha Race\"},\"image\":{\"@id\":\"https:\\\/\\\/iha-race.com\\\/de\\\/#\\\/schema\\\/logo\\\/image\\\/\"}}]}<\/script>\n<!-- \/ Yoast SEO plugin. -->","yoast_head_json":{"title":"Miniatur-Summer 9*4,2 mm Super Noisy (3V \/ 5V) - (2 Stck.) - Iha Race","robots":{"index":"noindex","follow":"follow"},"og_locale":"de_DE","og_type":"article","og_title":"Miniatur-Summer 9*4,2 mm Super Noisy (3V \/ 5V) - (2 Stck.) - Iha Race","og_description":"Miniatur-Summer 9*5,5 mm Superrauschen (3V \/ 5V) (2 St.) Das Paket enth\u00e4lt: 2 x Miniatur-Summer 9x 4,2 mm Super Noisy (Spannung nach Wahl) &nbsp; &nbsp; &nbsp;","og_url":"https:\/\/iha-race.com\/de\/producto\/buzzer-miniature-955-mm-super-noisy-3v-5v-2-units\/","og_site_name":"Iha Race","article_modified_time":"2025-04-15T18:35:10+00:00","og_image":[{"width":800,"height":800,"url":"https:\/\/iha-race.com\/wp-content\/uploads\/2018\/07\/zumbador-5v-55mm.jpg","type":"image\/jpeg"}],"twitter_card":"summary_large_image","schema":{"@context":"https:\/\/schema.org","@graph":[{"@type":"WebPage","@id":"https:\/\/iha-race.com\/de\/producto\/buzzer-miniature-955-mm-super-noisy-3v-5v-2-units\/","url":"https:\/\/iha-race.com\/de\/producto\/buzzer-miniature-955-mm-super-noisy-3v-5v-2-units\/","name":"Miniatur-Summer 9*4,2 mm Super Noisy (3V \/ 5V) - (2 Stck.) - Iha Race","isPartOf":{"@id":"https:\/\/iha-race.com\/de\/#website"},"primaryImageOfPage":{"@id":"https:\/\/iha-race.com\/de\/producto\/buzzer-miniature-955-mm-super-noisy-3v-5v-2-units\/#primaryimage"},"image":{"@id":"https:\/\/iha-race.com\/de\/producto\/buzzer-miniature-955-mm-super-noisy-3v-5v-2-units\/#primaryimage"},"thumbnailUrl":"https:\/\/iha-race.com\/wp-content\/uploads\/2018\/07\/zumbador-5v-55mm.jpg","datePublished":"2018-07-18T09:55:59+00:00","dateModified":"2025-04-15T18:35:10+00:00","breadcrumb":{"@id":"https:\/\/iha-race.com\/de\/producto\/buzzer-miniature-955-mm-super-noisy-3v-5v-2-units\/#breadcrumb"},"inLanguage":"de","potentialAction":[{"@type":"ReadAction","target":["https:\/\/iha-race.com\/de\/producto\/buzzer-miniature-955-mm-super-noisy-3v-5v-2-units\/"]}]},{"@type":"ImageObject","inLanguage":"de","@id":"https:\/\/iha-race.com\/de\/producto\/buzzer-miniature-955-mm-super-noisy-3v-5v-2-units\/#primaryimage","url":"https:\/\/iha-race.com\/wp-content\/uploads\/2018\/07\/zumbador-5v-55mm.jpg","contentUrl":"https:\/\/iha-race.com\/wp-content\/uploads\/2018\/07\/zumbador-5v-55mm.jpg","width":800,"height":800},{"@type":"BreadcrumbList","@id":"https:\/\/iha-race.com\/de\/producto\/buzzer-miniature-955-mm-super-noisy-3v-5v-2-units\/#breadcrumb","itemListElement":[{"@type":"ListItem","position":1,"name":"Portada","item":"https:\/\/iha-race.com\/de\/elementor-499\/"},{"@type":"ListItem","position":2,"name":"Shop","item":"https:\/\/iha-race.com\/de\/shop\/"},{"@type":"ListItem","position":3,"name":"Miniatur-Summer 9*4,2 mm Super Noisy (3V \/ 5V) &#8211; (2 Stck.)"}]},{"@type":"WebSite","@id":"https:\/\/iha-race.com\/de\/#website","url":"https:\/\/iha-race.com\/de\/","name":"Iha Race","description":"Comprar drones de carreras FPV env\u00edos en un d\u00eda desde Espa\u00f1a","publisher":{"@id":"https:\/\/iha-race.com\/de\/#organization"},"potentialAction":[{"@type":"SearchAction","target":{"@type":"EntryPoint","urlTemplate":"https:\/\/iha-race.com\/de\/?s={search_term_string}"},"query-input":{"@type":"PropertyValueSpecification","valueRequired":true,"valueName":"search_term_string"}}],"inLanguage":"de"},{"@type":"Organization","@id":"https:\/\/iha-race.com\/de\/#organization","name":"Iha Race","url":"https:\/\/iha-race.com\/de\/","logo":{"@type":"ImageObject","inLanguage":"de","@id":"https:\/\/iha-race.com\/de\/#\/schema\/logo\/image\/","url":"https:\/\/iha-race.com\/wp-content\/uploads\/2018\/07\/iha-race-drones-de-carreras-tienda-comprar-drones.png","contentUrl":"https:\/\/iha-race.com\/wp-content\/uploads\/2018\/07\/iha-race-drones-de-carreras-tienda-comprar-drones.png","width":300,"height":100,"caption":"Iha Race"},"image":{"@id":"https:\/\/iha-race.com\/de\/#\/schema\/logo\/image\/"}}]}},"jetpack_sharing_enabled":true,"brands":[],"_links":{"self":[{"href":"https:\/\/iha-race.com\/de\/wp-json\/wp\/v2\/product\/207386","targetHints":{"allow":["GET"]}}],"collection":[{"href":"https:\/\/iha-race.com\/de\/wp-json\/wp\/v2\/product"}],"about":[{"href":"https:\/\/iha-race.com\/de\/wp-json\/wp\/v2\/types\/product"}],"replies":[{"embeddable":true,"href":"https:\/\/iha-race.com\/de\/wp-json\/wp\/v2\/comments?post=207386"}],"version-history":[{"count":1,"href":"https:\/\/iha-race.com\/de\/wp-json\/wp\/v2\/product\/207386\/revisions"}],"predecessor-version":[{"id":224346,"href":"https:\/\/iha-race.com\/de\/wp-json\/wp\/v2\/product\/207386\/revisions\/224346"}],"wp:featuredmedia":[{"embeddable":true,"href":"https:\/\/iha-race.com\/de\/wp-json\/wp\/v2\/media\/125716"}],"wp:attachment":[{"href":"https:\/\/iha-race.com\/de\/wp-json\/wp\/v2\/media?parent=207386"}],"wp:term":[{"taxonomy":"pwb-brand","embeddable":true,"href":"https:\/\/iha-race.com\/de\/wp-json\/wp\/v2\/pwb-brand?post=207386"},{"taxonomy":"product_cat","embeddable":true,"href":"https:\/\/iha-race.com\/de\/wp-json\/wp\/v2\/product_cat?post=207386"},{"taxonomy":"product_tag","embeddable":true,"href":"https:\/\/iha-race.com\/de\/wp-json\/wp\/v2\/product_tag?post=207386"}],"curies":[{"name":"wp","href":"https:\/\/api.w.org\/{rel}","templated":true}]}}