{"id":207384,"date":"2018-07-16T15:44:32","date_gmt":"2018-07-16T13:44:32","guid":{"rendered":"https:\/\/iha-race.com\/producto\/matek-4s-bis-12-v-linearer-spannungsregler-fuer-fpv\/"},"modified":"2024-09-02T14:01:49","modified_gmt":"2024-09-02T12:01:49","slug":"spannungs-linear-regler-matek-4s-a-12-v-fur-fpv","status":"publish","type":"product","link":"https:\/\/iha-race.com\/de\/producto\/spannungs-linear-regler-matek-4s-a-12-v-fur-fpv\/","title":{"rendered":"Matek 4S bis 12 V Linearer Spannungsregler f\u00fcr FPV"},"content":{"rendered":"<h3><strong>Matek 4S bis 12 V Linearer Spannungsregler f\u00fcr FPV<\/strong><\/h3>\n<p><strong>Spezifikation:<\/strong><\/p>\n<ul>\n<li>Matek FPV Linearer Spannungsregler<\/li>\n<li>Eingetragene Marke: matek<\/li>\n<li>Artikelbezeichnung: Linearer Spannungsregler<\/li>\n<li>Eingangsspannung: 13 ~ 17v, Lipo 4s<\/li>\n<li>Ausgangsspannung: 12 V, Genauigkeit 2,5 %.<\/li>\n<li>Ausgangsstrom : 300mA kontinuierlichGr\u00f6\u00dfe : 25 * 10 * 3 mm<\/li>\n<li>Gewicht: 1g<\/li>\n<\/ul>\n<div><strong>Charaktereigenschaften:<\/strong><\/div>\n<ul>\n<li>Geeignet f\u00fcr FPV-Kamera<\/li>\n<li>Im Vergleich zum BEC12v st\u00f6rt der lineare Spannungsregler mit geringer Restwelligkeit das Bildsignal nicht.<\/li>\n<li>Temperatur 25 \u2103, Eingang 16v , 12v 300ma Ausgang, 5 Minuten, gemessene Temperatur ist h\u00f6her 58 \u2103<\/li>\n<li>Kann mit einer zus\u00e4tzlichen 12-V-LED-Leuchte (1,5 W) verbunden werden.<\/li>\n<li>Wenn die 3s und 4s mischen: Wenn wir eine 3S 12V Batterie einsetzen, wird die Ausgangsspannung 3S minus 1V sein, was gleich 11V ist, und die Kamera kann normal funktionieren.<\/li>\n<\/ul>\n<p><strong>Enth\u00e4lt:<\/strong> x Modul<\/p>\n","protected":false},"excerpt":{"rendered":"<p>Matek 4S bis 12 V Linearer Spannungsregler f\u00fcr FPV Spezifikation: Matek FPV Linearer Spannungsregler Eingetragene Marke: matek Artikelbezeichnung: Linearer Spannungsregler Eingangsspannung: 13 ~ 17v, Lipo 4s Ausgangsspannung: 12 V, Genauigkeit<\/p>\n","protected":false},"featured_media":124869,"comment_status":"open","ping_status":"closed","template":"","meta":{"_joinchat":[]},"pwb-brand":[],"product_cat":[2576,2535],"product_tag":[],"class_list":{"0":"post-207384","1":"product","2":"type-product","3":"status-publish","4":"has-post-thumbnail","6":"product_cat-bec-de","7":"product_cat-fpv-elektronik-und-zubehor","9":"first","10":"instock","11":"taxable","12":"shipping-taxable","13":"purchasable","14":"product-type-simple"},"barcode":null,"atum_controlled":true,"out_stock_date":null,"out_stock_threshold":null,"inheritable":false,"stock_on_hold":0,"sold_today":0,"sales_last_days":0,"out_stock_days":0,"lost_sales":0,"update_date":"2026-04-18T17:57:52","atum_locations":[],"atum_stock_status":"instock","restock_status":false,"low_stock_amount":"","sales_update_date":"2026-04-18T17:57:52","calc_backorders":null,"yoast_head":"<!-- This site is optimized with the Yoast SEO plugin v27.3 - https:\/\/yoast.com\/product\/yoast-seo-wordpress\/ -->\n<title>Matek 4S bis 12 V Linearer Spannungsregler f\u00fcr FPV - Iha Race<\/title>\n<meta name=\"robots\" content=\"index, follow, max-snippet:-1, max-image-preview:large, max-video-preview:-1\" \/>\n<link rel=\"canonical\" href=\"https:\/\/iha-race.com\/de\/producto\/spannungs-linear-regler-matek-4s-a-12-v-fur-fpv\/\" \/>\n<meta property=\"og:locale\" content=\"de_DE\" \/>\n<meta property=\"og:type\" content=\"article\" \/>\n<meta property=\"og:title\" content=\"Matek 4S bis 12 V Linearer Spannungsregler f\u00fcr FPV - Iha Race\" \/>\n<meta property=\"og:description\" content=\"Matek 4S bis 12 V Linearer Spannungsregler f\u00fcr FPV Spezifikation: Matek FPV Linearer Spannungsregler Eingetragene Marke: matek Artikelbezeichnung: Linearer Spannungsregler Eingangsspannung: 13 ~ 17v, Lipo 4s Ausgangsspannung: 12 V, Genauigkeit\" \/>\n<meta property=\"og:url\" content=\"https:\/\/iha-race.com\/de\/producto\/spannungs-linear-regler-matek-4s-a-12-v-fur-fpv\/\" \/>\n<meta property=\"og:site_name\" content=\"Iha Race\" \/>\n<meta property=\"article:modified_time\" content=\"2024-09-02T12:01:49+00:00\" \/>\n<meta property=\"og:image\" content=\"https:\/\/iha-race.com\/wp-content\/uploads\/2018\/07\/regulador-lineal-de-voltaje-matek-4s-1.jpg\" \/>\n\t<meta property=\"og:image:width\" content=\"800\" \/>\n\t<meta property=\"og:image:height\" content=\"800\" \/>\n\t<meta property=\"og:image:type\" content=\"image\/jpeg\" \/>\n<meta name=\"twitter:card\" content=\"summary_large_image\" \/>\n<meta name=\"twitter:label1\" content=\"Gesch\u00e4tzte Lesezeit\" \/>\n\t<meta name=\"twitter:data1\" content=\"1\u00a0Minute\" \/>\n<script type=\"application\/ld+json\" class=\"yoast-schema-graph\">{\"@context\":\"https:\\\/\\\/schema.org\",\"@graph\":[{\"@type\":\"WebPage\",\"@id\":\"https:\\\/\\\/iha-race.com\\\/de\\\/producto\\\/spannungs-linear-regler-matek-4s-a-12-v-fur-fpv\\\/\",\"url\":\"https:\\\/\\\/iha-race.com\\\/de\\\/producto\\\/spannungs-linear-regler-matek-4s-a-12-v-fur-fpv\\\/\",\"name\":\"Matek 4S bis 12 V Linearer Spannungsregler f\u00fcr FPV - Iha Race\",\"isPartOf\":{\"@id\":\"https:\\\/\\\/iha-race.com\\\/de\\\/#website\"},\"primaryImageOfPage\":{\"@id\":\"https:\\\/\\\/iha-race.com\\\/de\\\/producto\\\/spannungs-linear-regler-matek-4s-a-12-v-fur-fpv\\\/#primaryimage\"},\"image\":{\"@id\":\"https:\\\/\\\/iha-race.com\\\/de\\\/producto\\\/spannungs-linear-regler-matek-4s-a-12-v-fur-fpv\\\/#primaryimage\"},\"thumbnailUrl\":\"https:\\\/\\\/iha-race.com\\\/wp-content\\\/uploads\\\/2018\\\/07\\\/regulador-lineal-de-voltaje-matek-4s-1.jpg\",\"datePublished\":\"2018-07-16T13:44:32+00:00\",\"dateModified\":\"2024-09-02T12:01:49+00:00\",\"breadcrumb\":{\"@id\":\"https:\\\/\\\/iha-race.com\\\/de\\\/producto\\\/spannungs-linear-regler-matek-4s-a-12-v-fur-fpv\\\/#breadcrumb\"},\"inLanguage\":\"de\",\"potentialAction\":[{\"@type\":\"ReadAction\",\"target\":[\"https:\\\/\\\/iha-race.com\\\/de\\\/producto\\\/spannungs-linear-regler-matek-4s-a-12-v-fur-fpv\\\/\"]}]},{\"@type\":\"ImageObject\",\"inLanguage\":\"de\",\"@id\":\"https:\\\/\\\/iha-race.com\\\/de\\\/producto\\\/spannungs-linear-regler-matek-4s-a-12-v-fur-fpv\\\/#primaryimage\",\"url\":\"https:\\\/\\\/iha-race.com\\\/wp-content\\\/uploads\\\/2018\\\/07\\\/regulador-lineal-de-voltaje-matek-4s-1.jpg\",\"contentUrl\":\"https:\\\/\\\/iha-race.com\\\/wp-content\\\/uploads\\\/2018\\\/07\\\/regulador-lineal-de-voltaje-matek-4s-1.jpg\",\"width\":800,\"height\":800},{\"@type\":\"BreadcrumbList\",\"@id\":\"https:\\\/\\\/iha-race.com\\\/de\\\/producto\\\/spannungs-linear-regler-matek-4s-a-12-v-fur-fpv\\\/#breadcrumb\",\"itemListElement\":[{\"@type\":\"ListItem\",\"position\":1,\"name\":\"Portada\",\"item\":\"https:\\\/\\\/iha-race.com\\\/de\\\/elementor-499\\\/\"},{\"@type\":\"ListItem\",\"position\":2,\"name\":\"Shop\",\"item\":\"https:\\\/\\\/iha-race.com\\\/de\\\/shop\\\/\"},{\"@type\":\"ListItem\",\"position\":3,\"name\":\"Matek 4S bis 12 V Linearer Spannungsregler f\u00fcr FPV\"}]},{\"@type\":\"WebSite\",\"@id\":\"https:\\\/\\\/iha-race.com\\\/de\\\/#website\",\"url\":\"https:\\\/\\\/iha-race.com\\\/de\\\/\",\"name\":\"Iha Race\",\"description\":\"Comprar drones de carreras FPV env\u00edos en un d\u00eda desde Espa\u00f1a\",\"publisher\":{\"@id\":\"https:\\\/\\\/iha-race.com\\\/de\\\/#organization\"},\"potentialAction\":[{\"@type\":\"SearchAction\",\"target\":{\"@type\":\"EntryPoint\",\"urlTemplate\":\"https:\\\/\\\/iha-race.com\\\/de\\\/?s={search_term_string}\"},\"query-input\":{\"@type\":\"PropertyValueSpecification\",\"valueRequired\":true,\"valueName\":\"search_term_string\"}}],\"inLanguage\":\"de\"},{\"@type\":\"Organization\",\"@id\":\"https:\\\/\\\/iha-race.com\\\/de\\\/#organization\",\"name\":\"Iha Race\",\"url\":\"https:\\\/\\\/iha-race.com\\\/de\\\/\",\"logo\":{\"@type\":\"ImageObject\",\"inLanguage\":\"de\",\"@id\":\"https:\\\/\\\/iha-race.com\\\/de\\\/#\\\/schema\\\/logo\\\/image\\\/\",\"url\":\"https:\\\/\\\/iha-race.com\\\/wp-content\\\/uploads\\\/2018\\\/07\\\/iha-race-drones-de-carreras-tienda-comprar-drones.png\",\"contentUrl\":\"https:\\\/\\\/iha-race.com\\\/wp-content\\\/uploads\\\/2018\\\/07\\\/iha-race-drones-de-carreras-tienda-comprar-drones.png\",\"width\":300,\"height\":100,\"caption\":\"Iha Race\"},\"image\":{\"@id\":\"https:\\\/\\\/iha-race.com\\\/de\\\/#\\\/schema\\\/logo\\\/image\\\/\"}}]}<\/script>\n<!-- \/ Yoast SEO plugin. -->","yoast_head_json":{"title":"Matek 4S bis 12 V Linearer Spannungsregler f\u00fcr FPV - Iha Race","robots":{"index":"index","follow":"follow","max-snippet":"max-snippet:-1","max-image-preview":"max-image-preview:large","max-video-preview":"max-video-preview:-1"},"canonical":"https:\/\/iha-race.com\/de\/producto\/spannungs-linear-regler-matek-4s-a-12-v-fur-fpv\/","og_locale":"de_DE","og_type":"article","og_title":"Matek 4S bis 12 V Linearer Spannungsregler f\u00fcr FPV - Iha Race","og_description":"Matek 4S bis 12 V Linearer Spannungsregler f\u00fcr FPV Spezifikation: Matek FPV Linearer Spannungsregler Eingetragene Marke: matek Artikelbezeichnung: Linearer Spannungsregler Eingangsspannung: 13 ~ 17v, Lipo 4s Ausgangsspannung: 12 V, Genauigkeit","og_url":"https:\/\/iha-race.com\/de\/producto\/spannungs-linear-regler-matek-4s-a-12-v-fur-fpv\/","og_site_name":"Iha Race","article_modified_time":"2024-09-02T12:01:49+00:00","og_image":[{"width":800,"height":800,"url":"https:\/\/iha-race.com\/wp-content\/uploads\/2018\/07\/regulador-lineal-de-voltaje-matek-4s-1.jpg","type":"image\/jpeg"}],"twitter_card":"summary_large_image","twitter_misc":{"Gesch\u00e4tzte Lesezeit":"1\u00a0Minute"},"schema":{"@context":"https:\/\/schema.org","@graph":[{"@type":"WebPage","@id":"https:\/\/iha-race.com\/de\/producto\/spannungs-linear-regler-matek-4s-a-12-v-fur-fpv\/","url":"https:\/\/iha-race.com\/de\/producto\/spannungs-linear-regler-matek-4s-a-12-v-fur-fpv\/","name":"Matek 4S bis 12 V Linearer Spannungsregler f\u00fcr FPV - Iha Race","isPartOf":{"@id":"https:\/\/iha-race.com\/de\/#website"},"primaryImageOfPage":{"@id":"https:\/\/iha-race.com\/de\/producto\/spannungs-linear-regler-matek-4s-a-12-v-fur-fpv\/#primaryimage"},"image":{"@id":"https:\/\/iha-race.com\/de\/producto\/spannungs-linear-regler-matek-4s-a-12-v-fur-fpv\/#primaryimage"},"thumbnailUrl":"https:\/\/iha-race.com\/wp-content\/uploads\/2018\/07\/regulador-lineal-de-voltaje-matek-4s-1.jpg","datePublished":"2018-07-16T13:44:32+00:00","dateModified":"2024-09-02T12:01:49+00:00","breadcrumb":{"@id":"https:\/\/iha-race.com\/de\/producto\/spannungs-linear-regler-matek-4s-a-12-v-fur-fpv\/#breadcrumb"},"inLanguage":"de","potentialAction":[{"@type":"ReadAction","target":["https:\/\/iha-race.com\/de\/producto\/spannungs-linear-regler-matek-4s-a-12-v-fur-fpv\/"]}]},{"@type":"ImageObject","inLanguage":"de","@id":"https:\/\/iha-race.com\/de\/producto\/spannungs-linear-regler-matek-4s-a-12-v-fur-fpv\/#primaryimage","url":"https:\/\/iha-race.com\/wp-content\/uploads\/2018\/07\/regulador-lineal-de-voltaje-matek-4s-1.jpg","contentUrl":"https:\/\/iha-race.com\/wp-content\/uploads\/2018\/07\/regulador-lineal-de-voltaje-matek-4s-1.jpg","width":800,"height":800},{"@type":"BreadcrumbList","@id":"https:\/\/iha-race.com\/de\/producto\/spannungs-linear-regler-matek-4s-a-12-v-fur-fpv\/#breadcrumb","itemListElement":[{"@type":"ListItem","position":1,"name":"Portada","item":"https:\/\/iha-race.com\/de\/elementor-499\/"},{"@type":"ListItem","position":2,"name":"Shop","item":"https:\/\/iha-race.com\/de\/shop\/"},{"@type":"ListItem","position":3,"name":"Matek 4S bis 12 V Linearer Spannungsregler f\u00fcr FPV"}]},{"@type":"WebSite","@id":"https:\/\/iha-race.com\/de\/#website","url":"https:\/\/iha-race.com\/de\/","name":"Iha Race","description":"Comprar drones de carreras FPV env\u00edos en un d\u00eda desde Espa\u00f1a","publisher":{"@id":"https:\/\/iha-race.com\/de\/#organization"},"potentialAction":[{"@type":"SearchAction","target":{"@type":"EntryPoint","urlTemplate":"https:\/\/iha-race.com\/de\/?s={search_term_string}"},"query-input":{"@type":"PropertyValueSpecification","valueRequired":true,"valueName":"search_term_string"}}],"inLanguage":"de"},{"@type":"Organization","@id":"https:\/\/iha-race.com\/de\/#organization","name":"Iha Race","url":"https:\/\/iha-race.com\/de\/","logo":{"@type":"ImageObject","inLanguage":"de","@id":"https:\/\/iha-race.com\/de\/#\/schema\/logo\/image\/","url":"https:\/\/iha-race.com\/wp-content\/uploads\/2018\/07\/iha-race-drones-de-carreras-tienda-comprar-drones.png","contentUrl":"https:\/\/iha-race.com\/wp-content\/uploads\/2018\/07\/iha-race-drones-de-carreras-tienda-comprar-drones.png","width":300,"height":100,"caption":"Iha Race"},"image":{"@id":"https:\/\/iha-race.com\/de\/#\/schema\/logo\/image\/"}}]}},"jetpack_sharing_enabled":true,"brands":[],"_links":{"self":[{"href":"https:\/\/iha-race.com\/de\/wp-json\/wp\/v2\/product\/207384","targetHints":{"allow":["GET"]}}],"collection":[{"href":"https:\/\/iha-race.com\/de\/wp-json\/wp\/v2\/product"}],"about":[{"href":"https:\/\/iha-race.com\/de\/wp-json\/wp\/v2\/types\/product"}],"replies":[{"embeddable":true,"href":"https:\/\/iha-race.com\/de\/wp-json\/wp\/v2\/comments?post=207384"}],"version-history":[{"count":2,"href":"https:\/\/iha-race.com\/de\/wp-json\/wp\/v2\/product\/207384\/revisions"}],"predecessor-version":[{"id":250827,"href":"https:\/\/iha-race.com\/de\/wp-json\/wp\/v2\/product\/207384\/revisions\/250827"}],"wp:featuredmedia":[{"embeddable":true,"href":"https:\/\/iha-race.com\/de\/wp-json\/wp\/v2\/media\/124869"}],"wp:attachment":[{"href":"https:\/\/iha-race.com\/de\/wp-json\/wp\/v2\/media?parent=207384"}],"wp:term":[{"taxonomy":"pwb-brand","embeddable":true,"href":"https:\/\/iha-race.com\/de\/wp-json\/wp\/v2\/pwb-brand?post=207384"},{"taxonomy":"product_cat","embeddable":true,"href":"https:\/\/iha-race.com\/de\/wp-json\/wp\/v2\/product_cat?post=207384"},{"taxonomy":"product_tag","embeddable":true,"href":"https:\/\/iha-race.com\/de\/wp-json\/wp\/v2\/product_tag?post=207384"}],"curies":[{"name":"wp","href":"https:\/\/api.w.org\/{rel}","templated":true}]}}