{"id":207368,"date":"2018-07-16T15:40:33","date_gmt":"2018-07-16T13:40:33","guid":{"rendered":"https:\/\/iha-race.com\/producto\/matek-led-und-5in1-pbd-v3-stromversorgungssteuerungsplatine-rekuperator\/"},"modified":"2024-09-02T14:01:46","modified_gmt":"2024-09-02T12:01:46","slug":"matek-led-led-y-5en1-pbd-v3-powered-controller-card-recuperator","status":"publish","type":"product","link":"https:\/\/iha-race.com\/de\/producto\/matek-led-led-y-5en1-pbd-v3-powered-controller-card-recuperator\/","title":{"rendered":"Matek LED und 5in1 PBD V3 Stromversorgungssteuerungsplatine + Rekuperator"},"content":{"rendered":"<h3>Matek LED und 5in1 PBD V3 Stromversorgungssteuerungsplatine + Rekuperator<\/h3>\n<p>  PDBs werden immer intelligenter &#8211; der Matek 5-in-1 LED und Power Hub V3 AP ist da keine Ausnahme. Mit 5V 3A und 12V 500mA BECs, einem 5V-Treiber, Lost Model Finder und LED-Unterspannungsalarm &#8211; der neue V3 AP besteht derzeit aus 2oz Kupfer f\u00fcr eine h\u00f6here Strombelastbarkeit. Bei Verwendung eines 4-6S LiPo kann das BEC 12 V ausgeben, um Kameras und Videosender zu betreiben. Die eingebaute 5V LED-Lichtsteuerung kann \u00fcber drei Blinkmodi (konstant, langsam oder schnell blinkend) aktiviert werden. Der Summer des Boards kann \u00fcber einen Schalter am Sender aktiviert werden, um im Falle einer unerwarteten Landung als Finder des verlorenen Modells zu fungieren. Er kann auch als Unterspannungsalarm fungieren, um Sie darauf hinzuweisen, dass es Zeit ist, die Batterien zu wechseln &#8211; die LEDs blinken auch, um Sie daran zu erinnern.  &nbsp;<\/p>\n","protected":false},"excerpt":{"rendered":"<p>Matek LED und 5in1 PBD V3 Stromversorgungssteuerungsplatine + Rekuperator PDBs werden immer intelligenter &#8211; der Matek 5-in-1 LED und Power Hub V3 AP ist da keine Ausnahme. Mit 5V 3A<\/p>\n","protected":false},"featured_media":124858,"comment_status":"open","ping_status":"closed","template":"","meta":{"_joinchat":[]},"pwb-brand":[],"product_cat":[2535,2595],"product_tag":[],"class_list":{"0":"post-207368","1":"product","2":"type-product","3":"status-publish","4":"has-post-thumbnail","6":"product_cat-fpv-elektronik-und-zubehor","7":"product_cat-pdb-de","9":"first","10":"instock","11":"taxable","12":"shipping-taxable","13":"purchasable","14":"product-type-simple"},"barcode":null,"atum_controlled":true,"out_stock_date":null,"out_stock_threshold":null,"inheritable":false,"stock_on_hold":0,"sold_today":0,"sales_last_days":0,"out_stock_days":0,"lost_sales":0,"update_date":"2026-04-18T17:57:52","atum_locations":[],"atum_stock_status":"instock","restock_status":false,"low_stock_amount":"","sales_update_date":"2026-04-18T17:57:52","calc_backorders":null,"yoast_head":"<!-- This site is optimized with the Yoast SEO plugin v27.3 - https:\/\/yoast.com\/product\/yoast-seo-wordpress\/ -->\n<title>Matek LED und 5in1 PBD V3 Stromversorgungssteuerungsplatine + Rekuperator - Iha Race<\/title>\n<meta name=\"robots\" content=\"index, follow, max-snippet:-1, max-image-preview:large, max-video-preview:-1\" \/>\n<link rel=\"canonical\" href=\"https:\/\/iha-race.com\/de\/producto\/matek-led-led-y-5en1-pbd-v3-powered-controller-card-recuperator\/\" \/>\n<meta property=\"og:locale\" content=\"de_DE\" \/>\n<meta property=\"og:type\" content=\"article\" \/>\n<meta property=\"og:title\" content=\"Matek LED und 5in1 PBD V3 Stromversorgungssteuerungsplatine + Rekuperator - Iha Race\" \/>\n<meta property=\"og:description\" content=\"Matek LED und 5in1 PBD V3 Stromversorgungssteuerungsplatine + Rekuperator PDBs werden immer intelligenter &#8211; der Matek 5-in-1 LED und Power Hub V3 AP ist da keine Ausnahme. Mit 5V 3A\" \/>\n<meta property=\"og:url\" content=\"https:\/\/iha-race.com\/de\/producto\/matek-led-led-y-5en1-pbd-v3-powered-controller-card-recuperator\/\" \/>\n<meta property=\"og:site_name\" content=\"Iha Race\" \/>\n<meta property=\"article:modified_time\" content=\"2024-09-02T12:01:46+00:00\" \/>\n<meta property=\"og:image\" content=\"https:\/\/iha-race.com\/wp-content\/uploads\/2018\/07\/matek-led-5en1-pbd-v3-alimentacion-la-tarjeta-controladora-bec-5v-1.jpg\" \/>\n\t<meta property=\"og:image:width\" content=\"800\" \/>\n\t<meta property=\"og:image:height\" content=\"800\" \/>\n\t<meta property=\"og:image:type\" content=\"image\/jpeg\" \/>\n<meta name=\"twitter:card\" content=\"summary_large_image\" \/>\n<meta name=\"twitter:label1\" content=\"Gesch\u00e4tzte Lesezeit\" \/>\n\t<meta name=\"twitter:data1\" content=\"1\u00a0Minute\" \/>\n<script type=\"application\/ld+json\" class=\"yoast-schema-graph\">{\"@context\":\"https:\\\/\\\/schema.org\",\"@graph\":[{\"@type\":\"WebPage\",\"@id\":\"https:\\\/\\\/iha-race.com\\\/de\\\/producto\\\/matek-led-led-y-5en1-pbd-v3-powered-controller-card-recuperator\\\/\",\"url\":\"https:\\\/\\\/iha-race.com\\\/de\\\/producto\\\/matek-led-led-y-5en1-pbd-v3-powered-controller-card-recuperator\\\/\",\"name\":\"Matek LED und 5in1 PBD V3 Stromversorgungssteuerungsplatine + Rekuperator - Iha Race\",\"isPartOf\":{\"@id\":\"https:\\\/\\\/iha-race.com\\\/de\\\/#website\"},\"primaryImageOfPage\":{\"@id\":\"https:\\\/\\\/iha-race.com\\\/de\\\/producto\\\/matek-led-led-y-5en1-pbd-v3-powered-controller-card-recuperator\\\/#primaryimage\"},\"image\":{\"@id\":\"https:\\\/\\\/iha-race.com\\\/de\\\/producto\\\/matek-led-led-y-5en1-pbd-v3-powered-controller-card-recuperator\\\/#primaryimage\"},\"thumbnailUrl\":\"https:\\\/\\\/iha-race.com\\\/wp-content\\\/uploads\\\/2018\\\/07\\\/matek-led-5en1-pbd-v3-alimentacion-la-tarjeta-controladora-bec-5v-1.jpg\",\"datePublished\":\"2018-07-16T13:40:33+00:00\",\"dateModified\":\"2024-09-02T12:01:46+00:00\",\"breadcrumb\":{\"@id\":\"https:\\\/\\\/iha-race.com\\\/de\\\/producto\\\/matek-led-led-y-5en1-pbd-v3-powered-controller-card-recuperator\\\/#breadcrumb\"},\"inLanguage\":\"de\",\"potentialAction\":[{\"@type\":\"ReadAction\",\"target\":[\"https:\\\/\\\/iha-race.com\\\/de\\\/producto\\\/matek-led-led-y-5en1-pbd-v3-powered-controller-card-recuperator\\\/\"]}]},{\"@type\":\"ImageObject\",\"inLanguage\":\"de\",\"@id\":\"https:\\\/\\\/iha-race.com\\\/de\\\/producto\\\/matek-led-led-y-5en1-pbd-v3-powered-controller-card-recuperator\\\/#primaryimage\",\"url\":\"https:\\\/\\\/iha-race.com\\\/wp-content\\\/uploads\\\/2018\\\/07\\\/matek-led-5en1-pbd-v3-alimentacion-la-tarjeta-controladora-bec-5v-1.jpg\",\"contentUrl\":\"https:\\\/\\\/iha-race.com\\\/wp-content\\\/uploads\\\/2018\\\/07\\\/matek-led-5en1-pbd-v3-alimentacion-la-tarjeta-controladora-bec-5v-1.jpg\",\"width\":800,\"height\":800},{\"@type\":\"BreadcrumbList\",\"@id\":\"https:\\\/\\\/iha-race.com\\\/de\\\/producto\\\/matek-led-led-y-5en1-pbd-v3-powered-controller-card-recuperator\\\/#breadcrumb\",\"itemListElement\":[{\"@type\":\"ListItem\",\"position\":1,\"name\":\"Portada\",\"item\":\"https:\\\/\\\/iha-race.com\\\/de\\\/elementor-499\\\/\"},{\"@type\":\"ListItem\",\"position\":2,\"name\":\"Shop\",\"item\":\"https:\\\/\\\/iha-race.com\\\/de\\\/shop\\\/\"},{\"@type\":\"ListItem\",\"position\":3,\"name\":\"Matek LED und 5in1 PBD V3 Stromversorgungssteuerungsplatine + Rekuperator\"}]},{\"@type\":\"WebSite\",\"@id\":\"https:\\\/\\\/iha-race.com\\\/de\\\/#website\",\"url\":\"https:\\\/\\\/iha-race.com\\\/de\\\/\",\"name\":\"Iha Race\",\"description\":\"Comprar drones de carreras FPV env\u00edos en un d\u00eda desde Espa\u00f1a\",\"publisher\":{\"@id\":\"https:\\\/\\\/iha-race.com\\\/de\\\/#organization\"},\"potentialAction\":[{\"@type\":\"SearchAction\",\"target\":{\"@type\":\"EntryPoint\",\"urlTemplate\":\"https:\\\/\\\/iha-race.com\\\/de\\\/?s={search_term_string}\"},\"query-input\":{\"@type\":\"PropertyValueSpecification\",\"valueRequired\":true,\"valueName\":\"search_term_string\"}}],\"inLanguage\":\"de\"},{\"@type\":\"Organization\",\"@id\":\"https:\\\/\\\/iha-race.com\\\/de\\\/#organization\",\"name\":\"Iha Race\",\"url\":\"https:\\\/\\\/iha-race.com\\\/de\\\/\",\"logo\":{\"@type\":\"ImageObject\",\"inLanguage\":\"de\",\"@id\":\"https:\\\/\\\/iha-race.com\\\/de\\\/#\\\/schema\\\/logo\\\/image\\\/\",\"url\":\"https:\\\/\\\/iha-race.com\\\/wp-content\\\/uploads\\\/2018\\\/07\\\/iha-race-drones-de-carreras-tienda-comprar-drones.png\",\"contentUrl\":\"https:\\\/\\\/iha-race.com\\\/wp-content\\\/uploads\\\/2018\\\/07\\\/iha-race-drones-de-carreras-tienda-comprar-drones.png\",\"width\":300,\"height\":100,\"caption\":\"Iha Race\"},\"image\":{\"@id\":\"https:\\\/\\\/iha-race.com\\\/de\\\/#\\\/schema\\\/logo\\\/image\\\/\"}}]}<\/script>\n<!-- \/ Yoast SEO plugin. -->","yoast_head_json":{"title":"Matek LED und 5in1 PBD V3 Stromversorgungssteuerungsplatine + Rekuperator - Iha Race","robots":{"index":"index","follow":"follow","max-snippet":"max-snippet:-1","max-image-preview":"max-image-preview:large","max-video-preview":"max-video-preview:-1"},"canonical":"https:\/\/iha-race.com\/de\/producto\/matek-led-led-y-5en1-pbd-v3-powered-controller-card-recuperator\/","og_locale":"de_DE","og_type":"article","og_title":"Matek LED und 5in1 PBD V3 Stromversorgungssteuerungsplatine + Rekuperator - Iha Race","og_description":"Matek LED und 5in1 PBD V3 Stromversorgungssteuerungsplatine + Rekuperator PDBs werden immer intelligenter &#8211; der Matek 5-in-1 LED und Power Hub V3 AP ist da keine Ausnahme. Mit 5V 3A","og_url":"https:\/\/iha-race.com\/de\/producto\/matek-led-led-y-5en1-pbd-v3-powered-controller-card-recuperator\/","og_site_name":"Iha Race","article_modified_time":"2024-09-02T12:01:46+00:00","og_image":[{"width":800,"height":800,"url":"https:\/\/iha-race.com\/wp-content\/uploads\/2018\/07\/matek-led-5en1-pbd-v3-alimentacion-la-tarjeta-controladora-bec-5v-1.jpg","type":"image\/jpeg"}],"twitter_card":"summary_large_image","twitter_misc":{"Gesch\u00e4tzte Lesezeit":"1\u00a0Minute"},"schema":{"@context":"https:\/\/schema.org","@graph":[{"@type":"WebPage","@id":"https:\/\/iha-race.com\/de\/producto\/matek-led-led-y-5en1-pbd-v3-powered-controller-card-recuperator\/","url":"https:\/\/iha-race.com\/de\/producto\/matek-led-led-y-5en1-pbd-v3-powered-controller-card-recuperator\/","name":"Matek LED und 5in1 PBD V3 Stromversorgungssteuerungsplatine + Rekuperator - Iha Race","isPartOf":{"@id":"https:\/\/iha-race.com\/de\/#website"},"primaryImageOfPage":{"@id":"https:\/\/iha-race.com\/de\/producto\/matek-led-led-y-5en1-pbd-v3-powered-controller-card-recuperator\/#primaryimage"},"image":{"@id":"https:\/\/iha-race.com\/de\/producto\/matek-led-led-y-5en1-pbd-v3-powered-controller-card-recuperator\/#primaryimage"},"thumbnailUrl":"https:\/\/iha-race.com\/wp-content\/uploads\/2018\/07\/matek-led-5en1-pbd-v3-alimentacion-la-tarjeta-controladora-bec-5v-1.jpg","datePublished":"2018-07-16T13:40:33+00:00","dateModified":"2024-09-02T12:01:46+00:00","breadcrumb":{"@id":"https:\/\/iha-race.com\/de\/producto\/matek-led-led-y-5en1-pbd-v3-powered-controller-card-recuperator\/#breadcrumb"},"inLanguage":"de","potentialAction":[{"@type":"ReadAction","target":["https:\/\/iha-race.com\/de\/producto\/matek-led-led-y-5en1-pbd-v3-powered-controller-card-recuperator\/"]}]},{"@type":"ImageObject","inLanguage":"de","@id":"https:\/\/iha-race.com\/de\/producto\/matek-led-led-y-5en1-pbd-v3-powered-controller-card-recuperator\/#primaryimage","url":"https:\/\/iha-race.com\/wp-content\/uploads\/2018\/07\/matek-led-5en1-pbd-v3-alimentacion-la-tarjeta-controladora-bec-5v-1.jpg","contentUrl":"https:\/\/iha-race.com\/wp-content\/uploads\/2018\/07\/matek-led-5en1-pbd-v3-alimentacion-la-tarjeta-controladora-bec-5v-1.jpg","width":800,"height":800},{"@type":"BreadcrumbList","@id":"https:\/\/iha-race.com\/de\/producto\/matek-led-led-y-5en1-pbd-v3-powered-controller-card-recuperator\/#breadcrumb","itemListElement":[{"@type":"ListItem","position":1,"name":"Portada","item":"https:\/\/iha-race.com\/de\/elementor-499\/"},{"@type":"ListItem","position":2,"name":"Shop","item":"https:\/\/iha-race.com\/de\/shop\/"},{"@type":"ListItem","position":3,"name":"Matek LED und 5in1 PBD V3 Stromversorgungssteuerungsplatine + Rekuperator"}]},{"@type":"WebSite","@id":"https:\/\/iha-race.com\/de\/#website","url":"https:\/\/iha-race.com\/de\/","name":"Iha Race","description":"Comprar drones de carreras FPV env\u00edos en un d\u00eda desde Espa\u00f1a","publisher":{"@id":"https:\/\/iha-race.com\/de\/#organization"},"potentialAction":[{"@type":"SearchAction","target":{"@type":"EntryPoint","urlTemplate":"https:\/\/iha-race.com\/de\/?s={search_term_string}"},"query-input":{"@type":"PropertyValueSpecification","valueRequired":true,"valueName":"search_term_string"}}],"inLanguage":"de"},{"@type":"Organization","@id":"https:\/\/iha-race.com\/de\/#organization","name":"Iha Race","url":"https:\/\/iha-race.com\/de\/","logo":{"@type":"ImageObject","inLanguage":"de","@id":"https:\/\/iha-race.com\/de\/#\/schema\/logo\/image\/","url":"https:\/\/iha-race.com\/wp-content\/uploads\/2018\/07\/iha-race-drones-de-carreras-tienda-comprar-drones.png","contentUrl":"https:\/\/iha-race.com\/wp-content\/uploads\/2018\/07\/iha-race-drones-de-carreras-tienda-comprar-drones.png","width":300,"height":100,"caption":"Iha Race"},"image":{"@id":"https:\/\/iha-race.com\/de\/#\/schema\/logo\/image\/"}}]}},"jetpack_sharing_enabled":true,"brands":[],"_links":{"self":[{"href":"https:\/\/iha-race.com\/de\/wp-json\/wp\/v2\/product\/207368","targetHints":{"allow":["GET"]}}],"collection":[{"href":"https:\/\/iha-race.com\/de\/wp-json\/wp\/v2\/product"}],"about":[{"href":"https:\/\/iha-race.com\/de\/wp-json\/wp\/v2\/types\/product"}],"replies":[{"embeddable":true,"href":"https:\/\/iha-race.com\/de\/wp-json\/wp\/v2\/comments?post=207368"}],"version-history":[{"count":2,"href":"https:\/\/iha-race.com\/de\/wp-json\/wp\/v2\/product\/207368\/revisions"}],"predecessor-version":[{"id":250822,"href":"https:\/\/iha-race.com\/de\/wp-json\/wp\/v2\/product\/207368\/revisions\/250822"}],"wp:featuredmedia":[{"embeddable":true,"href":"https:\/\/iha-race.com\/de\/wp-json\/wp\/v2\/media\/124858"}],"wp:attachment":[{"href":"https:\/\/iha-race.com\/de\/wp-json\/wp\/v2\/media?parent=207368"}],"wp:term":[{"taxonomy":"pwb-brand","embeddable":true,"href":"https:\/\/iha-race.com\/de\/wp-json\/wp\/v2\/pwb-brand?post=207368"},{"taxonomy":"product_cat","embeddable":true,"href":"https:\/\/iha-race.com\/de\/wp-json\/wp\/v2\/product_cat?post=207368"},{"taxonomy":"product_tag","embeddable":true,"href":"https:\/\/iha-race.com\/de\/wp-json\/wp\/v2\/product_tag?post=207368"}],"curies":[{"name":"wp","href":"https:\/\/api.w.org\/{rel}","templated":true}]}}