{"id":207366,"date":"2021-03-30T11:07:39","date_gmt":"2021-03-30T09:07:39","guid":{"rendered":"https:\/\/iha-race.com\/producto\/runcam-nano-2-bl-kamera-18mm-21mm\/"},"modified":"2025-04-08T18:06:28","modified_gmt":"2025-04-08T16:06:28","slug":"camara-runcam-nano-2-bl-1-8mm-2-1mm","status":"publish","type":"product","link":"https:\/\/iha-race.com\/de\/producto\/camara-runcam-nano-2-bl-1-8mm-2-1mm\/","title":{"rendered":"RunCam Nano 2 BL Kamera (1,8mm\/2,1mm)"},"content":{"rendered":"<h2>RunCam Nano 2 BL Kamera (1,8mm\/2,1mm)<\/h2>\n<p>  Die RunCam Nano 2 ist eine der besten und kleinsten WDR-Laufkameras der Welt. Mit ihren Abmessungen von 14 x 14 mm ist sie &#8220;Nano&#8221;-Gr\u00f6\u00dfe, also kleiner als eine Mikrokamera, was bei der Auswahl der Befestigungsm\u00f6glichkeiten zu ber\u00fccksichtigen ist. Sie werden keine bessere Nanokamera auf dem Markt finden! W\u00e4hlen Sie zwischen 1,8 mm oder 2,1 mm Objektivoptionen.  <img fetchpriority=\"high\" decoding=\"async\" class=\" wp-image-49277\" src=\"https:\/\/iha-race.com\/wp-content\/uploads\/2018\/07\/NANO2-1.jpg\" alt=\"RunCam Nano 2 -BL- L-21 Kamera\" width=\"899\" height=\"356\" srcset=\"https:\/\/iha-race.com\/wp-content\/uploads\/2018\/07\/NANO2-1.jpg 1920w, https:\/\/iha-race.com\/wp-content\/uploads\/2018\/07\/NANO2-1-599x237.jpg 599w, https:\/\/iha-race.com\/wp-content\/uploads\/2018\/07\/NANO2-1-300x119.jpg 300w, https:\/\/iha-race.com\/wp-content\/uploads\/2018\/07\/NANO2-1-1024x405.jpg 1024w, https:\/\/iha-race.com\/wp-content\/uploads\/2018\/07\/NANO2-1-768x304.jpg 768w, https:\/\/iha-race.com\/wp-content\/uploads\/2018\/07\/NANO2-1-1536x608.jpg 1536w, https:\/\/iha-race.com\/wp-content\/uploads\/2018\/07\/NANO2-1-2048x811.jpg 2048w, https:\/\/iha-race.com\/wp-content\/uploads\/2018\/07\/NANO2-1-788x311.jpg 788w\" sizes=\"(max-width: 899px) 100vw, 899px\" \/><\/p>\n<h2>Spezifikationen<\/h2>\n<ul>\n<li>Modell: RunCam Nano 2<\/li>\n<li>Bildsensor: 1\/3 &#8221; CMOS<\/li>\n<li>Horizontale Aufl\u00f6sung: 700TVL<\/li>\n<li>Objektiv: 2,1 mm (M8) 155\u00b0 FOV 1,8 mm (M8) 170\u00b0 FOV<\/li>\n<li>Signalsystem: PAL \/ NTSC nicht umschaltbar<\/li>\n<li>S\/N-Verh\u00e4ltnis:&gt; 50dB<\/li>\n<li>Elektronische Verschlusszeit: automatisch<\/li>\n<li>Automatische Verst\u00e4rkungsregelung (AGC): automatisch<\/li>\n<li>Min. Beleuchtung: 0.01Lux@1.2F<\/li>\n<li>D-WDR: automatisch<\/li>\n<li>Tag\/Nacht: Farbe<\/li>\n<li>Stromversorgung: DC 3-5.5V<\/li>\n<li>Stromst\u00e4rke: 110mA @ 5V 120mA@3.3V<\/li>\n<li>Geh\u00e4usematerial: ABS<\/li>\n<li>Nettogewicht: 3,2 g<\/li>\n<li>Abmessungen: L14mm * B14mm * H16mm<\/li>\n<\/ul>\n<p><img decoding=\"async\" class=\"size-full wp-image-49278\" src=\"https:\/\/iha-race.com\/wp-content\/uploads\/2018\/07\/NANO2-2.jpg\" alt=\"RunCam Nano 2 -BL- L-21 Kamera\" width=\"1920\" height=\"860\" srcset=\"https:\/\/iha-race.com\/wp-content\/uploads\/2018\/07\/NANO2-2.jpg 1920w, https:\/\/iha-race.com\/wp-content\/uploads\/2018\/07\/NANO2-2-598x268.jpg 598w, https:\/\/iha-race.com\/wp-content\/uploads\/2018\/07\/NANO2-2-300x134.jpg 300w, https:\/\/iha-race.com\/wp-content\/uploads\/2018\/07\/NANO2-2-1024x459.jpg 1024w, https:\/\/iha-race.com\/wp-content\/uploads\/2018\/07\/NANO2-2-768x344.jpg 768w, https:\/\/iha-race.com\/wp-content\/uploads\/2018\/07\/NANO2-2-1536x688.jpg 1536w, https:\/\/iha-race.com\/wp-content\/uploads\/2018\/07\/NANO2-2-2048x917.jpg 2048w, https:\/\/iha-race.com\/wp-content\/uploads\/2018\/07\/NANO2-2-788x352.jpg 788w\" sizes=\"(max-width: 1920px) 100vw, 1920px\" \/><\/p>\n<h2>Abmessungen:<\/h2>\n<p><img decoding=\"async\" class=\" wp-image-49279\" src=\"https:\/\/iha-race.com\/wp-content\/uploads\/2018\/07\/NANO2-3.jpg\" alt=\"RunCam Nano 2 -BL- L-21 Kamera\" width=\"902\" height=\"282\" srcset=\"https:\/\/iha-race.com\/wp-content\/uploads\/2018\/07\/NANO2-3.jpg 960w, https:\/\/iha-race.com\/wp-content\/uploads\/2018\/07\/NANO2-3-598x187.jpg 598w, https:\/\/iha-race.com\/wp-content\/uploads\/2018\/07\/NANO2-3-300x94.jpg 300w, https:\/\/iha-race.com\/wp-content\/uploads\/2018\/07\/NANO2-3-1024x320.jpg 1024w, https:\/\/iha-race.com\/wp-content\/uploads\/2018\/07\/NANO2-3-768x240.jpg 768w, https:\/\/iha-race.com\/wp-content\/uploads\/2018\/07\/NANO2-3-1536x480.jpg 1536w, https:\/\/iha-race.com\/wp-content\/uploads\/2018\/07\/NANO2-3-2048x640.jpg 2048w, https:\/\/iha-race.com\/wp-content\/uploads\/2018\/07\/NANO2-3-788x246.jpg 788w\" sizes=\"(max-width: 902px) 100vw, 902px\" \/><\/p>\n<p>&nbsp;<\/p>\n<p><img loading=\"lazy\" decoding=\"async\" class=\" wp-image-49280 alignleft\" src=\"https:\/\/iha-race.com\/wp-content\/uploads\/2018\/07\/Captura-de-pantalla-2020-06-03-a-las-18.34.44.png\" alt=\"RunCam Nano 2 -BL- L-21 Kamera\" width=\"878\" height=\"357\" srcset=\"https:\/\/iha-race.com\/wp-content\/uploads\/2018\/07\/Captura-de-pantalla-2020-06-03-a-las-18.34.44.png 1030w, https:\/\/iha-race.com\/wp-content\/uploads\/2018\/07\/Captura-de-pantalla-2020-06-03-a-las-18.34.44-600x244.png 600w, https:\/\/iha-race.com\/wp-content\/uploads\/2018\/07\/Captura-de-pantalla-2020-06-03-a-las-18.34.44-300x122.png 300w, https:\/\/iha-race.com\/wp-content\/uploads\/2018\/07\/Captura-de-pantalla-2020-06-03-a-las-18.34.44-1024x417.png 1024w, https:\/\/iha-race.com\/wp-content\/uploads\/2018\/07\/Captura-de-pantalla-2020-06-03-a-las-18.34.44-767x312.png 767w, https:\/\/iha-race.com\/wp-content\/uploads\/2018\/07\/Captura-de-pantalla-2020-06-03-a-las-18.34.44-1536x625.png 1536w, https:\/\/iha-race.com\/wp-content\/uploads\/2018\/07\/Captura-de-pantalla-2020-06-03-a-las-18.34.44-2048x833.png 2048w, https:\/\/iha-race.com\/wp-content\/uploads\/2018\/07\/Captura-de-pantalla-2020-06-03-a-las-18.34.44-788x320.png 788w\" sizes=\"(max-width: 878px) 100vw, 878px\" \/><\/p>\n<p>&nbsp;<\/p>\n","protected":false},"excerpt":{"rendered":"<p>Die RunCam Nano 2 ist eine der besten und kleinsten WDR-Laufkameras der Welt!<\/p>\n","protected":false},"featured_media":122742,"comment_status":"open","ping_status":"closed","template":"","meta":{"_joinchat":[]},"pwb-brand":[],"product_cat":[2569,2554],"product_tag":[],"class_list":{"0":"post-207366","1":"product","2":"type-product","3":"status-publish","4":"has-post-thumbnail","6":"product_cat-analoge-kameras","7":"product_cat-fpv-kameras-de","9":"first","10":"instock","11":"taxable","12":"shipping-taxable","13":"purchasable","14":"product-type-variable"},"barcode":null,"atum_controlled":true,"out_stock_date":"2021-03-25 22:25:56","out_stock_threshold":null,"inheritable":true,"stock_on_hold":0,"sold_today":0,"sales_last_days":0,"out_stock_days":1747,"lost_sales":0,"update_date":"2026-04-18T23:29:48","atum_locations":[],"atum_stock_status":"instock","restock_status":false,"low_stock_amount":"","sales_update_date":"2026-04-18T23:29:48","calc_backorders":null,"yoast_head":"<!-- This site is optimized with the Yoast SEO plugin v27.3 - https:\/\/yoast.com\/product\/yoast-seo-wordpress\/ -->\n<title>RunCam Nano 2 BL Kamera (1,8mm\/2,1mm) - Iha Race<\/title>\n<meta name=\"robots\" content=\"index, follow, max-snippet:-1, max-image-preview:large, max-video-preview:-1\" \/>\n<link rel=\"canonical\" href=\"https:\/\/iha-race.com\/de\/producto\/camara-runcam-nano-2-bl-1-8mm-2-1mm\/\" \/>\n<meta property=\"og:locale\" content=\"de_DE\" \/>\n<meta property=\"og:type\" content=\"article\" \/>\n<meta property=\"og:title\" content=\"RunCam Nano 2 BL Kamera (1,8mm\/2,1mm) - Iha Race\" \/>\n<meta property=\"og:description\" content=\"Die RunCam Nano 2 ist eine der besten und kleinsten WDR-Laufkameras der Welt!\" \/>\n<meta property=\"og:url\" content=\"https:\/\/iha-race.com\/de\/producto\/camara-runcam-nano-2-bl-1-8mm-2-1mm\/\" \/>\n<meta property=\"og:site_name\" content=\"Iha Race\" \/>\n<meta property=\"article:modified_time\" content=\"2025-04-08T16:06:28+00:00\" \/>\n<meta property=\"og:image\" content=\"https:\/\/iha-race.com\/wp-content\/uploads\/2018\/07\/NKD_1722__44932.1553753317.1280.1280.jpg\" \/>\n\t<meta property=\"og:image:width\" content=\"1000\" \/>\n\t<meta property=\"og:image:height\" content=\"1000\" \/>\n\t<meta property=\"og:image:type\" content=\"image\/jpeg\" \/>\n<meta name=\"twitter:card\" content=\"summary_large_image\" \/>\n<meta name=\"twitter:label1\" content=\"Gesch\u00e4tzte Lesezeit\" \/>\n\t<meta name=\"twitter:data1\" content=\"1\u00a0Minute\" \/>\n<script type=\"application\/ld+json\" class=\"yoast-schema-graph\">{\"@context\":\"https:\\\/\\\/schema.org\",\"@graph\":[{\"@type\":\"WebPage\",\"@id\":\"https:\\\/\\\/iha-race.com\\\/de\\\/producto\\\/camara-runcam-nano-2-bl-1-8mm-2-1mm\\\/\",\"url\":\"https:\\\/\\\/iha-race.com\\\/de\\\/producto\\\/camara-runcam-nano-2-bl-1-8mm-2-1mm\\\/\",\"name\":\"RunCam Nano 2 BL Kamera (1,8mm\\\/2,1mm) - Iha Race\",\"isPartOf\":{\"@id\":\"https:\\\/\\\/iha-race.com\\\/de\\\/#website\"},\"primaryImageOfPage\":{\"@id\":\"https:\\\/\\\/iha-race.com\\\/de\\\/producto\\\/camara-runcam-nano-2-bl-1-8mm-2-1mm\\\/#primaryimage\"},\"image\":{\"@id\":\"https:\\\/\\\/iha-race.com\\\/de\\\/producto\\\/camara-runcam-nano-2-bl-1-8mm-2-1mm\\\/#primaryimage\"},\"thumbnailUrl\":\"https:\\\/\\\/iha-race.com\\\/wp-content\\\/uploads\\\/2018\\\/07\\\/NKD_1722__44932.1553753317.1280.1280.jpg\",\"datePublished\":\"2021-03-30T09:07:39+00:00\",\"dateModified\":\"2025-04-08T16:06:28+00:00\",\"breadcrumb\":{\"@id\":\"https:\\\/\\\/iha-race.com\\\/de\\\/producto\\\/camara-runcam-nano-2-bl-1-8mm-2-1mm\\\/#breadcrumb\"},\"inLanguage\":\"de\",\"potentialAction\":[{\"@type\":\"ReadAction\",\"target\":[\"https:\\\/\\\/iha-race.com\\\/de\\\/producto\\\/camara-runcam-nano-2-bl-1-8mm-2-1mm\\\/\"]}]},{\"@type\":\"ImageObject\",\"inLanguage\":\"de\",\"@id\":\"https:\\\/\\\/iha-race.com\\\/de\\\/producto\\\/camara-runcam-nano-2-bl-1-8mm-2-1mm\\\/#primaryimage\",\"url\":\"https:\\\/\\\/iha-race.com\\\/wp-content\\\/uploads\\\/2018\\\/07\\\/NKD_1722__44932.1553753317.1280.1280.jpg\",\"contentUrl\":\"https:\\\/\\\/iha-race.com\\\/wp-content\\\/uploads\\\/2018\\\/07\\\/NKD_1722__44932.1553753317.1280.1280.jpg\",\"width\":1000,\"height\":1000,\"caption\":\"C\u00e1mara RunCam Nano 2 -BL- L-21\"},{\"@type\":\"BreadcrumbList\",\"@id\":\"https:\\\/\\\/iha-race.com\\\/de\\\/producto\\\/camara-runcam-nano-2-bl-1-8mm-2-1mm\\\/#breadcrumb\",\"itemListElement\":[{\"@type\":\"ListItem\",\"position\":1,\"name\":\"Portada\",\"item\":\"https:\\\/\\\/iha-race.com\\\/de\\\/elementor-499\\\/\"},{\"@type\":\"ListItem\",\"position\":2,\"name\":\"Shop\",\"item\":\"https:\\\/\\\/iha-race.com\\\/de\\\/shop\\\/\"},{\"@type\":\"ListItem\",\"position\":3,\"name\":\"RunCam Nano 2 BL Kamera (1,8mm\\\/2,1mm)\"}]},{\"@type\":\"WebSite\",\"@id\":\"https:\\\/\\\/iha-race.com\\\/de\\\/#website\",\"url\":\"https:\\\/\\\/iha-race.com\\\/de\\\/\",\"name\":\"Iha Race\",\"description\":\"Comprar drones de carreras FPV env\u00edos en un d\u00eda desde Espa\u00f1a\",\"publisher\":{\"@id\":\"https:\\\/\\\/iha-race.com\\\/de\\\/#organization\"},\"potentialAction\":[{\"@type\":\"SearchAction\",\"target\":{\"@type\":\"EntryPoint\",\"urlTemplate\":\"https:\\\/\\\/iha-race.com\\\/de\\\/?s={search_term_string}\"},\"query-input\":{\"@type\":\"PropertyValueSpecification\",\"valueRequired\":true,\"valueName\":\"search_term_string\"}}],\"inLanguage\":\"de\"},{\"@type\":\"Organization\",\"@id\":\"https:\\\/\\\/iha-race.com\\\/de\\\/#organization\",\"name\":\"Iha Race\",\"url\":\"https:\\\/\\\/iha-race.com\\\/de\\\/\",\"logo\":{\"@type\":\"ImageObject\",\"inLanguage\":\"de\",\"@id\":\"https:\\\/\\\/iha-race.com\\\/de\\\/#\\\/schema\\\/logo\\\/image\\\/\",\"url\":\"https:\\\/\\\/iha-race.com\\\/wp-content\\\/uploads\\\/2018\\\/07\\\/iha-race-drones-de-carreras-tienda-comprar-drones.png\",\"contentUrl\":\"https:\\\/\\\/iha-race.com\\\/wp-content\\\/uploads\\\/2018\\\/07\\\/iha-race-drones-de-carreras-tienda-comprar-drones.png\",\"width\":300,\"height\":100,\"caption\":\"Iha Race\"},\"image\":{\"@id\":\"https:\\\/\\\/iha-race.com\\\/de\\\/#\\\/schema\\\/logo\\\/image\\\/\"}}]}<\/script>\n<!-- \/ Yoast SEO plugin. -->","yoast_head_json":{"title":"RunCam Nano 2 BL Kamera (1,8mm\/2,1mm) - Iha Race","robots":{"index":"index","follow":"follow","max-snippet":"max-snippet:-1","max-image-preview":"max-image-preview:large","max-video-preview":"max-video-preview:-1"},"canonical":"https:\/\/iha-race.com\/de\/producto\/camara-runcam-nano-2-bl-1-8mm-2-1mm\/","og_locale":"de_DE","og_type":"article","og_title":"RunCam Nano 2 BL Kamera (1,8mm\/2,1mm) - Iha Race","og_description":"Die RunCam Nano 2 ist eine der besten und kleinsten WDR-Laufkameras der Welt!","og_url":"https:\/\/iha-race.com\/de\/producto\/camara-runcam-nano-2-bl-1-8mm-2-1mm\/","og_site_name":"Iha Race","article_modified_time":"2025-04-08T16:06:28+00:00","og_image":[{"width":1000,"height":1000,"url":"https:\/\/iha-race.com\/wp-content\/uploads\/2018\/07\/NKD_1722__44932.1553753317.1280.1280.jpg","type":"image\/jpeg"}],"twitter_card":"summary_large_image","twitter_misc":{"Gesch\u00e4tzte Lesezeit":"1\u00a0Minute"},"schema":{"@context":"https:\/\/schema.org","@graph":[{"@type":"WebPage","@id":"https:\/\/iha-race.com\/de\/producto\/camara-runcam-nano-2-bl-1-8mm-2-1mm\/","url":"https:\/\/iha-race.com\/de\/producto\/camara-runcam-nano-2-bl-1-8mm-2-1mm\/","name":"RunCam Nano 2 BL Kamera (1,8mm\/2,1mm) - Iha Race","isPartOf":{"@id":"https:\/\/iha-race.com\/de\/#website"},"primaryImageOfPage":{"@id":"https:\/\/iha-race.com\/de\/producto\/camara-runcam-nano-2-bl-1-8mm-2-1mm\/#primaryimage"},"image":{"@id":"https:\/\/iha-race.com\/de\/producto\/camara-runcam-nano-2-bl-1-8mm-2-1mm\/#primaryimage"},"thumbnailUrl":"https:\/\/iha-race.com\/wp-content\/uploads\/2018\/07\/NKD_1722__44932.1553753317.1280.1280.jpg","datePublished":"2021-03-30T09:07:39+00:00","dateModified":"2025-04-08T16:06:28+00:00","breadcrumb":{"@id":"https:\/\/iha-race.com\/de\/producto\/camara-runcam-nano-2-bl-1-8mm-2-1mm\/#breadcrumb"},"inLanguage":"de","potentialAction":[{"@type":"ReadAction","target":["https:\/\/iha-race.com\/de\/producto\/camara-runcam-nano-2-bl-1-8mm-2-1mm\/"]}]},{"@type":"ImageObject","inLanguage":"de","@id":"https:\/\/iha-race.com\/de\/producto\/camara-runcam-nano-2-bl-1-8mm-2-1mm\/#primaryimage","url":"https:\/\/iha-race.com\/wp-content\/uploads\/2018\/07\/NKD_1722__44932.1553753317.1280.1280.jpg","contentUrl":"https:\/\/iha-race.com\/wp-content\/uploads\/2018\/07\/NKD_1722__44932.1553753317.1280.1280.jpg","width":1000,"height":1000,"caption":"C\u00e1mara RunCam Nano 2 -BL- L-21"},{"@type":"BreadcrumbList","@id":"https:\/\/iha-race.com\/de\/producto\/camara-runcam-nano-2-bl-1-8mm-2-1mm\/#breadcrumb","itemListElement":[{"@type":"ListItem","position":1,"name":"Portada","item":"https:\/\/iha-race.com\/de\/elementor-499\/"},{"@type":"ListItem","position":2,"name":"Shop","item":"https:\/\/iha-race.com\/de\/shop\/"},{"@type":"ListItem","position":3,"name":"RunCam Nano 2 BL Kamera (1,8mm\/2,1mm)"}]},{"@type":"WebSite","@id":"https:\/\/iha-race.com\/de\/#website","url":"https:\/\/iha-race.com\/de\/","name":"Iha Race","description":"Comprar drones de carreras FPV env\u00edos en un d\u00eda desde Espa\u00f1a","publisher":{"@id":"https:\/\/iha-race.com\/de\/#organization"},"potentialAction":[{"@type":"SearchAction","target":{"@type":"EntryPoint","urlTemplate":"https:\/\/iha-race.com\/de\/?s={search_term_string}"},"query-input":{"@type":"PropertyValueSpecification","valueRequired":true,"valueName":"search_term_string"}}],"inLanguage":"de"},{"@type":"Organization","@id":"https:\/\/iha-race.com\/de\/#organization","name":"Iha Race","url":"https:\/\/iha-race.com\/de\/","logo":{"@type":"ImageObject","inLanguage":"de","@id":"https:\/\/iha-race.com\/de\/#\/schema\/logo\/image\/","url":"https:\/\/iha-race.com\/wp-content\/uploads\/2018\/07\/iha-race-drones-de-carreras-tienda-comprar-drones.png","contentUrl":"https:\/\/iha-race.com\/wp-content\/uploads\/2018\/07\/iha-race-drones-de-carreras-tienda-comprar-drones.png","width":300,"height":100,"caption":"Iha Race"},"image":{"@id":"https:\/\/iha-race.com\/de\/#\/schema\/logo\/image\/"}}]}},"jetpack_sharing_enabled":true,"brands":[],"_links":{"self":[{"href":"https:\/\/iha-race.com\/de\/wp-json\/wp\/v2\/product\/207366","targetHints":{"allow":["GET"]}}],"collection":[{"href":"https:\/\/iha-race.com\/de\/wp-json\/wp\/v2\/product"}],"about":[{"href":"https:\/\/iha-race.com\/de\/wp-json\/wp\/v2\/types\/product"}],"replies":[{"embeddable":true,"href":"https:\/\/iha-race.com\/de\/wp-json\/wp\/v2\/comments?post=207366"}],"version-history":[{"count":2,"href":"https:\/\/iha-race.com\/de\/wp-json\/wp\/v2\/product\/207366\/revisions"}],"predecessor-version":[{"id":249591,"href":"https:\/\/iha-race.com\/de\/wp-json\/wp\/v2\/product\/207366\/revisions\/249591"}],"wp:featuredmedia":[{"embeddable":true,"href":"https:\/\/iha-race.com\/de\/wp-json\/wp\/v2\/media\/122742"}],"wp:attachment":[{"href":"https:\/\/iha-race.com\/de\/wp-json\/wp\/v2\/media?parent=207366"}],"wp:term":[{"taxonomy":"pwb-brand","embeddable":true,"href":"https:\/\/iha-race.com\/de\/wp-json\/wp\/v2\/pwb-brand?post=207366"},{"taxonomy":"product_cat","embeddable":true,"href":"https:\/\/iha-race.com\/de\/wp-json\/wp\/v2\/product_cat?post=207366"},{"taxonomy":"product_tag","embeddable":true,"href":"https:\/\/iha-race.com\/de\/wp-json\/wp\/v2\/product_tag?post=207366"}],"curies":[{"name":"wp","href":"https:\/\/api.w.org\/{rel}","templated":true}]}}