{"id":207362,"date":"2018-07-14T19:41:38","date_gmt":"2018-07-14T19:41:38","guid":{"rendered":"https:\/\/iha-race.com\/producto\/tbs-unify-pro-5g8-sma-und-rp-sma-pigtail-u-fl\/"},"modified":"2025-09-12T20:33:14","modified_gmt":"2025-09-12T18:33:14","slug":"pigtail-tbs-unify-pro-5g8-sma-y-rp-sma-u-fl","status":"publish","type":"product","link":"https:\/\/iha-race.com\/de\/producto\/pigtail-tbs-unify-pro-5g8-sma-y-rp-sma-u-fl\/","title":{"rendered":"TBS Unify Pro 5G8 SMA und RP-SMA Pigtail (U.FL)"},"content":{"rendered":"<h2>TBS Unify Pro 5G8 SMA und RP-SMA Pigtail (U.FL)<\/h2>\n<p>  Ein Ersatz-RPSMA-Flexkabel f\u00fcr TBS Unify PRO 5G8 und TBS Unify PRO 5G8 HV. U.FL-Anschluss, der eine Snap-In-Installation erm\u00f6glicht.  <\/p>\n<h3>Das Paket enth\u00e4lt:<\/h3>\n<ul>\n<li>1 x TBS Unify Pro 5G8 (U.FL) Pigtail, wahlweise SMA oder RP-SMA<\/li>\n<\/ul>\n","protected":false},"excerpt":{"rendered":"<p>TBS Unify Pro 5G8 SMA und RP-SMA Pigtail (U.FL) Ein Ersatz-RPSMA-Flexkabel f\u00fcr TBS Unify PRO 5G8 und TBS Unify PRO 5G8 HV. U.FL-Anschluss, der eine Snap-In-Installation erm\u00f6glicht. Das Paket enth\u00e4lt:<\/p>\n","protected":false},"featured_media":124469,"comment_status":"open","ping_status":"closed","template":"","meta":{"_joinchat":[]},"pwb-brand":[],"product_cat":[2591,2589,2564,2592],"product_tag":[],"class_list":{"0":"post-207362","1":"product","2":"type-product","3":"status-publish","4":"has-post-thumbnail","6":"product_cat-antennen-zubehor","7":"product_cat-fpv-antennen","8":"product_cat-vtx-vrx-de","9":"product_cat-zopf","11":"first","12":"outofstock","13":"taxable","14":"shipping-taxable","15":"purchasable","16":"product-type-variable"},"barcode":null,"atum_controlled":true,"out_stock_date":null,"out_stock_threshold":null,"inheritable":true,"stock_on_hold":0,"sold_today":0,"sales_last_days":0,"out_stock_days":0,"lost_sales":0,"update_date":"2026-04-08T10:19:03","atum_locations":[],"atum_stock_status":"instock","restock_status":false,"low_stock_amount":"","sales_update_date":"2026-04-08T10:19:03","calc_backorders":null,"yoast_head":"<!-- This site is optimized with the Yoast SEO plugin v27.3 - https:\/\/yoast.com\/product\/yoast-seo-wordpress\/ -->\n<title>TBS Unify Pro 5G8 SMA und RP-SMA Pigtail (U.FL) - Iha Race<\/title>\n<meta name=\"robots\" content=\"index, follow, max-snippet:-1, max-image-preview:large, max-video-preview:-1\" \/>\n<link rel=\"canonical\" href=\"https:\/\/iha-race.com\/de\/producto\/pigtail-tbs-unify-pro-5g8-sma-y-rp-sma-u-fl\/\" \/>\n<meta property=\"og:locale\" content=\"de_DE\" \/>\n<meta property=\"og:type\" content=\"article\" \/>\n<meta property=\"og:title\" content=\"TBS Unify Pro 5G8 SMA und RP-SMA Pigtail (U.FL) - Iha Race\" \/>\n<meta property=\"og:description\" content=\"TBS Unify Pro 5G8 SMA und RP-SMA Pigtail (U.FL) Ein Ersatz-RPSMA-Flexkabel f\u00fcr TBS Unify PRO 5G8 und TBS Unify PRO 5G8 HV. U.FL-Anschluss, der eine Snap-In-Installation erm\u00f6glicht. Das Paket enth\u00e4lt:\" \/>\n<meta property=\"og:url\" content=\"https:\/\/iha-race.com\/de\/producto\/pigtail-tbs-unify-pro-5g8-sma-y-rp-sma-u-fl\/\" \/>\n<meta property=\"og:site_name\" content=\"Iha Race\" \/>\n<meta property=\"article:modified_time\" content=\"2025-09-12T18:33:14+00:00\" \/>\n<meta property=\"og:image\" content=\"https:\/\/iha-race.com\/wp-content\/uploads\/2018\/07\/cable-flexible-pigtail-tbs-unificar-pro-comprar-barato-1-1.jpg\" \/>\n\t<meta property=\"og:image:width\" content=\"800\" \/>\n\t<meta property=\"og:image:height\" content=\"800\" \/>\n\t<meta property=\"og:image:type\" content=\"image\/jpeg\" \/>\n<meta name=\"twitter:card\" content=\"summary_large_image\" \/>\n<script type=\"application\/ld+json\" class=\"yoast-schema-graph\">{\"@context\":\"https:\\\/\\\/schema.org\",\"@graph\":[{\"@type\":\"WebPage\",\"@id\":\"https:\\\/\\\/iha-race.com\\\/de\\\/producto\\\/pigtail-tbs-unify-pro-5g8-sma-y-rp-sma-u-fl\\\/\",\"url\":\"https:\\\/\\\/iha-race.com\\\/de\\\/producto\\\/pigtail-tbs-unify-pro-5g8-sma-y-rp-sma-u-fl\\\/\",\"name\":\"TBS Unify Pro 5G8 SMA und RP-SMA Pigtail (U.FL) - Iha Race\",\"isPartOf\":{\"@id\":\"https:\\\/\\\/iha-race.com\\\/de\\\/#website\"},\"primaryImageOfPage\":{\"@id\":\"https:\\\/\\\/iha-race.com\\\/de\\\/producto\\\/pigtail-tbs-unify-pro-5g8-sma-y-rp-sma-u-fl\\\/#primaryimage\"},\"image\":{\"@id\":\"https:\\\/\\\/iha-race.com\\\/de\\\/producto\\\/pigtail-tbs-unify-pro-5g8-sma-y-rp-sma-u-fl\\\/#primaryimage\"},\"thumbnailUrl\":\"https:\\\/\\\/iha-race.com\\\/wp-content\\\/uploads\\\/2018\\\/07\\\/cable-flexible-pigtail-tbs-unificar-pro-comprar-barato-1-1.jpg\",\"datePublished\":\"2018-07-14T19:41:38+00:00\",\"dateModified\":\"2025-09-12T18:33:14+00:00\",\"breadcrumb\":{\"@id\":\"https:\\\/\\\/iha-race.com\\\/de\\\/producto\\\/pigtail-tbs-unify-pro-5g8-sma-y-rp-sma-u-fl\\\/#breadcrumb\"},\"inLanguage\":\"de\",\"potentialAction\":[{\"@type\":\"ReadAction\",\"target\":[\"https:\\\/\\\/iha-race.com\\\/de\\\/producto\\\/pigtail-tbs-unify-pro-5g8-sma-y-rp-sma-u-fl\\\/\"]}]},{\"@type\":\"ImageObject\",\"inLanguage\":\"de\",\"@id\":\"https:\\\/\\\/iha-race.com\\\/de\\\/producto\\\/pigtail-tbs-unify-pro-5g8-sma-y-rp-sma-u-fl\\\/#primaryimage\",\"url\":\"https:\\\/\\\/iha-race.com\\\/wp-content\\\/uploads\\\/2018\\\/07\\\/cable-flexible-pigtail-tbs-unificar-pro-comprar-barato-1-1.jpg\",\"contentUrl\":\"https:\\\/\\\/iha-race.com\\\/wp-content\\\/uploads\\\/2018\\\/07\\\/cable-flexible-pigtail-tbs-unificar-pro-comprar-barato-1-1.jpg\",\"width\":800,\"height\":800},{\"@type\":\"BreadcrumbList\",\"@id\":\"https:\\\/\\\/iha-race.com\\\/de\\\/producto\\\/pigtail-tbs-unify-pro-5g8-sma-y-rp-sma-u-fl\\\/#breadcrumb\",\"itemListElement\":[{\"@type\":\"ListItem\",\"position\":1,\"name\":\"Portada\",\"item\":\"https:\\\/\\\/iha-race.com\\\/de\\\/elementor-499\\\/\"},{\"@type\":\"ListItem\",\"position\":2,\"name\":\"Shop\",\"item\":\"https:\\\/\\\/iha-race.com\\\/de\\\/shop\\\/\"},{\"@type\":\"ListItem\",\"position\":3,\"name\":\"TBS Unify Pro 5G8 SMA und RP-SMA Pigtail (U.FL)\"}]},{\"@type\":\"WebSite\",\"@id\":\"https:\\\/\\\/iha-race.com\\\/de\\\/#website\",\"url\":\"https:\\\/\\\/iha-race.com\\\/de\\\/\",\"name\":\"Iha Race\",\"description\":\"Comprar drones de carreras FPV env\u00edos en un d\u00eda desde Espa\u00f1a\",\"publisher\":{\"@id\":\"https:\\\/\\\/iha-race.com\\\/de\\\/#organization\"},\"potentialAction\":[{\"@type\":\"SearchAction\",\"target\":{\"@type\":\"EntryPoint\",\"urlTemplate\":\"https:\\\/\\\/iha-race.com\\\/de\\\/?s={search_term_string}\"},\"query-input\":{\"@type\":\"PropertyValueSpecification\",\"valueRequired\":true,\"valueName\":\"search_term_string\"}}],\"inLanguage\":\"de\"},{\"@type\":\"Organization\",\"@id\":\"https:\\\/\\\/iha-race.com\\\/de\\\/#organization\",\"name\":\"Iha Race\",\"url\":\"https:\\\/\\\/iha-race.com\\\/de\\\/\",\"logo\":{\"@type\":\"ImageObject\",\"inLanguage\":\"de\",\"@id\":\"https:\\\/\\\/iha-race.com\\\/de\\\/#\\\/schema\\\/logo\\\/image\\\/\",\"url\":\"https:\\\/\\\/iha-race.com\\\/wp-content\\\/uploads\\\/2018\\\/07\\\/iha-race-drones-de-carreras-tienda-comprar-drones.png\",\"contentUrl\":\"https:\\\/\\\/iha-race.com\\\/wp-content\\\/uploads\\\/2018\\\/07\\\/iha-race-drones-de-carreras-tienda-comprar-drones.png\",\"width\":300,\"height\":100,\"caption\":\"Iha Race\"},\"image\":{\"@id\":\"https:\\\/\\\/iha-race.com\\\/de\\\/#\\\/schema\\\/logo\\\/image\\\/\"}}]}<\/script>\n<!-- \/ Yoast SEO plugin. -->","yoast_head_json":{"title":"TBS Unify Pro 5G8 SMA und RP-SMA Pigtail (U.FL) - Iha Race","robots":{"index":"index","follow":"follow","max-snippet":"max-snippet:-1","max-image-preview":"max-image-preview:large","max-video-preview":"max-video-preview:-1"},"canonical":"https:\/\/iha-race.com\/de\/producto\/pigtail-tbs-unify-pro-5g8-sma-y-rp-sma-u-fl\/","og_locale":"de_DE","og_type":"article","og_title":"TBS Unify Pro 5G8 SMA und RP-SMA Pigtail (U.FL) - Iha Race","og_description":"TBS Unify Pro 5G8 SMA und RP-SMA Pigtail (U.FL) Ein Ersatz-RPSMA-Flexkabel f\u00fcr TBS Unify PRO 5G8 und TBS Unify PRO 5G8 HV. U.FL-Anschluss, der eine Snap-In-Installation erm\u00f6glicht. Das Paket enth\u00e4lt:","og_url":"https:\/\/iha-race.com\/de\/producto\/pigtail-tbs-unify-pro-5g8-sma-y-rp-sma-u-fl\/","og_site_name":"Iha Race","article_modified_time":"2025-09-12T18:33:14+00:00","og_image":[{"width":800,"height":800,"url":"https:\/\/iha-race.com\/wp-content\/uploads\/2018\/07\/cable-flexible-pigtail-tbs-unificar-pro-comprar-barato-1-1.jpg","type":"image\/jpeg"}],"twitter_card":"summary_large_image","schema":{"@context":"https:\/\/schema.org","@graph":[{"@type":"WebPage","@id":"https:\/\/iha-race.com\/de\/producto\/pigtail-tbs-unify-pro-5g8-sma-y-rp-sma-u-fl\/","url":"https:\/\/iha-race.com\/de\/producto\/pigtail-tbs-unify-pro-5g8-sma-y-rp-sma-u-fl\/","name":"TBS Unify Pro 5G8 SMA und RP-SMA Pigtail (U.FL) - Iha Race","isPartOf":{"@id":"https:\/\/iha-race.com\/de\/#website"},"primaryImageOfPage":{"@id":"https:\/\/iha-race.com\/de\/producto\/pigtail-tbs-unify-pro-5g8-sma-y-rp-sma-u-fl\/#primaryimage"},"image":{"@id":"https:\/\/iha-race.com\/de\/producto\/pigtail-tbs-unify-pro-5g8-sma-y-rp-sma-u-fl\/#primaryimage"},"thumbnailUrl":"https:\/\/iha-race.com\/wp-content\/uploads\/2018\/07\/cable-flexible-pigtail-tbs-unificar-pro-comprar-barato-1-1.jpg","datePublished":"2018-07-14T19:41:38+00:00","dateModified":"2025-09-12T18:33:14+00:00","breadcrumb":{"@id":"https:\/\/iha-race.com\/de\/producto\/pigtail-tbs-unify-pro-5g8-sma-y-rp-sma-u-fl\/#breadcrumb"},"inLanguage":"de","potentialAction":[{"@type":"ReadAction","target":["https:\/\/iha-race.com\/de\/producto\/pigtail-tbs-unify-pro-5g8-sma-y-rp-sma-u-fl\/"]}]},{"@type":"ImageObject","inLanguage":"de","@id":"https:\/\/iha-race.com\/de\/producto\/pigtail-tbs-unify-pro-5g8-sma-y-rp-sma-u-fl\/#primaryimage","url":"https:\/\/iha-race.com\/wp-content\/uploads\/2018\/07\/cable-flexible-pigtail-tbs-unificar-pro-comprar-barato-1-1.jpg","contentUrl":"https:\/\/iha-race.com\/wp-content\/uploads\/2018\/07\/cable-flexible-pigtail-tbs-unificar-pro-comprar-barato-1-1.jpg","width":800,"height":800},{"@type":"BreadcrumbList","@id":"https:\/\/iha-race.com\/de\/producto\/pigtail-tbs-unify-pro-5g8-sma-y-rp-sma-u-fl\/#breadcrumb","itemListElement":[{"@type":"ListItem","position":1,"name":"Portada","item":"https:\/\/iha-race.com\/de\/elementor-499\/"},{"@type":"ListItem","position":2,"name":"Shop","item":"https:\/\/iha-race.com\/de\/shop\/"},{"@type":"ListItem","position":3,"name":"TBS Unify Pro 5G8 SMA und RP-SMA Pigtail (U.FL)"}]},{"@type":"WebSite","@id":"https:\/\/iha-race.com\/de\/#website","url":"https:\/\/iha-race.com\/de\/","name":"Iha Race","description":"Comprar drones de carreras FPV env\u00edos en un d\u00eda desde Espa\u00f1a","publisher":{"@id":"https:\/\/iha-race.com\/de\/#organization"},"potentialAction":[{"@type":"SearchAction","target":{"@type":"EntryPoint","urlTemplate":"https:\/\/iha-race.com\/de\/?s={search_term_string}"},"query-input":{"@type":"PropertyValueSpecification","valueRequired":true,"valueName":"search_term_string"}}],"inLanguage":"de"},{"@type":"Organization","@id":"https:\/\/iha-race.com\/de\/#organization","name":"Iha Race","url":"https:\/\/iha-race.com\/de\/","logo":{"@type":"ImageObject","inLanguage":"de","@id":"https:\/\/iha-race.com\/de\/#\/schema\/logo\/image\/","url":"https:\/\/iha-race.com\/wp-content\/uploads\/2018\/07\/iha-race-drones-de-carreras-tienda-comprar-drones.png","contentUrl":"https:\/\/iha-race.com\/wp-content\/uploads\/2018\/07\/iha-race-drones-de-carreras-tienda-comprar-drones.png","width":300,"height":100,"caption":"Iha Race"},"image":{"@id":"https:\/\/iha-race.com\/de\/#\/schema\/logo\/image\/"}}]}},"brands":[],"_links":{"self":[{"href":"https:\/\/iha-race.com\/de\/wp-json\/wp\/v2\/product\/207362","targetHints":{"allow":["GET"]}}],"collection":[{"href":"https:\/\/iha-race.com\/de\/wp-json\/wp\/v2\/product"}],"about":[{"href":"https:\/\/iha-race.com\/de\/wp-json\/wp\/v2\/types\/product"}],"replies":[{"embeddable":true,"href":"https:\/\/iha-race.com\/de\/wp-json\/wp\/v2\/comments?post=207362"}],"version-history":[{"count":2,"href":"https:\/\/iha-race.com\/de\/wp-json\/wp\/v2\/product\/207362\/revisions"}],"predecessor-version":[{"id":250642,"href":"https:\/\/iha-race.com\/de\/wp-json\/wp\/v2\/product\/207362\/revisions\/250642"}],"wp:featuredmedia":[{"embeddable":true,"href":"https:\/\/iha-race.com\/de\/wp-json\/wp\/v2\/media\/124469"}],"wp:attachment":[{"href":"https:\/\/iha-race.com\/de\/wp-json\/wp\/v2\/media?parent=207362"}],"wp:term":[{"taxonomy":"pwb-brand","embeddable":true,"href":"https:\/\/iha-race.com\/de\/wp-json\/wp\/v2\/pwb-brand?post=207362"},{"taxonomy":"product_cat","embeddable":true,"href":"https:\/\/iha-race.com\/de\/wp-json\/wp\/v2\/product_cat?post=207362"},{"taxonomy":"product_tag","embeddable":true,"href":"https:\/\/iha-race.com\/de\/wp-json\/wp\/v2\/product_tag?post=207362"}],"curies":[{"name":"wp","href":"https:\/\/api.w.org\/{rel}","templated":true}]}}