{"id":207357,"date":"2018-07-14T17:54:00","date_gmt":"2018-07-14T15:54:00","guid":{"rendered":"https:\/\/iha-race.com\/producto\/iha-race-one-x5-v2-200mm-5-blatt\/"},"modified":"2026-03-21T19:53:48","modified_gmt":"2026-03-21T18:53:48","slug":"iha-race-one-x5-marco-fibra-de-carbono-de-200mm-pala-de-5","status":"publish","type":"product","link":"https:\/\/iha-race.com\/de\/producto\/iha-race-one-x5-marco-fibra-de-carbono-de-200mm-pala-de-5\/","title":{"rendered":"IHA-Race ONE x5 v2 200mm 5&#8243; Blatt"},"content":{"rendered":"<h2>IHA-Race ONE x5 v2 200mm 5&#8243; Blatt<\/h2>\n<p>  Der <strong>IHA-Race ONE X5<\/strong> <strong>v2<\/strong> ist ein hochwertiger Kohlefaserrahmen. Es ist so konzipiert, dass es jederzeit maximale Leistung erbringt. Er ist ideal f\u00fcr hohe Wettk\u00e4mpfe und zum Lernen, da er sehr vielseitig ist, um ihn an Ihre Flugvorlieben oder an die Bedingungen der Strecke anzupassen. Diese neue V2-Version bietet wichtige neue Funktionen in Bezug auf Robustheit und Sto\u00dffestigkeit:  <\/p>\n<ul>\n<li>Geeignet f\u00fcr 5 mm-Arme (separat erh\u00e4ltlich, zu finden in unserem ONE X5 Ersatzteilbereich)<\/li>\n<li>Untere Platte 4mm.<\/li>\n<li>Hochfeste UNBRACO-Schrauben f\u00fcr Befestigungsarme.<\/li>\n<\/ul>\n<p>  Wir haben auch alle Schraubenl\u00f6cher versenkt, um eine v\u00f6llig saubere Bodenplatte zu erhalten, die zu Ihrer Batterie passt, ohne das Risiko von Bohrungen.  <\/p>\n<h2>Merkmale des<strong> IHA ONE X5<\/strong>:<\/h2>\n<ul>\n<li>\u00c4u\u00dferst vielseitig<\/li>\n<li>Gewicht 76,1 gr.<\/li>\n<li>Kann mit allen Typen von 5&#8243;-Schaufelmotoren ausgestattet werden.<\/li>\n<li>Es passt sich Ihren Bed\u00fcrfnissen und Ihrem Fahrstil an, ohne Vibrationen und ohne unangenehme Gesten.<\/li>\n<\/ul>\n<h2><b>Beim Kauf des IHA ONE X5-Komplettpakets ist es bereits enthalten:<\/b><\/h2>\n<ul>\n<li>1 IHA ONE x5 Rahmen mit 4 mm Armen.<\/li>\n<li>2 x 25 mm Aluminiums\u00e4ulen * 2 x 25 mm Aluminiums\u00e4ulen * 2 x 25 mm Aluminiums\u00e4ulen * 2 x 25 mm Aluminiums\u00e4ulen * 2 x 25 mm Aluminiums\u00e4ulen<\/li>\n<li>2 Aluminiums\u00e4ulen 30 mm * 2 Aluminiums\u00e4ulen 30 mm * 2 Aluminiums\u00e4ulen 30 mm * 2 Aluminiums\u00e4ulen 30 mm * 2 Aluminiums\u00e4ulen 30 mm<\/li>\n<li>6 selbstsichernde Aluminiummuttern M3 * 6 selbstsichernde Aluminiummuttern M3<\/li>\n<li>9 3D-gedruckte Teile *<\/li>\n<li>1 Beutel mit 8 Schrauben M3x16 mit flachem Kopf.<\/li>\n<li>1 Beutel mit 2 M3x10 Flachkopfschrauben.<\/li>\n<li>1 Beutel mit 4 Schrauben M3x6 aus Edelstahl.<\/li>\n<li>1 hochwertiger Riemen zum Halten der Batterie.<\/li>\n<\/ul>\n<h4>Hinweis: Die mit * gekennzeichneten Komponenten sind in der zum Zeitpunkt des Kaufs gew\u00e4hlten Farbe erh\u00e4ltlich. Sie haben die Wahl zwischen: Gr\u00fcn, Schwarz, Rot, Blau oder Flieder.<\/h4>\n<p>  Wenn Sie Ihre Drohne <strong>ver\u00e4ndern und anpassen<\/strong> m\u00f6chten oder eine Komponente Ihrer <strong>IHA ONE X5<\/strong> ersetzen m\u00fcssen, k\u00f6nnen Sie dies mit den Ersatzteilen tun, die wir separat verkaufen und die speziell f\u00fcr sie hergestellt wurden.  <\/p>\n<h4>Ersatzteile:<\/h4>\n<ul>\n<li>Arme 5 mm (Satz mit 2 St\u00fcck)<\/li>\n<li>4 mm Arme (Satz mit 2 St\u00fcck)<\/li>\n<li>Obere Platte<\/li>\n<li>Untere Platte<\/li>\n<li>UNBRACO-Schrauben M3x16<\/li>\n<li>Schrauben M3x10<\/li>\n<li>3D-St\u00fcck-Set<\/li>\n<li>Aluminiums\u00e4ulen und -muttern<\/li>\n<\/ul>\n","protected":false},"excerpt":{"rendered":"<p>IHA-Race ONE x5 v2 200mm 5&#8243; Blatt Der IHA-Race ONE X5 v2 ist ein hochwertiger Kohlefaserrahmen. Es ist so konzipiert, dass es jederzeit maximale Leistung erbringt. Er ist ideal f\u00fcr<\/p>\n","protected":false},"featured_media":125623,"comment_status":"open","ping_status":"closed","template":"","meta":{"_joinchat":[]},"pwb-brand":[3586],"product_cat":[2579,3669],"product_tag":[],"class_list":{"0":"post-207357","1":"product","2":"type-product","3":"status-publish","4":"has-post-thumbnail","6":"pwb-brand-iha-race","7":"product_cat-fpv-drohnen","8":"product_cat-rahmen","10":"first","11":"instock","12":"taxable","13":"shipping-taxable","14":"purchasable","15":"product-type-variable"},"barcode":null,"atum_controlled":true,"out_stock_date":null,"out_stock_threshold":null,"inheritable":true,"stock_on_hold":0,"sold_today":0,"sales_last_days":0,"out_stock_days":0,"lost_sales":0,"update_date":"2026-03-21T18:46:51","atum_locations":[],"atum_stock_status":"instock","restock_status":false,"low_stock_amount":"","sales_update_date":"2026-03-21T18:46:51","calc_backorders":null,"yoast_head":"<!-- This site is optimized with the Yoast SEO plugin v27.3 - https:\/\/yoast.com\/product\/yoast-seo-wordpress\/ -->\n<title>IHA-Race ONE x5 v2 200mm 5&quot; Blatt - Iha Race<\/title>\n<meta name=\"robots\" content=\"index, follow, max-snippet:-1, max-image-preview:large, max-video-preview:-1\" \/>\n<link rel=\"canonical\" href=\"https:\/\/iha-race.com\/de\/producto\/iha-race-one-x5-marco-fibra-de-carbono-de-200mm-pala-de-5\/\" \/>\n<meta property=\"og:locale\" content=\"de_DE\" \/>\n<meta property=\"og:type\" content=\"article\" \/>\n<meta property=\"og:title\" content=\"IHA-Race ONE x5 v2 200mm 5&quot; Blatt - Iha Race\" \/>\n<meta property=\"og:description\" content=\"IHA-Race ONE x5 v2 200mm 5&#8243; Blatt Der IHA-Race ONE X5 v2 ist ein hochwertiger Kohlefaserrahmen. Es ist so konzipiert, dass es jederzeit maximale Leistung erbringt. Er ist ideal f\u00fcr\" \/>\n<meta property=\"og:url\" content=\"https:\/\/iha-race.com\/de\/producto\/iha-race-one-x5-marco-fibra-de-carbono-de-200mm-pala-de-5\/\" \/>\n<meta property=\"og:site_name\" content=\"Iha Race\" \/>\n<meta property=\"article:modified_time\" content=\"2026-03-21T18:53:48+00:00\" \/>\n<meta property=\"og:image\" content=\"https:\/\/iha-race.com\/wp-content\/uploads\/2018\/07\/one-5-v2-1.jpg\" \/>\n\t<meta property=\"og:image:width\" content=\"2000\" \/>\n\t<meta property=\"og:image:height\" content=\"2000\" \/>\n\t<meta property=\"og:image:type\" content=\"image\/jpeg\" \/>\n<meta name=\"twitter:card\" content=\"summary_large_image\" \/>\n<meta name=\"twitter:label1\" content=\"Gesch\u00e4tzte Lesezeit\" \/>\n\t<meta name=\"twitter:data1\" content=\"2\u00a0Minuten\" \/>\n<script type=\"application\/ld+json\" class=\"yoast-schema-graph\">{\"@context\":\"https:\\\/\\\/schema.org\",\"@graph\":[{\"@type\":\"WebPage\",\"@id\":\"https:\\\/\\\/iha-race.com\\\/de\\\/producto\\\/iha-race-one-x5-marco-fibra-de-carbono-de-200mm-pala-de-5\\\/\",\"url\":\"https:\\\/\\\/iha-race.com\\\/de\\\/producto\\\/iha-race-one-x5-marco-fibra-de-carbono-de-200mm-pala-de-5\\\/\",\"name\":\"IHA-Race ONE x5 v2 200mm 5\\\" Blatt - Iha Race\",\"isPartOf\":{\"@id\":\"https:\\\/\\\/iha-race.com\\\/de\\\/#website\"},\"primaryImageOfPage\":{\"@id\":\"https:\\\/\\\/iha-race.com\\\/de\\\/producto\\\/iha-race-one-x5-marco-fibra-de-carbono-de-200mm-pala-de-5\\\/#primaryimage\"},\"image\":{\"@id\":\"https:\\\/\\\/iha-race.com\\\/de\\\/producto\\\/iha-race-one-x5-marco-fibra-de-carbono-de-200mm-pala-de-5\\\/#primaryimage\"},\"thumbnailUrl\":\"https:\\\/\\\/iha-race.com\\\/wp-content\\\/uploads\\\/2018\\\/07\\\/one-5-v2-1.jpg\",\"datePublished\":\"2018-07-14T15:54:00+00:00\",\"dateModified\":\"2026-03-21T18:53:48+00:00\",\"breadcrumb\":{\"@id\":\"https:\\\/\\\/iha-race.com\\\/de\\\/producto\\\/iha-race-one-x5-marco-fibra-de-carbono-de-200mm-pala-de-5\\\/#breadcrumb\"},\"inLanguage\":\"de\",\"potentialAction\":[{\"@type\":\"ReadAction\",\"target\":[\"https:\\\/\\\/iha-race.com\\\/de\\\/producto\\\/iha-race-one-x5-marco-fibra-de-carbono-de-200mm-pala-de-5\\\/\"]}]},{\"@type\":\"ImageObject\",\"inLanguage\":\"de\",\"@id\":\"https:\\\/\\\/iha-race.com\\\/de\\\/producto\\\/iha-race-one-x5-marco-fibra-de-carbono-de-200mm-pala-de-5\\\/#primaryimage\",\"url\":\"https:\\\/\\\/iha-race.com\\\/wp-content\\\/uploads\\\/2018\\\/07\\\/one-5-v2-1.jpg\",\"contentUrl\":\"https:\\\/\\\/iha-race.com\\\/wp-content\\\/uploads\\\/2018\\\/07\\\/one-5-v2-1.jpg\",\"width\":2000,\"height\":2000},{\"@type\":\"BreadcrumbList\",\"@id\":\"https:\\\/\\\/iha-race.com\\\/de\\\/producto\\\/iha-race-one-x5-marco-fibra-de-carbono-de-200mm-pala-de-5\\\/#breadcrumb\",\"itemListElement\":[{\"@type\":\"ListItem\",\"position\":1,\"name\":\"Portada\",\"item\":\"https:\\\/\\\/iha-race.com\\\/de\\\/elementor-499\\\/\"},{\"@type\":\"ListItem\",\"position\":2,\"name\":\"Shop\",\"item\":\"https:\\\/\\\/iha-race.com\\\/de\\\/shop\\\/\"},{\"@type\":\"ListItem\",\"position\":3,\"name\":\"IHA-Race ONE x5 v2 200mm 5&#8243; Blatt\"}]},{\"@type\":\"WebSite\",\"@id\":\"https:\\\/\\\/iha-race.com\\\/de\\\/#website\",\"url\":\"https:\\\/\\\/iha-race.com\\\/de\\\/\",\"name\":\"Iha Race\",\"description\":\"Comprar drones de carreras FPV env\u00edos en un d\u00eda desde Espa\u00f1a\",\"publisher\":{\"@id\":\"https:\\\/\\\/iha-race.com\\\/de\\\/#organization\"},\"potentialAction\":[{\"@type\":\"SearchAction\",\"target\":{\"@type\":\"EntryPoint\",\"urlTemplate\":\"https:\\\/\\\/iha-race.com\\\/de\\\/?s={search_term_string}\"},\"query-input\":{\"@type\":\"PropertyValueSpecification\",\"valueRequired\":true,\"valueName\":\"search_term_string\"}}],\"inLanguage\":\"de\"},{\"@type\":\"Organization\",\"@id\":\"https:\\\/\\\/iha-race.com\\\/de\\\/#organization\",\"name\":\"Iha Race\",\"url\":\"https:\\\/\\\/iha-race.com\\\/de\\\/\",\"logo\":{\"@type\":\"ImageObject\",\"inLanguage\":\"de\",\"@id\":\"https:\\\/\\\/iha-race.com\\\/de\\\/#\\\/schema\\\/logo\\\/image\\\/\",\"url\":\"https:\\\/\\\/iha-race.com\\\/wp-content\\\/uploads\\\/2018\\\/07\\\/iha-race-drones-de-carreras-tienda-comprar-drones.png\",\"contentUrl\":\"https:\\\/\\\/iha-race.com\\\/wp-content\\\/uploads\\\/2018\\\/07\\\/iha-race-drones-de-carreras-tienda-comprar-drones.png\",\"width\":300,\"height\":100,\"caption\":\"Iha Race\"},\"image\":{\"@id\":\"https:\\\/\\\/iha-race.com\\\/de\\\/#\\\/schema\\\/logo\\\/image\\\/\"}}]}<\/script>\n<!-- \/ Yoast SEO plugin. -->","yoast_head_json":{"title":"IHA-Race ONE x5 v2 200mm 5\" Blatt - Iha Race","robots":{"index":"index","follow":"follow","max-snippet":"max-snippet:-1","max-image-preview":"max-image-preview:large","max-video-preview":"max-video-preview:-1"},"canonical":"https:\/\/iha-race.com\/de\/producto\/iha-race-one-x5-marco-fibra-de-carbono-de-200mm-pala-de-5\/","og_locale":"de_DE","og_type":"article","og_title":"IHA-Race ONE x5 v2 200mm 5\" Blatt - Iha Race","og_description":"IHA-Race ONE x5 v2 200mm 5&#8243; Blatt Der IHA-Race ONE X5 v2 ist ein hochwertiger Kohlefaserrahmen. Es ist so konzipiert, dass es jederzeit maximale Leistung erbringt. Er ist ideal f\u00fcr","og_url":"https:\/\/iha-race.com\/de\/producto\/iha-race-one-x5-marco-fibra-de-carbono-de-200mm-pala-de-5\/","og_site_name":"Iha Race","article_modified_time":"2026-03-21T18:53:48+00:00","og_image":[{"width":2000,"height":2000,"url":"https:\/\/iha-race.com\/wp-content\/uploads\/2018\/07\/one-5-v2-1.jpg","type":"image\/jpeg"}],"twitter_card":"summary_large_image","twitter_misc":{"Gesch\u00e4tzte Lesezeit":"2\u00a0Minuten"},"schema":{"@context":"https:\/\/schema.org","@graph":[{"@type":"WebPage","@id":"https:\/\/iha-race.com\/de\/producto\/iha-race-one-x5-marco-fibra-de-carbono-de-200mm-pala-de-5\/","url":"https:\/\/iha-race.com\/de\/producto\/iha-race-one-x5-marco-fibra-de-carbono-de-200mm-pala-de-5\/","name":"IHA-Race ONE x5 v2 200mm 5\" Blatt - Iha Race","isPartOf":{"@id":"https:\/\/iha-race.com\/de\/#website"},"primaryImageOfPage":{"@id":"https:\/\/iha-race.com\/de\/producto\/iha-race-one-x5-marco-fibra-de-carbono-de-200mm-pala-de-5\/#primaryimage"},"image":{"@id":"https:\/\/iha-race.com\/de\/producto\/iha-race-one-x5-marco-fibra-de-carbono-de-200mm-pala-de-5\/#primaryimage"},"thumbnailUrl":"https:\/\/iha-race.com\/wp-content\/uploads\/2018\/07\/one-5-v2-1.jpg","datePublished":"2018-07-14T15:54:00+00:00","dateModified":"2026-03-21T18:53:48+00:00","breadcrumb":{"@id":"https:\/\/iha-race.com\/de\/producto\/iha-race-one-x5-marco-fibra-de-carbono-de-200mm-pala-de-5\/#breadcrumb"},"inLanguage":"de","potentialAction":[{"@type":"ReadAction","target":["https:\/\/iha-race.com\/de\/producto\/iha-race-one-x5-marco-fibra-de-carbono-de-200mm-pala-de-5\/"]}]},{"@type":"ImageObject","inLanguage":"de","@id":"https:\/\/iha-race.com\/de\/producto\/iha-race-one-x5-marco-fibra-de-carbono-de-200mm-pala-de-5\/#primaryimage","url":"https:\/\/iha-race.com\/wp-content\/uploads\/2018\/07\/one-5-v2-1.jpg","contentUrl":"https:\/\/iha-race.com\/wp-content\/uploads\/2018\/07\/one-5-v2-1.jpg","width":2000,"height":2000},{"@type":"BreadcrumbList","@id":"https:\/\/iha-race.com\/de\/producto\/iha-race-one-x5-marco-fibra-de-carbono-de-200mm-pala-de-5\/#breadcrumb","itemListElement":[{"@type":"ListItem","position":1,"name":"Portada","item":"https:\/\/iha-race.com\/de\/elementor-499\/"},{"@type":"ListItem","position":2,"name":"Shop","item":"https:\/\/iha-race.com\/de\/shop\/"},{"@type":"ListItem","position":3,"name":"IHA-Race ONE x5 v2 200mm 5&#8243; Blatt"}]},{"@type":"WebSite","@id":"https:\/\/iha-race.com\/de\/#website","url":"https:\/\/iha-race.com\/de\/","name":"Iha Race","description":"Comprar drones de carreras FPV env\u00edos en un d\u00eda desde Espa\u00f1a","publisher":{"@id":"https:\/\/iha-race.com\/de\/#organization"},"potentialAction":[{"@type":"SearchAction","target":{"@type":"EntryPoint","urlTemplate":"https:\/\/iha-race.com\/de\/?s={search_term_string}"},"query-input":{"@type":"PropertyValueSpecification","valueRequired":true,"valueName":"search_term_string"}}],"inLanguage":"de"},{"@type":"Organization","@id":"https:\/\/iha-race.com\/de\/#organization","name":"Iha Race","url":"https:\/\/iha-race.com\/de\/","logo":{"@type":"ImageObject","inLanguage":"de","@id":"https:\/\/iha-race.com\/de\/#\/schema\/logo\/image\/","url":"https:\/\/iha-race.com\/wp-content\/uploads\/2018\/07\/iha-race-drones-de-carreras-tienda-comprar-drones.png","contentUrl":"https:\/\/iha-race.com\/wp-content\/uploads\/2018\/07\/iha-race-drones-de-carreras-tienda-comprar-drones.png","width":300,"height":100,"caption":"Iha Race"},"image":{"@id":"https:\/\/iha-race.com\/de\/#\/schema\/logo\/image\/"}}]}},"jetpack_sharing_enabled":true,"brands":[{"id":3586,"name":"IHA Race","slug":"iha-race"}],"_links":{"self":[{"href":"https:\/\/iha-race.com\/de\/wp-json\/wp\/v2\/product\/207357","targetHints":{"allow":["GET"]}}],"collection":[{"href":"https:\/\/iha-race.com\/de\/wp-json\/wp\/v2\/product"}],"about":[{"href":"https:\/\/iha-race.com\/de\/wp-json\/wp\/v2\/types\/product"}],"replies":[{"embeddable":true,"href":"https:\/\/iha-race.com\/de\/wp-json\/wp\/v2\/comments?post=207357"}],"version-history":[{"count":2,"href":"https:\/\/iha-race.com\/de\/wp-json\/wp\/v2\/product\/207357\/revisions"}],"predecessor-version":[{"id":250635,"href":"https:\/\/iha-race.com\/de\/wp-json\/wp\/v2\/product\/207357\/revisions\/250635"}],"wp:featuredmedia":[{"embeddable":true,"href":"https:\/\/iha-race.com\/de\/wp-json\/wp\/v2\/media\/125623"}],"wp:attachment":[{"href":"https:\/\/iha-race.com\/de\/wp-json\/wp\/v2\/media?parent=207357"}],"wp:term":[{"taxonomy":"pwb-brand","embeddable":true,"href":"https:\/\/iha-race.com\/de\/wp-json\/wp\/v2\/pwb-brand?post=207357"},{"taxonomy":"product_cat","embeddable":true,"href":"https:\/\/iha-race.com\/de\/wp-json\/wp\/v2\/product_cat?post=207357"},{"taxonomy":"product_tag","embeddable":true,"href":"https:\/\/iha-race.com\/de\/wp-json\/wp\/v2\/product_tag?post=207357"}],"curies":[{"name":"wp","href":"https:\/\/api.w.org\/{rel}","templated":true}]}}