{"id":207337,"date":"2018-07-14T17:38:12","date_gmt":"2018-07-14T15:38:12","guid":{"rendered":"https:\/\/iha-race.com\/producto\/geprc-gep-ax5-airbus-215mm-zelle-bausatz-mit-pdb\/"},"modified":"2024-09-02T14:02:41","modified_gmt":"2024-09-02T12:02:41","slug":"geprc-gep-ax5-airbus-215mm-struktur-satz-mit-pdb","status":"publish","type":"product","link":"https:\/\/iha-race.com\/de\/producto\/geprc-gep-ax5-airbus-215mm-struktur-satz-mit-pdb\/","title":{"rendered":"GEPRC GEP-AX5 Airbus 215mm Zelle Bausatz mit PDB"},"content":{"rendered":"<h3>GEPRC GEP-AX5 Airbus 215mm Airframe Kit mit PDB &#8211; Competition und FreeStyle Drohnen.<\/h3>\n<p>  GEP-AX5, &#8218;AirBus&#8216;. 5 Zoll (215 mm). GEPRC entwickelt, um 4 Arme mit einem Aluminium CNC &#8222;X&#8220;, leicht zu entfernen und zu installieren, und die CNC-Aluminium ist die beste, um die &#8222;X&#8220;-Rahmen zu st\u00e4rken. Es gibt eine PDB (5V 3A Ausgang, 12V 500mA Ausgang) und XT60, reduziert die Installationszeit. Es ist erw\u00e4hnenswert, dass die R\u00fcckleuchten 6 helle LED-Leuchten und den Summer integrieren. Die LED-R\u00fcckleuchten unterst\u00fctzen die FC (Betaflight \/ CleanFlight) Steuerung der Farbe und des Status der Leuchten. Die gr\u00f6\u00dfte Besonderheit ist die Nase des Rahmens, die aus einem 3D-gedruckten TPU-Teil besteht, und die Kamerahalterung, die in einem Winkel von 35 Grad geneigt werden kann. Es kann den Windwiderstand extrem reduzieren.  <strong>Spezifikation:<\/strong><\/p>\n<ul>\n<li>Bezeichnung: GEP-AX5<\/li>\n<li>Gewicht: 116 g (AX5),<\/li>\n<\/ul>\n","protected":false},"excerpt":{"rendered":"<p>GEPRC GEP-AX5 Airbus 215mm Airframe Kit mit PDB &#8211; Competition und FreeStyle Drohnen. GEP-AX5, &#8218;AirBus&#8216;. 5 Zoll (215 mm). GEPRC entwickelt, um 4 Arme mit einem Aluminium CNC &#8222;X&#8220;, leicht<\/p>\n","protected":false},"featured_media":124322,"comment_status":"open","ping_status":"closed","template":"","meta":{"_joinchat":[]},"pwb-brand":[],"product_cat":[2548],"product_tag":[],"class_list":{"0":"post-207337","1":"product","2":"type-product","3":"status-publish","4":"has-post-thumbnail","6":"product_cat-auslass","8":"first","9":"instock","10":"taxable","11":"shipping-taxable","12":"purchasable","13":"product-type-simple"},"barcode":null,"atum_controlled":true,"out_stock_date":null,"out_stock_threshold":null,"inheritable":false,"stock_on_hold":0,"sold_today":0,"sales_last_days":0,"out_stock_days":0,"lost_sales":0,"update_date":"2026-04-16T08:17:46","atum_locations":[],"atum_stock_status":"instock","restock_status":false,"low_stock_amount":"","sales_update_date":"2026-04-16T08:17:46","calc_backorders":null,"yoast_head":"<!-- This site is optimized with the Yoast SEO plugin v27.3 - https:\/\/yoast.com\/product\/yoast-seo-wordpress\/ -->\n<title>GEPRC GEP-AX5 Airbus 215mm Zelle Bausatz mit PDB - Iha Race<\/title>\n<meta name=\"robots\" content=\"index, follow, max-snippet:-1, max-image-preview:large, max-video-preview:-1\" \/>\n<link rel=\"canonical\" href=\"https:\/\/iha-race.com\/de\/producto\/geprc-gep-ax5-airbus-215mm-struktur-satz-mit-pdb\/\" \/>\n<meta property=\"og:locale\" content=\"de_DE\" \/>\n<meta property=\"og:type\" content=\"article\" \/>\n<meta property=\"og:title\" content=\"GEPRC GEP-AX5 Airbus 215mm Zelle Bausatz mit PDB - Iha Race\" \/>\n<meta property=\"og:description\" content=\"GEPRC GEP-AX5 Airbus 215mm Airframe Kit mit PDB &#8211; Competition und FreeStyle Drohnen. GEP-AX5, &#8218;AirBus&#8216;. 5 Zoll (215 mm). GEPRC entwickelt, um 4 Arme mit einem Aluminium CNC &#8222;X&#8220;, leicht\" \/>\n<meta property=\"og:url\" content=\"https:\/\/iha-race.com\/de\/producto\/geprc-gep-ax5-airbus-215mm-struktur-satz-mit-pdb\/\" \/>\n<meta property=\"og:site_name\" content=\"Iha Race\" \/>\n<meta property=\"article:modified_time\" content=\"2024-09-02T12:02:41+00:00\" \/>\n<meta property=\"og:image\" content=\"https:\/\/iha-race.com\/wp-content\/uploads\/2018\/07\/geprc-gep-ax5-airbus-215mm-kit-estructura-pdb-comprar-barato-en-espan\u0303a-tienda-online-fpv-1.jpg\" \/>\n\t<meta property=\"og:image:width\" content=\"800\" \/>\n\t<meta property=\"og:image:height\" content=\"800\" \/>\n\t<meta property=\"og:image:type\" content=\"image\/jpeg\" \/>\n<meta name=\"twitter:card\" content=\"summary_large_image\" \/>\n<meta name=\"twitter:label1\" content=\"Gesch\u00e4tzte Lesezeit\" \/>\n\t<meta name=\"twitter:data1\" content=\"1\u00a0Minute\" \/>\n<script type=\"application\/ld+json\" class=\"yoast-schema-graph\">{\"@context\":\"https:\\\/\\\/schema.org\",\"@graph\":[{\"@type\":\"WebPage\",\"@id\":\"https:\\\/\\\/iha-race.com\\\/de\\\/producto\\\/geprc-gep-ax5-airbus-215mm-struktur-satz-mit-pdb\\\/\",\"url\":\"https:\\\/\\\/iha-race.com\\\/de\\\/producto\\\/geprc-gep-ax5-airbus-215mm-struktur-satz-mit-pdb\\\/\",\"name\":\"GEPRC GEP-AX5 Airbus 215mm Zelle Bausatz mit PDB - Iha Race\",\"isPartOf\":{\"@id\":\"https:\\\/\\\/iha-race.com\\\/de\\\/#website\"},\"primaryImageOfPage\":{\"@id\":\"https:\\\/\\\/iha-race.com\\\/de\\\/producto\\\/geprc-gep-ax5-airbus-215mm-struktur-satz-mit-pdb\\\/#primaryimage\"},\"image\":{\"@id\":\"https:\\\/\\\/iha-race.com\\\/de\\\/producto\\\/geprc-gep-ax5-airbus-215mm-struktur-satz-mit-pdb\\\/#primaryimage\"},\"thumbnailUrl\":\"https:\\\/\\\/iha-race.com\\\/wp-content\\\/uploads\\\/2018\\\/07\\\/geprc-gep-ax5-airbus-215mm-kit-estructura-pdb-comprar-barato-en-espan\u0303a-tienda-online-fpv-1.jpg\",\"datePublished\":\"2018-07-14T15:38:12+00:00\",\"dateModified\":\"2024-09-02T12:02:41+00:00\",\"breadcrumb\":{\"@id\":\"https:\\\/\\\/iha-race.com\\\/de\\\/producto\\\/geprc-gep-ax5-airbus-215mm-struktur-satz-mit-pdb\\\/#breadcrumb\"},\"inLanguage\":\"de\",\"potentialAction\":[{\"@type\":\"ReadAction\",\"target\":[\"https:\\\/\\\/iha-race.com\\\/de\\\/producto\\\/geprc-gep-ax5-airbus-215mm-struktur-satz-mit-pdb\\\/\"]}]},{\"@type\":\"ImageObject\",\"inLanguage\":\"de\",\"@id\":\"https:\\\/\\\/iha-race.com\\\/de\\\/producto\\\/geprc-gep-ax5-airbus-215mm-struktur-satz-mit-pdb\\\/#primaryimage\",\"url\":\"https:\\\/\\\/iha-race.com\\\/wp-content\\\/uploads\\\/2018\\\/07\\\/geprc-gep-ax5-airbus-215mm-kit-estructura-pdb-comprar-barato-en-espan\u0303a-tienda-online-fpv-1.jpg\",\"contentUrl\":\"https:\\\/\\\/iha-race.com\\\/wp-content\\\/uploads\\\/2018\\\/07\\\/geprc-gep-ax5-airbus-215mm-kit-estructura-pdb-comprar-barato-en-espan\u0303a-tienda-online-fpv-1.jpg\",\"width\":800,\"height\":800},{\"@type\":\"BreadcrumbList\",\"@id\":\"https:\\\/\\\/iha-race.com\\\/de\\\/producto\\\/geprc-gep-ax5-airbus-215mm-struktur-satz-mit-pdb\\\/#breadcrumb\",\"itemListElement\":[{\"@type\":\"ListItem\",\"position\":1,\"name\":\"Portada\",\"item\":\"https:\\\/\\\/iha-race.com\\\/de\\\/elementor-499\\\/\"},{\"@type\":\"ListItem\",\"position\":2,\"name\":\"Shop\",\"item\":\"https:\\\/\\\/iha-race.com\\\/de\\\/shop\\\/\"},{\"@type\":\"ListItem\",\"position\":3,\"name\":\"GEPRC GEP-AX5 Airbus 215mm Zelle Bausatz mit PDB\"}]},{\"@type\":\"WebSite\",\"@id\":\"https:\\\/\\\/iha-race.com\\\/de\\\/#website\",\"url\":\"https:\\\/\\\/iha-race.com\\\/de\\\/\",\"name\":\"Iha Race\",\"description\":\"Comprar drones de carreras FPV env\u00edos en un d\u00eda desde Espa\u00f1a\",\"publisher\":{\"@id\":\"https:\\\/\\\/iha-race.com\\\/de\\\/#organization\"},\"potentialAction\":[{\"@type\":\"SearchAction\",\"target\":{\"@type\":\"EntryPoint\",\"urlTemplate\":\"https:\\\/\\\/iha-race.com\\\/de\\\/?s={search_term_string}\"},\"query-input\":{\"@type\":\"PropertyValueSpecification\",\"valueRequired\":true,\"valueName\":\"search_term_string\"}}],\"inLanguage\":\"de\"},{\"@type\":\"Organization\",\"@id\":\"https:\\\/\\\/iha-race.com\\\/de\\\/#organization\",\"name\":\"Iha Race\",\"url\":\"https:\\\/\\\/iha-race.com\\\/de\\\/\",\"logo\":{\"@type\":\"ImageObject\",\"inLanguage\":\"de\",\"@id\":\"https:\\\/\\\/iha-race.com\\\/de\\\/#\\\/schema\\\/logo\\\/image\\\/\",\"url\":\"https:\\\/\\\/iha-race.com\\\/wp-content\\\/uploads\\\/2018\\\/07\\\/iha-race-drones-de-carreras-tienda-comprar-drones.png\",\"contentUrl\":\"https:\\\/\\\/iha-race.com\\\/wp-content\\\/uploads\\\/2018\\\/07\\\/iha-race-drones-de-carreras-tienda-comprar-drones.png\",\"width\":300,\"height\":100,\"caption\":\"Iha Race\"},\"image\":{\"@id\":\"https:\\\/\\\/iha-race.com\\\/de\\\/#\\\/schema\\\/logo\\\/image\\\/\"}}]}<\/script>\n<!-- \/ Yoast SEO plugin. -->","yoast_head_json":{"title":"GEPRC GEP-AX5 Airbus 215mm Zelle Bausatz mit PDB - Iha Race","robots":{"index":"index","follow":"follow","max-snippet":"max-snippet:-1","max-image-preview":"max-image-preview:large","max-video-preview":"max-video-preview:-1"},"canonical":"https:\/\/iha-race.com\/de\/producto\/geprc-gep-ax5-airbus-215mm-struktur-satz-mit-pdb\/","og_locale":"de_DE","og_type":"article","og_title":"GEPRC GEP-AX5 Airbus 215mm Zelle Bausatz mit PDB - Iha Race","og_description":"GEPRC GEP-AX5 Airbus 215mm Airframe Kit mit PDB &#8211; Competition und FreeStyle Drohnen. GEP-AX5, &#8218;AirBus&#8216;. 5 Zoll (215 mm). GEPRC entwickelt, um 4 Arme mit einem Aluminium CNC &#8222;X&#8220;, leicht","og_url":"https:\/\/iha-race.com\/de\/producto\/geprc-gep-ax5-airbus-215mm-struktur-satz-mit-pdb\/","og_site_name":"Iha Race","article_modified_time":"2024-09-02T12:02:41+00:00","og_image":[{"width":800,"height":800,"url":"https:\/\/iha-race.com\/wp-content\/uploads\/2018\/07\/geprc-gep-ax5-airbus-215mm-kit-estructura-pdb-comprar-barato-en-espan\u0303a-tienda-online-fpv-1.jpg","type":"image\/jpeg"}],"twitter_card":"summary_large_image","twitter_misc":{"Gesch\u00e4tzte Lesezeit":"1\u00a0Minute"},"schema":{"@context":"https:\/\/schema.org","@graph":[{"@type":"WebPage","@id":"https:\/\/iha-race.com\/de\/producto\/geprc-gep-ax5-airbus-215mm-struktur-satz-mit-pdb\/","url":"https:\/\/iha-race.com\/de\/producto\/geprc-gep-ax5-airbus-215mm-struktur-satz-mit-pdb\/","name":"GEPRC GEP-AX5 Airbus 215mm Zelle Bausatz mit PDB - Iha Race","isPartOf":{"@id":"https:\/\/iha-race.com\/de\/#website"},"primaryImageOfPage":{"@id":"https:\/\/iha-race.com\/de\/producto\/geprc-gep-ax5-airbus-215mm-struktur-satz-mit-pdb\/#primaryimage"},"image":{"@id":"https:\/\/iha-race.com\/de\/producto\/geprc-gep-ax5-airbus-215mm-struktur-satz-mit-pdb\/#primaryimage"},"thumbnailUrl":"https:\/\/iha-race.com\/wp-content\/uploads\/2018\/07\/geprc-gep-ax5-airbus-215mm-kit-estructura-pdb-comprar-barato-en-espan\u0303a-tienda-online-fpv-1.jpg","datePublished":"2018-07-14T15:38:12+00:00","dateModified":"2024-09-02T12:02:41+00:00","breadcrumb":{"@id":"https:\/\/iha-race.com\/de\/producto\/geprc-gep-ax5-airbus-215mm-struktur-satz-mit-pdb\/#breadcrumb"},"inLanguage":"de","potentialAction":[{"@type":"ReadAction","target":["https:\/\/iha-race.com\/de\/producto\/geprc-gep-ax5-airbus-215mm-struktur-satz-mit-pdb\/"]}]},{"@type":"ImageObject","inLanguage":"de","@id":"https:\/\/iha-race.com\/de\/producto\/geprc-gep-ax5-airbus-215mm-struktur-satz-mit-pdb\/#primaryimage","url":"https:\/\/iha-race.com\/wp-content\/uploads\/2018\/07\/geprc-gep-ax5-airbus-215mm-kit-estructura-pdb-comprar-barato-en-espan\u0303a-tienda-online-fpv-1.jpg","contentUrl":"https:\/\/iha-race.com\/wp-content\/uploads\/2018\/07\/geprc-gep-ax5-airbus-215mm-kit-estructura-pdb-comprar-barato-en-espan\u0303a-tienda-online-fpv-1.jpg","width":800,"height":800},{"@type":"BreadcrumbList","@id":"https:\/\/iha-race.com\/de\/producto\/geprc-gep-ax5-airbus-215mm-struktur-satz-mit-pdb\/#breadcrumb","itemListElement":[{"@type":"ListItem","position":1,"name":"Portada","item":"https:\/\/iha-race.com\/de\/elementor-499\/"},{"@type":"ListItem","position":2,"name":"Shop","item":"https:\/\/iha-race.com\/de\/shop\/"},{"@type":"ListItem","position":3,"name":"GEPRC GEP-AX5 Airbus 215mm Zelle Bausatz mit PDB"}]},{"@type":"WebSite","@id":"https:\/\/iha-race.com\/de\/#website","url":"https:\/\/iha-race.com\/de\/","name":"Iha Race","description":"Comprar drones de carreras FPV env\u00edos en un d\u00eda desde Espa\u00f1a","publisher":{"@id":"https:\/\/iha-race.com\/de\/#organization"},"potentialAction":[{"@type":"SearchAction","target":{"@type":"EntryPoint","urlTemplate":"https:\/\/iha-race.com\/de\/?s={search_term_string}"},"query-input":{"@type":"PropertyValueSpecification","valueRequired":true,"valueName":"search_term_string"}}],"inLanguage":"de"},{"@type":"Organization","@id":"https:\/\/iha-race.com\/de\/#organization","name":"Iha Race","url":"https:\/\/iha-race.com\/de\/","logo":{"@type":"ImageObject","inLanguage":"de","@id":"https:\/\/iha-race.com\/de\/#\/schema\/logo\/image\/","url":"https:\/\/iha-race.com\/wp-content\/uploads\/2018\/07\/iha-race-drones-de-carreras-tienda-comprar-drones.png","contentUrl":"https:\/\/iha-race.com\/wp-content\/uploads\/2018\/07\/iha-race-drones-de-carreras-tienda-comprar-drones.png","width":300,"height":100,"caption":"Iha Race"},"image":{"@id":"https:\/\/iha-race.com\/de\/#\/schema\/logo\/image\/"}}]}},"jetpack_sharing_enabled":true,"brands":[],"_links":{"self":[{"href":"https:\/\/iha-race.com\/de\/wp-json\/wp\/v2\/product\/207337","targetHints":{"allow":["GET"]}}],"collection":[{"href":"https:\/\/iha-race.com\/de\/wp-json\/wp\/v2\/product"}],"about":[{"href":"https:\/\/iha-race.com\/de\/wp-json\/wp\/v2\/types\/product"}],"replies":[{"embeddable":true,"href":"https:\/\/iha-race.com\/de\/wp-json\/wp\/v2\/comments?post=207337"}],"version-history":[{"count":1,"href":"https:\/\/iha-race.com\/de\/wp-json\/wp\/v2\/product\/207337\/revisions"}],"predecessor-version":[{"id":250859,"href":"https:\/\/iha-race.com\/de\/wp-json\/wp\/v2\/product\/207337\/revisions\/250859"}],"wp:featuredmedia":[{"embeddable":true,"href":"https:\/\/iha-race.com\/de\/wp-json\/wp\/v2\/media\/124322"}],"wp:attachment":[{"href":"https:\/\/iha-race.com\/de\/wp-json\/wp\/v2\/media?parent=207337"}],"wp:term":[{"taxonomy":"pwb-brand","embeddable":true,"href":"https:\/\/iha-race.com\/de\/wp-json\/wp\/v2\/pwb-brand?post=207337"},{"taxonomy":"product_cat","embeddable":true,"href":"https:\/\/iha-race.com\/de\/wp-json\/wp\/v2\/product_cat?post=207337"},{"taxonomy":"product_tag","embeddable":true,"href":"https:\/\/iha-race.com\/de\/wp-json\/wp\/v2\/product_tag?post=207337"}],"curies":[{"name":"wp","href":"https:\/\/api.w.org\/{rel}","templated":true}]}}