{"id":207335,"date":"2018-07-16T08:08:32","date_gmt":"2018-07-16T08:08:32","guid":{"rendered":"https:\/\/iha-race.com\/producto\/runcam-micro-fov-objektiv-145-160-o-1-3-2-1-2-3mm\/"},"modified":"2024-08-29T17:03:20","modified_gmt":"2024-08-29T15:03:20","slug":"lente-runcam-micro-swift-fov-145-160-o-1-3-2-1-2-3mm","status":"publish","type":"product","link":"https:\/\/iha-race.com\/de\/producto\/lente-runcam-micro-swift-fov-145-160-o-1-3-2-1-2-3mm\/","title":{"rendered":"RunCam Micro FOV Objektiv 145\/160 \u00ba 1\/3 &#8221; 2.1\/2.3mm"},"content":{"rendered":"<h2>RunCam Micro Swift FOV Objektiv 145\/160 \u00ba 1\/3 &#8221; 2.1\/2.3mm<\/h2>\n<p><strong>Spezifikation:<\/strong><\/p>\n<ul>\n<li>Brennweite (mm): 2,3\/2,1<\/li>\n<li>Horizontales FOV: 112<\/li>\n<li>Vertikales FOV: 80\u00b0 Vertikales FOV: 80<\/li>\n<li>FOV: 145\u00b0\/160<\/li>\n<li>Gewicht: 1,5 g<\/li>\n<li>Blende (F): 2,8<\/li>\n<li>Befestigung: M8 * P0,5mm<\/li>\n<li>Format (Zoll): 1\/3 &#8220;<\/li>\n<li>MOD (m): 0,1<\/li>\n<\/ul>\n","protected":false},"excerpt":{"rendered":"<p>RunCam Micro Swift FOV Objektiv 145\/160 \u00ba 1\/3 &#8221; 2.1\/2.3mm Spezifikation: Brennweite (mm): 2,3\/2,1 Horizontales FOV: 112 Vertikales FOV: 80\u00b0 Vertikales FOV: 80 FOV: 145\u00b0\/160 Gewicht: 1,5 g Blende (F):<\/p>\n","protected":false},"featured_media":124748,"comment_status":"open","ping_status":"closed","template":"","meta":{"_joinchat":[]},"pwb-brand":[],"product_cat":[2554,2557],"product_tag":[],"class_list":{"0":"post-207335","1":"product","2":"type-product","3":"status-publish","4":"has-post-thumbnail","6":"product_cat-fpv-kameras-de","7":"product_cat-objektive","9":"first","10":"instock","11":"taxable","12":"shipping-taxable","13":"purchasable","14":"product-type-variable"},"barcode":null,"atum_controlled":true,"out_stock_date":null,"out_stock_threshold":null,"inheritable":true,"stock_on_hold":0,"sold_today":0,"sales_last_days":0,"out_stock_days":0,"lost_sales":0,"update_date":"2026-03-21T10:55:19","atum_locations":[],"atum_stock_status":"instock","restock_status":false,"low_stock_amount":"","sales_update_date":"2026-03-21T10:55:19","calc_backorders":null,"yoast_head":"<!-- This site is optimized with the Yoast SEO plugin v27.3 - https:\/\/yoast.com\/product\/yoast-seo-wordpress\/ -->\n<title>RunCam Micro FOV Objektiv 145\/160 \u00ba 1\/3 &quot; 2.1\/2.3mm - Iha Race<\/title>\n<meta name=\"robots\" content=\"index, follow, max-snippet:-1, max-image-preview:large, max-video-preview:-1\" \/>\n<link rel=\"canonical\" href=\"https:\/\/iha-race.com\/de\/producto\/lente-runcam-micro-swift-fov-145-160-o-1-3-2-1-2-3mm\/\" \/>\n<meta property=\"og:locale\" content=\"de_DE\" \/>\n<meta property=\"og:type\" content=\"article\" \/>\n<meta property=\"og:title\" content=\"RunCam Micro FOV Objektiv 145\/160 \u00ba 1\/3 &quot; 2.1\/2.3mm - Iha Race\" \/>\n<meta property=\"og:description\" content=\"RunCam Micro Swift FOV Objektiv 145\/160 \u00ba 1\/3 &#8221; 2.1\/2.3mm Spezifikation: Brennweite (mm): 2,3\/2,1 Horizontales FOV: 112 Vertikales FOV: 80\u00b0 Vertikales FOV: 80 FOV: 145\u00b0\/160 Gewicht: 1,5 g Blende (F):\" \/>\n<meta property=\"og:url\" content=\"https:\/\/iha-race.com\/de\/producto\/lente-runcam-micro-swift-fov-145-160-o-1-3-2-1-2-3mm\/\" \/>\n<meta property=\"og:site_name\" content=\"Iha Race\" \/>\n<meta property=\"article:modified_time\" content=\"2024-08-29T15:03:20+00:00\" \/>\n<meta property=\"og:image\" content=\"https:\/\/iha-race.com\/wp-content\/uploads\/2018\/07\/lente-runcam-micro-swift-fov-145-160-o-1-3-2-1-2-3mm-1.jpg\" \/>\n\t<meta property=\"og:image:width\" content=\"800\" \/>\n\t<meta property=\"og:image:height\" content=\"800\" \/>\n\t<meta property=\"og:image:type\" content=\"image\/jpeg\" \/>\n<meta name=\"twitter:card\" content=\"summary_large_image\" \/>\n<script type=\"application\/ld+json\" class=\"yoast-schema-graph\">{\"@context\":\"https:\\\/\\\/schema.org\",\"@graph\":[{\"@type\":\"WebPage\",\"@id\":\"https:\\\/\\\/iha-race.com\\\/de\\\/producto\\\/lente-runcam-micro-swift-fov-145-160-o-1-3-2-1-2-3mm\\\/\",\"url\":\"https:\\\/\\\/iha-race.com\\\/de\\\/producto\\\/lente-runcam-micro-swift-fov-145-160-o-1-3-2-1-2-3mm\\\/\",\"name\":\"RunCam Micro FOV Objektiv 145\\\/160 \u00ba 1\\\/3 \\\" 2.1\\\/2.3mm - Iha Race\",\"isPartOf\":{\"@id\":\"https:\\\/\\\/iha-race.com\\\/de\\\/#website\"},\"primaryImageOfPage\":{\"@id\":\"https:\\\/\\\/iha-race.com\\\/de\\\/producto\\\/lente-runcam-micro-swift-fov-145-160-o-1-3-2-1-2-3mm\\\/#primaryimage\"},\"image\":{\"@id\":\"https:\\\/\\\/iha-race.com\\\/de\\\/producto\\\/lente-runcam-micro-swift-fov-145-160-o-1-3-2-1-2-3mm\\\/#primaryimage\"},\"thumbnailUrl\":\"https:\\\/\\\/iha-race.com\\\/wp-content\\\/uploads\\\/2018\\\/07\\\/lente-runcam-micro-swift-fov-145-160-o-1-3-2-1-2-3mm-1.jpg\",\"datePublished\":\"2018-07-16T08:08:32+00:00\",\"dateModified\":\"2024-08-29T15:03:20+00:00\",\"breadcrumb\":{\"@id\":\"https:\\\/\\\/iha-race.com\\\/de\\\/producto\\\/lente-runcam-micro-swift-fov-145-160-o-1-3-2-1-2-3mm\\\/#breadcrumb\"},\"inLanguage\":\"de\",\"potentialAction\":[{\"@type\":\"ReadAction\",\"target\":[\"https:\\\/\\\/iha-race.com\\\/de\\\/producto\\\/lente-runcam-micro-swift-fov-145-160-o-1-3-2-1-2-3mm\\\/\"]}]},{\"@type\":\"ImageObject\",\"inLanguage\":\"de\",\"@id\":\"https:\\\/\\\/iha-race.com\\\/de\\\/producto\\\/lente-runcam-micro-swift-fov-145-160-o-1-3-2-1-2-3mm\\\/#primaryimage\",\"url\":\"https:\\\/\\\/iha-race.com\\\/wp-content\\\/uploads\\\/2018\\\/07\\\/lente-runcam-micro-swift-fov-145-160-o-1-3-2-1-2-3mm-1.jpg\",\"contentUrl\":\"https:\\\/\\\/iha-race.com\\\/wp-content\\\/uploads\\\/2018\\\/07\\\/lente-runcam-micro-swift-fov-145-160-o-1-3-2-1-2-3mm-1.jpg\",\"width\":800,\"height\":800},{\"@type\":\"BreadcrumbList\",\"@id\":\"https:\\\/\\\/iha-race.com\\\/de\\\/producto\\\/lente-runcam-micro-swift-fov-145-160-o-1-3-2-1-2-3mm\\\/#breadcrumb\",\"itemListElement\":[{\"@type\":\"ListItem\",\"position\":1,\"name\":\"Portada\",\"item\":\"https:\\\/\\\/iha-race.com\\\/de\\\/elementor-499\\\/\"},{\"@type\":\"ListItem\",\"position\":2,\"name\":\"Shop\",\"item\":\"https:\\\/\\\/iha-race.com\\\/de\\\/shop\\\/\"},{\"@type\":\"ListItem\",\"position\":3,\"name\":\"RunCam Micro FOV Objektiv 145\\\/160 \u00ba 1\\\/3 &#8221; 2.1\\\/2.3mm\"}]},{\"@type\":\"WebSite\",\"@id\":\"https:\\\/\\\/iha-race.com\\\/de\\\/#website\",\"url\":\"https:\\\/\\\/iha-race.com\\\/de\\\/\",\"name\":\"Iha Race\",\"description\":\"Comprar drones de carreras FPV env\u00edos en un d\u00eda desde Espa\u00f1a\",\"publisher\":{\"@id\":\"https:\\\/\\\/iha-race.com\\\/de\\\/#organization\"},\"potentialAction\":[{\"@type\":\"SearchAction\",\"target\":{\"@type\":\"EntryPoint\",\"urlTemplate\":\"https:\\\/\\\/iha-race.com\\\/de\\\/?s={search_term_string}\"},\"query-input\":{\"@type\":\"PropertyValueSpecification\",\"valueRequired\":true,\"valueName\":\"search_term_string\"}}],\"inLanguage\":\"de\"},{\"@type\":\"Organization\",\"@id\":\"https:\\\/\\\/iha-race.com\\\/de\\\/#organization\",\"name\":\"Iha Race\",\"url\":\"https:\\\/\\\/iha-race.com\\\/de\\\/\",\"logo\":{\"@type\":\"ImageObject\",\"inLanguage\":\"de\",\"@id\":\"https:\\\/\\\/iha-race.com\\\/de\\\/#\\\/schema\\\/logo\\\/image\\\/\",\"url\":\"https:\\\/\\\/iha-race.com\\\/wp-content\\\/uploads\\\/2018\\\/07\\\/iha-race-drones-de-carreras-tienda-comprar-drones.png\",\"contentUrl\":\"https:\\\/\\\/iha-race.com\\\/wp-content\\\/uploads\\\/2018\\\/07\\\/iha-race-drones-de-carreras-tienda-comprar-drones.png\",\"width\":300,\"height\":100,\"caption\":\"Iha Race\"},\"image\":{\"@id\":\"https:\\\/\\\/iha-race.com\\\/de\\\/#\\\/schema\\\/logo\\\/image\\\/\"}}]}<\/script>\n<!-- \/ Yoast SEO plugin. -->","yoast_head_json":{"title":"RunCam Micro FOV Objektiv 145\/160 \u00ba 1\/3 \" 2.1\/2.3mm - Iha Race","robots":{"index":"index","follow":"follow","max-snippet":"max-snippet:-1","max-image-preview":"max-image-preview:large","max-video-preview":"max-video-preview:-1"},"canonical":"https:\/\/iha-race.com\/de\/producto\/lente-runcam-micro-swift-fov-145-160-o-1-3-2-1-2-3mm\/","og_locale":"de_DE","og_type":"article","og_title":"RunCam Micro FOV Objektiv 145\/160 \u00ba 1\/3 \" 2.1\/2.3mm - Iha Race","og_description":"RunCam Micro Swift FOV Objektiv 145\/160 \u00ba 1\/3 &#8221; 2.1\/2.3mm Spezifikation: Brennweite (mm): 2,3\/2,1 Horizontales FOV: 112 Vertikales FOV: 80\u00b0 Vertikales FOV: 80 FOV: 145\u00b0\/160 Gewicht: 1,5 g Blende (F):","og_url":"https:\/\/iha-race.com\/de\/producto\/lente-runcam-micro-swift-fov-145-160-o-1-3-2-1-2-3mm\/","og_site_name":"Iha Race","article_modified_time":"2024-08-29T15:03:20+00:00","og_image":[{"width":800,"height":800,"url":"https:\/\/iha-race.com\/wp-content\/uploads\/2018\/07\/lente-runcam-micro-swift-fov-145-160-o-1-3-2-1-2-3mm-1.jpg","type":"image\/jpeg"}],"twitter_card":"summary_large_image","schema":{"@context":"https:\/\/schema.org","@graph":[{"@type":"WebPage","@id":"https:\/\/iha-race.com\/de\/producto\/lente-runcam-micro-swift-fov-145-160-o-1-3-2-1-2-3mm\/","url":"https:\/\/iha-race.com\/de\/producto\/lente-runcam-micro-swift-fov-145-160-o-1-3-2-1-2-3mm\/","name":"RunCam Micro FOV Objektiv 145\/160 \u00ba 1\/3 \" 2.1\/2.3mm - Iha Race","isPartOf":{"@id":"https:\/\/iha-race.com\/de\/#website"},"primaryImageOfPage":{"@id":"https:\/\/iha-race.com\/de\/producto\/lente-runcam-micro-swift-fov-145-160-o-1-3-2-1-2-3mm\/#primaryimage"},"image":{"@id":"https:\/\/iha-race.com\/de\/producto\/lente-runcam-micro-swift-fov-145-160-o-1-3-2-1-2-3mm\/#primaryimage"},"thumbnailUrl":"https:\/\/iha-race.com\/wp-content\/uploads\/2018\/07\/lente-runcam-micro-swift-fov-145-160-o-1-3-2-1-2-3mm-1.jpg","datePublished":"2018-07-16T08:08:32+00:00","dateModified":"2024-08-29T15:03:20+00:00","breadcrumb":{"@id":"https:\/\/iha-race.com\/de\/producto\/lente-runcam-micro-swift-fov-145-160-o-1-3-2-1-2-3mm\/#breadcrumb"},"inLanguage":"de","potentialAction":[{"@type":"ReadAction","target":["https:\/\/iha-race.com\/de\/producto\/lente-runcam-micro-swift-fov-145-160-o-1-3-2-1-2-3mm\/"]}]},{"@type":"ImageObject","inLanguage":"de","@id":"https:\/\/iha-race.com\/de\/producto\/lente-runcam-micro-swift-fov-145-160-o-1-3-2-1-2-3mm\/#primaryimage","url":"https:\/\/iha-race.com\/wp-content\/uploads\/2018\/07\/lente-runcam-micro-swift-fov-145-160-o-1-3-2-1-2-3mm-1.jpg","contentUrl":"https:\/\/iha-race.com\/wp-content\/uploads\/2018\/07\/lente-runcam-micro-swift-fov-145-160-o-1-3-2-1-2-3mm-1.jpg","width":800,"height":800},{"@type":"BreadcrumbList","@id":"https:\/\/iha-race.com\/de\/producto\/lente-runcam-micro-swift-fov-145-160-o-1-3-2-1-2-3mm\/#breadcrumb","itemListElement":[{"@type":"ListItem","position":1,"name":"Portada","item":"https:\/\/iha-race.com\/de\/elementor-499\/"},{"@type":"ListItem","position":2,"name":"Shop","item":"https:\/\/iha-race.com\/de\/shop\/"},{"@type":"ListItem","position":3,"name":"RunCam Micro FOV Objektiv 145\/160 \u00ba 1\/3 &#8221; 2.1\/2.3mm"}]},{"@type":"WebSite","@id":"https:\/\/iha-race.com\/de\/#website","url":"https:\/\/iha-race.com\/de\/","name":"Iha Race","description":"Comprar drones de carreras FPV env\u00edos en un d\u00eda desde Espa\u00f1a","publisher":{"@id":"https:\/\/iha-race.com\/de\/#organization"},"potentialAction":[{"@type":"SearchAction","target":{"@type":"EntryPoint","urlTemplate":"https:\/\/iha-race.com\/de\/?s={search_term_string}"},"query-input":{"@type":"PropertyValueSpecification","valueRequired":true,"valueName":"search_term_string"}}],"inLanguage":"de"},{"@type":"Organization","@id":"https:\/\/iha-race.com\/de\/#organization","name":"Iha Race","url":"https:\/\/iha-race.com\/de\/","logo":{"@type":"ImageObject","inLanguage":"de","@id":"https:\/\/iha-race.com\/de\/#\/schema\/logo\/image\/","url":"https:\/\/iha-race.com\/wp-content\/uploads\/2018\/07\/iha-race-drones-de-carreras-tienda-comprar-drones.png","contentUrl":"https:\/\/iha-race.com\/wp-content\/uploads\/2018\/07\/iha-race-drones-de-carreras-tienda-comprar-drones.png","width":300,"height":100,"caption":"Iha Race"},"image":{"@id":"https:\/\/iha-race.com\/de\/#\/schema\/logo\/image\/"}}]}},"jetpack_sharing_enabled":true,"brands":[],"_links":{"self":[{"href":"https:\/\/iha-race.com\/de\/wp-json\/wp\/v2\/product\/207335","targetHints":{"allow":["GET"]}}],"collection":[{"href":"https:\/\/iha-race.com\/de\/wp-json\/wp\/v2\/product"}],"about":[{"href":"https:\/\/iha-race.com\/de\/wp-json\/wp\/v2\/types\/product"}],"replies":[{"embeddable":true,"href":"https:\/\/iha-race.com\/de\/wp-json\/wp\/v2\/comments?post=207335"}],"version-history":[{"count":1,"href":"https:\/\/iha-race.com\/de\/wp-json\/wp\/v2\/product\/207335\/revisions"}],"predecessor-version":[{"id":231679,"href":"https:\/\/iha-race.com\/de\/wp-json\/wp\/v2\/product\/207335\/revisions\/231679"}],"wp:featuredmedia":[{"embeddable":true,"href":"https:\/\/iha-race.com\/de\/wp-json\/wp\/v2\/media\/124748"}],"wp:attachment":[{"href":"https:\/\/iha-race.com\/de\/wp-json\/wp\/v2\/media?parent=207335"}],"wp:term":[{"taxonomy":"pwb-brand","embeddable":true,"href":"https:\/\/iha-race.com\/de\/wp-json\/wp\/v2\/pwb-brand?post=207335"},{"taxonomy":"product_cat","embeddable":true,"href":"https:\/\/iha-race.com\/de\/wp-json\/wp\/v2\/product_cat?post=207335"},{"taxonomy":"product_tag","embeddable":true,"href":"https:\/\/iha-race.com\/de\/wp-json\/wp\/v2\/product_tag?post=207335"}],"curies":[{"name":"wp","href":"https:\/\/api.w.org\/{rel}","templated":true}]}}