{"id":207306,"date":"2018-07-14T09:54:42","date_gmt":"2018-07-14T07:54:42","guid":{"rendered":"https:\/\/iha-race.com\/producto\/batterie-unterspannungspruefer-mit-summer-37-30-v-1-8-lipo-li-in\/"},"modified":"2026-03-21T19:53:28","modified_gmt":"2026-03-21T18:53:28","slug":"probador-baja-tension-de-bateria-con-zumbador-3-7-30-v-1-8-lipo-li-in","status":"publish","type":"product","link":"https:\/\/iha-race.com\/de\/producto\/probador-baja-tension-de-bateria-con-zumbador-3-7-30-v-1-8-lipo-li-in\/","title":{"rendered":"Batterie-Unterspannungspr\u00fcfer mit Summer, 3,7 &#8211; 30 V 1-8 Lipo\/Li-in"},"content":{"rendered":"<h2>Batterie-Unterspannungspr\u00fcfer mit Summer, 3,7 &#8211; 30 V 1-8 Lipo\/Li-in<\/h2>\n<p>  Dies ist ein neues Produkt, das alle Spannungsmessungen mit der Funktion des Unterspannungsalarms kombiniert. Li-Po-Akku-Spannungsanzeige: Schlie\u00dfen Sie das Ger\u00e4t direkt an Ihre Betriebsbatterie an. Es \u00fcberwacht den Zustand Ihres Akkus zu jeder Zeit, so dass Sie sich keine Sorgen machen m\u00fcssen.  <strong>Spezifikation:<\/strong><\/p>\n<ul>\n<li>Artikel: 2 in 1 Batteriespannungsmesser<\/li>\n<li>Gr\u00f6\u00dfe: 1,5 x 0,9 x 0,4 Zoll (L x B x H)<\/li>\n<li>Verwendet f\u00fcr: 1-8s Lipo\/Li-ion\/LiMn\/Li-Fe.<\/li>\n<li>Genauigkeit der Spannungsmessung: 0,01 V<\/li>\n<li>Anzeigebereich der Einheitsspannung: 0,5V-4,5V<\/li>\n<li>Gesamter Spannungsanzeigebereich: 0,5V-36V<\/li>\n<li>1 Testmodus Spannungsbereich: 3,7V-30v<\/li>\n<li>Alarm eingestellter Wertebereich: OFF-2.7V-3.8V<\/li>\n<li>Voreingestellter Wert: 3,3 V<\/li>\n<\/ul>\n","protected":false},"excerpt":{"rendered":"<p>Batterie-Unterspannungspr\u00fcfer mit Summer, 3,7 &#8211; 30 V 1-8 Lipo\/Li-in Dies ist ein neues Produkt, das alle Spannungsmessungen mit der Funktion des Unterspannungsalarms kombiniert. Li-Po-Akku-Spannungsanzeige: Schlie\u00dfen Sie das Ger\u00e4t direkt an<\/p>\n","protected":false},"featured_media":124867,"comment_status":"open","ping_status":"closed","template":"","meta":{"_joinchat":[]},"pwb-brand":[],"product_cat":[2511,2501,2535,2537,2513],"product_tag":[],"class_list":{"0":"post-207306","1":"product","2":"type-product","3":"status-publish","4":"has-post-thumbnail","6":"product_cat-batterie-zubehor","7":"product_cat-fpv-akkus","8":"product_cat-fpv-elektronik-und-zubehor","9":"product_cat-leds-und-buzzer","10":"product_cat-zubehor","12":"first","13":"instock","14":"taxable","15":"shipping-taxable","16":"purchasable","17":"product-type-simple"},"barcode":null,"atum_controlled":true,"out_stock_date":null,"out_stock_threshold":null,"inheritable":false,"stock_on_hold":0,"sold_today":2,"sales_last_days":2,"out_stock_days":0,"lost_sales":0,"update_date":"2026-04-29T11:52:03","atum_locations":[],"atum_stock_status":"instock","restock_status":false,"low_stock_amount":"","sales_update_date":"2026-04-29T11:52:03","calc_backorders":null,"yoast_head":"<!-- This site is optimized with the Yoast SEO plugin v27.3 - https:\/\/yoast.com\/product\/yoast-seo-wordpress\/ -->\n<title>Batterie-Unterspannungspr\u00fcfer mit Summer, 3,7 - 30 V 1-8 Lipo\/Li-in - Iha Race<\/title>\n<meta name=\"robots\" content=\"index, follow, max-snippet:-1, max-image-preview:large, max-video-preview:-1\" \/>\n<link rel=\"canonical\" href=\"https:\/\/iha-race.com\/de\/producto\/probador-baja-tension-de-bateria-con-zumbador-3-7-30-v-1-8-lipo-li-in\/\" \/>\n<meta property=\"og:locale\" content=\"de_DE\" \/>\n<meta property=\"og:type\" content=\"article\" \/>\n<meta property=\"og:title\" content=\"Batterie-Unterspannungspr\u00fcfer mit Summer, 3,7 - 30 V 1-8 Lipo\/Li-in - Iha Race\" \/>\n<meta property=\"og:description\" content=\"Batterie-Unterspannungspr\u00fcfer mit Summer, 3,7 &#8211; 30 V 1-8 Lipo\/Li-in Dies ist ein neues Produkt, das alle Spannungsmessungen mit der Funktion des Unterspannungsalarms kombiniert. Li-Po-Akku-Spannungsanzeige: Schlie\u00dfen Sie das Ger\u00e4t direkt an\" \/>\n<meta property=\"og:url\" content=\"https:\/\/iha-race.com\/de\/producto\/probador-baja-tension-de-bateria-con-zumbador-3-7-30-v-1-8-lipo-li-in\/\" \/>\n<meta property=\"og:site_name\" content=\"Iha Race\" \/>\n<meta property=\"article:modified_time\" content=\"2026-03-21T18:53:28+00:00\" \/>\n<meta property=\"og:image\" content=\"https:\/\/iha-race.com\/wp-content\/uploads\/2018\/07\/probador-baja-tension-bateria-zumbador-comprar-barato-online-1.jpg\" \/>\n\t<meta property=\"og:image:width\" content=\"800\" \/>\n\t<meta property=\"og:image:height\" content=\"800\" \/>\n\t<meta property=\"og:image:type\" content=\"image\/jpeg\" \/>\n<meta name=\"twitter:card\" content=\"summary_large_image\" \/>\n<meta name=\"twitter:label1\" content=\"Gesch\u00e4tzte Lesezeit\" \/>\n\t<meta name=\"twitter:data1\" content=\"1\u00a0Minute\" \/>\n<script type=\"application\/ld+json\" class=\"yoast-schema-graph\">{\"@context\":\"https:\\\/\\\/schema.org\",\"@graph\":[{\"@type\":\"WebPage\",\"@id\":\"https:\\\/\\\/iha-race.com\\\/de\\\/producto\\\/probador-baja-tension-de-bateria-con-zumbador-3-7-30-v-1-8-lipo-li-in\\\/\",\"url\":\"https:\\\/\\\/iha-race.com\\\/de\\\/producto\\\/probador-baja-tension-de-bateria-con-zumbador-3-7-30-v-1-8-lipo-li-in\\\/\",\"name\":\"Batterie-Unterspannungspr\u00fcfer mit Summer, 3,7 - 30 V 1-8 Lipo\\\/Li-in - Iha Race\",\"isPartOf\":{\"@id\":\"https:\\\/\\\/iha-race.com\\\/de\\\/#website\"},\"primaryImageOfPage\":{\"@id\":\"https:\\\/\\\/iha-race.com\\\/de\\\/producto\\\/probador-baja-tension-de-bateria-con-zumbador-3-7-30-v-1-8-lipo-li-in\\\/#primaryimage\"},\"image\":{\"@id\":\"https:\\\/\\\/iha-race.com\\\/de\\\/producto\\\/probador-baja-tension-de-bateria-con-zumbador-3-7-30-v-1-8-lipo-li-in\\\/#primaryimage\"},\"thumbnailUrl\":\"https:\\\/\\\/iha-race.com\\\/wp-content\\\/uploads\\\/2018\\\/07\\\/probador-baja-tension-bateria-zumbador-comprar-barato-online-1.jpg\",\"datePublished\":\"2018-07-14T07:54:42+00:00\",\"dateModified\":\"2026-03-21T18:53:28+00:00\",\"breadcrumb\":{\"@id\":\"https:\\\/\\\/iha-race.com\\\/de\\\/producto\\\/probador-baja-tension-de-bateria-con-zumbador-3-7-30-v-1-8-lipo-li-in\\\/#breadcrumb\"},\"inLanguage\":\"de\",\"potentialAction\":[{\"@type\":\"ReadAction\",\"target\":[\"https:\\\/\\\/iha-race.com\\\/de\\\/producto\\\/probador-baja-tension-de-bateria-con-zumbador-3-7-30-v-1-8-lipo-li-in\\\/\"]}]},{\"@type\":\"ImageObject\",\"inLanguage\":\"de\",\"@id\":\"https:\\\/\\\/iha-race.com\\\/de\\\/producto\\\/probador-baja-tension-de-bateria-con-zumbador-3-7-30-v-1-8-lipo-li-in\\\/#primaryimage\",\"url\":\"https:\\\/\\\/iha-race.com\\\/wp-content\\\/uploads\\\/2018\\\/07\\\/probador-baja-tension-bateria-zumbador-comprar-barato-online-1.jpg\",\"contentUrl\":\"https:\\\/\\\/iha-race.com\\\/wp-content\\\/uploads\\\/2018\\\/07\\\/probador-baja-tension-bateria-zumbador-comprar-barato-online-1.jpg\",\"width\":800,\"height\":800},{\"@type\":\"BreadcrumbList\",\"@id\":\"https:\\\/\\\/iha-race.com\\\/de\\\/producto\\\/probador-baja-tension-de-bateria-con-zumbador-3-7-30-v-1-8-lipo-li-in\\\/#breadcrumb\",\"itemListElement\":[{\"@type\":\"ListItem\",\"position\":1,\"name\":\"Portada\",\"item\":\"https:\\\/\\\/iha-race.com\\\/de\\\/elementor-499\\\/\"},{\"@type\":\"ListItem\",\"position\":2,\"name\":\"Shop\",\"item\":\"https:\\\/\\\/iha-race.com\\\/de\\\/shop\\\/\"},{\"@type\":\"ListItem\",\"position\":3,\"name\":\"Batterie-Unterspannungspr\u00fcfer mit Summer, 3,7 &#8211; 30 V 1-8 Lipo\\\/Li-in\"}]},{\"@type\":\"WebSite\",\"@id\":\"https:\\\/\\\/iha-race.com\\\/de\\\/#website\",\"url\":\"https:\\\/\\\/iha-race.com\\\/de\\\/\",\"name\":\"Iha Race\",\"description\":\"Comprar drones de carreras FPV env\u00edos en un d\u00eda desde Espa\u00f1a\",\"publisher\":{\"@id\":\"https:\\\/\\\/iha-race.com\\\/de\\\/#organization\"},\"potentialAction\":[{\"@type\":\"SearchAction\",\"target\":{\"@type\":\"EntryPoint\",\"urlTemplate\":\"https:\\\/\\\/iha-race.com\\\/de\\\/?s={search_term_string}\"},\"query-input\":{\"@type\":\"PropertyValueSpecification\",\"valueRequired\":true,\"valueName\":\"search_term_string\"}}],\"inLanguage\":\"de\"},{\"@type\":\"Organization\",\"@id\":\"https:\\\/\\\/iha-race.com\\\/de\\\/#organization\",\"name\":\"Iha Race\",\"url\":\"https:\\\/\\\/iha-race.com\\\/de\\\/\",\"logo\":{\"@type\":\"ImageObject\",\"inLanguage\":\"de\",\"@id\":\"https:\\\/\\\/iha-race.com\\\/de\\\/#\\\/schema\\\/logo\\\/image\\\/\",\"url\":\"https:\\\/\\\/iha-race.com\\\/wp-content\\\/uploads\\\/2018\\\/07\\\/iha-race-drones-de-carreras-tienda-comprar-drones.png\",\"contentUrl\":\"https:\\\/\\\/iha-race.com\\\/wp-content\\\/uploads\\\/2018\\\/07\\\/iha-race-drones-de-carreras-tienda-comprar-drones.png\",\"width\":300,\"height\":100,\"caption\":\"Iha Race\"},\"image\":{\"@id\":\"https:\\\/\\\/iha-race.com\\\/de\\\/#\\\/schema\\\/logo\\\/image\\\/\"}}]}<\/script>\n<!-- \/ Yoast SEO plugin. -->","yoast_head_json":{"title":"Batterie-Unterspannungspr\u00fcfer mit Summer, 3,7 - 30 V 1-8 Lipo\/Li-in - Iha Race","robots":{"index":"index","follow":"follow","max-snippet":"max-snippet:-1","max-image-preview":"max-image-preview:large","max-video-preview":"max-video-preview:-1"},"canonical":"https:\/\/iha-race.com\/de\/producto\/probador-baja-tension-de-bateria-con-zumbador-3-7-30-v-1-8-lipo-li-in\/","og_locale":"de_DE","og_type":"article","og_title":"Batterie-Unterspannungspr\u00fcfer mit Summer, 3,7 - 30 V 1-8 Lipo\/Li-in - Iha Race","og_description":"Batterie-Unterspannungspr\u00fcfer mit Summer, 3,7 &#8211; 30 V 1-8 Lipo\/Li-in Dies ist ein neues Produkt, das alle Spannungsmessungen mit der Funktion des Unterspannungsalarms kombiniert. Li-Po-Akku-Spannungsanzeige: Schlie\u00dfen Sie das Ger\u00e4t direkt an","og_url":"https:\/\/iha-race.com\/de\/producto\/probador-baja-tension-de-bateria-con-zumbador-3-7-30-v-1-8-lipo-li-in\/","og_site_name":"Iha Race","article_modified_time":"2026-03-21T18:53:28+00:00","og_image":[{"width":800,"height":800,"url":"https:\/\/iha-race.com\/wp-content\/uploads\/2018\/07\/probador-baja-tension-bateria-zumbador-comprar-barato-online-1.jpg","type":"image\/jpeg"}],"twitter_card":"summary_large_image","twitter_misc":{"Gesch\u00e4tzte Lesezeit":"1\u00a0Minute"},"schema":{"@context":"https:\/\/schema.org","@graph":[{"@type":"WebPage","@id":"https:\/\/iha-race.com\/de\/producto\/probador-baja-tension-de-bateria-con-zumbador-3-7-30-v-1-8-lipo-li-in\/","url":"https:\/\/iha-race.com\/de\/producto\/probador-baja-tension-de-bateria-con-zumbador-3-7-30-v-1-8-lipo-li-in\/","name":"Batterie-Unterspannungspr\u00fcfer mit Summer, 3,7 - 30 V 1-8 Lipo\/Li-in - Iha Race","isPartOf":{"@id":"https:\/\/iha-race.com\/de\/#website"},"primaryImageOfPage":{"@id":"https:\/\/iha-race.com\/de\/producto\/probador-baja-tension-de-bateria-con-zumbador-3-7-30-v-1-8-lipo-li-in\/#primaryimage"},"image":{"@id":"https:\/\/iha-race.com\/de\/producto\/probador-baja-tension-de-bateria-con-zumbador-3-7-30-v-1-8-lipo-li-in\/#primaryimage"},"thumbnailUrl":"https:\/\/iha-race.com\/wp-content\/uploads\/2018\/07\/probador-baja-tension-bateria-zumbador-comprar-barato-online-1.jpg","datePublished":"2018-07-14T07:54:42+00:00","dateModified":"2026-03-21T18:53:28+00:00","breadcrumb":{"@id":"https:\/\/iha-race.com\/de\/producto\/probador-baja-tension-de-bateria-con-zumbador-3-7-30-v-1-8-lipo-li-in\/#breadcrumb"},"inLanguage":"de","potentialAction":[{"@type":"ReadAction","target":["https:\/\/iha-race.com\/de\/producto\/probador-baja-tension-de-bateria-con-zumbador-3-7-30-v-1-8-lipo-li-in\/"]}]},{"@type":"ImageObject","inLanguage":"de","@id":"https:\/\/iha-race.com\/de\/producto\/probador-baja-tension-de-bateria-con-zumbador-3-7-30-v-1-8-lipo-li-in\/#primaryimage","url":"https:\/\/iha-race.com\/wp-content\/uploads\/2018\/07\/probador-baja-tension-bateria-zumbador-comprar-barato-online-1.jpg","contentUrl":"https:\/\/iha-race.com\/wp-content\/uploads\/2018\/07\/probador-baja-tension-bateria-zumbador-comprar-barato-online-1.jpg","width":800,"height":800},{"@type":"BreadcrumbList","@id":"https:\/\/iha-race.com\/de\/producto\/probador-baja-tension-de-bateria-con-zumbador-3-7-30-v-1-8-lipo-li-in\/#breadcrumb","itemListElement":[{"@type":"ListItem","position":1,"name":"Portada","item":"https:\/\/iha-race.com\/de\/elementor-499\/"},{"@type":"ListItem","position":2,"name":"Shop","item":"https:\/\/iha-race.com\/de\/shop\/"},{"@type":"ListItem","position":3,"name":"Batterie-Unterspannungspr\u00fcfer mit Summer, 3,7 &#8211; 30 V 1-8 Lipo\/Li-in"}]},{"@type":"WebSite","@id":"https:\/\/iha-race.com\/de\/#website","url":"https:\/\/iha-race.com\/de\/","name":"Iha Race","description":"Comprar drones de carreras FPV env\u00edos en un d\u00eda desde Espa\u00f1a","publisher":{"@id":"https:\/\/iha-race.com\/de\/#organization"},"potentialAction":[{"@type":"SearchAction","target":{"@type":"EntryPoint","urlTemplate":"https:\/\/iha-race.com\/de\/?s={search_term_string}"},"query-input":{"@type":"PropertyValueSpecification","valueRequired":true,"valueName":"search_term_string"}}],"inLanguage":"de"},{"@type":"Organization","@id":"https:\/\/iha-race.com\/de\/#organization","name":"Iha Race","url":"https:\/\/iha-race.com\/de\/","logo":{"@type":"ImageObject","inLanguage":"de","@id":"https:\/\/iha-race.com\/de\/#\/schema\/logo\/image\/","url":"https:\/\/iha-race.com\/wp-content\/uploads\/2018\/07\/iha-race-drones-de-carreras-tienda-comprar-drones.png","contentUrl":"https:\/\/iha-race.com\/wp-content\/uploads\/2018\/07\/iha-race-drones-de-carreras-tienda-comprar-drones.png","width":300,"height":100,"caption":"Iha Race"},"image":{"@id":"https:\/\/iha-race.com\/de\/#\/schema\/logo\/image\/"}}]}},"jetpack_sharing_enabled":true,"brands":[],"_links":{"self":[{"href":"https:\/\/iha-race.com\/de\/wp-json\/wp\/v2\/product\/207306","targetHints":{"allow":["GET"]}}],"collection":[{"href":"https:\/\/iha-race.com\/de\/wp-json\/wp\/v2\/product"}],"about":[{"href":"https:\/\/iha-race.com\/de\/wp-json\/wp\/v2\/types\/product"}],"replies":[{"embeddable":true,"href":"https:\/\/iha-race.com\/de\/wp-json\/wp\/v2\/comments?post=207306"}],"version-history":[{"count":2,"href":"https:\/\/iha-race.com\/de\/wp-json\/wp\/v2\/product\/207306\/revisions"}],"predecessor-version":[{"id":250877,"href":"https:\/\/iha-race.com\/de\/wp-json\/wp\/v2\/product\/207306\/revisions\/250877"}],"wp:featuredmedia":[{"embeddable":true,"href":"https:\/\/iha-race.com\/de\/wp-json\/wp\/v2\/media\/124867"}],"wp:attachment":[{"href":"https:\/\/iha-race.com\/de\/wp-json\/wp\/v2\/media?parent=207306"}],"wp:term":[{"taxonomy":"pwb-brand","embeddable":true,"href":"https:\/\/iha-race.com\/de\/wp-json\/wp\/v2\/pwb-brand?post=207306"},{"taxonomy":"product_cat","embeddable":true,"href":"https:\/\/iha-race.com\/de\/wp-json\/wp\/v2\/product_cat?post=207306"},{"taxonomy":"product_tag","embeddable":true,"href":"https:\/\/iha-race.com\/de\/wp-json\/wp\/v2\/product_tag?post=207306"}],"curies":[{"name":"wp","href":"https:\/\/api.w.org\/{rel}","templated":true}]}}