{"id":207272,"date":"2018-07-14T15:07:09","date_gmt":"2018-07-14T13:07:09","guid":{"rendered":"https:\/\/iha-race.com\/producto\/batterie-t-verbindung-zu-xt60-gold-plated-adapter\/"},"modified":"2026-03-22T18:27:20","modified_gmt":"2026-03-22T17:27:20","slug":"adapter-batterie-anschluss-batterie-in-batterie-anschluss-xt60-golden-bank","status":"publish","type":"product","link":"https:\/\/iha-race.com\/de\/producto\/adapter-batterie-anschluss-batterie-in-batterie-anschluss-xt60-golden-bank\/","title":{"rendered":"Batterie T-Verbindung zu XT60 Gold Plated Adapter"},"content":{"rendered":"<h3>Batterie T-Verbindung zu XT60 Gold Plated Adapter<\/h3>\n<p>  Der Adapter verwendet vergoldete Kontakte, insbesondere die elektrischen Anschl\u00fcsse haben einen geringen Widerstand. In unserem Sortiment haben wir nur Qualit\u00e4tsprodukte. Wir legen gro\u00dfen Wert auf eine angemessene Vergoldung. Auf diese Weise wird der Verbrennungsgrad durch h\u00e4ufiges Stecken und Trennen zwischen Stecker und Buchse stark reduziert, was der Lebensdauer der vergoldeten Kontakte zugute kommt. Auch die Wahl des Kunststoffs der Goldkontakte ist wichtig, damit sie die Installation nicht gef\u00e4hrden. Diese Verpflichtung zur Qualit\u00e4t gilt auch f\u00fcr unsere Anschluss-, Verl\u00e4ngerungs-, Adapter-, Schalter- und Ladekabel. Auf billige PVC-Kabel sollte verzichtet werden, daf\u00fcr ist Silikon sehr flexibel und temperaturbest\u00e4ndig.<\/p>\n","protected":false},"excerpt":{"rendered":"<p>Batterie T-Verbindung zu XT60 Gold Plated Adapter Der Adapter verwendet vergoldete Kontakte, insbesondere die elektrischen Anschl\u00fcsse haben einen geringen Widerstand. In unserem Sortiment haben wir nur Qualit\u00e4tsprodukte. Wir legen gro\u00dfen<\/p>\n","protected":false},"featured_media":125076,"comment_status":"open","ping_status":"closed","template":"","meta":{"_joinchat":[]},"pwb-brand":[3903],"product_cat":[2505,2515,2513],"product_tag":[],"class_list":{"0":"post-207272","1":"product","2":"type-product","3":"status-publish","4":"has-post-thumbnail","6":"pwb-brand-yukimodell","7":"product_cat-ladegerate-de","8":"product_cat-steckverbinder","9":"product_cat-zubehor","11":"first","12":"instock","13":"taxable","14":"shipping-taxable","15":"purchasable","16":"product-type-simple"},"barcode":null,"atum_controlled":true,"out_stock_date":null,"out_stock_threshold":null,"inheritable":false,"stock_on_hold":0,"sold_today":0,"sales_last_days":0,"out_stock_days":0,"lost_sales":0,"update_date":"2026-03-22T17:27:29","atum_locations":[{"id":586,"name":"Tienda","slug":"tienda"}],"atum_stock_status":"instock","restock_status":false,"low_stock_amount":"","sales_update_date":"2026-03-22T17:23:10","calc_backorders":null,"yoast_head":"<!-- This site is optimized with the Yoast SEO plugin v27.3 - https:\/\/yoast.com\/product\/yoast-seo-wordpress\/ -->\n<title>Batterie T-Verbindung zu XT60 Gold Plated Adapter - Iha Race<\/title>\n<meta name=\"robots\" content=\"noindex, follow\" \/>\n<meta property=\"og:locale\" content=\"de_DE\" \/>\n<meta property=\"og:type\" content=\"article\" \/>\n<meta property=\"og:title\" content=\"Batterie T-Verbindung zu XT60 Gold Plated Adapter - Iha Race\" \/>\n<meta property=\"og:description\" content=\"Batterie T-Verbindung zu XT60 Gold Plated Adapter Der Adapter verwendet vergoldete Kontakte, insbesondere die elektrischen Anschl\u00fcsse haben einen geringen Widerstand. In unserem Sortiment haben wir nur Qualit\u00e4tsprodukte. Wir legen gro\u00dfen\" \/>\n<meta property=\"og:url\" content=\"https:\/\/iha-race.com\/de\/producto\/adapter-batterie-anschluss-batterie-in-batterie-anschluss-xt60-golden-bank\/\" \/>\n<meta property=\"og:site_name\" content=\"Iha Race\" \/>\n<meta property=\"article:modified_time\" content=\"2026-03-22T17:27:20+00:00\" \/>\n<meta property=\"og:image\" content=\"https:\/\/iha-race.com\/wp-content\/uploads\/2018\/07\/adaptador-conexion-bateria-t-conexion-xt60-comprar-barato-1.jpg\" \/>\n\t<meta property=\"og:image:width\" content=\"800\" \/>\n\t<meta property=\"og:image:height\" content=\"800\" \/>\n\t<meta property=\"og:image:type\" content=\"image\/jpeg\" \/>\n<meta name=\"twitter:card\" content=\"summary_large_image\" \/>\n<meta name=\"twitter:label1\" content=\"Gesch\u00e4tzte Lesezeit\" \/>\n\t<meta name=\"twitter:data1\" content=\"1\u00a0Minute\" \/>\n<script type=\"application\/ld+json\" class=\"yoast-schema-graph\">{\"@context\":\"https:\\\/\\\/schema.org\",\"@graph\":[{\"@type\":\"WebPage\",\"@id\":\"https:\\\/\\\/iha-race.com\\\/de\\\/producto\\\/adapter-batterie-anschluss-batterie-in-batterie-anschluss-xt60-golden-bank\\\/\",\"url\":\"https:\\\/\\\/iha-race.com\\\/de\\\/producto\\\/adapter-batterie-anschluss-batterie-in-batterie-anschluss-xt60-golden-bank\\\/\",\"name\":\"Batterie T-Verbindung zu XT60 Gold Plated Adapter - Iha Race\",\"isPartOf\":{\"@id\":\"https:\\\/\\\/iha-race.com\\\/de\\\/#website\"},\"primaryImageOfPage\":{\"@id\":\"https:\\\/\\\/iha-race.com\\\/de\\\/producto\\\/adapter-batterie-anschluss-batterie-in-batterie-anschluss-xt60-golden-bank\\\/#primaryimage\"},\"image\":{\"@id\":\"https:\\\/\\\/iha-race.com\\\/de\\\/producto\\\/adapter-batterie-anschluss-batterie-in-batterie-anschluss-xt60-golden-bank\\\/#primaryimage\"},\"thumbnailUrl\":\"https:\\\/\\\/iha-race.com\\\/wp-content\\\/uploads\\\/2018\\\/07\\\/adaptador-conexion-bateria-t-conexion-xt60-comprar-barato-1.jpg\",\"datePublished\":\"2018-07-14T13:07:09+00:00\",\"dateModified\":\"2026-03-22T17:27:20+00:00\",\"breadcrumb\":{\"@id\":\"https:\\\/\\\/iha-race.com\\\/de\\\/producto\\\/adapter-batterie-anschluss-batterie-in-batterie-anschluss-xt60-golden-bank\\\/#breadcrumb\"},\"inLanguage\":\"de\",\"potentialAction\":[{\"@type\":\"ReadAction\",\"target\":[\"https:\\\/\\\/iha-race.com\\\/de\\\/producto\\\/adapter-batterie-anschluss-batterie-in-batterie-anschluss-xt60-golden-bank\\\/\"]}]},{\"@type\":\"ImageObject\",\"inLanguage\":\"de\",\"@id\":\"https:\\\/\\\/iha-race.com\\\/de\\\/producto\\\/adapter-batterie-anschluss-batterie-in-batterie-anschluss-xt60-golden-bank\\\/#primaryimage\",\"url\":\"https:\\\/\\\/iha-race.com\\\/wp-content\\\/uploads\\\/2018\\\/07\\\/adaptador-conexion-bateria-t-conexion-xt60-comprar-barato-1.jpg\",\"contentUrl\":\"https:\\\/\\\/iha-race.com\\\/wp-content\\\/uploads\\\/2018\\\/07\\\/adaptador-conexion-bateria-t-conexion-xt60-comprar-barato-1.jpg\",\"width\":800,\"height\":800},{\"@type\":\"BreadcrumbList\",\"@id\":\"https:\\\/\\\/iha-race.com\\\/de\\\/producto\\\/adapter-batterie-anschluss-batterie-in-batterie-anschluss-xt60-golden-bank\\\/#breadcrumb\",\"itemListElement\":[{\"@type\":\"ListItem\",\"position\":1,\"name\":\"Portada\",\"item\":\"https:\\\/\\\/iha-race.com\\\/de\\\/elementor-499\\\/\"},{\"@type\":\"ListItem\",\"position\":2,\"name\":\"Shop\",\"item\":\"https:\\\/\\\/iha-race.com\\\/de\\\/shop\\\/\"},{\"@type\":\"ListItem\",\"position\":3,\"name\":\"Batterie T-Verbindung zu XT60 Gold Plated Adapter\"}]},{\"@type\":\"WebSite\",\"@id\":\"https:\\\/\\\/iha-race.com\\\/de\\\/#website\",\"url\":\"https:\\\/\\\/iha-race.com\\\/de\\\/\",\"name\":\"Iha Race\",\"description\":\"Comprar drones de carreras FPV env\u00edos en un d\u00eda desde Espa\u00f1a\",\"publisher\":{\"@id\":\"https:\\\/\\\/iha-race.com\\\/de\\\/#organization\"},\"potentialAction\":[{\"@type\":\"SearchAction\",\"target\":{\"@type\":\"EntryPoint\",\"urlTemplate\":\"https:\\\/\\\/iha-race.com\\\/de\\\/?s={search_term_string}\"},\"query-input\":{\"@type\":\"PropertyValueSpecification\",\"valueRequired\":true,\"valueName\":\"search_term_string\"}}],\"inLanguage\":\"de\"},{\"@type\":\"Organization\",\"@id\":\"https:\\\/\\\/iha-race.com\\\/de\\\/#organization\",\"name\":\"Iha Race\",\"url\":\"https:\\\/\\\/iha-race.com\\\/de\\\/\",\"logo\":{\"@type\":\"ImageObject\",\"inLanguage\":\"de\",\"@id\":\"https:\\\/\\\/iha-race.com\\\/de\\\/#\\\/schema\\\/logo\\\/image\\\/\",\"url\":\"https:\\\/\\\/iha-race.com\\\/wp-content\\\/uploads\\\/2018\\\/07\\\/iha-race-drones-de-carreras-tienda-comprar-drones.png\",\"contentUrl\":\"https:\\\/\\\/iha-race.com\\\/wp-content\\\/uploads\\\/2018\\\/07\\\/iha-race-drones-de-carreras-tienda-comprar-drones.png\",\"width\":300,\"height\":100,\"caption\":\"Iha Race\"},\"image\":{\"@id\":\"https:\\\/\\\/iha-race.com\\\/de\\\/#\\\/schema\\\/logo\\\/image\\\/\"}}]}<\/script>\n<!-- \/ Yoast SEO plugin. -->","yoast_head_json":{"title":"Batterie T-Verbindung zu XT60 Gold Plated Adapter - Iha Race","robots":{"index":"noindex","follow":"follow"},"og_locale":"de_DE","og_type":"article","og_title":"Batterie T-Verbindung zu XT60 Gold Plated Adapter - Iha Race","og_description":"Batterie T-Verbindung zu XT60 Gold Plated Adapter Der Adapter verwendet vergoldete Kontakte, insbesondere die elektrischen Anschl\u00fcsse haben einen geringen Widerstand. In unserem Sortiment haben wir nur Qualit\u00e4tsprodukte. Wir legen gro\u00dfen","og_url":"https:\/\/iha-race.com\/de\/producto\/adapter-batterie-anschluss-batterie-in-batterie-anschluss-xt60-golden-bank\/","og_site_name":"Iha Race","article_modified_time":"2026-03-22T17:27:20+00:00","og_image":[{"width":800,"height":800,"url":"https:\/\/iha-race.com\/wp-content\/uploads\/2018\/07\/adaptador-conexion-bateria-t-conexion-xt60-comprar-barato-1.jpg","type":"image\/jpeg"}],"twitter_card":"summary_large_image","twitter_misc":{"Gesch\u00e4tzte Lesezeit":"1\u00a0Minute"},"schema":{"@context":"https:\/\/schema.org","@graph":[{"@type":"WebPage","@id":"https:\/\/iha-race.com\/de\/producto\/adapter-batterie-anschluss-batterie-in-batterie-anschluss-xt60-golden-bank\/","url":"https:\/\/iha-race.com\/de\/producto\/adapter-batterie-anschluss-batterie-in-batterie-anschluss-xt60-golden-bank\/","name":"Batterie T-Verbindung zu XT60 Gold Plated Adapter - Iha Race","isPartOf":{"@id":"https:\/\/iha-race.com\/de\/#website"},"primaryImageOfPage":{"@id":"https:\/\/iha-race.com\/de\/producto\/adapter-batterie-anschluss-batterie-in-batterie-anschluss-xt60-golden-bank\/#primaryimage"},"image":{"@id":"https:\/\/iha-race.com\/de\/producto\/adapter-batterie-anschluss-batterie-in-batterie-anschluss-xt60-golden-bank\/#primaryimage"},"thumbnailUrl":"https:\/\/iha-race.com\/wp-content\/uploads\/2018\/07\/adaptador-conexion-bateria-t-conexion-xt60-comprar-barato-1.jpg","datePublished":"2018-07-14T13:07:09+00:00","dateModified":"2026-03-22T17:27:20+00:00","breadcrumb":{"@id":"https:\/\/iha-race.com\/de\/producto\/adapter-batterie-anschluss-batterie-in-batterie-anschluss-xt60-golden-bank\/#breadcrumb"},"inLanguage":"de","potentialAction":[{"@type":"ReadAction","target":["https:\/\/iha-race.com\/de\/producto\/adapter-batterie-anschluss-batterie-in-batterie-anschluss-xt60-golden-bank\/"]}]},{"@type":"ImageObject","inLanguage":"de","@id":"https:\/\/iha-race.com\/de\/producto\/adapter-batterie-anschluss-batterie-in-batterie-anschluss-xt60-golden-bank\/#primaryimage","url":"https:\/\/iha-race.com\/wp-content\/uploads\/2018\/07\/adaptador-conexion-bateria-t-conexion-xt60-comprar-barato-1.jpg","contentUrl":"https:\/\/iha-race.com\/wp-content\/uploads\/2018\/07\/adaptador-conexion-bateria-t-conexion-xt60-comprar-barato-1.jpg","width":800,"height":800},{"@type":"BreadcrumbList","@id":"https:\/\/iha-race.com\/de\/producto\/adapter-batterie-anschluss-batterie-in-batterie-anschluss-xt60-golden-bank\/#breadcrumb","itemListElement":[{"@type":"ListItem","position":1,"name":"Portada","item":"https:\/\/iha-race.com\/de\/elementor-499\/"},{"@type":"ListItem","position":2,"name":"Shop","item":"https:\/\/iha-race.com\/de\/shop\/"},{"@type":"ListItem","position":3,"name":"Batterie T-Verbindung zu XT60 Gold Plated Adapter"}]},{"@type":"WebSite","@id":"https:\/\/iha-race.com\/de\/#website","url":"https:\/\/iha-race.com\/de\/","name":"Iha Race","description":"Comprar drones de carreras FPV env\u00edos en un d\u00eda desde Espa\u00f1a","publisher":{"@id":"https:\/\/iha-race.com\/de\/#organization"},"potentialAction":[{"@type":"SearchAction","target":{"@type":"EntryPoint","urlTemplate":"https:\/\/iha-race.com\/de\/?s={search_term_string}"},"query-input":{"@type":"PropertyValueSpecification","valueRequired":true,"valueName":"search_term_string"}}],"inLanguage":"de"},{"@type":"Organization","@id":"https:\/\/iha-race.com\/de\/#organization","name":"Iha Race","url":"https:\/\/iha-race.com\/de\/","logo":{"@type":"ImageObject","inLanguage":"de","@id":"https:\/\/iha-race.com\/de\/#\/schema\/logo\/image\/","url":"https:\/\/iha-race.com\/wp-content\/uploads\/2018\/07\/iha-race-drones-de-carreras-tienda-comprar-drones.png","contentUrl":"https:\/\/iha-race.com\/wp-content\/uploads\/2018\/07\/iha-race-drones-de-carreras-tienda-comprar-drones.png","width":300,"height":100,"caption":"Iha Race"},"image":{"@id":"https:\/\/iha-race.com\/de\/#\/schema\/logo\/image\/"}}]}},"brands":[{"id":3903,"name":"Yukimodell","slug":"yukimodell"}],"_links":{"self":[{"href":"https:\/\/iha-race.com\/de\/wp-json\/wp\/v2\/product\/207272","targetHints":{"allow":["GET"]}}],"collection":[{"href":"https:\/\/iha-race.com\/de\/wp-json\/wp\/v2\/product"}],"about":[{"href":"https:\/\/iha-race.com\/de\/wp-json\/wp\/v2\/types\/product"}],"replies":[{"embeddable":true,"href":"https:\/\/iha-race.com\/de\/wp-json\/wp\/v2\/comments?post=207272"}],"version-history":[{"count":1,"href":"https:\/\/iha-race.com\/de\/wp-json\/wp\/v2\/product\/207272\/revisions"}],"predecessor-version":[{"id":250874,"href":"https:\/\/iha-race.com\/de\/wp-json\/wp\/v2\/product\/207272\/revisions\/250874"}],"wp:featuredmedia":[{"embeddable":true,"href":"https:\/\/iha-race.com\/de\/wp-json\/wp\/v2\/media\/125076"}],"wp:attachment":[{"href":"https:\/\/iha-race.com\/de\/wp-json\/wp\/v2\/media?parent=207272"}],"wp:term":[{"taxonomy":"pwb-brand","embeddable":true,"href":"https:\/\/iha-race.com\/de\/wp-json\/wp\/v2\/pwb-brand?post=207272"},{"taxonomy":"product_cat","embeddable":true,"href":"https:\/\/iha-race.com\/de\/wp-json\/wp\/v2\/product_cat?post=207272"},{"taxonomy":"product_tag","embeddable":true,"href":"https:\/\/iha-race.com\/de\/wp-json\/wp\/v2\/product_tag?post=207272"}],"curies":[{"name":"wp","href":"https:\/\/api.w.org\/{rel}","templated":true}]}}