{"id":207271,"date":"2018-07-13T16:09:14","date_gmt":"2018-07-13T14:09:14","guid":{"rendered":"https:\/\/iha-race.com\/producto\/tattu-450mah-11-1v-75c-3s1p-tattu-akku-mit-xt30-anschluss\/"},"modified":"2024-08-11T18:39:29","modified_gmt":"2024-08-11T16:39:29","slug":"bateria-tattu-450mah-11-1v-75c-3s1p-con-conector-xt30","status":"publish","type":"product","link":"https:\/\/iha-race.com\/de\/producto\/bateria-tattu-450mah-11-1v-75c-3s1p-con-conector-xt30\/","title":{"rendered":"Tattu 450mAh 11.1V 75C 3S1P Tattu Akku mit XT30 Anschluss"},"content":{"rendered":"<h3>Tattu 450mAh 11.1V 75C 3S1P Tattu Akku mit XT30 Anschluss<\/h3>\n<p>  Alle Tattu LiPos sind mit vibrations- und feuerfesten Materialien verpackt. Unsere Deluxe-Akkubox sorgt daf\u00fcr, dass Sie Ihren Akku in perfektem Zustand erhalten. Ein automatisches Verfahren und das auf den Prozess abgestimmte Batteriezellen-Computersystem gew\u00e4hrleisten die Stabilit\u00e4t und Qualit\u00e4t der Batterien. Die urspr\u00fcngliche Gens Ace Serie, TATTU, ist spezialisiert auf den UAV und UAS Markt, f\u00fcr seine industrielle Qualit\u00e4t (da Gens Ace im Hobbybereich angesiedelt ist), sein Motto &#8220;weniger ist mehr&#8221;, &#8220;mehr&#8221; bedeutet mehr Flugzeit, mehr Spa\u00df und mehr Zufriedenheit, und &#8220;weniger&#8221; bedeutet weniger Gewicht, einfaches Design. Tattu entwickelt seine Produkte immer nach diesen beiden Richtungen, die ihm eine hohe Qualit\u00e4t der Batterie verleihen. Bemerkenswerte Stacking-Technologie erm\u00f6glicht Einzelzellenkapazit\u00e4ten von 450 mAhHohe Entladeleistung und hohe Energiedichte. Lithium-Polymer-Rohstoffe aus Japan und Korea versorgen Tattu-Batterien mit hochwertiger Energie.  <\/p>\n<h2>Spezifikationen:<\/h2>\n<ul>\n<li>Produkttyp: Lipo-Akkupack<\/li>\n<li>Kapazit\u00e4t: 450mAh<\/li>\n<li>Spannung: 11,1V<\/li>\n<li>Maximale Dauerentladung: 75C (33,75A)<\/li>\n<li>Maximale Sto\u00dfentladung: 150C (67,5A)<\/li>\n<li>Gewicht: 42g<\/li>\n<li>Abmessungen: 45 * 24 * 21mm<\/li>\n<li>Ausgleichsstecker: JST-XHR<\/li>\n<li>Entladungsstecker: XT-30<\/li>\n<li>Laderate: 1-3C empfohlen, 5C maximal<\/li>\n<\/ul>\n","protected":false},"excerpt":{"rendered":"<p>Tattu 450mAh 11.1V 75C 3S1P Tattu Akku mit XT30 Anschluss Alle Tattu LiPos sind mit vibrations- und feuerfesten Materialien verpackt. Unsere Deluxe-Akkubox sorgt daf\u00fcr, dass Sie Ihren Akku in perfektem<\/p>\n","protected":false},"featured_media":124888,"comment_status":"open","ping_status":"closed","template":"","meta":{"_joinchat":[]},"pwb-brand":[],"product_cat":[2501,2503],"product_tag":[],"class_list":{"0":"post-207271","1":"product","2":"type-product","3":"status-publish","4":"has-post-thumbnail","6":"product_cat-fpv-akkus","7":"product_cat-s3-de","9":"first","10":"instock","11":"taxable","12":"shipping-taxable","13":"purchasable","14":"product-type-variable"},"barcode":null,"atum_controlled":true,"out_stock_date":null,"out_stock_threshold":null,"inheritable":true,"stock_on_hold":0,"sold_today":2,"sales_last_days":2,"out_stock_days":1176,"lost_sales":0,"update_date":"2026-04-18T09:34:38","atum_locations":[],"atum_stock_status":"instock","restock_status":true,"low_stock_amount":"","sales_update_date":"2026-04-18T09:34:38","calc_backorders":null,"yoast_head":"<!-- This site is optimized with the Yoast SEO plugin v27.3 - https:\/\/yoast.com\/product\/yoast-seo-wordpress\/ -->\n<title>Tattu 450mAh 11.1V 75C 3S1P Tattu Akku mit XT30 Anschluss - Iha Race<\/title>\n<meta name=\"robots\" content=\"index, follow, max-snippet:-1, max-image-preview:large, max-video-preview:-1\" \/>\n<link rel=\"canonical\" href=\"https:\/\/iha-race.com\/de\/producto\/bateria-tattu-450mah-11-1v-75c-3s1p-con-conector-xt30\/\" \/>\n<meta property=\"og:locale\" content=\"de_DE\" \/>\n<meta property=\"og:type\" content=\"article\" \/>\n<meta property=\"og:title\" content=\"Tattu 450mAh 11.1V 75C 3S1P Tattu Akku mit XT30 Anschluss - Iha Race\" \/>\n<meta property=\"og:description\" content=\"Tattu 450mAh 11.1V 75C 3S1P Tattu Akku mit XT30 Anschluss Alle Tattu LiPos sind mit vibrations- und feuerfesten Materialien verpackt. Unsere Deluxe-Akkubox sorgt daf\u00fcr, dass Sie Ihren Akku in perfektem\" \/>\n<meta property=\"og:url\" content=\"https:\/\/iha-race.com\/de\/producto\/bateria-tattu-450mah-11-1v-75c-3s1p-con-conector-xt30\/\" \/>\n<meta property=\"og:site_name\" content=\"Iha Race\" \/>\n<meta property=\"article:modified_time\" content=\"2024-08-11T16:39:29+00:00\" \/>\n<meta property=\"og:image\" content=\"https:\/\/iha-race.com\/wp-content\/uploads\/2018\/07\/tattu-450mah-11-1v-75c-3s1p-bateria-lipo-xt30-1.jpg\" \/>\n\t<meta property=\"og:image:width\" content=\"800\" \/>\n\t<meta property=\"og:image:height\" content=\"800\" \/>\n\t<meta property=\"og:image:type\" content=\"image\/jpeg\" \/>\n<meta name=\"twitter:card\" content=\"summary_large_image\" \/>\n<meta name=\"twitter:label1\" content=\"Gesch\u00e4tzte Lesezeit\" \/>\n\t<meta name=\"twitter:data1\" content=\"1\u00a0Minute\" \/>\n<script type=\"application\/ld+json\" class=\"yoast-schema-graph\">{\"@context\":\"https:\\\/\\\/schema.org\",\"@graph\":[{\"@type\":\"WebPage\",\"@id\":\"https:\\\/\\\/iha-race.com\\\/de\\\/producto\\\/bateria-tattu-450mah-11-1v-75c-3s1p-con-conector-xt30\\\/\",\"url\":\"https:\\\/\\\/iha-race.com\\\/de\\\/producto\\\/bateria-tattu-450mah-11-1v-75c-3s1p-con-conector-xt30\\\/\",\"name\":\"Tattu 450mAh 11.1V 75C 3S1P Tattu Akku mit XT30 Anschluss - Iha Race\",\"isPartOf\":{\"@id\":\"https:\\\/\\\/iha-race.com\\\/de\\\/#website\"},\"primaryImageOfPage\":{\"@id\":\"https:\\\/\\\/iha-race.com\\\/de\\\/producto\\\/bateria-tattu-450mah-11-1v-75c-3s1p-con-conector-xt30\\\/#primaryimage\"},\"image\":{\"@id\":\"https:\\\/\\\/iha-race.com\\\/de\\\/producto\\\/bateria-tattu-450mah-11-1v-75c-3s1p-con-conector-xt30\\\/#primaryimage\"},\"thumbnailUrl\":\"https:\\\/\\\/iha-race.com\\\/wp-content\\\/uploads\\\/2018\\\/07\\\/tattu-450mah-11-1v-75c-3s1p-bateria-lipo-xt30-1.jpg\",\"datePublished\":\"2018-07-13T14:09:14+00:00\",\"dateModified\":\"2024-08-11T16:39:29+00:00\",\"breadcrumb\":{\"@id\":\"https:\\\/\\\/iha-race.com\\\/de\\\/producto\\\/bateria-tattu-450mah-11-1v-75c-3s1p-con-conector-xt30\\\/#breadcrumb\"},\"inLanguage\":\"de\",\"potentialAction\":[{\"@type\":\"ReadAction\",\"target\":[\"https:\\\/\\\/iha-race.com\\\/de\\\/producto\\\/bateria-tattu-450mah-11-1v-75c-3s1p-con-conector-xt30\\\/\"]}]},{\"@type\":\"ImageObject\",\"inLanguage\":\"de\",\"@id\":\"https:\\\/\\\/iha-race.com\\\/de\\\/producto\\\/bateria-tattu-450mah-11-1v-75c-3s1p-con-conector-xt30\\\/#primaryimage\",\"url\":\"https:\\\/\\\/iha-race.com\\\/wp-content\\\/uploads\\\/2018\\\/07\\\/tattu-450mah-11-1v-75c-3s1p-bateria-lipo-xt30-1.jpg\",\"contentUrl\":\"https:\\\/\\\/iha-race.com\\\/wp-content\\\/uploads\\\/2018\\\/07\\\/tattu-450mah-11-1v-75c-3s1p-bateria-lipo-xt30-1.jpg\",\"width\":800,\"height\":800},{\"@type\":\"BreadcrumbList\",\"@id\":\"https:\\\/\\\/iha-race.com\\\/de\\\/producto\\\/bateria-tattu-450mah-11-1v-75c-3s1p-con-conector-xt30\\\/#breadcrumb\",\"itemListElement\":[{\"@type\":\"ListItem\",\"position\":1,\"name\":\"Portada\",\"item\":\"https:\\\/\\\/iha-race.com\\\/de\\\/elementor-499\\\/\"},{\"@type\":\"ListItem\",\"position\":2,\"name\":\"Shop\",\"item\":\"https:\\\/\\\/iha-race.com\\\/de\\\/shop\\\/\"},{\"@type\":\"ListItem\",\"position\":3,\"name\":\"Tattu 450mAh 11.1V 75C 3S1P Tattu Akku mit XT30 Anschluss\"}]},{\"@type\":\"WebSite\",\"@id\":\"https:\\\/\\\/iha-race.com\\\/de\\\/#website\",\"url\":\"https:\\\/\\\/iha-race.com\\\/de\\\/\",\"name\":\"Iha Race\",\"description\":\"Comprar drones de carreras FPV env\u00edos en un d\u00eda desde Espa\u00f1a\",\"publisher\":{\"@id\":\"https:\\\/\\\/iha-race.com\\\/de\\\/#organization\"},\"potentialAction\":[{\"@type\":\"SearchAction\",\"target\":{\"@type\":\"EntryPoint\",\"urlTemplate\":\"https:\\\/\\\/iha-race.com\\\/de\\\/?s={search_term_string}\"},\"query-input\":{\"@type\":\"PropertyValueSpecification\",\"valueRequired\":true,\"valueName\":\"search_term_string\"}}],\"inLanguage\":\"de\"},{\"@type\":\"Organization\",\"@id\":\"https:\\\/\\\/iha-race.com\\\/de\\\/#organization\",\"name\":\"Iha Race\",\"url\":\"https:\\\/\\\/iha-race.com\\\/de\\\/\",\"logo\":{\"@type\":\"ImageObject\",\"inLanguage\":\"de\",\"@id\":\"https:\\\/\\\/iha-race.com\\\/de\\\/#\\\/schema\\\/logo\\\/image\\\/\",\"url\":\"https:\\\/\\\/iha-race.com\\\/wp-content\\\/uploads\\\/2018\\\/07\\\/iha-race-drones-de-carreras-tienda-comprar-drones.png\",\"contentUrl\":\"https:\\\/\\\/iha-race.com\\\/wp-content\\\/uploads\\\/2018\\\/07\\\/iha-race-drones-de-carreras-tienda-comprar-drones.png\",\"width\":300,\"height\":100,\"caption\":\"Iha Race\"},\"image\":{\"@id\":\"https:\\\/\\\/iha-race.com\\\/de\\\/#\\\/schema\\\/logo\\\/image\\\/\"}}]}<\/script>\n<!-- \/ Yoast SEO plugin. -->","yoast_head_json":{"title":"Tattu 450mAh 11.1V 75C 3S1P Tattu Akku mit XT30 Anschluss - Iha Race","robots":{"index":"index","follow":"follow","max-snippet":"max-snippet:-1","max-image-preview":"max-image-preview:large","max-video-preview":"max-video-preview:-1"},"canonical":"https:\/\/iha-race.com\/de\/producto\/bateria-tattu-450mah-11-1v-75c-3s1p-con-conector-xt30\/","og_locale":"de_DE","og_type":"article","og_title":"Tattu 450mAh 11.1V 75C 3S1P Tattu Akku mit XT30 Anschluss - Iha Race","og_description":"Tattu 450mAh 11.1V 75C 3S1P Tattu Akku mit XT30 Anschluss Alle Tattu LiPos sind mit vibrations- und feuerfesten Materialien verpackt. Unsere Deluxe-Akkubox sorgt daf\u00fcr, dass Sie Ihren Akku in perfektem","og_url":"https:\/\/iha-race.com\/de\/producto\/bateria-tattu-450mah-11-1v-75c-3s1p-con-conector-xt30\/","og_site_name":"Iha Race","article_modified_time":"2024-08-11T16:39:29+00:00","og_image":[{"width":800,"height":800,"url":"https:\/\/iha-race.com\/wp-content\/uploads\/2018\/07\/tattu-450mah-11-1v-75c-3s1p-bateria-lipo-xt30-1.jpg","type":"image\/jpeg"}],"twitter_card":"summary_large_image","twitter_misc":{"Gesch\u00e4tzte Lesezeit":"1\u00a0Minute"},"schema":{"@context":"https:\/\/schema.org","@graph":[{"@type":"WebPage","@id":"https:\/\/iha-race.com\/de\/producto\/bateria-tattu-450mah-11-1v-75c-3s1p-con-conector-xt30\/","url":"https:\/\/iha-race.com\/de\/producto\/bateria-tattu-450mah-11-1v-75c-3s1p-con-conector-xt30\/","name":"Tattu 450mAh 11.1V 75C 3S1P Tattu Akku mit XT30 Anschluss - Iha Race","isPartOf":{"@id":"https:\/\/iha-race.com\/de\/#website"},"primaryImageOfPage":{"@id":"https:\/\/iha-race.com\/de\/producto\/bateria-tattu-450mah-11-1v-75c-3s1p-con-conector-xt30\/#primaryimage"},"image":{"@id":"https:\/\/iha-race.com\/de\/producto\/bateria-tattu-450mah-11-1v-75c-3s1p-con-conector-xt30\/#primaryimage"},"thumbnailUrl":"https:\/\/iha-race.com\/wp-content\/uploads\/2018\/07\/tattu-450mah-11-1v-75c-3s1p-bateria-lipo-xt30-1.jpg","datePublished":"2018-07-13T14:09:14+00:00","dateModified":"2024-08-11T16:39:29+00:00","breadcrumb":{"@id":"https:\/\/iha-race.com\/de\/producto\/bateria-tattu-450mah-11-1v-75c-3s1p-con-conector-xt30\/#breadcrumb"},"inLanguage":"de","potentialAction":[{"@type":"ReadAction","target":["https:\/\/iha-race.com\/de\/producto\/bateria-tattu-450mah-11-1v-75c-3s1p-con-conector-xt30\/"]}]},{"@type":"ImageObject","inLanguage":"de","@id":"https:\/\/iha-race.com\/de\/producto\/bateria-tattu-450mah-11-1v-75c-3s1p-con-conector-xt30\/#primaryimage","url":"https:\/\/iha-race.com\/wp-content\/uploads\/2018\/07\/tattu-450mah-11-1v-75c-3s1p-bateria-lipo-xt30-1.jpg","contentUrl":"https:\/\/iha-race.com\/wp-content\/uploads\/2018\/07\/tattu-450mah-11-1v-75c-3s1p-bateria-lipo-xt30-1.jpg","width":800,"height":800},{"@type":"BreadcrumbList","@id":"https:\/\/iha-race.com\/de\/producto\/bateria-tattu-450mah-11-1v-75c-3s1p-con-conector-xt30\/#breadcrumb","itemListElement":[{"@type":"ListItem","position":1,"name":"Portada","item":"https:\/\/iha-race.com\/de\/elementor-499\/"},{"@type":"ListItem","position":2,"name":"Shop","item":"https:\/\/iha-race.com\/de\/shop\/"},{"@type":"ListItem","position":3,"name":"Tattu 450mAh 11.1V 75C 3S1P Tattu Akku mit XT30 Anschluss"}]},{"@type":"WebSite","@id":"https:\/\/iha-race.com\/de\/#website","url":"https:\/\/iha-race.com\/de\/","name":"Iha Race","description":"Comprar drones de carreras FPV env\u00edos en un d\u00eda desde Espa\u00f1a","publisher":{"@id":"https:\/\/iha-race.com\/de\/#organization"},"potentialAction":[{"@type":"SearchAction","target":{"@type":"EntryPoint","urlTemplate":"https:\/\/iha-race.com\/de\/?s={search_term_string}"},"query-input":{"@type":"PropertyValueSpecification","valueRequired":true,"valueName":"search_term_string"}}],"inLanguage":"de"},{"@type":"Organization","@id":"https:\/\/iha-race.com\/de\/#organization","name":"Iha Race","url":"https:\/\/iha-race.com\/de\/","logo":{"@type":"ImageObject","inLanguage":"de","@id":"https:\/\/iha-race.com\/de\/#\/schema\/logo\/image\/","url":"https:\/\/iha-race.com\/wp-content\/uploads\/2018\/07\/iha-race-drones-de-carreras-tienda-comprar-drones.png","contentUrl":"https:\/\/iha-race.com\/wp-content\/uploads\/2018\/07\/iha-race-drones-de-carreras-tienda-comprar-drones.png","width":300,"height":100,"caption":"Iha Race"},"image":{"@id":"https:\/\/iha-race.com\/de\/#\/schema\/logo\/image\/"}}]}},"brands":[],"_links":{"self":[{"href":"https:\/\/iha-race.com\/de\/wp-json\/wp\/v2\/product\/207271","targetHints":{"allow":["GET"]}}],"collection":[{"href":"https:\/\/iha-race.com\/de\/wp-json\/wp\/v2\/product"}],"about":[{"href":"https:\/\/iha-race.com\/de\/wp-json\/wp\/v2\/types\/product"}],"replies":[{"embeddable":true,"href":"https:\/\/iha-race.com\/de\/wp-json\/wp\/v2\/comments?post=207271"}],"version-history":[{"count":2,"href":"https:\/\/iha-race.com\/de\/wp-json\/wp\/v2\/product\/207271\/revisions"}],"predecessor-version":[{"id":248012,"href":"https:\/\/iha-race.com\/de\/wp-json\/wp\/v2\/product\/207271\/revisions\/248012"}],"wp:featuredmedia":[{"embeddable":true,"href":"https:\/\/iha-race.com\/de\/wp-json\/wp\/v2\/media\/124888"}],"wp:attachment":[{"href":"https:\/\/iha-race.com\/de\/wp-json\/wp\/v2\/media?parent=207271"}],"wp:term":[{"taxonomy":"pwb-brand","embeddable":true,"href":"https:\/\/iha-race.com\/de\/wp-json\/wp\/v2\/pwb-brand?post=207271"},{"taxonomy":"product_cat","embeddable":true,"href":"https:\/\/iha-race.com\/de\/wp-json\/wp\/v2\/product_cat?post=207271"},{"taxonomy":"product_tag","embeddable":true,"href":"https:\/\/iha-race.com\/de\/wp-json\/wp\/v2\/product_tag?post=207271"}],"curies":[{"name":"wp","href":"https:\/\/api.w.org\/{rel}","templated":true}]}}