{"id":207320,"date":"2020-02-04T09:04:27","date_gmt":"2020-02-04T08:04:27","guid":{"rendered":"https:\/\/iha-race.com\/zahlungsmodalitaeten\/"},"modified":"2022-10-06T12:42:06","modified_gmt":"2022-10-06T10:42:06","slug":"zahlungsmodalitaeten","status":"publish","type":"page","link":"https:\/\/iha-race.com\/de\/zahlungsmodalitaeten\/","title":{"rendered":"Zahlungsmodalit\u00e4ten"},"content":{"rendered":"\n<p>Bei der Bestellung kann der Kunde w\u00e4hlen, ob er die bei IHASL get\u00e4tigten Eink\u00e4ufe per Kreditkarte bezahlen m\u00f6chte:<\/p>\n\n<ul class=\"wp-block-list\"><li><strong>Kreditkarte<\/strong> (geb\u00fchrenfrei)<\/li><li><strong>Paypal-Konto<\/strong>. (Zus\u00e4tzliche Kosten von 2,5% des Kaufpreises)<\/li><li><strong>Bank\u00fcberweisung<\/strong>. (Keine zus\u00e4tzlichen Kosten)<\/li><li><strong>Lieferung per Nachnahme.  <\/strong>Nur in Spanien und Portugal (Mindestkosten von 3 \u20ac und ab 100 \u20ac 3 % bis zu einem H\u00f6chstbetrag von 55 \u20ac) werden diese Kosten von der Inkassofirma \u00fcbernommen, und die IHASL erh\u00e4lt daf\u00fcr keine Vorteile.<\/li><li>Fraktionieren Sie Ihre Zahlung mit SeQuraFraktionieren Sie Ihre Zahlung in 3, 6 oder 12 monatlichen Raten. Unmittelbar, papierlos und mit nur einem festen Betrag pro Rate.<strong>Wie funktioniert das?<\/strong>Sie k\u00f6nnen Ihre Bestellung auch jederzeit ohne zus\u00e4tzliche Kosten in voller H\u00f6he bezahlen.<strong>Wie viel kostet diese Dienstleistung?<\/strong><em>Die Kosten f\u00fcr diesen Service liegen zwischen 3 \u20ac und 27 \u20ac pro Rate, je nach H\u00f6he der Bestellung. Es fallen keine Zinsen und keine zus\u00e4tzlichen Zahlungen an.<\/em><a href=\"https:\/\/www.sequra.es\/preguntas-frecuentes.html\" target=\"_blank\" rel=\"noreferrer noopener\">Ich habe noch mehr Fragen<\/a><ol><li>W\u00e4hlen Sie bei Ihrer Bestellung SeQura Ratenzahlung und zahlen Sie nur die erste Rate.<\/li><li>Sie erhalten Ihre Bestellung.<\/li><li>Alle anderen Zahlungen werden automatisch von Ihrer Karte abgebucht.<\/li><\/ol><\/li><li>Erst empfangen, dann bezahlenWie<strong>funktioniert das?<\/strong><strong>Keine zus\u00e4tzlichen Kosten.<\/strong><a href=\"https:\/\/www.sequra.es\/preguntas-frecuentes.html\" target=\"_blank\" rel=\"noreferrer noopener\">Ich habe noch mehr Fragen<\/a><ol><li>W\u00e4hlen Sie diese Option bei der Bestellung, es ist keine Karte erforderlich.<\/li><li><strong>Heben Sie es auf und \u00fcberpr\u00fcfen Sie Ihren Einkauf.<\/strong><\/li><li>Sie haben bis zu 7 Tage nach Versand Zeit, um zu bezahlen.<\/li><\/ol><\/li><\/ul>\n","protected":false},"excerpt":{"rendered":"<p>Bei der Bestellung kann der Kunde w\u00e4hlen, ob er die bei IHASL get\u00e4tigten Eink\u00e4ufe per Kreditkarte bezahlen m\u00f6chte: Kreditkarte (geb\u00fchrenfrei) Paypal-Konto. (Zus\u00e4tzliche Kosten von 2,5% des Kaufpreises) Bank\u00fcberweisung. (Keine zus\u00e4tzlichen<\/p>\n","protected":false},"author":1,"featured_media":0,"parent":0,"menu_order":0,"comment_status":"closed","ping_status":"closed","template":"","meta":{"_joinchat":[],"footnotes":""},"class_list":["post-207320","page","type-page","status-publish","hentry"],"yoast_head":"<!-- This site is optimized with the Yoast SEO plugin v27.3 - https:\/\/yoast.com\/product\/yoast-seo-wordpress\/ -->\n<title>Zahlungsmodalit\u00e4ten - Iha Race<\/title>\n<meta name=\"robots\" content=\"noindex, follow\" \/>\n<meta property=\"og:locale\" content=\"de_DE\" \/>\n<meta property=\"og:type\" content=\"article\" \/>\n<meta property=\"og:title\" content=\"Zahlungsmodalit\u00e4ten - Iha Race\" \/>\n<meta property=\"og:description\" content=\"Bei der Bestellung kann der Kunde w\u00e4hlen, ob er die bei IHASL get\u00e4tigten Eink\u00e4ufe per Kreditkarte bezahlen m\u00f6chte: Kreditkarte (geb\u00fchrenfrei) Paypal-Konto. (Zus\u00e4tzliche Kosten von 2,5% des Kaufpreises) Bank\u00fcberweisung. (Keine zus\u00e4tzlichen\" \/>\n<meta property=\"og:url\" content=\"https:\/\/iha-race.com\/de\/zahlungsmodalitaeten\/\" \/>\n<meta property=\"og:site_name\" content=\"Iha Race\" \/>\n<meta property=\"article:modified_time\" content=\"2022-10-06T10:42:06+00:00\" \/>\n<meta name=\"twitter:card\" content=\"summary_large_image\" \/>\n<meta name=\"twitter:label1\" content=\"Gesch\u00e4tzte Lesezeit\" \/>\n\t<meta name=\"twitter:data1\" content=\"1\u00a0Minute\" \/>\n<script type=\"application\/ld+json\" class=\"yoast-schema-graph\">{\"@context\":\"https:\\\/\\\/schema.org\",\"@graph\":[{\"@type\":\"WebPage\",\"@id\":\"https:\\\/\\\/iha-race.com\\\/de\\\/zahlungsmodalitaeten\\\/\",\"url\":\"https:\\\/\\\/iha-race.com\\\/de\\\/zahlungsmodalitaeten\\\/\",\"name\":\"Zahlungsmodalit\u00e4ten - Iha Race\",\"isPartOf\":{\"@id\":\"https:\\\/\\\/iha-race.com\\\/de\\\/#website\"},\"datePublished\":\"2020-02-04T08:04:27+00:00\",\"dateModified\":\"2022-10-06T10:42:06+00:00\",\"breadcrumb\":{\"@id\":\"https:\\\/\\\/iha-race.com\\\/de\\\/zahlungsmodalitaeten\\\/#breadcrumb\"},\"inLanguage\":\"de\",\"potentialAction\":[{\"@type\":\"ReadAction\",\"target\":[\"https:\\\/\\\/iha-race.com\\\/de\\\/zahlungsmodalitaeten\\\/\"]}]},{\"@type\":\"BreadcrumbList\",\"@id\":\"https:\\\/\\\/iha-race.com\\\/de\\\/zahlungsmodalitaeten\\\/#breadcrumb\",\"itemListElement\":[{\"@type\":\"ListItem\",\"position\":1,\"name\":\"Portada\",\"item\":\"https:\\\/\\\/iha-race.com\\\/de\\\/elementor-499\\\/\"},{\"@type\":\"ListItem\",\"position\":2,\"name\":\"Zahlungsmodalit\u00e4ten\"}]},{\"@type\":\"WebSite\",\"@id\":\"https:\\\/\\\/iha-race.com\\\/de\\\/#website\",\"url\":\"https:\\\/\\\/iha-race.com\\\/de\\\/\",\"name\":\"Iha Race\",\"description\":\"Comprar drones de carreras FPV env\u00edos en un d\u00eda desde Espa\u00f1a\",\"publisher\":{\"@id\":\"https:\\\/\\\/iha-race.com\\\/de\\\/#organization\"},\"potentialAction\":[{\"@type\":\"SearchAction\",\"target\":{\"@type\":\"EntryPoint\",\"urlTemplate\":\"https:\\\/\\\/iha-race.com\\\/de\\\/?s={search_term_string}\"},\"query-input\":{\"@type\":\"PropertyValueSpecification\",\"valueRequired\":true,\"valueName\":\"search_term_string\"}}],\"inLanguage\":\"de\"},{\"@type\":\"Organization\",\"@id\":\"https:\\\/\\\/iha-race.com\\\/de\\\/#organization\",\"name\":\"Iha Race\",\"url\":\"https:\\\/\\\/iha-race.com\\\/de\\\/\",\"logo\":{\"@type\":\"ImageObject\",\"inLanguage\":\"de\",\"@id\":\"https:\\\/\\\/iha-race.com\\\/de\\\/#\\\/schema\\\/logo\\\/image\\\/\",\"url\":\"https:\\\/\\\/iha-race.com\\\/wp-content\\\/uploads\\\/2018\\\/07\\\/iha-race-drones-de-carreras-tienda-comprar-drones.png\",\"contentUrl\":\"https:\\\/\\\/iha-race.com\\\/wp-content\\\/uploads\\\/2018\\\/07\\\/iha-race-drones-de-carreras-tienda-comprar-drones.png\",\"width\":300,\"height\":100,\"caption\":\"Iha Race\"},\"image\":{\"@id\":\"https:\\\/\\\/iha-race.com\\\/de\\\/#\\\/schema\\\/logo\\\/image\\\/\"}}]}<\/script>\n<!-- \/ Yoast SEO plugin. -->","yoast_head_json":{"title":"Zahlungsmodalit\u00e4ten - Iha Race","robots":{"index":"noindex","follow":"follow"},"og_locale":"de_DE","og_type":"article","og_title":"Zahlungsmodalit\u00e4ten - Iha Race","og_description":"Bei der Bestellung kann der Kunde w\u00e4hlen, ob er die bei IHASL get\u00e4tigten Eink\u00e4ufe per Kreditkarte bezahlen m\u00f6chte: Kreditkarte (geb\u00fchrenfrei) Paypal-Konto. (Zus\u00e4tzliche Kosten von 2,5% des Kaufpreises) Bank\u00fcberweisung. (Keine zus\u00e4tzlichen","og_url":"https:\/\/iha-race.com\/de\/zahlungsmodalitaeten\/","og_site_name":"Iha Race","article_modified_time":"2022-10-06T10:42:06+00:00","twitter_card":"summary_large_image","twitter_misc":{"Gesch\u00e4tzte Lesezeit":"1\u00a0Minute"},"schema":{"@context":"https:\/\/schema.org","@graph":[{"@type":"WebPage","@id":"https:\/\/iha-race.com\/de\/zahlungsmodalitaeten\/","url":"https:\/\/iha-race.com\/de\/zahlungsmodalitaeten\/","name":"Zahlungsmodalit\u00e4ten - Iha Race","isPartOf":{"@id":"https:\/\/iha-race.com\/de\/#website"},"datePublished":"2020-02-04T08:04:27+00:00","dateModified":"2022-10-06T10:42:06+00:00","breadcrumb":{"@id":"https:\/\/iha-race.com\/de\/zahlungsmodalitaeten\/#breadcrumb"},"inLanguage":"de","potentialAction":[{"@type":"ReadAction","target":["https:\/\/iha-race.com\/de\/zahlungsmodalitaeten\/"]}]},{"@type":"BreadcrumbList","@id":"https:\/\/iha-race.com\/de\/zahlungsmodalitaeten\/#breadcrumb","itemListElement":[{"@type":"ListItem","position":1,"name":"Portada","item":"https:\/\/iha-race.com\/de\/elementor-499\/"},{"@type":"ListItem","position":2,"name":"Zahlungsmodalit\u00e4ten"}]},{"@type":"WebSite","@id":"https:\/\/iha-race.com\/de\/#website","url":"https:\/\/iha-race.com\/de\/","name":"Iha Race","description":"Comprar drones de carreras FPV env\u00edos en un d\u00eda desde Espa\u00f1a","publisher":{"@id":"https:\/\/iha-race.com\/de\/#organization"},"potentialAction":[{"@type":"SearchAction","target":{"@type":"EntryPoint","urlTemplate":"https:\/\/iha-race.com\/de\/?s={search_term_string}"},"query-input":{"@type":"PropertyValueSpecification","valueRequired":true,"valueName":"search_term_string"}}],"inLanguage":"de"},{"@type":"Organization","@id":"https:\/\/iha-race.com\/de\/#organization","name":"Iha Race","url":"https:\/\/iha-race.com\/de\/","logo":{"@type":"ImageObject","inLanguage":"de","@id":"https:\/\/iha-race.com\/de\/#\/schema\/logo\/image\/","url":"https:\/\/iha-race.com\/wp-content\/uploads\/2018\/07\/iha-race-drones-de-carreras-tienda-comprar-drones.png","contentUrl":"https:\/\/iha-race.com\/wp-content\/uploads\/2018\/07\/iha-race-drones-de-carreras-tienda-comprar-drones.png","width":300,"height":100,"caption":"Iha Race"},"image":{"@id":"https:\/\/iha-race.com\/de\/#\/schema\/logo\/image\/"}}]}},"jetpack_sharing_enabled":true,"_links":{"self":[{"href":"https:\/\/iha-race.com\/de\/wp-json\/wp\/v2\/pages\/207320","targetHints":{"allow":["GET"]}}],"collection":[{"href":"https:\/\/iha-race.com\/de\/wp-json\/wp\/v2\/pages"}],"about":[{"href":"https:\/\/iha-race.com\/de\/wp-json\/wp\/v2\/types\/page"}],"author":[{"embeddable":true,"href":"https:\/\/iha-race.com\/de\/wp-json\/wp\/v2\/users\/1"}],"replies":[{"embeddable":true,"href":"https:\/\/iha-race.com\/de\/wp-json\/wp\/v2\/comments?post=207320"}],"version-history":[{"count":1,"href":"https:\/\/iha-race.com\/de\/wp-json\/wp\/v2\/pages\/207320\/revisions"}],"predecessor-version":[{"id":207323,"href":"https:\/\/iha-race.com\/de\/wp-json\/wp\/v2\/pages\/207320\/revisions\/207323"}],"wp:attachment":[{"href":"https:\/\/iha-race.com\/de\/wp-json\/wp\/v2\/media?parent=207320"}],"curies":[{"name":"wp","href":"https:\/\/api.w.org\/{rel}","templated":true}]}}