{"id":207257,"date":"2018-07-16T10:19:18","date_gmt":"2018-07-16T08:19:18","guid":{"rendered":"https:\/\/iha-race.com\/beschaffungspolitik\/"},"modified":"2018-07-16T10:19:18","modified_gmt":"2018-07-16T08:19:18","slug":"beschaffungspolitik","status":"publish","type":"page","link":"https:\/\/iha-race.com\/de\/beschaffungspolitik\/","title":{"rendered":"Beschaffungspolitik"},"content":{"rendered":"<p style=\"text-align: justify;\"><strong>VERKAUFSBEDINGUNGEN<\/strong><\/p>\n<p style=\"text-align: justify;\"><strong>1- Allgemeiner Verkauf:<\/strong><\/p>\n<p style=\"text-align: justify;\">Diese allgemeinen Verkaufsbedingungen gelten ausschlie\u00dflich f\u00fcr alle Verk\u00e4ufe von Produkten, die in Spanien, einschlie\u00dflich der Kanarischen Inseln und der Balearen, von Industrial &amp; Hobby Aircraft, S.L., im Folgenden IHASL genannt, get\u00e4tigt werden.<\/p>\n<p style=\"text-align: justify;\">Jede Bestellung bei IHASL setzt als wesentliche, entscheidende und unabdingbare Bedingung die vorbehaltlose Annahme der Allgemeinen Verkaufsbedingungen durch den Kunden voraus, die an dem Tag gelten, an dem die entsprechende Bestellung aufgegeben wird. Dar\u00fcber hinaus erkennt der Kunde an, dass die Annahme dieser Bedingungen ihre Anwendung auf die Bestellung, auf die sie sich beziehen, sowie auf jede nachfolgende Bestellung impliziert, mit Ausnahme der F\u00e4lle, in denen er von IHASL auf neue Bedingungen aufmerksam gemacht wird.<\/p>\n<p style=\"text-align: justify;\"><strong>Anwendbares Recht und zust\u00e4ndige Gerichtsbarkeit.<\/strong> Die Auslegung und Ausf\u00fchrung der Bedingungen sowie alle Handlungen, die sich daraus ergeben, unterliegen dem <strong>spanischen Recht und der strikten Anwendung seiner Gesetze<\/strong>.<\/p>\n<p style=\"text-align: justify;\"><strong>2- Preise:<\/strong><\/p>\n<p style=\"text-align: justify;\">Die in der IHASL ver\u00f6ffentlichten Preise sind in Euro angegeben. Alle Preise verstehen sich inklusive der am Tag der Bestellung g\u00fcltigen Mehrwertsteuer. Jede \u00c4nderung des Mehrwertsteuersatzes wird automatisch auf die Preise der bei IHASL zum Verkauf stehenden Produkte angewendet. Kunden, sowohl Einzelpersonen als auch Unternehmen, die auf der Halbinsel und den Balearen ans\u00e4ssig sind, unterliegen der geltenden Mehrwertsteuer, Kunden auf den Kanarischen Inseln, Ceuta und Melilla sind von der Zahlung der Mehrwertsteuer ausgeschlossen. Kunden aus anderen L\u00e4ndern als Spanien, aber innerhalb der Europ\u00e4ischen Wirtschaftsgemeinschaft, sind verpflichtet, die zu diesem Zeitpunkt in Spanien geltende Mehrwertsteuer zu zahlen. Ausgenommen sind Unternehmen mit einer innergemeinschaftlichen MwSt.-Nummer, die von der Zahlung der MwSt. befreit sind und diesen Kauf in ihrem Land entsprechend ihrer geltenden MwSt. erkl\u00e4ren m\u00fcssen. Kunden aus dem Rest der Welt sind von der Mehrwertsteuer befreit. Bei jeder Bestellung gleicht das System die MwSt.-Nummer des Kunden mit der europ\u00e4ischen MIAS-Datenbank ab, um die MwSt.-Befreiungen f\u00fcr innergemeinschaftliche Verk\u00e4ufe anzuwenden.<\/p>\n<p style=\"text-align: justify;\">Angebote f\u00fcr Produkte, die auf IHASL zum Verkauf stehen, werden in der Rubrik &#8222;Angebote&#8220; angezeigt oder auf dem Produktblatt angegeben und sind, wenn nicht anders angegeben, so lange g\u00fcltig, wie sie auf dem Bildschirm angezeigt werden.<\/p>\n<p style=\"text-align: justify;\"><strong>3- Verschiedene Zahlungsmodalit\u00e4ten:<\/strong><\/p>\n<p style=\"text-align: justify;\">Bei der Bestellung kann der Kunde w\u00e4hlen, ob er die bei IHASL get\u00e4tigten Eink\u00e4ufe per Kreditkarte bezahlen m\u00f6chte:<\/p>\n<ul style=\"text-align: justify;\">\n<li><strong>Kreditkarte<\/strong> (geb\u00fchrenfrei)<\/li>\n<li><strong>Paypal-Konto<\/strong>. (Zus\u00e4tzliche Kosten von 2,5% des Kaufpreises)<\/li>\n<li><strong>Bank\u00fcberweisung<\/strong>. (Keine zus\u00e4tzlichen Kosten)<\/li>\n<li><strong>Lieferung per Nachnahme.  <\/strong>Nur Spanien und Portugal (Zahlung per Nachnahme, Kostenerstattung 2,4 %, mindestens 2,50 \u20ac). Diese Kosten werden von der Abholfirma \u00fcbernommen und IHASL macht keinen Gewinn daraus.<\/li>\n<li>\n<h3>In Raten zahlen mit SeQura<\/h3>\n<p>Zahlen Sie in 3, 6 oder 12 monatlichen Raten. Unmittelbar, papierlos und mit nur einem festen Betrag pro Rate.<\/p>\n<p><strong>Wie funktioniert das?<\/strong><\/p>\n<ol style=\"margin-left: 20px;\">\n<li>W\u00e4hlen Sie bei Ihrer Bestellung SeQura Ratenzahlung und zahlen Sie nur die erste Rate.<\/li>\n<li>Sie erhalten Ihre Bestellung.<\/li>\n<li>Alle anderen Zahlungen werden automatisch von Ihrer Karte abgebucht.<\/li>\n<\/ol>\n<p>Sie k\u00f6nnen Ihre Bestellung auch jederzeit ohne zus\u00e4tzliche Kosten in voller H\u00f6he bezahlen.<\/p>\n<p><strong>Wie viel kostet diese Dienstleistung?<\/strong><\/p>\n<p><i>Die Kosten f\u00fcr diesen Service liegen zwischen 3 \u20ac und 27 \u20ac pro Rate, je nach H\u00f6he der Bestellung. Es fallen keine Zinsen und keine zus\u00e4tzlichen Zahlungen an.<\/i><\/p>\n<p><a class=\"btn btn-default btn-small\" title=\"Sequra\" href=\"https:\/\/www.sequra.es\/preguntas-frecuentes.html\" target=\"_blank\" rel=\"noopener noreferrer\">Ich habe noch mehr Fragen<\/a><\/li>\n<li>\n<h3>Erst empfangen, dann zahlen<\/h3>\n<p><strong>Wie funktioniert das?<\/strong><\/p>\n<ol style=\"margin-left: 20px;\">\n<li>W\u00e4hlen Sie diese Option bei der Bestellung, es ist keine Karte erforderlich.<\/li>\n<li><strong>Heben Sie es auf und \u00fcberpr\u00fcfen Sie Ihren Einkauf.<\/strong><\/li>\n<li>Sie haben bis zu 7 Tage nach Versand Zeit, um zu bezahlen.<\/li>\n<\/ol>\n<p><strong>Keine zus\u00e4tzlichen Kosten.<\/strong><\/p>\n<p><a class=\"btn btn-default btn-small\" title=\"Sequra\" href=\"https:\/\/www.sequra.es\/preguntas-frecuentes.html\" target=\"_blank\" rel=\"noopener noreferrer\">Ich habe noch mehr Fragen<\/a><\/li>\n<\/ul>\n<p style=\"text-align: justify;\"><strong>4- Produkt:<\/strong><\/p>\n<p style=\"text-align: justify;\">Die von IHASL unterbreiteten Angebote sind nur im Rahmen der verf\u00fcgbaren Best\u00e4nde g\u00fcltig. IHASL beh\u00e4lt sich das Recht vor, die Produktpalette entsprechend den von den Lieferanten auferlegten Beschr\u00e4nkungen zu \u00e4ndern.<\/p>\n<p style=\"text-align: justify;\">Die Fotos, Grafiken und Beschreibungen der zum Verkauf angebotenen Produkte dienen nur zur Orientierung und k\u00f6nnen vom Produkthersteller leicht ver\u00e4ndert werden.<\/p>\n<p style=\"text-align: justify;\"><strong>5- Sendungen:<\/strong><\/p>\n<ol style=\"text-align: justify;\">\n<li>Die gekauften Produkte werden an die in der Bestellung angegebene Person und Adresse geliefert.<\/li>\n<li>Die Rechnungen werden standardm\u00e4\u00dfig an die E-Mail-Adresse geschickt, die der Kunde bei der Registrierung bei IHASL angegeben hat.<\/li>\n<li>An Samstagen, Sonntagen und gesetzlichen Feiertagen finden keine Lieferungen oder Zustellungen statt.<\/li>\n<li>Eine Verz\u00f6gerung f\u00fchrt jedoch nicht zur Annullierung des Auftrags oder zu einer Entsch\u00e4digung.<\/li>\n<li>Eine Bestellung gilt als zugestellt, wenn der Spediteur das\/die Paket(e) an den Kunden ausliefert und der Kunde den Lieferschein unterschreibt. Es liegt in der Verantwortung des Kunden, den Zustand der Ware bei Erhalt zu \u00fcberpr\u00fcfen und etwaige Unregelm\u00e4\u00dfigkeiten auf dem Lieferschein zu vermerken.<\/li>\n<li>Der Betrag f\u00fcr den Transport wird vom Unternehmen nicht erstattet, es sei denn, er wird von der Transportagentur selbst erstattet.<\/li>\n<li>F\u00fcr Lieferungen au\u00dferhalb Spaniens kontaktieren Sie uns bitte.<\/li>\n<\/ol>\n<p style=\"text-align: justify;\"><strong>6- R\u00fcckgabe- und Widerrufsbelehrung<\/strong><\/p>\n<p style=\"text-align: justify;\"><strong>6-1 R\u00fcckgabe von Waren:<\/strong><\/p>\n<p style=\"text-align: justify;\">In \u00dcbereinstimmung mit den geltenden Vorschriften gew\u00e4hren wir Ihnen das Recht, jeden bei IHA, SL gekauften Artikel innerhalb von 15<strong> Tagen<\/strong> nach Erhalt zur\u00fcckzugeben. Sie m\u00fcssen keine Erkl\u00e4rung abgeben, jeder bei IHA, SL gekaufte Artikel, der originalverpackt, versiegelt und in einwandfreiem Zustand zur\u00fcckgeschickt wird, wird ohne weiteres akzeptiert.<\/p>\n<p style=\"text-align: justify;\">Die IHA, SL verpflichtet sich, Ihnen innerhalb einer Frist von h\u00f6chstens 10 <strong>Tagen<\/strong> nach Erhalt der R\u00fccksendung die Kosten zu erstatten.<\/p>\n<p style=\"text-align: justify;\"><strong>Bevor Sie die Waren zur\u00fccksenden<\/strong>, m\u00fcssen Sie <strong>IHASL informieren<\/strong><\/p>\n<p style=\"text-align: justify;\">Wenn der Grund f\u00fcr die R\u00fccksendung darin besteht, dass der zur\u00fcckgesandte Artikel nicht dem entspricht, was in der Bestellung angefordert wurde, \u00fcbernimmt IHASL die Kosten f\u00fcr die R\u00fccksendung und den erneuten Versand. Gem\u00e4\u00df Artikel 107.1 LGDCU erstatten wir Ihnen den Warenwert ohne Versandkosten, wenn der Grund f\u00fcr die R\u00fccksendung darin besteht, dass die Bestellung Ihnen nicht zusagt.<strong>. Die Kosten f\u00fcr die R\u00fccksendung gehen zu Lasten des Verbrauchers.<\/strong>.<\/p>\n<p style=\"text-align: justify;\"><strong>6-2 Stornierung der Bestellung:<\/strong><\/p>\n<p style=\"text-align: justify;\">Geht die Stornierung der Bestellung vor dem Versand der Ware ein, entstehen dem Kunden keine Kosten.<\/p>\n<p style=\"text-align: justify;\"><strong>Produktgarantien:<\/strong><\/p>\n<p style=\"text-align: justify;\">IHA, SL garantiert die Produkte, die unter seiner Marke IHA-Race verkauft werden, f\u00fcr einen Zeitraum von 2 Jahren ab Kaufdatum gegen Fabrikationsfehler. Die \u00fcbrigen Marken \u00fcbernehmen dieselbe Garantie, werden aber von ihrem technischen Dienst verwaltet. Falls eine von ihnen diese Garantie nicht \u00fcbernimmt, k\u00fcmmert sich IHA, SL um sie. Nach Ablauf von sechs Monaten ab dem Kaufdatum muss der Verbraucher beweisen, dass der Vertragswidrigkeitsmangel bereits zum Zeitpunkt des Kaufs bestand.<\/p>\n<p style=\"text-align: justify;\">Die Kosten, die durch Gr\u00fcnde der Garantien erzeugt werden, werden zu Lasten von IHA, SL, obwohl der Kunde das Produkt in der Weise zur\u00fcckgibt, die ihn am meisten interessiert, sobald der technische Dienst von IHA, SL zugibt, dass das Produkt mit der Garantie \u00fcbereinstimmt, wird IHA, SL die entstandenen Kosten \u00fcbernehmen.<\/p>\n<p style=\"text-align: justify;\">Der Kunde muss bei der Meldung eines mangelhaften Produkts ber\u00fccksichtigen, dass es f\u00fcr das korrekte Funktionieren der Produkte unabdingbar ist, diese perfekt zu kennen und sie ordnungsgem\u00e4\u00df und in \u00dcbereinstimmung mit den Anweisungen montiert zu haben. Wenn Sie Fragen haben, wenden Sie sich bitte an IHA, SL.<\/p>\n<p style=\"text-align: justify;\"><strong>Insbesondere ist zu beachten, dass St\u00f6\u00dfe oder Ersch\u00fctterungen, die das Produkt aufgrund seiner bestimmungsgem\u00e4\u00dfen Verwendung erf\u00e4hrt, interne Probleme verursachen k\u00f6nnen, die zu einer Fehlfunktion des Produkts f\u00fchren.<\/strong><\/p>\n<p style=\"text-align: justify;\">Der Kunde muss sich vor der Montage vergewissern, dass die verschiedenen Teile, aus denen sich das Produkt zusammensetzt, in einwandfreiem Zustand sind. Sollte dies nicht der Fall sein, muss er sich so schnell wie m\u00f6glich mit IHA, SL in Verbindung setzen, um das Problem zu l\u00f6sen.<\/p>\n<p style=\"text-align: justify;\"><strong>Die Garantie deckt nicht ab:<\/strong><\/p>\n<ul style=\"text-align: justify;\">\n<li><strong>Sch\u00e4den, die durch unsachgem\u00e4\u00dfen Gebrauch oder Unf\u00e4lle sowie durch normale Abnutzung entstanden sind.<\/strong><\/li>\n<li><strong>M\u00e4ngel, die darauf zur\u00fcckzuf\u00fchren sind, dass die durch die Produktspezifikationen vorgegebenen Grenzen \u00fcberschritten werden sollen.<\/strong><\/li>\n<li><strong>Schlechtes oder falsches L\u00f6ten auf elektronischen Platinen und\/oder integrierten Schaltkreisen und\/oder anderen Komponenten, die gel\u00f6tet werden m\u00fcssen <\/strong>(die Verwendung von <a href=\"https:\/\/iha-race.com\/producto\/pinzas-de-cocodrilo-para-electronica-5piezas\/\" target=\"_blank\" rel=\"noopener noreferrer\">Krokodilklemmen<\/a> wird empfohlen, um das System vor der endg\u00fcltigen Montage zu \u00fcberpr\u00fcfen).<\/li>\n<\/ul>\n<p style=\"text-align: justify;\">Verfahren f\u00fcr die Reparatur oder den Austausch eines Produkts im Rahmen der Garantie:<\/p>\n<ul style=\"text-align: justify;\">\n<li>In Bezug auf Vorf\u00e4lle, die auf Transportsch\u00e4den zur\u00fcckzuf\u00fchren sind: Der Kunde muss den Zustand des empfangenen Pakets \u00fcberpr\u00fcfen und, falls er Anomalien feststellt, diese auf dem von der Transportfirma oder der Post zur Verf\u00fcgung gestellten Lieferschein vermerken, bevor er diesen unterzeichnet. Dieser Schritt ist unerl\u00e4sslich, um im Falle eines Transportschadens einen Versicherungsanspruch geltend machen zu k\u00f6nnen. Andernfalls verzichtet der Kunde auf alle diesbez\u00fcglichen Anspr\u00fcche. Der Kunde ist verpflichtet, IHA, SL \u00fcber ein solches Missgeschick zu informieren, damit die entsprechenden Schritte bei der Transportfirma eingeleitet werden k\u00f6nnen und das besch\u00e4digte Produkt oder die betroffenen Einzelteile ersetzt werden k\u00f6nnen, sofern dies m\u00f6glich ist.<\/li>\n<li>Stellt der Kunde bei Erhalt der Bestellung fest, dass das, was er erhalten hat, nicht mit dem \u00fcbereinstimmt, was er gekauft hat, oder dass ein Produkt oder ein Teil fehlt, muss er uns so schnell wie m\u00f6glich, auf jeden Fall aber innerhalb von 2 Werktagen, unter Angabe der Bestellnummer informieren. IHA, SL wird das Problem ohne Kosten f\u00fcr den Kunden beheben.<\/li>\n<li>Wenn der Kunde bei Erhalt der Bestellung feststellt, dass ein Produkt nicht funktioniert, nachdem er sich vergewissert hat, dass er wei\u00df, wie es funktioniert, wie es zusammengebaut wird, wie es eingestellt wird usw., muss er IHA, SL innerhalb von 14 Tagen dar\u00fcber informieren. Die IHASL wird das Produkt zur\u00fccknehmen. Sobald die entsprechenden Kontrollen durchgef\u00fchrt wurden, wird IHA, SL es durch ein neues Produkt ersetzen oder den Betrag einschlie\u00dflich der Versandkosten zur\u00fcckerstatten, falls das gleiche Produkt nicht verf\u00fcgbar ist.<\/li>\n<li>Wenn nach 14 Tagen ein Fehler auftritt, der auf einen Herstellungsfehler zur\u00fcckzuf\u00fchren ist, muss der Kunde die IHA, SL kontaktieren, um Anweisungen f\u00fcr das weitere Vorgehen zu erhalten. In diesem Fall sind die Versandkosten vom Kunden zu tragen.<\/li>\n<\/ul>\n<p style=\"text-align: justify;\">Wenn in einem der oben genannten F\u00e4lle nach den entsprechenden Kontrollen festgestellt wird, dass das Produkt keine M\u00e4ngel aufweist, die unter die beschriebenen F\u00e4lle fallen, wird das Produkt an den Kunden zur\u00fcckgeschickt, der die Kosten f\u00fcr die R\u00fccksendung des Produkts zuz\u00fcglich der Kosten f\u00fcr den technischen Dienst tr\u00e4gt.<\/p>\n<p style=\"text-align: justify;\"><strong>Ausschluss von der Garantie.<\/strong><\/p>\n<p style=\"text-align: justify;\">Die Garantie f\u00fcr LiPo-Akkus gilt nur f\u00fcr den ersten Tag nach Erhalt des Produkts, da es sich um ein Produkt handelt, das aufgrund seiner Bauweise und der Art seiner Verwendung jederzeit kaputt gehen kann. IHA, SL haftet nicht f\u00fcr Sch\u00e4den, die durch die Verwendung von bei IHASL gekauften LiPo-Akkus entstehen.<\/p>\n<p style=\"text-align: justify;\">Empfehlungen f\u00fcr die Verwendung von LiPo-Akkus:<\/p>\n<ul style=\"text-align: justify;\">\n<li>Akkus sollten nie unter 3 Volt pro Zelle entladen werden, da sie sonst unbrauchbar werden.<\/li>\n<li>In feuerfesten Beh\u00e4ltern lagern und verladen.<\/li>\n<li>Verwenden Sie immer spezielle Ladeger\u00e4te f\u00fcr LiPo-Akkus mit automatischer Ausgleichsfunktion.<\/li>\n<li>Verwenden Sie Batterien nicht wieder, wenn sie einen Stromschlag erlitten haben, und legen Sie sie in einen feuerfesten Beh\u00e4lter, da sie in Flammen aufgehen k\u00f6nnen.<\/li>\n<li>Lassen Sie Batterien niemals ohne eine Person aufladen.<\/li>\n<\/ul>\n<p style=\"text-align: justify;\"><strong>Bitte z\u00f6gern Sie nicht, uns zu kontaktieren, wenn Sie Fragen haben.<\/strong><\/p>\n<p style=\"text-align: justify;\"><strong>Industrial &amp; Hobby Aircraft, S.L.<\/strong><\/p>\n","protected":false},"excerpt":{"rendered":"<p>VERKAUFSBEDINGUNGEN 1- Allgemeiner Verkauf: Diese allgemeinen Verkaufsbedingungen gelten ausschlie\u00dflich f\u00fcr alle Verk\u00e4ufe von Produkten, die in Spanien, einschlie\u00dflich der Kanarischen Inseln und der Balearen, von Industrial &amp; Hobby Aircraft, S.L.,<\/p>\n","protected":false},"author":1,"featured_media":0,"parent":0,"menu_order":0,"comment_status":"closed","ping_status":"closed","template":"","meta":{"_joinchat":[],"footnotes":""},"class_list":["post-207257","page","type-page","status-publish","hentry"],"yoast_head":"<!-- This site is optimized with the Yoast SEO plugin v27.3 - https:\/\/yoast.com\/product\/yoast-seo-wordpress\/ -->\n<title>Beschaffungspolitik - Iha Race<\/title>\n<meta name=\"robots\" content=\"noindex, follow\" \/>\n<meta property=\"og:locale\" content=\"de_DE\" \/>\n<meta property=\"og:type\" content=\"article\" \/>\n<meta property=\"og:title\" content=\"Beschaffungspolitik - Iha Race\" \/>\n<meta property=\"og:description\" content=\"VERKAUFSBEDINGUNGEN 1- Allgemeiner Verkauf: Diese allgemeinen Verkaufsbedingungen gelten ausschlie\u00dflich f\u00fcr alle Verk\u00e4ufe von Produkten, die in Spanien, einschlie\u00dflich der Kanarischen Inseln und der Balearen, von Industrial &amp; Hobby Aircraft, S.L.,\" \/>\n<meta property=\"og:url\" content=\"https:\/\/iha-race.com\/de\/beschaffungspolitik\/\" \/>\n<meta property=\"og:site_name\" content=\"Iha Race\" \/>\n<meta name=\"twitter:card\" content=\"summary_large_image\" \/>\n<meta name=\"twitter:label1\" content=\"Gesch\u00e4tzte Lesezeit\" \/>\n\t<meta name=\"twitter:data1\" content=\"9\u00a0Minuten\" \/>\n<script type=\"application\/ld+json\" class=\"yoast-schema-graph\">{\"@context\":\"https:\\\/\\\/schema.org\",\"@graph\":[{\"@type\":\"WebPage\",\"@id\":\"https:\\\/\\\/iha-race.com\\\/de\\\/beschaffungspolitik\\\/\",\"url\":\"https:\\\/\\\/iha-race.com\\\/de\\\/beschaffungspolitik\\\/\",\"name\":\"Beschaffungspolitik - Iha Race\",\"isPartOf\":{\"@id\":\"https:\\\/\\\/iha-race.com\\\/de\\\/#website\"},\"datePublished\":\"2018-07-16T08:19:18+00:00\",\"breadcrumb\":{\"@id\":\"https:\\\/\\\/iha-race.com\\\/de\\\/beschaffungspolitik\\\/#breadcrumb\"},\"inLanguage\":\"de\",\"potentialAction\":[{\"@type\":\"ReadAction\",\"target\":[\"https:\\\/\\\/iha-race.com\\\/de\\\/beschaffungspolitik\\\/\"]}]},{\"@type\":\"BreadcrumbList\",\"@id\":\"https:\\\/\\\/iha-race.com\\\/de\\\/beschaffungspolitik\\\/#breadcrumb\",\"itemListElement\":[{\"@type\":\"ListItem\",\"position\":1,\"name\":\"Portada\",\"item\":\"https:\\\/\\\/iha-race.com\\\/de\\\/elementor-499\\\/\"},{\"@type\":\"ListItem\",\"position\":2,\"name\":\"Beschaffungspolitik\"}]},{\"@type\":\"WebSite\",\"@id\":\"https:\\\/\\\/iha-race.com\\\/de\\\/#website\",\"url\":\"https:\\\/\\\/iha-race.com\\\/de\\\/\",\"name\":\"Iha Race\",\"description\":\"Comprar drones de carreras FPV env\u00edos en un d\u00eda desde Espa\u00f1a\",\"publisher\":{\"@id\":\"https:\\\/\\\/iha-race.com\\\/de\\\/#organization\"},\"potentialAction\":[{\"@type\":\"SearchAction\",\"target\":{\"@type\":\"EntryPoint\",\"urlTemplate\":\"https:\\\/\\\/iha-race.com\\\/de\\\/?s={search_term_string}\"},\"query-input\":{\"@type\":\"PropertyValueSpecification\",\"valueRequired\":true,\"valueName\":\"search_term_string\"}}],\"inLanguage\":\"de\"},{\"@type\":\"Organization\",\"@id\":\"https:\\\/\\\/iha-race.com\\\/de\\\/#organization\",\"name\":\"Iha Race\",\"url\":\"https:\\\/\\\/iha-race.com\\\/de\\\/\",\"logo\":{\"@type\":\"ImageObject\",\"inLanguage\":\"de\",\"@id\":\"https:\\\/\\\/iha-race.com\\\/de\\\/#\\\/schema\\\/logo\\\/image\\\/\",\"url\":\"https:\\\/\\\/iha-race.com\\\/wp-content\\\/uploads\\\/2018\\\/07\\\/iha-race-drones-de-carreras-tienda-comprar-drones.png\",\"contentUrl\":\"https:\\\/\\\/iha-race.com\\\/wp-content\\\/uploads\\\/2018\\\/07\\\/iha-race-drones-de-carreras-tienda-comprar-drones.png\",\"width\":300,\"height\":100,\"caption\":\"Iha Race\"},\"image\":{\"@id\":\"https:\\\/\\\/iha-race.com\\\/de\\\/#\\\/schema\\\/logo\\\/image\\\/\"}}]}<\/script>\n<!-- \/ Yoast SEO plugin. -->","yoast_head_json":{"title":"Beschaffungspolitik - Iha Race","robots":{"index":"noindex","follow":"follow"},"og_locale":"de_DE","og_type":"article","og_title":"Beschaffungspolitik - Iha Race","og_description":"VERKAUFSBEDINGUNGEN 1- Allgemeiner Verkauf: Diese allgemeinen Verkaufsbedingungen gelten ausschlie\u00dflich f\u00fcr alle Verk\u00e4ufe von Produkten, die in Spanien, einschlie\u00dflich der Kanarischen Inseln und der Balearen, von Industrial &amp; Hobby Aircraft, S.L.,","og_url":"https:\/\/iha-race.com\/de\/beschaffungspolitik\/","og_site_name":"Iha Race","twitter_card":"summary_large_image","twitter_misc":{"Gesch\u00e4tzte Lesezeit":"9\u00a0Minuten"},"schema":{"@context":"https:\/\/schema.org","@graph":[{"@type":"WebPage","@id":"https:\/\/iha-race.com\/de\/beschaffungspolitik\/","url":"https:\/\/iha-race.com\/de\/beschaffungspolitik\/","name":"Beschaffungspolitik - Iha Race","isPartOf":{"@id":"https:\/\/iha-race.com\/de\/#website"},"datePublished":"2018-07-16T08:19:18+00:00","breadcrumb":{"@id":"https:\/\/iha-race.com\/de\/beschaffungspolitik\/#breadcrumb"},"inLanguage":"de","potentialAction":[{"@type":"ReadAction","target":["https:\/\/iha-race.com\/de\/beschaffungspolitik\/"]}]},{"@type":"BreadcrumbList","@id":"https:\/\/iha-race.com\/de\/beschaffungspolitik\/#breadcrumb","itemListElement":[{"@type":"ListItem","position":1,"name":"Portada","item":"https:\/\/iha-race.com\/de\/elementor-499\/"},{"@type":"ListItem","position":2,"name":"Beschaffungspolitik"}]},{"@type":"WebSite","@id":"https:\/\/iha-race.com\/de\/#website","url":"https:\/\/iha-race.com\/de\/","name":"Iha Race","description":"Comprar drones de carreras FPV env\u00edos en un d\u00eda desde Espa\u00f1a","publisher":{"@id":"https:\/\/iha-race.com\/de\/#organization"},"potentialAction":[{"@type":"SearchAction","target":{"@type":"EntryPoint","urlTemplate":"https:\/\/iha-race.com\/de\/?s={search_term_string}"},"query-input":{"@type":"PropertyValueSpecification","valueRequired":true,"valueName":"search_term_string"}}],"inLanguage":"de"},{"@type":"Organization","@id":"https:\/\/iha-race.com\/de\/#organization","name":"Iha Race","url":"https:\/\/iha-race.com\/de\/","logo":{"@type":"ImageObject","inLanguage":"de","@id":"https:\/\/iha-race.com\/de\/#\/schema\/logo\/image\/","url":"https:\/\/iha-race.com\/wp-content\/uploads\/2018\/07\/iha-race-drones-de-carreras-tienda-comprar-drones.png","contentUrl":"https:\/\/iha-race.com\/wp-content\/uploads\/2018\/07\/iha-race-drones-de-carreras-tienda-comprar-drones.png","width":300,"height":100,"caption":"Iha Race"},"image":{"@id":"https:\/\/iha-race.com\/de\/#\/schema\/logo\/image\/"}}]}},"jetpack_sharing_enabled":true,"_links":{"self":[{"href":"https:\/\/iha-race.com\/de\/wp-json\/wp\/v2\/pages\/207257","targetHints":{"allow":["GET"]}}],"collection":[{"href":"https:\/\/iha-race.com\/de\/wp-json\/wp\/v2\/pages"}],"about":[{"href":"https:\/\/iha-race.com\/de\/wp-json\/wp\/v2\/types\/page"}],"author":[{"embeddable":true,"href":"https:\/\/iha-race.com\/de\/wp-json\/wp\/v2\/users\/1"}],"replies":[{"embeddable":true,"href":"https:\/\/iha-race.com\/de\/wp-json\/wp\/v2\/comments?post=207257"}],"version-history":[{"count":0,"href":"https:\/\/iha-race.com\/de\/wp-json\/wp\/v2\/pages\/207257\/revisions"}],"wp:attachment":[{"href":"https:\/\/iha-race.com\/de\/wp-json\/wp\/v2\/media?parent=207257"}],"curies":[{"name":"wp","href":"https:\/\/api.w.org\/{rel}","templated":true}]}}