{"id":207256,"date":"2018-07-16T10:12:21","date_gmt":"2018-07-16T08:12:21","guid":{"rendered":"https:\/\/iha-race.com\/cookie-richtlinie\/"},"modified":"2024-05-03T11:49:25","modified_gmt":"2024-05-03T09:49:25","slug":"cookie-richtlinie","status":"publish","type":"page","link":"https:\/\/iha-race.com\/de\/cookie-richtlinie\/","title":{"rendered":"Cookie-Richtlinie"},"content":{"rendered":"<h2><b>IHA-RACE COOKIE-RICHTLINIE<\/b><\/h2>\n<p align=\"JUSTIFY\">Das LSSI-CE verpflichtet uns alle, die einen Online-Shop oder eine Website betreiben, den <b>Benutzer vor dem Vorhandensein von Cookies zu warnen, ihn dar\u00fcber zu informieren und ihn um Erlaubnis zu bitten, sie herunterzuladen<\/b>.<\/p>\n<p align=\"JUSTIFY\">In \u00dcbereinstimmung mit den Bestimmungen von Artikel 22.2 des Gesetzes 34\/2002<i>. &#8220;Diensteanbieter d\u00fcrfen Datenspeicher- und -abrufger\u00e4te in Endger\u00e4ten von Empf\u00e4ngern verwenden, sofern diese Ger\u00e4te  <\/i><b>ihre Zustimmung gegeben haben, nachdem sie gem\u00e4\u00df den Bestimmungen des Organgesetzes 15\/1999 vom 13. Dezember 1999 \u00fcber den Schutz personenbezogener Daten klar und vollst\u00e4ndig \u00fcber die Verwendung der Daten, insbesondere \u00fcber den Zweck der Datenverarbeitung, informiert worden sind.<\/b><i>insbesondere \u00fcber die Zwecke der Datenverarbeitung gem\u00e4\u00df den Bestimmungen des Organgesetzes 15\/1999 vom 13. Dezember 1999 \u00fcber den Schutz personenbezogener Daten&#8221;.<\/i><\/p>\n<p>Sie sollten sich dar\u00fcber im Klaren sein, dass es aufgrund der Funktionsweise des Internets und der Websites nicht immer m\u00f6glich ist, aktuelle Informationen \u00fcber die Cookies zu erhalten, die von Dritten auf dieser Website verwendet werden k\u00f6nnen.<\/p>\n<p>Dies gilt insbesondere f\u00fcr den Fall, dass diese Website integrierte Elemente enth\u00e4lt, d.h. Texte, Dokumente, Bilder oder Kurzfilme, die an anderer Stelle gespeichert sind, aber auf unserer Website angezeigt werden.<\/p>\n<p align=\"JUSTIFY\">Wenn Sie also auf dieser Website auf solche Cookies sto\u00dfen, die hier nicht aufgef\u00fchrt sind, lassen Sie es mich bitte wissen. Sie k\u00f6nnen sich auch direkt an die Drittpartei wenden, um Informationen \u00fcber die von ihr gesetzten Cookies, den Zweck und die Dauer des Cookies sowie \u00fcber den Schutz Ihrer Privatsph\u00e4re zu erhalten.<\/p>\n<h3><b>Was sind Cookies?<\/b><\/h3>\n<p align=\"JUSTIFY\">Cookies sind ein Hilfsmittel, das von Webservern zum Speichern und Abrufen von Informationen \u00fcber ihre Besucher verwendet wird. Es ist nichts anderes als eine Textdatei, die einige Server Ihren Browser bitten, auf Ihre Festplatte zu schreiben, mit Informationen dar\u00fcber, was Sie auf ihren Seiten getan haben. Sie haben ein Verfallsdatum, das von der Dauer der Sitzung bis zu einem bestimmten Datum in der Zukunft reichen kann, nach dem sie nicht mehr funktionieren.<\/p>\n<h3><strong>Was ist NICHT ein Keks?<\/strong><\/h3>\n<p>Es handelt sich nicht um einen Virus, Trojaner, Wurm, Spam, Spyware oder Pop-up.<\/p>\n<h2>Welche Informationen werden in einem Cookie gespeichert?<\/h2>\n<p>Cookies speichern in der Regel keine sensiblen Informationen \u00fcber Sie, wie Kreditkarten- oder Bankdaten, Fotos oder pers\u00f6nliche Informationen usw. Bei den gespeicherten Daten handelt es sich um technische und statistische Daten, Daten \u00fcber pers\u00f6nliche Pr\u00e4ferenzen, Daten zur Personalisierung von Inhalten usw.<\/p>\n<p>Der Webserver assoziiert nicht Sie als Person, sondern Ihren Webbrowser. Wenn Sie normalerweise mit dem Chrome-Browser surfen und versuchen, dieselbe Website mit dem Firefox-Browser aufzurufen, werden Sie feststellen, dass die Website nicht erkennt, dass Sie dieselbe Person sind, weil sie die Informationen mit dem Browser und nicht mit der Person verkn\u00fcpft.<\/p>\n<h2>Welche Arten von Cookies gibt es?<\/h2>\n<ul>\n<li><b>Technische Cookies:<\/b> Diese sind die grundlegendsten und erm\u00f6glichen es unter anderem zu wissen, wann ein Mensch oder eine automatisierte Anwendung surft, wann ein anonymer und wann ein registrierter Benutzer surft, grundlegende Aufgaben f\u00fcr den Betrieb jeder dynamischen Website.<\/li>\n<li><b>Analyse-Cookies:<\/b> Sie sammeln Informationen \u00fcber die Art des Surfens, die von Ihnen am h\u00e4ufigsten genutzten Bereiche, die aufgerufenen Produkte, die Nutzungsdauer, die Sprache usw.<\/li>\n<li><b>Werbe-Cookies:<\/b> Diese zeigen Werbung an, die auf Ihren Surfgewohnheiten, Ihrem Herkunftsland, Ihrer Sprache usw. basiert.<\/li>\n<\/ul>\n<h2>Was sind Erstanbieter- und Drittanbieter-Cookies?<\/h2>\n<p>Erstanbieter-Cookies sind Cookies, die von der von Ihnen besuchten Website erzeugt werden, und Drittanbieter-Cookies sind Cookies, die von externen Diensten oder Anbietern wie Mailchimp, Mailrelay, Facebook, Twitter, Google adsense usw. erzeugt werden.<\/p>\n<h2>Welche Cookies werden auf dieser Website verwendet?<\/h2>\n<p>Diese Website verwendet eigene und fremde Cookies. Die folgenden Cookies werden auf dieser Website verwendet und sind im Folgenden aufgef\u00fchrt:<\/p>\n<h2>Eigene Cookies:<\/h2>\n<p><b>Login:<\/b> Login-Cookies erm\u00f6glichen es Ihnen, sich bei Ihrem Posonty-Konto an- und abzumelden.<\/p>\n<p><b>Personalisierung:<\/b> Cookies helfen mir, mich daran zu erinnern, mit welchen Personen oder Websites Sie interagiert haben, damit ich Ihnen verwandte Inhalte zeigen kann.<\/p>\n<p><b>Vorlieben:<\/b> Cookies erm\u00f6glichen es mir, Ihre Einstellungen und Pr\u00e4ferenzen zu speichern, wie z. B. Ihre bevorzugte Sprache und Ihre Datenschutzeinstellungen.<\/p>\n<p><b>Sicherheit:<\/b> Ich verwende Cookies, um Sicherheitsrisiken zu vermeiden. Haupts\u00e4chlich um zu erkennen, wenn jemand versucht, sich in Ihr Posonty-Konto zu hacken.<\/p>\n<h2>Cookies von Dritten<\/h2>\n<p>Diese Website benutzt Analysedienste, insbesondere Google Analytics, um die Nutzung der Website durch die Benutzer zu analysieren und die Benutzerfreundlichkeit zu verbessern, aber sie werden in keinem Fall mit Daten in Verbindung gebracht, die den Benutzer identifizieren k\u00f6nnten. Google Analytics ist ein Webanalysedienst, der von Google, Inc.  <a href=\"https:\/\/www.google.es\/intl\/es\/policies\/technologies\/types\/\" target=\"_blank\" rel=\"noopener\">hier<\/a> die Art der von Google verwendeten Cookies.<\/p>\n<p>Sie k\u00f6nnen die Datenschutzbestimmungen dieser Plattform hier lesen.<\/p>\n<p><strong>WordPress:<\/strong> Salvador Rivera ist ein Nutzer der Blogging-Plattform WordPress, die dem US-Unternehmen Automattic, Inc. geh\u00f6rt. Zu diesem Zweck kann die Verwendung solcher Cookies durch Systeme, die niemals unter der Kontrolle oder Verwaltung des Betreibers der Website stehen, ihre Funktion jederzeit \u00e4ndern, und es k\u00f6nnen neue Cookies eingef\u00fchrt werden.<\/p>\n<p>Cookies sozialer Netzwerke k\u00f6nnen in Ihrem Browser gespeichert werden, w\u00e4hrend Sie auf https:\/\/iha-race.com\/ surfen, z. B. wenn Sie die Schaltfl\u00e4che &#8220;Teilen&#8221; auf https:\/\/iha-race.com\/ in einem sozialen Netzwerk verwenden. Nachstehend finden Sie Informationen \u00fcber die Cookies der sozialen Netzwerke, die von dieser Website verwendet werden, in deren eigenen Cookie-Richtlinien:<\/p>\n<ul>\n<li>Facebook-Cookies, weitere Informationen finden Sie in deren <a href=\"https:\/\/www.facebook.com\/policies\/cookies\/\" target=\"_blank\" rel=\"noopener\">Cookie-Richtlinie<\/a>.<\/li>\n<li>Twitter-Cookies, weitere Informationen finden Sie in deren <a href=\"https:\/\/twitter.com\/privacy\" target=\"_blank\" rel=\"noopener\">Cookie-Richtlinie<\/a>.<\/li>\n<li>Cookies von Instagram, weitere Informationen finden Sie in deren <a href=\"https:\/\/www.facebook.com\/policies\/cookies\/\" target=\"_blank\" rel=\"noopener\">Cookie-Richtlinie<\/a>.<\/li>\n<li>Google+-Cookies, weitere Informationen finden Sie in deren <a href=\"http:\/\/www.google.com\/intl\/es\/policies\/technologies\/types\/\" target=\"_blank\" rel=\"noopener\">Cookie-Richtlinien<\/a>.<\/li>\n<li>Youtube-Cookies, weitere Informationen finden Sie in deren <a href=\"http:\/\/www.google.com\/intl\/es\/policies\/technologies\/types\/\" target=\"_blank\" rel=\"noopener\">Cookie-Richtlinie<\/a>.<\/li>\n<\/ul>\n<h2>K\u00f6nnen Cookies gel\u00f6scht werden?<\/h2>\n<p>Ja, und zwar nicht nur l\u00f6schen, sondern auch sperren, entweder allgemein oder f\u00fcr einen bestimmten Bereich.<br \/>\nUm Cookies von einer Website zu l\u00f6schen, sollten Sie in den Einstellungen Ihres Browsers nach den Cookies suchen, die mit der betreffenden Domain verbunden sind, und diese l\u00f6schen.<\/p>\n<ul>\n<li>Cookie-Einstellungen f\u00fcr <a href=\"http:\/\/support.google.com\/chrome\/bin\/answer.py?hl=es&amp;answer=95647\" target=\"_blank\" rel=\"noopener\">Google Chrome<\/a><\/li>\n<li>Cookie-Einstellungen f\u00fcr <a href=\"https:\/\/support.apple.com\/es-es\/HT201265\" target=\"_blank\" rel=\"noopener\">Apple Safari<\/a><\/li>\n<li>Cookie-Einstellungen f\u00fcr <a href=\"https:\/\/support.microsoft.com\/en-us\/help\/17442\/windows-internet-explorer-delete-manage-cookies#ie=ie-10\" target=\"_blank\" rel=\"noopener\">Internet Explorer<\/a><\/li>\n<li>Cookie-Einstellungen f\u00fcr <a href=\"https:\/\/support.mozilla.org\/es\/kb\/habilitar-y-deshabilitar-cookies-sitios-web-rastrear-preferencias?redirectlocale=es&amp;redirectslug=habilitar-y-deshabilitar-cookies-que-los-sitios-we\" target=\"_blank\" rel=\"noopener\">Mozilla Firefox<\/a><\/li>\n<\/ul>\n<h2>Weitere Informationen \u00fcber Cookies<\/h2>\n<p>Sie k\u00f6nnen die von der spanischen Datenschutzbeh\u00f6rde in ihrem &#8220;Leitfaden \u00fcber die Verwendung von Cookies&#8221; ver\u00f6ffentlichte Verordnung \u00fcber Cookies einsehen und weitere Informationen \u00fcber Cookies im Internet erhalten, <a href=\"http:\/\/www.aboutcookies.org\/\" target=\"_blank\" rel=\"noopener\">http:\/\/www.aboutcookies.org\/.<\/a><\/p>\n<p>Wenn Sie eine bessere Kontrolle \u00fcber die Installation von Cookies haben m\u00f6chten, k\u00f6nnen Sie Programme oder Add-ons f\u00fcr Ihren Browser installieren, so genannte<strong> &#8220;Do Not Track&#8221;-Tools,<\/strong> mit denen Sie ausw\u00e4hlen k\u00f6nnen, welche Cookies Sie zulassen m\u00f6chten.<\/p>\n<div id=\"page\" class=\"hfeed site\">\n<div id=\"content\" class=\"site-content\">\n<div class=\"container\">\n<div class=\"row\">\n<article id=\"post-43\" class=\"post-43 page type-page status-publish hentry\">\n<div class=\"entry-content\">\n<p>Wenn Sie Fragen zu dieser Cookie-Richtlinie haben, k\u00f6nnen Sie uns unter info@ih-aircraft.com kontaktieren.<\/p>\n<p>&lt;div class= &#8220;cky-audit-table-element&#8221; div class= &#8220;cky-audit-table-element&#8221;&gt;&lt;\/div&gt;<\/p>\n<\/div>\n<\/article>\n<\/div>\n<\/div>\n<\/div>\n<\/div>\n<p>Diese Cookie-Richtlinie wurde zuletzt am 04-06-2018 aktualisiert.<\/p>\n<p align=\"JUSTIFY\">\n","protected":false},"excerpt":{"rendered":"<p>IHA-RACE COOKIE-RICHTLINIE Das LSSI-CE verpflichtet uns alle, die einen Online-Shop oder eine Website betreiben, den Benutzer vor dem Vorhandensein von Cookies zu warnen, ihn dar\u00fcber zu informieren und ihn um<\/p>\n","protected":false},"author":1,"featured_media":0,"parent":0,"menu_order":0,"comment_status":"closed","ping_status":"closed","template":"","meta":{"_joinchat":[],"footnotes":""},"class_list":["post-207256","page","type-page","status-publish","hentry"],"yoast_head":"<!-- This site is optimized with the Yoast SEO plugin v27.3 - https:\/\/yoast.com\/product\/yoast-seo-wordpress\/ -->\n<title>Cookie-Richtlinie - Iha Race<\/title>\n<meta name=\"robots\" content=\"noindex, follow\" \/>\n<meta property=\"og:locale\" content=\"de_DE\" \/>\n<meta property=\"og:type\" content=\"article\" \/>\n<meta property=\"og:title\" content=\"Cookie-Richtlinie - Iha Race\" \/>\n<meta property=\"og:description\" content=\"IHA-RACE COOKIE-RICHTLINIE Das LSSI-CE verpflichtet uns alle, die einen Online-Shop oder eine Website betreiben, den Benutzer vor dem Vorhandensein von Cookies zu warnen, ihn dar\u00fcber zu informieren und ihn um\" \/>\n<meta property=\"og:url\" content=\"https:\/\/iha-race.com\/de\/cookie-richtlinie\/\" \/>\n<meta property=\"og:site_name\" content=\"Iha Race\" \/>\n<meta property=\"article:modified_time\" content=\"2024-05-03T09:49:25+00:00\" \/>\n<meta name=\"twitter:card\" content=\"summary_large_image\" \/>\n<meta name=\"twitter:label1\" content=\"Gesch\u00e4tzte Lesezeit\" \/>\n\t<meta name=\"twitter:data1\" content=\"5\u00a0Minuten\" \/>\n<script type=\"application\/ld+json\" class=\"yoast-schema-graph\">{\"@context\":\"https:\\\/\\\/schema.org\",\"@graph\":[{\"@type\":\"WebPage\",\"@id\":\"https:\\\/\\\/iha-race.com\\\/de\\\/cookie-richtlinie\\\/\",\"url\":\"https:\\\/\\\/iha-race.com\\\/de\\\/cookie-richtlinie\\\/\",\"name\":\"Cookie-Richtlinie - Iha Race\",\"isPartOf\":{\"@id\":\"https:\\\/\\\/iha-race.com\\\/de\\\/#website\"},\"datePublished\":\"2018-07-16T08:12:21+00:00\",\"dateModified\":\"2024-05-03T09:49:25+00:00\",\"breadcrumb\":{\"@id\":\"https:\\\/\\\/iha-race.com\\\/de\\\/cookie-richtlinie\\\/#breadcrumb\"},\"inLanguage\":\"de\",\"potentialAction\":[{\"@type\":\"ReadAction\",\"target\":[\"https:\\\/\\\/iha-race.com\\\/de\\\/cookie-richtlinie\\\/\"]}]},{\"@type\":\"BreadcrumbList\",\"@id\":\"https:\\\/\\\/iha-race.com\\\/de\\\/cookie-richtlinie\\\/#breadcrumb\",\"itemListElement\":[{\"@type\":\"ListItem\",\"position\":1,\"name\":\"Portada\",\"item\":\"https:\\\/\\\/iha-race.com\\\/de\\\/elementor-499\\\/\"},{\"@type\":\"ListItem\",\"position\":2,\"name\":\"Cookie-Richtlinie\"}]},{\"@type\":\"WebSite\",\"@id\":\"https:\\\/\\\/iha-race.com\\\/de\\\/#website\",\"url\":\"https:\\\/\\\/iha-race.com\\\/de\\\/\",\"name\":\"Iha Race\",\"description\":\"Comprar drones de carreras FPV env\u00edos en un d\u00eda desde Espa\u00f1a\",\"publisher\":{\"@id\":\"https:\\\/\\\/iha-race.com\\\/de\\\/#organization\"},\"potentialAction\":[{\"@type\":\"SearchAction\",\"target\":{\"@type\":\"EntryPoint\",\"urlTemplate\":\"https:\\\/\\\/iha-race.com\\\/de\\\/?s={search_term_string}\"},\"query-input\":{\"@type\":\"PropertyValueSpecification\",\"valueRequired\":true,\"valueName\":\"search_term_string\"}}],\"inLanguage\":\"de\"},{\"@type\":\"Organization\",\"@id\":\"https:\\\/\\\/iha-race.com\\\/de\\\/#organization\",\"name\":\"Iha Race\",\"url\":\"https:\\\/\\\/iha-race.com\\\/de\\\/\",\"logo\":{\"@type\":\"ImageObject\",\"inLanguage\":\"de\",\"@id\":\"https:\\\/\\\/iha-race.com\\\/de\\\/#\\\/schema\\\/logo\\\/image\\\/\",\"url\":\"https:\\\/\\\/iha-race.com\\\/wp-content\\\/uploads\\\/2018\\\/07\\\/iha-race-drones-de-carreras-tienda-comprar-drones.png\",\"contentUrl\":\"https:\\\/\\\/iha-race.com\\\/wp-content\\\/uploads\\\/2018\\\/07\\\/iha-race-drones-de-carreras-tienda-comprar-drones.png\",\"width\":300,\"height\":100,\"caption\":\"Iha Race\"},\"image\":{\"@id\":\"https:\\\/\\\/iha-race.com\\\/de\\\/#\\\/schema\\\/logo\\\/image\\\/\"}}]}<\/script>\n<!-- \/ Yoast SEO plugin. -->","yoast_head_json":{"title":"Cookie-Richtlinie - Iha Race","robots":{"index":"noindex","follow":"follow"},"og_locale":"de_DE","og_type":"article","og_title":"Cookie-Richtlinie - Iha Race","og_description":"IHA-RACE COOKIE-RICHTLINIE Das LSSI-CE verpflichtet uns alle, die einen Online-Shop oder eine Website betreiben, den Benutzer vor dem Vorhandensein von Cookies zu warnen, ihn dar\u00fcber zu informieren und ihn um","og_url":"https:\/\/iha-race.com\/de\/cookie-richtlinie\/","og_site_name":"Iha Race","article_modified_time":"2024-05-03T09:49:25+00:00","twitter_card":"summary_large_image","twitter_misc":{"Gesch\u00e4tzte Lesezeit":"5\u00a0Minuten"},"schema":{"@context":"https:\/\/schema.org","@graph":[{"@type":"WebPage","@id":"https:\/\/iha-race.com\/de\/cookie-richtlinie\/","url":"https:\/\/iha-race.com\/de\/cookie-richtlinie\/","name":"Cookie-Richtlinie - Iha Race","isPartOf":{"@id":"https:\/\/iha-race.com\/de\/#website"},"datePublished":"2018-07-16T08:12:21+00:00","dateModified":"2024-05-03T09:49:25+00:00","breadcrumb":{"@id":"https:\/\/iha-race.com\/de\/cookie-richtlinie\/#breadcrumb"},"inLanguage":"de","potentialAction":[{"@type":"ReadAction","target":["https:\/\/iha-race.com\/de\/cookie-richtlinie\/"]}]},{"@type":"BreadcrumbList","@id":"https:\/\/iha-race.com\/de\/cookie-richtlinie\/#breadcrumb","itemListElement":[{"@type":"ListItem","position":1,"name":"Portada","item":"https:\/\/iha-race.com\/de\/elementor-499\/"},{"@type":"ListItem","position":2,"name":"Cookie-Richtlinie"}]},{"@type":"WebSite","@id":"https:\/\/iha-race.com\/de\/#website","url":"https:\/\/iha-race.com\/de\/","name":"Iha Race","description":"Comprar drones de carreras FPV env\u00edos en un d\u00eda desde Espa\u00f1a","publisher":{"@id":"https:\/\/iha-race.com\/de\/#organization"},"potentialAction":[{"@type":"SearchAction","target":{"@type":"EntryPoint","urlTemplate":"https:\/\/iha-race.com\/de\/?s={search_term_string}"},"query-input":{"@type":"PropertyValueSpecification","valueRequired":true,"valueName":"search_term_string"}}],"inLanguage":"de"},{"@type":"Organization","@id":"https:\/\/iha-race.com\/de\/#organization","name":"Iha Race","url":"https:\/\/iha-race.com\/de\/","logo":{"@type":"ImageObject","inLanguage":"de","@id":"https:\/\/iha-race.com\/de\/#\/schema\/logo\/image\/","url":"https:\/\/iha-race.com\/wp-content\/uploads\/2018\/07\/iha-race-drones-de-carreras-tienda-comprar-drones.png","contentUrl":"https:\/\/iha-race.com\/wp-content\/uploads\/2018\/07\/iha-race-drones-de-carreras-tienda-comprar-drones.png","width":300,"height":100,"caption":"Iha Race"},"image":{"@id":"https:\/\/iha-race.com\/de\/#\/schema\/logo\/image\/"}}]}},"_links":{"self":[{"href":"https:\/\/iha-race.com\/de\/wp-json\/wp\/v2\/pages\/207256","targetHints":{"allow":["GET"]}}],"collection":[{"href":"https:\/\/iha-race.com\/de\/wp-json\/wp\/v2\/pages"}],"about":[{"href":"https:\/\/iha-race.com\/de\/wp-json\/wp\/v2\/types\/page"}],"author":[{"embeddable":true,"href":"https:\/\/iha-race.com\/de\/wp-json\/wp\/v2\/users\/1"}],"replies":[{"embeddable":true,"href":"https:\/\/iha-race.com\/de\/wp-json\/wp\/v2\/comments?post=207256"}],"version-history":[{"count":1,"href":"https:\/\/iha-race.com\/de\/wp-json\/wp\/v2\/pages\/207256\/revisions"}],"predecessor-version":[{"id":246034,"href":"https:\/\/iha-race.com\/de\/wp-json\/wp\/v2\/pages\/207256\/revisions\/246034"}],"wp:attachment":[{"href":"https:\/\/iha-race.com\/de\/wp-json\/wp\/v2\/media?parent=207256"}],"curies":[{"name":"wp","href":"https:\/\/api.w.org\/{rel}","templated":true}]}}