{"id":207253,"date":"2018-07-16T10:20:48","date_gmt":"2018-07-16T08:20:48","guid":{"rendered":"https:\/\/iha-race.com\/rechtliche-hinweise-und-datenschutzbestimmungen\/"},"modified":"2018-07-16T10:20:48","modified_gmt":"2018-07-16T08:20:48","slug":"rechtliche-hinweise-und-datenschutzbestimmungen","status":"publish","type":"page","link":"https:\/\/iha-race.com\/de\/rechtliche-hinweise-und-datenschutzbestimmungen\/","title":{"rendered":"Rechtliche Hinweise und Datenschutzbestimmungen"},"content":{"rendered":"<p style=\"text-align: justify;\">1) <strong>IDENTIFIZIERENDE DATEN:<\/strong> In \u00dcbereinstimmung mit der Informationspflicht gem\u00e4\u00df Artikel 10 des Gesetzes 34\/2002 vom 11. Juli \u00fcber die Dienste der Informationsgesellschaft und mit dem Handelsregister von Murcia, <strong>Blatt MU-89921, Band 3179, Folio 20. <\/strong> Die folgenden Daten sind nachstehend aufgef\u00fchrt:<\/p>\n<ul>\n<li><b>Identit\u00e4t des Verantwortlichen:<\/b> Salvador Rivera<\/li>\n<li><b>Handelsname:<\/b> Industrial &amp; Hobby Aircraft, S.L.<\/li>\n<li><b>NIF\/CIF:<\/b> B73924789<\/li>\n<li><strong>Kontakttelefon:<\/strong> +34 676 757 149<\/li>\n<li><strong>\u00d6ffnungszeiten des Kundendienstes:<\/strong> 9:00 bis 19:00 Uhr M-F<\/li>\n<li><b>Anschrift:<\/b> Camino de Guadalupe, 44, 30.107 Guadalupe (Murcia)<\/li>\n<li><b>E-Mail:<\/b> info@iha-race.com<\/li>\n<li><b>T\u00e4tigkeit: E-Commerce <\/b><\/li>\n<\/ul>\n<p style=\"text-align: justify;\">2.<strong> BENUTZER:<\/strong> Der Zugang und\/oder die Nutzung dieses Portals von Industrial &amp; Hobby Aircraft, S.L., dem Ersteller der Website, setzt voraus, dass der BENUTZER mit dem Zugang und\/oder der Nutzung die hierin enthaltenen Allgemeinen Nutzungsbedingungen akzeptiert. Die vorstehenden Bedingungen gelten unbeschadet etwaiger zwingender Allgemeiner Gesch\u00e4ftsbedingungen (AGB).<\/p>\n<p style=\"text-align: justify;\">3. <strong>NUTZUNG DES PORTALS:<\/strong> Die angegebene Domain bietet Zugang zu einer Vielzahl von Informationen, Dienstleistungen, Programmen oder Daten (im Folgenden &#8222;Inhalte&#8220;) im Internet, die Industrial &amp; Hobby Aircraft, S.L., dem Ersteller der Website, oder seinen Lizenzgebern geh\u00f6ren und zu denen der BENUTZER Zugang haben kann. Der NUTZER \u00fcbernimmt die Verantwortung f\u00fcr die Nutzung des Portals. Diese Verantwortung erstreckt sich auch auf die Registrierung, die f\u00fcr den Zugang zu bestimmten Diensten oder Inhalten erforderlich sein kann. Der BENUTZER ist daf\u00fcr verantwortlich, bei der Registrierung wahrheitsgem\u00e4\u00dfe und rechtm\u00e4\u00dfige Angaben zu machen. Als Folge dieser Registrierung kann dem BENUTZER ein Passwort zugeteilt werden, f\u00fcr das er verantwortlich ist und f\u00fcr dessen sorgf\u00e4ltige und vertrauliche Verwendung er sich verpflichtet. Der BENUTZER verpflichtet sich, die Inhalte und Dienste (wie z. B. Chat-Dienste, Diskussionsforen oder Newsgroups), die Industrial &amp; Hobby Aircraft, S.L., der Ersteller der Website, \u00fcber sein Portal anbietet, angemessen zu nutzen und sie beispielsweise, aber nicht ausschlie\u00dflich, nicht zu folgenden Zwecken zu verwenden (i) sich an Aktivit\u00e4ten zu beteiligen, die ungesetzlich oder illegal sind oder gegen Treu und Glauben und die \u00f6ffentliche Ordnung versto\u00dfen; (ii) Inhalte oder Propaganda mit rassistischem, fremdenfeindlichem, pornografisch-illegalem, antiterroristischem oder menschenrechtsbezogenem Charakter zu verbreiten; (iii) Sch\u00e4den an den physischen und logischen Systemen von Industrial &amp; Hobby Aircraft, S.L., dem Ersteller der Website, seinen Lieferanten oder Dritten zu verursachen, Computerviren oder andere physische oder logische Systeme einzuf\u00fchren oder zu verbreiten, die die vorgenannten Sch\u00e4den verursachen k\u00f6nnen; (iv) zu versuchen, auf die E-Mail-Konten anderer Nutzer zuzugreifen und diese gegebenenfalls zu nutzen sowie deren Nachrichten zu \u00e4ndern oder zu manipulieren. Industrial &amp; Hobby Aircraft, S.L. beh\u00e4lt sich das Recht vor, alle Kommentare und Beitr\u00e4ge zu entfernen, die gegen die Achtung der Menschenw\u00fcrde versto\u00dfen, diskriminierend, fremdenfeindlich, rassistisch oder pornografisch sind, die die Jugend oder das Kindesalter, die \u00f6ffentliche Ordnung oder Sicherheit verletzen oder die ihrer Meinung nach nicht zur Ver\u00f6ffentlichung geeignet sind. In jedem Fall ist Industrial &amp; Hobby Aircraft, S.L., der Ersteller der Website, nicht f\u00fcr die Meinungen verantwortlich, die von den Benutzern in Foren, Chats oder anderen Beteiligungsinstrumenten ge\u00e4u\u00dfert werden.<\/p>\n<p style=\"text-align: justify;\">4. <strong>DATENSCHUTZ:<\/strong>  Industrial &amp; Hobby Aircraft, S.L., der Ersteller der Website, h\u00e4lt die Richtlinien des Organgesetzes 15\/1999 vom 13. Dezember \u00fcber den Schutz personenbezogener Daten, des K\u00f6niglichen Dekrets 1720\/2007 vom 21. Dezember zur Genehmigung der Verordnung \u00fcber die Entwicklung des Organgesetzes und anderer geltender Vorschriften ein und gew\u00e4hrleistet die korrekte Verwendung und Behandlung der personenbezogenen Daten des Nutzers. Zu diesem Zweck wird der Benutzer zusammen mit jedem Formular f\u00fcr die Erfassung personenbezogener Daten in den Dienstleistungen, die der Benutzer von Industrial &amp; Hobby Aircraft, S.L., dem Ersteller der Website, anfordern kann, \u00fcber das Vorhandensein und die Akzeptanz der besonderen Bedingungen f\u00fcr die Verarbeitung seiner Daten in jedem Fall informiert, wobei er \u00fcber die Verantwortung f\u00fcr die erstellte Datei, die Adresse des Verantwortlichen, die M\u00f6glichkeit der Aus\u00fcbung seiner Rechte auf Zugang, Berichtigung, L\u00f6schung oder Widerspruch, den Zweck der Verarbeitung und die Weitergabe von Daten an Dritte, sofern zutreffend, informiert wird. Ebenso informiert Industrial &amp; Hobby Aircraft, S.L., Ersteller der Website, dass sie das Gesetz 34\/2002 vom 11. Juli \u00fcber die Dienste der Informationsgesellschaft und den elektronischen Handel einh\u00e4lt und Sie jederzeit um Ihre Zustimmung zur Verarbeitung Ihrer E-Mail zu kommerziellen Zwecken bitten wird.<\/p>\n<p style=\"text-align: justify;\"><strong>5. GEISTIGES UND GEWERBLICHES EIGENTUM:<\/strong>  Industrial &amp; Hobby Aircraft, S.L., Ersteller der Website, selbst oder als Bevollm\u00e4chtigter, ist Eigent\u00fcmer aller geistigen und gewerblichen Eigentumsrechte seiner Website sowie der darin enthaltenen Elemente (einschlie\u00dflich, aber nicht beschr\u00e4nkt auf Bilder, Ton, Audio, Video, Software oder Texte; Marken oder Logos, Farbkombinationen, Struktur und Design, Auswahl der verwendeten Materialien, Computerprogramme, die f\u00fcr den Betrieb, den Zugang und die Nutzung erforderlich sind, usw.), die Eigentum von Industrial &amp; Hobby Aircraft, S.L., Ersteller der Website, oder seiner Lizenzgeber sind.), Eigentum von Industrial &amp; Hobby Aircraft, S.L., dem Ersteller der Website, oder seinen Lizenzgebern. Alle Rechte vorbehalten. Gem\u00e4\u00df den Bestimmungen der Artikel 8 und 32.1, zweiter Absatz, des Gesetzes \u00fcber das geistige Eigentum sind die Vervielf\u00e4ltigung, die Verbreitung und die \u00f6ffentliche Wiedergabe, einschlie\u00dflich der Bereitstellung, des gesamten Inhalts dieser Website oder eines Teils davon zu kommerziellen Zwecken in jedem Medium und mit jedem technischen Mittel ohne die Genehmigung von Industrial &amp; Hobby Aircraft, S.L., dem Urheber der Website, ausdr\u00fccklich verboten. Der BENUTZER verpflichtet sich, die Rechte am geistigen und gewerblichen Eigentum von Industrial &amp; Hobby Aircraft, S.L., dem Ersteller der Website, zu respektieren. Sie d\u00fcrfen die Elemente des Portals ansehen und sogar ausdrucken, kopieren und auf der Festplatte Ihres Computers oder auf einem anderen physischen Medium speichern, sofern dies einzig und allein zu Ihrem pers\u00f6nlichen und privaten Gebrauch geschieht. Der BENUTZER muss es unterlassen, Schutzvorrichtungen oder Sicherheitssysteme, die auf den Seiten von Industrial &amp; Hobby Aircraft, S.L., dem Ersteller der Website, installiert wurden, zu l\u00f6schen, zu ver\u00e4ndern, zu umgehen oder zu manipulieren.<\/p>\n<p style=\"text-align: justify;\"><strong>6. HAFTUNGS- UND GEW\u00c4HRLEISTUNGSAUSSCHLUSS:<\/strong> Industrial &amp; Hobby Aircraft, S.L., Ersteller der Website. haftet unter keinen Umst\u00e4nden f\u00fcr Sch\u00e4den jeglicher Art, die durch Fehler oder Auslassungen in den Inhalten, mangelnde Verf\u00fcgbarkeit des Portals oder die \u00dcbertragung von Viren oder b\u00f6sartigen oder sch\u00e4dlichen Programmen in den Inhalten verursacht werden k\u00f6nnen, obwohl sie alle erforderlichen technischen Ma\u00dfnahmen ergriffen hat, um dies zu verhindern.<\/p>\n<p style=\"text-align: justify;\"><strong>7. VER\u00c4NDERUNGEN:<\/strong>  Industrial &amp; Hobby Aircraft, S.L., der Ersteller der Website, beh\u00e4lt sich das Recht vor, unangek\u00fcndigte \u00c4nderungen an seiner Website vorzunehmen, Inhalte und Dienstleistungen zu \u00e4ndern, zu l\u00f6schen oder hinzuzuf\u00fcgen, die durch die gleiche Art und Weise, in der sie pr\u00e4sentiert werden oder auf seiner Website.<\/p>\n<p style=\"text-align: justify;\"><strong>8. LINKS:<\/strong> F\u00fcr den Fall, dass der Domainname Links oder Hyperlinks zu anderen Internetseiten enth\u00e4lt, \u00fcbt Industrial &amp; Hobby Aircraft, S.L., der Ersteller der Website, keine Kontrolle \u00fcber diese Seiten und Inhalte aus. Industrial &amp; Hobby Aircraft, S.L., der Ersteller der Website, \u00fcbernimmt unter keinen Umst\u00e4nden die Verantwortung f\u00fcr den Inhalt eines Links, der zu einer Website eines Dritten geh\u00f6rt, und garantiert auch nicht die technische Verf\u00fcgbarkeit, Qualit\u00e4t, Zuverl\u00e4ssigkeit, Genauigkeit, Vollst\u00e4ndigkeit, Richtigkeit, G\u00fcltigkeit und Verfassungsm\u00e4\u00dfigkeit des Materials oder der Informationen, die in einem dieser Hyperlinks oder auf anderen Websites enthalten sind. Ebenso wenig bedeutet die Aufnahme dieser externen Verbindungen irgendeine Art von Assoziierung, Fusion oder Beteiligung mit den verbundenen Einrichtungen.<\/p>\n<p style=\"text-align: justify;\"><strong>9. DAS RECHT AUF AUSSCHLUSS:<\/strong>  Industrial &amp; Hobby Aircraft, S.L., der Ersteller der Website, beh\u00e4lt sich das Recht vor, den Zugang zum Portal und\/oder zu den angebotenen Diensten ohne vorherige Ank\u00fcndigung zu verweigern oder zu entziehen, und zwar auf eigenes Verlangen oder auf Verlangen eines Dritten, wenn der Benutzer die vorliegenden Allgemeinen Nutzungsbedingungen nicht einh\u00e4lt.<\/p>\n<p style=\"text-align: justify;\"><strong>ALLGEMEINES:<\/strong> Industrial &amp; Hobby Aircraft, S.L., der Betreiber der Website, wird den Versto\u00df gegen diese Bedingungen sowie jede missbr\u00e4uchliche Nutzung seines Portals mit allen zivil- und strafrechtlichen Ma\u00dfnahmen verfolgen, die ihm gesetzlich zustehen k\u00f6nnen.<\/p>\n<p style=\"text-align: justify;\"><strong>11.\u00c4NDERUNG DER VORLIEGENDEN BEDINGUNGEN UND DER DAUER:<\/strong> Industrial &amp; Hobby Aircraft, S.L., der Urheber der Website, kann die hier festgelegten Bedingungen jederzeit \u00e4ndern, da sie hier ordnungsgem\u00e4\u00df ver\u00f6ffentlicht werden. Die G\u00fcltigkeit dieser Bedingungen h\u00e4ngt von ihrer Exposition ab und bleibt in Kraft, bis sie durch andere, ordnungsgem\u00e4\u00df ver\u00f6ffentlichte Bedingungen ge\u00e4ndert werden.<\/p>\n<p style=\"text-align: justify;\"><strong>12. ANWENDBARES RECHT UND GERICHTSSTAND:<\/strong> Die Beziehung zwischen Industrial &amp; Hobby Aircraft, S.L., dem Ersteller der Website, und dem BENUTZER unterliegt der geltenden spanischen Gesetzgebung, und alle Streitigkeiten werden den Gerichten der Stadt Murcia vorgelegt.<\/p>\n<p><strong>13. VERSANDKOSTEN:<\/strong> F\u00fcr Sendungen auf die Halbinsel, Balearen, Andorra und Portugal von mehr als 100\u20ac ist kostenlos, f\u00fcr Bestellungen von weniger als 100\u20ac sind die Kosten 5,90\u20ac, f\u00fcr Sendungen auf die Kanarischen Inseln bitte konsultieren.<\/p>\n","protected":false},"excerpt":{"rendered":"<p>1) IDENTIFIZIERENDE DATEN: In \u00dcbereinstimmung mit der Informationspflicht gem\u00e4\u00df Artikel 10 des Gesetzes 34\/2002 vom 11. Juli \u00fcber die Dienste der Informationsgesellschaft und mit dem Handelsregister von Murcia, Blatt MU-89921,<\/p>\n","protected":false},"author":1,"featured_media":0,"parent":0,"menu_order":0,"comment_status":"closed","ping_status":"closed","template":"","meta":{"_joinchat":[],"footnotes":""},"class_list":["post-207253","page","type-page","status-publish","hentry"],"yoast_head":"<!-- This site is optimized with the Yoast SEO plugin v27.3 - https:\/\/yoast.com\/product\/yoast-seo-wordpress\/ -->\n<title>Rechtliche Hinweise und Datenschutzbestimmungen - Iha Race<\/title>\n<meta name=\"robots\" content=\"noindex, follow\" \/>\n<meta property=\"og:locale\" content=\"de_DE\" \/>\n<meta property=\"og:type\" content=\"article\" \/>\n<meta property=\"og:title\" content=\"Rechtliche Hinweise und Datenschutzbestimmungen - Iha Race\" \/>\n<meta property=\"og:description\" content=\"1) IDENTIFIZIERENDE DATEN: In \u00dcbereinstimmung mit der Informationspflicht gem\u00e4\u00df Artikel 10 des Gesetzes 34\/2002 vom 11. Juli \u00fcber die Dienste der Informationsgesellschaft und mit dem Handelsregister von Murcia, Blatt MU-89921,\" \/>\n<meta property=\"og:url\" content=\"https:\/\/iha-race.com\/de\/rechtliche-hinweise-und-datenschutzbestimmungen\/\" \/>\n<meta property=\"og:site_name\" content=\"Iha Race\" \/>\n<meta name=\"twitter:card\" content=\"summary_large_image\" \/>\n<meta name=\"twitter:label1\" content=\"Gesch\u00e4tzte Lesezeit\" \/>\n\t<meta name=\"twitter:data1\" content=\"7\u00a0Minuten\" \/>\n<script type=\"application\/ld+json\" class=\"yoast-schema-graph\">{\"@context\":\"https:\\\/\\\/schema.org\",\"@graph\":[{\"@type\":\"WebPage\",\"@id\":\"https:\\\/\\\/iha-race.com\\\/de\\\/rechtliche-hinweise-und-datenschutzbestimmungen\\\/\",\"url\":\"https:\\\/\\\/iha-race.com\\\/de\\\/rechtliche-hinweise-und-datenschutzbestimmungen\\\/\",\"name\":\"Rechtliche Hinweise und Datenschutzbestimmungen - Iha Race\",\"isPartOf\":{\"@id\":\"https:\\\/\\\/iha-race.com\\\/de\\\/#website\"},\"datePublished\":\"2018-07-16T08:20:48+00:00\",\"breadcrumb\":{\"@id\":\"https:\\\/\\\/iha-race.com\\\/de\\\/rechtliche-hinweise-und-datenschutzbestimmungen\\\/#breadcrumb\"},\"inLanguage\":\"de\",\"potentialAction\":[{\"@type\":\"ReadAction\",\"target\":[\"https:\\\/\\\/iha-race.com\\\/de\\\/rechtliche-hinweise-und-datenschutzbestimmungen\\\/\"]}]},{\"@type\":\"BreadcrumbList\",\"@id\":\"https:\\\/\\\/iha-race.com\\\/de\\\/rechtliche-hinweise-und-datenschutzbestimmungen\\\/#breadcrumb\",\"itemListElement\":[{\"@type\":\"ListItem\",\"position\":1,\"name\":\"Portada\",\"item\":\"https:\\\/\\\/iha-race.com\\\/de\\\/elementor-499\\\/\"},{\"@type\":\"ListItem\",\"position\":2,\"name\":\"Rechtliche Hinweise und Datenschutzbestimmungen\"}]},{\"@type\":\"WebSite\",\"@id\":\"https:\\\/\\\/iha-race.com\\\/de\\\/#website\",\"url\":\"https:\\\/\\\/iha-race.com\\\/de\\\/\",\"name\":\"Iha Race\",\"description\":\"Comprar drones de carreras FPV env\u00edos en un d\u00eda desde Espa\u00f1a\",\"publisher\":{\"@id\":\"https:\\\/\\\/iha-race.com\\\/de\\\/#organization\"},\"potentialAction\":[{\"@type\":\"SearchAction\",\"target\":{\"@type\":\"EntryPoint\",\"urlTemplate\":\"https:\\\/\\\/iha-race.com\\\/de\\\/?s={search_term_string}\"},\"query-input\":{\"@type\":\"PropertyValueSpecification\",\"valueRequired\":true,\"valueName\":\"search_term_string\"}}],\"inLanguage\":\"de\"},{\"@type\":\"Organization\",\"@id\":\"https:\\\/\\\/iha-race.com\\\/de\\\/#organization\",\"name\":\"Iha Race\",\"url\":\"https:\\\/\\\/iha-race.com\\\/de\\\/\",\"logo\":{\"@type\":\"ImageObject\",\"inLanguage\":\"de\",\"@id\":\"https:\\\/\\\/iha-race.com\\\/de\\\/#\\\/schema\\\/logo\\\/image\\\/\",\"url\":\"https:\\\/\\\/iha-race.com\\\/wp-content\\\/uploads\\\/2018\\\/07\\\/iha-race-drones-de-carreras-tienda-comprar-drones.png\",\"contentUrl\":\"https:\\\/\\\/iha-race.com\\\/wp-content\\\/uploads\\\/2018\\\/07\\\/iha-race-drones-de-carreras-tienda-comprar-drones.png\",\"width\":300,\"height\":100,\"caption\":\"Iha Race\"},\"image\":{\"@id\":\"https:\\\/\\\/iha-race.com\\\/de\\\/#\\\/schema\\\/logo\\\/image\\\/\"}}]}<\/script>\n<!-- \/ Yoast SEO plugin. -->","yoast_head_json":{"title":"Rechtliche Hinweise und Datenschutzbestimmungen - Iha Race","robots":{"index":"noindex","follow":"follow"},"og_locale":"de_DE","og_type":"article","og_title":"Rechtliche Hinweise und Datenschutzbestimmungen - Iha Race","og_description":"1) IDENTIFIZIERENDE DATEN: In \u00dcbereinstimmung mit der Informationspflicht gem\u00e4\u00df Artikel 10 des Gesetzes 34\/2002 vom 11. Juli \u00fcber die Dienste der Informationsgesellschaft und mit dem Handelsregister von Murcia, Blatt MU-89921,","og_url":"https:\/\/iha-race.com\/de\/rechtliche-hinweise-und-datenschutzbestimmungen\/","og_site_name":"Iha Race","twitter_card":"summary_large_image","twitter_misc":{"Gesch\u00e4tzte Lesezeit":"7\u00a0Minuten"},"schema":{"@context":"https:\/\/schema.org","@graph":[{"@type":"WebPage","@id":"https:\/\/iha-race.com\/de\/rechtliche-hinweise-und-datenschutzbestimmungen\/","url":"https:\/\/iha-race.com\/de\/rechtliche-hinweise-und-datenschutzbestimmungen\/","name":"Rechtliche Hinweise und Datenschutzbestimmungen - Iha Race","isPartOf":{"@id":"https:\/\/iha-race.com\/de\/#website"},"datePublished":"2018-07-16T08:20:48+00:00","breadcrumb":{"@id":"https:\/\/iha-race.com\/de\/rechtliche-hinweise-und-datenschutzbestimmungen\/#breadcrumb"},"inLanguage":"de","potentialAction":[{"@type":"ReadAction","target":["https:\/\/iha-race.com\/de\/rechtliche-hinweise-und-datenschutzbestimmungen\/"]}]},{"@type":"BreadcrumbList","@id":"https:\/\/iha-race.com\/de\/rechtliche-hinweise-und-datenschutzbestimmungen\/#breadcrumb","itemListElement":[{"@type":"ListItem","position":1,"name":"Portada","item":"https:\/\/iha-race.com\/de\/elementor-499\/"},{"@type":"ListItem","position":2,"name":"Rechtliche Hinweise und Datenschutzbestimmungen"}]},{"@type":"WebSite","@id":"https:\/\/iha-race.com\/de\/#website","url":"https:\/\/iha-race.com\/de\/","name":"Iha Race","description":"Comprar drones de carreras FPV env\u00edos en un d\u00eda desde Espa\u00f1a","publisher":{"@id":"https:\/\/iha-race.com\/de\/#organization"},"potentialAction":[{"@type":"SearchAction","target":{"@type":"EntryPoint","urlTemplate":"https:\/\/iha-race.com\/de\/?s={search_term_string}"},"query-input":{"@type":"PropertyValueSpecification","valueRequired":true,"valueName":"search_term_string"}}],"inLanguage":"de"},{"@type":"Organization","@id":"https:\/\/iha-race.com\/de\/#organization","name":"Iha Race","url":"https:\/\/iha-race.com\/de\/","logo":{"@type":"ImageObject","inLanguage":"de","@id":"https:\/\/iha-race.com\/de\/#\/schema\/logo\/image\/","url":"https:\/\/iha-race.com\/wp-content\/uploads\/2018\/07\/iha-race-drones-de-carreras-tienda-comprar-drones.png","contentUrl":"https:\/\/iha-race.com\/wp-content\/uploads\/2018\/07\/iha-race-drones-de-carreras-tienda-comprar-drones.png","width":300,"height":100,"caption":"Iha Race"},"image":{"@id":"https:\/\/iha-race.com\/de\/#\/schema\/logo\/image\/"}}]}},"jetpack_sharing_enabled":true,"_links":{"self":[{"href":"https:\/\/iha-race.com\/de\/wp-json\/wp\/v2\/pages\/207253","targetHints":{"allow":["GET"]}}],"collection":[{"href":"https:\/\/iha-race.com\/de\/wp-json\/wp\/v2\/pages"}],"about":[{"href":"https:\/\/iha-race.com\/de\/wp-json\/wp\/v2\/types\/page"}],"author":[{"embeddable":true,"href":"https:\/\/iha-race.com\/de\/wp-json\/wp\/v2\/users\/1"}],"replies":[{"embeddable":true,"href":"https:\/\/iha-race.com\/de\/wp-json\/wp\/v2\/comments?post=207253"}],"version-history":[{"count":0,"href":"https:\/\/iha-race.com\/de\/wp-json\/wp\/v2\/pages\/207253\/revisions"}],"wp:attachment":[{"href":"https:\/\/iha-race.com\/de\/wp-json\/wp\/v2\/media?parent=207253"}],"curies":[{"name":"wp","href":"https:\/\/api.w.org\/{rel}","templated":true}]}}