{"id":207242,"date":"2018-08-23T09:53:56","date_gmt":"2018-08-23T07:53:56","guid":{"rendered":"https:\/\/iha-race.com\/iha-race-punktesystem\/"},"modified":"2022-10-06T12:19:18","modified_gmt":"2022-10-06T10:19:18","slug":"iha-race-punktesystem","status":"publish","type":"page","link":"https:\/\/iha-race.com\/de\/iha-race-punktesystem\/","title":{"rendered":"Iha Race Punktesystem"},"content":{"rendered":"\n<p>Ab unserer neuen Version des Online-Shops am 25. Juli 2018 erhalten registrierte Kunden f\u00fcr solche Eink\u00e4ufe Rabattpunkte. <strong>Jeder gekaufte Euro wird in 1 Punkt umgerechnet<\/strong>.<\/p>\n\n<p>Sie k\u00f6nnen die Punkte in Ihrem Profil oder in Ihrem Einkaufswagen \u00fcberpr\u00fcfen, wenn Sie ab diesem Datum gekauft haben. Wenn Sie nicht <a href=\"https:\/\/iha-race.com\/mi-cuenta\/\">registriert<\/a> sind, k\u00f6nnen Sie die Punkte nicht erhalten.<\/p>\n\n<p>Neben dem Kauf von Produkten k\u00f6nnen Sie auch auf diese Weise Punkte sammeln:<\/p>\n\n<ul class=\"wp-block-list\"><li>F\u00fcr das Hinterlassen einer <strong>Bewertung zu einem Produkt<\/strong> erhalten Sie<strong> <em>50 Punkte<\/em><\/strong> wenn Sie Fotos von Ihrer Bestellung beim \u00d6ffnen oder ein Video anh\u00e4ngen, erhalten Sie mehr Punkte. Wir k\u00f6nnen die Google-Bewertungen nicht z\u00e4hlen, aber wir sch\u00e4tzen sie \ud83d\ude42<\/li><li>Wenn Sie <strong>sich auf der Website registrieren<\/strong>, erhalten Sie <strong>\n  <em>50 Punkte<\/em>\n<\/strong> einl\u00f6sbar bei Ihrer <strong>ersten Bestellung<\/strong>.<\/li><li>F\u00fcr <strong>jede 400 \u20ac, die Sie ausgeben*<\/strong>, erhalten Sie<strong>\n  <em> 100 Punkte<\/em>\n<\/strong>.<\/li><li>F\u00fcr die <strong>Erf\u00fcllung von 10 Auftr\u00e4gen<\/strong> wird ein Zuschlag von <strong>\n  <em>100 Punkte.<\/em>\n<\/strong><\/li><\/ul>\n\n<p>Es kann bis zu 24 Stunden dauern, bis die Punkte f\u00fcr Bewertungen auf Ihrem Konto erscheinen.<\/p>\n\n<p>*Bewertungen f\u00fcr h\u00f6here K\u00e4ufe k\u00f6nnen in Zukunft aufgrund von Werbeaktionen variieren.<\/p>\n\n<p>Wenn Sie Fragen haben, wenden Sie sich bitte an den <a href=\"https:\/\/iha-race.com\/de\/service-und-kundenkontakt\/\">Support<\/a>.<\/p>\n","protected":false},"excerpt":{"rendered":"<p>Ab unserer neuen Version des Online-Shops am 25. Juli 2018 erhalten registrierte Kunden f\u00fcr solche Eink\u00e4ufe Rabattpunkte. Jeder gekaufte Euro wird in 1 Punkt umgerechnet. Sie k\u00f6nnen die Punkte in<\/p>\n","protected":false},"author":1,"featured_media":0,"parent":0,"menu_order":0,"comment_status":"closed","ping_status":"closed","template":"","meta":{"_joinchat":[],"footnotes":""},"class_list":["post-207242","page","type-page","status-publish","hentry"],"yoast_head":"<!-- This site is optimized with the Yoast SEO plugin v27.3 - https:\/\/yoast.com\/product\/yoast-seo-wordpress\/ -->\n<title>Iha Race Punktesystem<\/title>\n<meta name=\"description\" content=\"Um Zugang zu unserem Punktesystem zu erhalten, m\u00fcssen Sie auf der Website registriert sein. Von dort aus k\u00f6nnen Sie Punkte sammeln und bei Ihren n\u00e4chsten Eink\u00e4ufen sparen.\" \/>\n<meta name=\"robots\" content=\"noindex, follow\" \/>\n<meta property=\"og:locale\" content=\"de_DE\" \/>\n<meta property=\"og:type\" content=\"article\" \/>\n<meta property=\"og:title\" content=\"Iha Race Punktesystem\" \/>\n<meta property=\"og:description\" content=\"Um Zugang zu unserem Punktesystem zu erhalten, m\u00fcssen Sie auf der Website registriert sein. Von dort aus k\u00f6nnen Sie Punkte sammeln und bei Ihren n\u00e4chsten Eink\u00e4ufen sparen.\" \/>\n<meta property=\"og:url\" content=\"https:\/\/iha-race.com\/de\/iha-race-punktesystem\/\" \/>\n<meta property=\"og:site_name\" content=\"Iha Race\" \/>\n<meta property=\"article:modified_time\" content=\"2022-10-06T10:19:18+00:00\" \/>\n<meta name=\"twitter:card\" content=\"summary_large_image\" \/>\n<meta name=\"twitter:label1\" content=\"Gesch\u00e4tzte Lesezeit\" \/>\n\t<meta name=\"twitter:data1\" content=\"1\u00a0Minute\" \/>\n<script type=\"application\/ld+json\" class=\"yoast-schema-graph\">{\"@context\":\"https:\\\/\\\/schema.org\",\"@graph\":[{\"@type\":\"WebPage\",\"@id\":\"https:\\\/\\\/iha-race.com\\\/de\\\/iha-race-punktesystem\\\/\",\"url\":\"https:\\\/\\\/iha-race.com\\\/de\\\/iha-race-punktesystem\\\/\",\"name\":\"Iha Race Punktesystem\",\"isPartOf\":{\"@id\":\"https:\\\/\\\/iha-race.com\\\/de\\\/#website\"},\"datePublished\":\"2018-08-23T07:53:56+00:00\",\"dateModified\":\"2022-10-06T10:19:18+00:00\",\"description\":\"Um Zugang zu unserem Punktesystem zu erhalten, m\u00fcssen Sie auf der Website registriert sein. Von dort aus k\u00f6nnen Sie Punkte sammeln und bei Ihren n\u00e4chsten Eink\u00e4ufen sparen.\",\"breadcrumb\":{\"@id\":\"https:\\\/\\\/iha-race.com\\\/de\\\/iha-race-punktesystem\\\/#breadcrumb\"},\"inLanguage\":\"de\",\"potentialAction\":[{\"@type\":\"ReadAction\",\"target\":[\"https:\\\/\\\/iha-race.com\\\/de\\\/iha-race-punktesystem\\\/\"]}]},{\"@type\":\"BreadcrumbList\",\"@id\":\"https:\\\/\\\/iha-race.com\\\/de\\\/iha-race-punktesystem\\\/#breadcrumb\",\"itemListElement\":[{\"@type\":\"ListItem\",\"position\":1,\"name\":\"Portada\",\"item\":\"https:\\\/\\\/iha-race.com\\\/de\\\/elementor-499\\\/\"},{\"@type\":\"ListItem\",\"position\":2,\"name\":\"Iha Race Punktesystem\"}]},{\"@type\":\"WebSite\",\"@id\":\"https:\\\/\\\/iha-race.com\\\/de\\\/#website\",\"url\":\"https:\\\/\\\/iha-race.com\\\/de\\\/\",\"name\":\"Iha Race\",\"description\":\"Comprar drones de carreras FPV env\u00edos en un d\u00eda desde Espa\u00f1a\",\"publisher\":{\"@id\":\"https:\\\/\\\/iha-race.com\\\/de\\\/#organization\"},\"potentialAction\":[{\"@type\":\"SearchAction\",\"target\":{\"@type\":\"EntryPoint\",\"urlTemplate\":\"https:\\\/\\\/iha-race.com\\\/de\\\/?s={search_term_string}\"},\"query-input\":{\"@type\":\"PropertyValueSpecification\",\"valueRequired\":true,\"valueName\":\"search_term_string\"}}],\"inLanguage\":\"de\"},{\"@type\":\"Organization\",\"@id\":\"https:\\\/\\\/iha-race.com\\\/de\\\/#organization\",\"name\":\"Iha Race\",\"url\":\"https:\\\/\\\/iha-race.com\\\/de\\\/\",\"logo\":{\"@type\":\"ImageObject\",\"inLanguage\":\"de\",\"@id\":\"https:\\\/\\\/iha-race.com\\\/de\\\/#\\\/schema\\\/logo\\\/image\\\/\",\"url\":\"https:\\\/\\\/iha-race.com\\\/wp-content\\\/uploads\\\/2018\\\/07\\\/iha-race-drones-de-carreras-tienda-comprar-drones.png\",\"contentUrl\":\"https:\\\/\\\/iha-race.com\\\/wp-content\\\/uploads\\\/2018\\\/07\\\/iha-race-drones-de-carreras-tienda-comprar-drones.png\",\"width\":300,\"height\":100,\"caption\":\"Iha Race\"},\"image\":{\"@id\":\"https:\\\/\\\/iha-race.com\\\/de\\\/#\\\/schema\\\/logo\\\/image\\\/\"}}]}<\/script>\n<!-- \/ Yoast SEO plugin. -->","yoast_head_json":{"title":"Iha Race Punktesystem","description":"Um Zugang zu unserem Punktesystem zu erhalten, m\u00fcssen Sie auf der Website registriert sein. Von dort aus k\u00f6nnen Sie Punkte sammeln und bei Ihren n\u00e4chsten Eink\u00e4ufen sparen.","robots":{"index":"noindex","follow":"follow"},"og_locale":"de_DE","og_type":"article","og_title":"Iha Race Punktesystem","og_description":"Um Zugang zu unserem Punktesystem zu erhalten, m\u00fcssen Sie auf der Website registriert sein. Von dort aus k\u00f6nnen Sie Punkte sammeln und bei Ihren n\u00e4chsten Eink\u00e4ufen sparen.","og_url":"https:\/\/iha-race.com\/de\/iha-race-punktesystem\/","og_site_name":"Iha Race","article_modified_time":"2022-10-06T10:19:18+00:00","twitter_card":"summary_large_image","twitter_misc":{"Gesch\u00e4tzte Lesezeit":"1\u00a0Minute"},"schema":{"@context":"https:\/\/schema.org","@graph":[{"@type":"WebPage","@id":"https:\/\/iha-race.com\/de\/iha-race-punktesystem\/","url":"https:\/\/iha-race.com\/de\/iha-race-punktesystem\/","name":"Iha Race Punktesystem","isPartOf":{"@id":"https:\/\/iha-race.com\/de\/#website"},"datePublished":"2018-08-23T07:53:56+00:00","dateModified":"2022-10-06T10:19:18+00:00","description":"Um Zugang zu unserem Punktesystem zu erhalten, m\u00fcssen Sie auf der Website registriert sein. Von dort aus k\u00f6nnen Sie Punkte sammeln und bei Ihren n\u00e4chsten Eink\u00e4ufen sparen.","breadcrumb":{"@id":"https:\/\/iha-race.com\/de\/iha-race-punktesystem\/#breadcrumb"},"inLanguage":"de","potentialAction":[{"@type":"ReadAction","target":["https:\/\/iha-race.com\/de\/iha-race-punktesystem\/"]}]},{"@type":"BreadcrumbList","@id":"https:\/\/iha-race.com\/de\/iha-race-punktesystem\/#breadcrumb","itemListElement":[{"@type":"ListItem","position":1,"name":"Portada","item":"https:\/\/iha-race.com\/de\/elementor-499\/"},{"@type":"ListItem","position":2,"name":"Iha Race Punktesystem"}]},{"@type":"WebSite","@id":"https:\/\/iha-race.com\/de\/#website","url":"https:\/\/iha-race.com\/de\/","name":"Iha Race","description":"Comprar drones de carreras FPV env\u00edos en un d\u00eda desde Espa\u00f1a","publisher":{"@id":"https:\/\/iha-race.com\/de\/#organization"},"potentialAction":[{"@type":"SearchAction","target":{"@type":"EntryPoint","urlTemplate":"https:\/\/iha-race.com\/de\/?s={search_term_string}"},"query-input":{"@type":"PropertyValueSpecification","valueRequired":true,"valueName":"search_term_string"}}],"inLanguage":"de"},{"@type":"Organization","@id":"https:\/\/iha-race.com\/de\/#organization","name":"Iha Race","url":"https:\/\/iha-race.com\/de\/","logo":{"@type":"ImageObject","inLanguage":"de","@id":"https:\/\/iha-race.com\/de\/#\/schema\/logo\/image\/","url":"https:\/\/iha-race.com\/wp-content\/uploads\/2018\/07\/iha-race-drones-de-carreras-tienda-comprar-drones.png","contentUrl":"https:\/\/iha-race.com\/wp-content\/uploads\/2018\/07\/iha-race-drones-de-carreras-tienda-comprar-drones.png","width":300,"height":100,"caption":"Iha Race"},"image":{"@id":"https:\/\/iha-race.com\/de\/#\/schema\/logo\/image\/"}}]}},"jetpack_sharing_enabled":true,"_links":{"self":[{"href":"https:\/\/iha-race.com\/de\/wp-json\/wp\/v2\/pages\/207242","targetHints":{"allow":["GET"]}}],"collection":[{"href":"https:\/\/iha-race.com\/de\/wp-json\/wp\/v2\/pages"}],"about":[{"href":"https:\/\/iha-race.com\/de\/wp-json\/wp\/v2\/types\/page"}],"author":[{"embeddable":true,"href":"https:\/\/iha-race.com\/de\/wp-json\/wp\/v2\/users\/1"}],"replies":[{"embeddable":true,"href":"https:\/\/iha-race.com\/de\/wp-json\/wp\/v2\/comments?post=207242"}],"version-history":[{"count":1,"href":"https:\/\/iha-race.com\/de\/wp-json\/wp\/v2\/pages\/207242\/revisions"}],"predecessor-version":[{"id":207255,"href":"https:\/\/iha-race.com\/de\/wp-json\/wp\/v2\/pages\/207242\/revisions\/207255"}],"wp:attachment":[{"href":"https:\/\/iha-race.com\/de\/wp-json\/wp\/v2\/media?parent=207242"}],"curies":[{"name":"wp","href":"https:\/\/api.w.org\/{rel}","templated":true}]}}